{"id":1739,"date":"2020-02-24T10:35:58","date_gmt":"2020-02-24T15:35:58","guid":{"rendered":"http:\/\/cms.genusplc.com\/absglobal\/?page_id=1739"},"modified":"2020-04-05T21:54:30","modified_gmt":"2020-04-06T02:54:30","slug":"planejamento-genetico","status":"publish","type":"page","link":"https:\/\/www-dev.absglobal.com\/br\/planejamento-genetico\/","title":{"rendered":"Planejamento Gen\u00e9tico"},"content":{"rendered":"\n<p>Simples e f\u00e1cil n\u00e3o s\u00e3o a mesma coisa. Desenvolver uma estrat\u00e9gia gen\u00e9tica pode parecer simples, mas na realidade, isso geralmente n\u00e3o \u00e9 feito, o que provavelmente significa que n\u00e3o \u00e9 t\u00e3o f\u00e1cil.<\/p>\n\n\n\n<p>Frequentemente, vemos os agricultores impulsionando o futuro de suas opera\u00e7\u00f5es com base nos \u00edndices da ind\u00fastria ou at\u00e9 mesmo seguindo a estrat\u00e9gia de seus vizinhos como principal ponto de refer\u00eancia. No entanto, ao fazer isso, eles podem n\u00e3o levar em considera\u00e7\u00e3o caracter\u00edsticas espec\u00edficas de seus neg\u00f3cios, aquelas que t\u00eam um impacto significativo no sucesso.<\/p>\n\n\n\n<p>Seu plano gen\u00e9tico gira em torno do tipo de vaca que voc\u00ea vai criar e como cada vaca deve se comportar. Ele deve se alinhar a todos os apscetos espec\u00edficos da sua opera\u00e7\u00e3o, como: seu plano de neg\u00f3cios, como voc\u00ea \u00e9 pago pelo leite, ambiente, instala\u00e7\u00f5es, estilo de gerenciamento e muitas outras vari\u00e1veis.<\/p>\n\n\n\n<p>Compreendendo essas nuances, a ABS desenvolveu solu\u00e7\u00f5es diferentes em torno do planejamento estrat\u00e9gico para ajudar os agricultores a encontrar um futuro melhor para suas opera\u00e7\u00f5es.<\/p>\n\n\n\n<div style=\"height:50px\" aria-hidden=\"true\" class=\"wp-block-spacer\"><\/div>\n\n\n\n<h2 class=\"is-style-underline wp-block-heading\">Solu\u00e7\u00f5es ABS para planejamento gen\u00e9tico<\/h2>\n\n\n\t\t<section id=\"\" class=\"alignwide section-wrapper section-wrapper-small-fluid block-product-slider\" data-magellan-target=\"\">\n\t\t\t<div class=\"carousel-card-section owl-carousel owl-theme\">\n\t\t\t\t\t\t\t\t\t\t<div class=\"card\">\n\t\t\t\t\t\t\t\t\t\t\t\t\t\t\t<img decoding=\"async\" class=\"card-img\" src=\"https:\/\/www-dev.absglobal.com\/br\/wp-content\/uploads\/sites\/16\/2020\/02\/product-gms.jpg?w=1000&#038;resize=375,250\" alt=\"Image of medical devices\">\n\t\t\t\t\t\t\t\t\t\t\t\t\t\t<div class=\"card-section\">\n\t\t\t\t\t\t\t\t<h3 class=\"card-title\">GMS 2.0<\/h3>\n\t\t\t\t\t\t\t\t\t\t\t\t\t\t\t\t\t\t\t\t\t\t\t\t\t<p class=\"card-description\">A gen\u00e9tica est\u00e1 aperfei\u00e7oando.Seu programa de acasalamento deve fazer o mesmo. Desde 1968, o Genetic Management System\u00ae&nbsp;(GMS\u00ae) tem providenciado um abrangente sistema que otimiza o progresso gen\u00e9tico e simplifica o processo de cria\u00e7\u00e3o de animais. Desde o primeiro acasalamento pr\u00f3ximo a 50 anos atr\u00e1s, GMS processou mais de 80 milh\u00f5es de recomenda\u00e7\u00f5es de acasalamento, mais [&hellip;]<\/p>\n\t\t\t\t\t\t\t\t\n\t\t\t\t\t\t\t\t<a href=\"https:\/\/www-dev.absglobal.com\/br\/solucoes\/gms\/\" class=\"card-section-button button\">Saber Mais<\/a>\n\t\t\t\t\t\t\t<\/div>\n\t\t\t\t\t\t<\/div>\n\t\t\t\t\t\t\t\t\t\t\t\t<div class=\"card\">\n\t\t\t\t\t\t\t\t\t\t\t\t\t\t\t<img decoding=\"async\" class=\"card-img\" src=\"https:\/\/www-dev.absglobal.com\/br\/wp-content\/uploads\/sites\/16\/2020\/04\/product-gplan.jpg?w=1000&#038;resize=375,250\" alt=\"Image of medical devices\">\n\t\t\t\t\t\t\t\t\t\t\t\t\t\t<div class=\"card-section\">\n\t\t\t\t\t\t\t\t<h3 class=\"card-title\">GPlan<\/h3>\n\t\t\t\t\t\t\t\t\t\t\t\t\t\t\t\t\t\t\t\t\t\t\t\t\t<p class=\"card-description\">A ABS lan\u00e7a o GPlan, programa de indica\u00e7\u00e3o de touros Girolando que prioriza a produ\u00e7\u00e3o leiteira em sistemas tropicais. O GPlan \u00e9 o seu novo parceiro na tomada de decis\u00f5es importantes que influenciar\u00e3o os resultados das pr\u00f3ximas gera\u00e7\u00f5es. O programa visa otimizar o uso da gen\u00e9tica atrav\u00e9s de avalia\u00e7\u00f5es de produ\u00e7\u00e3o, conforma\u00e7\u00e3o e manejo, com [&hellip;]<\/p>\n\t\t\t\t\t\t\t\t\n\t\t\t\t\t\t\t\t<a href=\"https:\/\/www-dev.absglobal.com\/br\/solucoes\/gplan\/\" class=\"card-section-button button\">Saber Mais<\/a>\n\t\t\t\t\t\t\t<\/div>\n\t\t\t\t\t\t<\/div>\n\t\t\t\t\t\t\t\t\t\t\t\t<div class=\"card\">\n\t\t\t\t\t\t\t\t\t\t\t\t\t\t\t<img decoding=\"async\" class=\"card-img\" src=\"https:\/\/www-dev.absglobal.com\/br\/wp-content\/uploads\/sites\/16\/2020\/02\/beef-infocus-product-page2.jpg?w=1000&#038;resize=375,250\" alt=\"Image of medical devices\">\n\t\t\t\t\t\t\t\t\t\t\t\t\t\t<div class=\"card-section\">\n\t\t\t\t\t\t\t\t<h3 class=\"card-title\">Beef InFocus\u2122<\/h3>\n\t\t\t\t\t\t\t\t\t\t\t\t\t\t\t\t\t\t\t\t\t\t\t\t\t<p class=\"card-description\">Beef InFocus\u2122 desenvolvido por NuEra Genetics\u2122 oferece ao produtor de leite gen\u00e9tica de corte provada e confi\u00e1vel para maximizar qualidade e efici\u00eancia \u00e0 cadeia da carne. MAIS RENTABILIDADE ATRAV\u00c9S DO CORTE NO LEITE Gen\u00e9tica de corte sob medida para rebanhos de leite Os touros Beef InFocus s\u00e3o criados especificamente para vacas de leite, para maximizar [&hellip;]<\/p>\n\t\t\t\t\t\t\t\t\n\t\t\t\t\t\t\t\t<a href=\"https:\/\/www-dev.absglobal.com\/br\/solucoes\/beef-infocus\/\" class=\"card-section-button button\">Saber Mais<\/a>\n\t\t\t\t\t\t\t<\/div>\n\t\t\t\t\t\t<\/div>\n\t\t\t\t\t\t\t\t\t<\/div>\n\t\t<\/section>\n\t\t\n\n\n\t<section id=\"repFinder\" class=\"alignfull rep-finder\" data-magellan-target=\"repFinder\">\n\t\t<div class=\"section-wrapper\">\n\t\t\t\t\t\t\t<h2 class=\"section-title\">Encontre seu Representante ABS<\/h2>\n\t\t\t\n\t\t\t<div class=\"grid-x grid-margin-x align-justify rep-finder-inner\">\n\t\t\t\t<div class=\"cell medium-large-6\">\n\t\t\t\t\t<button class=\"button rep-finder-cta\" id=\"selectRep\" data-open=\"repFinderModal\">Encontre Seu Representante<\/button>\n\t\t\t\t\t<div class=\"rep-finder-selected-rep\" id=\"selectedRep\"><\/div>\n\t\t\t\t<\/div>\n\n\t\t\t\t\t\t\t\t\t<div class=\"cell medium-large-6\">\n\t\t\t\t\t\t<h4>D\u00favidas gerais<\/h4>\n\t\t\t\t\t\t<hr class=\"rep-finder-divider\">\n\t\t\t\t\t\t\t\t\t\t\t\t\t<ul class=\"rep-finder-details\">\n\t\t\t\t\t\t\t\t\t\t\t\t\t\t\t\t\t<li><a href=\"tel:(34) 3319-5400\"><h5><img decoding=\"async\" src=\"https:\/\/www-dev.absglobal.com\/br\/wp-content\/themes\/abs\/dist\/assets\/img\/icons\/phone-icon.svg\" alt=\"Phone icon\"> (34) 3319-5400<\/h5><\/a><\/li>\n\t\t\t\t\t\t\t\t\t\t\t\t\t\t\t\t<\/ul>\n\t\t\t\t\t\t\t\t\t\t\t<\/div>\n\t\t\t\t\t\t\t<\/div>\n\t\t<\/div>\n\t<\/section>\n\t","protected":false},"excerpt":{"rendered":"<p>Simples e f\u00e1cil n\u00e3o s\u00e3o a mesma coisa. Desenvolver uma estrat\u00e9gia gen\u00e9tica pode parecer simples, mas na realidade, isso geralmente n\u00e3o \u00e9 feito, o que provavelmente significa que n\u00e3o \u00e9 t\u00e3o f\u00e1cil. Frequentemente, vemos os agricultores impulsionando o futuro de suas opera\u00e7\u00f5es com base nos \u00edndices da ind\u00fastria ou at\u00e9 mesmo seguindo a estrat\u00e9gia de [&hellip;]<\/p>\n","protected":false},"author":289,"featured_media":0,"parent":0,"menu_order":0,"comment_status":"closed","ping_status":"closed","template":"","meta":{"_acf_changed":false,"content-type":"","footnotes":""},"class_list":["post-1739","page","type-page","status-publish","hentry"],"acf":[],"yoast_head":"<!-- This site is optimized with the Yoast SEO Premium plugin v22.1 (Yoast SEO v25.3) - https:\/\/yoast.com\/wordpress\/plugins\/seo\/ -->\n<title>Planejamento Gen\u00e9tico - ABS Global Brasil<\/title>\n<meta name=\"robots\" content=\"index, follow, max-snippet:-1, max-image-preview:large, max-video-preview:-1\" \/>\n<link rel=\"canonical\" href=\"https:\/\/www-dev.absglobal.com\/br\/planejamento-genetico\/\" \/>\n<meta property=\"og:locale\" content=\"pt_BR\" \/>\n<meta property=\"og:type\" content=\"article\" \/>\n<meta property=\"og:title\" content=\"Planejamento Gen\u00e9tico\" \/>\n<meta property=\"og:description\" content=\"Simples e f\u00e1cil n\u00e3o s\u00e3o a mesma coisa. Desenvolver uma estrat\u00e9gia gen\u00e9tica pode parecer simples, mas na realidade, isso geralmente n\u00e3o \u00e9 feito, o que provavelmente significa que n\u00e3o \u00e9 t\u00e3o f\u00e1cil. Frequentemente, vemos os agricultores impulsionando o futuro de suas opera\u00e7\u00f5es com base nos \u00edndices da ind\u00fastria ou at\u00e9 mesmo seguindo a estrat\u00e9gia de [&hellip;]\" \/>\n<meta property=\"og:url\" content=\"https:\/\/www-dev.absglobal.com\/br\/planejamento-genetico\/\" \/>\n<meta property=\"og:site_name\" content=\"ABS Global Brasil\" \/>\n<meta property=\"article:modified_time\" content=\"2020-04-06T02:54:30+00:00\" \/>\n<meta name=\"twitter:card\" content=\"summary_large_image\" \/>\n<meta name=\"twitter:label1\" content=\"Est. reading time\" \/>\n\t<meta name=\"twitter:data1\" content=\"1 minuto\" \/>\n<script type=\"application\/ld+json\" class=\"yoast-schema-graph\">{\"@context\":\"https:\/\/schema.org\",\"@graph\":[{\"@type\":\"WebPage\",\"@id\":\"https:\/\/www-dev.absglobal.com\/br\/planejamento-genetico\/\",\"url\":\"https:\/\/www-dev.absglobal.com\/br\/planejamento-genetico\/\",\"name\":\"Planejamento Gen\u00e9tico - ABS Global Brasil\",\"isPartOf\":{\"@id\":\"https:\/\/www-dev.absglobal.com\/br\/#website\"},\"datePublished\":\"2020-02-24T15:35:58+00:00\",\"dateModified\":\"2020-04-06T02:54:30+00:00\",\"breadcrumb\":{\"@id\":\"https:\/\/www-dev.absglobal.com\/br\/planejamento-genetico\/#breadcrumb\"},\"inLanguage\":\"pt-BR\",\"potentialAction\":[{\"@type\":\"ReadAction\",\"target\":[\"https:\/\/www-dev.absglobal.com\/br\/planejamento-genetico\/\"]}]},{\"@type\":\"BreadcrumbList\",\"@id\":\"https:\/\/www-dev.absglobal.com\/br\/planejamento-genetico\/#breadcrumb\",\"itemListElement\":[{\"@type\":\"ListItem\",\"position\":1,\"name\":\"Home\",\"item\":\"https:\/\/www-dev.absglobal.com\/br\/\"},{\"@type\":\"ListItem\",\"position\":2,\"name\":\"Planejamento Gen\u00e9tico\"}]},{\"@type\":\"WebSite\",\"@id\":\"https:\/\/www-dev.absglobal.com\/br\/#website\",\"url\":\"https:\/\/www-dev.absglobal.com\/br\/\",\"name\":\"ABS Global Brasil\",\"description\":\"\",\"publisher\":{\"@id\":\"https:\/\/www-dev.absglobal.com\/br\/#organization\"},\"potentialAction\":[{\"@type\":\"SearchAction\",\"target\":{\"@type\":\"EntryPoint\",\"urlTemplate\":\"https:\/\/www-dev.absglobal.com\/br\/?s={search_term_string}\"},\"query-input\":{\"@type\":\"PropertyValueSpecification\",\"valueRequired\":true,\"valueName\":\"search_term_string\"}}],\"inLanguage\":\"pt-BR\"},{\"@type\":\"Organization\",\"@id\":\"https:\/\/www-dev.absglobal.com\/br\/#organization\",\"name\":\"ABS Global Brasil\",\"url\":\"https:\/\/www-dev.absglobal.com\/br\/\",\"logo\":{\"@type\":\"ImageObject\",\"inLanguage\":\"pt-BR\",\"@id\":\"https:\/\/www-dev.absglobal.com\/br\/#\/schema\/logo\/image\/\",\"url\":\"https:\/\/www-dev.absglobal.com\/br\/wp-content\/uploads\/sites\/16\/2020\/03\/LogoRGB.png\",\"contentUrl\":\"https:\/\/www-dev.absglobal.com\/br\/wp-content\/uploads\/sites\/16\/2020\/03\/LogoRGB.png\",\"width\":872,\"height\":1080,\"caption\":\"ABS Global Brasil \"},\"image\":{\"@id\":\"https:\/\/www-dev.absglobal.com\/br\/#\/schema\/logo\/image\/\"}}]}<\/script>\n<!-- \/ Yoast SEO Premium plugin. -->","yoast_head_json":{"title":"Planejamento Gen\u00e9tico - ABS Global Brasil","robots":{"index":"index","follow":"follow","max-snippet":"max-snippet:-1","max-image-preview":"max-image-preview:large","max-video-preview":"max-video-preview:-1"},"canonical":"https:\/\/www-dev.absglobal.com\/br\/planejamento-genetico\/","og_locale":"pt_BR","og_type":"article","og_title":"Planejamento Gen\u00e9tico","og_description":"Simples e f\u00e1cil n\u00e3o s\u00e3o a mesma coisa. Desenvolver uma estrat\u00e9gia gen\u00e9tica pode parecer simples, mas na realidade, isso geralmente n\u00e3o \u00e9 feito, o que provavelmente significa que n\u00e3o \u00e9 t\u00e3o f\u00e1cil. Frequentemente, vemos os agricultores impulsionando o futuro de suas opera\u00e7\u00f5es com base nos \u00edndices da ind\u00fastria ou at\u00e9 mesmo seguindo a estrat\u00e9gia de [&hellip;]","og_url":"https:\/\/www-dev.absglobal.com\/br\/planejamento-genetico\/","og_site_name":"ABS Global Brasil","article_modified_time":"2020-04-06T02:54:30+00:00","twitter_card":"summary_large_image","twitter_misc":{"Est. reading time":"1 minuto"},"schema":{"@context":"https:\/\/schema.org","@graph":[{"@type":"WebPage","@id":"https:\/\/www-dev.absglobal.com\/br\/planejamento-genetico\/","url":"https:\/\/www-dev.absglobal.com\/br\/planejamento-genetico\/","name":"Planejamento Gen\u00e9tico - ABS Global Brasil","isPartOf":{"@id":"https:\/\/www-dev.absglobal.com\/br\/#website"},"datePublished":"2020-02-24T15:35:58+00:00","dateModified":"2020-04-06T02:54:30+00:00","breadcrumb":{"@id":"https:\/\/www-dev.absglobal.com\/br\/planejamento-genetico\/#breadcrumb"},"inLanguage":"pt-BR","potentialAction":[{"@type":"ReadAction","target":["https:\/\/www-dev.absglobal.com\/br\/planejamento-genetico\/"]}]},{"@type":"BreadcrumbList","@id":"https:\/\/www-dev.absglobal.com\/br\/planejamento-genetico\/#breadcrumb","itemListElement":[{"@type":"ListItem","position":1,"name":"Home","item":"https:\/\/www-dev.absglobal.com\/br\/"},{"@type":"ListItem","position":2,"name":"Planejamento Gen\u00e9tico"}]},{"@type":"WebSite","@id":"https:\/\/www-dev.absglobal.com\/br\/#website","url":"https:\/\/www-dev.absglobal.com\/br\/","name":"ABS Global Brasil","description":"","publisher":{"@id":"https:\/\/www-dev.absglobal.com\/br\/#organization"},"potentialAction":[{"@type":"SearchAction","target":{"@type":"EntryPoint","urlTemplate":"https:\/\/www-dev.absglobal.com\/br\/?s={search_term_string}"},"query-input":{"@type":"PropertyValueSpecification","valueRequired":true,"valueName":"search_term_string"}}],"inLanguage":"pt-BR"},{"@type":"Organization","@id":"https:\/\/www-dev.absglobal.com\/br\/#organization","name":"ABS Global Brasil","url":"https:\/\/www-dev.absglobal.com\/br\/","logo":{"@type":"ImageObject","inLanguage":"pt-BR","@id":"https:\/\/www-dev.absglobal.com\/br\/#\/schema\/logo\/image\/","url":"https:\/\/www-dev.absglobal.com\/br\/wp-content\/uploads\/sites\/16\/2020\/03\/LogoRGB.png","contentUrl":"https:\/\/www-dev.absglobal.com\/br\/wp-content\/uploads\/sites\/16\/2020\/03\/LogoRGB.png","width":872,"height":1080,"caption":"ABS Global Brasil "},"image":{"@id":"https:\/\/www-dev.absglobal.com\/br\/#\/schema\/logo\/image\/"}}]}},"jetpack_sharing_enabled":true,"_links":{"self":[{"href":"https:\/\/www-dev.absglobal.com\/br\/wp-json\/wp\/v2\/pages\/1739"}],"collection":[{"href":"https:\/\/www-dev.absglobal.com\/br\/wp-json\/wp\/v2\/pages"}],"about":[{"href":"https:\/\/www-dev.absglobal.com\/br\/wp-json\/wp\/v2\/types\/page"}],"author":[{"embeddable":true,"href":"https:\/\/www-dev.absglobal.com\/br\/wp-json\/wp\/v2\/users\/289"}],"replies":[{"embeddable":true,"href":"https:\/\/www-dev.absglobal.com\/br\/wp-json\/wp\/v2\/comments?post=1739"}],"version-history":[{"count":10,"href":"https:\/\/www-dev.absglobal.com\/br\/wp-json\/wp\/v2\/pages\/1739\/revisions"}],"predecessor-version":[{"id":3050,"href":"https:\/\/www-dev.absglobal.com\/br\/wp-json\/wp\/v2\/pages\/1739\/revisions\/3050"}],"wp:attachment":[{"href":"https:\/\/www-dev.absglobal.com\/br\/wp-json\/wp\/v2\/media?parent=1739"}],"curies":[{"name":"wp","href":"https:\/\/api.w.org\/{rel}","templated":true}]}}