{"id":1800,"date":"2020-02-24T14:30:17","date_gmt":"2020-02-24T19:30:17","guid":{"rendered":"http:\/\/cms.genusplc.com\/absglobal\/?page_id=1800"},"modified":"2020-04-08T08:06:55","modified_gmt":"2020-04-08T13:06:55","slug":"conforto-animal","status":"publish","type":"page","link":"https:\/\/www-dev.absglobal.com\/br\/conforto-animal\/","title":{"rendered":"Conforto Animal"},"content":{"rendered":"\n<p>O conforto das vacas est\u00e1 diretamente relacionado com a sa\u00fade e o bem-estar do animal. O conforto que voc\u00ea fornecer \u00e0s suas vacas determinar\u00e1 o desempenho delas na produ\u00e7\u00e3o e na reprodu\u00e7\u00e3o.<\/p>\n\n\n\n<p>Como \u00e9 dif\u00edcil medir os benef\u00edcios exatos, investir no conforto das vacas \u00e9, \u00e0s vezes, visto como uma despesa extra. No entanto, as consequ\u00eancias de ignorar o conforto das vacas acabar\u00e3o colocando uma fazenda leiteira em risco. Os custos dos tratamentos e as perdas na produ\u00e7\u00e3o rapidamente se acumulam e toda a opera\u00e7\u00e3o pode se tornar mais cara.<\/p>\n\n\n\n<p>O impacto do conforto animal \u00e9 crucial para manter uma fazenda leiteira sustent\u00e1vel. Prestar aten\u00e7\u00e3o aos sinais das vacas e atender \u00e0s necessidades b\u00e1sicas de seus animais configurar\u00e1 sua opera\u00e7\u00e3o para o sucesso.<\/p>\n\n\n\n<div style=\"height:50px\" aria-hidden=\"true\" class=\"wp-block-spacer\"><\/div>\n\n\n\n<h2 class=\"is-style-underline wp-block-heading\">Confira algumas de nossas solu\u00e7\u00f5es para conforto animal<\/h2>\n\n\n\t\t<section id=\"\" class=\"alignwide section-wrapper section-wrapper-small-fluid block-product-slider\" data-magellan-target=\"\">\n\t\t\t<div class=\"carousel-card-section owl-carousel owl-theme\">\n\t\t\t\t\t\t\t\t\t\t<div class=\"card\">\n\t\t\t\t\t\t\t\t\t\t\t\t\t\t\t<img decoding=\"async\" class=\"card-img\" src=\"https:\/\/www-dev.absglobal.com\/br\/wp-content\/uploads\/sites\/16\/2020\/03\/product-Transitionright-3.jpg?w=1000&#038;resize=375,250\" alt=\"Image of medical devices\">\n\t\t\t\t\t\t\t\t\t\t\t\t\t\t<div class=\"card-section\">\n\t\t\t\t\t\t\t\t<h3 class=\"card-title\">TransitionRight\u00ae<\/h3>\n\t\t\t\t\t\t\t\t\t\t\t\t\t\t\t\t\t\t\t\t\t\t\t\t\t<p class=\"card-description\">Preven\u00e7\u00e3o atrav\u00e9s da Gen\u00e9tica. A ABS est\u00e1 animada para apresent\u00e1-lo a uma ferramenta de sele\u00e7\u00e3o gen\u00e9tica revolucion\u00e1ria\u2026 Gen\u00e9tica TransitionRight\u00ae Esta tecnologia ir\u00e1 ajud\u00e1-lo a gerenciar as lutas seculares de como prevenir e tratar problemas de sa\u00fade que surgem durante o per\u00edodo de transi\u00e7\u00e3o da vaca leiteira. Clientes ABS agora podem usar o TransitionRight para selecionar [&hellip;]<\/p>\n\t\t\t\t\t\t\t\t\n\t\t\t\t\t\t\t\t<a href=\"https:\/\/www-dev.absglobal.com\/br\/solucoes\/transitionright\/\" class=\"card-section-button button\">Saber Mais<\/a>\n\t\t\t\t\t\t\t<\/div>\n\t\t\t\t\t\t<\/div>\n\t\t\t\t\t\t\t\t\t\t\t\t<div class=\"card\">\n\t\t\t\t\t\t\t\t\t\t\t\t\t\t\t<img decoding=\"async\" class=\"card-img\" src=\"https:\/\/www-dev.absglobal.com\/br\/wp-content\/uploads\/sites\/16\/2020\/02\/product-gms.jpg?w=1000&#038;resize=375,250\" alt=\"Image of medical devices\">\n\t\t\t\t\t\t\t\t\t\t\t\t\t\t<div class=\"card-section\">\n\t\t\t\t\t\t\t\t<h3 class=\"card-title\">GMS 2.0<\/h3>\n\t\t\t\t\t\t\t\t\t\t\t\t\t\t\t\t\t\t\t\t\t\t\t\t\t<p class=\"card-description\">A gen\u00e9tica est\u00e1 aperfei\u00e7oando.Seu programa de acasalamento deve fazer o mesmo. Desde 1968, o Genetic Management System\u00ae&nbsp;(GMS\u00ae) tem providenciado um abrangente sistema que otimiza o progresso gen\u00e9tico e simplifica o processo de cria\u00e7\u00e3o de animais. Desde o primeiro acasalamento pr\u00f3ximo a 50 anos atr\u00e1s, GMS processou mais de 80 milh\u00f5es de recomenda\u00e7\u00f5es de acasalamento, mais [&hellip;]<\/p>\n\t\t\t\t\t\t\t\t\n\t\t\t\t\t\t\t\t<a href=\"https:\/\/www-dev.absglobal.com\/br\/solucoes\/gms\/\" class=\"card-section-button button\">Saber Mais<\/a>\n\t\t\t\t\t\t\t<\/div>\n\t\t\t\t\t\t<\/div>\n\t\t\t\t\t\t\t\t\t\t\t\t<div class=\"card\">\n\t\t\t\t\t\t\t\t\t\t\t\t\t\t\t<img decoding=\"async\" class=\"card-img\" src=\"https:\/\/www-dev.absglobal.com\/br\/wp-content\/uploads\/sites\/16\/2020\/04\/product-Iatf-max-4.jpg?w=1000&#038;resize=375,250\" alt=\"Image of medical devices\">\n\t\t\t\t\t\t\t\t\t\t\t\t\t\t<div class=\"card-section\">\n\t\t\t\t\t\t\t\t<h3 class=\"card-title\">Presta\u00e7\u00e3o de Servi\u00e7os<\/h3>\n\t\t\t\t\t\t\t\t\t\t\t\t\t\t\t\t\t\t\t\t\t\t\t\t\t<p class=\"card-description\">Aqui o seu melhor reprodutor tem toda a seguran\u00e7a para produzir s\u00eamen com a gen\u00e9tica da sua fazenda. E com todo o conforto que ele precisa para produzir mais! Produtores podem contratar a central para produ\u00e7\u00e3o de material com alto padr\u00e3o de qualidade para utiliza\u00e7\u00e3o em suas propriedades ou garantir a sua reserva gen\u00e9tica. A [&hellip;]<\/p>\n\t\t\t\t\t\t\t\t\n\t\t\t\t\t\t\t\t<a href=\"https:\/\/www-dev.absglobal.com\/br\/solucoes\/prestacao-de-servicos\/\" class=\"card-section-button button\">Saber Mais<\/a>\n\t\t\t\t\t\t\t<\/div>\n\t\t\t\t\t\t<\/div>\n\t\t\t\t\t\t\t\t\t<\/div>\n\t\t<\/section>\n\t\t\n\n\n\t<section id=\"repFinder\" class=\"alignfull rep-finder\" data-magellan-target=\"repFinder\">\n\t\t<div class=\"section-wrapper\">\n\t\t\t\t\t\t\t<h2 class=\"section-title\">Encontre seu Representante ABS<\/h2>\n\t\t\t\n\t\t\t<div class=\"grid-x grid-margin-x align-justify rep-finder-inner\">\n\t\t\t\t<div class=\"cell medium-large-6\">\n\t\t\t\t\t<button class=\"button rep-finder-cta\" id=\"selectRep\" data-open=\"repFinderModal\">Encontre Seu Representante<\/button>\n\t\t\t\t\t<div class=\"rep-finder-selected-rep\" id=\"selectedRep\"><\/div>\n\t\t\t\t<\/div>\n\n\t\t\t\t\t\t\t\t\t<div class=\"cell medium-large-6\">\n\t\t\t\t\t\t<h4>D\u00favidas gerais<\/h4>\n\t\t\t\t\t\t<hr class=\"rep-finder-divider\">\n\t\t\t\t\t\t\t\t\t\t\t\t\t<ul class=\"rep-finder-details\">\n\t\t\t\t\t\t\t\t\t\t\t\t\t\t\t\t\t<li><a href=\"tel:(34) 3319-5400\"><h5><img decoding=\"async\" src=\"https:\/\/www-dev.absglobal.com\/br\/wp-content\/themes\/abs\/dist\/assets\/img\/icons\/phone-icon.svg\" alt=\"Phone icon\"> (34) 3319-5400<\/h5><\/a><\/li>\n\t\t\t\t\t\t\t\t\t\t\t\t\t\t\t\t<\/ul>\n\t\t\t\t\t\t\t\t\t\t\t<\/div>\n\t\t\t\t\t\t\t<\/div>\n\t\t<\/div>\n\t<\/section>\n\t","protected":false},"excerpt":{"rendered":"<p>O conforto das vacas est\u00e1 diretamente relacionado com a sa\u00fade e o bem-estar do animal. O conforto que voc\u00ea fornecer \u00e0s suas vacas determinar\u00e1 o desempenho delas na produ\u00e7\u00e3o e na reprodu\u00e7\u00e3o. Como \u00e9 dif\u00edcil medir os benef\u00edcios exatos, investir no conforto das vacas \u00e9, \u00e0s vezes, visto como uma despesa extra. No entanto, as [&hellip;]<\/p>\n","protected":false},"author":289,"featured_media":0,"parent":0,"menu_order":0,"comment_status":"closed","ping_status":"closed","template":"","meta":{"_acf_changed":false,"content-type":"","footnotes":""},"class_list":["post-1800","page","type-page","status-publish","hentry"],"acf":[],"yoast_head":"<!-- This site is optimized with the Yoast SEO Premium plugin v22.1 (Yoast SEO v25.3) - https:\/\/yoast.com\/wordpress\/plugins\/seo\/ -->\n<title>Conforto Animal - ABS Global Brasil<\/title>\n<meta name=\"robots\" content=\"index, follow, max-snippet:-1, max-image-preview:large, max-video-preview:-1\" \/>\n<link rel=\"canonical\" href=\"https:\/\/www-dev.absglobal.com\/br\/conforto-animal\/\" \/>\n<meta property=\"og:locale\" content=\"pt_BR\" \/>\n<meta property=\"og:type\" content=\"article\" \/>\n<meta property=\"og:title\" content=\"Conforto Animal\" \/>\n<meta property=\"og:description\" content=\"O conforto das vacas est\u00e1 diretamente relacionado com a sa\u00fade e o bem-estar do animal. O conforto que voc\u00ea fornecer \u00e0s suas vacas determinar\u00e1 o desempenho delas na produ\u00e7\u00e3o e na reprodu\u00e7\u00e3o. Como \u00e9 dif\u00edcil medir os benef\u00edcios exatos, investir no conforto das vacas \u00e9, \u00e0s vezes, visto como uma despesa extra. No entanto, as [&hellip;]\" \/>\n<meta property=\"og:url\" content=\"https:\/\/www-dev.absglobal.com\/br\/conforto-animal\/\" \/>\n<meta property=\"og:site_name\" content=\"ABS Global Brasil\" \/>\n<meta property=\"article:modified_time\" content=\"2020-04-08T13:06:55+00:00\" \/>\n<meta name=\"twitter:card\" content=\"summary_large_image\" \/>\n<meta name=\"twitter:label1\" content=\"Est. reading time\" \/>\n\t<meta name=\"twitter:data1\" content=\"1 minuto\" \/>\n<script type=\"application\/ld+json\" class=\"yoast-schema-graph\">{\"@context\":\"https:\/\/schema.org\",\"@graph\":[{\"@type\":\"WebPage\",\"@id\":\"https:\/\/www-dev.absglobal.com\/br\/conforto-animal\/\",\"url\":\"https:\/\/www-dev.absglobal.com\/br\/conforto-animal\/\",\"name\":\"Conforto Animal - ABS Global Brasil\",\"isPartOf\":{\"@id\":\"https:\/\/www-dev.absglobal.com\/br\/#website\"},\"datePublished\":\"2020-02-24T19:30:17+00:00\",\"dateModified\":\"2020-04-08T13:06:55+00:00\",\"breadcrumb\":{\"@id\":\"https:\/\/www-dev.absglobal.com\/br\/conforto-animal\/#breadcrumb\"},\"inLanguage\":\"pt-BR\",\"potentialAction\":[{\"@type\":\"ReadAction\",\"target\":[\"https:\/\/www-dev.absglobal.com\/br\/conforto-animal\/\"]}]},{\"@type\":\"BreadcrumbList\",\"@id\":\"https:\/\/www-dev.absglobal.com\/br\/conforto-animal\/#breadcrumb\",\"itemListElement\":[{\"@type\":\"ListItem\",\"position\":1,\"name\":\"Home\",\"item\":\"https:\/\/www-dev.absglobal.com\/br\/\"},{\"@type\":\"ListItem\",\"position\":2,\"name\":\"Conforto Animal\"}]},{\"@type\":\"WebSite\",\"@id\":\"https:\/\/www-dev.absglobal.com\/br\/#website\",\"url\":\"https:\/\/www-dev.absglobal.com\/br\/\",\"name\":\"ABS Global Brasil\",\"description\":\"\",\"publisher\":{\"@id\":\"https:\/\/www-dev.absglobal.com\/br\/#organization\"},\"potentialAction\":[{\"@type\":\"SearchAction\",\"target\":{\"@type\":\"EntryPoint\",\"urlTemplate\":\"https:\/\/www-dev.absglobal.com\/br\/?s={search_term_string}\"},\"query-input\":{\"@type\":\"PropertyValueSpecification\",\"valueRequired\":true,\"valueName\":\"search_term_string\"}}],\"inLanguage\":\"pt-BR\"},{\"@type\":\"Organization\",\"@id\":\"https:\/\/www-dev.absglobal.com\/br\/#organization\",\"name\":\"ABS Global Brasil\",\"url\":\"https:\/\/www-dev.absglobal.com\/br\/\",\"logo\":{\"@type\":\"ImageObject\",\"inLanguage\":\"pt-BR\",\"@id\":\"https:\/\/www-dev.absglobal.com\/br\/#\/schema\/logo\/image\/\",\"url\":\"https:\/\/www-dev.absglobal.com\/br\/wp-content\/uploads\/sites\/16\/2020\/03\/LogoRGB.png\",\"contentUrl\":\"https:\/\/www-dev.absglobal.com\/br\/wp-content\/uploads\/sites\/16\/2020\/03\/LogoRGB.png\",\"width\":872,\"height\":1080,\"caption\":\"ABS Global Brasil \"},\"image\":{\"@id\":\"https:\/\/www-dev.absglobal.com\/br\/#\/schema\/logo\/image\/\"}}]}<\/script>\n<!-- \/ Yoast SEO Premium plugin. -->","yoast_head_json":{"title":"Conforto Animal - ABS Global Brasil","robots":{"index":"index","follow":"follow","max-snippet":"max-snippet:-1","max-image-preview":"max-image-preview:large","max-video-preview":"max-video-preview:-1"},"canonical":"https:\/\/www-dev.absglobal.com\/br\/conforto-animal\/","og_locale":"pt_BR","og_type":"article","og_title":"Conforto Animal","og_description":"O conforto das vacas est\u00e1 diretamente relacionado com a sa\u00fade e o bem-estar do animal. O conforto que voc\u00ea fornecer \u00e0s suas vacas determinar\u00e1 o desempenho delas na produ\u00e7\u00e3o e na reprodu\u00e7\u00e3o. Como \u00e9 dif\u00edcil medir os benef\u00edcios exatos, investir no conforto das vacas \u00e9, \u00e0s vezes, visto como uma despesa extra. No entanto, as [&hellip;]","og_url":"https:\/\/www-dev.absglobal.com\/br\/conforto-animal\/","og_site_name":"ABS Global Brasil","article_modified_time":"2020-04-08T13:06:55+00:00","twitter_card":"summary_large_image","twitter_misc":{"Est. reading time":"1 minuto"},"schema":{"@context":"https:\/\/schema.org","@graph":[{"@type":"WebPage","@id":"https:\/\/www-dev.absglobal.com\/br\/conforto-animal\/","url":"https:\/\/www-dev.absglobal.com\/br\/conforto-animal\/","name":"Conforto Animal - ABS Global Brasil","isPartOf":{"@id":"https:\/\/www-dev.absglobal.com\/br\/#website"},"datePublished":"2020-02-24T19:30:17+00:00","dateModified":"2020-04-08T13:06:55+00:00","breadcrumb":{"@id":"https:\/\/www-dev.absglobal.com\/br\/conforto-animal\/#breadcrumb"},"inLanguage":"pt-BR","potentialAction":[{"@type":"ReadAction","target":["https:\/\/www-dev.absglobal.com\/br\/conforto-animal\/"]}]},{"@type":"BreadcrumbList","@id":"https:\/\/www-dev.absglobal.com\/br\/conforto-animal\/#breadcrumb","itemListElement":[{"@type":"ListItem","position":1,"name":"Home","item":"https:\/\/www-dev.absglobal.com\/br\/"},{"@type":"ListItem","position":2,"name":"Conforto Animal"}]},{"@type":"WebSite","@id":"https:\/\/www-dev.absglobal.com\/br\/#website","url":"https:\/\/www-dev.absglobal.com\/br\/","name":"ABS Global Brasil","description":"","publisher":{"@id":"https:\/\/www-dev.absglobal.com\/br\/#organization"},"potentialAction":[{"@type":"SearchAction","target":{"@type":"EntryPoint","urlTemplate":"https:\/\/www-dev.absglobal.com\/br\/?s={search_term_string}"},"query-input":{"@type":"PropertyValueSpecification","valueRequired":true,"valueName":"search_term_string"}}],"inLanguage":"pt-BR"},{"@type":"Organization","@id":"https:\/\/www-dev.absglobal.com\/br\/#organization","name":"ABS Global Brasil","url":"https:\/\/www-dev.absglobal.com\/br\/","logo":{"@type":"ImageObject","inLanguage":"pt-BR","@id":"https:\/\/www-dev.absglobal.com\/br\/#\/schema\/logo\/image\/","url":"https:\/\/www-dev.absglobal.com\/br\/wp-content\/uploads\/sites\/16\/2020\/03\/LogoRGB.png","contentUrl":"https:\/\/www-dev.absglobal.com\/br\/wp-content\/uploads\/sites\/16\/2020\/03\/LogoRGB.png","width":872,"height":1080,"caption":"ABS Global Brasil "},"image":{"@id":"https:\/\/www-dev.absglobal.com\/br\/#\/schema\/logo\/image\/"}}]}},"jetpack_sharing_enabled":true,"_links":{"self":[{"href":"https:\/\/www-dev.absglobal.com\/br\/wp-json\/wp\/v2\/pages\/1800"}],"collection":[{"href":"https:\/\/www-dev.absglobal.com\/br\/wp-json\/wp\/v2\/pages"}],"about":[{"href":"https:\/\/www-dev.absglobal.com\/br\/wp-json\/wp\/v2\/types\/page"}],"author":[{"embeddable":true,"href":"https:\/\/www-dev.absglobal.com\/br\/wp-json\/wp\/v2\/users\/289"}],"replies":[{"embeddable":true,"href":"https:\/\/www-dev.absglobal.com\/br\/wp-json\/wp\/v2\/comments?post=1800"}],"version-history":[{"count":12,"href":"https:\/\/www-dev.absglobal.com\/br\/wp-json\/wp\/v2\/pages\/1800\/revisions"}],"predecessor-version":[{"id":3385,"href":"https:\/\/www-dev.absglobal.com\/br\/wp-json\/wp\/v2\/pages\/1800\/revisions\/3385"}],"wp:attachment":[{"href":"https:\/\/www-dev.absglobal.com\/br\/wp-json\/wp\/v2\/media?parent=1800"}],"curies":[{"name":"wp","href":"https:\/\/api.w.org\/{rel}","templated":true}]}}