{"id":2096,"date":"2020-03-10T10:39:13","date_gmt":"2020-03-10T15:39:13","guid":{"rendered":"http:\/\/cms.genusplc.com\/absglobal\/?page_id=2096"},"modified":"2020-11-29T21:19:22","modified_gmt":"2020-11-30T02:19:22","slug":"corte-no-leite","status":"publish","type":"page","link":"https:\/\/www-dev.absglobal.com\/br\/corte-no-leite\/","title":{"rendered":"Corte no Leite"},"content":{"rendered":"\n<p>A ideia de cruzar vacas leiteiras com baixo m\u00e9rito gen\u00e9tico\/produtivo com s\u00eamen de corte tornou-se uma pr\u00e1tica crescente em fazendas leiteiras. A principal raz\u00e3o para o crescimento \u00e9 o aumento do valor desta prog\u00eanie, quando comparado ao bezerro leiteiro tradicional.<\/p>\n\n\n\n<p>Embora o valor do bezerro seja um benef\u00edcio real, h\u00e1 ainda mais vantagens. O uso de s\u00eamen sexado nas melhores f\u00eameas do rebanho para criar novilhas de reposi\u00e7\u00e3o tamb\u00e9m aumenta a intensidade da sele\u00e7\u00e3o e acelera o progresso gen\u00e9tico. Al\u00e9m disso, o gerenciamento proativo da quantidade de novilhas de reposi\u00e7\u00e3o evitar\u00e1 o excesso de despesas com a recria.<\/p>\n\n\n\n<div style=\"height:45px\" aria-hidden=\"true\" class=\"wp-block-spacer\"><\/div>\n\n\n\n<figure class=\"wp-block-embed-youtube wp-block-embed is-type-video is-provider-youtube wp-embed-aspect-16-9 wp-has-aspect-ratio\"><div class=\"wp-block-embed__wrapper\">\n<iframe title=\"Progresso Gen\u00e9tico\" width=\"500\" height=\"281\" src=\"https:\/\/www.youtube.com\/embed\/zYKb436LXOw?feature=oembed\" frameborder=\"0\" allow=\"accelerometer; autoplay; clipboard-write; encrypted-media; gyroscope; picture-in-picture; web-share\" referrerpolicy=\"strict-origin-when-cross-origin\" allowfullscreen><\/iframe>\n<\/div><\/figure>\n\n\n\n<div style=\"height:45px\" aria-hidden=\"true\" class=\"wp-block-spacer\"><\/div>\n\n\n\n<p>Mais dinheiro por bezerros cruzados, melhor gen\u00e9tica para f\u00eameas de reposi\u00e7\u00e3o e a otimiza\u00e7\u00e3o de custos \u00e9 o ideal, mas pode ser um risco se n\u00e3o for cuidadoso ao selecionar a gen\u00e9tica de corte.<\/p>\n\n\n\n<p>O primeiro passo desse processo \u00e9 garantir que a gen\u00e9tica de corte traga bons resultados em prenhez das f\u00eameas e, em seguida, demonstre um bom desempenho de parto. Al\u00e9m disso, produzindo um bezerro saud\u00e1vel e eficiente que criar\u00e1 valor para toda a cadeia de suprimentos de carne bovina.<\/p>\n\n\n\n<p><h2 class=\"is-style-default\">A ABS tem v\u00e1rias maneiras de apoiar os produtores de leite a estabelecer um plano de corte no leite, abaixo est\u00e3o v\u00e1rios recursos para iniciar o processo.<\/h2><\/p>\n\n\n\n<div style=\"height:50px\" aria-hidden=\"true\" class=\"wp-block-spacer\"><\/div>\n\n\n\n<h2 class=\"is-style-underline wp-block-heading\">Solu\u00e7\u00f5es ABS para Corte no Leite<\/h2>\n\n\n\t\t<section id=\"\" class=\"alignwide section-wrapper section-wrapper-small-fluid block-product-slider\" data-magellan-target=\"\">\n\t\t\t<div class=\"carousel-card-section owl-carousel owl-theme\">\n\t\t\t\t\t\t\t\t\t\t<div class=\"card\">\n\t\t\t\t\t\t\t\t\t\t\t\t\t\t\t<img decoding=\"async\" class=\"card-img\" src=\"https:\/\/www-dev.absglobal.com\/br\/wp-content\/uploads\/sites\/16\/2020\/03\/product-sexcel-2.jpg?w=1000&#038;resize=375,250\" alt=\"Image of medical devices\">\n\t\t\t\t\t\t\t\t\t\t\t\t\t\t<div class=\"card-section\">\n\t\t\t\t\t\t\t\t<h3 class=\"card-title\">Sexcel\u00ae<\/h3>\n\t\t\t\t\t\t\t\t\t\t\t\t\t\t\t\t\t\t\t\t\t\t\t\t\t<p class=\"card-description\">Sexcel\u00ae &#8211; Fa\u00e7a a reposi\u00e7\u00e3o de novilhas utilizando apenas as melhores f\u00eameas do rebanho. Uma dose de s\u00eamen, de forma isolada, n\u00e3o gera valor real ao produtor de leite at\u00e9 que seja confirmada uma prenhez de f\u00eamea. Da mesma forma \u00e9 necess\u00e1rio uma bezerra saud\u00e1vel ao nascimento para que ent\u00e3o o progresso gen\u00e9tico seja confirmado. [&hellip;]<\/p>\n\t\t\t\t\t\t\t\t\n\t\t\t\t\t\t\t\t<a href=\"https:\/\/www-dev.absglobal.com\/br\/solucoes\/sexcel\/\" class=\"card-section-button button\">Saber Mais<\/a>\n\t\t\t\t\t\t\t<\/div>\n\t\t\t\t\t\t<\/div>\n\t\t\t\t\t\t\t\t\t\t\t\t<div class=\"card\">\n\t\t\t\t\t\t\t\t\t\t\t\t\t\t\t<img decoding=\"async\" class=\"card-img\" src=\"https:\/\/www-dev.absglobal.com\/br\/wp-content\/uploads\/sites\/16\/2020\/02\/beef-infocus-product-page2.jpg?w=1000&#038;resize=375,250\" alt=\"Image of medical devices\">\n\t\t\t\t\t\t\t\t\t\t\t\t\t\t<div class=\"card-section\">\n\t\t\t\t\t\t\t\t<h3 class=\"card-title\">Beef InFocus\u2122<\/h3>\n\t\t\t\t\t\t\t\t\t\t\t\t\t\t\t\t\t\t\t\t\t\t\t\t\t<p class=\"card-description\">Beef InFocus\u2122 desenvolvido por NuEra Genetics\u2122 oferece ao produtor de leite gen\u00e9tica de corte provada e confi\u00e1vel para maximizar qualidade e efici\u00eancia \u00e0 cadeia da carne. MAIS RENTABILIDADE ATRAV\u00c9S DO CORTE NO LEITE Gen\u00e9tica de corte sob medida para rebanhos de leite Os touros Beef InFocus s\u00e3o criados especificamente para vacas de leite, para maximizar [&hellip;]<\/p>\n\t\t\t\t\t\t\t\t\n\t\t\t\t\t\t\t\t<a href=\"https:\/\/www-dev.absglobal.com\/br\/solucoes\/beef-infocus\/\" class=\"card-section-button button\">Saber Mais<\/a>\n\t\t\t\t\t\t\t<\/div>\n\t\t\t\t\t\t<\/div>\n\t\t\t\t\t\t\t\t\t\t\t\t<div class=\"card\">\n\t\t\t\t\t\t\t\t\t\t\t\t\t\t\t<img decoding=\"async\" class=\"card-img\" src=\"https:\/\/www-dev.absglobal.com\/br\/wp-content\/uploads\/sites\/16\/2020\/04\/embrioes.jpeg?w=1000&#038;resize=375,250\" alt=\"Image of medical devices\">\n\t\t\t\t\t\t\t\t\t\t\t\t\t\t<div class=\"card-section\">\n\t\t\t\t\t\t\t\t<h3 class=\"card-title\">Embri\u00f5es<\/h3>\n\t\t\t\t\t\t\t\t\t\t\t\t\t\t\t\t\t\t\t\t\t\t\t\t\t<p class=\"card-description\">Conhe\u00e7a a Linha NEO A combina\u00e7\u00e3o entre ci\u00eancia e tecnologia de ponta que proporciona melhoramento gen\u00e9tico com velocidade e efici\u00eancia. Os embri\u00f5es FIV permitem acelerar o melhoramento gen\u00e9tico bovino e diminuir o intervalo entre gera\u00e7\u00f5es. Ao selecionar a melhor gen\u00e9tica materna (doadoras) e paterna (touros) para a produ\u00e7\u00e3o dos embri\u00f5es, \u00e9 poss\u00edvel obter o melhoramento [&hellip;]<\/p>\n\t\t\t\t\t\t\t\t\n\t\t\t\t\t\t\t\t<a href=\"https:\/\/www-dev.absglobal.com\/br\/solucoes\/embrioes-fiv\/\" class=\"card-section-button button\">Saber Mais<\/a>\n\t\t\t\t\t\t\t<\/div>\n\t\t\t\t\t\t<\/div>\n\t\t\t\t\t\t\t\t\t\t\t\t<div class=\"card\">\n\t\t\t\t\t\t\t\t\t\t\t\t\t\t\t<img decoding=\"async\" class=\"card-img\" src=\"https:\/\/www-dev.absglobal.com\/br\/wp-content\/uploads\/sites\/16\/2020\/02\/nuera-product-page2.jpg?w=1024&#038;resize=375,250\" alt=\"Image of medical devices\">\n\t\t\t\t\t\t\t\t\t\t\t\t\t\t<div class=\"card-section\">\n\t\t\t\t\t\t\t\t<h3 class=\"card-title\">NuEra Genetics\u2122: Uma Nova Era no Melhoramento Gen\u00e9tico da Carne<\/h3>\n\t\t\t\t\t\t\t\t\t\t\t\t\t\t\t\t\t\t\t\t\t\t\t\t\t<p class=\"card-description\">A demanda por carne bovina de qualidade superior est\u00e1 crescendo em todo o mundo. Por isso, a cadeia produtiva busca constante animais saud\u00e1veis, eficientes e rent\u00e1veis para engorda e frigor\u00edfico. Mas por que isso afeta voc\u00ea como produtor? A ind\u00fastria compensa os produtores com base no rendimento do animal criado, independentemente de voc\u00ea ser um [&hellip;]<\/p>\n\t\t\t\t\t\t\t\t\n\t\t\t\t\t\t\t\t<a href=\"https:\/\/www-dev.absglobal.com\/br\/solucoes\/nuera-genetics\/\" class=\"card-section-button button\">Saber Mais<\/a>\n\t\t\t\t\t\t\t<\/div>\n\t\t\t\t\t\t<\/div>\n\t\t\t\t\t\t\t\t\t\t\t\t<div class=\"card\">\n\t\t\t\t\t\t\t\t\t\t\t\t\t\t\t<img decoding=\"async\" class=\"card-img\" src=\"https:\/\/www-dev.absglobal.com\/br\/wp-content\/uploads\/sites\/16\/2020\/02\/product-gms.jpg?w=1000&#038;resize=375,250\" alt=\"Image of medical devices\">\n\t\t\t\t\t\t\t\t\t\t\t\t\t\t<div class=\"card-section\">\n\t\t\t\t\t\t\t\t<h3 class=\"card-title\">GMS 2.0<\/h3>\n\t\t\t\t\t\t\t\t\t\t\t\t\t\t\t\t\t\t\t\t\t\t\t\t\t<p class=\"card-description\">A gen\u00e9tica est\u00e1 aperfei\u00e7oando.Seu programa de acasalamento deve fazer o mesmo. Desde 1968, o Genetic Management System\u00ae&nbsp;(GMS\u00ae) tem providenciado um abrangente sistema que otimiza o progresso gen\u00e9tico e simplifica o processo de cria\u00e7\u00e3o de animais. Desde o primeiro acasalamento pr\u00f3ximo a 50 anos atr\u00e1s, GMS processou mais de 80 milh\u00f5es de recomenda\u00e7\u00f5es de acasalamento, mais [&hellip;]<\/p>\n\t\t\t\t\t\t\t\t\n\t\t\t\t\t\t\t\t<a href=\"https:\/\/www-dev.absglobal.com\/br\/solucoes\/gms\/\" class=\"card-section-button button\">Saber Mais<\/a>\n\t\t\t\t\t\t\t<\/div>\n\t\t\t\t\t\t<\/div>\n\t\t\t\t\t\t\t\t\t<\/div>\n\t\t<\/section>\n\t\t\n\n\n\t<section id=\"repFinder\" class=\"alignfull rep-finder\" data-magellan-target=\"repFinder\">\n\t\t<div class=\"section-wrapper\">\n\t\t\t\t\t\t\t<h2 class=\"section-title\">Encontre seu Representante ABS<\/h2>\n\t\t\t\n\t\t\t<div class=\"grid-x grid-margin-x align-justify rep-finder-inner\">\n\t\t\t\t<div class=\"cell medium-large-6\">\n\t\t\t\t\t<button class=\"button rep-finder-cta\" id=\"selectRep\" data-open=\"repFinderModal\">Encontre Seu Representante<\/button>\n\t\t\t\t\t<div class=\"rep-finder-selected-rep\" id=\"selectedRep\"><\/div>\n\t\t\t\t<\/div>\n\n\t\t\t\t\t\t\t\t\t<div class=\"cell medium-large-6\">\n\t\t\t\t\t\t<h4>D\u00favidas gerais<\/h4>\n\t\t\t\t\t\t<hr class=\"rep-finder-divider\">\n\t\t\t\t\t\t\t\t\t\t\t\t\t<ul class=\"rep-finder-details\">\n\t\t\t\t\t\t\t\t\t\t\t\t\t\t\t\t\t<li><a href=\"tel:(34) 3319-5400\"><h5><img decoding=\"async\" src=\"https:\/\/www-dev.absglobal.com\/br\/wp-content\/themes\/abs\/dist\/assets\/img\/icons\/phone-icon.svg\" alt=\"Phone icon\"> (34) 3319-5400<\/h5><\/a><\/li>\n\t\t\t\t\t\t\t\t\t\t\t\t\t\t\t\t<\/ul>\n\t\t\t\t\t\t\t\t\t\t\t<\/div>\n\t\t\t\t\t\t\t<\/div>\n\t\t<\/div>\n\t<\/section>\n\t","protected":false},"excerpt":{"rendered":"<p>A ideia de cruzar vacas leiteiras com baixo m\u00e9rito gen\u00e9tico\/produtivo com s\u00eamen de corte tornou-se uma pr\u00e1tica crescente em fazendas leiteiras. A principal raz\u00e3o para o crescimento \u00e9 o aumento do valor desta prog\u00eanie, quando comparado ao bezerro leiteiro tradicional. Embora o valor do bezerro seja um benef\u00edcio real, h\u00e1 ainda mais vantagens. O uso [&hellip;]<\/p>\n","protected":false},"author":289,"featured_media":0,"parent":0,"menu_order":0,"comment_status":"closed","ping_status":"closed","template":"","meta":{"_acf_changed":false,"content-type":"","footnotes":""},"class_list":["post-2096","page","type-page","status-publish","hentry"],"acf":[],"yoast_head":"<!-- This site is optimized with the Yoast SEO Premium plugin v22.1 (Yoast SEO v25.3) - https:\/\/yoast.com\/wordpress\/plugins\/seo\/ -->\n<title>Corte no Leite - ABS Global Brasil<\/title>\n<meta name=\"robots\" content=\"index, follow, max-snippet:-1, max-image-preview:large, max-video-preview:-1\" \/>\n<link rel=\"canonical\" href=\"https:\/\/www-dev.absglobal.com\/br\/corte-no-leite\/\" \/>\n<meta property=\"og:locale\" content=\"pt_BR\" \/>\n<meta property=\"og:type\" content=\"article\" \/>\n<meta property=\"og:title\" content=\"Corte no Leite\" \/>\n<meta property=\"og:description\" content=\"A ideia de cruzar vacas leiteiras com baixo m\u00e9rito gen\u00e9tico\/produtivo com s\u00eamen de corte tornou-se uma pr\u00e1tica crescente em fazendas leiteiras. A principal raz\u00e3o para o crescimento \u00e9 o aumento do valor desta prog\u00eanie, quando comparado ao bezerro leiteiro tradicional. Embora o valor do bezerro seja um benef\u00edcio real, h\u00e1 ainda mais vantagens. O uso [&hellip;]\" \/>\n<meta property=\"og:url\" content=\"https:\/\/www-dev.absglobal.com\/br\/corte-no-leite\/\" \/>\n<meta property=\"og:site_name\" content=\"ABS Global Brasil\" \/>\n<meta property=\"article:modified_time\" content=\"2020-11-30T02:19:22+00:00\" \/>\n<meta name=\"twitter:card\" content=\"summary_large_image\" \/>\n<meta name=\"twitter:label1\" content=\"Est. reading time\" \/>\n\t<meta name=\"twitter:data1\" content=\"1 minuto\" \/>\n<script type=\"application\/ld+json\" class=\"yoast-schema-graph\">{\"@context\":\"https:\/\/schema.org\",\"@graph\":[{\"@type\":\"WebPage\",\"@id\":\"https:\/\/www-dev.absglobal.com\/br\/corte-no-leite\/\",\"url\":\"https:\/\/www-dev.absglobal.com\/br\/corte-no-leite\/\",\"name\":\"Corte no Leite - ABS Global Brasil\",\"isPartOf\":{\"@id\":\"https:\/\/www-dev.absglobal.com\/br\/#website\"},\"datePublished\":\"2020-03-10T15:39:13+00:00\",\"dateModified\":\"2020-11-30T02:19:22+00:00\",\"breadcrumb\":{\"@id\":\"https:\/\/www-dev.absglobal.com\/br\/corte-no-leite\/#breadcrumb\"},\"inLanguage\":\"pt-BR\",\"potentialAction\":[{\"@type\":\"ReadAction\",\"target\":[\"https:\/\/www-dev.absglobal.com\/br\/corte-no-leite\/\"]}]},{\"@type\":\"BreadcrumbList\",\"@id\":\"https:\/\/www-dev.absglobal.com\/br\/corte-no-leite\/#breadcrumb\",\"itemListElement\":[{\"@type\":\"ListItem\",\"position\":1,\"name\":\"Home\",\"item\":\"https:\/\/www-dev.absglobal.com\/br\/\"},{\"@type\":\"ListItem\",\"position\":2,\"name\":\"Corte no Leite\"}]},{\"@type\":\"WebSite\",\"@id\":\"https:\/\/www-dev.absglobal.com\/br\/#website\",\"url\":\"https:\/\/www-dev.absglobal.com\/br\/\",\"name\":\"ABS Global Brasil\",\"description\":\"\",\"publisher\":{\"@id\":\"https:\/\/www-dev.absglobal.com\/br\/#organization\"},\"potentialAction\":[{\"@type\":\"SearchAction\",\"target\":{\"@type\":\"EntryPoint\",\"urlTemplate\":\"https:\/\/www-dev.absglobal.com\/br\/?s={search_term_string}\"},\"query-input\":{\"@type\":\"PropertyValueSpecification\",\"valueRequired\":true,\"valueName\":\"search_term_string\"}}],\"inLanguage\":\"pt-BR\"},{\"@type\":\"Organization\",\"@id\":\"https:\/\/www-dev.absglobal.com\/br\/#organization\",\"name\":\"ABS Global Brasil\",\"url\":\"https:\/\/www-dev.absglobal.com\/br\/\",\"logo\":{\"@type\":\"ImageObject\",\"inLanguage\":\"pt-BR\",\"@id\":\"https:\/\/www-dev.absglobal.com\/br\/#\/schema\/logo\/image\/\",\"url\":\"https:\/\/www-dev.absglobal.com\/br\/wp-content\/uploads\/sites\/16\/2020\/03\/LogoRGB.png\",\"contentUrl\":\"https:\/\/www-dev.absglobal.com\/br\/wp-content\/uploads\/sites\/16\/2020\/03\/LogoRGB.png\",\"width\":872,\"height\":1080,\"caption\":\"ABS Global Brasil \"},\"image\":{\"@id\":\"https:\/\/www-dev.absglobal.com\/br\/#\/schema\/logo\/image\/\"}}]}<\/script>\n<!-- \/ Yoast SEO Premium plugin. -->","yoast_head_json":{"title":"Corte no Leite - ABS Global Brasil","robots":{"index":"index","follow":"follow","max-snippet":"max-snippet:-1","max-image-preview":"max-image-preview:large","max-video-preview":"max-video-preview:-1"},"canonical":"https:\/\/www-dev.absglobal.com\/br\/corte-no-leite\/","og_locale":"pt_BR","og_type":"article","og_title":"Corte no Leite","og_description":"A ideia de cruzar vacas leiteiras com baixo m\u00e9rito gen\u00e9tico\/produtivo com s\u00eamen de corte tornou-se uma pr\u00e1tica crescente em fazendas leiteiras. A principal raz\u00e3o para o crescimento \u00e9 o aumento do valor desta prog\u00eanie, quando comparado ao bezerro leiteiro tradicional. Embora o valor do bezerro seja um benef\u00edcio real, h\u00e1 ainda mais vantagens. O uso [&hellip;]","og_url":"https:\/\/www-dev.absglobal.com\/br\/corte-no-leite\/","og_site_name":"ABS Global Brasil","article_modified_time":"2020-11-30T02:19:22+00:00","twitter_card":"summary_large_image","twitter_misc":{"Est. reading time":"1 minuto"},"schema":{"@context":"https:\/\/schema.org","@graph":[{"@type":"WebPage","@id":"https:\/\/www-dev.absglobal.com\/br\/corte-no-leite\/","url":"https:\/\/www-dev.absglobal.com\/br\/corte-no-leite\/","name":"Corte no Leite - ABS Global Brasil","isPartOf":{"@id":"https:\/\/www-dev.absglobal.com\/br\/#website"},"datePublished":"2020-03-10T15:39:13+00:00","dateModified":"2020-11-30T02:19:22+00:00","breadcrumb":{"@id":"https:\/\/www-dev.absglobal.com\/br\/corte-no-leite\/#breadcrumb"},"inLanguage":"pt-BR","potentialAction":[{"@type":"ReadAction","target":["https:\/\/www-dev.absglobal.com\/br\/corte-no-leite\/"]}]},{"@type":"BreadcrumbList","@id":"https:\/\/www-dev.absglobal.com\/br\/corte-no-leite\/#breadcrumb","itemListElement":[{"@type":"ListItem","position":1,"name":"Home","item":"https:\/\/www-dev.absglobal.com\/br\/"},{"@type":"ListItem","position":2,"name":"Corte no Leite"}]},{"@type":"WebSite","@id":"https:\/\/www-dev.absglobal.com\/br\/#website","url":"https:\/\/www-dev.absglobal.com\/br\/","name":"ABS Global Brasil","description":"","publisher":{"@id":"https:\/\/www-dev.absglobal.com\/br\/#organization"},"potentialAction":[{"@type":"SearchAction","target":{"@type":"EntryPoint","urlTemplate":"https:\/\/www-dev.absglobal.com\/br\/?s={search_term_string}"},"query-input":{"@type":"PropertyValueSpecification","valueRequired":true,"valueName":"search_term_string"}}],"inLanguage":"pt-BR"},{"@type":"Organization","@id":"https:\/\/www-dev.absglobal.com\/br\/#organization","name":"ABS Global Brasil","url":"https:\/\/www-dev.absglobal.com\/br\/","logo":{"@type":"ImageObject","inLanguage":"pt-BR","@id":"https:\/\/www-dev.absglobal.com\/br\/#\/schema\/logo\/image\/","url":"https:\/\/www-dev.absglobal.com\/br\/wp-content\/uploads\/sites\/16\/2020\/03\/LogoRGB.png","contentUrl":"https:\/\/www-dev.absglobal.com\/br\/wp-content\/uploads\/sites\/16\/2020\/03\/LogoRGB.png","width":872,"height":1080,"caption":"ABS Global Brasil "},"image":{"@id":"https:\/\/www-dev.absglobal.com\/br\/#\/schema\/logo\/image\/"}}]}},"jetpack_sharing_enabled":true,"_links":{"self":[{"href":"https:\/\/www-dev.absglobal.com\/br\/wp-json\/wp\/v2\/pages\/2096"}],"collection":[{"href":"https:\/\/www-dev.absglobal.com\/br\/wp-json\/wp\/v2\/pages"}],"about":[{"href":"https:\/\/www-dev.absglobal.com\/br\/wp-json\/wp\/v2\/types\/page"}],"author":[{"embeddable":true,"href":"https:\/\/www-dev.absglobal.com\/br\/wp-json\/wp\/v2\/users\/289"}],"replies":[{"embeddable":true,"href":"https:\/\/www-dev.absglobal.com\/br\/wp-json\/wp\/v2\/comments?post=2096"}],"version-history":[{"count":31,"href":"https:\/\/www-dev.absglobal.com\/br\/wp-json\/wp\/v2\/pages\/2096\/revisions"}],"predecessor-version":[{"id":4486,"href":"https:\/\/www-dev.absglobal.com\/br\/wp-json\/wp\/v2\/pages\/2096\/revisions\/4486"}],"wp:attachment":[{"href":"https:\/\/www-dev.absglobal.com\/br\/wp-json\/wp\/v2\/media?parent=2096"}],"curies":[{"name":"wp","href":"https:\/\/api.w.org\/{rel}","templated":true}]}}