{"id":4262,"date":"2020-10-01T11:55:59","date_gmt":"2020-10-01T16:55:59","guid":{"rendered":"http:\/\/www-dev.absglobal.com\/br\/?page_id=4262"},"modified":"2022-02-02T13:18:37","modified_gmt":"2022-02-02T18:18:37","slug":"plano-vencedor","status":"publish","type":"page","link":"https:\/\/www-dev.absglobal.com\/br\/plano-vencedor\/","title":{"rendered":"Plano Gen\u00e9tico Vencedor"},"content":{"rendered":"\n<figure class=\"wp-block-video\"><video controls src=\"https:\/\/www-dev.absglobal.com\/br\/wp-content\/uploads\/sites\/16\/2022\/02\/Video-Plano-Genetico-Vencedor-COMPLETO.mp4\"><\/video><\/figure>\n\n\n\n<h2 class=\"wp-block-heading\" id=\"h-o-plano-gen-tico-certo-sempre-vence\" style=\"font-size:37px\">O plano gen\u00e9tico certo sempre vence<\/h2>\n\n\n\n<p>Fazendeiros ao redor do mundo est\u00e3o elaborando esse plano com a ABS. Uma estrat\u00e9gia do Sexcel e Beef InFocus que oferece progresso gen\u00e9tico imbat\u00edvel e inovador. Especialistas da ABS criam um plano gen\u00e9tico personalizado para produzir as melhores vacas mais r\u00e1pido e os melhores bezerros de corte no leite da ind\u00fastria.<\/p>\n\n\n\n<div style=\"height:35px\" aria-hidden=\"true\" class=\"wp-block-spacer\"><\/div>\n\n\n\n<h4 class=\"wp-block-heading\" id=\"h-\"><\/h4>\n\n\n\t<section id=\"\" class=\" section-wrapper section-wrapper-fluid section-wrapper-banner\" data-magellan-target=\"\">\n\t\t<div class=\"section-wrapper-background\" style=\"background-image: url('https:\/\/www-dev.absglobal.com\/br\/wp-content\/uploads\/sites\/16\/2020\/10\/genetic-strategy-winning-plan.jpg');\"><\/div>\n\t\t<div class=\"section-wrapper-overlay\"><\/div>\n\t\t<div class=\"section-wrapper-inner\">\n\t\t\t\t\t\t\t\t\t\t\t\t<div class=\"grid-container\">\n\t\t\t\t\t\t<div class=\"grid-x align-center\">\n\t\t\t\t\t\t\t<div class=\"cell medium-7 \">\n\t\t\t\t\t\t\t\t\t\t\t\t\t\t\t\t\t<div class=\"section-content\">\n\t\t\t\t\t\t\t\t\t\t<h2 style=\"text-align: center;color: #ffffff\">Um plano gen\u00e9tico vencedor \u00e9 um plano lucrativo.<\/h2>\n\t\t\t\t\t\t\t\t\t<\/div>\n\t\t\t\t\t\t\t\t\t\t\t\t\t\t\t\t\t\t\t\t\t\t\t\t\t<a href=\"#winning-team-form\" class=\"button\">Junte-se ao time vencedor<\/a>\n\t\t\t\t\t\t\t\t\t\t\t\t\t\t\t<\/div>\n\t\t\t\t\t\t<\/div>\n\t\t\t\t\t<\/div>\n\t\t\t\t\t\t\t\t\t<\/div>\n\t<\/section>\n\t\n\n\n<h2 class=\"has-text-align-center is-style-underline wp-block-heading\" id=\"h-resultados-de-clientes\">Resultados de clientes<\/h2>\n\n\n\n<div class=\"wp-block-columns alignwide is-layout-flex wp-container-core-columns-is-layout-1 wp-block-columns-is-layout-flex\">\n<div class=\"wp-block-column is-layout-flow wp-block-column-is-layout-flow\">\t<figure class=\"wp-block-pullquote alignleft\">\n\t\t<blockquote>\n\t\t\t\t\t\t<p>\n\t\t\t\tRMS \u00e9 o privil\u00e9gio de ter trabalho profissional 1 hora por dia e, este servi\u00e7o, juntamente com o Sexcel, vai ajudar a alcan\u00e7ar o meu objetivo de mudar para uma estrat\u00e9gia de Sexcel e corte nos pr\u00f3ximos dois anos.\t\t\t<\/p>\n\t\t\t\t\t\t\t<cite>\n\t\t\t\t\tAbi Reader\t\t\t\t<\/cite>\n\t\t\t\t\t<\/blockquote>\n\t<\/figure>\n\t<\/div>\n\n\n\n<div class=\"wp-block-column is-layout-flow wp-block-column-is-layout-flow\">\t<figure class=\"wp-block-pullquote alignleft\">\n\t\t<blockquote>\n\t\t\t\t\t\t<p>\n\t\t\t\tNosso principal objetivo \u00e9 ser rent\u00e1vel, o que, por sua vez, nos permite desenvolver um neg\u00f3cio sustent\u00e1vel que podemos investir no futuro para nos permitir continuar expandindo. A estrat\u00e9gia de Sexcel e Beef InFocus tem sido um componente que tem nos ajudado a alcan\u00e7ar isso, ent\u00e3o vamos continuar implementando essa estrat\u00e9gia como parte do nosso plano maior para chegarmos onde queremos chegar.\t\t\t<\/p>\n\t\t\t\t\t\t\t<cite>\n\t\t\t\t\tEvolution Farming\t\t\t\t<\/cite>\n\t\t\t\t\t<\/blockquote>\n\t<\/figure>\n\t<\/div>\n\n\n\n<div class=\"wp-block-column is-layout-flow wp-block-column-is-layout-flow\">\t<figure class=\"wp-block-pullquote alignleft\">\n\t\t<blockquote>\n\t\t\t\t\t\t<p>\n\t\t\t\tO cliente estava impressionado com o progresso gen\u00e9tico que seu rebanho teve e com o servi\u00e7o RMS, ele pode simplesmente deixar a fertilidade de seu rebanho para ser cuidada pela Genus.\t\t\t<\/p>\n\t\t\t\t\t\t\t<cite>\n\t\t\t\t\tEvolution Farming\t\t\t\t<\/cite>\n\t\t\t\t\t<\/blockquote>\n\t<\/figure>\n\t<\/div>\n<\/div>\n\n\n\n<div class=\"wp-block-columns alignwide is-layout-flex wp-container-core-columns-is-layout-2 wp-block-columns-is-layout-flex\">\n<div class=\"wp-block-column is-layout-flow wp-block-column-is-layout-flow\">\t<figure class=\"wp-block-pullquote \">\n\t\t<blockquote>\n\t\t\t\t\t\t<p>\n\t\t\t\tAgora que n\u00f3s sabemos que temos a capacidade de conseguirmos uma novilha a partir da nossa melhor vaca e um bezerro a partir da nossa pior vaca, n\u00f3s come\u00e7amos a implementar a gen\u00f4mica para aumentar ainda mais o progresso gen\u00e9tico. O c\u00e9u \u00e9 o limite para o quanto queremos avan\u00e7ar para produzir uma vaca melhor.\t\t\t<\/p>\n\t\t\t\t\t\t\t<cite>\n\t\t\t\t\tHELT DAIRY\t\t\t\t<\/cite>\n\t\t\t\t\t<\/blockquote>\n\t<\/figure>\n\t\n\n\t<figure class=\"wp-block-pullquote \">\n\t\t<blockquote>\n\t\t\t\t\t\t<p>\n\t\t\t\tIt\u00e1lia, 100% Sexcel e Corte \u2013 n\u00e3o usamos s\u00eamen convencional mais, resultados recebidos acima de 75%.\t\t\t<\/p>\n\t\t\t\t\t\t\t<cite>\n\t\t\t\t\tANCELOTTI BROTHERS \u2013 Italy\t\t\t\t<\/cite>\n\t\t\t\t\t<\/blockquote>\n\t<\/figure>\n\t\n\n\t<figure class=\"wp-block-pullquote \">\n\t\t<blockquote>\n\t\t\t\t\t\t<p>\n\t\t\t\tN\u00e3o tivemos problemas de parto. Os bezerros nascem com bom tamanho e peso e d\u00e3o cria facilmente. Com um m\u00eas de idade, eles j\u00e1 cresceram e se desenvolveram muito bem.\t\t\t<\/p>\n\t\t\t\t\t\t\t<cite>\n\t\t\t\t\tGimena Cecilia, Fazenda La Rueda, Uruguai.\t\t\t\t<\/cite>\n\t\t\t\t\t<\/blockquote>\n\t<\/figure>\n\t\n\n\t<figure class=\"wp-block-pullquote \">\n\t\t<blockquote>\n\t\t\t\t\t\t<p>\n\t\t\t\tCom o aumento do uso de gen\u00e9tica sexada de leite, usar a gen\u00e9tica de corte que nos d\u00e1 maior margem para finaliza\u00e7\u00e3o \u00e9 uma estrat\u00e9gia chave. Na \u00faltima d\u00e9cada houve muita \u00eanfase na gen\u00e9tica de leite &#8211; a ind\u00fastria agora precisa olhar mais para a gen\u00e9tica de corte para mais lucro.\t\t\t<\/p>\n\t\t\t\t\t\t\t<cite>\n\t\t\t\t\tRichard Findlay &#8211; NFU Livestock Board Chariman, N. Yorkshire, UK\t\t\t\t<\/cite>\n\t\t\t\t\t<\/blockquote>\n\t<\/figure>\n\t\n\n\t<figure class=\"wp-block-pullquote \">\n\t\t<blockquote>\n\t\t\t\t\t\t<p>\n\t\t\t\tNestes 8 anos que estamos trabalhando com a ABS, tivemos melhoras constantes no nosso rebanho, incluindo: produ\u00e7\u00e3o, tipo e principalmente caracter\u00edsticas, como longevidade e fertilidade. Atualmente n\u00f3s estamos inseminando as novilhas com Sexcel e vacas de primeira cria com Sexcel para as duas primeiras insemina\u00e7\u00f5es; e s\u00eamen convencional a partir da terceira. Para a segunda lacta\u00e7\u00e3o e vacas mais velhas n\u00f3s usamos os touros Beef InFocus\u2122 British Blue, os quais t\u00eam nos dado resultados excelentes em termos de facilidade de parto e qualidade de bezerros. Estamos planejando trocar para a estrat\u00e9gia de Sexcel &amp; Beef InFocus em todo o rebanho, assim eliminando o s\u00eamen convencional para maximizar o progresso gen\u00e9tico e aumentar a lucratividade a partir da venda de bezerros de corte.\t\t\t<\/p>\n\t\t\t\t\t\t\t<cite>\n\t\t\t\t\tDaniele Tonna, La Campagnola, San Secondo Parmense, Parma, Italia.\t\t\t\t<\/cite>\n\t\t\t\t\t<\/blockquote>\n\t<\/figure>\n\t<\/div>\n\n\n\n<div class=\"wp-block-column is-layout-flow wp-block-column-is-layout-flow\">\t<figure class=\"wp-block-pullquote \">\n\t\t<blockquote>\n\t\t\t\t\t\t<p>\n\t\t\t\tEstamos tentando tirar vantagem do potencial gen\u00e9tico de todas as nossas vacas e estamos tentando eliminar as piores ao descartar essa gen\u00e9tica com o corte. Ao mesmo tempo, estamos produzindo um bezerro que estamos recebendo um pr\u00eamio muito bom em compara\u00e7\u00e3o com o nosso bezerro holand\u00eas normal.\t\t\t<\/p>\n\t\t\t\t\t\t\t<cite>\n\t\t\t\t\tJOHNSON&#039;S ROLLING ACRES\t\t\t\t<\/cite>\n\t\t\t\t\t<\/blockquote>\n\t<\/figure>\n\t\n\n\t<figure class=\"wp-block-pullquote \">\n\t\t<blockquote>\n\t\t\t\t\t\t<p>\n\t\t\t\tSexcel &amp; Corte (Jersey) \u2013 cliente recebeu uma taxa de concep\u00e7\u00e3o 10% mais alta do que o produto ST!\t\t\t<\/p>\n\t\t\t\t\t\t\t<cite>\n\t\t\t\t\tJOGENSEN \u2013 Denmark\t\t\t\t<\/cite>\n\t\t\t\t\t<\/blockquote>\n\t<\/figure>\n\t\n\n\t<figure class=\"wp-block-pullquote \">\n\t\t<blockquote>\n\t\t\t\t\t\t<p>\n\t\t\t\tMudar para a estrat\u00e9gia de Sexcel\u00ae e Beef InFocus\u2122 proporcionou ao nosso neg\u00f3cio um maior retorno sobre o investimento, estamos muito satisfeitos com os resultados. Com a gen\u00e9tica Sexcel\u00ae, obtivemos taxas de concep\u00e7\u00e3o excepcionais dos touros com melhor classifica\u00e7\u00e3o no ranking gen\u00e9tico, adequados para nosso rebanho. O aumento do uso do Beef InFocus\u2122 nas vacas com menor desempenho do nosso rebanho, nos proporcionou uma quantidade significativamente maior de bezerros de corte que nascem com mais facilidade; um maior retorno sobre o investimento em geral.\t\t\t<\/p>\n\t\t\t\t\t\t\t<cite>\n\t\t\t\t\tFam\u00edlia Camisassi &#8211; Fazenda La Gaia, It\u00e1lia\t\t\t\t<\/cite>\n\t\t\t\t\t<\/blockquote>\n\t<\/figure>\n\t\n\n\t<figure class=\"wp-block-pullquote \">\n\t\t<blockquote>\n\t\t\t\t\t\t<p>\n\t\t\t\tOs primeiros bezerros Beef InFocus nasceram recentemente na fazenda administrada por Jos\u00e9 Galliari, intitulada Chacras Oro Blanco, localizada em Dalmacio V\u00e9lez Sarsfield, na prov\u00edncia de C\u00f3rdoba, na Argentina. Nesta fazenda eles escolheram a inovadora solu\u00e7\u00e3o ABS para corte no leite, para criar bezerros de qualidade atrav\u00e9s da gen\u00e9tica voltada para a cadeia de carne.\t\t\t<\/p>\n\t\t\t\t\t\t\t<cite>\n\t\t\t\t\tFazenda Chacras Oro Blanco &#8211; Dalmacio Velez Sarsfield, C\u00f3rdoba, Argentina\t\t\t\t<\/cite>\n\t\t\t\t\t<\/blockquote>\n\t<\/figure>\n\t<\/div>\n<\/div>\n\n\n\n<div style=\"height:20px\" aria-hidden=\"true\" id=\"winning-team-form\" class=\"wp-block-spacer\"><\/div>\n\n\n\n\n<div class=\"wpforms-container wpforms-container-full wpforms-block\" id=\"wpforms-4283\"><form id=\"wpforms-form-4283\" class=\"wpforms-validate wpforms-form\" data-formid=\"4283\" method=\"post\" enctype=\"multipart\/form-data\" action=\"\/br\/wp-json\/wp\/v2\/pages\/4262\" data-token=\"9845b79e0900ccd240657dc0da1bf9f5\" data-token-time=\"1776503494\"><div class=\"wpforms-head-container\"><div class=\"wpforms-title\">Junte-se ao time vencedor<\/div><\/div><noscript class=\"wpforms-error-noscript\">Ative o JavaScript no seu navegador para preencher este formul\u00e1rio.<\/noscript><div class=\"wpforms-field-container\"><div id=\"wpforms-4283-field_0-container\" class=\"wpforms-field wpforms-field-name\" data-field-id=\"0\"><label class=\"wpforms-field-label wpforms-label-hide\" for=\"wpforms-4283-field_0\">Name <span class=\"wpforms-required-label\">*<\/span><\/label><div class=\"wpforms-field-row wpforms-field-medium\"><div class=\"wpforms-field-row-block wpforms-first wpforms-one-half\"><input type=\"text\" id=\"wpforms-4283-field_0\" class=\"wpforms-field-name-first wpforms-field-required\" name=\"wpforms[fields][0][first]\" placeholder=\"Nome\" required><label for=\"wpforms-4283-field_0\" class=\"wpforms-field-sublabel after wpforms-sublabel-hide\">Nome<\/label><\/div><div class=\"wpforms-field-row-block wpforms-one-half\"><input type=\"text\" id=\"wpforms-4283-field_0-last\" class=\"wpforms-field-name-last wpforms-field-required\" name=\"wpforms[fields][0][last]\" placeholder=\"Sobrenome\" required><label for=\"wpforms-4283-field_0-last\" class=\"wpforms-field-sublabel after wpforms-sublabel-hide\">Sobrenome<\/label><\/div><\/div><\/div><div id=\"wpforms-4283-field_1-container\" class=\"wpforms-field wpforms-field-email\" data-field-id=\"1\"><label class=\"wpforms-field-label wpforms-label-hide\" for=\"wpforms-4283-field_1\">email <span class=\"wpforms-required-label\">*<\/span><\/label><input type=\"email\" id=\"wpforms-4283-field_1\" class=\"wpforms-field-medium wpforms-field-required\" name=\"wpforms[fields][1]\" placeholder=\"E-mail\" spellcheck=\"false\" required><\/div><div id=\"wpforms-4283-field_6-container\" class=\"wpforms-field wpforms-field-phone\" data-field-id=\"6\"><label class=\"wpforms-field-label wpforms-label-hide\" for=\"wpforms-4283-field_6\">phone<\/label><input type=\"tel\" id=\"wpforms-4283-field_6\" class=\"wpforms-field-medium\" data-rule-int-phone-field=\"true\" name=\"wpforms[fields][6]\" placeholder=\"Telefone\" aria-label=\"phone\" ><\/div><div id=\"wpforms-4283-field_3-container\" class=\"wpforms-field wpforms-field-radio\" data-field-id=\"3\"><label class=\"wpforms-field-label wpforms-label-hide\" for=\"wpforms-4283-field_3\">herd-type <span class=\"wpforms-required-label\">*<\/span><\/label><ul id=\"wpforms-4283-field_3\" class=\"wpforms-field-required\"><li class=\"choice-1 depth-1\"><input type=\"radio\" id=\"wpforms-4283-field_3_1\" name=\"wpforms[fields][3]\" value=\"Produtor leiteiro\" required ><label class=\"wpforms-field-label-inline\" for=\"wpforms-4283-field_3_1\">Produtor leiteiro<\/label><\/li><li class=\"choice-2 depth-1\"><input type=\"radio\" id=\"wpforms-4283-field_3_2\" name=\"wpforms[fields][3]\" value=\"Produtor de corte\" required ><label class=\"wpforms-field-label-inline\" for=\"wpforms-4283-field_3_2\">Produtor de corte<\/label><\/li><li class=\"choice-3 depth-1\"><input type=\"radio\" id=\"wpforms-4283-field_3_3\" name=\"wpforms[fields][3]\" value=\"Outro\" required ><label class=\"wpforms-field-label-inline\" for=\"wpforms-4283-field_3_3\">Outro<\/label><\/li><\/ul><div class=\"wpforms-field-description\">Por favor selecione qual categoria melhor descreve voc\u00ea<\/div><\/div><div id=\"wpforms-4283-field_4-container\" class=\"wpforms-field wpforms-field-radio\" data-field-id=\"4\"><label class=\"wpforms-field-label wpforms-label-hide\" for=\"wpforms-4283-field_4\">contactmethod<\/label><ul id=\"wpforms-4283-field_4\"><li class=\"choice-2 depth-1 wpforms-selected\"><input type=\"radio\" id=\"wpforms-4283-field_4_2\" name=\"wpforms[fields][4]\" value=\"Telefone\"   checked='checked'><label class=\"wpforms-field-label-inline\" for=\"wpforms-4283-field_4_2\">Telefone<\/label><\/li><li class=\"choice-1 depth-1\"><input type=\"radio\" id=\"wpforms-4283-field_4_1\" name=\"wpforms[fields][4]\" value=\"E-mail\"  ><label class=\"wpforms-field-label-inline\" for=\"wpforms-4283-field_4_1\">E-mail<\/label><\/li><\/ul><div class=\"wpforms-field-description\">Por favor selecione o m\u00e9todo de contato da sua prefer\u00eancia<\/div><\/div><div id=\"wpforms-4283-field_7-container\" class=\"wpforms-field wpforms-field-hidden\" data-field-id=\"7\"><input type=\"hidden\" id=\"wpforms-4283-field_7\" name=\"wpforms[fields][7]\" value=\"Brasil\"><\/div><div id=\"wpforms-4283-field_5-container\" class=\"wpforms-field wpforms-field-hidden cd_url\" data-field-id=\"5\"><input type=\"hidden\" id=\"wpforms-4283-field_5\" name=\"wpforms[fields][5]\" value=\"http:\/\/analytics.clickdimensions.com\/forms\/h\/aUzvVd2MowEixkEBdIZttU\"><\/div><\/div><!-- .wpforms-field-container --><div class=\"wpforms-field wpforms-field-hp\"><label for=\"wpforms-4283-field-hp\" class=\"wpforms-field-label\">Comment<\/label><input type=\"text\" name=\"wpforms[hp]\" id=\"wpforms-4283-field-hp\" class=\"wpforms-field-medium\"><\/div><div class=\"wpforms-recaptcha-container wpforms-is-recaptcha wpforms-is-recaptcha-type-invisible\" ><div class=\"g-recaptcha\" data-sitekey=\"6Lf1-ucUAAAAAITXjBjh6p1hRPUgIgQYw3Mttaye\" data-size=\"invisible\"><\/div><\/div><div class=\"wpforms-submit-container\" ><input type=\"hidden\" name=\"wpforms[id]\" value=\"4283\"><input type=\"hidden\" name=\"page_title\" value=\"\"><input type=\"hidden\" name=\"page_url\" value=\"https:\/\/www-dev.absglobal.com\/br\/wp-json\/wp\/v2\/pages\/4262\"><button type=\"submit\" name=\"wpforms[submit]\" id=\"wpforms-submit-4283\" class=\"wpforms-submit\" data-alt-text=\"Enviando...\" data-submit-text=\"Enviar\" aria-live=\"assertive\" value=\"wpforms-submit\">Enviar<\/button><\/div><\/form><\/div>  <!-- .wpforms-container -->\n\n\n<p><\/p>\n","protected":false},"excerpt":{"rendered":"<p>O plano gen\u00e9tico certo sempre vence Fazendeiros ao redor do mundo est\u00e3o elaborando esse plano com a ABS. Uma estrat\u00e9gia do Sexcel e Beef InFocus que oferece progresso gen\u00e9tico imbat\u00edvel e inovador. Especialistas da ABS criam um plano gen\u00e9tico personalizado para produzir as melhores vacas mais r\u00e1pido e os melhores bezerros de corte no leite [&hellip;]<\/p>\n","protected":false},"author":271,"featured_media":0,"parent":0,"menu_order":0,"comment_status":"closed","ping_status":"closed","template":"","meta":{"_acf_changed":false,"content-type":"","footnotes":""},"class_list":["post-4262","page","type-page","status-publish","hentry"],"acf":[],"yoast_head":"<!-- This site is optimized with the Yoast SEO Premium plugin v22.1 (Yoast SEO v25.3) - https:\/\/yoast.com\/wordpress\/plugins\/seo\/ -->\n<title>Plano Gen\u00e9tico Vencedor - ABS Global Brasil<\/title>\n<meta name=\"robots\" content=\"index, follow, max-snippet:-1, max-image-preview:large, max-video-preview:-1\" \/>\n<link rel=\"canonical\" href=\"https:\/\/www-dev.absglobal.com\/br\/plano-vencedor\/\" \/>\n<meta property=\"og:locale\" content=\"pt_BR\" \/>\n<meta property=\"og:type\" content=\"article\" \/>\n<meta property=\"og:title\" content=\"Plano Gen\u00e9tico Vencedor\" \/>\n<meta property=\"og:description\" content=\"O plano gen\u00e9tico certo sempre vence Fazendeiros ao redor do mundo est\u00e3o elaborando esse plano com a ABS. Uma estrat\u00e9gia do Sexcel e Beef InFocus que oferece progresso gen\u00e9tico imbat\u00edvel e inovador. Especialistas da ABS criam um plano gen\u00e9tico personalizado para produzir as melhores vacas mais r\u00e1pido e os melhores bezerros de corte no leite [&hellip;]\" \/>\n<meta property=\"og:url\" content=\"https:\/\/www-dev.absglobal.com\/br\/plano-vencedor\/\" \/>\n<meta property=\"og:site_name\" content=\"ABS Global Brasil\" \/>\n<meta property=\"article:modified_time\" content=\"2022-02-02T18:18:37+00:00\" \/>\n<meta name=\"twitter:card\" content=\"summary_large_image\" \/>\n<meta name=\"twitter:label1\" content=\"Est. reading time\" \/>\n\t<meta name=\"twitter:data1\" content=\"1 minuto\" \/>\n<script type=\"application\/ld+json\" class=\"yoast-schema-graph\">{\"@context\":\"https:\/\/schema.org\",\"@graph\":[{\"@type\":\"WebPage\",\"@id\":\"https:\/\/www-dev.absglobal.com\/br\/plano-vencedor\/\",\"url\":\"https:\/\/www-dev.absglobal.com\/br\/plano-vencedor\/\",\"name\":\"Plano Gen\u00e9tico Vencedor - ABS Global Brasil\",\"isPartOf\":{\"@id\":\"https:\/\/www-dev.absglobal.com\/br\/#website\"},\"datePublished\":\"2020-10-01T16:55:59+00:00\",\"dateModified\":\"2022-02-02T18:18:37+00:00\",\"breadcrumb\":{\"@id\":\"https:\/\/www-dev.absglobal.com\/br\/plano-vencedor\/#breadcrumb\"},\"inLanguage\":\"pt-BR\",\"potentialAction\":[{\"@type\":\"ReadAction\",\"target\":[\"https:\/\/www-dev.absglobal.com\/br\/plano-vencedor\/\"]}]},{\"@type\":\"BreadcrumbList\",\"@id\":\"https:\/\/www-dev.absglobal.com\/br\/plano-vencedor\/#breadcrumb\",\"itemListElement\":[{\"@type\":\"ListItem\",\"position\":1,\"name\":\"Home\",\"item\":\"https:\/\/www-dev.absglobal.com\/br\/\"},{\"@type\":\"ListItem\",\"position\":2,\"name\":\"Plano Gen\u00e9tico Vencedor\"}]},{\"@type\":\"WebSite\",\"@id\":\"https:\/\/www-dev.absglobal.com\/br\/#website\",\"url\":\"https:\/\/www-dev.absglobal.com\/br\/\",\"name\":\"ABS Global Brasil\",\"description\":\"\",\"publisher\":{\"@id\":\"https:\/\/www-dev.absglobal.com\/br\/#organization\"},\"potentialAction\":[{\"@type\":\"SearchAction\",\"target\":{\"@type\":\"EntryPoint\",\"urlTemplate\":\"https:\/\/www-dev.absglobal.com\/br\/?s={search_term_string}\"},\"query-input\":{\"@type\":\"PropertyValueSpecification\",\"valueRequired\":true,\"valueName\":\"search_term_string\"}}],\"inLanguage\":\"pt-BR\"},{\"@type\":\"Organization\",\"@id\":\"https:\/\/www-dev.absglobal.com\/br\/#organization\",\"name\":\"ABS Global Brasil\",\"url\":\"https:\/\/www-dev.absglobal.com\/br\/\",\"logo\":{\"@type\":\"ImageObject\",\"inLanguage\":\"pt-BR\",\"@id\":\"https:\/\/www-dev.absglobal.com\/br\/#\/schema\/logo\/image\/\",\"url\":\"https:\/\/www-dev.absglobal.com\/br\/wp-content\/uploads\/sites\/16\/2020\/03\/LogoRGB.png\",\"contentUrl\":\"https:\/\/www-dev.absglobal.com\/br\/wp-content\/uploads\/sites\/16\/2020\/03\/LogoRGB.png\",\"width\":872,\"height\":1080,\"caption\":\"ABS Global Brasil \"},\"image\":{\"@id\":\"https:\/\/www-dev.absglobal.com\/br\/#\/schema\/logo\/image\/\"}}]}<\/script>\n<!-- \/ Yoast SEO Premium plugin. -->","yoast_head_json":{"title":"Plano Gen\u00e9tico Vencedor - ABS Global Brasil","robots":{"index":"index","follow":"follow","max-snippet":"max-snippet:-1","max-image-preview":"max-image-preview:large","max-video-preview":"max-video-preview:-1"},"canonical":"https:\/\/www-dev.absglobal.com\/br\/plano-vencedor\/","og_locale":"pt_BR","og_type":"article","og_title":"Plano Gen\u00e9tico Vencedor","og_description":"O plano gen\u00e9tico certo sempre vence Fazendeiros ao redor do mundo est\u00e3o elaborando esse plano com a ABS. Uma estrat\u00e9gia do Sexcel e Beef InFocus que oferece progresso gen\u00e9tico imbat\u00edvel e inovador. Especialistas da ABS criam um plano gen\u00e9tico personalizado para produzir as melhores vacas mais r\u00e1pido e os melhores bezerros de corte no leite [&hellip;]","og_url":"https:\/\/www-dev.absglobal.com\/br\/plano-vencedor\/","og_site_name":"ABS Global Brasil","article_modified_time":"2022-02-02T18:18:37+00:00","twitter_card":"summary_large_image","twitter_misc":{"Est. reading time":"1 minuto"},"schema":{"@context":"https:\/\/schema.org","@graph":[{"@type":"WebPage","@id":"https:\/\/www-dev.absglobal.com\/br\/plano-vencedor\/","url":"https:\/\/www-dev.absglobal.com\/br\/plano-vencedor\/","name":"Plano Gen\u00e9tico Vencedor - ABS Global Brasil","isPartOf":{"@id":"https:\/\/www-dev.absglobal.com\/br\/#website"},"datePublished":"2020-10-01T16:55:59+00:00","dateModified":"2022-02-02T18:18:37+00:00","breadcrumb":{"@id":"https:\/\/www-dev.absglobal.com\/br\/plano-vencedor\/#breadcrumb"},"inLanguage":"pt-BR","potentialAction":[{"@type":"ReadAction","target":["https:\/\/www-dev.absglobal.com\/br\/plano-vencedor\/"]}]},{"@type":"BreadcrumbList","@id":"https:\/\/www-dev.absglobal.com\/br\/plano-vencedor\/#breadcrumb","itemListElement":[{"@type":"ListItem","position":1,"name":"Home","item":"https:\/\/www-dev.absglobal.com\/br\/"},{"@type":"ListItem","position":2,"name":"Plano Gen\u00e9tico Vencedor"}]},{"@type":"WebSite","@id":"https:\/\/www-dev.absglobal.com\/br\/#website","url":"https:\/\/www-dev.absglobal.com\/br\/","name":"ABS Global Brasil","description":"","publisher":{"@id":"https:\/\/www-dev.absglobal.com\/br\/#organization"},"potentialAction":[{"@type":"SearchAction","target":{"@type":"EntryPoint","urlTemplate":"https:\/\/www-dev.absglobal.com\/br\/?s={search_term_string}"},"query-input":{"@type":"PropertyValueSpecification","valueRequired":true,"valueName":"search_term_string"}}],"inLanguage":"pt-BR"},{"@type":"Organization","@id":"https:\/\/www-dev.absglobal.com\/br\/#organization","name":"ABS Global Brasil","url":"https:\/\/www-dev.absglobal.com\/br\/","logo":{"@type":"ImageObject","inLanguage":"pt-BR","@id":"https:\/\/www-dev.absglobal.com\/br\/#\/schema\/logo\/image\/","url":"https:\/\/www-dev.absglobal.com\/br\/wp-content\/uploads\/sites\/16\/2020\/03\/LogoRGB.png","contentUrl":"https:\/\/www-dev.absglobal.com\/br\/wp-content\/uploads\/sites\/16\/2020\/03\/LogoRGB.png","width":872,"height":1080,"caption":"ABS Global Brasil "},"image":{"@id":"https:\/\/www-dev.absglobal.com\/br\/#\/schema\/logo\/image\/"}}]}},"jetpack_sharing_enabled":true,"_links":{"self":[{"href":"https:\/\/www-dev.absglobal.com\/br\/wp-json\/wp\/v2\/pages\/4262"}],"collection":[{"href":"https:\/\/www-dev.absglobal.com\/br\/wp-json\/wp\/v2\/pages"}],"about":[{"href":"https:\/\/www-dev.absglobal.com\/br\/wp-json\/wp\/v2\/types\/page"}],"author":[{"embeddable":true,"href":"https:\/\/www-dev.absglobal.com\/br\/wp-json\/wp\/v2\/users\/271"}],"replies":[{"embeddable":true,"href":"https:\/\/www-dev.absglobal.com\/br\/wp-json\/wp\/v2\/comments?post=4262"}],"version-history":[{"count":80,"href":"https:\/\/www-dev.absglobal.com\/br\/wp-json\/wp\/v2\/pages\/4262\/revisions"}],"predecessor-version":[{"id":5608,"href":"https:\/\/www-dev.absglobal.com\/br\/wp-json\/wp\/v2\/pages\/4262\/revisions\/5608"}],"wp:attachment":[{"href":"https:\/\/www-dev.absglobal.com\/br\/wp-json\/wp\/v2\/media?parent=4262"}],"curies":[{"name":"wp","href":"https:\/\/api.w.org\/{rel}","templated":true}]}}