{"id":4524,"date":"2020-12-07T08:03:02","date_gmt":"2020-12-07T13:03:02","guid":{"rendered":"http:\/\/www-dev.absglobal.com\/br\/?page_id=4524"},"modified":"2023-07-24T08:55:34","modified_gmt":"2023-07-24T13:55:34","slug":"qualidade","status":"publish","type":"page","link":"https:\/\/www-dev.absglobal.com\/br\/qualidade\/","title":{"rendered":"Qualidade"},"content":{"rendered":"\n<div class=\"wp-block-buttons is-layout-flex wp-block-buttons-is-layout-flex\">\n<div class=\"wp-block-button has-custom-width wp-block-button__width-100 is-style-fill\"><a class=\"wp-block-button__link\" href=\"https:\/\/abs.link\/dev\/resources\/consulta\/\" target=\"_blank\" rel=\"noreferrer noopener\">Certificado de Qualidade<\/a><\/div>\n<\/div>\n\n\n\n<h3 class=\"is-style-article-title wp-block-heading\" id=\"h-padr-es-de-qualidade-s-men-convencional\"><strong>Padr\u00f5es de Qualidade S\u00eamen Convencional:<\/strong><\/h3>\n\n\n\n<p>O s\u00eamen convencional \u00e9 comercializado pela ABS em palhetas de 0,25 mL ou 0,5 mL.<\/p>\n\n\n\n<p>Somente s\u00e3o comercializadas partidas aprovadas pelo controle de qualidade que apresentam os seguintes padr\u00f5es:<\/p>\n\n\n\n<p>\u2022&nbsp;&nbsp;&nbsp;&nbsp;&nbsp;&nbsp;&nbsp;&nbsp;&nbsp;&nbsp;&nbsp;&nbsp; M\u00ednimo de 40% de espermatozoides com motilidade progressiva p\u00f3s-descongelamento;<\/p>\n\n\n\n<p>\u2022\u00a0\u00a0\u00a0\u00a0\u00a0\u00a0\u00a0\u00a0\u00a0\u00a0\u00a0\u00a0 4 a 11 milh\u00f5es de espermatozoides com motilidade progressiva\/palheta;<\/p>\n\n\n\n<p>\u2022&nbsp;&nbsp;&nbsp;&nbsp;&nbsp;&nbsp;&nbsp;&nbsp;&nbsp;&nbsp;&nbsp;&nbsp; Vigor 3 (escala de 0-5);<\/p>\n\n\n\n<p>\u2022\u00a0\u00a0\u00a0\u00a0\u00a0\u00a0\u00a0\u00a0\u00a0\u00a0\u00a0\u00a0 M\u00e1ximo de 20% de defeitos maiores e n\u00e3o mais do que 30% de defeitos totais.<\/p>\n\n\n\n<h3 class=\"is-style-article-title wp-block-heading\"><strong>Padr\u00f5es de Qualidade Gen\u00e9tica Sexada Sexcel:<\/strong><\/h3>\n\n\n\n<p>A gen\u00e9tica sexada Sexcel powered by IntelliGen \u00e9 comercializada em palhetas na cor rosa (F) e azul (M) de 0,25 mL.<\/p>\n\n\n\n<p>Somente s\u00e3o comercializadas partidas aprovadas pelo controle de qualidade que apresentam os seguintes padr\u00f5es de qualidade:<\/p>\n\n\n\n<p>\u2022&nbsp;&nbsp;&nbsp;&nbsp;&nbsp;&nbsp;&nbsp;&nbsp;&nbsp;&nbsp;&nbsp;&nbsp; No m\u00ednimo 1 milh\u00e3o de espermatozoides com motilidade progressiva p\u00f3s-descongelamento;<\/p>\n\n\n\n<p>\u2022\u00a0\u00a0\u00a0\u00a0\u00a0\u00a0\u00a0\u00a0\u00a0\u00a0\u00a0\u00a0 Pureza: no m\u00ednimo 85% de c\u00e9lulas do sexo desejado para sexagem de F\u00eamea e, m\u00ednimo 82% de c\u00e9lulas do sexo desejado para sexagem de Macho;<\/p>\n\n\n\n<p>\u2022&nbsp;&nbsp;&nbsp;&nbsp;&nbsp;&nbsp;&nbsp;&nbsp;&nbsp;&nbsp;&nbsp;&nbsp; Vigor 3 (escala de 0-5, an\u00e1lise visual);<\/p>\n\n\n\n<p>\u2022\u00a0\u00a0\u00a0\u00a0\u00a0\u00a0\u00a0\u00a0\u00a0\u00a0\u00a0\u00a0 M\u00e1ximo de 20% de defeitos maiores e n\u00e3o mais do que 30% de defeitos totais. (Em virtude da tecnologia de sexagem utilizada, c\u00e9lulas fragmentadas ou fragmentos celulares n\u00e3o s\u00e3o considerados defeitos morfol\u00f3gicos.)<\/p>\n","protected":false},"excerpt":{"rendered":"<p>Padr\u00f5es de Qualidade S\u00eamen Convencional: O s\u00eamen convencional \u00e9 comercializado pela ABS em palhetas de 0,25 mL ou 0,5 mL. Somente s\u00e3o comercializadas partidas aprovadas pelo controle de qualidade que apresentam os seguintes padr\u00f5es: \u2022&nbsp;&nbsp;&nbsp;&nbsp;&nbsp;&nbsp;&nbsp;&nbsp;&nbsp;&nbsp;&nbsp;&nbsp; M\u00ednimo de 40% de espermatozoides com motilidade progressiva p\u00f3s-descongelamento; \u2022\u00a0\u00a0\u00a0\u00a0\u00a0\u00a0\u00a0\u00a0\u00a0\u00a0\u00a0\u00a0 4 a 11 milh\u00f5es de espermatozoides com motilidade progressiva\/palheta; \u2022&nbsp;&nbsp;&nbsp;&nbsp;&nbsp;&nbsp;&nbsp;&nbsp;&nbsp;&nbsp;&nbsp;&nbsp; [&hellip;]<\/p>\n","protected":false},"author":271,"featured_media":0,"parent":0,"menu_order":0,"comment_status":"closed","ping_status":"closed","template":"","meta":{"_acf_changed":false,"content-type":"","footnotes":""},"class_list":["post-4524","page","type-page","status-publish","hentry"],"acf":[],"yoast_head":"<!-- This site is optimized with the Yoast SEO Premium plugin v22.1 (Yoast SEO v25.3) - https:\/\/yoast.com\/wordpress\/plugins\/seo\/ -->\n<title>Qualidade - ABS Global Brasil<\/title>\n<meta name=\"robots\" content=\"index, follow, max-snippet:-1, max-image-preview:large, max-video-preview:-1\" \/>\n<link rel=\"canonical\" href=\"https:\/\/www-dev.absglobal.com\/br\/qualidade\/\" \/>\n<meta property=\"og:locale\" content=\"pt_BR\" \/>\n<meta property=\"og:type\" content=\"article\" \/>\n<meta property=\"og:title\" content=\"Qualidade\" \/>\n<meta property=\"og:description\" content=\"Padr\u00f5es de Qualidade S\u00eamen Convencional: O s\u00eamen convencional \u00e9 comercializado pela ABS em palhetas de 0,25 mL ou 0,5 mL. Somente s\u00e3o comercializadas partidas aprovadas pelo controle de qualidade que apresentam os seguintes padr\u00f5es: \u2022&nbsp;&nbsp;&nbsp;&nbsp;&nbsp;&nbsp;&nbsp;&nbsp;&nbsp;&nbsp;&nbsp;&nbsp; M\u00ednimo de 40% de espermatozoides com motilidade progressiva p\u00f3s-descongelamento; \u2022\u00a0\u00a0\u00a0\u00a0\u00a0\u00a0\u00a0\u00a0\u00a0\u00a0\u00a0\u00a0 4 a 11 milh\u00f5es de espermatozoides com motilidade progressiva\/palheta; \u2022&nbsp;&nbsp;&nbsp;&nbsp;&nbsp;&nbsp;&nbsp;&nbsp;&nbsp;&nbsp;&nbsp;&nbsp; [&hellip;]\" \/>\n<meta property=\"og:url\" content=\"https:\/\/www-dev.absglobal.com\/br\/qualidade\/\" \/>\n<meta property=\"og:site_name\" content=\"ABS Global Brasil\" \/>\n<meta property=\"article:modified_time\" content=\"2023-07-24T13:55:34+00:00\" \/>\n<meta name=\"twitter:card\" content=\"summary_large_image\" \/>\n<meta name=\"twitter:label1\" content=\"Est. reading time\" \/>\n\t<meta name=\"twitter:data1\" content=\"2 minutos\" \/>\n<script type=\"application\/ld+json\" class=\"yoast-schema-graph\">{\"@context\":\"https:\/\/schema.org\",\"@graph\":[{\"@type\":\"WebPage\",\"@id\":\"https:\/\/www-dev.absglobal.com\/br\/qualidade\/\",\"url\":\"https:\/\/www-dev.absglobal.com\/br\/qualidade\/\",\"name\":\"Qualidade - ABS Global Brasil\",\"isPartOf\":{\"@id\":\"https:\/\/www-dev.absglobal.com\/br\/#website\"},\"datePublished\":\"2020-12-07T13:03:02+00:00\",\"dateModified\":\"2023-07-24T13:55:34+00:00\",\"breadcrumb\":{\"@id\":\"https:\/\/www-dev.absglobal.com\/br\/qualidade\/#breadcrumb\"},\"inLanguage\":\"pt-BR\",\"potentialAction\":[{\"@type\":\"ReadAction\",\"target\":[\"https:\/\/www-dev.absglobal.com\/br\/qualidade\/\"]}]},{\"@type\":\"BreadcrumbList\",\"@id\":\"https:\/\/www-dev.absglobal.com\/br\/qualidade\/#breadcrumb\",\"itemListElement\":[{\"@type\":\"ListItem\",\"position\":1,\"name\":\"Home\",\"item\":\"https:\/\/www-dev.absglobal.com\/br\/\"},{\"@type\":\"ListItem\",\"position\":2,\"name\":\"Qualidade\"}]},{\"@type\":\"WebSite\",\"@id\":\"https:\/\/www-dev.absglobal.com\/br\/#website\",\"url\":\"https:\/\/www-dev.absglobal.com\/br\/\",\"name\":\"ABS Global Brasil\",\"description\":\"\",\"publisher\":{\"@id\":\"https:\/\/www-dev.absglobal.com\/br\/#organization\"},\"potentialAction\":[{\"@type\":\"SearchAction\",\"target\":{\"@type\":\"EntryPoint\",\"urlTemplate\":\"https:\/\/www-dev.absglobal.com\/br\/?s={search_term_string}\"},\"query-input\":{\"@type\":\"PropertyValueSpecification\",\"valueRequired\":true,\"valueName\":\"search_term_string\"}}],\"inLanguage\":\"pt-BR\"},{\"@type\":\"Organization\",\"@id\":\"https:\/\/www-dev.absglobal.com\/br\/#organization\",\"name\":\"ABS Global Brasil\",\"url\":\"https:\/\/www-dev.absglobal.com\/br\/\",\"logo\":{\"@type\":\"ImageObject\",\"inLanguage\":\"pt-BR\",\"@id\":\"https:\/\/www-dev.absglobal.com\/br\/#\/schema\/logo\/image\/\",\"url\":\"https:\/\/www-dev.absglobal.com\/br\/wp-content\/uploads\/sites\/16\/2020\/03\/LogoRGB.png\",\"contentUrl\":\"https:\/\/www-dev.absglobal.com\/br\/wp-content\/uploads\/sites\/16\/2020\/03\/LogoRGB.png\",\"width\":872,\"height\":1080,\"caption\":\"ABS Global Brasil \"},\"image\":{\"@id\":\"https:\/\/www-dev.absglobal.com\/br\/#\/schema\/logo\/image\/\"}}]}<\/script>\n<!-- \/ Yoast SEO Premium plugin. -->","yoast_head_json":{"title":"Qualidade - ABS Global Brasil","robots":{"index":"index","follow":"follow","max-snippet":"max-snippet:-1","max-image-preview":"max-image-preview:large","max-video-preview":"max-video-preview:-1"},"canonical":"https:\/\/www-dev.absglobal.com\/br\/qualidade\/","og_locale":"pt_BR","og_type":"article","og_title":"Qualidade","og_description":"Padr\u00f5es de Qualidade S\u00eamen Convencional: O s\u00eamen convencional \u00e9 comercializado pela ABS em palhetas de 0,25 mL ou 0,5 mL. Somente s\u00e3o comercializadas partidas aprovadas pelo controle de qualidade que apresentam os seguintes padr\u00f5es: \u2022&nbsp;&nbsp;&nbsp;&nbsp;&nbsp;&nbsp;&nbsp;&nbsp;&nbsp;&nbsp;&nbsp;&nbsp; M\u00ednimo de 40% de espermatozoides com motilidade progressiva p\u00f3s-descongelamento; \u2022\u00a0\u00a0\u00a0\u00a0\u00a0\u00a0\u00a0\u00a0\u00a0\u00a0\u00a0\u00a0 4 a 11 milh\u00f5es de espermatozoides com motilidade progressiva\/palheta; \u2022&nbsp;&nbsp;&nbsp;&nbsp;&nbsp;&nbsp;&nbsp;&nbsp;&nbsp;&nbsp;&nbsp;&nbsp; [&hellip;]","og_url":"https:\/\/www-dev.absglobal.com\/br\/qualidade\/","og_site_name":"ABS Global Brasil","article_modified_time":"2023-07-24T13:55:34+00:00","twitter_card":"summary_large_image","twitter_misc":{"Est. reading time":"2 minutos"},"schema":{"@context":"https:\/\/schema.org","@graph":[{"@type":"WebPage","@id":"https:\/\/www-dev.absglobal.com\/br\/qualidade\/","url":"https:\/\/www-dev.absglobal.com\/br\/qualidade\/","name":"Qualidade - ABS Global Brasil","isPartOf":{"@id":"https:\/\/www-dev.absglobal.com\/br\/#website"},"datePublished":"2020-12-07T13:03:02+00:00","dateModified":"2023-07-24T13:55:34+00:00","breadcrumb":{"@id":"https:\/\/www-dev.absglobal.com\/br\/qualidade\/#breadcrumb"},"inLanguage":"pt-BR","potentialAction":[{"@type":"ReadAction","target":["https:\/\/www-dev.absglobal.com\/br\/qualidade\/"]}]},{"@type":"BreadcrumbList","@id":"https:\/\/www-dev.absglobal.com\/br\/qualidade\/#breadcrumb","itemListElement":[{"@type":"ListItem","position":1,"name":"Home","item":"https:\/\/www-dev.absglobal.com\/br\/"},{"@type":"ListItem","position":2,"name":"Qualidade"}]},{"@type":"WebSite","@id":"https:\/\/www-dev.absglobal.com\/br\/#website","url":"https:\/\/www-dev.absglobal.com\/br\/","name":"ABS Global Brasil","description":"","publisher":{"@id":"https:\/\/www-dev.absglobal.com\/br\/#organization"},"potentialAction":[{"@type":"SearchAction","target":{"@type":"EntryPoint","urlTemplate":"https:\/\/www-dev.absglobal.com\/br\/?s={search_term_string}"},"query-input":{"@type":"PropertyValueSpecification","valueRequired":true,"valueName":"search_term_string"}}],"inLanguage":"pt-BR"},{"@type":"Organization","@id":"https:\/\/www-dev.absglobal.com\/br\/#organization","name":"ABS Global Brasil","url":"https:\/\/www-dev.absglobal.com\/br\/","logo":{"@type":"ImageObject","inLanguage":"pt-BR","@id":"https:\/\/www-dev.absglobal.com\/br\/#\/schema\/logo\/image\/","url":"https:\/\/www-dev.absglobal.com\/br\/wp-content\/uploads\/sites\/16\/2020\/03\/LogoRGB.png","contentUrl":"https:\/\/www-dev.absglobal.com\/br\/wp-content\/uploads\/sites\/16\/2020\/03\/LogoRGB.png","width":872,"height":1080,"caption":"ABS Global Brasil "},"image":{"@id":"https:\/\/www-dev.absglobal.com\/br\/#\/schema\/logo\/image\/"}}]}},"jetpack_sharing_enabled":true,"_links":{"self":[{"href":"https:\/\/www-dev.absglobal.com\/br\/wp-json\/wp\/v2\/pages\/4524"}],"collection":[{"href":"https:\/\/www-dev.absglobal.com\/br\/wp-json\/wp\/v2\/pages"}],"about":[{"href":"https:\/\/www-dev.absglobal.com\/br\/wp-json\/wp\/v2\/types\/page"}],"author":[{"embeddable":true,"href":"https:\/\/www-dev.absglobal.com\/br\/wp-json\/wp\/v2\/users\/271"}],"replies":[{"embeddable":true,"href":"https:\/\/www-dev.absglobal.com\/br\/wp-json\/wp\/v2\/comments?post=4524"}],"version-history":[{"count":14,"href":"https:\/\/www-dev.absglobal.com\/br\/wp-json\/wp\/v2\/pages\/4524\/revisions"}],"predecessor-version":[{"id":6534,"href":"https:\/\/www-dev.absglobal.com\/br\/wp-json\/wp\/v2\/pages\/4524\/revisions\/6534"}],"wp:attachment":[{"href":"https:\/\/www-dev.absglobal.com\/br\/wp-json\/wp\/v2\/media?parent=4524"}],"curies":[{"name":"wp","href":"https:\/\/api.w.org\/{rel}","templated":true}]}}