{"id":4838,"date":"2021-03-30T06:23:12","date_gmt":"2021-03-30T11:23:12","guid":{"rendered":"https:\/\/www-dev.absglobal.com\/br\/?page_id=4838"},"modified":"2021-11-01T16:23:25","modified_gmt":"2021-11-01T21:23:25","slug":"abs-comemora-80-anos","status":"publish","type":"page","link":"https:\/\/www-dev.absglobal.com\/br\/abs-comemora-80-anos\/","title":{"rendered":"ABS comemora seu anivers\u00e1rio de 80 anos"},"content":{"rendered":"\n<p class=\"has-text-align-center has-large-font-size\">80 anos e seguindo como pioneiros no progresso gen\u00e9tico<\/p>\n\n\n\n<p>Desde que o Rockefeller Prentice fundou a ABS em 1941, inova\u00e7\u00e3o t\u00eam feito parte do nosso DNA. A partir do co-desenvolvimento do nosso primeiro botij\u00e3o de s\u00eamen at\u00e9 o recente sucesso do Sexcel e Beef InFocus, temos deixado a nossa marca na ind\u00fastria da gen\u00e9tica bovina.<\/p>\n\n\n\n<p>As pessoas s\u00e3o a raz\u00e3o da nossa exist\u00eancia. Durante 80 anos as necessidades dos nossos clientes nos ajudaram a construir o que somos hoje, enquanto nossos funcion\u00e1rios e parceiros fornecem diversas perspectivas e nos direcionam ao sucesso. <\/p>\n\n\n\n<p>Nosso muito obrigado aos produtores que, orientados pela gen\u00e9tica, fazem parceria com a nossa empresa para produzir leite e carne de qualidade.<\/p>\n\n\n\n<p class=\"has-text-align-center has-large-font-size\">Assista a nossa trajet\u00f3ria at\u00e9 aqui\u2026<\/p>\n\n\n\n<p><\/p>\n\n\n\n<figure class=\"wp-block-embed is-type-video is-provider-youtube wp-block-embed-youtube wp-embed-aspect-16-9 wp-has-aspect-ratio\"><div class=\"wp-block-embed__wrapper\">\n<iframe title=\"ABS 80th Anniversary - Portuguese\" width=\"500\" height=\"281\" src=\"https:\/\/www.youtube.com\/embed\/i54SXlP35S8?feature=oembed\" frameborder=\"0\" allow=\"accelerometer; autoplay; clipboard-write; encrypted-media; gyroscope; picture-in-picture; web-share\" referrerpolicy=\"strict-origin-when-cross-origin\" allowfullscreen><\/iframe>\n<\/div><figcaption>Acompanhe a nossa linha do tempo at\u00e9 aqui\u2026<\/figcaption><\/figure>\n\n\n\n<div class=\"wp-block-group alignwide\"><div class=\"wp-block-group__inner-container is-layout-flow wp-block-group-is-layout-flow\">\n\n\t<section id=\"\" class=\" section-wrapper section-wrapper-fluid section-wrapper-banner\" data-magellan-target=\"\">\n\t\t\t\t\t\t\t<div class=\"section-wrapper-overlay\"><\/div>\n\t\t\t\t<div class=\"section-wrapper-inner\">\n\t\t\t<article class=\"article\">\n\t\t\t\t\t\t\t\t\t<h2 class=\"section-title-main\">As hist\u00f3rias dos nossos funcion\u00e1rios<\/h2>\n\t\t\t\t\n\t\t\t\t<p><span style=\"font-weight: 400\">Leia as hist\u00f3rias de nossos funcion\u00e1rios, contadas por eles, sobre suas jornadas de trabalho, a cultura ABS, oportunidades de desenvolvimento e a forma de como trabalhamos juntos para impulsionar a inova\u00e7\u00e3o.<\/span><\/p>\n\n\t\t\t\t\t\t\t\t\t<div class=\"card-button-grid grid-x grid-margin-x\">\n\t\t\t\t\t\t\t\t\t\t\t\t\t\t<a href=\"https:\/\/www.absglobal.com\/br\/resultados-de-clientes\/nossas-historias-beth-ward\/\" class=\"cell small-12 medium-6 card-button\" target=\"_blank\">\n\t\t\t\t\t\t\t\t\t<div class=\"card-button-inner\">\n\t\t\t\t\t\t\t\t\t\t<span>Beth Ward &#8211; Consultora T\u00e9cnica de RMS<\/span>\n\t\t\t\t\t\t\t\t\t\t<img decoding=\"async\" class=\"card-button-arrow\" src=\"https:\/\/www-dev.absglobal.com\/br\/wp-content\/themes\/abs\/dist\/assets\/img\/icons\/arrow-right-icon.svg\" aria-hidden=\"true\" alt=\"Arrow icon\">\n\t\t\t\t\t\t\t\t\t<\/div>\n\t\t\t\t\t\t\t\t<\/a>\n\t\t\t\t\t\t\t\t\t\t\t\t\t\t\t\t<a href=\"https:\/\/www.absglobal.com\/br\/resultados-de-clientes\/nossas-historias-lynda-dooley\/\" class=\"cell small-12 medium-6 card-button\" target=\"_blank\">\n\t\t\t\t\t\t\t\t\t<div class=\"card-button-inner\">\n\t\t\t\t\t\t\t\t\t\t<span>Lynda Dooley &#8211; Assistente Executiva do time de Marketing e Estrat\u00e9gias \u2013 EMEA<\/span>\n\t\t\t\t\t\t\t\t\t\t<img decoding=\"async\" class=\"card-button-arrow\" src=\"https:\/\/www-dev.absglobal.com\/br\/wp-content\/themes\/abs\/dist\/assets\/img\/icons\/arrow-right-icon.svg\" aria-hidden=\"true\" alt=\"Arrow icon\">\n\t\t\t\t\t\t\t\t\t<\/div>\n\t\t\t\t\t\t\t\t<\/a>\n\t\t\t\t\t\t\t\t\t\t\t\t\t\t\t\t<a href=\"https:\/\/www.absglobal.com\/br\/resultados-de-clientes\/nossas-historias-paul-nunn\/\" class=\"cell small-12 medium-6 card-button\" target=\"_blank\">\n\t\t\t\t\t\t\t\t\t<div class=\"card-button-inner\">\n\t\t\t\t\t\t\t\t\t\t<span>Paul Nunn &#8211; Gerente de Desenvolvimento de Neg\u00f3cios \u2013 Produtos \u2013 EMEA<\/span>\n\t\t\t\t\t\t\t\t\t\t<img decoding=\"async\" class=\"card-button-arrow\" src=\"https:\/\/www-dev.absglobal.com\/br\/wp-content\/themes\/abs\/dist\/assets\/img\/icons\/arrow-right-icon.svg\" aria-hidden=\"true\" alt=\"Arrow icon\">\n\t\t\t\t\t\t\t\t\t<\/div>\n\t\t\t\t\t\t\t\t<\/a>\n\t\t\t\t\t\t\t\t\t\t\t\t\t\t\t\t<a href=\"https:\/\/www.absglobal.com\/br\/resultados-de-clientes\/nossas-historias-stephanie-doherty\/\" class=\"cell small-12 medium-6 card-button\" target=\"_blank\">\n\t\t\t\t\t\t\t\t\t<div class=\"card-button-inner\">\n\t\t\t\t\t\t\t\t\t\t<span>Stephanie Doherty &#8211; Gerente de Neg\u00f3cios Regional de Midlands<\/span>\n\t\t\t\t\t\t\t\t\t\t<img decoding=\"async\" class=\"card-button-arrow\" src=\"https:\/\/www-dev.absglobal.com\/br\/wp-content\/themes\/abs\/dist\/assets\/img\/icons\/arrow-right-icon.svg\" aria-hidden=\"true\" alt=\"Arrow icon\">\n\t\t\t\t\t\t\t\t\t<\/div>\n\t\t\t\t\t\t\t\t<\/a>\n\t\t\t\t\t\t\t\t\t\t\t\t\t\t\t\t<a href=\"https:\/\/www.absglobal.com\/br\/resultados-de-clientes\/nossas-historias-bill-foster\/\" class=\"cell small-12 medium-6 card-button\" target=\"_blank\">\n\t\t\t\t\t\t\t\t\t<div class=\"card-button-inner\">\n\t\t\t\t\t\t\t\t\t\t<span>Bill Foster &#8211; Especialista de Gado de Leite<\/span>\n\t\t\t\t\t\t\t\t\t\t<img decoding=\"async\" class=\"card-button-arrow\" src=\"https:\/\/www-dev.absglobal.com\/br\/wp-content\/themes\/abs\/dist\/assets\/img\/icons\/arrow-right-icon.svg\" aria-hidden=\"true\" alt=\"Arrow icon\">\n\t\t\t\t\t\t\t\t\t<\/div>\n\t\t\t\t\t\t\t\t<\/a>\n\t\t\t\t\t\t\t\t\t\t\t\t\t\t\t\t<a href=\"https:\/\/www.absglobal.com\/br\/resultados-de-clientes\/nossas-historias-sian-jones\/\" class=\"cell small-12 medium-6 card-button\" target=\"_blank\">\n\t\t\t\t\t\t\t\t\t<div class=\"card-button-inner\">\n\t\t\t\t\t\t\t\t\t\t<span>Sian Jones &#8211; Gerente de Laborat\u00f3rio Convencional<\/span>\n\t\t\t\t\t\t\t\t\t\t<img decoding=\"async\" class=\"card-button-arrow\" src=\"https:\/\/www-dev.absglobal.com\/br\/wp-content\/themes\/abs\/dist\/assets\/img\/icons\/arrow-right-icon.svg\" aria-hidden=\"true\" alt=\"Arrow icon\">\n\t\t\t\t\t\t\t\t\t<\/div>\n\t\t\t\t\t\t\t\t<\/a>\n\t\t\t\t\t\t\t\t\t\t\t\t\t\t\t\t<a href=\"https:\/\/www.absglobal.com\/br\/resultados-de-clientes\/marcio-nery-diretor-geral-abs-brasil\/\" class=\"cell small-12 medium-6 card-button\" target=\"\">\n\t\t\t\t\t\t\t\t\t<div class=\"card-button-inner\">\n\t\t\t\t\t\t\t\t\t\t<span>M\u00e1rcio Nery \u2013 Diretor Geral \u2013 ABS Brasil<\/span>\n\t\t\t\t\t\t\t\t\t\t<img decoding=\"async\" class=\"card-button-arrow\" src=\"https:\/\/www-dev.absglobal.com\/br\/wp-content\/themes\/abs\/dist\/assets\/img\/icons\/arrow-right-icon.svg\" aria-hidden=\"true\" alt=\"Arrow icon\">\n\t\t\t\t\t\t\t\t\t<\/div>\n\t\t\t\t\t\t\t\t<\/a>\n\t\t\t\t\t\t\t\t\t\t\t\t\t\t\t\t<a href=\"https:\/\/www.absglobal.com\/br\/resultados-de-clientes\/irene-aguirre-agente-zonal-sul-abs-chile\/\" class=\"cell small-12 medium-6 card-button\" target=\"\">\n\t\t\t\t\t\t\t\t\t<div class=\"card-button-inner\">\n\t\t\t\t\t\t\t\t\t\t<span>Irene Aguirre \u2013 Agente Zonal Sul \u2013 ABS Chile<\/span>\n\t\t\t\t\t\t\t\t\t\t<img decoding=\"async\" class=\"card-button-arrow\" src=\"https:\/\/www-dev.absglobal.com\/br\/wp-content\/themes\/abs\/dist\/assets\/img\/icons\/arrow-right-icon.svg\" aria-hidden=\"true\" alt=\"Arrow icon\">\n\t\t\t\t\t\t\t\t\t<\/div>\n\t\t\t\t\t\t\t\t<\/a>\n\t\t\t\t\t\t\t\t\t\t\t\t\t<\/div>\n\t\t\t\t\t\t\t<\/article>\n\t\t<\/div>\n\t<\/section>\n\t<\/div><\/div>\n\n\n\n<div class=\"wp-block-columns is-layout-flex wp-container-core-columns-is-layout-1 wp-block-columns-is-layout-flex\">\n<div class=\"wp-block-column is-layout-flow wp-block-column-is-layout-flow\" style=\"flex-basis:100%\">\n<div class=\"wp-block-group rep-finder\"><div class=\"wp-block-group__inner-container is-layout-flow wp-block-group-is-layout-flow\">\n<div class=\"wp-block-group\"><div class=\"wp-block-group__inner-container is-layout-flow wp-block-group-is-layout-flow\">\n<div style=\"float:left;padding:10px;color:#397cc2\">\n\n\n\n<p><\/p>\n<\/div><\/div>\n\n\n\n<h2 style=\"float:left;padding:10px;color:#397cc2\">Encontre seu Representante<\/h2>\n\n\n\n<div style=\"float:left;width:50%;margin-left:10px\"><a href=\"http:\/\/abs.link\/representantes\" class=\"button rep-finder-cta rep-finder\">Encontre seu Representante<\/a><\/div>\n\n\n\n<div style=\"float:right;margin-right:10px;color:#397cc2\">\n<p>D\u00favidas Gerais<\/p>\n<hr class=\"divider\">\n<p><img decoding=\"async\" src=\"https:\/\/www-dev.absglobal.com\/br\/wp-content\/themes\/abs\/dist\/assets\/img\/icons\/phone-icon.svg\" alt=\"Phone icon\"> (34) 3319-5400<\/p>\n<\/div>\n\n\n\n<\/div>\n<\/div><\/div>\n<\/div>\n<\/div>\n","protected":false},"excerpt":{"rendered":"<p>80 anos e seguindo como pioneiros no progresso gen\u00e9tico Desde que o Rockefeller Prentice fundou a ABS em 1941, inova\u00e7\u00e3o t\u00eam feito parte do nosso DNA. A partir do co-desenvolvimento do nosso primeiro botij\u00e3o de s\u00eamen at\u00e9 o recente sucesso do Sexcel e Beef InFocus, temos deixado a nossa marca na ind\u00fastria da gen\u00e9tica bovina. [&hellip;]<\/p>\n","protected":false},"author":441,"featured_media":0,"parent":0,"menu_order":0,"comment_status":"closed","ping_status":"closed","template":"","meta":{"_acf_changed":false,"content-type":"","footnotes":""},"class_list":["post-4838","page","type-page","status-publish","hentry"],"acf":[],"yoast_head":"<!-- This site is optimized with the Yoast SEO Premium plugin v22.1 (Yoast SEO v25.3) - https:\/\/yoast.com\/wordpress\/plugins\/seo\/ -->\n<title>ABS comemora seu anivers\u00e1rio de 80 anos - ABS Global Brasil<\/title>\n<meta name=\"robots\" content=\"index, follow, max-snippet:-1, max-image-preview:large, max-video-preview:-1\" \/>\n<link rel=\"canonical\" href=\"https:\/\/www-dev.absglobal.com\/br\/abs-comemora-80-anos\/\" \/>\n<meta property=\"og:locale\" content=\"pt_BR\" \/>\n<meta property=\"og:type\" content=\"article\" \/>\n<meta property=\"og:title\" content=\"ABS comemora seu anivers\u00e1rio de 80 anos\" \/>\n<meta property=\"og:description\" content=\"80 anos e seguindo como pioneiros no progresso gen\u00e9tico Desde que o Rockefeller Prentice fundou a ABS em 1941, inova\u00e7\u00e3o t\u00eam feito parte do nosso DNA. A partir do co-desenvolvimento do nosso primeiro botij\u00e3o de s\u00eamen at\u00e9 o recente sucesso do Sexcel e Beef InFocus, temos deixado a nossa marca na ind\u00fastria da gen\u00e9tica bovina. [&hellip;]\" \/>\n<meta property=\"og:url\" content=\"https:\/\/www-dev.absglobal.com\/br\/abs-comemora-80-anos\/\" \/>\n<meta property=\"og:site_name\" content=\"ABS Global Brasil\" \/>\n<meta property=\"article:modified_time\" content=\"2021-11-01T21:23:25+00:00\" \/>\n<meta name=\"twitter:card\" content=\"summary_large_image\" \/>\n<meta name=\"twitter:label1\" content=\"Est. reading time\" \/>\n\t<meta name=\"twitter:data1\" content=\"1 minuto\" \/>\n<script type=\"application\/ld+json\" class=\"yoast-schema-graph\">{\"@context\":\"https:\/\/schema.org\",\"@graph\":[{\"@type\":\"WebPage\",\"@id\":\"https:\/\/www-dev.absglobal.com\/br\/abs-comemora-80-anos\/\",\"url\":\"https:\/\/www-dev.absglobal.com\/br\/abs-comemora-80-anos\/\",\"name\":\"ABS comemora seu anivers\u00e1rio de 80 anos - ABS Global Brasil\",\"isPartOf\":{\"@id\":\"https:\/\/www-dev.absglobal.com\/br\/#website\"},\"datePublished\":\"2021-03-30T11:23:12+00:00\",\"dateModified\":\"2021-11-01T21:23:25+00:00\",\"breadcrumb\":{\"@id\":\"https:\/\/www-dev.absglobal.com\/br\/abs-comemora-80-anos\/#breadcrumb\"},\"inLanguage\":\"pt-BR\",\"potentialAction\":[{\"@type\":\"ReadAction\",\"target\":[\"https:\/\/www-dev.absglobal.com\/br\/abs-comemora-80-anos\/\"]}]},{\"@type\":\"BreadcrumbList\",\"@id\":\"https:\/\/www-dev.absglobal.com\/br\/abs-comemora-80-anos\/#breadcrumb\",\"itemListElement\":[{\"@type\":\"ListItem\",\"position\":1,\"name\":\"Home\",\"item\":\"https:\/\/www-dev.absglobal.com\/br\/\"},{\"@type\":\"ListItem\",\"position\":2,\"name\":\"ABS comemora seu anivers\u00e1rio de 80 anos\"}]},{\"@type\":\"WebSite\",\"@id\":\"https:\/\/www-dev.absglobal.com\/br\/#website\",\"url\":\"https:\/\/www-dev.absglobal.com\/br\/\",\"name\":\"ABS Global Brasil\",\"description\":\"\",\"publisher\":{\"@id\":\"https:\/\/www-dev.absglobal.com\/br\/#organization\"},\"potentialAction\":[{\"@type\":\"SearchAction\",\"target\":{\"@type\":\"EntryPoint\",\"urlTemplate\":\"https:\/\/www-dev.absglobal.com\/br\/?s={search_term_string}\"},\"query-input\":{\"@type\":\"PropertyValueSpecification\",\"valueRequired\":true,\"valueName\":\"search_term_string\"}}],\"inLanguage\":\"pt-BR\"},{\"@type\":\"Organization\",\"@id\":\"https:\/\/www-dev.absglobal.com\/br\/#organization\",\"name\":\"ABS Global Brasil\",\"url\":\"https:\/\/www-dev.absglobal.com\/br\/\",\"logo\":{\"@type\":\"ImageObject\",\"inLanguage\":\"pt-BR\",\"@id\":\"https:\/\/www-dev.absglobal.com\/br\/#\/schema\/logo\/image\/\",\"url\":\"https:\/\/www-dev.absglobal.com\/br\/wp-content\/uploads\/sites\/16\/2020\/03\/LogoRGB.png\",\"contentUrl\":\"https:\/\/www-dev.absglobal.com\/br\/wp-content\/uploads\/sites\/16\/2020\/03\/LogoRGB.png\",\"width\":872,\"height\":1080,\"caption\":\"ABS Global Brasil \"},\"image\":{\"@id\":\"https:\/\/www-dev.absglobal.com\/br\/#\/schema\/logo\/image\/\"}}]}<\/script>\n<!-- \/ Yoast SEO Premium plugin. -->","yoast_head_json":{"title":"ABS comemora seu anivers\u00e1rio de 80 anos - ABS Global Brasil","robots":{"index":"index","follow":"follow","max-snippet":"max-snippet:-1","max-image-preview":"max-image-preview:large","max-video-preview":"max-video-preview:-1"},"canonical":"https:\/\/www-dev.absglobal.com\/br\/abs-comemora-80-anos\/","og_locale":"pt_BR","og_type":"article","og_title":"ABS comemora seu anivers\u00e1rio de 80 anos","og_description":"80 anos e seguindo como pioneiros no progresso gen\u00e9tico Desde que o Rockefeller Prentice fundou a ABS em 1941, inova\u00e7\u00e3o t\u00eam feito parte do nosso DNA. A partir do co-desenvolvimento do nosso primeiro botij\u00e3o de s\u00eamen at\u00e9 o recente sucesso do Sexcel e Beef InFocus, temos deixado a nossa marca na ind\u00fastria da gen\u00e9tica bovina. [&hellip;]","og_url":"https:\/\/www-dev.absglobal.com\/br\/abs-comemora-80-anos\/","og_site_name":"ABS Global Brasil","article_modified_time":"2021-11-01T21:23:25+00:00","twitter_card":"summary_large_image","twitter_misc":{"Est. reading time":"1 minuto"},"schema":{"@context":"https:\/\/schema.org","@graph":[{"@type":"WebPage","@id":"https:\/\/www-dev.absglobal.com\/br\/abs-comemora-80-anos\/","url":"https:\/\/www-dev.absglobal.com\/br\/abs-comemora-80-anos\/","name":"ABS comemora seu anivers\u00e1rio de 80 anos - ABS Global Brasil","isPartOf":{"@id":"https:\/\/www-dev.absglobal.com\/br\/#website"},"datePublished":"2021-03-30T11:23:12+00:00","dateModified":"2021-11-01T21:23:25+00:00","breadcrumb":{"@id":"https:\/\/www-dev.absglobal.com\/br\/abs-comemora-80-anos\/#breadcrumb"},"inLanguage":"pt-BR","potentialAction":[{"@type":"ReadAction","target":["https:\/\/www-dev.absglobal.com\/br\/abs-comemora-80-anos\/"]}]},{"@type":"BreadcrumbList","@id":"https:\/\/www-dev.absglobal.com\/br\/abs-comemora-80-anos\/#breadcrumb","itemListElement":[{"@type":"ListItem","position":1,"name":"Home","item":"https:\/\/www-dev.absglobal.com\/br\/"},{"@type":"ListItem","position":2,"name":"ABS comemora seu anivers\u00e1rio de 80 anos"}]},{"@type":"WebSite","@id":"https:\/\/www-dev.absglobal.com\/br\/#website","url":"https:\/\/www-dev.absglobal.com\/br\/","name":"ABS Global Brasil","description":"","publisher":{"@id":"https:\/\/www-dev.absglobal.com\/br\/#organization"},"potentialAction":[{"@type":"SearchAction","target":{"@type":"EntryPoint","urlTemplate":"https:\/\/www-dev.absglobal.com\/br\/?s={search_term_string}"},"query-input":{"@type":"PropertyValueSpecification","valueRequired":true,"valueName":"search_term_string"}}],"inLanguage":"pt-BR"},{"@type":"Organization","@id":"https:\/\/www-dev.absglobal.com\/br\/#organization","name":"ABS Global Brasil","url":"https:\/\/www-dev.absglobal.com\/br\/","logo":{"@type":"ImageObject","inLanguage":"pt-BR","@id":"https:\/\/www-dev.absglobal.com\/br\/#\/schema\/logo\/image\/","url":"https:\/\/www-dev.absglobal.com\/br\/wp-content\/uploads\/sites\/16\/2020\/03\/LogoRGB.png","contentUrl":"https:\/\/www-dev.absglobal.com\/br\/wp-content\/uploads\/sites\/16\/2020\/03\/LogoRGB.png","width":872,"height":1080,"caption":"ABS Global Brasil "},"image":{"@id":"https:\/\/www-dev.absglobal.com\/br\/#\/schema\/logo\/image\/"}}]}},"jetpack_sharing_enabled":true,"_links":{"self":[{"href":"https:\/\/www-dev.absglobal.com\/br\/wp-json\/wp\/v2\/pages\/4838"}],"collection":[{"href":"https:\/\/www-dev.absglobal.com\/br\/wp-json\/wp\/v2\/pages"}],"about":[{"href":"https:\/\/www-dev.absglobal.com\/br\/wp-json\/wp\/v2\/types\/page"}],"author":[{"embeddable":true,"href":"https:\/\/www-dev.absglobal.com\/br\/wp-json\/wp\/v2\/users\/441"}],"replies":[{"embeddable":true,"href":"https:\/\/www-dev.absglobal.com\/br\/wp-json\/wp\/v2\/comments?post=4838"}],"version-history":[{"count":44,"href":"https:\/\/www-dev.absglobal.com\/br\/wp-json\/wp\/v2\/pages\/4838\/revisions"}],"predecessor-version":[{"id":5438,"href":"https:\/\/www-dev.absglobal.com\/br\/wp-json\/wp\/v2\/pages\/4838\/revisions\/5438"}],"wp:attachment":[{"href":"https:\/\/www-dev.absglobal.com\/br\/wp-json\/wp\/v2\/media?parent=4838"}],"curies":[{"name":"wp","href":"https:\/\/api.w.org\/{rel}","templated":true}]}}