{"id":4891,"date":"2021-04-13T16:07:55","date_gmt":"2021-04-13T21:07:55","guid":{"rendered":"https:\/\/www-dev.absglobal.com\/br\/?page_id=4891"},"modified":"2021-04-14T13:50:13","modified_gmt":"2021-04-14T18:50:13","slug":"imersao-corte-obrigado","status":"publish","type":"page","link":"https:\/\/www-dev.absglobal.com\/br\/imersao-corte-obrigado\/","title":{"rendered":"Obrigado! Inscri\u00e7\u00e3o confirmada!"},"content":{"rendered":"\n<h2 class=\"wp-block-heading\">Voc\u00ea deve ter recebido um e-mail com um link, onde ser\u00e1 transmitido o evento!<br><br>Caso n\u00e3o tenha recebido nenhum e-mail em 10 minutos, <a href=\"https:\/\/api.whatsapp.com\/send?phone=553433195484&amp;text=Ol%C3%A1,%20fiz%20minha%20inscri%C3%A7%C3%A3o%20no%20evento%20Imers%C3%A3o%20Corte,%20mas%20n%C3%A3o%20recebi%20o%20link.%20Poderia%20me%20enviar?\" target=\"_blank\" rel=\"noreferrer noopener\">clique aqui<\/a><\/h2>\n\n\n\n<p><\/p>\n\n\n\n<p><\/p>\n\n\n\n<p><\/p>\n\n\n\n<div class=\"wp-block-image\"><figure class=\"aligncenter size-large\"><img fetchpriority=\"high\" decoding=\"async\" height=\"1024\" width=\"607\" src=\"https:\/\/www-dev.absglobal.com\/br\/wp-content\/uploads\/sites\/16\/2021\/04\/MicrosoftTeams-image-8.jpg?w=607\" alt=\"\" class=\"wp-image-4893\" srcset=\"https:\/\/www-dev.absglobal.com\/br\/wp-content\/uploads\/sites\/16\/2021\/04\/MicrosoftTeams-image-8.jpg 1667w, https:\/\/www-dev.absglobal.com\/br\/wp-content\/uploads\/sites\/16\/2021\/04\/MicrosoftTeams-image-8.jpg?resize=178,300 178w, https:\/\/www-dev.absglobal.com\/br\/wp-content\/uploads\/sites\/16\/2021\/04\/MicrosoftTeams-image-8.jpg?resize=768,1296 768w, https:\/\/www-dev.absglobal.com\/br\/wp-content\/uploads\/sites\/16\/2021\/04\/MicrosoftTeams-image-8.jpg?resize=607,1024 607w, https:\/\/www-dev.absglobal.com\/br\/wp-content\/uploads\/sites\/16\/2021\/04\/MicrosoftTeams-image-8.jpg?resize=910,1536 910w, https:\/\/www-dev.absglobal.com\/br\/wp-content\/uploads\/sites\/16\/2021\/04\/MicrosoftTeams-image-8.jpg?resize=1214,2048 1214w\" sizes=\"(max-width: 607px) 100vw, 607px\" \/><\/figure><\/div>\n","protected":false},"excerpt":{"rendered":"<p>Voc\u00ea deve ter recebido um e-mail com um link, onde ser\u00e1 transmitido o evento! Caso n\u00e3o tenha recebido nenhum e-mail em 10 minutos, clique aqui<\/p>\n","protected":false},"author":437,"featured_media":0,"parent":0,"menu_order":0,"comment_status":"closed","ping_status":"closed","template":"","meta":{"_acf_changed":false,"content-type":"","footnotes":""},"class_list":["post-4891","page","type-page","status-publish","hentry"],"acf":[],"yoast_head":"<!-- This site is optimized with the Yoast SEO Premium plugin v22.1 (Yoast SEO v25.3) - https:\/\/yoast.com\/wordpress\/plugins\/seo\/ -->\n<title>Obrigado! Inscri\u00e7\u00e3o confirmada! - ABS Global Brasil<\/title>\n<meta name=\"robots\" content=\"index, follow, max-snippet:-1, max-image-preview:large, max-video-preview:-1\" \/>\n<link rel=\"canonical\" href=\"https:\/\/www-dev.absglobal.com\/br\/imersao-corte-obrigado\/\" \/>\n<meta property=\"og:locale\" content=\"pt_BR\" \/>\n<meta property=\"og:type\" content=\"article\" \/>\n<meta property=\"og:title\" content=\"Obrigado! Inscri\u00e7\u00e3o confirmada!\" \/>\n<meta property=\"og:description\" content=\"Voc\u00ea deve ter recebido um e-mail com um link, onde ser\u00e1 transmitido o evento! Caso n\u00e3o tenha recebido nenhum e-mail em 10 minutos, clique aqui\" \/>\n<meta property=\"og:url\" content=\"https:\/\/www-dev.absglobal.com\/br\/imersao-corte-obrigado\/\" \/>\n<meta property=\"og:site_name\" content=\"ABS Global Brasil\" \/>\n<meta property=\"article:modified_time\" content=\"2021-04-14T18:50:13+00:00\" \/>\n<meta property=\"og:image\" content=\"https:\/\/www-dev.absglobal.com\/br\/wp-content\/uploads\/sites\/16\/2021\/04\/MicrosoftTeams-image-8.jpg?w=607\" \/>\n<meta name=\"twitter:card\" content=\"summary_large_image\" \/>\n<script type=\"application\/ld+json\" class=\"yoast-schema-graph\">{\"@context\":\"https:\/\/schema.org\",\"@graph\":[{\"@type\":\"WebPage\",\"@id\":\"https:\/\/www-dev.absglobal.com\/br\/imersao-corte-obrigado\/\",\"url\":\"https:\/\/www-dev.absglobal.com\/br\/imersao-corte-obrigado\/\",\"name\":\"Obrigado! Inscri\u00e7\u00e3o confirmada! - ABS Global Brasil\",\"isPartOf\":{\"@id\":\"https:\/\/www-dev.absglobal.com\/br\/#website\"},\"primaryImageOfPage\":{\"@id\":\"https:\/\/www-dev.absglobal.com\/br\/imersao-corte-obrigado\/#primaryimage\"},\"image\":{\"@id\":\"https:\/\/www-dev.absglobal.com\/br\/imersao-corte-obrigado\/#primaryimage\"},\"thumbnailUrl\":\"https:\/\/www-dev.absglobal.com\/br\/wp-content\/uploads\/sites\/16\/2021\/04\/MicrosoftTeams-image-8.jpg?w=607\",\"datePublished\":\"2021-04-13T21:07:55+00:00\",\"dateModified\":\"2021-04-14T18:50:13+00:00\",\"breadcrumb\":{\"@id\":\"https:\/\/www-dev.absglobal.com\/br\/imersao-corte-obrigado\/#breadcrumb\"},\"inLanguage\":\"pt-BR\",\"potentialAction\":[{\"@type\":\"ReadAction\",\"target\":[\"https:\/\/www-dev.absglobal.com\/br\/imersao-corte-obrigado\/\"]}]},{\"@type\":\"ImageObject\",\"inLanguage\":\"pt-BR\",\"@id\":\"https:\/\/www-dev.absglobal.com\/br\/imersao-corte-obrigado\/#primaryimage\",\"url\":\"https:\/\/www-dev.absglobal.com\/br\/wp-content\/uploads\/sites\/16\/2021\/04\/MicrosoftTeams-image-8.jpg?w=607\",\"contentUrl\":\"https:\/\/www-dev.absglobal.com\/br\/wp-content\/uploads\/sites\/16\/2021\/04\/MicrosoftTeams-image-8.jpg?w=607\"},{\"@type\":\"BreadcrumbList\",\"@id\":\"https:\/\/www-dev.absglobal.com\/br\/imersao-corte-obrigado\/#breadcrumb\",\"itemListElement\":[{\"@type\":\"ListItem\",\"position\":1,\"name\":\"Home\",\"item\":\"https:\/\/www-dev.absglobal.com\/br\/\"},{\"@type\":\"ListItem\",\"position\":2,\"name\":\"Obrigado! Inscri\u00e7\u00e3o confirmada!\"}]},{\"@type\":\"WebSite\",\"@id\":\"https:\/\/www-dev.absglobal.com\/br\/#website\",\"url\":\"https:\/\/www-dev.absglobal.com\/br\/\",\"name\":\"ABS Global Brasil\",\"description\":\"\",\"publisher\":{\"@id\":\"https:\/\/www-dev.absglobal.com\/br\/#organization\"},\"potentialAction\":[{\"@type\":\"SearchAction\",\"target\":{\"@type\":\"EntryPoint\",\"urlTemplate\":\"https:\/\/www-dev.absglobal.com\/br\/?s={search_term_string}\"},\"query-input\":{\"@type\":\"PropertyValueSpecification\",\"valueRequired\":true,\"valueName\":\"search_term_string\"}}],\"inLanguage\":\"pt-BR\"},{\"@type\":\"Organization\",\"@id\":\"https:\/\/www-dev.absglobal.com\/br\/#organization\",\"name\":\"ABS Global Brasil\",\"url\":\"https:\/\/www-dev.absglobal.com\/br\/\",\"logo\":{\"@type\":\"ImageObject\",\"inLanguage\":\"pt-BR\",\"@id\":\"https:\/\/www-dev.absglobal.com\/br\/#\/schema\/logo\/image\/\",\"url\":\"https:\/\/www-dev.absglobal.com\/br\/wp-content\/uploads\/sites\/16\/2020\/03\/LogoRGB.png\",\"contentUrl\":\"https:\/\/www-dev.absglobal.com\/br\/wp-content\/uploads\/sites\/16\/2020\/03\/LogoRGB.png\",\"width\":872,\"height\":1080,\"caption\":\"ABS Global Brasil \"},\"image\":{\"@id\":\"https:\/\/www-dev.absglobal.com\/br\/#\/schema\/logo\/image\/\"}}]}<\/script>\n<!-- \/ Yoast SEO Premium plugin. -->","yoast_head_json":{"title":"Obrigado! Inscri\u00e7\u00e3o confirmada! - ABS Global Brasil","robots":{"index":"index","follow":"follow","max-snippet":"max-snippet:-1","max-image-preview":"max-image-preview:large","max-video-preview":"max-video-preview:-1"},"canonical":"https:\/\/www-dev.absglobal.com\/br\/imersao-corte-obrigado\/","og_locale":"pt_BR","og_type":"article","og_title":"Obrigado! Inscri\u00e7\u00e3o confirmada!","og_description":"Voc\u00ea deve ter recebido um e-mail com um link, onde ser\u00e1 transmitido o evento! Caso n\u00e3o tenha recebido nenhum e-mail em 10 minutos, clique aqui","og_url":"https:\/\/www-dev.absglobal.com\/br\/imersao-corte-obrigado\/","og_site_name":"ABS Global Brasil","article_modified_time":"2021-04-14T18:50:13+00:00","og_image":[{"url":"https:\/\/www-dev.absglobal.com\/br\/wp-content\/uploads\/sites\/16\/2021\/04\/MicrosoftTeams-image-8.jpg?w=607","type":"","width":"","height":""}],"twitter_card":"summary_large_image","schema":{"@context":"https:\/\/schema.org","@graph":[{"@type":"WebPage","@id":"https:\/\/www-dev.absglobal.com\/br\/imersao-corte-obrigado\/","url":"https:\/\/www-dev.absglobal.com\/br\/imersao-corte-obrigado\/","name":"Obrigado! Inscri\u00e7\u00e3o confirmada! - ABS Global Brasil","isPartOf":{"@id":"https:\/\/www-dev.absglobal.com\/br\/#website"},"primaryImageOfPage":{"@id":"https:\/\/www-dev.absglobal.com\/br\/imersao-corte-obrigado\/#primaryimage"},"image":{"@id":"https:\/\/www-dev.absglobal.com\/br\/imersao-corte-obrigado\/#primaryimage"},"thumbnailUrl":"https:\/\/www-dev.absglobal.com\/br\/wp-content\/uploads\/sites\/16\/2021\/04\/MicrosoftTeams-image-8.jpg?w=607","datePublished":"2021-04-13T21:07:55+00:00","dateModified":"2021-04-14T18:50:13+00:00","breadcrumb":{"@id":"https:\/\/www-dev.absglobal.com\/br\/imersao-corte-obrigado\/#breadcrumb"},"inLanguage":"pt-BR","potentialAction":[{"@type":"ReadAction","target":["https:\/\/www-dev.absglobal.com\/br\/imersao-corte-obrigado\/"]}]},{"@type":"ImageObject","inLanguage":"pt-BR","@id":"https:\/\/www-dev.absglobal.com\/br\/imersao-corte-obrigado\/#primaryimage","url":"https:\/\/www-dev.absglobal.com\/br\/wp-content\/uploads\/sites\/16\/2021\/04\/MicrosoftTeams-image-8.jpg?w=607","contentUrl":"https:\/\/www-dev.absglobal.com\/br\/wp-content\/uploads\/sites\/16\/2021\/04\/MicrosoftTeams-image-8.jpg?w=607"},{"@type":"BreadcrumbList","@id":"https:\/\/www-dev.absglobal.com\/br\/imersao-corte-obrigado\/#breadcrumb","itemListElement":[{"@type":"ListItem","position":1,"name":"Home","item":"https:\/\/www-dev.absglobal.com\/br\/"},{"@type":"ListItem","position":2,"name":"Obrigado! Inscri\u00e7\u00e3o confirmada!"}]},{"@type":"WebSite","@id":"https:\/\/www-dev.absglobal.com\/br\/#website","url":"https:\/\/www-dev.absglobal.com\/br\/","name":"ABS Global Brasil","description":"","publisher":{"@id":"https:\/\/www-dev.absglobal.com\/br\/#organization"},"potentialAction":[{"@type":"SearchAction","target":{"@type":"EntryPoint","urlTemplate":"https:\/\/www-dev.absglobal.com\/br\/?s={search_term_string}"},"query-input":{"@type":"PropertyValueSpecification","valueRequired":true,"valueName":"search_term_string"}}],"inLanguage":"pt-BR"},{"@type":"Organization","@id":"https:\/\/www-dev.absglobal.com\/br\/#organization","name":"ABS Global Brasil","url":"https:\/\/www-dev.absglobal.com\/br\/","logo":{"@type":"ImageObject","inLanguage":"pt-BR","@id":"https:\/\/www-dev.absglobal.com\/br\/#\/schema\/logo\/image\/","url":"https:\/\/www-dev.absglobal.com\/br\/wp-content\/uploads\/sites\/16\/2020\/03\/LogoRGB.png","contentUrl":"https:\/\/www-dev.absglobal.com\/br\/wp-content\/uploads\/sites\/16\/2020\/03\/LogoRGB.png","width":872,"height":1080,"caption":"ABS Global Brasil "},"image":{"@id":"https:\/\/www-dev.absglobal.com\/br\/#\/schema\/logo\/image\/"}}]}},"jetpack_sharing_enabled":true,"_links":{"self":[{"href":"https:\/\/www-dev.absglobal.com\/br\/wp-json\/wp\/v2\/pages\/4891"}],"collection":[{"href":"https:\/\/www-dev.absglobal.com\/br\/wp-json\/wp\/v2\/pages"}],"about":[{"href":"https:\/\/www-dev.absglobal.com\/br\/wp-json\/wp\/v2\/types\/page"}],"author":[{"embeddable":true,"href":"https:\/\/www-dev.absglobal.com\/br\/wp-json\/wp\/v2\/users\/437"}],"replies":[{"embeddable":true,"href":"https:\/\/www-dev.absglobal.com\/br\/wp-json\/wp\/v2\/comments?post=4891"}],"version-history":[{"count":7,"href":"https:\/\/www-dev.absglobal.com\/br\/wp-json\/wp\/v2\/pages\/4891\/revisions"}],"predecessor-version":[{"id":4902,"href":"https:\/\/www-dev.absglobal.com\/br\/wp-json\/wp\/v2\/pages\/4891\/revisions\/4902"}],"wp:attachment":[{"href":"https:\/\/www-dev.absglobal.com\/br\/wp-json\/wp\/v2\/media?parent=4891"}],"curies":[{"name":"wp","href":"https:\/\/api.w.org\/{rel}","templated":true}]}}