{"id":6,"date":"2019-08-23T20:02:31","date_gmt":"2019-08-24T01:02:31","guid":{"rendered":"https:\/\/cms.genusplc.com\/absglobal\/?page_id=6"},"modified":"2024-09-17T13:37:27","modified_gmt":"2024-09-17T18:37:27","slug":"home","status":"publish","type":"page","link":"https:\/\/www-dev.absglobal.com\/br\/","title":{"rendered":""},"content":{"rendered":"\n\t<section class=\"latest-news-block alignwide section-wrapper block-background-gray\">\n\n\t\n\t\t<div>\n\t\t<h2 class=\"section-title-main\">&Uacute;ltimas Not\u00edcias<\/h2>\n\t<\/div>\n\t\n\t<div class=\"grid-container\">\n\t\t<div class=\"card-row-grid\">\n\t\t\t\t\t\t\t<article id=\"post-10569\" class=\"post-6 page type-page status-publish hentry\">\n\t\t\t\t\t<a href=\"https:\/\/www-dev.absglobal.com\/br\/noticias\/genetica-abs-lidera-ranking-de-registros-da-raca-red-angus-nos-estados-unidos\/\" class=\"card-row\">\n\t\t\t\t\t\t<div class=\"card-title\">\n\t\t\t\t\t\t\t<h4>Gen\u00e9tica ABS lidera ranking de registros da ra\u00e7a Red Angus, nos Estados Unidos<\/h4>\n\t\t\t\t\t\t<\/div>\n\t\t\t\t\t<\/a>\n\t\t\t\t<\/article>\n\t\t\t\t\t\t\t<article id=\"post-10560\" class=\"post-6 page type-page status-publish hentry\">\n\t\t\t\t\t<a href=\"https:\/\/www-dev.absglobal.com\/br\/noticias\/compra-coletiva-acao-vai-ofertar-embrioes-para-acelerar-evolucao-de-rebanhos-de-corte\/\" class=\"card-row\">\n\t\t\t\t\t\t<div class=\"card-title\">\n\t\t\t\t\t\t\t<h4>Compra coletiva: a\u00e7\u00e3o vai ofertar embri\u00f5es para acelerar evolu\u00e7\u00e3o de rebanhos de corte<\/h4>\n\t\t\t\t\t\t<\/div>\n\t\t\t\t\t<\/a>\n\t\t\t\t<\/article>\n\t\t\t\t\t\t\t<article id=\"post-10456\" class=\"post-6 page type-page status-publish hentry\">\n\t\t\t\t\t<a href=\"https:\/\/www-dev.absglobal.com\/br\/noticias\/abs-contrata-touro-braford-destaque-em-prova-de-avaliacao-a-campo-realizada-pela-embrapa-pecuaria-sul\/\" class=\"card-row\">\n\t\t\t\t\t\t<div class=\"card-title\">\n\t\t\t\t\t\t\t<h4>ABS contrata touro Braford, destaque em prova de avalia\u00e7\u00e3o a campo realizada pela Embrapa Pecu\u00e1ria Sul<\/h4>\n\t\t\t\t\t\t<\/div>\n\t\t\t\t\t<\/a>\n\t\t\t\t<\/article>\n\t\t\t\t\t\t\t<article id=\"post-10388\" class=\"post-6 page type-page status-publish hentry\">\n\t\t\t\t\t<a href=\"https:\/\/www-dev.absglobal.com\/br\/noticias\/abs-anuncia-novo-gerente-de-negocios-para-o-pantanal\/\" class=\"card-row\">\n\t\t\t\t\t\t<div class=\"card-title\">\n\t\t\t\t\t\t\t<h4>ABS anuncia novo Gerente de Neg\u00f3cios para o Pantanal<\/h4>\n\t\t\t\t\t\t<\/div>\n\t\t\t\t\t<\/a>\n\t\t\t\t<\/article>\n\t\t\t\t\t\t\t<article id=\"post-10367\" class=\"post-6 page type-page status-publish hentry\">\n\t\t\t\t\t<a href=\"https:\/\/www-dev.absglobal.com\/br\/noticias\/em-parceria-com-a-zoetis-abs-apresenta-programa-genetico-100-focado-em-girolando\/\" class=\"card-row\">\n\t\t\t\t\t\t<div class=\"card-title\">\n\t\t\t\t\t\t\t<h4>Em parceria com a Zoetis, ABS apresenta programa gen\u00e9tico 100% focado em Girolando<\/h4>\n\t\t\t\t\t\t<\/div>\n\t\t\t\t\t<\/a>\n\t\t\t\t<\/article>\n\t\t\t\n\t\t\t\t\t\t<div class=\"button-wrapper\">\n\t\t\t\t<a class=\"button\" href=\"https:\/\/www-dev.absglobal.com\/br\/noticias\/\">\n\t\t\t\t\tVer Mais\t\t\t\t<\/a>\n\t\t\t<\/div>\n\t\t\t\t\t<\/div>\n\t<\/div>\n\n\t\n\t<\/section>\n\n\n\n<div style=\"height:31px\" aria-hidden=\"true\" class=\"wp-block-spacer\"><\/div>\n\n\n\n<div class=\"wp-block-columns is-layout-flex wp-container-core-columns-is-layout-1 wp-block-columns-is-layout-flex\">\n<div class=\"wp-block-column is-layout-flow wp-block-column-is-layout-flow\" style=\"flex-basis:100%\">\n<div class=\"wp-block-group rep-finder\"><div class=\"wp-block-group__inner-container is-layout-flow wp-block-group-is-layout-flow\">\n<div class=\"wp-block-group\"><div class=\"wp-block-group__inner-container is-layout-flow wp-block-group-is-layout-flow\">\n<div style=\"float:left;padding:10px;color:#397cc2\">\n\n\n\n<p><\/p>\n<\/div><\/div>\n\n\n\n<h2 style=\"float:left;padding:10px;color:#397cc2\">Encontre seu Representante<\/h2>\n\n\n\n<div style=\"float:left;width:50%;margin-left:10px\"><a href=\"http:\/\/abs.link\/representantes\" class=\"button rep-finder-cta rep-finder\">Encontre seu Representante<\/a><\/div>\n\n\n\n<div style=\"float:right;margin-right:10px;color:#397cc2\">\n<p>D\u00favidas Gerais<\/p>\n<hr class=\"divider\">\n<p><img decoding=\"async\" src=\"https:\/\/www-dev.absglobal.com\/br\/wp-content\/themes\/abs\/dist\/assets\/img\/icons\/phone-icon.svg\" alt=\"Phone icon\"> (34) 3319-5400<\/p>\n<\/div>\n\n\n\n<\/div>\n<\/div><\/div>\n<\/div>\n<\/div>\n","protected":false},"excerpt":{"rendered":"","protected":false},"author":10,"featured_media":0,"parent":0,"menu_order":0,"comment_status":"closed","ping_status":"closed","template":"","meta":{"_acf_changed":false,"content-type":"","footnotes":""},"class_list":["post-6","page","type-page","status-publish","hentry"],"acf":[],"yoast_head":"<!-- This site is optimized with the Yoast SEO Premium plugin v22.1 (Yoast SEO v25.3) - https:\/\/yoast.com\/wordpress\/plugins\/seo\/ -->\n<title>- ABS Global Brasil<\/title>\n<meta name=\"robots\" content=\"index, follow, max-snippet:-1, max-image-preview:large, max-video-preview:-1\" \/>\n<link rel=\"canonical\" href=\"https:\/\/www-dev.absglobal.com\/br\/\" \/>\n<meta property=\"og:locale\" content=\"pt_BR\" \/>\n<meta property=\"og:type\" content=\"article\" \/>\n<meta property=\"og:url\" content=\"https:\/\/www-dev.absglobal.com\/br\/\" \/>\n<meta property=\"og:site_name\" content=\"ABS Global Brasil\" \/>\n<meta property=\"article:modified_time\" content=\"2024-09-17T18:37:27+00:00\" \/>\n<meta name=\"twitter:card\" content=\"summary_large_image\" \/>\n<script type=\"application\/ld+json\" class=\"yoast-schema-graph\">{\"@context\":\"https:\/\/schema.org\",\"@graph\":[{\"@type\":\"WebPage\",\"@id\":\"https:\/\/www-dev.absglobal.com\/br\/\",\"url\":\"https:\/\/www-dev.absglobal.com\/br\/\",\"name\":\"- ABS Global Brasil\",\"isPartOf\":{\"@id\":\"https:\/\/www-dev.absglobal.com\/br\/#website\"},\"datePublished\":\"2019-08-24T01:02:31+00:00\",\"dateModified\":\"2024-09-17T18:37:27+00:00\",\"inLanguage\":\"pt-BR\",\"potentialAction\":[{\"@type\":\"ReadAction\",\"target\":[\"https:\/\/www-dev.absglobal.com\/br\/\"]}]},{\"@type\":\"WebSite\",\"@id\":\"https:\/\/www-dev.absglobal.com\/br\/#website\",\"url\":\"https:\/\/www-dev.absglobal.com\/br\/\",\"name\":\"ABS Global Brasil\",\"description\":\"\",\"publisher\":{\"@id\":\"https:\/\/www-dev.absglobal.com\/br\/#organization\"},\"potentialAction\":[{\"@type\":\"SearchAction\",\"target\":{\"@type\":\"EntryPoint\",\"urlTemplate\":\"https:\/\/www-dev.absglobal.com\/br\/?s={search_term_string}\"},\"query-input\":{\"@type\":\"PropertyValueSpecification\",\"valueRequired\":true,\"valueName\":\"search_term_string\"}}],\"inLanguage\":\"pt-BR\"},{\"@type\":\"Organization\",\"@id\":\"https:\/\/www-dev.absglobal.com\/br\/#organization\",\"name\":\"ABS Global Brasil\",\"url\":\"https:\/\/www-dev.absglobal.com\/br\/\",\"logo\":{\"@type\":\"ImageObject\",\"inLanguage\":\"pt-BR\",\"@id\":\"https:\/\/www-dev.absglobal.com\/br\/#\/schema\/logo\/image\/\",\"url\":\"https:\/\/www-dev.absglobal.com\/br\/wp-content\/uploads\/sites\/16\/2020\/03\/LogoRGB.png\",\"contentUrl\":\"https:\/\/www-dev.absglobal.com\/br\/wp-content\/uploads\/sites\/16\/2020\/03\/LogoRGB.png\",\"width\":872,\"height\":1080,\"caption\":\"ABS Global Brasil \"},\"image\":{\"@id\":\"https:\/\/www-dev.absglobal.com\/br\/#\/schema\/logo\/image\/\"}}]}<\/script>\n<!-- \/ Yoast SEO Premium plugin. -->","yoast_head_json":{"title":"- ABS Global Brasil","robots":{"index":"index","follow":"follow","max-snippet":"max-snippet:-1","max-image-preview":"max-image-preview:large","max-video-preview":"max-video-preview:-1"},"canonical":"https:\/\/www-dev.absglobal.com\/br\/","og_locale":"pt_BR","og_type":"article","og_url":"https:\/\/www-dev.absglobal.com\/br\/","og_site_name":"ABS Global Brasil","article_modified_time":"2024-09-17T18:37:27+00:00","twitter_card":"summary_large_image","schema":{"@context":"https:\/\/schema.org","@graph":[{"@type":"WebPage","@id":"https:\/\/www-dev.absglobal.com\/br\/","url":"https:\/\/www-dev.absglobal.com\/br\/","name":"- ABS Global Brasil","isPartOf":{"@id":"https:\/\/www-dev.absglobal.com\/br\/#website"},"datePublished":"2019-08-24T01:02:31+00:00","dateModified":"2024-09-17T18:37:27+00:00","inLanguage":"pt-BR","potentialAction":[{"@type":"ReadAction","target":["https:\/\/www-dev.absglobal.com\/br\/"]}]},{"@type":"WebSite","@id":"https:\/\/www-dev.absglobal.com\/br\/#website","url":"https:\/\/www-dev.absglobal.com\/br\/","name":"ABS Global Brasil","description":"","publisher":{"@id":"https:\/\/www-dev.absglobal.com\/br\/#organization"},"potentialAction":[{"@type":"SearchAction","target":{"@type":"EntryPoint","urlTemplate":"https:\/\/www-dev.absglobal.com\/br\/?s={search_term_string}"},"query-input":{"@type":"PropertyValueSpecification","valueRequired":true,"valueName":"search_term_string"}}],"inLanguage":"pt-BR"},{"@type":"Organization","@id":"https:\/\/www-dev.absglobal.com\/br\/#organization","name":"ABS Global Brasil","url":"https:\/\/www-dev.absglobal.com\/br\/","logo":{"@type":"ImageObject","inLanguage":"pt-BR","@id":"https:\/\/www-dev.absglobal.com\/br\/#\/schema\/logo\/image\/","url":"https:\/\/www-dev.absglobal.com\/br\/wp-content\/uploads\/sites\/16\/2020\/03\/LogoRGB.png","contentUrl":"https:\/\/www-dev.absglobal.com\/br\/wp-content\/uploads\/sites\/16\/2020\/03\/LogoRGB.png","width":872,"height":1080,"caption":"ABS Global Brasil "},"image":{"@id":"https:\/\/www-dev.absglobal.com\/br\/#\/schema\/logo\/image\/"}}]}},"jetpack_sharing_enabled":true,"_links":{"self":[{"href":"https:\/\/www-dev.absglobal.com\/br\/wp-json\/wp\/v2\/pages\/6"}],"collection":[{"href":"https:\/\/www-dev.absglobal.com\/br\/wp-json\/wp\/v2\/pages"}],"about":[{"href":"https:\/\/www-dev.absglobal.com\/br\/wp-json\/wp\/v2\/types\/page"}],"author":[{"embeddable":true,"href":"https:\/\/www-dev.absglobal.com\/br\/wp-json\/wp\/v2\/users\/10"}],"replies":[{"embeddable":true,"href":"https:\/\/www-dev.absglobal.com\/br\/wp-json\/wp\/v2\/comments?post=6"}],"version-history":[{"count":500,"href":"https:\/\/www-dev.absglobal.com\/br\/wp-json\/wp\/v2\/pages\/6\/revisions"}],"predecessor-version":[{"id":10546,"href":"https:\/\/www-dev.absglobal.com\/br\/wp-json\/wp\/v2\/pages\/6\/revisions\/10546"}],"wp:attachment":[{"href":"https:\/\/www-dev.absglobal.com\/br\/wp-json\/wp\/v2\/media?parent=6"}],"curies":[{"name":"wp","href":"https:\/\/api.w.org\/{rel}","templated":true}]}}