{"id":9644,"date":"2024-07-29T08:40:40","date_gmt":"2024-07-29T13:40:40","guid":{"rendered":"https:\/\/www-dev.absglobal.com\/br\/?page_id=9644"},"modified":"2024-07-29T08:45:26","modified_gmt":"2024-07-29T13:45:26","slug":"termo-de-consentimento-para-o-tratamento-de-dados-pessoais-para-o-envio-de-newsletters","status":"publish","type":"page","link":"https:\/\/www-dev.absglobal.com\/br\/termo-de-consentimento-para-o-tratamento-de-dados-pessoais-para-o-envio-de-newsletters\/","title":{"rendered":"Termo de consentimento para o tratamento de dados pessoais para o envio de Newsletters"},"content":{"rendered":"\n<p>Este termo de consentimento est\u00e1 de acordo com o que determina a Lei Geral de Prote\u00e7\u00e3o de Dados (art. 5\u00ba, XXII, art. 7\u00ba, I, art. 8\u00ba, caput, \u00a7\u00a7 4\u00ba e 5\u00ba, art. 11, I, art. 14, \u00a71\u00ba) e visa obter o seu consentimento para permitir que utilizemos seus dados pessoais pelos motivos indicados abaixo.&nbsp;<\/p>\n\n\n\n<p><strong>Defini\u00e7\u00f5es<\/strong>&nbsp;<\/p>\n\n\n\n<ul class=\"wp-block-list\">\n<li>Dado pessoal: dado relativo ao titular que n\u00e3o possa ser identificado, considerando a utiliza\u00e7\u00e3o de meios t\u00e9cnicos razo\u00e1veis e dispon\u00edveis na ocasi\u00e3o de seu tratamento;&nbsp;<\/li>\n<\/ul>\n\n\n\n<ul class=\"wp-block-list\">\n<li>Titular: pessoa natural a quem se referem os dados pessoais que s\u00e3o objeto de tratamento.&nbsp;<\/li>\n<\/ul>\n\n\n\n<ul class=\"wp-block-list\">\n<li>Tratamento: Toda opera\u00e7\u00e3o realizada com dados pessoais;&nbsp;<\/li>\n<\/ul>\n\n\n\n<ul class=\"wp-block-list\">\n<li>Princ\u00edpio da finalidade: realiza\u00e7\u00e3o do tratamento para prop\u00f3sitos leg\u00edtimos, espec\u00edficos, expl\u00edcitos e informados ao titular, sem possibilidade de tratamento posterior de forma incompat\u00edvel com essas finalidades;&nbsp;<\/li>\n<\/ul>\n\n\n\n<ul class=\"wp-block-list\">\n<li>Autodetermina\u00e7\u00e3o informativa: poder que o titular tem para controlar seus pr\u00f3prios dados pessoais, com base nos preceitos da boa-f\u00e9 e da transpar\u00eancia.&nbsp;<\/li>\n<\/ul>\n\n\n\n<p><strong>Controlador:<\/strong> <strong>PECPLAN ABS IMPORTA\u00c7\u00c3O E EXPORTA\u00c7\u00c3O LTDA, <\/strong>Pessoa jur\u00eddica de direito privado, inscrita no CNPJ sob o n\u00ba 60.431.863\/0001-45, com sede na Rodovia BR 050, KM 196 mais 150 metros, S\/N, Bairro Zona Rural, Delta\/MG, CEP: 38108-000.&nbsp;<\/p>\n\n\n\n<p><strong>Dados pessoais tratados:<\/strong> nome completo, e-mail, telefone celular e categoria (produtor de leite, produtor de carne, profissional, jornalista, estudante ou outros, neste \u00faltimo caso, descri\u00e7\u00e3o da categoria.&nbsp;<\/p>\n\n\n\n<p><strong>Origem dos dados pessoais:<\/strong> o pr\u00f3prio titular deve fornec\u00ea-los, n\u00e3o coletamos dados pessoais de outras fontes.&nbsp;<\/p>\n\n\n\n<p><strong>Finalidade:<\/strong> para o envio de not\u00edcias, promo\u00e7\u00f5es, informa\u00e7\u00f5es, divulga\u00e7\u00e3o de eventos, atualiza\u00e7\u00f5es sobre lan\u00e7amentos de produtos ou servi\u00e7os, enviar materiais educativos, como artigos, tutoriais ou v\u00eddeos, para enriquecer o conhecimento dos assinantes em rela\u00e7\u00e3o aos temas pertinentes \u00e0s suas categorias, envolver os assinantes em enquetes e pesquisas de opini\u00e3o para capturar insights valiosos, promovendo a participa\u00e7\u00e3o ativa e permitindo que contribuam para o desenvolvimento de futuros conte\u00fados ou eventos, al\u00e9m de outros que dizem respeito \u00e0 campanhas de marketing em geral.&nbsp;<\/p>\n\n\n\n<p><strong>Compartilhamento:<\/strong> Podemos compartilhar seus dados pessoais com ag\u00eancias de publicidade para apoiar no envio de materiais relacionados \u00e0s finalidades acima mencionadas, desde que relacionado exclusivamente com as atividades da controladora, ou seja, as ag\u00eancias n\u00e3o estar\u00e3o autorizadas a enviar quaisquer materiais proveniente de empresas terceiras.&nbsp;<\/p>\n\n\n\n<p><strong>Consequ\u00eancias quanto a negativa de fornecer o consentimento:<\/strong> voc\u00ea, como titular dos dados pessoais, \u00e9 livre para consentir, de acordo com o princ\u00edpio da autodetermina\u00e7\u00e3o informativa. Optando em n\u00e3o consentir, seus dados n\u00e3o ser\u00e3o tratados para as finalidades acima mencionadas.&nbsp;<\/p>\n\n\n\n<p><strong>Validade do consentimento:<\/strong> este consentimento \u00e9 v\u00e1lido at\u00e9 que voc\u00ea o revogue.&nbsp;<\/p>\n\n\n\n<p><strong>Maneiras de retirar o consentimento:<\/strong> voc\u00ea pode retirar o consentimento em qualquer momento, para tanto basta entrar em contato preenchendo o formul\u00e1rio constante no seguinte endere\u00e7o: https:\/\/www-dev.absglobal.com\/br\/lei-geral-de-protecao-de-dados\/ ou atrav\u00e9s do e-mail <a href=\"mailto:dpo.absbrasil@genusplc.com\" target=\"_blank\" rel=\"noreferrer noopener\">dpo.absbrasil@genusplc.com<\/a>.&nbsp;<\/p>\n\n\n\n<p><strong>Direitos dos titulares:<\/strong> voc\u00ea, como titular dos dados pessoais, pode exercer direitos perante a controladora, neste caso a ABS. Os seus direitos s\u00e3o os seguintes: a) confirmar a exist\u00eancia de tratamento; b) ter acesso aos dados; c) elimina\u00e7\u00e3o dos dados pessoais tratados com o consentimento do titular, exceto nas hip\u00f3teses previstas no art. 16 da LGPD; Direito de exigir o cumprimento de todas as obriga\u00e7\u00f5es de tratamento previstas na lei, mesmo para os casos de dispensa de exig\u00eancia de consentimento, dentre outros previstos na LGPD.&nbsp;<\/p>\n\n\n\n<p><strong>Informa\u00e7\u00f5es sobre seguran\u00e7a<\/strong>&nbsp;<\/p>\n\n\n\n<p><strong>Criptografia:<\/strong> protegemos suas informa\u00e7\u00f5es usando um m\u00e9todo chamado &#8220;criptografia AES&#8221;. \u00c9 como um c\u00f3digo secreto de 256 bits que mant\u00e9m seus dados super seguros. Isso \u00e9 equivalente a um supercadeado digital!&nbsp;<\/p>\n\n\n\n<p><strong>Nuvem Protegida:<\/strong> quando seus arquivos est\u00e3o na nuvem (como no One Drive e Sharepoint), usamos medidas especiais. Imagine que durante a viagem pela internet, seus dados usam uma rota segura chamada SSL\/TLS. Al\u00e9m disso, quando est\u00e3o descansando na nuvem, aplicamos o mesmo tipo de cadeado digital de 256 bits, garantindo que ningu\u00e9m pode &#8220;espiar&#8221; suas informa\u00e7\u00f5es.&nbsp;<\/p>\n\n\n\n<p><strong>Comunica\u00e7\u00e3o Segura com VPN e Sites Corporativos:<\/strong> quando nosso colaboradores se conectam \u00e0 nossa rede usamos a mesma rota segura SSL\/TLS, mantendo seus dados protegidos.&nbsp;&nbsp;<\/p>\n\n\n\n<p><strong>Defesas Extras:<\/strong> Temos defesas extras para manter os vil\u00f5es cibern\u00e9ticos longe. Imagine ter um super-her\u00f3i (antiv\u00edrus) e uma parede m\u00e1gica (firewall) que bloqueiam os maus. Al\u00e9m disso, temos um escudo AntiSpam para afastar e-mails indesejados.&nbsp;<\/p>\n\n\n\n<p><strong>Medidas Administrativas:<\/strong> na ABS contamos tamb\u00e9m com regras especiais e pol\u00edticas. Nossos funcion\u00e1rios s\u00e3o comprometidos em seguir \u00e0 risca a pol\u00edtica de prote\u00e7\u00e3o de dados pessoais e a pol\u00edtica de sistemas da informa\u00e7\u00e3o. Essas medidas administrativas visam garantir que suas informa\u00e7\u00f5es estejam sempre seguras e protegidas.&nbsp;<\/p>\n\n\n\n<p>Sinta-se seguro ao explorar nosso guia exclusivo sobre a LGPD! Descubra insights valiosos para compreender melhor a prote\u00e7\u00e3o de dados. Acesse a cartilha aqui: <a href=\"https:\/\/www-dev.absglobal.com\/br\/wp-content\/uploads\/sites\/16\/2023\/03\/Cartilha-LGPD-ABS.pdf\" target=\"_blank\" rel=\"noreferrer noopener\">https:\/\/www-dev.absglobal.com\/br\/wp-content\/uploads\/sites\/16\/2023\/03\/Cartilha-LGPD-ABS.pdf<\/a>&nbsp;<\/p>\n","protected":false},"excerpt":{"rendered":"<p>Este termo de consentimento est\u00e1 de acordo com o que determina a Lei Geral de Prote\u00e7\u00e3o de Dados (art. 5\u00ba, XXII, art. 7\u00ba, I, art. 8\u00ba, caput, \u00a7\u00a7 4\u00ba e 5\u00ba, art. 11, I, art. 14, \u00a71\u00ba) e visa obter o seu consentimento para permitir que utilizemos seus dados pessoais pelos motivos indicados abaixo.&nbsp; Defini\u00e7\u00f5es&nbsp; [&hellip;]<\/p>\n","protected":false},"author":9696,"featured_media":0,"parent":0,"menu_order":0,"comment_status":"closed","ping_status":"closed","template":"","meta":{"_acf_changed":false,"content-type":"","footnotes":""},"class_list":["post-9644","page","type-page","status-publish","hentry"],"acf":[],"yoast_head":"<!-- This site is optimized with the Yoast SEO Premium plugin v22.1 (Yoast SEO v25.3) - https:\/\/yoast.com\/wordpress\/plugins\/seo\/ -->\n<title>Termo de consentimento para o tratamento de dados pessoais para o envio de Newsletters - ABS Global Brasil<\/title>\n<meta name=\"robots\" content=\"index, follow, max-snippet:-1, max-image-preview:large, max-video-preview:-1\" \/>\n<link rel=\"canonical\" href=\"https:\/\/www-dev.absglobal.com\/br\/termo-de-consentimento-para-o-tratamento-de-dados-pessoais-para-o-envio-de-newsletters\/\" \/>\n<meta property=\"og:locale\" content=\"pt_BR\" \/>\n<meta property=\"og:type\" content=\"article\" \/>\n<meta property=\"og:title\" content=\"Termo de consentimento para o tratamento de dados pessoais para o envio de Newsletters\" \/>\n<meta property=\"og:description\" content=\"Este termo de consentimento est\u00e1 de acordo com o que determina a Lei Geral de Prote\u00e7\u00e3o de Dados (art. 5\u00ba, XXII, art. 7\u00ba, I, art. 8\u00ba, caput, \u00a7\u00a7 4\u00ba e 5\u00ba, art. 11, I, art. 14, \u00a71\u00ba) e visa obter o seu consentimento para permitir que utilizemos seus dados pessoais pelos motivos indicados abaixo.&nbsp; Defini\u00e7\u00f5es&nbsp; [&hellip;]\" \/>\n<meta property=\"og:url\" content=\"https:\/\/www-dev.absglobal.com\/br\/termo-de-consentimento-para-o-tratamento-de-dados-pessoais-para-o-envio-de-newsletters\/\" \/>\n<meta property=\"og:site_name\" content=\"ABS Global Brasil\" \/>\n<meta property=\"article:modified_time\" content=\"2024-07-29T13:45:26+00:00\" \/>\n<meta name=\"twitter:card\" content=\"summary_large_image\" \/>\n<meta name=\"twitter:label1\" content=\"Est. reading time\" \/>\n\t<meta name=\"twitter:data1\" content=\"5 minutos\" \/>\n<script type=\"application\/ld+json\" class=\"yoast-schema-graph\">{\"@context\":\"https:\/\/schema.org\",\"@graph\":[{\"@type\":\"WebPage\",\"@id\":\"https:\/\/www-dev.absglobal.com\/br\/termo-de-consentimento-para-o-tratamento-de-dados-pessoais-para-o-envio-de-newsletters\/\",\"url\":\"https:\/\/www-dev.absglobal.com\/br\/termo-de-consentimento-para-o-tratamento-de-dados-pessoais-para-o-envio-de-newsletters\/\",\"name\":\"Termo de consentimento para o tratamento de dados pessoais para o envio de Newsletters - ABS Global Brasil\",\"isPartOf\":{\"@id\":\"https:\/\/www-dev.absglobal.com\/br\/#website\"},\"datePublished\":\"2024-07-29T13:40:40+00:00\",\"dateModified\":\"2024-07-29T13:45:26+00:00\",\"breadcrumb\":{\"@id\":\"https:\/\/www-dev.absglobal.com\/br\/termo-de-consentimento-para-o-tratamento-de-dados-pessoais-para-o-envio-de-newsletters\/#breadcrumb\"},\"inLanguage\":\"pt-BR\",\"potentialAction\":[{\"@type\":\"ReadAction\",\"target\":[\"https:\/\/www-dev.absglobal.com\/br\/termo-de-consentimento-para-o-tratamento-de-dados-pessoais-para-o-envio-de-newsletters\/\"]}]},{\"@type\":\"BreadcrumbList\",\"@id\":\"https:\/\/www-dev.absglobal.com\/br\/termo-de-consentimento-para-o-tratamento-de-dados-pessoais-para-o-envio-de-newsletters\/#breadcrumb\",\"itemListElement\":[{\"@type\":\"ListItem\",\"position\":1,\"name\":\"Home\",\"item\":\"https:\/\/www-dev.absglobal.com\/br\/\"},{\"@type\":\"ListItem\",\"position\":2,\"name\":\"Termo de consentimento para o tratamento de dados pessoais para o envio de Newsletters\"}]},{\"@type\":\"WebSite\",\"@id\":\"https:\/\/www-dev.absglobal.com\/br\/#website\",\"url\":\"https:\/\/www-dev.absglobal.com\/br\/\",\"name\":\"ABS Global Brasil\",\"description\":\"\",\"publisher\":{\"@id\":\"https:\/\/www-dev.absglobal.com\/br\/#organization\"},\"potentialAction\":[{\"@type\":\"SearchAction\",\"target\":{\"@type\":\"EntryPoint\",\"urlTemplate\":\"https:\/\/www-dev.absglobal.com\/br\/?s={search_term_string}\"},\"query-input\":{\"@type\":\"PropertyValueSpecification\",\"valueRequired\":true,\"valueName\":\"search_term_string\"}}],\"inLanguage\":\"pt-BR\"},{\"@type\":\"Organization\",\"@id\":\"https:\/\/www-dev.absglobal.com\/br\/#organization\",\"name\":\"ABS Global Brasil\",\"url\":\"https:\/\/www-dev.absglobal.com\/br\/\",\"logo\":{\"@type\":\"ImageObject\",\"inLanguage\":\"pt-BR\",\"@id\":\"https:\/\/www-dev.absglobal.com\/br\/#\/schema\/logo\/image\/\",\"url\":\"https:\/\/www-dev.absglobal.com\/br\/wp-content\/uploads\/sites\/16\/2020\/03\/LogoRGB.png\",\"contentUrl\":\"https:\/\/www-dev.absglobal.com\/br\/wp-content\/uploads\/sites\/16\/2020\/03\/LogoRGB.png\",\"width\":872,\"height\":1080,\"caption\":\"ABS Global Brasil \"},\"image\":{\"@id\":\"https:\/\/www-dev.absglobal.com\/br\/#\/schema\/logo\/image\/\"}}]}<\/script>\n<!-- \/ Yoast SEO Premium plugin. -->","yoast_head_json":{"title":"Termo de consentimento para o tratamento de dados pessoais para o envio de Newsletters - ABS Global Brasil","robots":{"index":"index","follow":"follow","max-snippet":"max-snippet:-1","max-image-preview":"max-image-preview:large","max-video-preview":"max-video-preview:-1"},"canonical":"https:\/\/www-dev.absglobal.com\/br\/termo-de-consentimento-para-o-tratamento-de-dados-pessoais-para-o-envio-de-newsletters\/","og_locale":"pt_BR","og_type":"article","og_title":"Termo de consentimento para o tratamento de dados pessoais para o envio de Newsletters","og_description":"Este termo de consentimento est\u00e1 de acordo com o que determina a Lei Geral de Prote\u00e7\u00e3o de Dados (art. 5\u00ba, XXII, art. 7\u00ba, I, art. 8\u00ba, caput, \u00a7\u00a7 4\u00ba e 5\u00ba, art. 11, I, art. 14, \u00a71\u00ba) e visa obter o seu consentimento para permitir que utilizemos seus dados pessoais pelos motivos indicados abaixo.&nbsp; Defini\u00e7\u00f5es&nbsp; [&hellip;]","og_url":"https:\/\/www-dev.absglobal.com\/br\/termo-de-consentimento-para-o-tratamento-de-dados-pessoais-para-o-envio-de-newsletters\/","og_site_name":"ABS Global Brasil","article_modified_time":"2024-07-29T13:45:26+00:00","twitter_card":"summary_large_image","twitter_misc":{"Est. reading time":"5 minutos"},"schema":{"@context":"https:\/\/schema.org","@graph":[{"@type":"WebPage","@id":"https:\/\/www-dev.absglobal.com\/br\/termo-de-consentimento-para-o-tratamento-de-dados-pessoais-para-o-envio-de-newsletters\/","url":"https:\/\/www-dev.absglobal.com\/br\/termo-de-consentimento-para-o-tratamento-de-dados-pessoais-para-o-envio-de-newsletters\/","name":"Termo de consentimento para o tratamento de dados pessoais para o envio de Newsletters - ABS Global Brasil","isPartOf":{"@id":"https:\/\/www-dev.absglobal.com\/br\/#website"},"datePublished":"2024-07-29T13:40:40+00:00","dateModified":"2024-07-29T13:45:26+00:00","breadcrumb":{"@id":"https:\/\/www-dev.absglobal.com\/br\/termo-de-consentimento-para-o-tratamento-de-dados-pessoais-para-o-envio-de-newsletters\/#breadcrumb"},"inLanguage":"pt-BR","potentialAction":[{"@type":"ReadAction","target":["https:\/\/www-dev.absglobal.com\/br\/termo-de-consentimento-para-o-tratamento-de-dados-pessoais-para-o-envio-de-newsletters\/"]}]},{"@type":"BreadcrumbList","@id":"https:\/\/www-dev.absglobal.com\/br\/termo-de-consentimento-para-o-tratamento-de-dados-pessoais-para-o-envio-de-newsletters\/#breadcrumb","itemListElement":[{"@type":"ListItem","position":1,"name":"Home","item":"https:\/\/www-dev.absglobal.com\/br\/"},{"@type":"ListItem","position":2,"name":"Termo de consentimento para o tratamento de dados pessoais para o envio de Newsletters"}]},{"@type":"WebSite","@id":"https:\/\/www-dev.absglobal.com\/br\/#website","url":"https:\/\/www-dev.absglobal.com\/br\/","name":"ABS Global Brasil","description":"","publisher":{"@id":"https:\/\/www-dev.absglobal.com\/br\/#organization"},"potentialAction":[{"@type":"SearchAction","target":{"@type":"EntryPoint","urlTemplate":"https:\/\/www-dev.absglobal.com\/br\/?s={search_term_string}"},"query-input":{"@type":"PropertyValueSpecification","valueRequired":true,"valueName":"search_term_string"}}],"inLanguage":"pt-BR"},{"@type":"Organization","@id":"https:\/\/www-dev.absglobal.com\/br\/#organization","name":"ABS Global Brasil","url":"https:\/\/www-dev.absglobal.com\/br\/","logo":{"@type":"ImageObject","inLanguage":"pt-BR","@id":"https:\/\/www-dev.absglobal.com\/br\/#\/schema\/logo\/image\/","url":"https:\/\/www-dev.absglobal.com\/br\/wp-content\/uploads\/sites\/16\/2020\/03\/LogoRGB.png","contentUrl":"https:\/\/www-dev.absglobal.com\/br\/wp-content\/uploads\/sites\/16\/2020\/03\/LogoRGB.png","width":872,"height":1080,"caption":"ABS Global Brasil "},"image":{"@id":"https:\/\/www-dev.absglobal.com\/br\/#\/schema\/logo\/image\/"}}]}},"jetpack_sharing_enabled":true,"_links":{"self":[{"href":"https:\/\/www-dev.absglobal.com\/br\/wp-json\/wp\/v2\/pages\/9644"}],"collection":[{"href":"https:\/\/www-dev.absglobal.com\/br\/wp-json\/wp\/v2\/pages"}],"about":[{"href":"https:\/\/www-dev.absglobal.com\/br\/wp-json\/wp\/v2\/types\/page"}],"author":[{"embeddable":true,"href":"https:\/\/www-dev.absglobal.com\/br\/wp-json\/wp\/v2\/users\/9696"}],"replies":[{"embeddable":true,"href":"https:\/\/www-dev.absglobal.com\/br\/wp-json\/wp\/v2\/comments?post=9644"}],"version-history":[{"count":3,"href":"https:\/\/www-dev.absglobal.com\/br\/wp-json\/wp\/v2\/pages\/9644\/revisions"}],"predecessor-version":[{"id":9650,"href":"https:\/\/www-dev.absglobal.com\/br\/wp-json\/wp\/v2\/pages\/9644\/revisions\/9650"}],"wp:attachment":[{"href":"https:\/\/www-dev.absglobal.com\/br\/wp-json\/wp\/v2\/media?parent=9644"}],"curies":[{"name":"wp","href":"https:\/\/api.w.org\/{rel}","templated":true}]}}