{"id":2699,"date":"2018-02-28T18:12:18","date_gmt":"2018-02-28T18:12:18","guid":{"rendered":"http:\/\/cms.genusplc.com\/absglobal\/?page_id=512"},"modified":"2018-02-28T18:12:18","modified_gmt":"2018-02-28T18:12:18","slug":"offspring-option-submission-form","status":"publish","type":"page","link":"https:\/\/www-dev.absglobal.com\/ca-fr\/dairy-2\/icon-sires\/offspring-option-submission-form\/","title":{"rendered":"Offspring Option Submission Form"},"content":{"rendered":"<h1>\n\t<\/h1>\n<p>\t\tSections\t\t    <\/p>\n<ul id=\"menu-icon-sires\">\n<li id=\"menu-item-517\"><a href=\"http:\/\/cms.genusplc.com\/absglobal\/dairy\/icon-sires\/\">Icon Sires\u2122<\/a><\/li>\n<li id=\"menu-item-518\"><a href=\"http:\/\/cms.genusplc.com\/absglobal\/dairy\/icon-sires\/offspring-option-submission-form\/\">Offspring Option Submission Form<\/a><\/li>\n<li id=\"menu-item-519\"><a href=\"http:\/\/cms.genusplc.com\/absglobal\/dairy\/icon-sires\/option-terms\/\">Option Terms<\/a><\/li>\n<li id=\"menu-item-516\"><a href=\"http:\/\/cms.genusplc.com\/absglobal\/company\/about\/terms-conditions\/\">Terms &#038; Conditions<\/a><\/li>\n<\/ul>\n<p>\t\tSections\t\t    <\/p>\n<ul id=\"menu-icon-sires-1\">\n<li id=\"menu-item-517\"><a href=\"http:\/\/cms.genusplc.com\/absglobal\/dairy\/icon-sires\/\">Icon Sires\u2122<\/a><\/li>\n<li id=\"menu-item-518\"><a href=\"http:\/\/cms.genusplc.com\/absglobal\/dairy\/icon-sires\/offspring-option-submission-form\/\">Offspring Option Submission Form<\/a><\/li>\n<li id=\"menu-item-519\"><a href=\"http:\/\/cms.genusplc.com\/absglobal\/dairy\/icon-sires\/option-terms\/\">Option Terms<\/a><\/li>\n<li id=\"menu-item-516\"><a href=\"http:\/\/cms.genusplc.com\/absglobal\/company\/about\/terms-conditions\/\">Terms &#038; Conditions<\/a><\/li>\n<\/ul>\n<p id=\"breadcrumbs\"><a href=\"http:\/\/cms.genusplc.com\/absglobal\/\" rel=\"v:url\">Home<\/a> \/ <a href=\"http:\/\/cms.genusplc.com\/absglobal\/dairy\/\" rel=\"v:url\">Dairy<\/a> \/ <a href=\"http:\/\/cms.genusplc.com\/absglobal\/dairy\/icon-sires\/\" rel=\"v:url\">Icon Sires\u2122<\/a> \/ Offspring Option Submission Form<\/p>\n<h2>Offspring Option Submission Form<\/h2>\n<p>If you have an Icon Sire\u2122 son or daughter that meets the criteria on the Icon Sires home page, let us be the first to congratulate you! Please fill out and submit the Option Notice form below. Submitting the form will start the Option Period (as set forth in your option agreement). All forms submitted after 4 p.m. CST (10 p.m. GMT) on a business day or submitted on a non-business day, will be deemed submitted the following business day. A business day is any weekday (Monday \u2013 Friday) that is not a United States national holiday (as listed by the\u00a0<a href=\"https:\/\/www.opm.gov\/faqs\/QA.aspx?fid=e64d74ab-20a3-484c-8682-d2a2b46c22da&amp;pid=c41e6beb-0c14-449d-bde5-355a3a3014cd\">U.S. Office of Personnel Management<\/a>) or Good Friday, the day after Thanksgiving, and any day between (and including) Christmas Eve and New Year\u2019s Day.<\/p>\n<p>If ABS selects your son or daughter for purchase, ABS will pay you the value listed under the\u00a0<a title=\"Option Price\" href=\"https:\/\/abs.publishpath.com\/option-terms#option-terms-price\">Option Price<\/a>\u00a0section of the\u00a0<a title=\"Option Terms\" href=\"https:\/\/abs.publishpath.com\/option-terms\">Option Terms<\/a>\u00a0page.<\/p>\n<h2>\n\t\tOption Notice Submission<br \/>\n\t<\/h2>\n<p>\t[wpforms id=&#8221;579&#8243; title=&#8221;false&#8221; description=&#8221;false&#8221;]<br \/>\n\t\t\t\t<img decoding=\"async\" src=\"http:\/\/cms.genusplc.com\/absglobal\/wp-content\/uploads\/logo-abs-icon-sires.png\" alt=\"logo-abs-icon-sires\" height=\"216\" width=\"216\" title=\"logo-abs-icon-sires\" \/><\/p>\n<ul id=\"menu-offspring-option-submission-form-languages\">\n<li id=\"menu-item-624\"><a href=\"http:\/\/cms.genusplc.com\/absglobal\/dairy\/icon-sires\/dutch\/optieformulier\/\">Optieformulier<\/a><\/li>\n<li id=\"menu-item-627\"><a href=\"http:\/\/cms.genusplc.com\/absglobal\/dairy\/icon-sires\/italian\/modulo-di-notifica-di-opzione\/\">Modulo di Notifica di Opzione<\/a><\/li>\n<li id=\"menu-item-625\"><a href=\"http:\/\/cms.genusplc.com\/absglobal\/dairy\/icon-sires\/french\/formulaire-de-notification-doption\/\">Formulaire de notification d&#8217;option<\/a><\/li>\n<li id=\"menu-item-630\"><a href=\"http:\/\/cms.genusplc.com\/absglobal\/dairy\/icon-sires\/polish\/formularz-powiadomienia-o-wykorzystaniu-opcji\/\">Formularz powiadomienia o wykorzystaniu opcji<\/a><\/li>\n<li id=\"menu-item-626\"><a href=\"http:\/\/cms.genusplc.com\/absglobal\/dairy\/icon-sires\/german\/option-notice-formular\/\">Option Notice-Formular<\/a><\/li>\n<li id=\"menu-item-628\"><a href=\"http:\/\/cms.genusplc.com\/absglobal\/dairy\/icon-sires\/portuguese\/formulario-de-notificacao-de-opcao\/\">Formul\u00e1rio de Notifica\u00e7\u00e3o de Op\u00e7\u00e3o<\/a><\/li>\n<li id=\"menu-item-623\"><a href=\"http:\/\/cms.genusplc.com\/absglobal\/dairy\/icon-sires\/russian\/%d1%84%d0%be%d1%80%d0%bc%d0%b0-%d1%83%d0%b2%d0%b5%d0%b4%d0%be%d0%bc%d0%bb%d0%b5%d0%bd%d0%b8%d1%8f-%d0%be%d0%b1-%d0%be%d0%bf%d1%86%d0%b8%d0%be%d0%bd%d0%b5\/\">\u0424\u043e\u0440\u043c\u0430 \u0443\u0432\u0435\u0434\u043e\u043c\u043b\u0435\u043d\u0438\u044f \u043e\u0431 \u043e\u043f\u0446\u0438\u043e\u043d\u0435<\/a><\/li>\n<li id=\"menu-item-622\"><a href=\"http:\/\/cms.genusplc.com\/absglobal\/dairy\/icon-sires\/chinese\/%e5%9b%9e%e8%b4%ad%e9%80%9a%e7%9f%a5%e5%8d%95\/\">\u56de\u8d2d\u901a\u77e5\u5355<\/a><\/li>\n<\/ul>\n<h3><\/h3>\n<p><em>Your submission of the Option Notice form or any other communication you have with ABS shall not create any obligation on ABS to purchase any Icon Sire calf until you and ABS have signed a bull purchase agreement or female purchase agreement.<\/em><\/p>\n","protected":false},"excerpt":{"rendered":"<p>Sections Icon Sires\u2122 Offspring Option Submission Form Option Terms Terms &#038; Conditions Sections Icon Sires\u2122 Offspring Option Submission Form Option Terms Terms &#038; Conditions Home \/ Dairy \/ Icon Sires\u2122 \/ Offspring Option Submission Form Offspring Option Submission Form If you have an Icon Sire\u2122 son or daughter that meets the criteria on the Icon&hellip;<\/p>\n","protected":false},"author":292,"featured_media":702,"parent":489,"menu_order":0,"comment_status":"closed","ping_status":"closed","template":"","meta":{"_acf_changed":false,"footnotes":""},"class_list":["post-2699","page","type-page","status-publish","has-post-thumbnail","hentry"],"acf":[],"yoast_head":"<!-- This site is optimized with the Yoast SEO Premium plugin v22.1 (Yoast SEO v25.3) - https:\/\/yoast.com\/wordpress\/plugins\/seo\/ -->\n<title>Offspring Option Submission Form - ABS Global Canada (ca-fr)<\/title>\n<meta name=\"robots\" content=\"index, follow, max-snippet:-1, max-image-preview:large, max-video-preview:-1\" \/>\n<link rel=\"canonical\" href=\"https:\/\/www-dev.absglobal.com\/ca-fr\/dairy-2\/icon-sires\/offspring-option-submission-form\/\" \/>\n<meta property=\"og:locale\" content=\"fr_CA\" \/>\n<meta property=\"og:type\" content=\"article\" \/>\n<meta property=\"og:title\" content=\"Offspring Option Submission Form\" \/>\n<meta property=\"og:description\" content=\"Sections Icon Sires\u2122 Offspring Option Submission Form Option Terms Terms &#038; Conditions Sections Icon Sires\u2122 Offspring Option Submission Form Option Terms Terms &#038; Conditions Home \/ Dairy \/ Icon Sires\u2122 \/ Offspring Option Submission Form Offspring Option Submission Form If you have an Icon Sire\u2122 son or daughter that meets the criteria on the Icon&hellip;\" \/>\n<meta property=\"og:url\" content=\"https:\/\/www-dev.absglobal.com\/ca-fr\/dairy-2\/icon-sires\/offspring-option-submission-form\/\" \/>\n<meta property=\"og:site_name\" content=\"ABS Global Canada (ca-fr)\" \/>\n<meta property=\"og:image\" content=\"https:\/\/www-dev.absglobal.com\/ca-fr\/wp-content\/uploads\/sites\/23\/2018\/03\/icon-sires-open-notice.jpg?fit=1920%2C600\" \/>\n\t<meta property=\"og:image:width\" content=\"1920\" \/>\n\t<meta property=\"og:image:height\" content=\"600\" \/>\n\t<meta property=\"og:image:type\" content=\"image\/jpeg\" \/>\n<meta name=\"twitter:card\" content=\"summary_large_image\" \/>\n<meta name=\"twitter:label1\" content=\"Est. reading time\" \/>\n\t<meta name=\"twitter:data1\" content=\"1 minute\" \/>\n<script type=\"application\/ld+json\" class=\"yoast-schema-graph\">{\"@context\":\"https:\/\/schema.org\",\"@graph\":[{\"@type\":\"WebPage\",\"@id\":\"https:\/\/www-dev.absglobal.com\/ca-fr\/dairy-2\/icon-sires\/offspring-option-submission-form\/\",\"url\":\"https:\/\/www-dev.absglobal.com\/ca-fr\/dairy-2\/icon-sires\/offspring-option-submission-form\/\",\"name\":\"Offspring Option Submission Form - ABS Global Canada (ca-fr)\",\"isPartOf\":{\"@id\":\"https:\/\/www-dev.absglobal.com\/ca-fr\/#website\"},\"primaryImageOfPage\":{\"@id\":\"https:\/\/www-dev.absglobal.com\/ca-fr\/dairy-2\/icon-sires\/offspring-option-submission-form\/#primaryimage\"},\"image\":{\"@id\":\"https:\/\/www-dev.absglobal.com\/ca-fr\/dairy-2\/icon-sires\/offspring-option-submission-form\/#primaryimage\"},\"thumbnailUrl\":\"https:\/\/www-dev.absglobal.com\/ca-fr\/wp-content\/uploads\/sites\/23\/2018\/03\/icon-sires-open-notice.jpg\",\"datePublished\":\"2018-02-28T18:12:18+00:00\",\"breadcrumb\":{\"@id\":\"https:\/\/www-dev.absglobal.com\/ca-fr\/dairy-2\/icon-sires\/offspring-option-submission-form\/#breadcrumb\"},\"inLanguage\":\"fr-CA\",\"potentialAction\":[{\"@type\":\"ReadAction\",\"target\":[\"https:\/\/www-dev.absglobal.com\/ca-fr\/dairy-2\/icon-sires\/offspring-option-submission-form\/\"]}]},{\"@type\":\"ImageObject\",\"inLanguage\":\"fr-CA\",\"@id\":\"https:\/\/www-dev.absglobal.com\/ca-fr\/dairy-2\/icon-sires\/offspring-option-submission-form\/#primaryimage\",\"url\":\"https:\/\/www-dev.absglobal.com\/ca-fr\/wp-content\/uploads\/sites\/23\/2018\/03\/icon-sires-open-notice.jpg\",\"contentUrl\":\"https:\/\/www-dev.absglobal.com\/ca-fr\/wp-content\/uploads\/sites\/23\/2018\/03\/icon-sires-open-notice.jpg\",\"width\":1920,\"height\":600},{\"@type\":\"BreadcrumbList\",\"@id\":\"https:\/\/www-dev.absglobal.com\/ca-fr\/dairy-2\/icon-sires\/offspring-option-submission-form\/#breadcrumb\",\"itemListElement\":[{\"@type\":\"ListItem\",\"position\":1,\"name\":\"Home\",\"item\":\"https:\/\/www-dev.absglobal.com\/ca-fr\/\"},{\"@type\":\"ListItem\",\"position\":2,\"name\":\"Dairy\",\"item\":\"https:\/\/www-dev.absglobal.com\/ca-fr\/dairy-2\/\"},{\"@type\":\"ListItem\",\"position\":3,\"name\":\"Icon Sires\u2122\",\"item\":\"https:\/\/www-dev.absglobal.com\/ca-fr\/dairy-2\/icon-sires\/\"},{\"@type\":\"ListItem\",\"position\":4,\"name\":\"Offspring Option Submission Form\"}]},{\"@type\":\"WebSite\",\"@id\":\"https:\/\/www-dev.absglobal.com\/ca-fr\/#website\",\"url\":\"https:\/\/www-dev.absglobal.com\/ca-fr\/\",\"name\":\"ABS Global Canada (ca-fr)\",\"description\":\"\",\"potentialAction\":[{\"@type\":\"SearchAction\",\"target\":{\"@type\":\"EntryPoint\",\"urlTemplate\":\"https:\/\/www-dev.absglobal.com\/ca-fr\/?s={search_term_string}\"},\"query-input\":{\"@type\":\"PropertyValueSpecification\",\"valueRequired\":true,\"valueName\":\"search_term_string\"}}],\"inLanguage\":\"fr-CA\"}]}<\/script>\n<!-- \/ Yoast SEO Premium plugin. -->","yoast_head_json":{"title":"Offspring Option Submission Form - ABS Global Canada (ca-fr)","robots":{"index":"index","follow":"follow","max-snippet":"max-snippet:-1","max-image-preview":"max-image-preview:large","max-video-preview":"max-video-preview:-1"},"canonical":"https:\/\/www-dev.absglobal.com\/ca-fr\/dairy-2\/icon-sires\/offspring-option-submission-form\/","og_locale":"fr_CA","og_type":"article","og_title":"Offspring Option Submission Form","og_description":"Sections Icon Sires\u2122 Offspring Option Submission Form Option Terms Terms &#038; Conditions Sections Icon Sires\u2122 Offspring Option Submission Form Option Terms Terms &#038; Conditions Home \/ Dairy \/ Icon Sires\u2122 \/ Offspring Option Submission Form Offspring Option Submission Form If you have an Icon Sire\u2122 son or daughter that meets the criteria on the Icon&hellip;","og_url":"https:\/\/www-dev.absglobal.com\/ca-fr\/dairy-2\/icon-sires\/offspring-option-submission-form\/","og_site_name":"ABS Global Canada (ca-fr)","og_image":[{"width":1920,"height":600,"url":"https:\/\/www-dev.absglobal.com\/ca-fr\/wp-content\/uploads\/sites\/23\/2018\/03\/icon-sires-open-notice.jpg?fit=1920%2C600","type":"image\/jpeg"}],"twitter_card":"summary_large_image","twitter_misc":{"Est. reading time":"1 minute"},"schema":{"@context":"https:\/\/schema.org","@graph":[{"@type":"WebPage","@id":"https:\/\/www-dev.absglobal.com\/ca-fr\/dairy-2\/icon-sires\/offspring-option-submission-form\/","url":"https:\/\/www-dev.absglobal.com\/ca-fr\/dairy-2\/icon-sires\/offspring-option-submission-form\/","name":"Offspring Option Submission Form - ABS Global Canada (ca-fr)","isPartOf":{"@id":"https:\/\/www-dev.absglobal.com\/ca-fr\/#website"},"primaryImageOfPage":{"@id":"https:\/\/www-dev.absglobal.com\/ca-fr\/dairy-2\/icon-sires\/offspring-option-submission-form\/#primaryimage"},"image":{"@id":"https:\/\/www-dev.absglobal.com\/ca-fr\/dairy-2\/icon-sires\/offspring-option-submission-form\/#primaryimage"},"thumbnailUrl":"https:\/\/www-dev.absglobal.com\/ca-fr\/wp-content\/uploads\/sites\/23\/2018\/03\/icon-sires-open-notice.jpg","datePublished":"2018-02-28T18:12:18+00:00","breadcrumb":{"@id":"https:\/\/www-dev.absglobal.com\/ca-fr\/dairy-2\/icon-sires\/offspring-option-submission-form\/#breadcrumb"},"inLanguage":"fr-CA","potentialAction":[{"@type":"ReadAction","target":["https:\/\/www-dev.absglobal.com\/ca-fr\/dairy-2\/icon-sires\/offspring-option-submission-form\/"]}]},{"@type":"ImageObject","inLanguage":"fr-CA","@id":"https:\/\/www-dev.absglobal.com\/ca-fr\/dairy-2\/icon-sires\/offspring-option-submission-form\/#primaryimage","url":"https:\/\/www-dev.absglobal.com\/ca-fr\/wp-content\/uploads\/sites\/23\/2018\/03\/icon-sires-open-notice.jpg","contentUrl":"https:\/\/www-dev.absglobal.com\/ca-fr\/wp-content\/uploads\/sites\/23\/2018\/03\/icon-sires-open-notice.jpg","width":1920,"height":600},{"@type":"BreadcrumbList","@id":"https:\/\/www-dev.absglobal.com\/ca-fr\/dairy-2\/icon-sires\/offspring-option-submission-form\/#breadcrumb","itemListElement":[{"@type":"ListItem","position":1,"name":"Home","item":"https:\/\/www-dev.absglobal.com\/ca-fr\/"},{"@type":"ListItem","position":2,"name":"Dairy","item":"https:\/\/www-dev.absglobal.com\/ca-fr\/dairy-2\/"},{"@type":"ListItem","position":3,"name":"Icon Sires\u2122","item":"https:\/\/www-dev.absglobal.com\/ca-fr\/dairy-2\/icon-sires\/"},{"@type":"ListItem","position":4,"name":"Offspring Option Submission Form"}]},{"@type":"WebSite","@id":"https:\/\/www-dev.absglobal.com\/ca-fr\/#website","url":"https:\/\/www-dev.absglobal.com\/ca-fr\/","name":"ABS Global Canada (ca-fr)","description":"","potentialAction":[{"@type":"SearchAction","target":{"@type":"EntryPoint","urlTemplate":"https:\/\/www-dev.absglobal.com\/ca-fr\/?s={search_term_string}"},"query-input":{"@type":"PropertyValueSpecification","valueRequired":true,"valueName":"search_term_string"}}],"inLanguage":"fr-CA"}]}},"jetpack_sharing_enabled":true,"_links":{"self":[{"href":"https:\/\/www-dev.absglobal.com\/ca-fr\/wp-json\/wp\/v2\/pages\/2699"}],"collection":[{"href":"https:\/\/www-dev.absglobal.com\/ca-fr\/wp-json\/wp\/v2\/pages"}],"about":[{"href":"https:\/\/www-dev.absglobal.com\/ca-fr\/wp-json\/wp\/v2\/types\/page"}],"author":[{"embeddable":true,"href":"https:\/\/www-dev.absglobal.com\/ca-fr\/wp-json\/wp\/v2\/users\/292"}],"replies":[{"embeddable":true,"href":"https:\/\/www-dev.absglobal.com\/ca-fr\/wp-json\/wp\/v2\/comments?post=2699"}],"version-history":[{"count":0,"href":"https:\/\/www-dev.absglobal.com\/ca-fr\/wp-json\/wp\/v2\/pages\/2699\/revisions"}],"up":[{"embeddable":true,"href":"https:\/\/www-dev.absglobal.com\/ca-fr\/wp-json\/wp\/v2\/pages\/489"}],"wp:featuredmedia":[{"embeddable":true,"href":"https:\/\/www-dev.absglobal.com\/ca-fr\/wp-json\/wp\/v2\/media\/702"}],"wp:attachment":[{"href":"https:\/\/www-dev.absglobal.com\/ca-fr\/wp-json\/wp\/v2\/media?parent=2699"}],"curies":[{"name":"wp","href":"https:\/\/api.w.org\/{rel}","templated":true}]}}