{"id":2708,"date":"2018-03-01T03:25:31","date_gmt":"2018-03-01T03:25:31","guid":{"rendered":"http:\/\/cms.genusplc.com\/absglobal\/?page_id=607"},"modified":"2018-03-01T03:25:31","modified_gmt":"2018-03-01T03:25:31","slug":"formularz-powiadomienia-o-wykorzystaniu-opcji","status":"publish","type":"page","link":"https:\/\/www-dev.absglobal.com\/ca-fr\/dairy-2\/icon-sires\/polish\/formularz-powiadomienia-o-wykorzystaniu-opcji\/","title":{"rendered":"Formularz powiadomienia o wykorzystaniu opcji"},"content":{"rendered":"<h3>Powiadomienie o wyborze opcji potomstwa<\/h3>\n<p>Je\u015bli maj\u0105 Pa\u0144stwo syna lub c\u00f3rk\u0119 buhaja Icon Sire\u2122, kt\u00f3re spe\u0142niaj\u0105 kryteria podane na stronie g\u0142\u00f3wnej Icon Sires pozw\u00f3lcie, \u017ce z\u0142o\u017cymy gratulacje jako pierwsi! Wype\u0142nijcie poni\u017cej i prze\u015blijcie Powiadomienie o wyborze opcji. Przes\u0142anie Powiadomienia spowoduje rozpocz\u0119cie Okresu Opcji (zgodnie z umow\u0105 opcji). Wszystkie formularze przes\u0142ane po godzinie 16.00 czasu CST (22.00 GMT) w dniu roboczym lub przes\u0142ane w dniu wolnym od pracy b\u0119d\u0105 uwa\u017cane za z\u0142o\u017cone nast\u0119pnego dnia roboczego. Dniem roboczym jest ka\u017cdy dzie\u0144 tygodnia (od poniedzia\u0142ku do pi\u0105tku), kt\u00f3ry nie jest \u015bwi\u0119tem narodowym w Stanach Zjednoczonych (zgodnie z wykazem wydanym przez <a href=\"https:\/\/www.opm.gov\/faqs\/QA.aspx?fid=e64d74ab-20a3-484c-8682-d2a2b46c22da&amp;pid=c41e6beb-0c14-449d-bde5-355a3a3014cd\">U.S. Office of Personnel Management<\/a>) lub Wielkim Pi\u0105tkiem, dniem po \u015awi\u0119cie Dzi\u0119kczynienia, w dowolnym dniu mi\u0119dzy (i w\u0142\u0105cznie) Wigili\u0105 i Nowym Rokiem.<\/p>\n<p>Je\u015bli ABS wybierze do zakupu posiadanego przez Pa\u0144stwa syna lub c\u00f3rk\u0119, ABS zap\u0142aci warto\u015b\u0107 wymienion\u0105 w cz\u0119\u015bci Ceny Opcji na stronie Warunki Opcji.<\/p>\n<h2>\n\t\tPowiadomienie o wyborze opcji potomstwa<br \/>\n\t<\/h2>\n<h2><\/h2>\n<p>*pole wymagane<\/p>\n<p>\t\t\t\t<img decoding=\"async\" src=\"http:\/\/cms.genusplc.com\/absglobal\/wp-content\/uploads\/logo-abs-icon-sires.png\" alt=\"logo-abs-icon-sires\" height=\"216\" width=\"216\" \/><\/p>\n<ul id=\"menu-icon-sires-polish\">\n<li id=\"menu-item-652\"><a href=\"http:\/\/cms.genusplc.com\/absglobal\/dairy\/icon-sires\/polish\/formularz-powiadomienia-o-wykorzystaniu-opcji\/\">Formularz powiadomienia o wykorzystaniu opcji<\/a><\/li>\n<li id=\"menu-item-653\"><a href=\"http:\/\/cms.genusplc.com\/absglobal\/dairy\/icon-sires\/polish\/warunki-opcji\/\">Warunki opcji<\/a><\/li>\n<\/ul>\n<h3><\/h3>\n<p><em>Przes\u0142anie Powiadomienia o wyborze opcji lub jakiejkolwiek innej informacji ABS nie tworzy \u017cadnych zobowi\u0105za\u0144 ABS do zakupu ciel\u0105t Icon Sire przed podpisaniem przez Pa\u0144stwa i ABS umowy kupna byka ani umowy kupna krowy.<\/em><\/p>\n","protected":false},"excerpt":{"rendered":"<p>Powiadomienie o wyborze opcji potomstwa Je\u015bli maj\u0105 Pa\u0144stwo syna lub c\u00f3rk\u0119 buhaja Icon Sire\u2122, kt\u00f3re spe\u0142niaj\u0105 kryteria podane na stronie g\u0142\u00f3wnej Icon Sires pozw\u00f3lcie, \u017ce z\u0142o\u017cymy gratulacje jako pierwsi! Wype\u0142nijcie poni\u017cej i prze\u015blijcie Powiadomienie o wyborze opcji. Przes\u0142anie Powiadomienia spowoduje rozpocz\u0119cie Okresu Opcji (zgodnie z umow\u0105 opcji). Wszystkie formularze przes\u0142ane po godzinie 16.00 czasu CST&hellip;<\/p>\n","protected":false},"author":292,"featured_media":0,"parent":530,"menu_order":0,"comment_status":"closed","ping_status":"closed","template":"","meta":{"_acf_changed":false,"footnotes":""},"class_list":["post-2708","page","type-page","status-publish","hentry"],"acf":[],"yoast_head":"<!-- This site is optimized with the Yoast SEO Premium plugin v22.1 (Yoast SEO v25.3) - https:\/\/yoast.com\/wordpress\/plugins\/seo\/ -->\n<title>Formularz powiadomienia o wykorzystaniu opcji - ABS Global Canada (ca-fr)<\/title>\n<meta name=\"robots\" content=\"index, follow, max-snippet:-1, max-image-preview:large, max-video-preview:-1\" \/>\n<link rel=\"canonical\" href=\"https:\/\/www-dev.absglobal.com\/ca-fr\/dairy-2\/icon-sires\/polish\/formularz-powiadomienia-o-wykorzystaniu-opcji\/\" \/>\n<meta property=\"og:locale\" content=\"fr_CA\" \/>\n<meta property=\"og:type\" content=\"article\" \/>\n<meta property=\"og:title\" content=\"Formularz powiadomienia o wykorzystaniu opcji\" \/>\n<meta property=\"og:description\" content=\"Powiadomienie o wyborze opcji potomstwa Je\u015bli maj\u0105 Pa\u0144stwo syna lub c\u00f3rk\u0119 buhaja Icon Sire\u2122, kt\u00f3re spe\u0142niaj\u0105 kryteria podane na stronie g\u0142\u00f3wnej Icon Sires pozw\u00f3lcie, \u017ce z\u0142o\u017cymy gratulacje jako pierwsi! Wype\u0142nijcie poni\u017cej i prze\u015blijcie Powiadomienie o wyborze opcji. Przes\u0142anie Powiadomienia spowoduje rozpocz\u0119cie Okresu Opcji (zgodnie z umow\u0105 opcji). Wszystkie formularze przes\u0142ane po godzinie 16.00 czasu CST&hellip;\" \/>\n<meta property=\"og:url\" content=\"https:\/\/www-dev.absglobal.com\/ca-fr\/dairy-2\/icon-sires\/polish\/formularz-powiadomienia-o-wykorzystaniu-opcji\/\" \/>\n<meta property=\"og:site_name\" content=\"ABS Global Canada (ca-fr)\" \/>\n<meta property=\"og:image\" content=\"http:\/\/cms.genusplc.com\/absglobal\/wp-content\/uploads\/logo-abs-icon-sires.png\" \/>\n<meta name=\"twitter:card\" content=\"summary_large_image\" \/>\n<meta name=\"twitter:label1\" content=\"Est. reading time\" \/>\n\t<meta name=\"twitter:data1\" content=\"1 minute\" \/>\n<script type=\"application\/ld+json\" class=\"yoast-schema-graph\">{\"@context\":\"https:\/\/schema.org\",\"@graph\":[{\"@type\":\"WebPage\",\"@id\":\"https:\/\/www-dev.absglobal.com\/ca-fr\/dairy-2\/icon-sires\/polish\/formularz-powiadomienia-o-wykorzystaniu-opcji\/\",\"url\":\"https:\/\/www-dev.absglobal.com\/ca-fr\/dairy-2\/icon-sires\/polish\/formularz-powiadomienia-o-wykorzystaniu-opcji\/\",\"name\":\"Formularz powiadomienia o wykorzystaniu opcji - ABS Global Canada (ca-fr)\",\"isPartOf\":{\"@id\":\"https:\/\/www-dev.absglobal.com\/ca-fr\/#website\"},\"primaryImageOfPage\":{\"@id\":\"https:\/\/www-dev.absglobal.com\/ca-fr\/dairy-2\/icon-sires\/polish\/formularz-powiadomienia-o-wykorzystaniu-opcji\/#primaryimage\"},\"image\":{\"@id\":\"https:\/\/www-dev.absglobal.com\/ca-fr\/dairy-2\/icon-sires\/polish\/formularz-powiadomienia-o-wykorzystaniu-opcji\/#primaryimage\"},\"thumbnailUrl\":\"http:\/\/cms.genusplc.com\/absglobal\/wp-content\/uploads\/logo-abs-icon-sires.png\",\"datePublished\":\"2018-03-01T03:25:31+00:00\",\"breadcrumb\":{\"@id\":\"https:\/\/www-dev.absglobal.com\/ca-fr\/dairy-2\/icon-sires\/polish\/formularz-powiadomienia-o-wykorzystaniu-opcji\/#breadcrumb\"},\"inLanguage\":\"fr-CA\",\"potentialAction\":[{\"@type\":\"ReadAction\",\"target\":[\"https:\/\/www-dev.absglobal.com\/ca-fr\/dairy-2\/icon-sires\/polish\/formularz-powiadomienia-o-wykorzystaniu-opcji\/\"]}]},{\"@type\":\"ImageObject\",\"inLanguage\":\"fr-CA\",\"@id\":\"https:\/\/www-dev.absglobal.com\/ca-fr\/dairy-2\/icon-sires\/polish\/formularz-powiadomienia-o-wykorzystaniu-opcji\/#primaryimage\",\"url\":\"http:\/\/cms.genusplc.com\/absglobal\/wp-content\/uploads\/logo-abs-icon-sires.png\",\"contentUrl\":\"http:\/\/cms.genusplc.com\/absglobal\/wp-content\/uploads\/logo-abs-icon-sires.png\"},{\"@type\":\"BreadcrumbList\",\"@id\":\"https:\/\/www-dev.absglobal.com\/ca-fr\/dairy-2\/icon-sires\/polish\/formularz-powiadomienia-o-wykorzystaniu-opcji\/#breadcrumb\",\"itemListElement\":[{\"@type\":\"ListItem\",\"position\":1,\"name\":\"Home\",\"item\":\"https:\/\/www-dev.absglobal.com\/ca-fr\/\"},{\"@type\":\"ListItem\",\"position\":2,\"name\":\"Dairy\",\"item\":\"https:\/\/www-dev.absglobal.com\/ca-fr\/dairy-2\/\"},{\"@type\":\"ListItem\",\"position\":3,\"name\":\"Icon Sires\u2122\",\"item\":\"https:\/\/www-dev.absglobal.com\/ca-fr\/dairy-2\/icon-sires\/\"},{\"@type\":\"ListItem\",\"position\":4,\"name\":\"Polish\",\"item\":\"https:\/\/www-dev.absglobal.com\/ca-fr\/dairy-2\/icon-sires\/polish\/\"},{\"@type\":\"ListItem\",\"position\":5,\"name\":\"Formularz powiadomienia o wykorzystaniu opcji\"}]},{\"@type\":\"WebSite\",\"@id\":\"https:\/\/www-dev.absglobal.com\/ca-fr\/#website\",\"url\":\"https:\/\/www-dev.absglobal.com\/ca-fr\/\",\"name\":\"ABS Global Canada (ca-fr)\",\"description\":\"\",\"potentialAction\":[{\"@type\":\"SearchAction\",\"target\":{\"@type\":\"EntryPoint\",\"urlTemplate\":\"https:\/\/www-dev.absglobal.com\/ca-fr\/?s={search_term_string}\"},\"query-input\":{\"@type\":\"PropertyValueSpecification\",\"valueRequired\":true,\"valueName\":\"search_term_string\"}}],\"inLanguage\":\"fr-CA\"}]}<\/script>\n<!-- \/ Yoast SEO Premium plugin. -->","yoast_head_json":{"title":"Formularz powiadomienia o wykorzystaniu opcji - ABS Global Canada (ca-fr)","robots":{"index":"index","follow":"follow","max-snippet":"max-snippet:-1","max-image-preview":"max-image-preview:large","max-video-preview":"max-video-preview:-1"},"canonical":"https:\/\/www-dev.absglobal.com\/ca-fr\/dairy-2\/icon-sires\/polish\/formularz-powiadomienia-o-wykorzystaniu-opcji\/","og_locale":"fr_CA","og_type":"article","og_title":"Formularz powiadomienia o wykorzystaniu opcji","og_description":"Powiadomienie o wyborze opcji potomstwa Je\u015bli maj\u0105 Pa\u0144stwo syna lub c\u00f3rk\u0119 buhaja Icon Sire\u2122, kt\u00f3re spe\u0142niaj\u0105 kryteria podane na stronie g\u0142\u00f3wnej Icon Sires pozw\u00f3lcie, \u017ce z\u0142o\u017cymy gratulacje jako pierwsi! Wype\u0142nijcie poni\u017cej i prze\u015blijcie Powiadomienie o wyborze opcji. Przes\u0142anie Powiadomienia spowoduje rozpocz\u0119cie Okresu Opcji (zgodnie z umow\u0105 opcji). Wszystkie formularze przes\u0142ane po godzinie 16.00 czasu CST&hellip;","og_url":"https:\/\/www-dev.absglobal.com\/ca-fr\/dairy-2\/icon-sires\/polish\/formularz-powiadomienia-o-wykorzystaniu-opcji\/","og_site_name":"ABS Global Canada (ca-fr)","og_image":[{"url":"http:\/\/cms.genusplc.com\/absglobal\/wp-content\/uploads\/logo-abs-icon-sires.png","type":"","width":"","height":""}],"twitter_card":"summary_large_image","twitter_misc":{"Est. reading time":"1 minute"},"schema":{"@context":"https:\/\/schema.org","@graph":[{"@type":"WebPage","@id":"https:\/\/www-dev.absglobal.com\/ca-fr\/dairy-2\/icon-sires\/polish\/formularz-powiadomienia-o-wykorzystaniu-opcji\/","url":"https:\/\/www-dev.absglobal.com\/ca-fr\/dairy-2\/icon-sires\/polish\/formularz-powiadomienia-o-wykorzystaniu-opcji\/","name":"Formularz powiadomienia o wykorzystaniu opcji - ABS Global Canada (ca-fr)","isPartOf":{"@id":"https:\/\/www-dev.absglobal.com\/ca-fr\/#website"},"primaryImageOfPage":{"@id":"https:\/\/www-dev.absglobal.com\/ca-fr\/dairy-2\/icon-sires\/polish\/formularz-powiadomienia-o-wykorzystaniu-opcji\/#primaryimage"},"image":{"@id":"https:\/\/www-dev.absglobal.com\/ca-fr\/dairy-2\/icon-sires\/polish\/formularz-powiadomienia-o-wykorzystaniu-opcji\/#primaryimage"},"thumbnailUrl":"http:\/\/cms.genusplc.com\/absglobal\/wp-content\/uploads\/logo-abs-icon-sires.png","datePublished":"2018-03-01T03:25:31+00:00","breadcrumb":{"@id":"https:\/\/www-dev.absglobal.com\/ca-fr\/dairy-2\/icon-sires\/polish\/formularz-powiadomienia-o-wykorzystaniu-opcji\/#breadcrumb"},"inLanguage":"fr-CA","potentialAction":[{"@type":"ReadAction","target":["https:\/\/www-dev.absglobal.com\/ca-fr\/dairy-2\/icon-sires\/polish\/formularz-powiadomienia-o-wykorzystaniu-opcji\/"]}]},{"@type":"ImageObject","inLanguage":"fr-CA","@id":"https:\/\/www-dev.absglobal.com\/ca-fr\/dairy-2\/icon-sires\/polish\/formularz-powiadomienia-o-wykorzystaniu-opcji\/#primaryimage","url":"http:\/\/cms.genusplc.com\/absglobal\/wp-content\/uploads\/logo-abs-icon-sires.png","contentUrl":"http:\/\/cms.genusplc.com\/absglobal\/wp-content\/uploads\/logo-abs-icon-sires.png"},{"@type":"BreadcrumbList","@id":"https:\/\/www-dev.absglobal.com\/ca-fr\/dairy-2\/icon-sires\/polish\/formularz-powiadomienia-o-wykorzystaniu-opcji\/#breadcrumb","itemListElement":[{"@type":"ListItem","position":1,"name":"Home","item":"https:\/\/www-dev.absglobal.com\/ca-fr\/"},{"@type":"ListItem","position":2,"name":"Dairy","item":"https:\/\/www-dev.absglobal.com\/ca-fr\/dairy-2\/"},{"@type":"ListItem","position":3,"name":"Icon Sires\u2122","item":"https:\/\/www-dev.absglobal.com\/ca-fr\/dairy-2\/icon-sires\/"},{"@type":"ListItem","position":4,"name":"Polish","item":"https:\/\/www-dev.absglobal.com\/ca-fr\/dairy-2\/icon-sires\/polish\/"},{"@type":"ListItem","position":5,"name":"Formularz powiadomienia o wykorzystaniu opcji"}]},{"@type":"WebSite","@id":"https:\/\/www-dev.absglobal.com\/ca-fr\/#website","url":"https:\/\/www-dev.absglobal.com\/ca-fr\/","name":"ABS Global Canada (ca-fr)","description":"","potentialAction":[{"@type":"SearchAction","target":{"@type":"EntryPoint","urlTemplate":"https:\/\/www-dev.absglobal.com\/ca-fr\/?s={search_term_string}"},"query-input":{"@type":"PropertyValueSpecification","valueRequired":true,"valueName":"search_term_string"}}],"inLanguage":"fr-CA"}]}},"jetpack_sharing_enabled":true,"_links":{"self":[{"href":"https:\/\/www-dev.absglobal.com\/ca-fr\/wp-json\/wp\/v2\/pages\/2708"}],"collection":[{"href":"https:\/\/www-dev.absglobal.com\/ca-fr\/wp-json\/wp\/v2\/pages"}],"about":[{"href":"https:\/\/www-dev.absglobal.com\/ca-fr\/wp-json\/wp\/v2\/types\/page"}],"author":[{"embeddable":true,"href":"https:\/\/www-dev.absglobal.com\/ca-fr\/wp-json\/wp\/v2\/users\/292"}],"replies":[{"embeddable":true,"href":"https:\/\/www-dev.absglobal.com\/ca-fr\/wp-json\/wp\/v2\/comments?post=2708"}],"version-history":[{"count":0,"href":"https:\/\/www-dev.absglobal.com\/ca-fr\/wp-json\/wp\/v2\/pages\/2708\/revisions"}],"up":[{"embeddable":true,"href":"https:\/\/www-dev.absglobal.com\/ca-fr\/wp-json\/wp\/v2\/pages\/530"}],"wp:attachment":[{"href":"https:\/\/www-dev.absglobal.com\/ca-fr\/wp-json\/wp\/v2\/media?parent=2708"}],"curies":[{"name":"wp","href":"https:\/\/api.w.org\/{rel}","templated":true}]}}