{"id":2709,"date":"2018-03-01T03:25:44","date_gmt":"2018-03-01T03:25:44","guid":{"rendered":"http:\/\/cms.genusplc.com\/absglobal\/?page_id=609"},"modified":"2018-03-01T03:25:44","modified_gmt":"2018-03-01T03:25:44","slug":"formulaire-de-notification-doption","status":"publish","type":"page","link":"https:\/\/www-dev.absglobal.com\/ca-fr\/dairy-2\/icon-sires\/french\/formulaire-de-notification-doption\/","title":{"rendered":"Formulaire de notification d&#039;option"},"content":{"rendered":"<h3>Formulaire de demande d\u2019option de descendant<\/h3>\n<p>Si vous poss\u00e9dez un fils ou une fille de taureau Icon Sires\u2122 r\u00e9pondant aux crit\u00e8res d\u00e9crits sur la page d\u2019accueil Icon Sires, permettez-nous tout d\u2019abord de vous f\u00e9liciter\u00a0! Veuillez compl\u00e9ter et envoyer le formulaire de notification d\u2019option ci-dessous. L\u2019envoi du formulaire ouvre la P\u00e9riode d\u2019option (d\u00e9crite dans votre contrat d\u2019option). Tout formulaire envoy\u00e9 au-del\u00e0 de 16\u00a0h CST (22\u00a0h GMT) un jour ouvrable ou envoy\u00e9 un jour non ouvrable sera consid\u00e9r\u00e9 comme envoy\u00e9 le jour ouvrable suivant. Un jour ouvrable est un jour de la semaine (du lundi au vendredi) qui n\u2019est pas un f\u00e9ri\u00e9 aux \u00c9tats-Unis (selon l\u2019<a href=\"https:\/\/www.opm.gov\/faqs\/QA.aspx?fid=e64d74ab-20a3-484c-8682-d2a2b46c22da&amp;pid=c41e6beb-0c14-449d-bde5-355a3a3014cd\">U.S. Office of Personnel Management<\/a>) ou le Vendredi Saint, le lendemain de Thanksgiving ou tout jour entre le soir de No\u00ebl et le Jour de l\u2019An.<\/p>\n<p>Si elle choisit d\u2019acheter votre fils ou votre fille, ABS vous paiera la valeur indiqu\u00e9e dans la section Prix d\u2019option de la page Conditions d\u2019option.<\/p>\n<h2>\n\t\tDemande d\u2019option de descendant<br \/>\n\t<\/h2>\n<h2><\/h2>\n<p>*Champ obligatoire<\/p>\n<p>\t\t\t\t<img decoding=\"async\" src=\"http:\/\/cms.genusplc.com\/absglobal\/wp-content\/uploads\/logo-abs-icon-sires.png\" alt=\"logo-abs-icon-sires\" height=\"216\" width=\"216\" \/><\/p>\n<ul id=\"menu-icon-sires-french\">\n<li id=\"menu-item-654\"><a href=\"http:\/\/cms.genusplc.com\/absglobal\/dairy\/icon-sires\/french\/formulaire-de-notification-doption\/\">Formulaire de notification d&#8217;option<\/a><\/li>\n<li id=\"menu-item-655\"><a href=\"http:\/\/cms.genusplc.com\/absglobal\/dairy\/icon-sires\/french\/conditions-doption\/\">Conditions d\u2019option<\/a><\/li>\n<\/ul>\n<h3><\/h3>\n<p><em>L\u2019envoi du formulaire de notification d\u2019option ou toute autre communication avec ABS n\u2019oblige en rien ABS \u00e0 acheter le descendant d\u2019un taureau Icon Sires, tant que vous et ABS n\u2019avez pas sign\u00e9 un contrat d\u2019achat de taureau ou de femelle.<\/em><\/p>\n","protected":false},"excerpt":{"rendered":"<p>Formulaire de demande d\u2019option de descendant Si vous poss\u00e9dez un fils ou une fille de taureau Icon Sires\u2122 r\u00e9pondant aux crit\u00e8res d\u00e9crits sur la page d\u2019accueil Icon Sires, permettez-nous tout d\u2019abord de vous f\u00e9liciter\u00a0! Veuillez compl\u00e9ter et envoyer le formulaire de notification d\u2019option ci-dessous. L\u2019envoi du formulaire ouvre la P\u00e9riode d\u2019option (d\u00e9crite dans votre contrat&hellip;<\/p>\n","protected":false},"author":292,"featured_media":0,"parent":2701,"menu_order":0,"comment_status":"closed","ping_status":"closed","template":"","meta":{"_acf_changed":false,"footnotes":""},"class_list":["post-2709","page","type-page","status-publish","hentry"],"acf":[],"yoast_head":"<!-- This site is optimized with the Yoast SEO Premium plugin v22.1 (Yoast SEO v25.3) - https:\/\/yoast.com\/wordpress\/plugins\/seo\/ -->\n<title>Formulaire de notification d&#039;option - ABS Global Canada (ca-fr)<\/title>\n<meta name=\"robots\" content=\"index, follow, max-snippet:-1, max-image-preview:large, max-video-preview:-1\" \/>\n<link rel=\"canonical\" href=\"https:\/\/www-dev.absglobal.com\/ca-fr\/dairy-2\/icon-sires\/french\/formulaire-de-notification-doption\/\" \/>\n<meta property=\"og:locale\" content=\"fr_CA\" \/>\n<meta property=\"og:type\" content=\"article\" \/>\n<meta property=\"og:title\" content=\"Formulaire de notification d&#039;option\" \/>\n<meta property=\"og:description\" content=\"Formulaire de demande d\u2019option de descendant Si vous poss\u00e9dez un fils ou une fille de taureau Icon Sires\u2122 r\u00e9pondant aux crit\u00e8res d\u00e9crits sur la page d\u2019accueil Icon Sires, permettez-nous tout d\u2019abord de vous f\u00e9liciter\u00a0! Veuillez compl\u00e9ter et envoyer le formulaire de notification d\u2019option ci-dessous. L\u2019envoi du formulaire ouvre la P\u00e9riode d\u2019option (d\u00e9crite dans votre contrat&hellip;\" \/>\n<meta property=\"og:url\" content=\"https:\/\/www-dev.absglobal.com\/ca-fr\/dairy-2\/icon-sires\/french\/formulaire-de-notification-doption\/\" \/>\n<meta property=\"og:site_name\" content=\"ABS Global Canada (ca-fr)\" \/>\n<meta property=\"og:image\" content=\"http:\/\/cms.genusplc.com\/absglobal\/wp-content\/uploads\/logo-abs-icon-sires.png\" \/>\n<meta name=\"twitter:card\" content=\"summary_large_image\" \/>\n<meta name=\"twitter:label1\" content=\"Est. reading time\" \/>\n\t<meta name=\"twitter:data1\" content=\"1 minute\" \/>\n<script type=\"application\/ld+json\" class=\"yoast-schema-graph\">{\"@context\":\"https:\/\/schema.org\",\"@graph\":[{\"@type\":\"WebPage\",\"@id\":\"https:\/\/www-dev.absglobal.com\/ca-fr\/dairy-2\/icon-sires\/french\/formulaire-de-notification-doption\/\",\"url\":\"https:\/\/www-dev.absglobal.com\/ca-fr\/dairy-2\/icon-sires\/french\/formulaire-de-notification-doption\/\",\"name\":\"Formulaire de notification d&#039;option - ABS Global Canada (ca-fr)\",\"isPartOf\":{\"@id\":\"https:\/\/www-dev.absglobal.com\/ca-fr\/#website\"},\"primaryImageOfPage\":{\"@id\":\"https:\/\/www-dev.absglobal.com\/ca-fr\/dairy-2\/icon-sires\/french\/formulaire-de-notification-doption\/#primaryimage\"},\"image\":{\"@id\":\"https:\/\/www-dev.absglobal.com\/ca-fr\/dairy-2\/icon-sires\/french\/formulaire-de-notification-doption\/#primaryimage\"},\"thumbnailUrl\":\"http:\/\/cms.genusplc.com\/absglobal\/wp-content\/uploads\/logo-abs-icon-sires.png\",\"datePublished\":\"2018-03-01T03:25:44+00:00\",\"breadcrumb\":{\"@id\":\"https:\/\/www-dev.absglobal.com\/ca-fr\/dairy-2\/icon-sires\/french\/formulaire-de-notification-doption\/#breadcrumb\"},\"inLanguage\":\"fr-CA\",\"potentialAction\":[{\"@type\":\"ReadAction\",\"target\":[\"https:\/\/www-dev.absglobal.com\/ca-fr\/dairy-2\/icon-sires\/french\/formulaire-de-notification-doption\/\"]}]},{\"@type\":\"ImageObject\",\"inLanguage\":\"fr-CA\",\"@id\":\"https:\/\/www-dev.absglobal.com\/ca-fr\/dairy-2\/icon-sires\/french\/formulaire-de-notification-doption\/#primaryimage\",\"url\":\"http:\/\/cms.genusplc.com\/absglobal\/wp-content\/uploads\/logo-abs-icon-sires.png\",\"contentUrl\":\"http:\/\/cms.genusplc.com\/absglobal\/wp-content\/uploads\/logo-abs-icon-sires.png\"},{\"@type\":\"BreadcrumbList\",\"@id\":\"https:\/\/www-dev.absglobal.com\/ca-fr\/dairy-2\/icon-sires\/french\/formulaire-de-notification-doption\/#breadcrumb\",\"itemListElement\":[{\"@type\":\"ListItem\",\"position\":1,\"name\":\"Home\",\"item\":\"https:\/\/www-dev.absglobal.com\/ca-fr\/\"},{\"@type\":\"ListItem\",\"position\":2,\"name\":\"Dairy\",\"item\":\"https:\/\/www-dev.absglobal.com\/ca-fr\/dairy-2\/\"},{\"@type\":\"ListItem\",\"position\":3,\"name\":\"Icon Sires\u2122\",\"item\":\"https:\/\/www-dev.absglobal.com\/ca-fr\/dairy-2\/icon-sires\/\"},{\"@type\":\"ListItem\",\"position\":4,\"name\":\"French\",\"item\":\"https:\/\/www-dev.absglobal.com\/ca-fr\/dairy-2\/icon-sires\/french\/\"},{\"@type\":\"ListItem\",\"position\":5,\"name\":\"Formulaire de notification d&#039;option\"}]},{\"@type\":\"WebSite\",\"@id\":\"https:\/\/www-dev.absglobal.com\/ca-fr\/#website\",\"url\":\"https:\/\/www-dev.absglobal.com\/ca-fr\/\",\"name\":\"ABS Global Canada (ca-fr)\",\"description\":\"\",\"potentialAction\":[{\"@type\":\"SearchAction\",\"target\":{\"@type\":\"EntryPoint\",\"urlTemplate\":\"https:\/\/www-dev.absglobal.com\/ca-fr\/?s={search_term_string}\"},\"query-input\":{\"@type\":\"PropertyValueSpecification\",\"valueRequired\":true,\"valueName\":\"search_term_string\"}}],\"inLanguage\":\"fr-CA\"}]}<\/script>\n<!-- \/ Yoast SEO Premium plugin. -->","yoast_head_json":{"title":"Formulaire de notification d&#039;option - ABS Global Canada (ca-fr)","robots":{"index":"index","follow":"follow","max-snippet":"max-snippet:-1","max-image-preview":"max-image-preview:large","max-video-preview":"max-video-preview:-1"},"canonical":"https:\/\/www-dev.absglobal.com\/ca-fr\/dairy-2\/icon-sires\/french\/formulaire-de-notification-doption\/","og_locale":"fr_CA","og_type":"article","og_title":"Formulaire de notification d&#039;option","og_description":"Formulaire de demande d\u2019option de descendant Si vous poss\u00e9dez un fils ou une fille de taureau Icon Sires\u2122 r\u00e9pondant aux crit\u00e8res d\u00e9crits sur la page d\u2019accueil Icon Sires, permettez-nous tout d\u2019abord de vous f\u00e9liciter\u00a0! Veuillez compl\u00e9ter et envoyer le formulaire de notification d\u2019option ci-dessous. L\u2019envoi du formulaire ouvre la P\u00e9riode d\u2019option (d\u00e9crite dans votre contrat&hellip;","og_url":"https:\/\/www-dev.absglobal.com\/ca-fr\/dairy-2\/icon-sires\/french\/formulaire-de-notification-doption\/","og_site_name":"ABS Global Canada (ca-fr)","og_image":[{"url":"http:\/\/cms.genusplc.com\/absglobal\/wp-content\/uploads\/logo-abs-icon-sires.png","type":"","width":"","height":""}],"twitter_card":"summary_large_image","twitter_misc":{"Est. reading time":"1 minute"},"schema":{"@context":"https:\/\/schema.org","@graph":[{"@type":"WebPage","@id":"https:\/\/www-dev.absglobal.com\/ca-fr\/dairy-2\/icon-sires\/french\/formulaire-de-notification-doption\/","url":"https:\/\/www-dev.absglobal.com\/ca-fr\/dairy-2\/icon-sires\/french\/formulaire-de-notification-doption\/","name":"Formulaire de notification d&#039;option - ABS Global Canada (ca-fr)","isPartOf":{"@id":"https:\/\/www-dev.absglobal.com\/ca-fr\/#website"},"primaryImageOfPage":{"@id":"https:\/\/www-dev.absglobal.com\/ca-fr\/dairy-2\/icon-sires\/french\/formulaire-de-notification-doption\/#primaryimage"},"image":{"@id":"https:\/\/www-dev.absglobal.com\/ca-fr\/dairy-2\/icon-sires\/french\/formulaire-de-notification-doption\/#primaryimage"},"thumbnailUrl":"http:\/\/cms.genusplc.com\/absglobal\/wp-content\/uploads\/logo-abs-icon-sires.png","datePublished":"2018-03-01T03:25:44+00:00","breadcrumb":{"@id":"https:\/\/www-dev.absglobal.com\/ca-fr\/dairy-2\/icon-sires\/french\/formulaire-de-notification-doption\/#breadcrumb"},"inLanguage":"fr-CA","potentialAction":[{"@type":"ReadAction","target":["https:\/\/www-dev.absglobal.com\/ca-fr\/dairy-2\/icon-sires\/french\/formulaire-de-notification-doption\/"]}]},{"@type":"ImageObject","inLanguage":"fr-CA","@id":"https:\/\/www-dev.absglobal.com\/ca-fr\/dairy-2\/icon-sires\/french\/formulaire-de-notification-doption\/#primaryimage","url":"http:\/\/cms.genusplc.com\/absglobal\/wp-content\/uploads\/logo-abs-icon-sires.png","contentUrl":"http:\/\/cms.genusplc.com\/absglobal\/wp-content\/uploads\/logo-abs-icon-sires.png"},{"@type":"BreadcrumbList","@id":"https:\/\/www-dev.absglobal.com\/ca-fr\/dairy-2\/icon-sires\/french\/formulaire-de-notification-doption\/#breadcrumb","itemListElement":[{"@type":"ListItem","position":1,"name":"Home","item":"https:\/\/www-dev.absglobal.com\/ca-fr\/"},{"@type":"ListItem","position":2,"name":"Dairy","item":"https:\/\/www-dev.absglobal.com\/ca-fr\/dairy-2\/"},{"@type":"ListItem","position":3,"name":"Icon Sires\u2122","item":"https:\/\/www-dev.absglobal.com\/ca-fr\/dairy-2\/icon-sires\/"},{"@type":"ListItem","position":4,"name":"French","item":"https:\/\/www-dev.absglobal.com\/ca-fr\/dairy-2\/icon-sires\/french\/"},{"@type":"ListItem","position":5,"name":"Formulaire de notification d&#039;option"}]},{"@type":"WebSite","@id":"https:\/\/www-dev.absglobal.com\/ca-fr\/#website","url":"https:\/\/www-dev.absglobal.com\/ca-fr\/","name":"ABS Global Canada (ca-fr)","description":"","potentialAction":[{"@type":"SearchAction","target":{"@type":"EntryPoint","urlTemplate":"https:\/\/www-dev.absglobal.com\/ca-fr\/?s={search_term_string}"},"query-input":{"@type":"PropertyValueSpecification","valueRequired":true,"valueName":"search_term_string"}}],"inLanguage":"fr-CA"}]}},"jetpack_sharing_enabled":true,"_links":{"self":[{"href":"https:\/\/www-dev.absglobal.com\/ca-fr\/wp-json\/wp\/v2\/pages\/2709"}],"collection":[{"href":"https:\/\/www-dev.absglobal.com\/ca-fr\/wp-json\/wp\/v2\/pages"}],"about":[{"href":"https:\/\/www-dev.absglobal.com\/ca-fr\/wp-json\/wp\/v2\/types\/page"}],"author":[{"embeddable":true,"href":"https:\/\/www-dev.absglobal.com\/ca-fr\/wp-json\/wp\/v2\/users\/292"}],"replies":[{"embeddable":true,"href":"https:\/\/www-dev.absglobal.com\/ca-fr\/wp-json\/wp\/v2\/comments?post=2709"}],"version-history":[{"count":0,"href":"https:\/\/www-dev.absglobal.com\/ca-fr\/wp-json\/wp\/v2\/pages\/2709\/revisions"}],"up":[{"embeddable":true,"href":"https:\/\/www-dev.absglobal.com\/ca-fr\/wp-json\/wp\/v2\/pages\/2701"}],"wp:attachment":[{"href":"https:\/\/www-dev.absglobal.com\/ca-fr\/wp-json\/wp\/v2\/media?parent=2709"}],"curies":[{"name":"wp","href":"https:\/\/api.w.org\/{rel}","templated":true}]}}