{"id":2710,"date":"2018-03-01T03:25:55","date_gmt":"2018-03-01T03:25:55","guid":{"rendered":"http:\/\/cms.genusplc.com\/absglobal\/?page_id=611"},"modified":"2018-03-01T03:25:55","modified_gmt":"2018-03-01T03:25:55","slug":"option-notice-formular","status":"publish","type":"page","link":"https:\/\/www-dev.absglobal.com\/ca-fr\/dairy-2\/icon-sires\/german\/option-notice-formular\/","title":{"rendered":"Option Notice-Formular"},"content":{"rendered":"<h3>Nachzuchtformular<\/h3>\n<p>Sollten Sie Icon Sire\u2122 Nachzucht besitzen, die die Kriterien auf der Icon Sires Homepage erf\u00fcllt, m\u00f6chten wir Ihnen ganz herzlich gratulieren! Bitte f\u00fcllen Sie das nachfolgende Optionsformular aus und senden Sie es an uns. Durch das Absenden des Formulars beginnt der Optionszeitraum (siehe Optionsvereinbarung). F\u00fcr s\u00e4mtliche Formulare, die an Werk- oder Feiertagen nach 16:00 Uhr (CST; 22:00 Uhr GMT) gesendet werden, gilt der n\u00e4chste Werktag als Beginn des Optionszeitraums. Als Werktag gelten alle Wochentage (Montag bis Freitag), die kein US-Nationalfeiertag sind (siehe <a href=\"https:\/\/www.opm.gov\/faqs\/QA.aspx?fid=e64d74ab-20a3-484c-8682-d2a2b46c22da&amp;pid=c41e6beb-0c14-449d-bde5-355a3a3014cd\">U.S. Office of Personnel Management<\/a>). Weitere Ausnahmen stellen au\u00dferdem Karfreitag, der Tag nach Thanksgiving sowie s\u00e4mtliche Tage zwischen Weihnachten und Neujahr dar.<\/p>\n<p>Sollte sich ABS f\u00fcr den Kauf Ihrer Nachzucht entscheiden, bezahlt ABS den Wert, den Sie auf der Seite der Allgemeinen Gesch\u00e4ftsbedingungen f\u00fcr Optionen unter \u201eOptionspreis\u201c finden.<\/p>\n<h2>\n\t\tNachzuchtoptionen<br \/>\n\t<\/h2>\n<h2><\/h2>\n<p>*Pflichtfeld<\/p>\n<p>\t\t\t\t<img decoding=\"async\" src=\"http:\/\/cms.genusplc.com\/absglobal\/wp-content\/uploads\/logo-abs-icon-sires.png\" alt=\"logo-abs-icon-sires\" height=\"216\" width=\"216\" \/><\/p>\n<ul id=\"menu-icon-sires-german\">\n<li id=\"menu-item-656\"><a href=\"http:\/\/cms.genusplc.com\/absglobal\/dairy\/icon-sires\/german\/option-notice-formular\/\">Option Notice-Formular<\/a><\/li>\n<li id=\"menu-item-657\"><a href=\"http:\/\/cms.genusplc.com\/absglobal\/dairy\/icon-sires\/german\/optionsbedingungen\/\">Optionsbedingungen<\/a><\/li>\n<\/ul>\n<h3><\/h3>\n<p><em>Die Einsendung des Optionsformulars sowie sonstige Kommunikation zwischen Ihnen und ABS stellt keine Verpflichtung seitens ABS dar, ein Icon Sire Kalb zu erwerben. Hierf\u00fcr ist eine Kaufvereinbarung f\u00fcr ein m\u00e4nnliches oder weibliches Kalb erforderlich, die sowohl von Ihnen als auch ABS unterzeichnet werden muss.<\/em><\/p>\n","protected":false},"excerpt":{"rendered":"<p>Nachzuchtformular Sollten Sie Icon Sire\u2122 Nachzucht besitzen, die die Kriterien auf der Icon Sires Homepage erf\u00fcllt, m\u00f6chten wir Ihnen ganz herzlich gratulieren! Bitte f\u00fcllen Sie das nachfolgende Optionsformular aus und senden Sie es an uns. Durch das Absenden des Formulars beginnt der Optionszeitraum (siehe Optionsvereinbarung). F\u00fcr s\u00e4mtliche Formulare, die an Werk- oder Feiertagen nach 16:00&hellip;<\/p>\n","protected":false},"author":292,"featured_media":0,"parent":2702,"menu_order":0,"comment_status":"closed","ping_status":"closed","template":"","meta":{"_acf_changed":false,"footnotes":""},"class_list":["post-2710","page","type-page","status-publish","hentry"],"acf":[],"yoast_head":"<!-- This site is optimized with the Yoast SEO Premium plugin v22.1 (Yoast SEO v25.3) - https:\/\/yoast.com\/wordpress\/plugins\/seo\/ -->\n<title>Option Notice-Formular - ABS Global Canada (ca-fr)<\/title>\n<meta name=\"robots\" content=\"index, follow, max-snippet:-1, max-image-preview:large, max-video-preview:-1\" \/>\n<link rel=\"canonical\" href=\"https:\/\/www-dev.absglobal.com\/ca-fr\/dairy-2\/icon-sires\/german\/option-notice-formular\/\" \/>\n<meta property=\"og:locale\" content=\"fr_CA\" \/>\n<meta property=\"og:type\" content=\"article\" \/>\n<meta property=\"og:title\" content=\"Option Notice-Formular\" \/>\n<meta property=\"og:description\" content=\"Nachzuchtformular Sollten Sie Icon Sire\u2122 Nachzucht besitzen, die die Kriterien auf der Icon Sires Homepage erf\u00fcllt, m\u00f6chten wir Ihnen ganz herzlich gratulieren! Bitte f\u00fcllen Sie das nachfolgende Optionsformular aus und senden Sie es an uns. Durch das Absenden des Formulars beginnt der Optionszeitraum (siehe Optionsvereinbarung). F\u00fcr s\u00e4mtliche Formulare, die an Werk- oder Feiertagen nach 16:00&hellip;\" \/>\n<meta property=\"og:url\" content=\"https:\/\/www-dev.absglobal.com\/ca-fr\/dairy-2\/icon-sires\/german\/option-notice-formular\/\" \/>\n<meta property=\"og:site_name\" content=\"ABS Global Canada (ca-fr)\" \/>\n<meta property=\"og:image\" content=\"http:\/\/cms.genusplc.com\/absglobal\/wp-content\/uploads\/logo-abs-icon-sires.png\" \/>\n<meta name=\"twitter:card\" content=\"summary_large_image\" \/>\n<meta name=\"twitter:label1\" content=\"Est. reading time\" \/>\n\t<meta name=\"twitter:data1\" content=\"1 minute\" \/>\n<script type=\"application\/ld+json\" class=\"yoast-schema-graph\">{\"@context\":\"https:\/\/schema.org\",\"@graph\":[{\"@type\":\"WebPage\",\"@id\":\"https:\/\/www-dev.absglobal.com\/ca-fr\/dairy-2\/icon-sires\/german\/option-notice-formular\/\",\"url\":\"https:\/\/www-dev.absglobal.com\/ca-fr\/dairy-2\/icon-sires\/german\/option-notice-formular\/\",\"name\":\"Option Notice-Formular - ABS Global Canada (ca-fr)\",\"isPartOf\":{\"@id\":\"https:\/\/www-dev.absglobal.com\/ca-fr\/#website\"},\"primaryImageOfPage\":{\"@id\":\"https:\/\/www-dev.absglobal.com\/ca-fr\/dairy-2\/icon-sires\/german\/option-notice-formular\/#primaryimage\"},\"image\":{\"@id\":\"https:\/\/www-dev.absglobal.com\/ca-fr\/dairy-2\/icon-sires\/german\/option-notice-formular\/#primaryimage\"},\"thumbnailUrl\":\"http:\/\/cms.genusplc.com\/absglobal\/wp-content\/uploads\/logo-abs-icon-sires.png\",\"datePublished\":\"2018-03-01T03:25:55+00:00\",\"breadcrumb\":{\"@id\":\"https:\/\/www-dev.absglobal.com\/ca-fr\/dairy-2\/icon-sires\/german\/option-notice-formular\/#breadcrumb\"},\"inLanguage\":\"fr-CA\",\"potentialAction\":[{\"@type\":\"ReadAction\",\"target\":[\"https:\/\/www-dev.absglobal.com\/ca-fr\/dairy-2\/icon-sires\/german\/option-notice-formular\/\"]}]},{\"@type\":\"ImageObject\",\"inLanguage\":\"fr-CA\",\"@id\":\"https:\/\/www-dev.absglobal.com\/ca-fr\/dairy-2\/icon-sires\/german\/option-notice-formular\/#primaryimage\",\"url\":\"http:\/\/cms.genusplc.com\/absglobal\/wp-content\/uploads\/logo-abs-icon-sires.png\",\"contentUrl\":\"http:\/\/cms.genusplc.com\/absglobal\/wp-content\/uploads\/logo-abs-icon-sires.png\"},{\"@type\":\"BreadcrumbList\",\"@id\":\"https:\/\/www-dev.absglobal.com\/ca-fr\/dairy-2\/icon-sires\/german\/option-notice-formular\/#breadcrumb\",\"itemListElement\":[{\"@type\":\"ListItem\",\"position\":1,\"name\":\"Home\",\"item\":\"https:\/\/www-dev.absglobal.com\/ca-fr\/\"},{\"@type\":\"ListItem\",\"position\":2,\"name\":\"Dairy\",\"item\":\"https:\/\/www-dev.absglobal.com\/ca-fr\/dairy-2\/\"},{\"@type\":\"ListItem\",\"position\":3,\"name\":\"Icon Sires\u2122\",\"item\":\"https:\/\/www-dev.absglobal.com\/ca-fr\/dairy-2\/icon-sires\/\"},{\"@type\":\"ListItem\",\"position\":4,\"name\":\"German\",\"item\":\"https:\/\/www-dev.absglobal.com\/ca-fr\/dairy-2\/icon-sires\/german\/\"},{\"@type\":\"ListItem\",\"position\":5,\"name\":\"Option Notice-Formular\"}]},{\"@type\":\"WebSite\",\"@id\":\"https:\/\/www-dev.absglobal.com\/ca-fr\/#website\",\"url\":\"https:\/\/www-dev.absglobal.com\/ca-fr\/\",\"name\":\"ABS Global Canada (ca-fr)\",\"description\":\"\",\"potentialAction\":[{\"@type\":\"SearchAction\",\"target\":{\"@type\":\"EntryPoint\",\"urlTemplate\":\"https:\/\/www-dev.absglobal.com\/ca-fr\/?s={search_term_string}\"},\"query-input\":{\"@type\":\"PropertyValueSpecification\",\"valueRequired\":true,\"valueName\":\"search_term_string\"}}],\"inLanguage\":\"fr-CA\"}]}<\/script>\n<!-- \/ Yoast SEO Premium plugin. -->","yoast_head_json":{"title":"Option Notice-Formular - ABS Global Canada (ca-fr)","robots":{"index":"index","follow":"follow","max-snippet":"max-snippet:-1","max-image-preview":"max-image-preview:large","max-video-preview":"max-video-preview:-1"},"canonical":"https:\/\/www-dev.absglobal.com\/ca-fr\/dairy-2\/icon-sires\/german\/option-notice-formular\/","og_locale":"fr_CA","og_type":"article","og_title":"Option Notice-Formular","og_description":"Nachzuchtformular Sollten Sie Icon Sire\u2122 Nachzucht besitzen, die die Kriterien auf der Icon Sires Homepage erf\u00fcllt, m\u00f6chten wir Ihnen ganz herzlich gratulieren! Bitte f\u00fcllen Sie das nachfolgende Optionsformular aus und senden Sie es an uns. Durch das Absenden des Formulars beginnt der Optionszeitraum (siehe Optionsvereinbarung). F\u00fcr s\u00e4mtliche Formulare, die an Werk- oder Feiertagen nach 16:00&hellip;","og_url":"https:\/\/www-dev.absglobal.com\/ca-fr\/dairy-2\/icon-sires\/german\/option-notice-formular\/","og_site_name":"ABS Global Canada (ca-fr)","og_image":[{"url":"http:\/\/cms.genusplc.com\/absglobal\/wp-content\/uploads\/logo-abs-icon-sires.png","type":"","width":"","height":""}],"twitter_card":"summary_large_image","twitter_misc":{"Est. reading time":"1 minute"},"schema":{"@context":"https:\/\/schema.org","@graph":[{"@type":"WebPage","@id":"https:\/\/www-dev.absglobal.com\/ca-fr\/dairy-2\/icon-sires\/german\/option-notice-formular\/","url":"https:\/\/www-dev.absglobal.com\/ca-fr\/dairy-2\/icon-sires\/german\/option-notice-formular\/","name":"Option Notice-Formular - ABS Global Canada (ca-fr)","isPartOf":{"@id":"https:\/\/www-dev.absglobal.com\/ca-fr\/#website"},"primaryImageOfPage":{"@id":"https:\/\/www-dev.absglobal.com\/ca-fr\/dairy-2\/icon-sires\/german\/option-notice-formular\/#primaryimage"},"image":{"@id":"https:\/\/www-dev.absglobal.com\/ca-fr\/dairy-2\/icon-sires\/german\/option-notice-formular\/#primaryimage"},"thumbnailUrl":"http:\/\/cms.genusplc.com\/absglobal\/wp-content\/uploads\/logo-abs-icon-sires.png","datePublished":"2018-03-01T03:25:55+00:00","breadcrumb":{"@id":"https:\/\/www-dev.absglobal.com\/ca-fr\/dairy-2\/icon-sires\/german\/option-notice-formular\/#breadcrumb"},"inLanguage":"fr-CA","potentialAction":[{"@type":"ReadAction","target":["https:\/\/www-dev.absglobal.com\/ca-fr\/dairy-2\/icon-sires\/german\/option-notice-formular\/"]}]},{"@type":"ImageObject","inLanguage":"fr-CA","@id":"https:\/\/www-dev.absglobal.com\/ca-fr\/dairy-2\/icon-sires\/german\/option-notice-formular\/#primaryimage","url":"http:\/\/cms.genusplc.com\/absglobal\/wp-content\/uploads\/logo-abs-icon-sires.png","contentUrl":"http:\/\/cms.genusplc.com\/absglobal\/wp-content\/uploads\/logo-abs-icon-sires.png"},{"@type":"BreadcrumbList","@id":"https:\/\/www-dev.absglobal.com\/ca-fr\/dairy-2\/icon-sires\/german\/option-notice-formular\/#breadcrumb","itemListElement":[{"@type":"ListItem","position":1,"name":"Home","item":"https:\/\/www-dev.absglobal.com\/ca-fr\/"},{"@type":"ListItem","position":2,"name":"Dairy","item":"https:\/\/www-dev.absglobal.com\/ca-fr\/dairy-2\/"},{"@type":"ListItem","position":3,"name":"Icon Sires\u2122","item":"https:\/\/www-dev.absglobal.com\/ca-fr\/dairy-2\/icon-sires\/"},{"@type":"ListItem","position":4,"name":"German","item":"https:\/\/www-dev.absglobal.com\/ca-fr\/dairy-2\/icon-sires\/german\/"},{"@type":"ListItem","position":5,"name":"Option Notice-Formular"}]},{"@type":"WebSite","@id":"https:\/\/www-dev.absglobal.com\/ca-fr\/#website","url":"https:\/\/www-dev.absglobal.com\/ca-fr\/","name":"ABS Global Canada (ca-fr)","description":"","potentialAction":[{"@type":"SearchAction","target":{"@type":"EntryPoint","urlTemplate":"https:\/\/www-dev.absglobal.com\/ca-fr\/?s={search_term_string}"},"query-input":{"@type":"PropertyValueSpecification","valueRequired":true,"valueName":"search_term_string"}}],"inLanguage":"fr-CA"}]}},"jetpack_sharing_enabled":true,"_links":{"self":[{"href":"https:\/\/www-dev.absglobal.com\/ca-fr\/wp-json\/wp\/v2\/pages\/2710"}],"collection":[{"href":"https:\/\/www-dev.absglobal.com\/ca-fr\/wp-json\/wp\/v2\/pages"}],"about":[{"href":"https:\/\/www-dev.absglobal.com\/ca-fr\/wp-json\/wp\/v2\/types\/page"}],"author":[{"embeddable":true,"href":"https:\/\/www-dev.absglobal.com\/ca-fr\/wp-json\/wp\/v2\/users\/292"}],"replies":[{"embeddable":true,"href":"https:\/\/www-dev.absglobal.com\/ca-fr\/wp-json\/wp\/v2\/comments?post=2710"}],"version-history":[{"count":0,"href":"https:\/\/www-dev.absglobal.com\/ca-fr\/wp-json\/wp\/v2\/pages\/2710\/revisions"}],"up":[{"embeddable":true,"href":"https:\/\/www-dev.absglobal.com\/ca-fr\/wp-json\/wp\/v2\/pages\/2702"}],"wp:attachment":[{"href":"https:\/\/www-dev.absglobal.com\/ca-fr\/wp-json\/wp\/v2\/media?parent=2710"}],"curies":[{"name":"wp","href":"https:\/\/api.w.org\/{rel}","templated":true}]}}