{"id":2711,"date":"2018-03-01T03:26:03","date_gmt":"2018-03-01T03:26:03","guid":{"rendered":"http:\/\/cms.genusplc.com\/absglobal\/?page_id=613"},"modified":"2018-03-01T03:26:03","modified_gmt":"2018-03-01T03:26:03","slug":"formulario-de-notificacao-de-opcao","status":"publish","type":"page","link":"https:\/\/www-dev.absglobal.com\/ca-fr\/dairy-2\/icon-sires\/portuguese\/formulario-de-notificacao-de-opcao\/","title":{"rendered":"Formul\u00e1rio de Notifica\u00e7\u00e3o de Op\u00e7\u00e3o"},"content":{"rendered":"<h3>Formul\u00e1rio de envio de op\u00e7\u00e3o de prole<\/h3>\n<p>Se voc\u00ea tiver um filhote macho ou f\u00eamea de Icon Sire\u2122 que atenda aos crit\u00e9rios da p\u00e1gina inicial do programa Icon Sires, parab\u00e9ns! Preencha e envie o formul\u00e1rio de Notifica\u00e7\u00e3o de Op\u00e7\u00e3o abaixo. Enviar o formul\u00e1rio iniciar\u00e1 o Per\u00edodo de Op\u00e7\u00e3o (conforme definido no contrato de op\u00e7\u00e3o). Todos os formul\u00e1rios apresentados ap\u00f3s as 16h CST (22h GMT) em dias \u00fateis ou apresentados em dias n\u00e3o \u00fateis ser\u00e3o considerados como enviados no dia \u00fatil seguinte. Um dia \u00fatil \u00e9 qualquer dia de semana (segunda a sexta) que n\u00e3o seja feriado nacional nos EUA (conforme listados pelo <a href=\"https:\/\/www.opm.gov\/faqs\/QA.aspx?fid=e64d74ab-20a3-484c-8682-d2a2b46c22da&amp;pid=c41e6beb-0c14-449d-bde5-355a3a3014cd\">U.S. Office of Personnel Management<\/a>) ou Sexta-Feira Santa, o dia ap\u00f3s o Dia de A\u00e7\u00e3o de Gra\u00e7as, qualquer dia entre (e incluindo) a v\u00e9spera de Natal e o Ano Novo.<\/p>\n<p>Se a ABS selecionar seu filhote macho ou f\u00eamea para compra, a ABS pagar\u00e1 o valor listado na se\u00e7\u00e3o Pre\u00e7o de op\u00e7\u00e3o da p\u00e1gina de termos de op\u00e7\u00e3o.<\/p>\n<h2>\n\t\tEnvio de op\u00e7\u00e3o de prole<br \/>\n\t<\/h2>\n<p>*Campo obrigat\u00f3rio<\/p>\n<p>\t\t\t\t<img decoding=\"async\" src=\"http:\/\/cms.genusplc.com\/absglobal\/wp-content\/uploads\/logo-abs-icon-sires.png\" alt=\"logo-abs-icon-sires\" height=\"216\" width=\"216\" \/><\/p>\n<ul id=\"menu-icon-sires-portuguese\">\n<li id=\"menu-item-658\"><a href=\"http:\/\/cms.genusplc.com\/absglobal\/dairy\/icon-sires\/portuguese\/formulario-de-notificacao-de-opcao\/\">Formul\u00e1rio de Notifica\u00e7\u00e3o de Op\u00e7\u00e3o<\/a><\/li>\n<li id=\"menu-item-659\"><a href=\"http:\/\/cms.genusplc.com\/absglobal\/dairy\/icon-sires\/portuguese\/termos-de-opcao\/\">Termos de Op\u00e7\u00e3o<\/a><\/li>\n<\/ul>\n<h3><\/h3>\n<p><em>Seu envio do formul\u00e1rio de Notifica\u00e7\u00e3o de Op\u00e7\u00e3o ou qualquer outra comunica\u00e7\u00e3o que voc\u00ea tenha com a ABS n\u00e3o gerar\u00e1 nenhuma obriga\u00e7\u00e3o \u00e0 ABS de comprar qualquer bezerro Icon Sire at\u00e9 que voc\u00ea e a ABS assinem um contrato de compra de touro ou contrato de compra de f\u00eamea.<\/em><\/p>\n","protected":false},"excerpt":{"rendered":"<p>Formul\u00e1rio de envio de op\u00e7\u00e3o de prole Se voc\u00ea tiver um filhote macho ou f\u00eamea de Icon Sire\u2122 que atenda aos crit\u00e9rios da p\u00e1gina inicial do programa Icon Sires, parab\u00e9ns! Preencha e envie o formul\u00e1rio de Notifica\u00e7\u00e3o de Op\u00e7\u00e3o abaixo. Enviar o formul\u00e1rio iniciar\u00e1 o Per\u00edodo de Op\u00e7\u00e3o (conforme definido no contrato de op\u00e7\u00e3o). Todos&hellip;<\/p>\n","protected":false},"author":292,"featured_media":0,"parent":2703,"menu_order":0,"comment_status":"closed","ping_status":"closed","template":"","meta":{"_acf_changed":false,"footnotes":""},"class_list":["post-2711","page","type-page","status-publish","hentry"],"acf":[],"yoast_head":"<!-- This site is optimized with the Yoast SEO Premium plugin v22.1 (Yoast SEO v25.3) - https:\/\/yoast.com\/wordpress\/plugins\/seo\/ -->\n<title>Formul\u00e1rio de Notifica\u00e7\u00e3o de Op\u00e7\u00e3o - ABS Global Canada (ca-fr)<\/title>\n<meta name=\"robots\" content=\"index, follow, max-snippet:-1, max-image-preview:large, max-video-preview:-1\" \/>\n<link rel=\"canonical\" href=\"https:\/\/www-dev.absglobal.com\/ca-fr\/dairy-2\/icon-sires\/portuguese\/formulario-de-notificacao-de-opcao\/\" \/>\n<meta property=\"og:locale\" content=\"fr_CA\" \/>\n<meta property=\"og:type\" content=\"article\" \/>\n<meta property=\"og:title\" content=\"Formul\u00e1rio de Notifica\u00e7\u00e3o de Op\u00e7\u00e3o\" \/>\n<meta property=\"og:description\" content=\"Formul\u00e1rio de envio de op\u00e7\u00e3o de prole Se voc\u00ea tiver um filhote macho ou f\u00eamea de Icon Sire\u2122 que atenda aos crit\u00e9rios da p\u00e1gina inicial do programa Icon Sires, parab\u00e9ns! Preencha e envie o formul\u00e1rio de Notifica\u00e7\u00e3o de Op\u00e7\u00e3o abaixo. Enviar o formul\u00e1rio iniciar\u00e1 o Per\u00edodo de Op\u00e7\u00e3o (conforme definido no contrato de op\u00e7\u00e3o). Todos&hellip;\" \/>\n<meta property=\"og:url\" content=\"https:\/\/www-dev.absglobal.com\/ca-fr\/dairy-2\/icon-sires\/portuguese\/formulario-de-notificacao-de-opcao\/\" \/>\n<meta property=\"og:site_name\" content=\"ABS Global Canada (ca-fr)\" \/>\n<meta property=\"og:image\" content=\"http:\/\/cms.genusplc.com\/absglobal\/wp-content\/uploads\/logo-abs-icon-sires.png\" \/>\n<meta name=\"twitter:card\" content=\"summary_large_image\" \/>\n<meta name=\"twitter:label1\" content=\"Est. reading time\" \/>\n\t<meta name=\"twitter:data1\" content=\"1 minute\" \/>\n<script type=\"application\/ld+json\" class=\"yoast-schema-graph\">{\"@context\":\"https:\/\/schema.org\",\"@graph\":[{\"@type\":\"WebPage\",\"@id\":\"https:\/\/www-dev.absglobal.com\/ca-fr\/dairy-2\/icon-sires\/portuguese\/formulario-de-notificacao-de-opcao\/\",\"url\":\"https:\/\/www-dev.absglobal.com\/ca-fr\/dairy-2\/icon-sires\/portuguese\/formulario-de-notificacao-de-opcao\/\",\"name\":\"Formul\u00e1rio de Notifica\u00e7\u00e3o de Op\u00e7\u00e3o - ABS Global Canada (ca-fr)\",\"isPartOf\":{\"@id\":\"https:\/\/www-dev.absglobal.com\/ca-fr\/#website\"},\"primaryImageOfPage\":{\"@id\":\"https:\/\/www-dev.absglobal.com\/ca-fr\/dairy-2\/icon-sires\/portuguese\/formulario-de-notificacao-de-opcao\/#primaryimage\"},\"image\":{\"@id\":\"https:\/\/www-dev.absglobal.com\/ca-fr\/dairy-2\/icon-sires\/portuguese\/formulario-de-notificacao-de-opcao\/#primaryimage\"},\"thumbnailUrl\":\"http:\/\/cms.genusplc.com\/absglobal\/wp-content\/uploads\/logo-abs-icon-sires.png\",\"datePublished\":\"2018-03-01T03:26:03+00:00\",\"breadcrumb\":{\"@id\":\"https:\/\/www-dev.absglobal.com\/ca-fr\/dairy-2\/icon-sires\/portuguese\/formulario-de-notificacao-de-opcao\/#breadcrumb\"},\"inLanguage\":\"fr-CA\",\"potentialAction\":[{\"@type\":\"ReadAction\",\"target\":[\"https:\/\/www-dev.absglobal.com\/ca-fr\/dairy-2\/icon-sires\/portuguese\/formulario-de-notificacao-de-opcao\/\"]}]},{\"@type\":\"ImageObject\",\"inLanguage\":\"fr-CA\",\"@id\":\"https:\/\/www-dev.absglobal.com\/ca-fr\/dairy-2\/icon-sires\/portuguese\/formulario-de-notificacao-de-opcao\/#primaryimage\",\"url\":\"http:\/\/cms.genusplc.com\/absglobal\/wp-content\/uploads\/logo-abs-icon-sires.png\",\"contentUrl\":\"http:\/\/cms.genusplc.com\/absglobal\/wp-content\/uploads\/logo-abs-icon-sires.png\"},{\"@type\":\"BreadcrumbList\",\"@id\":\"https:\/\/www-dev.absglobal.com\/ca-fr\/dairy-2\/icon-sires\/portuguese\/formulario-de-notificacao-de-opcao\/#breadcrumb\",\"itemListElement\":[{\"@type\":\"ListItem\",\"position\":1,\"name\":\"Home\",\"item\":\"https:\/\/www-dev.absglobal.com\/ca-fr\/\"},{\"@type\":\"ListItem\",\"position\":2,\"name\":\"Dairy\",\"item\":\"https:\/\/www-dev.absglobal.com\/ca-fr\/dairy-2\/\"},{\"@type\":\"ListItem\",\"position\":3,\"name\":\"Icon Sires\u2122\",\"item\":\"https:\/\/www-dev.absglobal.com\/ca-fr\/dairy-2\/icon-sires\/\"},{\"@type\":\"ListItem\",\"position\":4,\"name\":\"Portuguese\",\"item\":\"https:\/\/www-dev.absglobal.com\/ca-fr\/dairy-2\/icon-sires\/portuguese\/\"},{\"@type\":\"ListItem\",\"position\":5,\"name\":\"Formul\u00e1rio de Notifica\u00e7\u00e3o de Op\u00e7\u00e3o\"}]},{\"@type\":\"WebSite\",\"@id\":\"https:\/\/www-dev.absglobal.com\/ca-fr\/#website\",\"url\":\"https:\/\/www-dev.absglobal.com\/ca-fr\/\",\"name\":\"ABS Global Canada (ca-fr)\",\"description\":\"\",\"potentialAction\":[{\"@type\":\"SearchAction\",\"target\":{\"@type\":\"EntryPoint\",\"urlTemplate\":\"https:\/\/www-dev.absglobal.com\/ca-fr\/?s={search_term_string}\"},\"query-input\":{\"@type\":\"PropertyValueSpecification\",\"valueRequired\":true,\"valueName\":\"search_term_string\"}}],\"inLanguage\":\"fr-CA\"}]}<\/script>\n<!-- \/ Yoast SEO Premium plugin. -->","yoast_head_json":{"title":"Formul\u00e1rio de Notifica\u00e7\u00e3o de Op\u00e7\u00e3o - ABS Global Canada (ca-fr)","robots":{"index":"index","follow":"follow","max-snippet":"max-snippet:-1","max-image-preview":"max-image-preview:large","max-video-preview":"max-video-preview:-1"},"canonical":"https:\/\/www-dev.absglobal.com\/ca-fr\/dairy-2\/icon-sires\/portuguese\/formulario-de-notificacao-de-opcao\/","og_locale":"fr_CA","og_type":"article","og_title":"Formul\u00e1rio de Notifica\u00e7\u00e3o de Op\u00e7\u00e3o","og_description":"Formul\u00e1rio de envio de op\u00e7\u00e3o de prole Se voc\u00ea tiver um filhote macho ou f\u00eamea de Icon Sire\u2122 que atenda aos crit\u00e9rios da p\u00e1gina inicial do programa Icon Sires, parab\u00e9ns! Preencha e envie o formul\u00e1rio de Notifica\u00e7\u00e3o de Op\u00e7\u00e3o abaixo. Enviar o formul\u00e1rio iniciar\u00e1 o Per\u00edodo de Op\u00e7\u00e3o (conforme definido no contrato de op\u00e7\u00e3o). Todos&hellip;","og_url":"https:\/\/www-dev.absglobal.com\/ca-fr\/dairy-2\/icon-sires\/portuguese\/formulario-de-notificacao-de-opcao\/","og_site_name":"ABS Global Canada (ca-fr)","og_image":[{"url":"http:\/\/cms.genusplc.com\/absglobal\/wp-content\/uploads\/logo-abs-icon-sires.png","type":"","width":"","height":""}],"twitter_card":"summary_large_image","twitter_misc":{"Est. reading time":"1 minute"},"schema":{"@context":"https:\/\/schema.org","@graph":[{"@type":"WebPage","@id":"https:\/\/www-dev.absglobal.com\/ca-fr\/dairy-2\/icon-sires\/portuguese\/formulario-de-notificacao-de-opcao\/","url":"https:\/\/www-dev.absglobal.com\/ca-fr\/dairy-2\/icon-sires\/portuguese\/formulario-de-notificacao-de-opcao\/","name":"Formul\u00e1rio de Notifica\u00e7\u00e3o de Op\u00e7\u00e3o - ABS Global Canada (ca-fr)","isPartOf":{"@id":"https:\/\/www-dev.absglobal.com\/ca-fr\/#website"},"primaryImageOfPage":{"@id":"https:\/\/www-dev.absglobal.com\/ca-fr\/dairy-2\/icon-sires\/portuguese\/formulario-de-notificacao-de-opcao\/#primaryimage"},"image":{"@id":"https:\/\/www-dev.absglobal.com\/ca-fr\/dairy-2\/icon-sires\/portuguese\/formulario-de-notificacao-de-opcao\/#primaryimage"},"thumbnailUrl":"http:\/\/cms.genusplc.com\/absglobal\/wp-content\/uploads\/logo-abs-icon-sires.png","datePublished":"2018-03-01T03:26:03+00:00","breadcrumb":{"@id":"https:\/\/www-dev.absglobal.com\/ca-fr\/dairy-2\/icon-sires\/portuguese\/formulario-de-notificacao-de-opcao\/#breadcrumb"},"inLanguage":"fr-CA","potentialAction":[{"@type":"ReadAction","target":["https:\/\/www-dev.absglobal.com\/ca-fr\/dairy-2\/icon-sires\/portuguese\/formulario-de-notificacao-de-opcao\/"]}]},{"@type":"ImageObject","inLanguage":"fr-CA","@id":"https:\/\/www-dev.absglobal.com\/ca-fr\/dairy-2\/icon-sires\/portuguese\/formulario-de-notificacao-de-opcao\/#primaryimage","url":"http:\/\/cms.genusplc.com\/absglobal\/wp-content\/uploads\/logo-abs-icon-sires.png","contentUrl":"http:\/\/cms.genusplc.com\/absglobal\/wp-content\/uploads\/logo-abs-icon-sires.png"},{"@type":"BreadcrumbList","@id":"https:\/\/www-dev.absglobal.com\/ca-fr\/dairy-2\/icon-sires\/portuguese\/formulario-de-notificacao-de-opcao\/#breadcrumb","itemListElement":[{"@type":"ListItem","position":1,"name":"Home","item":"https:\/\/www-dev.absglobal.com\/ca-fr\/"},{"@type":"ListItem","position":2,"name":"Dairy","item":"https:\/\/www-dev.absglobal.com\/ca-fr\/dairy-2\/"},{"@type":"ListItem","position":3,"name":"Icon Sires\u2122","item":"https:\/\/www-dev.absglobal.com\/ca-fr\/dairy-2\/icon-sires\/"},{"@type":"ListItem","position":4,"name":"Portuguese","item":"https:\/\/www-dev.absglobal.com\/ca-fr\/dairy-2\/icon-sires\/portuguese\/"},{"@type":"ListItem","position":5,"name":"Formul\u00e1rio de Notifica\u00e7\u00e3o de Op\u00e7\u00e3o"}]},{"@type":"WebSite","@id":"https:\/\/www-dev.absglobal.com\/ca-fr\/#website","url":"https:\/\/www-dev.absglobal.com\/ca-fr\/","name":"ABS Global Canada (ca-fr)","description":"","potentialAction":[{"@type":"SearchAction","target":{"@type":"EntryPoint","urlTemplate":"https:\/\/www-dev.absglobal.com\/ca-fr\/?s={search_term_string}"},"query-input":{"@type":"PropertyValueSpecification","valueRequired":true,"valueName":"search_term_string"}}],"inLanguage":"fr-CA"}]}},"jetpack_sharing_enabled":true,"_links":{"self":[{"href":"https:\/\/www-dev.absglobal.com\/ca-fr\/wp-json\/wp\/v2\/pages\/2711"}],"collection":[{"href":"https:\/\/www-dev.absglobal.com\/ca-fr\/wp-json\/wp\/v2\/pages"}],"about":[{"href":"https:\/\/www-dev.absglobal.com\/ca-fr\/wp-json\/wp\/v2\/types\/page"}],"author":[{"embeddable":true,"href":"https:\/\/www-dev.absglobal.com\/ca-fr\/wp-json\/wp\/v2\/users\/292"}],"replies":[{"embeddable":true,"href":"https:\/\/www-dev.absglobal.com\/ca-fr\/wp-json\/wp\/v2\/comments?post=2711"}],"version-history":[{"count":0,"href":"https:\/\/www-dev.absglobal.com\/ca-fr\/wp-json\/wp\/v2\/pages\/2711\/revisions"}],"up":[{"embeddable":true,"href":"https:\/\/www-dev.absglobal.com\/ca-fr\/wp-json\/wp\/v2\/pages\/2703"}],"wp:attachment":[{"href":"https:\/\/www-dev.absglobal.com\/ca-fr\/wp-json\/wp\/v2\/media?parent=2711"}],"curies":[{"name":"wp","href":"https:\/\/api.w.org\/{rel}","templated":true}]}}