{"id":2712,"date":"2018-03-01T03:26:45","date_gmt":"2018-03-01T03:26:45","guid":{"rendered":"http:\/\/cms.genusplc.com\/absglobal\/?page_id=619"},"modified":"2018-03-01T03:26:45","modified_gmt":"2018-03-01T03:26:45","slug":"formulario-de-notificacion-de-opcion","status":"publish","type":"page","link":"https:\/\/www-dev.absglobal.com\/ca-fr\/dairy-2\/icon-sires\/spanish\/formulario-de-notificacion-de-opcion\/","title":{"rendered":"Formulario de notificaci\u00f3n de opci\u00f3n"},"content":{"rendered":"<h2>Formulario de presentaci\u00f3n de opci\u00f3n de descendencia<\/h2>\n<p>Si usted tiene un hijo o una hija Icon Sire\u2122 que cumple con los criterios estipulados en la p\u00e1gina de inicio de Icon Sires, \u00a1perm\u00edtanos ser los primeros en felicitarlo! Complete y env\u00ede el formulario de Aviso de opci\u00f3n que figura a continuaci\u00f3n. El env\u00edo del formulario iniciar\u00e1 el Per\u00edodo de opci\u00f3n (como se establece en su acuerdo de opci\u00f3n). Todos los formularios enviados despu\u00e9s de las 4 p.\u00a0m. CST (10\u00a0p.\u00a0m. GMT) de un d\u00eda laboral o en un d\u00eda no laboral, se considerar\u00e1n enviados el d\u00eda laboral subsiguiente. Un d\u00eda laboral es cualquier d\u00eda de la semana (lunes a viernes) que no sea un feriado nacional en Estados Unidos (de la lista de la Oficina de Administraci\u00f3n de Personal de los Estados Unidos ) o el Viernes Santo, el d\u00eda posterior al D\u00eda de Acci\u00f3n de Gracias, o cualquier d\u00eda entre (e incluidos) los d\u00edas de Nochebuena y A\u00f1o Nuevo.<\/p>\n<p>\u00a0<\/p>\n<p>Si ABS selecciona el hijo o la hija para la compra, ABS le pagar\u00e1 el valor que figure en la secci\u00f3n Precio de opci\u00f3n de la p\u00e1gina de T\u00e9rminos de opci\u00f3n.<\/p>\n<h2>\n\t\tPresentaci\u00f3n de opci\u00f3n de descendencia<br \/>\n\t<\/h2>\n<p>*campos obligatorios<\/p>\n<p>\t\t\t\t<img decoding=\"async\" src=\"http:\/\/cms.genusplc.com\/absglobal\/wp-content\/uploads\/logo-abs-icon-sires.png\" alt=\"logo-abs-icon-sires\" height=\"216\" width=\"216\" \/><\/p>\n<ul id=\"menu-icon-sires-spanish\">\n<li id=\"menu-item-664\"><a href=\"http:\/\/cms.genusplc.com\/absglobal\/dairy\/icon-sires\/spanish\/formulario-de-notificacion-de-opcion\/\">Formulario de notificaci\u00f3n de opci\u00f3n<\/a><\/li>\n<li id=\"menu-item-665\"><a href=\"http:\/\/cms.genusplc.com\/absglobal\/dairy\/icon-sires\/spanish\/terminos-de-la-opcion\/\">T\u00c9RMINOS DE LA OPCI\u00d3N<\/a><\/li>\n<\/ul>\n<h3><\/h3>\n<p><em>El env\u00edo del Aviso de opci\u00f3n o cualquier otra comunicaci\u00f3n que usted tenga con ABS no crear\u00e1 ninguna obligaci\u00f3n de compra de un ternero Icon Sire para ABS, hasta que usted y ABS hayan firmado un acuerdo de compra de toro o un acuerdo de compra de hembra.<\/em><\/p>\n","protected":false},"excerpt":{"rendered":"<p>Formulario de presentaci\u00f3n de opci\u00f3n de descendencia Si usted tiene un hijo o una hija Icon Sire\u2122 que cumple con los criterios estipulados en la p\u00e1gina de inicio de Icon Sires, \u00a1perm\u00edtanos ser los primeros en felicitarlo! Complete y env\u00ede el formulario de Aviso de opci\u00f3n que figura a continuaci\u00f3n. El env\u00edo del formulario iniciar\u00e1&hellip;<\/p>\n","protected":false},"author":292,"featured_media":0,"parent":543,"menu_order":0,"comment_status":"closed","ping_status":"closed","template":"","meta":{"_acf_changed":false,"footnotes":""},"class_list":["post-2712","page","type-page","status-publish","hentry"],"acf":[],"yoast_head":"<!-- This site is optimized with the Yoast SEO Premium plugin v22.1 (Yoast SEO v25.3) - https:\/\/yoast.com\/wordpress\/plugins\/seo\/ -->\n<title>Formulario de notificaci\u00f3n de opci\u00f3n - ABS Global Canada (ca-fr)<\/title>\n<meta name=\"robots\" content=\"index, follow, max-snippet:-1, max-image-preview:large, max-video-preview:-1\" \/>\n<link rel=\"canonical\" href=\"https:\/\/www-dev.absglobal.com\/ca-fr\/dairy-2\/icon-sires\/spanish\/formulario-de-notificacion-de-opcion\/\" \/>\n<meta property=\"og:locale\" content=\"fr_CA\" \/>\n<meta property=\"og:type\" content=\"article\" \/>\n<meta property=\"og:title\" content=\"Formulario de notificaci\u00f3n de opci\u00f3n\" \/>\n<meta property=\"og:description\" content=\"Formulario de presentaci\u00f3n de opci\u00f3n de descendencia Si usted tiene un hijo o una hija Icon Sire\u2122 que cumple con los criterios estipulados en la p\u00e1gina de inicio de Icon Sires, \u00a1perm\u00edtanos ser los primeros en felicitarlo! Complete y env\u00ede el formulario de Aviso de opci\u00f3n que figura a continuaci\u00f3n. El env\u00edo del formulario iniciar\u00e1&hellip;\" \/>\n<meta property=\"og:url\" content=\"https:\/\/www-dev.absglobal.com\/ca-fr\/dairy-2\/icon-sires\/spanish\/formulario-de-notificacion-de-opcion\/\" \/>\n<meta property=\"og:site_name\" content=\"ABS Global Canada (ca-fr)\" \/>\n<meta property=\"og:image\" content=\"http:\/\/cms.genusplc.com\/absglobal\/wp-content\/uploads\/logo-abs-icon-sires.png\" \/>\n<meta name=\"twitter:card\" content=\"summary_large_image\" \/>\n<meta name=\"twitter:label1\" content=\"Est. reading time\" \/>\n\t<meta name=\"twitter:data1\" content=\"1 minute\" \/>\n<script type=\"application\/ld+json\" class=\"yoast-schema-graph\">{\"@context\":\"https:\/\/schema.org\",\"@graph\":[{\"@type\":\"WebPage\",\"@id\":\"https:\/\/www-dev.absglobal.com\/ca-fr\/dairy-2\/icon-sires\/spanish\/formulario-de-notificacion-de-opcion\/\",\"url\":\"https:\/\/www-dev.absglobal.com\/ca-fr\/dairy-2\/icon-sires\/spanish\/formulario-de-notificacion-de-opcion\/\",\"name\":\"Formulario de notificaci\u00f3n de opci\u00f3n - ABS Global Canada (ca-fr)\",\"isPartOf\":{\"@id\":\"https:\/\/www-dev.absglobal.com\/ca-fr\/#website\"},\"primaryImageOfPage\":{\"@id\":\"https:\/\/www-dev.absglobal.com\/ca-fr\/dairy-2\/icon-sires\/spanish\/formulario-de-notificacion-de-opcion\/#primaryimage\"},\"image\":{\"@id\":\"https:\/\/www-dev.absglobal.com\/ca-fr\/dairy-2\/icon-sires\/spanish\/formulario-de-notificacion-de-opcion\/#primaryimage\"},\"thumbnailUrl\":\"http:\/\/cms.genusplc.com\/absglobal\/wp-content\/uploads\/logo-abs-icon-sires.png\",\"datePublished\":\"2018-03-01T03:26:45+00:00\",\"breadcrumb\":{\"@id\":\"https:\/\/www-dev.absglobal.com\/ca-fr\/dairy-2\/icon-sires\/spanish\/formulario-de-notificacion-de-opcion\/#breadcrumb\"},\"inLanguage\":\"fr-CA\",\"potentialAction\":[{\"@type\":\"ReadAction\",\"target\":[\"https:\/\/www-dev.absglobal.com\/ca-fr\/dairy-2\/icon-sires\/spanish\/formulario-de-notificacion-de-opcion\/\"]}]},{\"@type\":\"ImageObject\",\"inLanguage\":\"fr-CA\",\"@id\":\"https:\/\/www-dev.absglobal.com\/ca-fr\/dairy-2\/icon-sires\/spanish\/formulario-de-notificacion-de-opcion\/#primaryimage\",\"url\":\"http:\/\/cms.genusplc.com\/absglobal\/wp-content\/uploads\/logo-abs-icon-sires.png\",\"contentUrl\":\"http:\/\/cms.genusplc.com\/absglobal\/wp-content\/uploads\/logo-abs-icon-sires.png\"},{\"@type\":\"BreadcrumbList\",\"@id\":\"https:\/\/www-dev.absglobal.com\/ca-fr\/dairy-2\/icon-sires\/spanish\/formulario-de-notificacion-de-opcion\/#breadcrumb\",\"itemListElement\":[{\"@type\":\"ListItem\",\"position\":1,\"name\":\"Home\",\"item\":\"https:\/\/www-dev.absglobal.com\/ca-fr\/\"},{\"@type\":\"ListItem\",\"position\":2,\"name\":\"Dairy\",\"item\":\"https:\/\/www-dev.absglobal.com\/ca-fr\/dairy-2\/\"},{\"@type\":\"ListItem\",\"position\":3,\"name\":\"Icon Sires\u2122\",\"item\":\"https:\/\/www-dev.absglobal.com\/ca-fr\/dairy-2\/icon-sires\/\"},{\"@type\":\"ListItem\",\"position\":4,\"name\":\"Spanish\",\"item\":\"https:\/\/www-dev.absglobal.com\/ca-fr\/dairy-2\/icon-sires\/spanish\/\"},{\"@type\":\"ListItem\",\"position\":5,\"name\":\"Formulario de notificaci\u00f3n de opci\u00f3n\"}]},{\"@type\":\"WebSite\",\"@id\":\"https:\/\/www-dev.absglobal.com\/ca-fr\/#website\",\"url\":\"https:\/\/www-dev.absglobal.com\/ca-fr\/\",\"name\":\"ABS Global Canada (ca-fr)\",\"description\":\"\",\"potentialAction\":[{\"@type\":\"SearchAction\",\"target\":{\"@type\":\"EntryPoint\",\"urlTemplate\":\"https:\/\/www-dev.absglobal.com\/ca-fr\/?s={search_term_string}\"},\"query-input\":{\"@type\":\"PropertyValueSpecification\",\"valueRequired\":true,\"valueName\":\"search_term_string\"}}],\"inLanguage\":\"fr-CA\"}]}<\/script>\n<!-- \/ Yoast SEO Premium plugin. -->","yoast_head_json":{"title":"Formulario de notificaci\u00f3n de opci\u00f3n - ABS Global Canada (ca-fr)","robots":{"index":"index","follow":"follow","max-snippet":"max-snippet:-1","max-image-preview":"max-image-preview:large","max-video-preview":"max-video-preview:-1"},"canonical":"https:\/\/www-dev.absglobal.com\/ca-fr\/dairy-2\/icon-sires\/spanish\/formulario-de-notificacion-de-opcion\/","og_locale":"fr_CA","og_type":"article","og_title":"Formulario de notificaci\u00f3n de opci\u00f3n","og_description":"Formulario de presentaci\u00f3n de opci\u00f3n de descendencia Si usted tiene un hijo o una hija Icon Sire\u2122 que cumple con los criterios estipulados en la p\u00e1gina de inicio de Icon Sires, \u00a1perm\u00edtanos ser los primeros en felicitarlo! Complete y env\u00ede el formulario de Aviso de opci\u00f3n que figura a continuaci\u00f3n. El env\u00edo del formulario iniciar\u00e1&hellip;","og_url":"https:\/\/www-dev.absglobal.com\/ca-fr\/dairy-2\/icon-sires\/spanish\/formulario-de-notificacion-de-opcion\/","og_site_name":"ABS Global Canada (ca-fr)","og_image":[{"url":"http:\/\/cms.genusplc.com\/absglobal\/wp-content\/uploads\/logo-abs-icon-sires.png","type":"","width":"","height":""}],"twitter_card":"summary_large_image","twitter_misc":{"Est. reading time":"1 minute"},"schema":{"@context":"https:\/\/schema.org","@graph":[{"@type":"WebPage","@id":"https:\/\/www-dev.absglobal.com\/ca-fr\/dairy-2\/icon-sires\/spanish\/formulario-de-notificacion-de-opcion\/","url":"https:\/\/www-dev.absglobal.com\/ca-fr\/dairy-2\/icon-sires\/spanish\/formulario-de-notificacion-de-opcion\/","name":"Formulario de notificaci\u00f3n de opci\u00f3n - ABS Global Canada (ca-fr)","isPartOf":{"@id":"https:\/\/www-dev.absglobal.com\/ca-fr\/#website"},"primaryImageOfPage":{"@id":"https:\/\/www-dev.absglobal.com\/ca-fr\/dairy-2\/icon-sires\/spanish\/formulario-de-notificacion-de-opcion\/#primaryimage"},"image":{"@id":"https:\/\/www-dev.absglobal.com\/ca-fr\/dairy-2\/icon-sires\/spanish\/formulario-de-notificacion-de-opcion\/#primaryimage"},"thumbnailUrl":"http:\/\/cms.genusplc.com\/absglobal\/wp-content\/uploads\/logo-abs-icon-sires.png","datePublished":"2018-03-01T03:26:45+00:00","breadcrumb":{"@id":"https:\/\/www-dev.absglobal.com\/ca-fr\/dairy-2\/icon-sires\/spanish\/formulario-de-notificacion-de-opcion\/#breadcrumb"},"inLanguage":"fr-CA","potentialAction":[{"@type":"ReadAction","target":["https:\/\/www-dev.absglobal.com\/ca-fr\/dairy-2\/icon-sires\/spanish\/formulario-de-notificacion-de-opcion\/"]}]},{"@type":"ImageObject","inLanguage":"fr-CA","@id":"https:\/\/www-dev.absglobal.com\/ca-fr\/dairy-2\/icon-sires\/spanish\/formulario-de-notificacion-de-opcion\/#primaryimage","url":"http:\/\/cms.genusplc.com\/absglobal\/wp-content\/uploads\/logo-abs-icon-sires.png","contentUrl":"http:\/\/cms.genusplc.com\/absglobal\/wp-content\/uploads\/logo-abs-icon-sires.png"},{"@type":"BreadcrumbList","@id":"https:\/\/www-dev.absglobal.com\/ca-fr\/dairy-2\/icon-sires\/spanish\/formulario-de-notificacion-de-opcion\/#breadcrumb","itemListElement":[{"@type":"ListItem","position":1,"name":"Home","item":"https:\/\/www-dev.absglobal.com\/ca-fr\/"},{"@type":"ListItem","position":2,"name":"Dairy","item":"https:\/\/www-dev.absglobal.com\/ca-fr\/dairy-2\/"},{"@type":"ListItem","position":3,"name":"Icon Sires\u2122","item":"https:\/\/www-dev.absglobal.com\/ca-fr\/dairy-2\/icon-sires\/"},{"@type":"ListItem","position":4,"name":"Spanish","item":"https:\/\/www-dev.absglobal.com\/ca-fr\/dairy-2\/icon-sires\/spanish\/"},{"@type":"ListItem","position":5,"name":"Formulario de notificaci\u00f3n de opci\u00f3n"}]},{"@type":"WebSite","@id":"https:\/\/www-dev.absglobal.com\/ca-fr\/#website","url":"https:\/\/www-dev.absglobal.com\/ca-fr\/","name":"ABS Global Canada (ca-fr)","description":"","potentialAction":[{"@type":"SearchAction","target":{"@type":"EntryPoint","urlTemplate":"https:\/\/www-dev.absglobal.com\/ca-fr\/?s={search_term_string}"},"query-input":{"@type":"PropertyValueSpecification","valueRequired":true,"valueName":"search_term_string"}}],"inLanguage":"fr-CA"}]}},"jetpack_sharing_enabled":true,"_links":{"self":[{"href":"https:\/\/www-dev.absglobal.com\/ca-fr\/wp-json\/wp\/v2\/pages\/2712"}],"collection":[{"href":"https:\/\/www-dev.absglobal.com\/ca-fr\/wp-json\/wp\/v2\/pages"}],"about":[{"href":"https:\/\/www-dev.absglobal.com\/ca-fr\/wp-json\/wp\/v2\/types\/page"}],"author":[{"embeddable":true,"href":"https:\/\/www-dev.absglobal.com\/ca-fr\/wp-json\/wp\/v2\/users\/292"}],"replies":[{"embeddable":true,"href":"https:\/\/www-dev.absglobal.com\/ca-fr\/wp-json\/wp\/v2\/comments?post=2712"}],"version-history":[{"count":0,"href":"https:\/\/www-dev.absglobal.com\/ca-fr\/wp-json\/wp\/v2\/pages\/2712\/revisions"}],"up":[{"embeddable":true,"href":"https:\/\/www-dev.absglobal.com\/ca-fr\/wp-json\/wp\/v2\/pages\/543"}],"wp:attachment":[{"href":"https:\/\/www-dev.absglobal.com\/ca-fr\/wp-json\/wp\/v2\/media?parent=2712"}],"curies":[{"name":"wp","href":"https:\/\/api.w.org\/{rel}","templated":true}]}}