{"id":492,"date":"2018-02-18T20:45:02","date_gmt":"2018-02-18T20:45:02","guid":{"rendered":"http:\/\/absglobal.flywheelsites.com\/us\/?page_id=492"},"modified":"2020-04-03T01:28:47","modified_gmt":"2020-04-03T01:28:47","slug":"dairy","status":"publish","type":"page","link":"https:\/\/www-dev.absglobal.com\/ca-fr\/dairy\/","title":{"rendered":"Laitier"},"content":{"rendered":"\n\t\t\t<h2>Chez ABS, votre r\u00e9ussite est notre priorit\u00e9<\/h2>\t\t\t\n\t\t\t\t<p><strong>La performance g\u00e9n\u00e9tique est importante pour la rentabilit\u00e9 d&#8217;une entreprise laiti\u00e8re, ind\u00e9pendamment de sa taille, de sa gestion ou de son environnement<\/strong><\/p>\n<p>ABS s&#8217;enorgueillit de fournir la g\u00e9n\u00e9tique la plus stable et la plus pr\u00e9cise dans l&#8217;industrie. En utilisant la g\u00e9n\u00e9tique \u00e9prouv\u00e9e de ABS, les producteurs laitiers am\u00e9liorent leur profitabilit\u00e9 gr\u00e2ce \u00e0 :<\/p>\n<ul>\n<li>Des filles uniformes<\/li>\n<li>Des performances pr\u00e9visibles<\/li>\n<li>Un bon investissement g\u00e9n\u00e9tique<\/li>\n<\/ul>\n\t\t\t\t<img decoding=\"async\" src=\"http:\/\/cms.genusplc.com\/absglobal\/ca-fr\/wp-content\/uploads\/sites\/9\/2018\/02\/Dairy_Fr.jpg\" alt=\"Dairy_Fr\" title=\"Dairy_Fr\" \/>\n<h2>\n\t\tABS identifie les diff\u00e9rents niveaux de fiabilit\u00e9 gr\u00e2ce \u00e0:\n\t<\/h2>\n\t\t\t\t<img decoding=\"async\" src=\"https:\/\/www-dev.absglobal.com\/ca-fr\/wp-content\/uploads\/sites\/23\/2020\/04\/ABS-Cornerstone_Genus.jpg\" alt=\"ABS-Cornerstone_Genus\" \/>\n\t\t<h4>ABS CORNERSTONE\u00ae<\/h4>\t\t\t\n\t\t\t\t<p>ABS utilise son programme de testage de prog\u00e9niture (en plus de la g\u00e9nomique) pour ajouter des informations sur la performance des filles \u00e0 l`\u00e9preuve d\u2019un taureau avant sa remise en service.<\/p>\n\t\t\t\t<img decoding=\"async\" src=\"https:\/\/www-dev.absglobal.com\/ca-fr\/wp-content\/uploads\/sites\/23\/2018\/02\/abs_primetime.jpg\" alt=\"\" \/>\n\t\t<h4>ABS PRIMETIME\u00ae<\/h4>\t\t\t\n\t\t\t\t<p>Ces taureaux ont des valeurs g\u00e9nomiques sup\u00e9rieures, des familles de vaches tr\u00e8s attrayantes et des lign\u00e9es paternelles fortes et fiables.<\/p>\n\t\t\t\t<img decoding=\"async\" src=\"http:\/\/cms.genusplc.com\/absglobal\/ca-fr\/wp-content\/uploads\/sites\/9\/2018\/02\/GoldRockSolid-300x300.jpg\" alt=\"GoldRockSolid\" \/>\n\t\t<h4>ROCK SOLID GENETICS\u00ae<\/h4>\t\t\t\n\t\t\t\t<p>ABS a plus de taureaux avec 100 filles dans 60 troupeaux \u00e0 leur premi\u00e8re \u00e9preuve. Ces taureaux atteignent le niveau de fiabilit\u00e9 g\u00e9n\u00e9tique Rock Solid &#8211; le plus haut standard dans l&#8217;industrie<\/p>\n\t\t\t\t<img decoding=\"async\" src=\"http:\/\/cms.genusplc.com\/absglobal\/ca-fr\/wp-content\/uploads\/sites\/9\/2018\/02\/diamondsirelogo-300x246.jpg\" alt=\"diamondsirelogo\" \/>\n\t\t<h4>ABS DIAMOND SIRES<\/h4>\t\t\t\n\t\t\t\t<p>ABS m\u00e8ne l&#8217;industrie pour le nombre de taureaux avec le statu de Diamond Sires \u2013 1,000 filles en lactation<\/p>\n\t\t\t<h2>ABS sait que la valeur g\u00e9n\u00e9tique de votre troupeau est bas\u00e9e sur l&#8217;am\u00e9lioration de la rentabilit\u00e9 de vos vaches, et ce \u00e0 chaque g\u00e9n\u00e9ration.<\/h2>\t\t\t\n<p>Les taureaux ABS Primetime\u2122 ont des r\u00e9sultats g\u00e9nomiques tr\u00e8s \u00e9lev\u00e9s. Ils sont les plus r\u00e9cents taureaux avec un classement \u00e9lev\u00e9 pour le GTPI et ils proviennent de familles fiables et performantes.<\/p>\n<p>Les producteurs peuvent utiliser les taureaux ABS Primetime avec confiance car ils utilisent aujourd\u2019hui les meilleurs individus de la prochaine g\u00e9n\u00e9ration de taureaux \u00e9prouv\u00e9s. Ces taureaux offrent une augmentation des gains g\u00e9n\u00e9tiques et plus d\u2019attrait pour le march\u00e9, tout en r\u00e9duisant l&#8217;intervalle entre g\u00e9n\u00e9ration.<\/p>\n<p>L&#8217;utilisation d&#8217;un groupe de taureaux ABS Primetime plut\u00f4t que de grandes quantit\u00e9s de quelques taureaux ABS Primetime est importante. Parce que ces jeunes taureaux ont une cote de fiabilit\u00e9 plus basse ils sont plus susceptibles \u00e0 subir de fortes variations dans leur information g\u00e9n\u00e9tique comparativement aux taureaux ABS plus fiables qui ont une \u00e9preuve bas\u00e9e sur leur prog\u00e9niture.<\/p>\n<p>ABS reste engag\u00e9 dans le programme ABS Cornerstone \u00ae en testant un grand nombre de jeunes taureaux avec des r\u00e9sultats g\u00e9nomiques pour s&#8217;assurer que dans l\u2019avenir, nous avons des taureaux qui sont en t\u00eate de liste et qui ont une forte fiabilit\u00e9. Nous sommes heureux d&#8217;offrir une gamme compl\u00e8te de taureaux qui se classent particuli\u00e8rement bien pour les caract\u00e8res qui ont un impact sur votre profitabilit\u00e9 \u2013 peu importe le programme que vous utilisez : Cornerstone, Primetime ou les taureaux ABS \u00e9prouv\u00e9es traditionnels.<\/p>\n","protected":false},"excerpt":{"rendered":"<p>Chez ABS, votre r\u00e9ussite est notre priorit\u00e9 La performance g\u00e9n\u00e9tique est importante pour la rentabilit\u00e9 d&#8217;une entreprise laiti\u00e8re, ind\u00e9pendamment de sa taille, de sa gestion ou de son environnement ABS s&#8217;enorgueillit de fournir la g\u00e9n\u00e9tique la plus stable et la plus pr\u00e9cise dans l&#8217;industrie. En utilisant la g\u00e9n\u00e9tique \u00e9prouv\u00e9e de ABS, les producteurs laitiers am\u00e9liorent&hellip;<\/p>\n","protected":false},"author":20,"featured_media":0,"parent":0,"menu_order":0,"comment_status":"closed","ping_status":"closed","template":"","meta":{"_acf_changed":false,"footnotes":""},"class_list":["post-492","page","type-page","status-publish","hentry"],"acf":[],"yoast_head":"<!-- This site is optimized with the Yoast SEO Premium plugin v22.1 (Yoast SEO v25.3) - https:\/\/yoast.com\/wordpress\/plugins\/seo\/ -->\n<title>Laitier - ABS Global Canada (ca-fr)<\/title>\n<meta name=\"robots\" content=\"index, follow, max-snippet:-1, max-image-preview:large, max-video-preview:-1\" \/>\n<link rel=\"canonical\" href=\"https:\/\/www-dev.absglobal.com\/ca-fr\/dairy\/\" \/>\n<meta property=\"og:locale\" content=\"fr_CA\" \/>\n<meta property=\"og:type\" content=\"article\" \/>\n<meta property=\"og:title\" content=\"Laitier\" \/>\n<meta property=\"og:description\" content=\"Chez ABS, votre r\u00e9ussite est notre priorit\u00e9 La performance g\u00e9n\u00e9tique est importante pour la rentabilit\u00e9 d&#8217;une entreprise laiti\u00e8re, ind\u00e9pendamment de sa taille, de sa gestion ou de son environnement ABS s&#8217;enorgueillit de fournir la g\u00e9n\u00e9tique la plus stable et la plus pr\u00e9cise dans l&#8217;industrie. En utilisant la g\u00e9n\u00e9tique \u00e9prouv\u00e9e de ABS, les producteurs laitiers am\u00e9liorent&hellip;\" \/>\n<meta property=\"og:url\" content=\"https:\/\/www-dev.absglobal.com\/ca-fr\/dairy\/\" \/>\n<meta property=\"og:site_name\" content=\"ABS Global Canada (ca-fr)\" \/>\n<meta property=\"article:modified_time\" content=\"2020-04-03T01:28:47+00:00\" \/>\n<meta property=\"og:image\" content=\"http:\/\/cms.genusplc.com\/absglobal\/ca-fr\/wp-content\/uploads\/sites\/9\/2018\/02\/Dairy_Fr.jpg\" \/>\n<meta name=\"twitter:card\" content=\"summary_large_image\" \/>\n<meta name=\"twitter:label1\" content=\"Est. reading time\" \/>\n\t<meta name=\"twitter:data1\" content=\"2 minutes\" \/>\n<script type=\"application\/ld+json\" class=\"yoast-schema-graph\">{\"@context\":\"https:\/\/schema.org\",\"@graph\":[{\"@type\":\"WebPage\",\"@id\":\"https:\/\/www-dev.absglobal.com\/ca-fr\/dairy\/\",\"url\":\"https:\/\/www-dev.absglobal.com\/ca-fr\/dairy\/\",\"name\":\"Laitier - ABS Global Canada (ca-fr)\",\"isPartOf\":{\"@id\":\"https:\/\/www-dev.absglobal.com\/ca-fr\/#website\"},\"primaryImageOfPage\":{\"@id\":\"https:\/\/www-dev.absglobal.com\/ca-fr\/dairy\/#primaryimage\"},\"image\":{\"@id\":\"https:\/\/www-dev.absglobal.com\/ca-fr\/dairy\/#primaryimage\"},\"thumbnailUrl\":\"http:\/\/cms.genusplc.com\/absglobal\/ca-fr\/wp-content\/uploads\/sites\/9\/2018\/02\/Dairy_Fr.jpg\",\"datePublished\":\"2018-02-18T20:45:02+00:00\",\"dateModified\":\"2020-04-03T01:28:47+00:00\",\"breadcrumb\":{\"@id\":\"https:\/\/www-dev.absglobal.com\/ca-fr\/dairy\/#breadcrumb\"},\"inLanguage\":\"fr-CA\",\"potentialAction\":[{\"@type\":\"ReadAction\",\"target\":[\"https:\/\/www-dev.absglobal.com\/ca-fr\/dairy\/\"]}]},{\"@type\":\"ImageObject\",\"inLanguage\":\"fr-CA\",\"@id\":\"https:\/\/www-dev.absglobal.com\/ca-fr\/dairy\/#primaryimage\",\"url\":\"http:\/\/cms.genusplc.com\/absglobal\/ca-fr\/wp-content\/uploads\/sites\/9\/2018\/02\/Dairy_Fr.jpg\",\"contentUrl\":\"http:\/\/cms.genusplc.com\/absglobal\/ca-fr\/wp-content\/uploads\/sites\/9\/2018\/02\/Dairy_Fr.jpg\"},{\"@type\":\"BreadcrumbList\",\"@id\":\"https:\/\/www-dev.absglobal.com\/ca-fr\/dairy\/#breadcrumb\",\"itemListElement\":[{\"@type\":\"ListItem\",\"position\":1,\"name\":\"Home\",\"item\":\"https:\/\/www-dev.absglobal.com\/ca-fr\/\"},{\"@type\":\"ListItem\",\"position\":2,\"name\":\"Laitier\"}]},{\"@type\":\"WebSite\",\"@id\":\"https:\/\/www-dev.absglobal.com\/ca-fr\/#website\",\"url\":\"https:\/\/www-dev.absglobal.com\/ca-fr\/\",\"name\":\"ABS Global Canada (ca-fr)\",\"description\":\"\",\"potentialAction\":[{\"@type\":\"SearchAction\",\"target\":{\"@type\":\"EntryPoint\",\"urlTemplate\":\"https:\/\/www-dev.absglobal.com\/ca-fr\/?s={search_term_string}\"},\"query-input\":{\"@type\":\"PropertyValueSpecification\",\"valueRequired\":true,\"valueName\":\"search_term_string\"}}],\"inLanguage\":\"fr-CA\"}]}<\/script>\n<!-- \/ Yoast SEO Premium plugin. -->","yoast_head_json":{"title":"Laitier - ABS Global Canada (ca-fr)","robots":{"index":"index","follow":"follow","max-snippet":"max-snippet:-1","max-image-preview":"max-image-preview:large","max-video-preview":"max-video-preview:-1"},"canonical":"https:\/\/www-dev.absglobal.com\/ca-fr\/dairy\/","og_locale":"fr_CA","og_type":"article","og_title":"Laitier","og_description":"Chez ABS, votre r\u00e9ussite est notre priorit\u00e9 La performance g\u00e9n\u00e9tique est importante pour la rentabilit\u00e9 d&#8217;une entreprise laiti\u00e8re, ind\u00e9pendamment de sa taille, de sa gestion ou de son environnement ABS s&#8217;enorgueillit de fournir la g\u00e9n\u00e9tique la plus stable et la plus pr\u00e9cise dans l&#8217;industrie. En utilisant la g\u00e9n\u00e9tique \u00e9prouv\u00e9e de ABS, les producteurs laitiers am\u00e9liorent&hellip;","og_url":"https:\/\/www-dev.absglobal.com\/ca-fr\/dairy\/","og_site_name":"ABS Global Canada (ca-fr)","article_modified_time":"2020-04-03T01:28:47+00:00","og_image":[{"url":"http:\/\/cms.genusplc.com\/absglobal\/ca-fr\/wp-content\/uploads\/sites\/9\/2018\/02\/Dairy_Fr.jpg","type":"","width":"","height":""}],"twitter_card":"summary_large_image","twitter_misc":{"Est. reading time":"2 minutes"},"schema":{"@context":"https:\/\/schema.org","@graph":[{"@type":"WebPage","@id":"https:\/\/www-dev.absglobal.com\/ca-fr\/dairy\/","url":"https:\/\/www-dev.absglobal.com\/ca-fr\/dairy\/","name":"Laitier - ABS Global Canada (ca-fr)","isPartOf":{"@id":"https:\/\/www-dev.absglobal.com\/ca-fr\/#website"},"primaryImageOfPage":{"@id":"https:\/\/www-dev.absglobal.com\/ca-fr\/dairy\/#primaryimage"},"image":{"@id":"https:\/\/www-dev.absglobal.com\/ca-fr\/dairy\/#primaryimage"},"thumbnailUrl":"http:\/\/cms.genusplc.com\/absglobal\/ca-fr\/wp-content\/uploads\/sites\/9\/2018\/02\/Dairy_Fr.jpg","datePublished":"2018-02-18T20:45:02+00:00","dateModified":"2020-04-03T01:28:47+00:00","breadcrumb":{"@id":"https:\/\/www-dev.absglobal.com\/ca-fr\/dairy\/#breadcrumb"},"inLanguage":"fr-CA","potentialAction":[{"@type":"ReadAction","target":["https:\/\/www-dev.absglobal.com\/ca-fr\/dairy\/"]}]},{"@type":"ImageObject","inLanguage":"fr-CA","@id":"https:\/\/www-dev.absglobal.com\/ca-fr\/dairy\/#primaryimage","url":"http:\/\/cms.genusplc.com\/absglobal\/ca-fr\/wp-content\/uploads\/sites\/9\/2018\/02\/Dairy_Fr.jpg","contentUrl":"http:\/\/cms.genusplc.com\/absglobal\/ca-fr\/wp-content\/uploads\/sites\/9\/2018\/02\/Dairy_Fr.jpg"},{"@type":"BreadcrumbList","@id":"https:\/\/www-dev.absglobal.com\/ca-fr\/dairy\/#breadcrumb","itemListElement":[{"@type":"ListItem","position":1,"name":"Home","item":"https:\/\/www-dev.absglobal.com\/ca-fr\/"},{"@type":"ListItem","position":2,"name":"Laitier"}]},{"@type":"WebSite","@id":"https:\/\/www-dev.absglobal.com\/ca-fr\/#website","url":"https:\/\/www-dev.absglobal.com\/ca-fr\/","name":"ABS Global Canada (ca-fr)","description":"","potentialAction":[{"@type":"SearchAction","target":{"@type":"EntryPoint","urlTemplate":"https:\/\/www-dev.absglobal.com\/ca-fr\/?s={search_term_string}"},"query-input":{"@type":"PropertyValueSpecification","valueRequired":true,"valueName":"search_term_string"}}],"inLanguage":"fr-CA"}]}},"jetpack_sharing_enabled":true,"_links":{"self":[{"href":"https:\/\/www-dev.absglobal.com\/ca-fr\/wp-json\/wp\/v2\/pages\/492"}],"collection":[{"href":"https:\/\/www-dev.absglobal.com\/ca-fr\/wp-json\/wp\/v2\/pages"}],"about":[{"href":"https:\/\/www-dev.absglobal.com\/ca-fr\/wp-json\/wp\/v2\/types\/page"}],"author":[{"embeddable":true,"href":"https:\/\/www-dev.absglobal.com\/ca-fr\/wp-json\/wp\/v2\/users\/20"}],"replies":[{"embeddable":true,"href":"https:\/\/www-dev.absglobal.com\/ca-fr\/wp-json\/wp\/v2\/comments?post=492"}],"version-history":[{"count":1,"href":"https:\/\/www-dev.absglobal.com\/ca-fr\/wp-json\/wp\/v2\/pages\/492\/revisions"}],"predecessor-version":[{"id":2543,"href":"https:\/\/www-dev.absglobal.com\/ca-fr\/wp-json\/wp\/v2\/pages\/492\/revisions\/2543"}],"wp:attachment":[{"href":"https:\/\/www-dev.absglobal.com\/ca-fr\/wp-json\/wp\/v2\/media?parent=492"}],"curies":[{"name":"wp","href":"https:\/\/api.w.org\/{rel}","templated":true}]}}