{"id":494,"date":"2018-02-18T20:45:22","date_gmt":"2018-02-18T20:45:22","guid":{"rendered":"http:\/\/absglobal.flywheelsites.com\/us\/?page_id=494"},"modified":"2018-02-18T20:45:22","modified_gmt":"2018-02-18T20:45:22","slug":"net-profit-genetics","status":"publish","type":"page","link":"https:\/\/www-dev.absglobal.com\/ca-fr\/dairy\/net-profit-genetics\/","title":{"rendered":"G\u00e9n\u00e9tique de B\u00e9n\u00e9fice Net"},"content":{"rendered":"<h2>Want to Maximize Your Profitability &amp; Efficiency?<\/h2>\n<p>The Net Profit Genetic program allows you to breed a herd of cows that are more efficient, lower maintenance, and sustainable &#8211; allowing you to better control expenses, reduce daily challenges and improve your bottom line.<\/p>\n<p>Genetics and bull selection play a key role in the size of your milk check and are vital for profitability with your feed costs. \u00a0The Net Profit Genetics program identifies the genetic selection needs for your operation and dials in on key genetic traits that directly influence your milk check and feed efficiency. \u00a0This allows you to improve the genetic speed of your herd.<\/p>\n<h2>What are the benefits of the ABS Net Profit Genetics program?<\/h2>\n<ul>\n<li>Use genetic selection to customize your herd to actually get what you say you want in an easy, straightforward, no fluff format.<\/li>\n<li>Maximize your milk check by selecting for the specific traits needed for your milk market (fat &amp; protein lbs, milk volume and somatic cell count)<\/li>\n<li>Create more moderate-sized cows to fit your facilities better, require less intensive management through improved reproductive performance and less health events resulting in lower herd costs<\/li>\n<li>Healthier, efficient cows for improved labor efficiency and a better ability to weather market downturns when they come<\/li>\n<\/ul>\n<p>The concept is easy to understand. \u00a0We\u2019ll analyze your herd, separate all of the all-stars within it and create a program to mate them with other superior genetics to produce better results for you long term. \u00a0This program sorts thru all the fluff for you. \u00a0We\u2019ll also have a plan to address strategic improvements for the rest of your herd. \u00a0Does having a herd with more top performers sound appealing?<\/p>\n<p>If you\u2019d like to breed a lower maintenance, more efficient and sustainable herd of cows, contact us today. \u00a0<a href=\"tel:18002277883\">800-ABS-STUD<\/a>\u00a0(227-7883).<\/p>\n","protected":false},"excerpt":{"rendered":"<p>Want to Maximize Your Profitability &amp; Efficiency? The Net Profit Genetic program allows you to breed a herd of cows that are more efficient, lower maintenance, and sustainable &#8211; allowing you to better control expenses, reduce daily challenges and improve your bottom line. Genetics and bull selection play a key role in the size of&hellip;<\/p>\n","protected":false},"author":20,"featured_media":0,"parent":492,"menu_order":0,"comment_status":"closed","ping_status":"closed","template":"","meta":{"_acf_changed":false,"footnotes":""},"class_list":["post-494","page","type-page","status-publish","hentry"],"acf":[],"yoast_head":"<!-- This site is optimized with the Yoast SEO Premium plugin v22.1 (Yoast SEO v25.3) - https:\/\/yoast.com\/wordpress\/plugins\/seo\/ -->\n<title>G\u00e9n\u00e9tique de B\u00e9n\u00e9fice Net - ABS Global Canada (ca-fr)<\/title>\n<meta name=\"robots\" content=\"index, follow, max-snippet:-1, max-image-preview:large, max-video-preview:-1\" \/>\n<link rel=\"canonical\" href=\"https:\/\/www-dev.absglobal.com\/ca-fr\/dairy\/net-profit-genetics\/\" \/>\n<meta property=\"og:locale\" content=\"fr_CA\" \/>\n<meta property=\"og:type\" content=\"article\" \/>\n<meta property=\"og:title\" content=\"G\u00e9n\u00e9tique de B\u00e9n\u00e9fice Net\" \/>\n<meta property=\"og:description\" content=\"Want to Maximize Your Profitability &amp; Efficiency? The Net Profit Genetic program allows you to breed a herd of cows that are more efficient, lower maintenance, and sustainable &#8211; allowing you to better control expenses, reduce daily challenges and improve your bottom line. Genetics and bull selection play a key role in the size of&hellip;\" \/>\n<meta property=\"og:url\" content=\"https:\/\/www-dev.absglobal.com\/ca-fr\/dairy\/net-profit-genetics\/\" \/>\n<meta property=\"og:site_name\" content=\"ABS Global Canada (ca-fr)\" \/>\n<meta name=\"twitter:card\" content=\"summary_large_image\" \/>\n<meta name=\"twitter:label1\" content=\"Est. reading time\" \/>\n\t<meta name=\"twitter:data1\" content=\"2 minutes\" \/>\n<script type=\"application\/ld+json\" class=\"yoast-schema-graph\">{\"@context\":\"https:\/\/schema.org\",\"@graph\":[{\"@type\":\"WebPage\",\"@id\":\"https:\/\/www-dev.absglobal.com\/ca-fr\/dairy\/net-profit-genetics\/\",\"url\":\"https:\/\/www-dev.absglobal.com\/ca-fr\/dairy\/net-profit-genetics\/\",\"name\":\"G\u00e9n\u00e9tique de B\u00e9n\u00e9fice Net - ABS Global Canada (ca-fr)\",\"isPartOf\":{\"@id\":\"https:\/\/www-dev.absglobal.com\/ca-fr\/#website\"},\"datePublished\":\"2018-02-18T20:45:22+00:00\",\"breadcrumb\":{\"@id\":\"https:\/\/www-dev.absglobal.com\/ca-fr\/dairy\/net-profit-genetics\/#breadcrumb\"},\"inLanguage\":\"fr-CA\",\"potentialAction\":[{\"@type\":\"ReadAction\",\"target\":[\"https:\/\/www-dev.absglobal.com\/ca-fr\/dairy\/net-profit-genetics\/\"]}]},{\"@type\":\"BreadcrumbList\",\"@id\":\"https:\/\/www-dev.absglobal.com\/ca-fr\/dairy\/net-profit-genetics\/#breadcrumb\",\"itemListElement\":[{\"@type\":\"ListItem\",\"position\":1,\"name\":\"Home\",\"item\":\"https:\/\/www-dev.absglobal.com\/ca-fr\/\"},{\"@type\":\"ListItem\",\"position\":2,\"name\":\"Laitier\",\"item\":\"https:\/\/www-dev.absglobal.com\/ca-fr\/dairy\/\"},{\"@type\":\"ListItem\",\"position\":3,\"name\":\"G\u00e9n\u00e9tique de B\u00e9n\u00e9fice Net\"}]},{\"@type\":\"WebSite\",\"@id\":\"https:\/\/www-dev.absglobal.com\/ca-fr\/#website\",\"url\":\"https:\/\/www-dev.absglobal.com\/ca-fr\/\",\"name\":\"ABS Global Canada (ca-fr)\",\"description\":\"\",\"potentialAction\":[{\"@type\":\"SearchAction\",\"target\":{\"@type\":\"EntryPoint\",\"urlTemplate\":\"https:\/\/www-dev.absglobal.com\/ca-fr\/?s={search_term_string}\"},\"query-input\":{\"@type\":\"PropertyValueSpecification\",\"valueRequired\":true,\"valueName\":\"search_term_string\"}}],\"inLanguage\":\"fr-CA\"}]}<\/script>\n<!-- \/ Yoast SEO Premium plugin. -->","yoast_head_json":{"title":"G\u00e9n\u00e9tique de B\u00e9n\u00e9fice Net - ABS Global Canada (ca-fr)","robots":{"index":"index","follow":"follow","max-snippet":"max-snippet:-1","max-image-preview":"max-image-preview:large","max-video-preview":"max-video-preview:-1"},"canonical":"https:\/\/www-dev.absglobal.com\/ca-fr\/dairy\/net-profit-genetics\/","og_locale":"fr_CA","og_type":"article","og_title":"G\u00e9n\u00e9tique de B\u00e9n\u00e9fice Net","og_description":"Want to Maximize Your Profitability &amp; Efficiency? The Net Profit Genetic program allows you to breed a herd of cows that are more efficient, lower maintenance, and sustainable &#8211; allowing you to better control expenses, reduce daily challenges and improve your bottom line. Genetics and bull selection play a key role in the size of&hellip;","og_url":"https:\/\/www-dev.absglobal.com\/ca-fr\/dairy\/net-profit-genetics\/","og_site_name":"ABS Global Canada (ca-fr)","twitter_card":"summary_large_image","twitter_misc":{"Est. reading time":"2 minutes"},"schema":{"@context":"https:\/\/schema.org","@graph":[{"@type":"WebPage","@id":"https:\/\/www-dev.absglobal.com\/ca-fr\/dairy\/net-profit-genetics\/","url":"https:\/\/www-dev.absglobal.com\/ca-fr\/dairy\/net-profit-genetics\/","name":"G\u00e9n\u00e9tique de B\u00e9n\u00e9fice Net - ABS Global Canada (ca-fr)","isPartOf":{"@id":"https:\/\/www-dev.absglobal.com\/ca-fr\/#website"},"datePublished":"2018-02-18T20:45:22+00:00","breadcrumb":{"@id":"https:\/\/www-dev.absglobal.com\/ca-fr\/dairy\/net-profit-genetics\/#breadcrumb"},"inLanguage":"fr-CA","potentialAction":[{"@type":"ReadAction","target":["https:\/\/www-dev.absglobal.com\/ca-fr\/dairy\/net-profit-genetics\/"]}]},{"@type":"BreadcrumbList","@id":"https:\/\/www-dev.absglobal.com\/ca-fr\/dairy\/net-profit-genetics\/#breadcrumb","itemListElement":[{"@type":"ListItem","position":1,"name":"Home","item":"https:\/\/www-dev.absglobal.com\/ca-fr\/"},{"@type":"ListItem","position":2,"name":"Laitier","item":"https:\/\/www-dev.absglobal.com\/ca-fr\/dairy\/"},{"@type":"ListItem","position":3,"name":"G\u00e9n\u00e9tique de B\u00e9n\u00e9fice Net"}]},{"@type":"WebSite","@id":"https:\/\/www-dev.absglobal.com\/ca-fr\/#website","url":"https:\/\/www-dev.absglobal.com\/ca-fr\/","name":"ABS Global Canada (ca-fr)","description":"","potentialAction":[{"@type":"SearchAction","target":{"@type":"EntryPoint","urlTemplate":"https:\/\/www-dev.absglobal.com\/ca-fr\/?s={search_term_string}"},"query-input":{"@type":"PropertyValueSpecification","valueRequired":true,"valueName":"search_term_string"}}],"inLanguage":"fr-CA"}]}},"jetpack_sharing_enabled":true,"_links":{"self":[{"href":"https:\/\/www-dev.absglobal.com\/ca-fr\/wp-json\/wp\/v2\/pages\/494"}],"collection":[{"href":"https:\/\/www-dev.absglobal.com\/ca-fr\/wp-json\/wp\/v2\/pages"}],"about":[{"href":"https:\/\/www-dev.absglobal.com\/ca-fr\/wp-json\/wp\/v2\/types\/page"}],"author":[{"embeddable":true,"href":"https:\/\/www-dev.absglobal.com\/ca-fr\/wp-json\/wp\/v2\/users\/20"}],"replies":[{"embeddable":true,"href":"https:\/\/www-dev.absglobal.com\/ca-fr\/wp-json\/wp\/v2\/comments?post=494"}],"version-history":[{"count":0,"href":"https:\/\/www-dev.absglobal.com\/ca-fr\/wp-json\/wp\/v2\/pages\/494\/revisions"}],"up":[{"embeddable":true,"href":"https:\/\/www-dev.absglobal.com\/ca-fr\/wp-json\/wp\/v2\/pages\/492"}],"wp:attachment":[{"href":"https:\/\/www-dev.absglobal.com\/ca-fr\/wp-json\/wp\/v2\/media?parent=494"}],"curies":[{"name":"wp","href":"https:\/\/api.w.org\/{rel}","templated":true}]}}