{"id":587,"date":"2018-03-01T03:10:02","date_gmt":"2018-03-01T03:10:02","guid":{"rendered":"http:\/\/cms.genusplc.com\/absglobal\/?page_id=587"},"modified":"2018-03-01T03:10:02","modified_gmt":"2018-03-01T03:10:02","slug":"termini-dellopzione","status":"publish","type":"page","link":"https:\/\/www-dev.absglobal.com\/ca-fr\/dairy-2\/icon-sires\/italian\/termini-dellopzione\/","title":{"rendered":"Termini dell&#039;Opzione"},"content":{"rendered":"\n\t\t\t<h2>Pagina Termini dell\u2019opzione<\/h2>\t\t\t\n\t\t\t\t<p>Oltre ai <a href=\"https:\/\/abs.publishpath.com\/terms-conditions\">Termini e condizioni standard ABS<\/a>, i seguenti termini sono validi per qualsiasi acquisto e utilizzo del germoplasma Icon Sire\u2122 di ABS e per l\u2019uso di esemplari di progenie di prima generazione prodotti da germoplasma Icon Sire (di seguito la \u201c<strong>Progenie<\/strong>\u201d). Niente di quanto \u00e8 presente nei presenti termini richiede al cliente di acquistare o utilizzare germoplasma Icon Sire di ABS.<\/p>\n\t\t\t<h2>Uso<\/h2>\t\t\t\n\t\t\t\t<p>L\u2019Acquirente si impegna a utilizzare esclusivamente germoplasma Icon Sire (in tutto o in parte) in animali di propriet\u00e0 o noleggiati dall\u2019Acquirente nel normale corso dell\u2019attivit\u00e0. L\u2019Acquirente non \u00e8 autorizzato, senza il previo consenso scritto di ABS, prima o dopo il Periodo di opzione, direttamente o indirettamente, a:<\/p>\n<ul>\n<li>Raccogliere il liquido seminale della Progenie maschio;<\/li>\n<li>Vendere, commercializzare, noleggiare o cedere in altro modo la Progenie (nata o che deve nascere) a terzi;<\/li>\n<li>Raccogliere, commercializzare o fornire in altro modo liquido seminale, ovociti o embrioni della Progenie a terzi.<\/li>\n<\/ul>\n<p>Per chiarezza, qualsiasi embrione prodotto dal germoplasma Icon Sire \u00e8 esclusivamente per uso interno dell\u2019Acquirente e non pu\u00f2 essere venduto, ceduto o utilizzato con terzi in qualsiasi momento salvo laddove diversamente concordato per iscritto da ABS. A scanso di equivoci, si specifica che niente nei presenti termini limita l\u2019uso della Progenie da parte dell\u2019Acquirente per gli accoppiamenti naturali nell\u2019ambito della mandria o la sua capacit\u00e0 di vendere la Progenie per la macellazione.<\/p>\n\t\t\t<h2>Opzione<\/h2>\t\t\t\n\t\t\t\t<p>L\u2019Acquirente concede ad ABS (o alla sua affiliata designata) un\u2019opzione esclusiva e irrevocabile all\u2019acquisto (A) della Progenie maschile e (B) delle femmine che rende o intende rendere disponibile alla vendita alle seguenti condizioni:<\/p>\n<ul>\n<li>Se (i) il riproduttore dell\u2019esemplare di Progenie \u00e8 presente nell\u2019elenco del sito web Icon Sires e (ii) soddisfa i requisiti genetici minimi presenti nell\u2019elenco nel sito web Icon Sires, l\u2019Acquirente \u00e8 tenuto a notificarlo ad ABS per iscritto entro 3 giorni lavorativi dalla ricezione della prima valutazione genomica su qualsiasi maschio di Progenie o immediatamente, se si desidera vendere un\u2019esemplare di Progenie femmina, compilando il Modulo di notifica di opzione sulla progenie Icon Sires. L\u2019Acquirente concorda che \u00e8 sua responsabilit\u00e0 verificare il sito web Icon Sires prima di mettere in vendita la Progenie e nella misura ragionevolmente necessaria per adempiere ai propri obblighi ai sensi dei presenti termini.<\/li>\n<li>ABS avr\u00e0 a disposizione 15 giorni lavorativi dalla data in cui riceve la notifica scritta (il \u201c<strong>Periodo di opzione<\/strong>\u201d) per esercitare la propria opzione per tale Progenie secondo le matrici di prezzo e i termini di pagamento presenti nell\u2019elenco alla pagina web Termini dell\u2019opzione Icon Sire all\u2019URL (<a href=\"http:\/\/cms.genusplc.com\/absglobal\/option-terms\">http:\/\/cms.genusplc.com\/absglobal\/option-terms<\/a>), e relativi aggiornamenti regolari, e secondo altri termini abituali dei contratti di acquisto di animali nel settore della genetica bovina. Se ABS esercita la propria opzione ai sensi della presente sezione, l\u2019Acquirente e ABS si impegnano a stipulare il contratto standard ABS di vendita di tori o di femmine in vigore in quel momento (il \u201c<strong>Contratto di acquisto<\/strong>\u201d) per la Progenie pertinente.<\/li>\n<li>Se (i) il riproduttore non \u00e8 pi\u00f9 presente nell\u2019elenco sul sito web Icon Sires, (ii) l\u2019esemplare di Progenie non soddisfa i requisiti genetici riportati nel sito web Icon Sires o (iii) ABS non esercita la propria opzione entro il Periodo di opzione, o notifica altrimenti all\u2019Acquirente per iscritto la propria intenzione di non acquistare l\u2019esemplare di Progenie, l\u2019Acquirente sar\u00e0 libero di vendere o disporre dell\u2019esemplare di Progenie a propria discrezione, in conformit\u00e0 ai Termini e condizioni ABS.<\/li>\n<\/ul>\n<p>L\u2019Acquirente concorda che \u00e8 sua responsabilit\u00e0 verificare il\u00a0<u>sito web Icon Sire<\/u>\u00a0prima di mettere in vendita la Progenie e nella misura ragionevolmente necessaria per adempiere ai propri obblighi ai sensi dei presenti termini.<\/p>\n<p><strong>DISPOSIZIONI GENERALI<\/strong><\/p>\n<p>I presenti termini sono validi per l\u2019uso da parte dell\u2019Acquirente del germoplasma Icon Sire, a prescindere da come questi ne sia entrato in possesso. L\u2019Acquirente si impegna a non cedere i propri diritti od obblighi ai sensi dei presenti termini senza il consenso scritto di ABS. Qualsiasi incarico o delega non autorizzati ai presenti termini o a qualsiasi Progenie saranno nulli in partenza. Tali termini sono vincolanti e sono in vigore a beneficio delle parti e dei rispettivi successori e assegnatari autorizzati.<\/p>\n<p>Alla richiesta di ABS, l\u2019Acquirente si impegna a fornire ad ABS prove documentali (ragionevolmente accettabili per ABS) dei suoi acquisti di liquido seminale e i dati di accoppiamento necessari al monitoraggio dell\u2019adempimento degli obblighi dell\u2019Acquirente ai sensi del presente Contratto.<\/p>\n<p>L\u2019Acquirente riconosce e concorda che qualsiasi violazione dei propri obblighi ai sensi dei presenti termini causerebbe danni e conseguenze irreparabili ad ABS, il cui valore economico potrebbe essere difficile da determinare e ABS ha il diritto di richiedere un decreto ingiuntivo per garantire il rispetto di tali obblighi, oltre ad eventuali diritti e rimedi di cui potrebbe disporre.<\/p>\n<p>L\u2019Acquirente riconosce che ABS o una delle sue affiliate sono, e resteranno sempre, il titolare di qualsiasi propriet\u00e0 intellettuale esistente o creata, generata o scoperta in relazione al Materiale genetico (secondo la definizione fornita nei Termini e condizioni ABS) contenuta in un germoplasma Icon Sire.<\/p>\n<p>Tali termini, insieme ai Termini e condizioni ABS e a qualsiasi altra documentazione qui incorporata tramite riferimento, costituiscono il Contratto completo tra l\u2019Acquirente e ABS in merito alla Progenie e al germoplasma Icon Sire, sostituiscono qualsiasi discussione e accordo precedenti relativi allo stesso oggetto e possono essere modificati esclusivamente per iscritto e con la firma di entrambe le parti. Se l\u2019Acquirente dispone di un contratto mandria per lo sviluppo del prodotto o di un accordo di prerelease depositato presso ABS, nella misura in cui i rispettivi termini sono in conflitto con il presente Contratto, i termini di quest\u2019ultimo avranno la priorit\u00e0.<\/p>\n<p>Le parti concordano che il presente Contratto e i documenti incorporati tramite riferimento vengano redatti esclusivamente in lingua inglese. Les Parties aux pr\u00e9sentes ont convenu que cette entente et les documents s\u2019y rattachant soient r\u00e9dig\u00e9s en langue anglaise seulement.<\/p>\n\t\t\t<h2>Prezzo di opzione<\/h2>\t\t\t\n\t\t\t\t<p>Se ABS esercita la propria opzione ai sensi della Sezione 3 del Contratto di opzione Icon Sires o della sezione \u201cOpzione\u201d dei presenti termini, sar\u00e0 tenuta a corrispondere all\u2019Acquirente i seguenti importi (in USD) sulla base della classificazione della Progenie e in conformit\u00e0 alle condizioni stabilite di seguito e nel Contratto di acquisto:<\/p>\n\t\t\t\t<img decoding=\"async\" src=\"http:\/\/cms.genusplc.com\/absglobal\/wp-content\/uploads\/logo-abs-icon-sires.png\" alt=\"logo-abs-icon-sires\" height=\"216\" width=\"216\" title=\"logo-abs-icon-sires\" \/>\n\t\t\t\t\t<ul id=\"menu-icon-sires-italian\"><li id=\"menu-item-650\"><a href=\"http:\/\/cms.genusplc.com\/absglobal\/dairy\/icon-sires\/italian\/modulo-di-notifica-di-opzione\/\">Modulo di Notifica di Opzione<\/a><\/li>\n<li id=\"menu-item-651\"><a href=\"http:\/\/cms.genusplc.com\/absglobal\/dairy\/icon-sires\/italian\/termini-dellopzione\/\">Termini dell&#8217;Opzione<\/a><\/li>\n<\/ul>\t\n\t<h2>\n\t\tESEMPLARE DI PROGENIE DI SESSO FEMMINILE &#8211; HOLSTEIN\n\t<\/h2>\n\t<table>\n\t<thead>\n\t\t<tr>\n\t\t\t<th>Classificazione*\n\t\t\t\t<br \/>\n\t\t\t<\/th>\n\t\t\t<th>Prezzo di acquisto\n\t\t\t\t<br \/>\n\t\t\t<\/th>\n\t\t<\/tr>\n\t<\/thead>\n\t<tbody>\n\t\t<tr>\n\t\t\t<td><strong>1-25<\/strong><\/td>\n\t\t\t<td>USD 100,000\n\t\t\t\t<br \/>\n\t\t\t<\/td>\n\t\t<\/tr>\n\t\t<tr>\n\t\t\t<td><strong>26+<\/strong><\/td>\n\t\t\t<td>USD 40,000\n\t\t\t\t<br \/>\n\t\t\t<\/td>\n\t\t<\/tr>\n\t<\/tbody>\n<\/table>\n<em>* La classificazione si basa sulla posizione in classifica nell\u2019indice TPI Holstein dell\u2019esemplare di Progenie di sesso femminile rispetto a femmine della stessa et\u00e0 dell\u2019esemplare di Progenie o pi\u00f9 vecchie nel file CDBC di riepilogo dei tori pubblicato pi\u00f9 di recente.<\/em>\n\n<h2>\n\t\tESEMPLARE DI PROGENIE DI SESSO MASCHILE &#8211; HOLSTEIN\n\t<\/h2>\n\t<table>\n\t<thead>\n\t\t<tr>\n\t\t\t<th><strong>Classificazione*<\/strong>\n\t\t\t\t<br \/>\n\t\t\t<\/th>\n\t\t\t<th>\n\t\t\t\t<strong>Classificazione*\tPrezzo di acquisto<\/strong>\n\t\t\t<\/th>\n\t\t<\/tr>\n\t<\/thead>\n\t<tbody>\n\t\t<tr>\n\t\t\t<td><strong>1-10<\/strong><\/td>\n\t\t\t<td>USD 100,000\n\t\t\t\t<br \/>\n\t\t\t<\/td>\n\t\t<\/tr>\n\t\t<tr>\n\t\t\t<td><strong>11-30<\/strong><\/td>\n\t\t\t<td>USD 50,000\n\t\t\t\t<br \/>\n\t\t\t<\/td>\n\t\t<\/tr>\n\t\t<tr>\n\t\t\t<td><strong>31-100<\/strong><\/td>\n\t\t\t<td>USD 20,000\n\t\t\t\t<br \/>\n\t\t\t<\/td>\n\t\t<\/tr>\n\t\t<tr>\n\t\t\t<td><strong>101+<\/strong><\/td>\n\t\t\t<td>USD 10,000\n\t\t\t\t<br \/>\n\t\t\t<\/td>\n\t\t<\/tr>\n\t<\/tbody>\n<\/table><p><em>* La classificazione si basa sulla posizione in classifica nell\u2019indice TPI dell\u2019esemplare di Progenie di sesso maschile Holstein rispetto a tori della stessa et\u00e0 dell\u2019esemplare di Progenie o pi\u00f9 vecchi nel file CDBC di riepilogo dei tori pubblicato pi\u00f9 di recente.<\/em><\/p>\n<h2>\n\t\tESEMPLARE DI PROGENIE DI SESSO FEMMINILE &#8211; HOLSTEIN POLLED\/ROSSO\n\t<\/h2>\n\t<p><em>(PO; PP; portatore rosso; dominante rosso) \u0197<\/em><\/p>\n<table>\n\t<thead>\n\t\t<tr>\n\t\t\t<th>Classificazione*\n\t\t\t\t<br \/>\n\t\t\t<\/th>\n\t\t\t<th>Prezzo di acquisto\n\t\t\t\t<br \/>\n\t\t\t<\/th>\n\t\t<\/tr>\n\t<\/thead>\n\t<tbody>\n\t\t<tr>\n\t\t\t<td><strong>1-3<\/strong><\/td>\n\t\t\t<td>USD 30,000\n\t\t\t\t<br \/>\n\t\t\t<\/td>\n\t\t<\/tr>\n\t\t<tr>\n\t\t\t<td><strong>4+<\/strong><\/td>\n\t\t\t<td>USD 20,000\n\t\t\t\t<br \/>\n\t\t\t<\/td>\n\t\t<\/tr>\n\t<\/tbody>\n<\/table>\n<p><em>* La classificazione si basa sulla posizione in classifica nell\u2019indice TPI polled dell\u2019esemplare di Progenie di sesso femminile rispetto a femmine della stessa et\u00e0 dell\u2019esemplare di Progenie o pi\u00f9 vecchie nel file CDBC di riepilogo dei tori pubblicato pi\u00f9 di recente.<\/em><\/p>\n<h2>\n\t\tESEMPLARE DI PROGENIE DI SESSO MASCHILE &#8211; HOLSTEIN POLLED\/ROSSO\n\t<\/h2>\n\t<p>(PO; PP; portatore rosso; dominante rosso) \u0197<\/p>\n<table>\n\t<thead>\n\t\t<tr>\n\t\t\t<th><strong>Classificazione*<\/strong>\n\t\t\t\t<br \/>\n\t\t\t<\/th>\n\t\t\t<th>\n\t\t\t\t<strong>Prezzo di acquisto<\/strong>\n\t\t\t<\/th>\n\t\t<\/tr>\n\t<\/thead>\n\t<tbody>\n\t\t<tr>\n\t\t\t<td><strong>1<\/strong><\/td>\n\t\t\t<td>USD 30,000\n\t\t\t\t<br \/>\n\t\t\t<\/td>\n\t\t<\/tr>\n\t\t<tr>\n\t\t\t<td><strong>2<\/strong><\/td>\n\t\t\t<td>USD 20,000\n\t\t\t\t<br \/>\n\t\t\t<\/td>\n\t\t<\/tr>\n\t\t<tr>\n\t\t\t<td><strong>3-5<\/strong><\/td>\n\t\t\t<td>USD 15,000\n\t\t\t\t<br \/>\n\t\t\t<\/td>\n\t\t<\/tr>\n\t\t<tr>\n\t\t\t<td><strong>6+<\/strong><\/td>\n\t\t\t<td>USD 10,000\n\t\t\t\t<br \/>\n\t\t\t<\/td>\n\t\t<\/tr>\n\t<\/tbody>\n<\/table>\n<p><em>* La classificazione si basa sulla posizione in classifica nell\u2019indice TPI dell\u2019esemplare di Progenie di sesso maschile polled (PO o PP) rispetto a tori della stessa et\u00e0 dell\u2019esemplare di Progenie o pi\u00f9 vecchi nel file CDBC di riepilogo dei tori pubblicato pi\u00f9 di recente.<\/em><\/p>\n\t<p>Se l\u2019esemplare di Progenie posseduto \u00e8 classificato sia nell\u2019indice Holstein generale sia in uno degli indici polled, riceverete il prezzo d\u2019acquisto pertinente alla sua posizione in classifica in ciascuna matrice di prezzo. ABS potr\u00e0 scegliere di confermare lo stato polled tramite un test genetico a proprie spese e, se cos\u00ec decide, il Periodo di opzione sar\u00e0 prolungato di altri 10 giorni lavorativi.<\/p>\n<h2>\n\t\tESEMPLARE DI PROGENIE DI SESSO FEMMINILE &#8211; JERSEY\n\t<\/h2>\n\t<table>\n\t<thead>\n\t\t<tr>\n\t\t\t<th>Classificazione*\n\t\t\t\t<br \/>\n\t\t\t<\/th>\n\t\t\t<th>Prezzo di acquisto\n\t\t\t\t<br \/>\n\t\t\t<\/th>\n\t\t<\/tr>\n\t<\/thead>\n\t<tbody>\n\t\t<tr>\n\t\t\t<td><strong>1-25<\/strong><\/td>\n\t\t\t<td>USD 30,000\n\t\t\t\t<br \/>\n\t\t\t<\/td>\n\t\t<\/tr>\n\t\t<tr>\n\t\t\t<td><strong>26+<\/strong><\/td>\n\t\t\t<td>USD 20,000\n\t\t\t\t<br \/>\n\t\t\t<\/td>\n\t\t<\/tr>\n\t<\/tbody>\n<\/table>\n<p><em>* La classificazione si basa sulla posizione in classifica nell\u2019indice JPI dell\u2019esemplare di Progenie di sesso femminile rispetto a femmine della stessa et\u00e0 dell\u2019esemplare di Progenie o pi\u00f9 vecchie nel file CDBC di riepilogo dei tori pubblicato pi\u00f9 di recente.<\/em><\/p>\n<h2>\n\t\tESEMPLARE DI PROGENIE DI SESSO MASCHILE &#8211; JERSEY\n\t<\/h2>\n\t<table>\n\t<thead>\n\t\t<tr>\n\t\t\t<th><strong>Classificazione*<\/strong>\n\t\t\t\t<br \/>\n\t\t\t<\/th>\n\t\t\t<th>\n\t\t\t\t<strong>Prezzo di acquisto<\/strong>\n\t\t\t<\/th>\n\t\t<\/tr>\n\t<\/thead>\n\t<tbody>\n\t\t<tr>\n\t\t\t<td><strong>1-10<\/strong><\/td>\n\t\t\t<td>USD 30,000\n\t\t\t\t<br \/>\n\t\t\t<\/td>\n\t\t<\/tr>\n\t\t<tr>\n\t\t\t<td><strong>11-30<\/strong><\/td>\n\t\t\t<td>USD 20,000\n\t\t\t\t<br \/>\n\t\t\t<\/td>\n\t\t<\/tr>\n\t\t<tr>\n\t\t\t<td><strong>31+<\/strong><\/td>\n\t\t\t<td>USD 10,000\n\t\t\t\t<br \/>\n\t\t\t<\/td>\n\t\t<\/tr>\n\t<\/tbody>\n<\/table>\n<p><em>* La classificazione si basa sulla posizione in classifica nell\u2019indice JPI dell\u2019esemplare di Progenie di sesso maschile rispetto a tori della stessa et\u00e0 dell\u2019esemplare di Progenie o pi\u00f9 vecchi nel file CDBC di riepilogo dei tori pubblicato pi\u00f9 di recente.<\/em><\/p>\n\t\t\t<h2>Condizioni di acquisto.<\/h2>\t\t\t\n\t\t\t\t<p><strong>ABS si impegna a corrispondere il prezzo di acquisto alle seguenti condizioni:<\/strong><\/p>\n<ol>\n<li>Esemplare di progenie di sesso maschile &#8211; Il prezzo di acquisto sar\u00e0 corrisposto soltanto se e dopo che l\u2019esemplare:\n<ul>\n<li>supera l\u2019ispezione veterinaria standard ABS e i test sanitari e di produzione di seme ABS (come descritto dettagliatamente nel Contratto di acquisto);<\/li>\n<li>ha prodotto almeno 2.000 unit\u00e0 di seme.<\/li>\n<\/ul>\n<\/li>\n<\/ol>\n<ol start=\"2\">\n<li>Esemplare di progenie di sesso femminile &#8211; Il prezzo di acquisto sar\u00e0 corrisposto soltanto se e dopo che l\u2019esemplare:<\/li>\n<\/ol>\n<ul>\n<li>supera l\u2019ispezione veterinaria standard ABS e i test sanitari (come descritto dettagliatamente nel Contratto di acquisto);<\/li>\n<li>\u00e8 sana dal punto di vista riproduttivo, secondo quanto stabilito a ragionevole discrezione dal personale veterinario di ABS.<\/li>\n<\/ul>\n<ol start=\"3\">\n<li>Tutti gli altri termini pertinenti del Contratto di acquisto pertinente vengono soddisfatti.<\/li>\n<\/ol>\n<p>Di quando in quando, ABS potr\u00e0 aggiungere o modificare matrici di prezzo e termini di pagamento, compresi (a titolo indicativo), prezzo di acquisto, livelli, indice, file di valutazione genetica, razze. I termini relativi ai prezzi in vigore al momento in cui si d\u00e0 notifica ad ABS ai sensi della Sezione 3(a) del Contratto disciplineranno l\u2019acquisto della Progenie.<\/p>\n","protected":false},"excerpt":{"rendered":"<p>Pagina Termini dell\u2019opzione Oltre ai Termini e condizioni standard ABS, i seguenti termini sono validi per qualsiasi acquisto e utilizzo del germoplasma Icon Sire\u2122 di ABS e per l\u2019uso di esemplari di progenie di prima generazione prodotti da germoplasma Icon Sire (di seguito la \u201cProgenie\u201d). Niente di quanto \u00e8 presente nei presenti termini richiede al&hellip;<\/p>\n","protected":false},"author":292,"featured_media":0,"parent":527,"menu_order":0,"comment_status":"closed","ping_status":"closed","template":"","meta":{"_acf_changed":false,"footnotes":""},"class_list":["post-587","page","type-page","status-publish","hentry"],"acf":[],"yoast_head":"<!-- This site is optimized with the Yoast SEO Premium plugin v22.1 (Yoast SEO v25.3) - https:\/\/yoast.com\/wordpress\/plugins\/seo\/ -->\n<title>Termini dell&#039;Opzione - ABS Global Canada (ca-fr)<\/title>\n<meta name=\"robots\" content=\"index, follow, max-snippet:-1, max-image-preview:large, max-video-preview:-1\" \/>\n<link rel=\"canonical\" href=\"https:\/\/www-dev.absglobal.com\/ca-fr\/dairy-2\/icon-sires\/italian\/termini-dellopzione\/\" \/>\n<meta property=\"og:locale\" content=\"fr_CA\" \/>\n<meta property=\"og:type\" content=\"article\" \/>\n<meta property=\"og:title\" content=\"Termini dell&#039;Opzione\" \/>\n<meta property=\"og:description\" content=\"Pagina Termini dell\u2019opzione Oltre ai Termini e condizioni standard ABS, i seguenti termini sono validi per qualsiasi acquisto e utilizzo del germoplasma Icon Sire\u2122 di ABS e per l\u2019uso di esemplari di progenie di prima generazione prodotti da germoplasma Icon Sire (di seguito la \u201cProgenie\u201d). Niente di quanto \u00e8 presente nei presenti termini richiede al&hellip;\" \/>\n<meta property=\"og:url\" content=\"https:\/\/www-dev.absglobal.com\/ca-fr\/dairy-2\/icon-sires\/italian\/termini-dellopzione\/\" \/>\n<meta property=\"og:site_name\" content=\"ABS Global Canada (ca-fr)\" \/>\n<meta property=\"og:image\" content=\"http:\/\/cms.genusplc.com\/absglobal\/wp-content\/uploads\/logo-abs-icon-sires.png\" \/>\n<meta name=\"twitter:card\" content=\"summary_large_image\" \/>\n<meta name=\"twitter:label1\" content=\"Est. reading time\" \/>\n\t<meta name=\"twitter:data1\" content=\"8 minutes\" \/>\n<script type=\"application\/ld+json\" class=\"yoast-schema-graph\">{\"@context\":\"https:\/\/schema.org\",\"@graph\":[{\"@type\":\"WebPage\",\"@id\":\"https:\/\/www-dev.absglobal.com\/ca-fr\/dairy-2\/icon-sires\/italian\/termini-dellopzione\/\",\"url\":\"https:\/\/www-dev.absglobal.com\/ca-fr\/dairy-2\/icon-sires\/italian\/termini-dellopzione\/\",\"name\":\"Termini dell&#039;Opzione - ABS Global Canada (ca-fr)\",\"isPartOf\":{\"@id\":\"https:\/\/www-dev.absglobal.com\/ca-fr\/#website\"},\"primaryImageOfPage\":{\"@id\":\"https:\/\/www-dev.absglobal.com\/ca-fr\/dairy-2\/icon-sires\/italian\/termini-dellopzione\/#primaryimage\"},\"image\":{\"@id\":\"https:\/\/www-dev.absglobal.com\/ca-fr\/dairy-2\/icon-sires\/italian\/termini-dellopzione\/#primaryimage\"},\"thumbnailUrl\":\"http:\/\/cms.genusplc.com\/absglobal\/wp-content\/uploads\/logo-abs-icon-sires.png\",\"datePublished\":\"2018-03-01T03:10:02+00:00\",\"breadcrumb\":{\"@id\":\"https:\/\/www-dev.absglobal.com\/ca-fr\/dairy-2\/icon-sires\/italian\/termini-dellopzione\/#breadcrumb\"},\"inLanguage\":\"fr-CA\",\"potentialAction\":[{\"@type\":\"ReadAction\",\"target\":[\"https:\/\/www-dev.absglobal.com\/ca-fr\/dairy-2\/icon-sires\/italian\/termini-dellopzione\/\"]}]},{\"@type\":\"ImageObject\",\"inLanguage\":\"fr-CA\",\"@id\":\"https:\/\/www-dev.absglobal.com\/ca-fr\/dairy-2\/icon-sires\/italian\/termini-dellopzione\/#primaryimage\",\"url\":\"http:\/\/cms.genusplc.com\/absglobal\/wp-content\/uploads\/logo-abs-icon-sires.png\",\"contentUrl\":\"http:\/\/cms.genusplc.com\/absglobal\/wp-content\/uploads\/logo-abs-icon-sires.png\"},{\"@type\":\"BreadcrumbList\",\"@id\":\"https:\/\/www-dev.absglobal.com\/ca-fr\/dairy-2\/icon-sires\/italian\/termini-dellopzione\/#breadcrumb\",\"itemListElement\":[{\"@type\":\"ListItem\",\"position\":1,\"name\":\"Home\",\"item\":\"https:\/\/www-dev.absglobal.com\/ca-fr\/\"},{\"@type\":\"ListItem\",\"position\":2,\"name\":\"Dairy\",\"item\":\"https:\/\/www-dev.absglobal.com\/ca-fr\/dairy-2\/\"},{\"@type\":\"ListItem\",\"position\":3,\"name\":\"Icon Sires\u2122\",\"item\":\"https:\/\/www-dev.absglobal.com\/ca-fr\/dairy-2\/icon-sires\/\"},{\"@type\":\"ListItem\",\"position\":4,\"name\":\"Italian\",\"item\":\"https:\/\/www-dev.absglobal.com\/ca-fr\/dairy-2\/icon-sires\/italian\/\"},{\"@type\":\"ListItem\",\"position\":5,\"name\":\"Termini dell&#039;Opzione\"}]},{\"@type\":\"WebSite\",\"@id\":\"https:\/\/www-dev.absglobal.com\/ca-fr\/#website\",\"url\":\"https:\/\/www-dev.absglobal.com\/ca-fr\/\",\"name\":\"ABS Global Canada (ca-fr)\",\"description\":\"\",\"potentialAction\":[{\"@type\":\"SearchAction\",\"target\":{\"@type\":\"EntryPoint\",\"urlTemplate\":\"https:\/\/www-dev.absglobal.com\/ca-fr\/?s={search_term_string}\"},\"query-input\":{\"@type\":\"PropertyValueSpecification\",\"valueRequired\":true,\"valueName\":\"search_term_string\"}}],\"inLanguage\":\"fr-CA\"}]}<\/script>\n<!-- \/ Yoast SEO Premium plugin. -->","yoast_head_json":{"title":"Termini dell&#039;Opzione - ABS Global Canada (ca-fr)","robots":{"index":"index","follow":"follow","max-snippet":"max-snippet:-1","max-image-preview":"max-image-preview:large","max-video-preview":"max-video-preview:-1"},"canonical":"https:\/\/www-dev.absglobal.com\/ca-fr\/dairy-2\/icon-sires\/italian\/termini-dellopzione\/","og_locale":"fr_CA","og_type":"article","og_title":"Termini dell&#039;Opzione","og_description":"Pagina Termini dell\u2019opzione Oltre ai Termini e condizioni standard ABS, i seguenti termini sono validi per qualsiasi acquisto e utilizzo del germoplasma Icon Sire\u2122 di ABS e per l\u2019uso di esemplari di progenie di prima generazione prodotti da germoplasma Icon Sire (di seguito la \u201cProgenie\u201d). Niente di quanto \u00e8 presente nei presenti termini richiede al&hellip;","og_url":"https:\/\/www-dev.absglobal.com\/ca-fr\/dairy-2\/icon-sires\/italian\/termini-dellopzione\/","og_site_name":"ABS Global Canada (ca-fr)","og_image":[{"url":"http:\/\/cms.genusplc.com\/absglobal\/wp-content\/uploads\/logo-abs-icon-sires.png","type":"","width":"","height":""}],"twitter_card":"summary_large_image","twitter_misc":{"Est. reading time":"8 minutes"},"schema":{"@context":"https:\/\/schema.org","@graph":[{"@type":"WebPage","@id":"https:\/\/www-dev.absglobal.com\/ca-fr\/dairy-2\/icon-sires\/italian\/termini-dellopzione\/","url":"https:\/\/www-dev.absglobal.com\/ca-fr\/dairy-2\/icon-sires\/italian\/termini-dellopzione\/","name":"Termini dell&#039;Opzione - ABS Global Canada (ca-fr)","isPartOf":{"@id":"https:\/\/www-dev.absglobal.com\/ca-fr\/#website"},"primaryImageOfPage":{"@id":"https:\/\/www-dev.absglobal.com\/ca-fr\/dairy-2\/icon-sires\/italian\/termini-dellopzione\/#primaryimage"},"image":{"@id":"https:\/\/www-dev.absglobal.com\/ca-fr\/dairy-2\/icon-sires\/italian\/termini-dellopzione\/#primaryimage"},"thumbnailUrl":"http:\/\/cms.genusplc.com\/absglobal\/wp-content\/uploads\/logo-abs-icon-sires.png","datePublished":"2018-03-01T03:10:02+00:00","breadcrumb":{"@id":"https:\/\/www-dev.absglobal.com\/ca-fr\/dairy-2\/icon-sires\/italian\/termini-dellopzione\/#breadcrumb"},"inLanguage":"fr-CA","potentialAction":[{"@type":"ReadAction","target":["https:\/\/www-dev.absglobal.com\/ca-fr\/dairy-2\/icon-sires\/italian\/termini-dellopzione\/"]}]},{"@type":"ImageObject","inLanguage":"fr-CA","@id":"https:\/\/www-dev.absglobal.com\/ca-fr\/dairy-2\/icon-sires\/italian\/termini-dellopzione\/#primaryimage","url":"http:\/\/cms.genusplc.com\/absglobal\/wp-content\/uploads\/logo-abs-icon-sires.png","contentUrl":"http:\/\/cms.genusplc.com\/absglobal\/wp-content\/uploads\/logo-abs-icon-sires.png"},{"@type":"BreadcrumbList","@id":"https:\/\/www-dev.absglobal.com\/ca-fr\/dairy-2\/icon-sires\/italian\/termini-dellopzione\/#breadcrumb","itemListElement":[{"@type":"ListItem","position":1,"name":"Home","item":"https:\/\/www-dev.absglobal.com\/ca-fr\/"},{"@type":"ListItem","position":2,"name":"Dairy","item":"https:\/\/www-dev.absglobal.com\/ca-fr\/dairy-2\/"},{"@type":"ListItem","position":3,"name":"Icon Sires\u2122","item":"https:\/\/www-dev.absglobal.com\/ca-fr\/dairy-2\/icon-sires\/"},{"@type":"ListItem","position":4,"name":"Italian","item":"https:\/\/www-dev.absglobal.com\/ca-fr\/dairy-2\/icon-sires\/italian\/"},{"@type":"ListItem","position":5,"name":"Termini dell&#039;Opzione"}]},{"@type":"WebSite","@id":"https:\/\/www-dev.absglobal.com\/ca-fr\/#website","url":"https:\/\/www-dev.absglobal.com\/ca-fr\/","name":"ABS Global Canada (ca-fr)","description":"","potentialAction":[{"@type":"SearchAction","target":{"@type":"EntryPoint","urlTemplate":"https:\/\/www-dev.absglobal.com\/ca-fr\/?s={search_term_string}"},"query-input":{"@type":"PropertyValueSpecification","valueRequired":true,"valueName":"search_term_string"}}],"inLanguage":"fr-CA"}]}},"jetpack_sharing_enabled":true,"_links":{"self":[{"href":"https:\/\/www-dev.absglobal.com\/ca-fr\/wp-json\/wp\/v2\/pages\/587"}],"collection":[{"href":"https:\/\/www-dev.absglobal.com\/ca-fr\/wp-json\/wp\/v2\/pages"}],"about":[{"href":"https:\/\/www-dev.absglobal.com\/ca-fr\/wp-json\/wp\/v2\/types\/page"}],"author":[{"embeddable":true,"href":"https:\/\/www-dev.absglobal.com\/ca-fr\/wp-json\/wp\/v2\/users\/292"}],"replies":[{"embeddable":true,"href":"https:\/\/www-dev.absglobal.com\/ca-fr\/wp-json\/wp\/v2\/comments?post=587"}],"version-history":[{"count":0,"href":"https:\/\/www-dev.absglobal.com\/ca-fr\/wp-json\/wp\/v2\/pages\/587\/revisions"}],"up":[{"embeddable":true,"href":"https:\/\/www-dev.absglobal.com\/ca-fr\/wp-json\/wp\/v2\/pages\/527"}],"wp:attachment":[{"href":"https:\/\/www-dev.absglobal.com\/ca-fr\/wp-json\/wp\/v2\/media?parent=587"}],"curies":[{"name":"wp","href":"https:\/\/api.w.org\/{rel}","templated":true}]}}