{"id":589,"date":"2018-03-01T03:10:17","date_gmt":"2018-03-01T03:10:17","guid":{"rendered":"http:\/\/cms.genusplc.com\/absglobal\/?page_id=589"},"modified":"2018-03-01T03:10:17","modified_gmt":"2018-03-01T03:10:17","slug":"warunki-opcji","status":"publish","type":"page","link":"https:\/\/www-dev.absglobal.com\/ca-fr\/dairy-2\/icon-sires\/polish\/warunki-opcji\/","title":{"rendered":"Warunki opcji"},"content":{"rendered":"\n\t\t\t<h2>Warunki dotycz\u0105ce opcji<\/h2>\t\t\t\n\t\t\t\t<p>Opr\u00f3cz <a href=\"https:\/\/abs.publishpath.com\/terms-conditions\">Standardowych warunk\u00f3w ABS<\/a>, poni\u017csze warunki maj\u0105 zastosowanie do ka\u017cdego zakupu i u\u017cytkowania plazmy zarodkowej Icon Sire\u2122 od ABS oraz u\u017cycia potomstwa pierwszej generacji wyprodukowanego z plazmy zarodkowej Icon Sire (\u201e<strong>Potomstwo<\/strong>\u201d). \u017badne z postanowie\u0144 niniejszych warunk\u00f3w nie wymaga zakupu ani u\u017cycia plazmy genowej Icon Sire nabytej w ABS.<\/p>\n\t\t\t<h2>Wykorzystywanie<\/h2>\t\t\t\n\t\t\t\t<p>Nabywca wyra\u017ca zgod\u0119 na wykorzystywanie plazmy genowej Icon Sire (w ca\u0142o\u015bci lub w cz\u0119\u015bci) dla zwierz\u0105t posiadanych lub dzier\u017cawionych przez nabywc\u0119 w toku normalnej dzia\u0142alno\u015bci. Bez uprzedniej pisemnej zgody ABS, przed lub w trakcie Okresu Opcji, Nabywca nie mo\u017ce bezpo\u015brednio lub po\u015brednio:<\/p>\n<ul>\n<li>pobiera\u0107 nasienia od potomk\u00f3w m\u0119skich;<\/li>\n<li>sprzedawa\u0107, wprowadza\u0107 na rynek, wynajmowa\u0107 ani w inny spos\u00f3b przekazywa\u0107 Potomstwa (urodzonych lub nieurodzonych) osobom trzecim; ani<\/li>\n<li>pobiera\u0107, wprowadza\u0107 na rynek, sprzedawa\u0107 ani w inny spos\u00f3b dostarcza\u0107 nasienie, kom\u00f3rki jajowe lub zarodki od potomk\u00f3w jakiejkolwiek stronie trzeciej.<\/li>\n<\/ul>\n<p>Dla jasno\u015bci, wszelkie zarodki, kt\u00f3re nabywca wyprodukuje z plazmy zarodkowej Icon Sire, przeznaczone s\u0105 wy\u0142\u0105cznie do u\u017cytku wewn\u0119trznego i nie mog\u0105 by\u0107 sprzedawane, przekazywane ani u\u017cywane przez jakikolwiek podmiot zewn\u0119trznym w \u017cadnym momencie, chyba \u017ce ABS wyrazi na to zgod\u0119 na pi\u015bmie. Dla unikni\u0119cia w\u0105tpliwo\u015bci, \u017caden z niniejszych warunk\u00f3w nie ogranicza korzystania przez nabywc\u0119 z Potomstwa w celu naturalnego krycia w obr\u0119bie w\u0142asnego stada ani nie ogranicza sprzeda\u017cy Potomstwa na ub\u00f3j przez nabywc\u0119.<\/p>\n\t\t\t<h2>Opcja<\/h2>\t\t\t\n\t\t\t\t<p>Nabywca udziela ABS (lub jej wyznaczonemu podmiotowi stowarzyszonemu) wy\u0142\u0105cznej, nieodwo\u0142alnej opcji zakupu (A) Potomstwa m\u0119skiego i (B) Potomstwa \u017be\u0144skiego, kt\u00f3re zamierza wyhodowa\u0107, przekaza\u0107 na sprzeda\u017c na nast\u0119puj\u0105cych warunkach:<\/p>\n<ul>\n<li>Je\u015bli (i) ojciec Potomstwa jest wymieniony na stronie internetowej Icon Sires i (ii) spe\u0142nia wszystkie minimalne wymagania genetyczne wyszczeg\u00f3lnione na stronie internetowej Icon Sires, nale\u017cy powiadomi\u0107 ABS na pi\u015bmie w ci\u0105gu 3 dni roboczych od otrzymania pierwszej oceny genetycznej ka\u017cdego m\u0119skiego Potomka lub natychmiast, je\u015bli Nabywca zamierza sprzeda\u0107 dowoln\u0105 Potomk\u00f3w \u017ce\u0144skich, wype\u0142niaj\u0105c Powiadomienie o wyborze opcji potomstwa Icon Sires. Nabywca przyjmuje do wiadomo\u015bci, \u017ce obowi\u0105zkiem Nabywcy jest sprawdzenie strony Icon Sires przed zaoferowaniem Potomstwa na sprzeda\u017c i o ile jest to niezb\u0119dne do wype\u0142nienia zobowi\u0105za\u0144 wynikaj\u0105cych z niniejszych warunk\u00f3w.<\/li>\n<\/ul>\n<ul>\n<li>ABS ma 15 dni roboczych od daty otrzymania od pisemnego powiadomienia (\u201e<strong>Okres Opcji<\/strong>\u201d), aby skorzysta\u0107 z opcji dla takiego Potomstwa na podstawie cennik\u00f3w i warunk\u00f3w p\u0142atno\u015bci wymienionych na stronie internetowej Warunki Opcji Icon Sire (<a href=\"http:\/\/cms.genusplc.com\/absglobal\/option-terms\">http:\/\/cms.genusplc.com\/absglobal\/option-terms<\/a>), aktualizowanej co pewien czas i na warunkach zwyczajowych dla um\u00f3w zakupu zwierz\u0105t w bran\u017cy genetyki byd\u0142a. Je\u015bli ABS skorzysta z opcji na mocy tego punktu, Nabywca i ABS podpisz\u0105 obowi\u0105zuj\u0105cym w\u00f3wczas standardow\u0105 umow\u0119 zakupu samca lub samicy (\u201e<strong>Umowa Zakupu\u201d<\/strong>) dla odpowiedniego Potomstwa.<\/li>\n<\/ul>\n<ul>\n<li>Je\u015bli (i) Ojciec nie jest ju\u017c wymieniony na stronie internetowej Icon Sires, (ii) Potomstwo nie spe\u0142nia \u017cadnego z wymaga\u0144 genetycznych wymienionych na stronie internetowej Icon Sires lub (iii) ABS nie wykonuje swojej opcji w Okresie Opcji lub w inny spos\u00f3b informuje Nabywc\u0119 na pi\u015bmie o zamiarze nienabywania Potomstwa, Nabywca mo\u017ce swobodnie sprzedawa\u0107 lub zbywa\u0107 Potomstwo wed\u0142ug w\u0142asnego uznania, z zastrze\u017ceniem Warunk\u00f3w ABS (ABS T&amp;Cs) .<\/li>\n<\/ul>\n<p>Nabywca przyjmuje do wiadomo\u015bci, \u017ce obowi\u0105zkiem Nabywcy jest sprawdzenie <u>strony Icon Sires <\/u>przed zaoferowaniem Potomstwa na sprzeda\u017c i o ile jest to w spos\u00f3b uzasadniony niezb\u0119dne do wype\u0142nienia zobowi\u0105za\u0144 wynikaj\u0105cych z niniejszych warunk\u00f3w.<\/p>\n<p><strong>POSTANOWIENIA OG\u00d3LNE<\/strong><\/p>\n<p>Niniejsze warunki dotycz\u0105 korzystania z wszystkich zasob\u00f3w plazmy genowej Icon Sire, niezale\u017cnie od sposobu wej\u015bcia w ich posiadanie. Bez pisemnej zgody ABS, Nabywca nie przenosi \u017cadnych swoich praw ani zobowi\u0105za\u0144 wynikaj\u0105cych z niniejszych warunk\u00f3w. Jakakolwiek nieuprawniona cesja lub przekazanie niniejszych warunk\u00f3w b\u0105d\u017a Potomk\u00f3w b\u0119dzie niewa\u017cne. Niniejsze warunki s\u0105 wi\u0105\u017c\u0105ce i zyskuj\u0105 moc wi\u0105\u017c\u0105c\u0105 na rzecz stron oraz ich odpowiednich, dopuszczalnych nast\u0119pc\u00f3w prawnych i cesjonariuszy.<\/p>\n<p>Na \u017c\u0105danie ABS, Nabywca dostarcza ABS dokumenty dowodowe (mo\u017cliwe do przyj\u0119cia przez ABS) z transakcji nabycia nasienia i rejestr\u00f3w hodowlanych, niezb\u0119dne do monitorowania zobowi\u0105za\u0144 Nabywcy, wynikaj\u0105cych z niniejszej Umowy.<\/p>\n<p>Nabywca przyjmuje do wiadomo\u015bci i zgadza si\u0119, \u017ce ka\u017cde naruszenie jego zobowi\u0105za\u0144 wynikaj\u0105cych z niniejszych warunk\u00f3w spowodowa\u0142oby nieodwracaln\u0105 szkod\u0119 i strat\u0119 dla ABS, kt\u00f3rych warto\u015b\u0107 pieni\u0119\u017cna mo\u017ce by\u0107 trudna do ustalenia, a ABS ma prawo do skorzystania z pozwem o zabezpieczenie roszcze\u0144 w celu egzekwowania takich zobowi\u0105za\u0144, opr\u00f3cz wszelkich innych praw i \u015brodk\u00f3w, jakie mo\u017ce mie\u0107.<\/p>\n<p>Nabywca przyjmuje do wiadomo\u015bci, \u017ce ABS lub jeden z jej podmiot\u00f3w zale\u017cnych jest i pozostanie przez ca\u0142y czas w\u0142a\u015bcicielem ca\u0142ej w\u0142asno\u015bci intelektualnej istniej\u0105cej lub stworzonej, wygenerowanej lub odkrytej z Materia\u0142\u00f3w Genetycznych (zgodnie z definicj\u0105 w T&amp;C ABS) zawartej w plazmie genetycznej Icon Sire.<\/p>\n<p>Niniejsze warunki wraz z T&amp;C ABS i wszelkimi innymi dokumentami w\u0142\u0105czonymi tutaj przez odniesienie, to ca\u0142a Umowa mi\u0119dzy Nabywc\u0105 a ABS, dotycz\u0105c\u0105 Potomk\u00f3w plazmy genowej Ikon Sire, zast\u0119puje wszystkie wcze\u015bniejsze rozmowy i porozumienia dotycz\u0105ce jej przedmiotu i mo\u017ce by\u0107 zmieniania wy\u0142\u0105cznie na pi\u015bmie oraz po podpisaniu przez obie strony. Je\u015bli maj\u0105 Pa\u0144stwo umow\u0119 o rozwoju stada lub wst\u0119pn\u0105 umow\u0119 z ABS, w zakresie, w jakim jej warunki s\u0105 sprzeczne z niniejsz\u0105 Umow\u0105, pierwsze\u0144stwo maj\u0105 jej warunki.<\/p>\n<p>Strony uzgadniaj\u0105, \u017ce niniejsza Umowa i dokumenty w\u0142\u0105czone przez odniesienie zosta\u0142y sporz\u0105dzone wy\u0142\u0105cznie w j\u0119zyku angielskim. Les Parties aux pr\u00e9sentes ont convenu que cette entente et les documents s&#8217;y rattachant soient r\u00e9dig\u00e9s en langue anglaise seulement.<\/p>\n\t\t\t<h2>Cena Opcji<\/h2>\t\t\t\n\t\t\t\t<p>Je\u015bli ABS skorzysta z opcji zgodnie z punktem 3 Umowy Opcji Icon Sires lub cz\u0119\u015bci \u201eOpcje\u201d niniejszych warunk\u00f3w, ABS zap\u0142aci nast\u0119puj\u0105ce kwoty (w USD), na podstawie rankingu Potomstwa i na warunkach okre\u015blonych poni\u017cej oraz w Umowie Kupna:<\/p>\n\t\t\t\t<img decoding=\"async\" src=\"http:\/\/cms.genusplc.com\/absglobal\/wp-content\/uploads\/logo-abs-icon-sires.png\" alt=\"logo-abs-icon-sires\" height=\"216\" width=\"216\" title=\"logo-abs-icon-sires\" \/>\n\t\t\t\t\t<ul id=\"menu-icon-sires-polish\"><li id=\"menu-item-652\"><a href=\"http:\/\/cms.genusplc.com\/absglobal\/dairy\/icon-sires\/polish\/formularz-powiadomienia-o-wykorzystaniu-opcji\/\">Formularz powiadomienia o wykorzystaniu opcji<\/a><\/li>\n<li id=\"menu-item-653\"><a href=\"http:\/\/cms.genusplc.com\/absglobal\/dairy\/icon-sires\/polish\/warunki-opcji\/\">Warunki opcji<\/a><\/li>\n<\/ul>\t\n\t<h2>\n\t\tFemale Offspring\u2013 HOLSTEINPOTOMSTWO \u017bE\u0143SKIE \u2013 RASY HOLSTEIN\n\t<\/h2>\n\t<table>\n\t<thead>\n\t\t<tr>\n\t\t\t<th>Ranking*\n\t\t\t\t<br \/>\n\t\t\t<\/th>\n\t\t\t<th>Cena zakupu\n\t\t\t\t<br \/>\n\t\t\t<\/th>\n\t\t<\/tr>\n\t<\/thead>\n\t<tbody>\n\t\t<tr>\n\t\t\t<td><strong>1-25<\/strong><\/td>\n\t\t\t<td>USD 100,000\n\t\t\t\t<br \/>\n\t\t\t<\/td>\n\t\t<\/tr>\n\t\t<tr>\n\t\t\t<td><strong>26+<\/strong><\/td>\n\t\t\t<td>USD 40,000\n\t\t\t\t<br \/>\n\t\t\t<\/td>\n\t\t<\/tr>\n\t<\/tbody>\n<\/table>\n<em>*Ranking opiera si\u0119 na Indeksie TPI dla samic Potomstwa rasy holszty\u0144sko-fryzyjskiej w por\u00f3wnaniu do samic w wieku Potomstwa lub starszych, opublikowanym w najnowszym pliku Sire Summary CDCB.<\/em>\n\n<h2>\n\t\tPOTOMSTWO M\u0118SKIE \u2013 RASY HOLSTEIN\n\t<\/h2>\n\t<table>\n\t<thead>\n\t\t<tr>\n\t\t\t<th><strong>POTOMSTWO M\u0118SKIE \u2013 RASY HOLSTEIN*<\/strong>\n\t\t\t\t<br \/>\n\t\t\t<\/th>\n\t\t\t<th>\n\t\t\t\t<strong>Cena zakupu<\/strong>\n\t\t\t<\/th>\n\t\t<\/tr>\n\t<\/thead>\n\t<tbody>\n\t\t<tr>\n\t\t\t<td><strong>1-10<\/strong><\/td>\n\t\t\t<td>USD 100,000\n\t\t\t\t<br \/>\n\t\t\t<\/td>\n\t\t<\/tr>\n\t\t<tr>\n\t\t\t<td><strong>11-30<\/strong><\/td>\n\t\t\t<td>USD 50,000\n\t\t\t\t<br \/>\n\t\t\t<\/td>\n\t\t<\/tr>\n\t\t<tr>\n\t\t\t<td><strong>31-100<\/strong><\/td>\n\t\t\t<td>USD 20,000\n\t\t\t\t<br \/>\n\t\t\t<\/td>\n\t\t<\/tr>\n\t\t<tr>\n\t\t\t<td><strong>101+<\/strong><\/td>\n\t\t\t<td>USD 10,000\n\t\t\t\t<br \/>\n\t\t\t<\/td>\n\t\t<\/tr>\n\t<\/tbody>\n<\/table><p><em>*Ranking opiera si\u0119 na Indeksie TPI dla samc\u00f3w Potomstwa rasy holszty\u0144sko-fryzyjskiej w por\u00f3wnaniu do buhaj\u00f3w w wieku Potomstwa lub starszych w najnowszym opublikowanym pliku Sire Summary CDCB.<\/em><\/p>\n<h2>\n\t\tPOTOMSTWO \u017bE\u0143SKIE \u2013 HOLSTEIN BEZROGIE\/ CZERWONE\n\t<\/h2>\n\t<p><em>(PO, PP, Red Carrier lub Red Dominant) \u0197<\/em><\/p>\n<table>\n\t<thead>\n\t\t<tr>\n\t\t\t<th>Ranking*\n\t\t\t\t<br \/>\n\t\t\t<\/th>\n\t\t\t<th>Purchase Price\n\t\t\t\t<br \/>\n\t\t\t<\/th>\n\t\t<\/tr>\n\t<\/thead>\n\t<tbody>\n\t\t<tr>\n\t\t\t<td><strong>1-3<\/strong><\/td>\n\t\t\t<td>USD 30,000\n\t\t\t\t<br \/>\n\t\t\t<\/td>\n\t\t<\/tr>\n\t\t<tr>\n\t\t\t<td><strong>4+<\/strong><\/td>\n\t\t\t<td>USD 20,000\n\t\t\t\t<br \/>\n\t\t\t<\/td>\n\t\t<\/tr>\n\t<\/tbody>\n<\/table>\n<p><em>*Ranking opiera si\u0119 na Indeksie TPI dla samic bezrogich Potomstwa (PO lub PP) w por\u00f3wnaniu do samic w wieku Potomstwa lub starszych w najnowszym opublikowanym pliku Sire Summary CDCB.<\/em><\/p>\n<h2>\n\t\tPOTOMSTWO M\u0118SKIE \u2013 HOLSTEIN BEZROGIE\/ CZERWONE\n\t<\/h2>\n\t<p>(PO, PP, Red Carrier lub Red Dominant) \u0197<\/p>\n<table>\n\t<thead>\n\t\t<tr>\n\t\t\t<th><strong>Ranking*<\/strong>\n\t\t\t\t<br \/>\n\t\t\t<\/th>\n\t\t\t<th>\n\t\t\t\t<strong>Cena zakupu<\/strong>\n\t\t\t<\/th>\n\t\t<\/tr>\n\t<\/thead>\n\t<tbody>\n\t\t<tr>\n\t\t\t<td><strong>1<\/strong><\/td>\n\t\t\t<td>USD 30,000\n\t\t\t\t<br \/>\n\t\t\t<\/td>\n\t\t<\/tr>\n\t\t<tr>\n\t\t\t<td><strong>2<\/strong><\/td>\n\t\t\t<td>USD 20,000\n\t\t\t\t<br \/>\n\t\t\t<\/td>\n\t\t<\/tr>\n\t\t<tr>\n\t\t\t<td><strong>3-5<\/strong><\/td>\n\t\t\t<td>USD 15,000\n\t\t\t\t<br \/>\n\t\t\t<\/td>\n\t\t<\/tr>\n\t\t<tr>\n\t\t\t<td><strong>6+<\/strong><\/td>\n\t\t\t<td>USD 10,000\n\t\t\t\t<br \/>\n\t\t\t<\/td>\n\t\t<\/tr>\n\t<\/tbody>\n<\/table>\n<p><em>*Ranking opiera si\u0119 na Indeksie TPI dla samc\u00f3w bezrogich Potomstwa (PO lub PP) w por\u00f3wnaniu do buhaj\u00f3w w wieku Potomstwa lub starszych w najnowszym opublikowanym pliku Sire Summary CDCB.<\/em><\/p>\n\t<p><em>\u0197 Je\u015bli Pa\u0144stwa potomstwo plasuje si\u0119 zar\u00f3wno w og\u00f3lnym rankingu byd\u0142a rasy holszty\u0144sko-fryzyjskiej, jak i w jednym z indeks\u00f3w, otrzymaj\u0105 Pa\u0144stwo cen\u0119 zakupu odpowiedni\u0105 do jego pozycji w tabeli stawek. ABS mo\u017ce zdecydowa\u0107 o potwierdzeniu statusu byd\u0142a bezrogiego w te\u015bcie genetycznym na sw\u00f3j koszt i je\u015bli tak zdecyduje, Okres Opcji zostanie przed\u0142u\u017cony o dodatkowe 10 dni roboczych.<\/em><\/p>\n<h2>\n\t\tPOTOMSTWO \u017bE\u0143SKIE \u2013 RASY JERSEY\n\t<\/h2>\n\t<table>\n\t<thead>\n\t\t<tr>\n\t\t\t<th>Ranking*\n\t\t\t\t<br \/>\n\t\t\t<\/th>\n\t\t\t<th>Cena zakupu\n\t\t\t\t<br \/>\n\t\t\t<\/th>\n\t\t<\/tr>\n\t<\/thead>\n\t<tbody>\n\t\t<tr>\n\t\t\t<td><strong>1-25<\/strong><\/td>\n\t\t\t<td>USD 30,000\n\t\t\t\t<br \/>\n\t\t\t<\/td>\n\t\t<\/tr>\n\t\t<tr>\n\t\t\t<td><strong>26+<\/strong><\/td>\n\t\t\t<td>USD 20,000\n\t\t\t\t<br \/>\n\t\t\t<\/td>\n\t\t<\/tr>\n\t<\/tbody>\n<\/table>\n<p><em>*Ranking opiera si\u0119 na Indeksie JPI dla samic Potomstwa w por\u00f3wnaniu do samic w wieku Potomstwa lub starszych, opublikowanym w najnowszym pliku Sire Summary CDCB.<\/em><\/p>\n<h2>\n\t\tPOTOMSTWO M\u0118SKIE \u2013 RASY JERSEY\n\t<\/h2>\n\t<table>\n\t<thead>\n\t\t<tr>\n\t\t\t<th><strong>Ranking*<\/strong>\n\t\t\t\t<br \/>\n\t\t\t<\/th>\n\t\t\t<th>\n\t\t\t\t<strong>Cena zakupu<\/strong>\n\t\t\t<\/th>\n\t\t<\/tr>\n\t<\/thead>\n\t<tbody>\n\t\t<tr>\n\t\t\t<td><strong>1-10<\/strong><\/td>\n\t\t\t<td>USD 30,000\n\t\t\t\t<br \/>\n\t\t\t<\/td>\n\t\t<\/tr>\n\t\t<tr>\n\t\t\t<td><strong>11-30<\/strong><\/td>\n\t\t\t<td>USD 20,000\n\t\t\t\t<br \/>\n\t\t\t<\/td>\n\t\t<\/tr>\n\t\t<tr>\n\t\t\t<td><strong>31+<\/strong><\/td>\n\t\t\t<td>USD 10,000\n\t\t\t\t<br \/>\n\t\t\t<\/td>\n\t\t<\/tr>\n\t<\/tbody>\n<\/table>\n<p><em>*Ranking opiera si\u0119 na Indeksie JPI dla samc\u00f3w Potomstwa w por\u00f3wnaniu do buhaj\u00f3w w wieku Potomstwa lub starszych w najnowszym opublikowanym pliku Sire Summary CDCB.<\/em><\/p>\n\t\t\t<h2>Warunki nabywania <\/h2>\t\t\t\n\t\t\t\t<p>ABS p\u0142aci cen\u0119 zakupu na nast\u0119puj\u0105cych warunkach:<\/p>\n<ol>\n<li>Potomstwo m\u0119skie \u2013 cena zakupu jest p\u0142atna tylko wtedy po i gdy Potomstwo:\n<ul>\n<li>Przejdzie standardow\u0105 kontrol\u0119 weterynaryjn\u0105 ABS oraz badanie stanu zdrowia oraz nasienia (zgodnie z Umow\u0105 Zakupu); i<\/li>\n<li>Wyprodukowa\u0142o co najmniej 2000 sztuk nasienia<\/li>\n<\/ul>\n<\/li>\n<\/ol>\n<ol start=\"2\">\n<li>Potomstwo \u017ce\u0144skie \u2013 cena zakupu jest p\u0142atna tylko wtedy po i gdy Potomstwo:<\/li>\n<\/ol>\n<ul>\n<li>Przejdzie standardow\u0105 kontrol\u0119 weterynaryjn\u0105 ABS oraz badanie stanu zdrowia (zgodnie z Umow\u0105 Zakupu); i<\/li>\n<li>Zostanie ustalone zdrowie reprodukcyjne, zgodnie z uzasadnionym uznaniem personelu weterynaryjnego ABS.<\/li>\n<\/ul>\n<ol start=\"3\">\n<li>Wszystkie pozosta\u0142e obowi\u0105zuj\u0105ce warunki w odpowiedniej Umowie kupna zostan\u0105 spe\u0142nione.<\/li>\n<\/ol>\n<p>Co pewien czas ABS mo\u017ce dodawa\u0107 lub zmienia\u0107 tabel\u0119 stawek i warunki p\u0142atno\u015bci, w tym mi\u0119dzy innymi, cen\u0119 zakupu, kategorie, indeks, plik oceny genetycznej, rasy. Do ka\u017cdego zakupu Potomstwa maj\u0105 zastosowanie zasady ustalania cen obowi\u0105zuj\u0105ce w chwili powiadomienia ABS na mocy punktu 3(a) Umowy.<\/p>\n","protected":false},"excerpt":{"rendered":"<p>Warunki dotycz\u0105ce opcji Opr\u00f3cz Standardowych warunk\u00f3w ABS, poni\u017csze warunki maj\u0105 zastosowanie do ka\u017cdego zakupu i u\u017cytkowania plazmy zarodkowej Icon Sire\u2122 od ABS oraz u\u017cycia potomstwa pierwszej generacji wyprodukowanego z plazmy zarodkowej Icon Sire (\u201ePotomstwo\u201d). \u017badne z postanowie\u0144 niniejszych warunk\u00f3w nie wymaga zakupu ani u\u017cycia plazmy genowej Icon Sire nabytej w ABS. Wykorzystywanie Nabywca wyra\u017ca zgod\u0119&hellip;<\/p>\n","protected":false},"author":292,"featured_media":0,"parent":530,"menu_order":0,"comment_status":"closed","ping_status":"closed","template":"","meta":{"_acf_changed":false,"footnotes":""},"class_list":["post-589","page","type-page","status-publish","hentry"],"acf":[],"yoast_head":"<!-- This site is optimized with the Yoast SEO Premium plugin v22.1 (Yoast SEO v25.3) - https:\/\/yoast.com\/wordpress\/plugins\/seo\/ -->\n<title>Warunki opcji - ABS Global Canada (ca-fr)<\/title>\n<meta name=\"robots\" content=\"index, follow, max-snippet:-1, max-image-preview:large, max-video-preview:-1\" \/>\n<link rel=\"canonical\" href=\"https:\/\/www-dev.absglobal.com\/ca-fr\/dairy-2\/icon-sires\/polish\/warunki-opcji\/\" \/>\n<meta property=\"og:locale\" content=\"fr_CA\" \/>\n<meta property=\"og:type\" content=\"article\" \/>\n<meta property=\"og:title\" content=\"Warunki opcji\" \/>\n<meta property=\"og:description\" content=\"Warunki dotycz\u0105ce opcji Opr\u00f3cz Standardowych warunk\u00f3w ABS, poni\u017csze warunki maj\u0105 zastosowanie do ka\u017cdego zakupu i u\u017cytkowania plazmy zarodkowej Icon Sire\u2122 od ABS oraz u\u017cycia potomstwa pierwszej generacji wyprodukowanego z plazmy zarodkowej Icon Sire (\u201ePotomstwo\u201d). \u017badne z postanowie\u0144 niniejszych warunk\u00f3w nie wymaga zakupu ani u\u017cycia plazmy genowej Icon Sire nabytej w ABS. Wykorzystywanie Nabywca wyra\u017ca zgod\u0119&hellip;\" \/>\n<meta property=\"og:url\" content=\"https:\/\/www-dev.absglobal.com\/ca-fr\/dairy-2\/icon-sires\/polish\/warunki-opcji\/\" \/>\n<meta property=\"og:site_name\" content=\"ABS Global Canada (ca-fr)\" \/>\n<meta property=\"og:image\" content=\"http:\/\/cms.genusplc.com\/absglobal\/wp-content\/uploads\/logo-abs-icon-sires.png\" \/>\n<meta name=\"twitter:card\" content=\"summary_large_image\" \/>\n<meta name=\"twitter:label1\" content=\"Est. reading time\" \/>\n\t<meta name=\"twitter:data1\" content=\"8 minutes\" \/>\n<script type=\"application\/ld+json\" class=\"yoast-schema-graph\">{\"@context\":\"https:\/\/schema.org\",\"@graph\":[{\"@type\":\"WebPage\",\"@id\":\"https:\/\/www-dev.absglobal.com\/ca-fr\/dairy-2\/icon-sires\/polish\/warunki-opcji\/\",\"url\":\"https:\/\/www-dev.absglobal.com\/ca-fr\/dairy-2\/icon-sires\/polish\/warunki-opcji\/\",\"name\":\"Warunki opcji - ABS Global Canada (ca-fr)\",\"isPartOf\":{\"@id\":\"https:\/\/www-dev.absglobal.com\/ca-fr\/#website\"},\"primaryImageOfPage\":{\"@id\":\"https:\/\/www-dev.absglobal.com\/ca-fr\/dairy-2\/icon-sires\/polish\/warunki-opcji\/#primaryimage\"},\"image\":{\"@id\":\"https:\/\/www-dev.absglobal.com\/ca-fr\/dairy-2\/icon-sires\/polish\/warunki-opcji\/#primaryimage\"},\"thumbnailUrl\":\"http:\/\/cms.genusplc.com\/absglobal\/wp-content\/uploads\/logo-abs-icon-sires.png\",\"datePublished\":\"2018-03-01T03:10:17+00:00\",\"breadcrumb\":{\"@id\":\"https:\/\/www-dev.absglobal.com\/ca-fr\/dairy-2\/icon-sires\/polish\/warunki-opcji\/#breadcrumb\"},\"inLanguage\":\"fr-CA\",\"potentialAction\":[{\"@type\":\"ReadAction\",\"target\":[\"https:\/\/www-dev.absglobal.com\/ca-fr\/dairy-2\/icon-sires\/polish\/warunki-opcji\/\"]}]},{\"@type\":\"ImageObject\",\"inLanguage\":\"fr-CA\",\"@id\":\"https:\/\/www-dev.absglobal.com\/ca-fr\/dairy-2\/icon-sires\/polish\/warunki-opcji\/#primaryimage\",\"url\":\"http:\/\/cms.genusplc.com\/absglobal\/wp-content\/uploads\/logo-abs-icon-sires.png\",\"contentUrl\":\"http:\/\/cms.genusplc.com\/absglobal\/wp-content\/uploads\/logo-abs-icon-sires.png\"},{\"@type\":\"BreadcrumbList\",\"@id\":\"https:\/\/www-dev.absglobal.com\/ca-fr\/dairy-2\/icon-sires\/polish\/warunki-opcji\/#breadcrumb\",\"itemListElement\":[{\"@type\":\"ListItem\",\"position\":1,\"name\":\"Home\",\"item\":\"https:\/\/www-dev.absglobal.com\/ca-fr\/\"},{\"@type\":\"ListItem\",\"position\":2,\"name\":\"Dairy\",\"item\":\"https:\/\/www-dev.absglobal.com\/ca-fr\/dairy-2\/\"},{\"@type\":\"ListItem\",\"position\":3,\"name\":\"Icon Sires\u2122\",\"item\":\"https:\/\/www-dev.absglobal.com\/ca-fr\/dairy-2\/icon-sires\/\"},{\"@type\":\"ListItem\",\"position\":4,\"name\":\"Polish\",\"item\":\"https:\/\/www-dev.absglobal.com\/ca-fr\/dairy-2\/icon-sires\/polish\/\"},{\"@type\":\"ListItem\",\"position\":5,\"name\":\"Warunki opcji\"}]},{\"@type\":\"WebSite\",\"@id\":\"https:\/\/www-dev.absglobal.com\/ca-fr\/#website\",\"url\":\"https:\/\/www-dev.absglobal.com\/ca-fr\/\",\"name\":\"ABS Global Canada (ca-fr)\",\"description\":\"\",\"potentialAction\":[{\"@type\":\"SearchAction\",\"target\":{\"@type\":\"EntryPoint\",\"urlTemplate\":\"https:\/\/www-dev.absglobal.com\/ca-fr\/?s={search_term_string}\"},\"query-input\":{\"@type\":\"PropertyValueSpecification\",\"valueRequired\":true,\"valueName\":\"search_term_string\"}}],\"inLanguage\":\"fr-CA\"}]}<\/script>\n<!-- \/ Yoast SEO Premium plugin. -->","yoast_head_json":{"title":"Warunki opcji - ABS Global Canada (ca-fr)","robots":{"index":"index","follow":"follow","max-snippet":"max-snippet:-1","max-image-preview":"max-image-preview:large","max-video-preview":"max-video-preview:-1"},"canonical":"https:\/\/www-dev.absglobal.com\/ca-fr\/dairy-2\/icon-sires\/polish\/warunki-opcji\/","og_locale":"fr_CA","og_type":"article","og_title":"Warunki opcji","og_description":"Warunki dotycz\u0105ce opcji Opr\u00f3cz Standardowych warunk\u00f3w ABS, poni\u017csze warunki maj\u0105 zastosowanie do ka\u017cdego zakupu i u\u017cytkowania plazmy zarodkowej Icon Sire\u2122 od ABS oraz u\u017cycia potomstwa pierwszej generacji wyprodukowanego z plazmy zarodkowej Icon Sire (\u201ePotomstwo\u201d). \u017badne z postanowie\u0144 niniejszych warunk\u00f3w nie wymaga zakupu ani u\u017cycia plazmy genowej Icon Sire nabytej w ABS. Wykorzystywanie Nabywca wyra\u017ca zgod\u0119&hellip;","og_url":"https:\/\/www-dev.absglobal.com\/ca-fr\/dairy-2\/icon-sires\/polish\/warunki-opcji\/","og_site_name":"ABS Global Canada (ca-fr)","og_image":[{"url":"http:\/\/cms.genusplc.com\/absglobal\/wp-content\/uploads\/logo-abs-icon-sires.png","type":"","width":"","height":""}],"twitter_card":"summary_large_image","twitter_misc":{"Est. reading time":"8 minutes"},"schema":{"@context":"https:\/\/schema.org","@graph":[{"@type":"WebPage","@id":"https:\/\/www-dev.absglobal.com\/ca-fr\/dairy-2\/icon-sires\/polish\/warunki-opcji\/","url":"https:\/\/www-dev.absglobal.com\/ca-fr\/dairy-2\/icon-sires\/polish\/warunki-opcji\/","name":"Warunki opcji - ABS Global Canada (ca-fr)","isPartOf":{"@id":"https:\/\/www-dev.absglobal.com\/ca-fr\/#website"},"primaryImageOfPage":{"@id":"https:\/\/www-dev.absglobal.com\/ca-fr\/dairy-2\/icon-sires\/polish\/warunki-opcji\/#primaryimage"},"image":{"@id":"https:\/\/www-dev.absglobal.com\/ca-fr\/dairy-2\/icon-sires\/polish\/warunki-opcji\/#primaryimage"},"thumbnailUrl":"http:\/\/cms.genusplc.com\/absglobal\/wp-content\/uploads\/logo-abs-icon-sires.png","datePublished":"2018-03-01T03:10:17+00:00","breadcrumb":{"@id":"https:\/\/www-dev.absglobal.com\/ca-fr\/dairy-2\/icon-sires\/polish\/warunki-opcji\/#breadcrumb"},"inLanguage":"fr-CA","potentialAction":[{"@type":"ReadAction","target":["https:\/\/www-dev.absglobal.com\/ca-fr\/dairy-2\/icon-sires\/polish\/warunki-opcji\/"]}]},{"@type":"ImageObject","inLanguage":"fr-CA","@id":"https:\/\/www-dev.absglobal.com\/ca-fr\/dairy-2\/icon-sires\/polish\/warunki-opcji\/#primaryimage","url":"http:\/\/cms.genusplc.com\/absglobal\/wp-content\/uploads\/logo-abs-icon-sires.png","contentUrl":"http:\/\/cms.genusplc.com\/absglobal\/wp-content\/uploads\/logo-abs-icon-sires.png"},{"@type":"BreadcrumbList","@id":"https:\/\/www-dev.absglobal.com\/ca-fr\/dairy-2\/icon-sires\/polish\/warunki-opcji\/#breadcrumb","itemListElement":[{"@type":"ListItem","position":1,"name":"Home","item":"https:\/\/www-dev.absglobal.com\/ca-fr\/"},{"@type":"ListItem","position":2,"name":"Dairy","item":"https:\/\/www-dev.absglobal.com\/ca-fr\/dairy-2\/"},{"@type":"ListItem","position":3,"name":"Icon Sires\u2122","item":"https:\/\/www-dev.absglobal.com\/ca-fr\/dairy-2\/icon-sires\/"},{"@type":"ListItem","position":4,"name":"Polish","item":"https:\/\/www-dev.absglobal.com\/ca-fr\/dairy-2\/icon-sires\/polish\/"},{"@type":"ListItem","position":5,"name":"Warunki opcji"}]},{"@type":"WebSite","@id":"https:\/\/www-dev.absglobal.com\/ca-fr\/#website","url":"https:\/\/www-dev.absglobal.com\/ca-fr\/","name":"ABS Global Canada (ca-fr)","description":"","potentialAction":[{"@type":"SearchAction","target":{"@type":"EntryPoint","urlTemplate":"https:\/\/www-dev.absglobal.com\/ca-fr\/?s={search_term_string}"},"query-input":{"@type":"PropertyValueSpecification","valueRequired":true,"valueName":"search_term_string"}}],"inLanguage":"fr-CA"}]}},"jetpack_sharing_enabled":true,"_links":{"self":[{"href":"https:\/\/www-dev.absglobal.com\/ca-fr\/wp-json\/wp\/v2\/pages\/589"}],"collection":[{"href":"https:\/\/www-dev.absglobal.com\/ca-fr\/wp-json\/wp\/v2\/pages"}],"about":[{"href":"https:\/\/www-dev.absglobal.com\/ca-fr\/wp-json\/wp\/v2\/types\/page"}],"author":[{"embeddable":true,"href":"https:\/\/www-dev.absglobal.com\/ca-fr\/wp-json\/wp\/v2\/users\/292"}],"replies":[{"embeddable":true,"href":"https:\/\/www-dev.absglobal.com\/ca-fr\/wp-json\/wp\/v2\/comments?post=589"}],"version-history":[{"count":0,"href":"https:\/\/www-dev.absglobal.com\/ca-fr\/wp-json\/wp\/v2\/pages\/589\/revisions"}],"up":[{"embeddable":true,"href":"https:\/\/www-dev.absglobal.com\/ca-fr\/wp-json\/wp\/v2\/pages\/530"}],"wp:attachment":[{"href":"https:\/\/www-dev.absglobal.com\/ca-fr\/wp-json\/wp\/v2\/media?parent=589"}],"curies":[{"name":"wp","href":"https:\/\/api.w.org\/{rel}","templated":true}]}}