{"id":650,"date":"2018-02-20T04:21:54","date_gmt":"2018-02-20T04:21:54","guid":{"rendered":"http:\/\/cms.genusplc.com\/absglobal\/us\/?page_id=650"},"modified":"2020-04-03T01:55:48","modified_gmt":"2020-04-03T01:55:48","slug":"angus-sire-alliance","status":"publish","type":"page","link":"https:\/\/www-dev.absglobal.com\/ca-fr\/beef\/beef-programs\/angus-sire-alliance\/","title":{"rendered":"Angus Sire Alliance"},"content":{"rendered":"\r\n<p><img decoding=\"async\" src=\"https:\/\/www-dev.absglobal.com\/ca-fr\/wp-content\/uploads\/sites\/23\/2018\/02\/sire-alliance-logo.png\" alt=\"\" \/> <img decoding=\"async\" src=\"http:\/\/cms.genusplc.com\/absglobal\/ca\/wp-content\/uploads\/sites\/8\/2018\/02\/angus-sire-alliance-abs.jpg\" alt=\"angus sire alliance abs\" \/><\/p>\r\n<h3>\u00a0<\/h3>\r\n<p>ABS a b\u00e9n\u00e9fici\u00e9 d&#8217;une relation constructive avec Cercle A Ranch et Angus Sire Alliance depuis 1996 en tant qu\u2019agent exclusif pour le marketing de ces excellents taureaux. Nous avons appr\u00e9ci\u00e9 le programme de testage de prog\u00e9niture de Angus Sires Alliance comme \u00e9tant le plus pr\u00e9cis et le plus complet de l&#8217;industrie et nous avons applaudi leurs premiers travaux qui ont produit des indices de s\u00e9lection \u00e9conomique exprim\u00e9s par la Valeur de Profitabilit\u00e9 de Sire Alliance. Le programme a identifi\u00e9 plusieurs taureaux \u00e9prouv\u00e9s et populaires incluant, PROTEGE, DAYBREAK, TRAVELER 234D, OBJECTIVE, DESTINATION 928 et IN FOCUS, le taureau le plus populaire de la race. En 2003, ABS et Circle A Ranch ont agrandi leur partenariat en permettant \u00e0 Angus Sire Alliance de tester la prog\u00e9niture de la majorit\u00e9 des jeunes taureaux Angus de ABS. Cette nouvelle entente est le fruit de notre respect envers le programme de Sire Alliance et des b\u00e9n\u00e9fices qu\u2019il apportera \u00e0 nos clients.<\/p>\r\n","protected":false},"excerpt":{"rendered":"<p>\u00a0 ABS a b\u00e9n\u00e9fici\u00e9 d&#8217;une relation constructive avec Cercle A Ranch et Angus Sire Alliance depuis 1996 en tant qu\u2019agent exclusif pour le marketing de ces excellents taureaux. Nous avons appr\u00e9ci\u00e9 le programme de testage de prog\u00e9niture de Angus Sires Alliance comme \u00e9tant le plus pr\u00e9cis et le plus complet de l&#8217;industrie et nous avons&hellip;<\/p>\n","protected":false},"author":20,"featured_media":1559,"parent":590,"menu_order":0,"comment_status":"closed","ping_status":"closed","template":"","meta":{"_acf_changed":false,"footnotes":""},"class_list":["post-650","page","type-page","status-publish","has-post-thumbnail","hentry"],"acf":[],"yoast_head":"<!-- This site is optimized with the Yoast SEO Premium plugin v22.1 (Yoast SEO v25.3) - https:\/\/yoast.com\/wordpress\/plugins\/seo\/ -->\n<title>Angus Sire Alliance - ABS Global Canada (ca-fr)<\/title>\n<meta name=\"robots\" content=\"index, follow, max-snippet:-1, max-image-preview:large, max-video-preview:-1\" \/>\n<link rel=\"canonical\" href=\"https:\/\/www-dev.absglobal.com\/ca-fr\/beef\/beef-programs\/angus-sire-alliance\/\" \/>\n<meta property=\"og:locale\" content=\"fr_CA\" \/>\n<meta property=\"og:type\" content=\"article\" \/>\n<meta property=\"og:title\" content=\"Angus Sire Alliance\" \/>\n<meta property=\"og:description\" content=\"\u00a0 ABS a b\u00e9n\u00e9fici\u00e9 d&#8217;une relation constructive avec Cercle A Ranch et Angus Sire Alliance depuis 1996 en tant qu\u2019agent exclusif pour le marketing de ces excellents taureaux. Nous avons appr\u00e9ci\u00e9 le programme de testage de prog\u00e9niture de Angus Sires Alliance comme \u00e9tant le plus pr\u00e9cis et le plus complet de l&#8217;industrie et nous avons&hellip;\" \/>\n<meta property=\"og:url\" content=\"https:\/\/www-dev.absglobal.com\/ca-fr\/beef\/beef-programs\/angus-sire-alliance\/\" \/>\n<meta property=\"og:site_name\" content=\"ABS Global Canada (ca-fr)\" \/>\n<meta property=\"article:modified_time\" content=\"2020-04-03T01:55:48+00:00\" \/>\n<meta property=\"og:image\" content=\"https:\/\/www-dev.absglobal.com\/ca-fr\/wp-content\/uploads\/sites\/23\/2018\/03\/abs-can-fr-beef.jpg?fit=1920%2C500\" \/>\n\t<meta property=\"og:image:width\" content=\"1920\" \/>\n\t<meta property=\"og:image:height\" content=\"500\" \/>\n\t<meta property=\"og:image:type\" content=\"image\/jpeg\" \/>\n<meta name=\"twitter:card\" content=\"summary_large_image\" \/>\n<meta name=\"twitter:label1\" content=\"Est. reading time\" \/>\n\t<meta name=\"twitter:data1\" content=\"1 minute\" \/>\n<script type=\"application\/ld+json\" class=\"yoast-schema-graph\">{\"@context\":\"https:\/\/schema.org\",\"@graph\":[{\"@type\":\"WebPage\",\"@id\":\"https:\/\/www-dev.absglobal.com\/ca-fr\/beef\/beef-programs\/angus-sire-alliance\/\",\"url\":\"https:\/\/www-dev.absglobal.com\/ca-fr\/beef\/beef-programs\/angus-sire-alliance\/\",\"name\":\"Angus Sire Alliance - ABS Global Canada (ca-fr)\",\"isPartOf\":{\"@id\":\"https:\/\/www-dev.absglobal.com\/ca-fr\/#website\"},\"primaryImageOfPage\":{\"@id\":\"https:\/\/www-dev.absglobal.com\/ca-fr\/beef\/beef-programs\/angus-sire-alliance\/#primaryimage\"},\"image\":{\"@id\":\"https:\/\/www-dev.absglobal.com\/ca-fr\/beef\/beef-programs\/angus-sire-alliance\/#primaryimage\"},\"thumbnailUrl\":\"https:\/\/www-dev.absglobal.com\/ca-fr\/wp-content\/uploads\/sites\/23\/2018\/03\/abs-can-fr-beef.jpg\",\"datePublished\":\"2018-02-20T04:21:54+00:00\",\"dateModified\":\"2020-04-03T01:55:48+00:00\",\"breadcrumb\":{\"@id\":\"https:\/\/www-dev.absglobal.com\/ca-fr\/beef\/beef-programs\/angus-sire-alliance\/#breadcrumb\"},\"inLanguage\":\"fr-CA\",\"potentialAction\":[{\"@type\":\"ReadAction\",\"target\":[\"https:\/\/www-dev.absglobal.com\/ca-fr\/beef\/beef-programs\/angus-sire-alliance\/\"]}]},{\"@type\":\"ImageObject\",\"inLanguage\":\"fr-CA\",\"@id\":\"https:\/\/www-dev.absglobal.com\/ca-fr\/beef\/beef-programs\/angus-sire-alliance\/#primaryimage\",\"url\":\"https:\/\/www-dev.absglobal.com\/ca-fr\/wp-content\/uploads\/sites\/23\/2018\/03\/abs-can-fr-beef.jpg\",\"contentUrl\":\"https:\/\/www-dev.absglobal.com\/ca-fr\/wp-content\/uploads\/sites\/23\/2018\/03\/abs-can-fr-beef.jpg\",\"width\":1920,\"height\":500},{\"@type\":\"BreadcrumbList\",\"@id\":\"https:\/\/www-dev.absglobal.com\/ca-fr\/beef\/beef-programs\/angus-sire-alliance\/#breadcrumb\",\"itemListElement\":[{\"@type\":\"ListItem\",\"position\":1,\"name\":\"Home\",\"item\":\"https:\/\/www-dev.absglobal.com\/ca-fr\/\"},{\"@type\":\"ListItem\",\"position\":2,\"name\":\"Boucherie\",\"item\":\"https:\/\/www-dev.absglobal.com\/ca-fr\/beef\/\"},{\"@type\":\"ListItem\",\"position\":3,\"name\":\"Programmes de Bovins de Boucherie\",\"item\":\"https:\/\/www-dev.absglobal.com\/ca-fr\/beef\/beef-programs\/\"},{\"@type\":\"ListItem\",\"position\":4,\"name\":\"Angus Sire Alliance\"}]},{\"@type\":\"WebSite\",\"@id\":\"https:\/\/www-dev.absglobal.com\/ca-fr\/#website\",\"url\":\"https:\/\/www-dev.absglobal.com\/ca-fr\/\",\"name\":\"ABS Global Canada (ca-fr)\",\"description\":\"\",\"potentialAction\":[{\"@type\":\"SearchAction\",\"target\":{\"@type\":\"EntryPoint\",\"urlTemplate\":\"https:\/\/www-dev.absglobal.com\/ca-fr\/?s={search_term_string}\"},\"query-input\":{\"@type\":\"PropertyValueSpecification\",\"valueRequired\":true,\"valueName\":\"search_term_string\"}}],\"inLanguage\":\"fr-CA\"}]}<\/script>\n<!-- \/ Yoast SEO Premium plugin. -->","yoast_head_json":{"title":"Angus Sire Alliance - ABS Global Canada (ca-fr)","robots":{"index":"index","follow":"follow","max-snippet":"max-snippet:-1","max-image-preview":"max-image-preview:large","max-video-preview":"max-video-preview:-1"},"canonical":"https:\/\/www-dev.absglobal.com\/ca-fr\/beef\/beef-programs\/angus-sire-alliance\/","og_locale":"fr_CA","og_type":"article","og_title":"Angus Sire Alliance","og_description":"\u00a0 ABS a b\u00e9n\u00e9fici\u00e9 d&#8217;une relation constructive avec Cercle A Ranch et Angus Sire Alliance depuis 1996 en tant qu\u2019agent exclusif pour le marketing de ces excellents taureaux. Nous avons appr\u00e9ci\u00e9 le programme de testage de prog\u00e9niture de Angus Sires Alliance comme \u00e9tant le plus pr\u00e9cis et le plus complet de l&#8217;industrie et nous avons&hellip;","og_url":"https:\/\/www-dev.absglobal.com\/ca-fr\/beef\/beef-programs\/angus-sire-alliance\/","og_site_name":"ABS Global Canada (ca-fr)","article_modified_time":"2020-04-03T01:55:48+00:00","og_image":[{"width":1920,"height":500,"url":"https:\/\/www-dev.absglobal.com\/ca-fr\/wp-content\/uploads\/sites\/23\/2018\/03\/abs-can-fr-beef.jpg?fit=1920%2C500","type":"image\/jpeg"}],"twitter_card":"summary_large_image","twitter_misc":{"Est. reading time":"1 minute"},"schema":{"@context":"https:\/\/schema.org","@graph":[{"@type":"WebPage","@id":"https:\/\/www-dev.absglobal.com\/ca-fr\/beef\/beef-programs\/angus-sire-alliance\/","url":"https:\/\/www-dev.absglobal.com\/ca-fr\/beef\/beef-programs\/angus-sire-alliance\/","name":"Angus Sire Alliance - ABS Global Canada (ca-fr)","isPartOf":{"@id":"https:\/\/www-dev.absglobal.com\/ca-fr\/#website"},"primaryImageOfPage":{"@id":"https:\/\/www-dev.absglobal.com\/ca-fr\/beef\/beef-programs\/angus-sire-alliance\/#primaryimage"},"image":{"@id":"https:\/\/www-dev.absglobal.com\/ca-fr\/beef\/beef-programs\/angus-sire-alliance\/#primaryimage"},"thumbnailUrl":"https:\/\/www-dev.absglobal.com\/ca-fr\/wp-content\/uploads\/sites\/23\/2018\/03\/abs-can-fr-beef.jpg","datePublished":"2018-02-20T04:21:54+00:00","dateModified":"2020-04-03T01:55:48+00:00","breadcrumb":{"@id":"https:\/\/www-dev.absglobal.com\/ca-fr\/beef\/beef-programs\/angus-sire-alliance\/#breadcrumb"},"inLanguage":"fr-CA","potentialAction":[{"@type":"ReadAction","target":["https:\/\/www-dev.absglobal.com\/ca-fr\/beef\/beef-programs\/angus-sire-alliance\/"]}]},{"@type":"ImageObject","inLanguage":"fr-CA","@id":"https:\/\/www-dev.absglobal.com\/ca-fr\/beef\/beef-programs\/angus-sire-alliance\/#primaryimage","url":"https:\/\/www-dev.absglobal.com\/ca-fr\/wp-content\/uploads\/sites\/23\/2018\/03\/abs-can-fr-beef.jpg","contentUrl":"https:\/\/www-dev.absglobal.com\/ca-fr\/wp-content\/uploads\/sites\/23\/2018\/03\/abs-can-fr-beef.jpg","width":1920,"height":500},{"@type":"BreadcrumbList","@id":"https:\/\/www-dev.absglobal.com\/ca-fr\/beef\/beef-programs\/angus-sire-alliance\/#breadcrumb","itemListElement":[{"@type":"ListItem","position":1,"name":"Home","item":"https:\/\/www-dev.absglobal.com\/ca-fr\/"},{"@type":"ListItem","position":2,"name":"Boucherie","item":"https:\/\/www-dev.absglobal.com\/ca-fr\/beef\/"},{"@type":"ListItem","position":3,"name":"Programmes de Bovins de Boucherie","item":"https:\/\/www-dev.absglobal.com\/ca-fr\/beef\/beef-programs\/"},{"@type":"ListItem","position":4,"name":"Angus Sire Alliance"}]},{"@type":"WebSite","@id":"https:\/\/www-dev.absglobal.com\/ca-fr\/#website","url":"https:\/\/www-dev.absglobal.com\/ca-fr\/","name":"ABS Global Canada (ca-fr)","description":"","potentialAction":[{"@type":"SearchAction","target":{"@type":"EntryPoint","urlTemplate":"https:\/\/www-dev.absglobal.com\/ca-fr\/?s={search_term_string}"},"query-input":{"@type":"PropertyValueSpecification","valueRequired":true,"valueName":"search_term_string"}}],"inLanguage":"fr-CA"}]}},"jetpack_sharing_enabled":true,"_links":{"self":[{"href":"https:\/\/www-dev.absglobal.com\/ca-fr\/wp-json\/wp\/v2\/pages\/650"}],"collection":[{"href":"https:\/\/www-dev.absglobal.com\/ca-fr\/wp-json\/wp\/v2\/pages"}],"about":[{"href":"https:\/\/www-dev.absglobal.com\/ca-fr\/wp-json\/wp\/v2\/types\/page"}],"author":[{"embeddable":true,"href":"https:\/\/www-dev.absglobal.com\/ca-fr\/wp-json\/wp\/v2\/users\/20"}],"replies":[{"embeddable":true,"href":"https:\/\/www-dev.absglobal.com\/ca-fr\/wp-json\/wp\/v2\/comments?post=650"}],"version-history":[{"count":2,"href":"https:\/\/www-dev.absglobal.com\/ca-fr\/wp-json\/wp\/v2\/pages\/650\/revisions"}],"predecessor-version":[{"id":2566,"href":"https:\/\/www-dev.absglobal.com\/ca-fr\/wp-json\/wp\/v2\/pages\/650\/revisions\/2566"}],"up":[{"embeddable":true,"href":"https:\/\/www-dev.absglobal.com\/ca-fr\/wp-json\/wp\/v2\/pages\/590"}],"wp:featuredmedia":[{"embeddable":true,"href":"https:\/\/www-dev.absglobal.com\/ca-fr\/wp-json\/wp\/v2\/media\/1559"}],"wp:attachment":[{"href":"https:\/\/www-dev.absglobal.com\/ca-fr\/wp-json\/wp\/v2\/media?parent=650"}],"curies":[{"name":"wp","href":"https:\/\/api.w.org\/{rel}","templated":true}]}}