{"id":2562,"date":"2018-03-01T03:10:42","date_gmt":"2018-03-01T03:10:42","guid":{"rendered":"http:\/\/cms.genusplc.com\/absglobal\/?page_id=593"},"modified":"2018-03-01T03:10:42","modified_gmt":"2018-03-01T03:10:42","slug":"optionsbedingungen","status":"publish","type":"page","link":"https:\/\/www-dev.absglobal.com\/ca\/dairy-2\/icon-sires\/german\/optionsbedingungen\/","title":{"rendered":"Optionsbedingungen"},"content":{"rendered":"\n\t\t\t<h2>Allgemeine Gesch\u00e4ftsbedingungen f\u00fcr Optionen<\/h2>\t\t\t\n\t\t\t\t<p>Zus\u00e4tzlich zu den <a href=\"https:\/\/abs.publishpath.com\/terms-conditions\">Allgemeinen Gesch\u00e4ftsbedingungen von ABS<\/a> gelten die folgenden Bedingungen f\u00fcr den Kauf und die Verwendung von Icon Sire\u2122 Keimplasma von ABS sowie den Einsatz von Nachzucht der ersten Generation, die aus Icon Sire Keimplasma (\u201e<strong>Nachzucht<\/strong>\u201c) hervorgegangen ist. Gem\u00e4\u00df unserer Gesch\u00e4ftsbedingungen sind Sie nicht dazu verpflichtet, Icon Sire Keimplasma von ABS zu erwerben oder zu verwenden.<\/p>\n\t\t\t<h2>Verwendung<\/h2>\t\t\t\n\t\t\t\t<p>Sie stimmen zu, Icon Sire Keimplasma (insgesamt oder einen Teil davon) ausschlie\u00dflich bei Tieren zu verwenden, die sich in Ihrem Besitz befinden oder im Rahmen Ihrer Gesch\u00e4ftst\u00e4tigkeit angemietet wurden. Ohne schriftliche Genehmigung durch ABS vor oder w\u00e4hrend des Optionszeitraums ist Folgendes sowohl direkt als auch indirekt untersagt:<\/p>\n<ul>\n<li>das Sammeln von Sperma m\u00e4nnlicher Nachzucht;<\/li>\n<li>das Verkaufen, Vermarkten, Vermieten oder sonstiger Transfer von Nachzucht (geboren und ungeboren) an Dritte oder<\/li>\n<li>das Sammeln, Vermarkten, Verkaufen oder jegliche sonstige Bereitstellung von Sperma, Eizellen oder Embryos von Nachzucht an Dritte.<\/li>\n<\/ul>\n<p>S\u00e4mtliche Embryos, die durch Icon Sire Keimplasma entstehen, dienen ausschlie\u00dflich Ihrem gesch\u00e4ftlichen Gebrauch und sie d\u00fcrfen weder verkauft, \u00fcbertragen oder anderweitig in Zusammenhang mit Dritten verwendet werden, es sei denn, dies wurde durch ABS vorab genehmigt. Es spricht gem\u00e4\u00df unserer Gesch\u00e4ftsbedingungen jedoch nichts gegen Paarungen Ihrer Nachzucht im Natursprung innerhalb der Herde oder den Verkauf von Nachzucht zur Schlachtung.<\/p>\n\t\t\t<h2>Option<\/h2>\t\t\t\n\t\t\t\t<p>Sie gew\u00e4hren ABS (oder offiziellen Lizenznehmern) ein exklusives und unwiderrufliches Vorkaufsrecht auf (A) m\u00e4nnliche Nachzucht und (B) weibliche Nachzucht, die Sie zum Verkauf vorgesehen haben. Es gelten die folgenden Bedingungen:<\/p>\n<ul>\n<li>Sollte das (i) Vatertier der Nachzucht auf der Icon Sires Webseite aufgef\u00fchrt sein und (ii) die Nachzucht erf\u00fcllt die genetischen Mindestanforderungen, die auf der Icon Sires Webseite aufgef\u00fchrt sind, m\u00fcssen Sie ABS innerhalb von 3 Werktagen nach Erhalt der Ergebnisse des Genomtests f\u00fcr m\u00e4nnliche Nachzucht schriftlich dar\u00fcber informieren. Sollten Sie sich entscheiden, weibliche Nachzucht zu verkaufen, m\u00fcssen Sie ABS umgehend dar\u00fcber informieren, indem Sie das Icon Sires Nachzuchtformular ausf\u00fcllen. Sie stimmen zu, dass es Ihre Verantwortung ist, die Icon Sires Webseite zu \u00fcberpr\u00fcfen, bevor Sie Nachzucht zum Verkauf anbieten, um die Bedingungen gem\u00e4\u00df der Allgemeinen Gesch\u00e4ftsbedingungen einzuhalten.<\/li>\n<li>ABS r\u00e4umt sich ab Erhalt der schriftlichen Benachrichtigung (\u201e<strong>Optionszeitraum<\/strong>\u201c) 15 Werktage ein, um seine Option auf derartige Nachzucht zu den angegebenen Preisen und Zahlungsbedingungen geltend zu machen, die auf der Webseite Icon Sire Optionsbedingungen (<a href=\"http:\/\/cms.genusplc.com\/absglobal\/option-terms\">http:\/\/cms.genusplc.com\/absglobal\/option-terms<\/a>) angegeben sind. Die Webseite wird regelm\u00e4\u00dfig aktualisiert. Dar\u00fcber hinaus gelten weitere \u00fcbliche Bedingungen der Gentech-Industrie f\u00fcr Rinderzucht in Zusammenhang mit dem Kauf von Nutztieren. Sollte ABS von seiner Kaufoption Gebrauch machen, treten Sie und ABS in einen Kaufvertrag f\u00fcr weibliche\/m\u00e4nnliche Nachzucht ein (\u201e<strong>Kaufvertrag<\/strong>\u201c), der f\u00fcr die jeweilige Nachzucht gilt.<\/li>\n<li>Sollte (i) das Vatertier nicht mehr auf der Icon Sires Webseite aufgef\u00fchrt sein, (ii) die Nachzucht nicht die genetischen Anforderungen (siehe Icon Sires Webseite) erf\u00fcllen oder (iii) ABS im Rahmen des Optionszeitraums keinen Anspruch auf seine Option erheben oder Sie anderweitig schriftlich dar\u00fcber informieren, dass ABS die Nachzucht nicht erwerben m\u00f6chte, sind Sie berechtigt, die Nachzucht nach Ihrem eigenen Ermessen zu verkaufen\/der Schlachtung zuzuf\u00fchren, sofern die Allgemeinen Gesch\u00e4ftsbedingungen von ABS eingehalten werden.<\/li>\n<\/ul>\n<p>Sie stimmen zu, dass es Ihre Verantwortung ist, die\u00a0<u>Icon Sire Webseite<\/u>\u00a0zu \u00fcberpr\u00fcfen, bevor Sie Nachzucht zum Verkauf anbieten, um die Bedingungen gem\u00e4\u00df der Allgemeinen Gesch\u00e4ftsbedingungen einzuhalten.<\/p>\n<p><strong>ALLGEMEINE BESTIMMUNGEN<\/strong><\/p>\n<p>Diese Bedingungen gelten f\u00fcr die Verwendung s\u00e4mtlicher Icon Sire Keimplasmen, unabh\u00e4ngig davon, wie Sie diese erworben haben. Ohne die schriftliche Genehmigung von ABS d\u00fcrfen Sie weder Ihre Rechte noch Pflichten im Rahmen dieser Bedingungen an Dritte abtreten. Das Abtreten oder die \u00dcbertragung dieser Bedingungen oder s\u00e4mtlicher Nachzucht ohne vorherige Genehmigung ist verboten und automatisch nichtig. Diese Bedingungen sind bindend und dienen dem Nutzen der beteiligten Parteien sowie deren Nachfolgern und Rechtsnachfolgern.<\/p>\n<p>Sie sind verpflichtet, auf Nachfrage durch ABS, ABS einen schriftlichen Nachweis (akzeptabel f\u00fcr ABS) Ihrer Samenk\u00e4ufe und Zuchtaufzeichnungen vorzulegen, die erforderlich sind, um die Einhaltung der vertraglich festgelegten Bedingungen zu \u00fcberpr\u00fcfen.<\/p>\n<p>Sie stimmen zu, dass s\u00e4mtliche Verst\u00f6\u00dfe gegen diese Bedingungen dem Unternehmen ABS irreparablen Schaden zuf\u00fcgen k\u00f6nnten, dessen finanzielles Ausma\u00df schwer abzusch\u00e4tzen ist. ABS besitzt neben weiteren Rechten und Rechtsmitteln einen Unterlassungsanspruch, um vertragliche Verpflichtungen durchzusetzen.<\/p>\n<p>Sie erkennen an, dass ABS oder eine seiner Tochtergesellschaften dauerhaft Eigent\u00fcmer s\u00e4mtlichen intellektuellen Eigentums sind, das bereits besteht, erstellt, generiert oder in den genetischen Materialien (Definition gem\u00e4\u00df der Allgemeinen Gesch\u00e4ftsbedingungen von ABS) von Icon Sire Keimplasma entdeckt wird.<\/p>\n<p>Diese Bedingungen sowie die Allgemeinen Gesch\u00e4ftsbedingungen und sonstige Referenzdokumente stellen die vollst\u00e4ndige Vereinbarung zwischen Ihnen und ABS in Bezug auf Nachzucht und Icon Sire Keimplasma dar. Diese Vereinbarung ersetzt s\u00e4mtliche bisherigen Absprachen und Vereinbarungen zu diesem Zweck. Die Vereinbarung kann ausschlie\u00dflich schriftlich abge\u00e4ndert werden und muss von beiden Parteien unterschrieben werden. Sollten Sie eine Vereinbarung zur Herdenentwicklung oder eine Vereinbarung f\u00fcr eine Vorabversion mit ABS geschlossen haben, die eventuell mit dieser Vereinbarung in Konflikt steht, so gelten die Bedingungen dieser Vereinbarung.<\/p>\n<p>Die Parteien sind sich einig, dass diese Vereinbarung und dazugeh\u00f6rige Referenzdokumente ausschlie\u00dflich in Englisch zur Verf\u00fcgung stehen. Les Parties aux pr\u00e9sentes ont convenu que cette entente et les documents s&#8217;y rattachant soient r\u00e9dig\u00e9s en langue anglaise seulement.<\/p>\n\t\t\t<h2>Optionspreis<\/h2>\t\t\t\n\t\t\t\t<p>Sollte ABS seine Option unter Abschnitt 3 der Icon Sires Optionsvereinbarung oder dem Abschnitt \u201eOptionen\u0090\u201c in diesen Bedingungen geltend machen, bezahlt ABS den vollst\u00e4ndigen Betrag (in US-Dollar), basierend auf der Einstufung der Nachzucht sowie der folgenden Bedingungen und des Kaufvertrags:<\/p>\n\t\t\t\t<img decoding=\"async\" src=\"http:\/\/cms.genusplc.com\/absglobal\/wp-content\/uploads\/logo-abs-icon-sires.png\" alt=\"logo-abs-icon-sires\" height=\"216\" width=\"216\" title=\"logo-abs-icon-sires\" \/>\n\t\t\t\t\t<ul id=\"menu-icon-sires-german\"><li id=\"menu-item-656\"><a href=\"http:\/\/cms.genusplc.com\/absglobal\/dairy\/icon-sires\/german\/option-notice-formular\/\">Option Notice-Formular<\/a><\/li>\n<li id=\"menu-item-657\"><a href=\"http:\/\/cms.genusplc.com\/absglobal\/dairy\/icon-sires\/german\/optionsbedingungen\/\">Optionsbedingungen<\/a><\/li>\n<\/ul>\t\n\t<h2>\n\t\tWEIBLICHE NACHZUCHT \u2013 HOLSTEIN\n\t<\/h2>\n\t<table>\n\t<thead>\n\t\t<tr>\n\t\t\t<th>Einstufung*\n\t\t\t\t<br \/>\n\t\t\t<\/th>\n\t\t\t<th>Kaufpreis\n\t\t\t\t<br \/>\n\t\t\t<\/th>\n\t\t<\/tr>\n\t<\/thead>\n\t<tbody>\n\t\t<tr>\n\t\t\t<td><strong>1-25<\/strong><\/td>\n\t\t\t<td>100.000 US-Dollar\n\t\t\t\t<br \/>\n\t\t\t<\/td>\n\t\t<\/tr>\n\t\t<tr>\n\t\t\t<td><strong>26+<\/strong><\/td>\n\t\t\t<td>100.000 US-Dollar\n\t\t\t\t<br \/>\n\t\t\t<\/td>\n\t\t<\/tr>\n\t<\/tbody>\n<\/table>\n<em>* Die Einstufung erfolgt basierend auf dem TPI Holstein Index f\u00fcr weibliche Nachzucht, verglichen mit K\u00fchen im gleichen Alter oder \u00e4lter, deren Daten in der aktuellsten Bullen\u00fcbersicht der CDCB-Datei verzeichnet sind.<\/em>\n\n<h2>\n\t\tM\u00c4NNLICHE NACHZUCHT \u2013 HOLSTEIN\n\t<\/h2>\n\t<table>\n\t<thead>\n\t\t<tr>\n\t\t\t<th><strong>Einstufung*<\/strong>\n\t\t\t\t<br \/>\n\t\t\t<\/th>\n\t\t\t<th>\n\t\t\t\t<strong>Kaufpreis<\/strong>\n\t\t\t<\/th>\n\t\t<\/tr>\n\t<\/thead>\n\t<tbody>\n\t\t<tr>\n\t\t\t<td><strong>1-10<\/strong><\/td>\n\t\t\t<td>100.000 US-Dollar\n\t\t\t\t<br \/>\n\t\t\t<\/td>\n\t\t<\/tr>\n\t\t<tr>\n\t\t\t<td><strong>11-30<\/strong><\/td>\n\t\t\t<td>50.000 US-Dollar\n\t\t\t\t<br \/>\n\t\t\t<\/td>\n\t\t<\/tr>\n\t\t<tr>\n\t\t\t<td><strong>31-100<\/strong><\/td>\n\t\t\t<td>20.000 US-Dollar\n\t\t\t\t<br \/>\n\t\t\t<\/td>\n\t\t<\/tr>\n\t\t<tr>\n\t\t\t<td><strong>101+<\/strong><\/td>\n\t\t\t<td>10.000 US-Dollar\n\t\t\t\t<br \/>\n\t\t\t<\/td>\n\t\t<\/tr>\n\t<\/tbody>\n<\/table><p><em>* Die Einstufung erfolgt basierend auf dem TPI Holstein Index f\u00fcr m\u00e4nnliche Nachzucht, verglichen mit Bullen im gleichen Alter oder \u00e4lter, deren Daten in der aktuellsten Bullen\u00fcbersicht der CDCB-Datei verzeichnet sind.<\/em><\/p>\n<h2>\n\t\tWEIBLICHE NACHZUCHT \u2013 HOLSTEIN HORNLOS\/ROT\n\t<\/h2>\n\t<p><em>(PO; PP; Tr\u00e4ger des Rotfaktors oder dominant Rot) \u0197<\/em><\/p>\n<table>\n\t<thead>\n\t\t<tr>\n\t\t\t<th>Einstufung*\n\t\t\t\t<br \/>\n\t\t\t<\/th>\n\t\t\t<th>Kaufpreis\n\t\t\t\t<br \/>\n\t\t\t<\/th>\n\t\t<\/tr>\n\t<\/thead>\n\t<tbody>\n\t\t<tr>\n\t\t\t<td><strong>1-3<\/strong><\/td>\n\t\t\t<td>30.000 US-Dollar\n\t\t\t\t<br \/>\n\t\t\t<\/td>\n\t\t<\/tr>\n\t\t<tr>\n\t\t\t<td><strong>4+<\/strong><\/td>\n\t\t\t<td>20.000 US-Dollar\n\t\t\t\t<br \/>\n\t\t\t<\/td>\n\t\t<\/tr>\n\t<\/tbody>\n<\/table>\n<p><em>* Die Einstufung erfolgt basierend auf dem TPI Holstein Index f\u00fcr hornlose (PO oder PP) weibliche Nachzucht, verglichen mit K\u00fchen im gleichen Alter oder \u00e4lter, deren Daten in der aktuellsten Bullen\u00fcbersicht der CDCB-Datei verzeichnet sind.<\/em><\/p>\n<h2>\n\t\tM\u00c4NNLICHE NACHZUCHT \u2013 HOLSTEIN HORNLOS\/ROT\n\t<\/h2>\n\t<p>(PO; PP; Tr\u00e4ger des Rotfaktors oder dominant Rot) \u0197<\/p>\n<table>\n\t<thead>\n\t\t<tr>\n\t\t\t<th><strong>Einstufung*<\/strong>\n\t\t\t\t<br \/>\n\t\t\t<\/th>\n\t\t\t<th>\n\t\t\t\t<strong>Kaufpreis<\/strong>\n\t\t\t<\/th>\n\t\t<\/tr>\n\t<\/thead>\n\t<tbody>\n\t\t<tr>\n\t\t\t<td><strong>1<\/strong><\/td>\n\t\t\t<td>30.000 US-Dollar\n\t\t\t\t<br \/>\n\t\t\t<\/td>\n\t\t<\/tr>\n\t\t<tr>\n\t\t\t<td><strong>2<\/strong><\/td>\n\t\t\t<td>20.000 US-Dollar\n\t\t\t\t<br \/>\n\t\t\t<\/td>\n\t\t<\/tr>\n\t\t<tr>\n\t\t\t<td><strong>3-5<\/strong><\/td>\n\t\t\t<td>15.000 US-Dollar\n\t\t\t\t<br \/>\n\t\t\t<\/td>\n\t\t<\/tr>\n\t\t<tr>\n\t\t\t<td><strong>6+<\/strong><\/td>\n\t\t\t<td>10.000 US-Dollar\n\t\t\t\t<br \/>\n\t\t\t<\/td>\n\t\t<\/tr>\n\t<\/tbody>\n<\/table>\n<p><em>* Die Einstufung erfolgt basierend auf dem TPI Holstein Index f\u00fcr hornlose (PO oder PP) m\u00e4nnliche Nachzucht, verglichen mit Bullen im gleichen Alter oder \u00e4lter, deren Daten in der aktuellsten Bullen\u00fcbersicht der CDCB-Datei verzeichnet sind.<\/em><\/p>\n\t<p><em>\u0197 Wird Ihre Nachzucht sowohl im allgemeinen Holstein-Index als auch im Index f\u00fcr hornlose Holstein-Rinder gef\u00fchrt, erhalten Sie den Kaufpreis entsprechend der jeweiligen Einstufung in der Preis\u00fcbersicht. ABS l\u00e4sst m\u00f6glicherweise die Genetik f\u00fcr Hornlosigkeit durch einen Gentest auf seine Kosten \u00fcberpr\u00fcfen. In diesem Fall verl\u00e4ngert sich der Optionszeitraum um 10 Werktage.<\/em><\/p>\n<h2>\n\t\tWEIBLICHE NACHZUCHT \u2013 JERSEY\n\t<\/h2>\n\t<table>\n\t<thead>\n\t\t<tr>\n\t\t\t<th>Einstufung*\n\t\t\t\t<br \/>\n\t\t\t<\/th>\n\t\t\t<th>Kaufpreis\n\t\t\t\t<br \/>\n\t\t\t<\/th>\n\t\t<\/tr>\n\t<\/thead>\n\t<tbody>\n\t\t<tr>\n\t\t\t<td><strong>1-25<\/strong><\/td>\n\t\t\t<td>30.000 US-Dollar\n\t\t\t\t<br \/>\n\t\t\t<\/td>\n\t\t<\/tr>\n\t\t<tr>\n\t\t\t<td><strong>26+<\/strong><\/td>\n\t\t\t<td>15.000 US-Dollar\n\t\t\t\t<br \/>\n\t\t\t<\/td>\n\t\t<\/tr>\n\t<\/tbody>\n<\/table>\n<p><em>* Die Einstufung erfolgt basierend auf dem JPI Index f\u00fcr weibliche Nachzucht, verglichen mit K\u00fchen im gleichen Alter oder \u00e4lter, deren Daten in der aktuellsten Bullen\u00fcbersicht der CDCB-Datei verzeichnet sind.<\/em><\/p>\n<h2>\n\t\tM\u00c4NNLICHE NACHZUCHT \u2013 JERSEY\n\t<\/h2>\n\t<table>\n\t<thead>\n\t\t<tr>\n\t\t\t<th><strong>Einstufung*<\/strong>\n\t\t\t\t<br \/>\n\t\t\t<\/th>\n\t\t\t<th>\n\t\t\t\t<strong>Kaufpreis<\/strong>\n\t\t\t<\/th>\n\t\t<\/tr>\n\t<\/thead>\n\t<tbody>\n\t\t<tr>\n\t\t\t<td><strong>1-10<\/strong><\/td>\n\t\t\t<td>30.000 US-Dollar\n\t\t\t\t<br \/>\n\t\t\t<\/td>\n\t\t<\/tr>\n\t\t<tr>\n\t\t\t<td><strong>11-30<\/strong><\/td>\n\t\t\t<td>20.000 US-Dollar\n\t\t\t\t<br \/>\n\t\t\t<\/td>\n\t\t<\/tr>\n\t\t<tr>\n\t\t\t<td><strong>31+<\/strong><\/td>\n\t\t\t<td>10.000 US-Dollar\n\t\t\t\t<br \/>\n\t\t\t<\/td>\n\t\t<\/tr>\n\t<\/tbody>\n<\/table>\n<p><em>* Die Einstufung erfolgt basierend auf dem JPI Index f\u00fcr m\u00e4nnliche Nachzucht, verglichen mit Bullen im gleichen Alter oder \u00e4lter, deren Daten in der aktuellsten Bullen\u00fcbersicht der CDCB-Datei verzeichnet sind.<\/em><\/p>\n\t\t\t<h2>Kaufbedingungen.<\/h2>\t\t\t\n\t\t\t\t<p>ABS entrichtet den Kaufpreis an Sie unter folgenden Bedingungen:<\/p>\n<ol>\n<li>M\u00e4nnliche Nachzucht: Der Kaufpreis wird nur in folgenden F\u00e4llen bezahlt:\n<ul>\n<li>der Bulle besteht eine standardm\u00e4\u00dfige tier\u00e4rztliche Untersuchung durch ABS sowie einen Gesundheits- und Samentest (siehe Kaufvereinbarung) und<\/li>\n<li>der Bulle hat mindestens 2.000 Sameneinheiten produziert<\/li>\n<\/ul>\n<\/li>\n<\/ol>\n<ol start=\"2\">\n<li>Weibliche Nachzucht: Der Kaufpreis wird nur in folgenden F\u00e4llen bezahlt:\n<ol>\n<li>die Kuh besteht eine standardm\u00e4\u00dfige tier\u00e4rztliche Untersuchung durch ABS sowie einen Gesundheitstest (siehe Kaufvereinbarung) und<\/li>\n<li>eignet sich gem\u00e4\u00df der Einsch\u00e4tzung der Veterin\u00e4re von ABS f\u00fcr die Zucht.<\/li>\n<\/ol>\n<\/li>\n<\/ol>\n<ol start=\"3\">\n<li>S\u00e4mtliche weiteren Bedingungen der Kaufvereinbarung werden erf\u00fcllt.<\/li>\n<\/ol>\n<p>Gelegentlich kann ABS die Preis\u00fcbersicht und Zahlungsbedingungen, darunter (ohne Einschr\u00e4nkung) Kaufpreis, Preisebenen, Index, genetische Testdatei, Rassen, \u00e4ndern. F\u00fcr den Erwerb von Nachzucht gelten die w\u00e4hrend der Benachrichtigung von ABS g\u00fcltigen Zahlungsbedingungen (Abschnitt 3(a)).<\/p>\n","protected":false},"excerpt":{"rendered":"<p>Allgemeine Gesch\u00e4ftsbedingungen f\u00fcr Optionen Zus\u00e4tzlich zu den Allgemeinen Gesch\u00e4ftsbedingungen von ABS gelten die folgenden Bedingungen f\u00fcr den Kauf und die Verwendung von Icon Sire\u2122 Keimplasma von ABS sowie den Einsatz von Nachzucht der ersten Generation, die aus Icon Sire Keimplasma (\u201eNachzucht\u201c) hervorgegangen ist. Gem\u00e4\u00df unserer Gesch\u00e4ftsbedingungen sind Sie nicht dazu verpflichtet, Icon Sire Keimplasma von [&hellip;]<\/p>\n","protected":false},"author":292,"featured_media":0,"parent":2559,"menu_order":0,"comment_status":"closed","ping_status":"closed","template":"","meta":{"_acf_changed":false,"content-type":"","footnotes":""},"class_list":["post-2562","page","type-page","status-publish","hentry"],"acf":[],"yoast_head":"<!-- This site is optimized with the Yoast SEO Premium plugin v22.1 (Yoast SEO v25.3) - https:\/\/yoast.com\/wordpress\/plugins\/seo\/ -->\n<title>Optionsbedingungen - ABS Global Canada (en)<\/title>\n<meta name=\"robots\" content=\"index, follow, max-snippet:-1, max-image-preview:large, max-video-preview:-1\" \/>\n<link rel=\"canonical\" href=\"https:\/\/www-dev.absglobal.com\/ca\/dairy-2\/icon-sires\/german\/optionsbedingungen\/\" \/>\n<meta property=\"og:locale\" content=\"en_US\" \/>\n<meta property=\"og:type\" content=\"article\" \/>\n<meta property=\"og:title\" content=\"Optionsbedingungen\" \/>\n<meta property=\"og:description\" content=\"Allgemeine Gesch\u00e4ftsbedingungen f\u00fcr Optionen Zus\u00e4tzlich zu den Allgemeinen Gesch\u00e4ftsbedingungen von ABS gelten die folgenden Bedingungen f\u00fcr den Kauf und die Verwendung von Icon Sire\u2122 Keimplasma von ABS sowie den Einsatz von Nachzucht der ersten Generation, die aus Icon Sire Keimplasma (\u201eNachzucht\u201c) hervorgegangen ist. Gem\u00e4\u00df unserer Gesch\u00e4ftsbedingungen sind Sie nicht dazu verpflichtet, Icon Sire Keimplasma von [&hellip;]\" \/>\n<meta property=\"og:url\" content=\"https:\/\/www-dev.absglobal.com\/ca\/dairy-2\/icon-sires\/german\/optionsbedingungen\/\" \/>\n<meta property=\"og:site_name\" content=\"ABS Global Canada (en)\" \/>\n<meta property=\"og:image\" content=\"http:\/\/cms.genusplc.com\/absglobal\/wp-content\/uploads\/logo-abs-icon-sires.png\" \/>\n<meta name=\"twitter:card\" content=\"summary_large_image\" \/>\n<meta name=\"twitter:label1\" content=\"Est. reading time\" \/>\n\t<meta name=\"twitter:data1\" content=\"7 minutes\" \/>\n<script type=\"application\/ld+json\" class=\"yoast-schema-graph\">{\"@context\":\"https:\/\/schema.org\",\"@graph\":[{\"@type\":\"WebPage\",\"@id\":\"https:\/\/www-dev.absglobal.com\/ca\/dairy-2\/icon-sires\/german\/optionsbedingungen\/\",\"url\":\"https:\/\/www-dev.absglobal.com\/ca\/dairy-2\/icon-sires\/german\/optionsbedingungen\/\",\"name\":\"Optionsbedingungen - ABS Global Canada (en)\",\"isPartOf\":{\"@id\":\"https:\/\/www-dev.absglobal.com\/ca\/#website\"},\"primaryImageOfPage\":{\"@id\":\"https:\/\/www-dev.absglobal.com\/ca\/dairy-2\/icon-sires\/german\/optionsbedingungen\/#primaryimage\"},\"image\":{\"@id\":\"https:\/\/www-dev.absglobal.com\/ca\/dairy-2\/icon-sires\/german\/optionsbedingungen\/#primaryimage\"},\"thumbnailUrl\":\"http:\/\/cms.genusplc.com\/absglobal\/wp-content\/uploads\/logo-abs-icon-sires.png\",\"datePublished\":\"2018-03-01T03:10:42+00:00\",\"breadcrumb\":{\"@id\":\"https:\/\/www-dev.absglobal.com\/ca\/dairy-2\/icon-sires\/german\/optionsbedingungen\/#breadcrumb\"},\"inLanguage\":\"en-CA\",\"potentialAction\":[{\"@type\":\"ReadAction\",\"target\":[\"https:\/\/www-dev.absglobal.com\/ca\/dairy-2\/icon-sires\/german\/optionsbedingungen\/\"]}]},{\"@type\":\"ImageObject\",\"inLanguage\":\"en-CA\",\"@id\":\"https:\/\/www-dev.absglobal.com\/ca\/dairy-2\/icon-sires\/german\/optionsbedingungen\/#primaryimage\",\"url\":\"http:\/\/cms.genusplc.com\/absglobal\/wp-content\/uploads\/logo-abs-icon-sires.png\",\"contentUrl\":\"http:\/\/cms.genusplc.com\/absglobal\/wp-content\/uploads\/logo-abs-icon-sires.png\"},{\"@type\":\"BreadcrumbList\",\"@id\":\"https:\/\/www-dev.absglobal.com\/ca\/dairy-2\/icon-sires\/german\/optionsbedingungen\/#breadcrumb\",\"itemListElement\":[{\"@type\":\"ListItem\",\"position\":1,\"name\":\"Home\",\"item\":\"https:\/\/www-dev.absglobal.com\/ca\/\"},{\"@type\":\"ListItem\",\"position\":2,\"name\":\"Dairy\",\"item\":\"https:\/\/www-dev.absglobal.com\/ca\/dairy-2\/\"},{\"@type\":\"ListItem\",\"position\":3,\"name\":\"Icon Sires\u2122\",\"item\":\"https:\/\/www-dev.absglobal.com\/ca\/dairy-2\/icon-sires\/\"},{\"@type\":\"ListItem\",\"position\":4,\"name\":\"German\",\"item\":\"https:\/\/www-dev.absglobal.com\/ca\/dairy-2\/icon-sires\/german\/\"},{\"@type\":\"ListItem\",\"position\":5,\"name\":\"Optionsbedingungen\"}]},{\"@type\":\"WebSite\",\"@id\":\"https:\/\/www-dev.absglobal.com\/ca\/#website\",\"url\":\"https:\/\/www-dev.absglobal.com\/ca\/\",\"name\":\"ABS Global Canada (en)\",\"description\":\"\",\"publisher\":{\"@id\":\"https:\/\/www-dev.absglobal.com\/ca\/#organization\"},\"potentialAction\":[{\"@type\":\"SearchAction\",\"target\":{\"@type\":\"EntryPoint\",\"urlTemplate\":\"https:\/\/www-dev.absglobal.com\/ca\/?s={search_term_string}\"},\"query-input\":{\"@type\":\"PropertyValueSpecification\",\"valueRequired\":true,\"valueName\":\"search_term_string\"}}],\"inLanguage\":\"en-CA\"},{\"@type\":\"Organization\",\"@id\":\"https:\/\/www-dev.absglobal.com\/ca\/#organization\",\"name\":\"ABS Global Canada (en)\",\"url\":\"https:\/\/www-dev.absglobal.com\/ca\/\",\"logo\":{\"@type\":\"ImageObject\",\"inLanguage\":\"en-CA\",\"@id\":\"https:\/\/www-dev.absglobal.com\/ca\/#\/schema\/logo\/image\/\",\"url\":\"https:\/\/www-dev.absglobal.com\/ca\/wp-content\/uploads\/sites\/24\/2018\/02\/cropped-RS13731_ABS_logo-3.png\",\"contentUrl\":\"https:\/\/www-dev.absglobal.com\/ca\/wp-content\/uploads\/sites\/24\/2018\/02\/cropped-RS13731_ABS_logo-3.png\",\"width\":1220,\"height\":1583,\"caption\":\"ABS Global Canada (en)\"},\"image\":{\"@id\":\"https:\/\/www-dev.absglobal.com\/ca\/#\/schema\/logo\/image\/\"}}]}<\/script>\n<!-- \/ Yoast SEO Premium plugin. -->","yoast_head_json":{"title":"Optionsbedingungen - ABS Global Canada (en)","robots":{"index":"index","follow":"follow","max-snippet":"max-snippet:-1","max-image-preview":"max-image-preview:large","max-video-preview":"max-video-preview:-1"},"canonical":"https:\/\/www-dev.absglobal.com\/ca\/dairy-2\/icon-sires\/german\/optionsbedingungen\/","og_locale":"en_US","og_type":"article","og_title":"Optionsbedingungen","og_description":"Allgemeine Gesch\u00e4ftsbedingungen f\u00fcr Optionen Zus\u00e4tzlich zu den Allgemeinen Gesch\u00e4ftsbedingungen von ABS gelten die folgenden Bedingungen f\u00fcr den Kauf und die Verwendung von Icon Sire\u2122 Keimplasma von ABS sowie den Einsatz von Nachzucht der ersten Generation, die aus Icon Sire Keimplasma (\u201eNachzucht\u201c) hervorgegangen ist. Gem\u00e4\u00df unserer Gesch\u00e4ftsbedingungen sind Sie nicht dazu verpflichtet, Icon Sire Keimplasma von [&hellip;]","og_url":"https:\/\/www-dev.absglobal.com\/ca\/dairy-2\/icon-sires\/german\/optionsbedingungen\/","og_site_name":"ABS Global Canada (en)","og_image":[{"url":"http:\/\/cms.genusplc.com\/absglobal\/wp-content\/uploads\/logo-abs-icon-sires.png","type":"","width":"","height":""}],"twitter_card":"summary_large_image","twitter_misc":{"Est. reading time":"7 minutes"},"schema":{"@context":"https:\/\/schema.org","@graph":[{"@type":"WebPage","@id":"https:\/\/www-dev.absglobal.com\/ca\/dairy-2\/icon-sires\/german\/optionsbedingungen\/","url":"https:\/\/www-dev.absglobal.com\/ca\/dairy-2\/icon-sires\/german\/optionsbedingungen\/","name":"Optionsbedingungen - ABS Global Canada (en)","isPartOf":{"@id":"https:\/\/www-dev.absglobal.com\/ca\/#website"},"primaryImageOfPage":{"@id":"https:\/\/www-dev.absglobal.com\/ca\/dairy-2\/icon-sires\/german\/optionsbedingungen\/#primaryimage"},"image":{"@id":"https:\/\/www-dev.absglobal.com\/ca\/dairy-2\/icon-sires\/german\/optionsbedingungen\/#primaryimage"},"thumbnailUrl":"http:\/\/cms.genusplc.com\/absglobal\/wp-content\/uploads\/logo-abs-icon-sires.png","datePublished":"2018-03-01T03:10:42+00:00","breadcrumb":{"@id":"https:\/\/www-dev.absglobal.com\/ca\/dairy-2\/icon-sires\/german\/optionsbedingungen\/#breadcrumb"},"inLanguage":"en-CA","potentialAction":[{"@type":"ReadAction","target":["https:\/\/www-dev.absglobal.com\/ca\/dairy-2\/icon-sires\/german\/optionsbedingungen\/"]}]},{"@type":"ImageObject","inLanguage":"en-CA","@id":"https:\/\/www-dev.absglobal.com\/ca\/dairy-2\/icon-sires\/german\/optionsbedingungen\/#primaryimage","url":"http:\/\/cms.genusplc.com\/absglobal\/wp-content\/uploads\/logo-abs-icon-sires.png","contentUrl":"http:\/\/cms.genusplc.com\/absglobal\/wp-content\/uploads\/logo-abs-icon-sires.png"},{"@type":"BreadcrumbList","@id":"https:\/\/www-dev.absglobal.com\/ca\/dairy-2\/icon-sires\/german\/optionsbedingungen\/#breadcrumb","itemListElement":[{"@type":"ListItem","position":1,"name":"Home","item":"https:\/\/www-dev.absglobal.com\/ca\/"},{"@type":"ListItem","position":2,"name":"Dairy","item":"https:\/\/www-dev.absglobal.com\/ca\/dairy-2\/"},{"@type":"ListItem","position":3,"name":"Icon Sires\u2122","item":"https:\/\/www-dev.absglobal.com\/ca\/dairy-2\/icon-sires\/"},{"@type":"ListItem","position":4,"name":"German","item":"https:\/\/www-dev.absglobal.com\/ca\/dairy-2\/icon-sires\/german\/"},{"@type":"ListItem","position":5,"name":"Optionsbedingungen"}]},{"@type":"WebSite","@id":"https:\/\/www-dev.absglobal.com\/ca\/#website","url":"https:\/\/www-dev.absglobal.com\/ca\/","name":"ABS Global Canada (en)","description":"","publisher":{"@id":"https:\/\/www-dev.absglobal.com\/ca\/#organization"},"potentialAction":[{"@type":"SearchAction","target":{"@type":"EntryPoint","urlTemplate":"https:\/\/www-dev.absglobal.com\/ca\/?s={search_term_string}"},"query-input":{"@type":"PropertyValueSpecification","valueRequired":true,"valueName":"search_term_string"}}],"inLanguage":"en-CA"},{"@type":"Organization","@id":"https:\/\/www-dev.absglobal.com\/ca\/#organization","name":"ABS Global Canada (en)","url":"https:\/\/www-dev.absglobal.com\/ca\/","logo":{"@type":"ImageObject","inLanguage":"en-CA","@id":"https:\/\/www-dev.absglobal.com\/ca\/#\/schema\/logo\/image\/","url":"https:\/\/www-dev.absglobal.com\/ca\/wp-content\/uploads\/sites\/24\/2018\/02\/cropped-RS13731_ABS_logo-3.png","contentUrl":"https:\/\/www-dev.absglobal.com\/ca\/wp-content\/uploads\/sites\/24\/2018\/02\/cropped-RS13731_ABS_logo-3.png","width":1220,"height":1583,"caption":"ABS Global Canada (en)"},"image":{"@id":"https:\/\/www-dev.absglobal.com\/ca\/#\/schema\/logo\/image\/"}}]}},"jetpack_sharing_enabled":true,"_links":{"self":[{"href":"https:\/\/www-dev.absglobal.com\/ca\/wp-json\/wp\/v2\/pages\/2562"}],"collection":[{"href":"https:\/\/www-dev.absglobal.com\/ca\/wp-json\/wp\/v2\/pages"}],"about":[{"href":"https:\/\/www-dev.absglobal.com\/ca\/wp-json\/wp\/v2\/types\/page"}],"author":[{"embeddable":true,"href":"https:\/\/www-dev.absglobal.com\/ca\/wp-json\/wp\/v2\/users\/292"}],"replies":[{"embeddable":true,"href":"https:\/\/www-dev.absglobal.com\/ca\/wp-json\/wp\/v2\/comments?post=2562"}],"version-history":[{"count":0,"href":"https:\/\/www-dev.absglobal.com\/ca\/wp-json\/wp\/v2\/pages\/2562\/revisions"}],"up":[{"embeddable":true,"href":"https:\/\/www-dev.absglobal.com\/ca\/wp-json\/wp\/v2\/pages\/2559"}],"wp:attachment":[{"href":"https:\/\/www-dev.absglobal.com\/ca\/wp-json\/wp\/v2\/media?parent=2562"}],"curies":[{"name":"wp","href":"https:\/\/api.w.org\/{rel}","templated":true}]}}