{"id":1757,"date":"2020-02-24T10:47:23","date_gmt":"2020-02-24T15:47:23","guid":{"rendered":"http:\/\/cms.genusplc.com\/absglobal\/?page_id=1757"},"modified":"2020-03-31T13:51:00","modified_gmt":"2020-03-31T18:51:00","slug":"fertilidad-del-rebano","status":"publish","type":"page","link":"https:\/\/www-dev.absglobal.com\/cl\/fertilidad-del-rebano\/","title":{"rendered":"Fertilidad del reba\u00f1o"},"content":{"rendered":"\n<p>La eficiencia reproductiva en un reba\u00f1o est\u00e1 relacionada con la capacidad de conseguir que las vacas se pre\u00f1en a tiempo. La reproducci\u00f3n es clave para el \u00e9xito en una granja lechera y est\u00e1 altamente asociada con la rentabilidad. <\/p>\n\n\n\n<p>La relaci\u00f3n entre la reproducci\u00f3n y la rentabilidad puede entenderse f\u00e1cilmente. Una granja lechera que no consigue que las vacas se pre\u00f1en de forma consistente no tendr\u00e1 vacas de reemplazo, ni tampoco vacas que se orde\u00f1en. Esto, a su vez, significa que no entrar\u00e1 dinero. <\/p>\n\n\n\n<p>Aunque esto puede parecer una operaci\u00f3n matem\u00e1tica sencilla, el proceso se vuelve m\u00e1s complejo cuando se considera la eficiencia. As\u00ed como la producci\u00f3n de leche es crucial para una granja lechera, las inversiones realizadas para conseguir que una vaca quede pre\u00f1ada y el tiempo que transcurre entre los partos tambi\u00e9n determinan si una operaci\u00f3n es sostenible.<\/p>\n\n\n\n<p>Una buena forma de abordar la reproducci\u00f3n en una granja lechera es entender que todas las variables dentro de la granja est\u00e1n relacionadas. Estas variables pueden dividirse en cinco pilares principales: animales, personas, protocolos de manejo, medio ambiente y semen\/embriones. Esto cubre la mayor parte de las \u00e1reas que pueden afectar la fertilidad del reba\u00f1o. Al categorizar las cosas de esta manera, siempre que uno de los lotes tenga un bajo rendimiento, podemos identificar y mitigar r\u00e1pidamente los problemas, evitando situaciones complicadas cuando un problema del reba\u00f1o se mantiene en el punto ciego.<\/p>\n\n\n\n<div style=\"height:50px\" aria-hidden=\"true\" class=\"wp-block-spacer\"><\/div>\n\n\n\n<h2 class=\"is-style-underline wp-block-heading\">Productos Relacionados<\/h2>\n\n\n\n<div style=\"height:50px\" aria-hidden=\"true\" class=\"wp-block-spacer\"><\/div>\n\n\n\t\t<section id=\"\" class=\"alignwide section-wrapper section-wrapper-small-fluid block-product-slider\" data-magellan-target=\"\">\n\t\t\t<div class=\"carousel-card-section owl-carousel owl-theme\">\n\t\t\t\t\t\t\t\t\t\t<div class=\"card\">\n\t\t\t\t\t\t\t\t\t\t\t\t\t\t\t<img decoding=\"async\" class=\"card-img\" src=\"https:\/\/www-dev.absglobal.com\/cl\/wp-content\/uploads\/sites\/15\/2020\/03\/product-sexcel-2.jpg?w=1000&#038;resize=375,250\" alt=\"Image of medical devices\">\n\t\t\t\t\t\t\t\t\t\t\t\t\t\t<div class=\"card-section\">\n\t\t\t\t\t\t\t\t<h3 class=\"card-title\">Sexcel \u00ae<\/h3>\n\t\t\t\t\t\t\t\t\t\t\t\t\t\t\t\t\t\t\t\t\t\t\t\t\t<p class=\"card-description\">Gen\u00e9tica Sexada Sexcel\u00ae- haga el remplazo de sus vaquillas desde sus mejores vacas Una unidad de semen no aporta un valor real a un productor lechero a menos que resulte en una vaca pre\u00f1ada con una cr\u00eda. Del mismo modo, es necesario que nazca una vaquilla sana y solo entonces se puede ver el progreso [&hellip;]<\/p>\n\t\t\t\t\t\t\t\t\n\t\t\t\t\t\t\t\t<a href=\"https:\/\/www-dev.absglobal.com\/cl\/services\/sexcel\/\" class=\"card-section-button button\">Aprender m\u00e1s<\/a>\n\t\t\t\t\t\t\t<\/div>\n\t\t\t\t\t\t<\/div>\n\t\t\t\t\t\t\t\t\t\t\t\t<div class=\"card\">\n\t\t\t\t\t\t\t\t\t\t\t\t\t\t\t<img decoding=\"async\" class=\"card-img\" src=\"https:\/\/www-dev.absglobal.com\/cl\/wp-content\/uploads\/sites\/15\/2020\/02\/product-gms.jpg?w=1000&#038;resize=375,250\" alt=\"Image of medical devices\">\n\t\t\t\t\t\t\t\t\t\t\t\t\t\t<div class=\"card-section\">\n\t\t\t\t\t\t\t\t<h3 class=\"card-title\">GMS 2.0<\/h3>\n\t\t\t\t\t\t\t\t\t\t\t\t\t\t\t\t\t\t\t\t\t\t\t\t\t<p class=\"card-description\">La gen\u00e9tica est\u00e1 mejorando.Su programa de apareamiento deber\u00eda hacer lo mismo. Desde 1968, el Genetic Management System\u00ae (GMS\u00ae) ha proporcionado un sistema integral que optimiza el progreso gen\u00e9tico y simplifica el proceso de cr\u00eda. Desde el primer apareamiento hace cerca de 55 a\u00f1os, GMS ha procesado m\u00e1s de 160 millones de apareamiento recomendaciones, m\u00e1s que [&hellip;]<\/p>\n\t\t\t\t\t\t\t\t\n\t\t\t\t\t\t\t\t<a href=\"https:\/\/www-dev.absglobal.com\/cl\/services\/gms\/\" class=\"card-section-button button\">Aprender m\u00e1s<\/a>\n\t\t\t\t\t\t\t<\/div>\n\t\t\t\t\t\t<\/div>\n\t\t\t\t\t\t\t\t\t\t\t\t<div class=\"card\">\n\t\t\t\t\t\t\t\t\t\t\t\t\t\t\t<img decoding=\"async\" class=\"card-img\" src=\"https:\/\/www-dev.absglobal.com\/cl\/wp-content\/uploads\/sites\/15\/2020\/01\/product-monitor.jpg?w=1000&#038;resize=375,250\" alt=\"Image of medical devices\">\n\t\t\t\t\t\t\t\t\t\t\t\t\t\t<div class=\"card-section\">\n\t\t\t\t\t\t\t\t<h3 class=\"card-title\">ABS Monitor<\/h3>\n\t\t\t\t\t\t\t\t\t\t\t\t\t\t\t\t\t\t\t\t\t\t\t\t\t<p class=\"card-description\">Facilidad y velocidad del control reproductivo en hatos lecheros ABS Monitor es un sistema de monitoreo reproductivo para hatos lecheros, desarrollado por ABS con el objetivo de maximizar la producci\u00f3n de embarazos. El sistema ayuda a los productores de leche de todo el mundo a gestionar y analizar los \u00edndices reproductivos del reba\u00f1o de forma [&hellip;]<\/p>\n\t\t\t\t\t\t\t\t\n\t\t\t\t\t\t\t\t<a href=\"https:\/\/www-dev.absglobal.com\/cl\/services\/abs-monitor\/\" class=\"card-section-button button\">Aprender m\u00e1s<\/a>\n\t\t\t\t\t\t\t<\/div>\n\t\t\t\t\t\t<\/div>\n\t\t\t\t\t\t\t\t\t\t\t\t<div class=\"card\">\n\t\t\t\t\t\t\t\t\t\t\t\t\t\t\t<img decoding=\"async\" class=\"card-img\" src=\"https:\/\/www-dev.absglobal.com\/cl\/wp-content\/uploads\/sites\/15\/2020\/02\/beef-infocus-product-page2.jpg?w=1000&#038;resize=375,250\" alt=\"Image of medical devices\">\n\t\t\t\t\t\t\t\t\t\t\t\t\t\t<div class=\"card-section\">\n\t\t\t\t\t\t\t\t<h3 class=\"card-title\">Beef InFocus\u2122<\/h3>\n\t\t\t\t\t\t\t\t\t\t\t\t\t\t\t\t\t\t\t\t\t\t\t\t\t<p class=\"card-description\">Beef InFocus\u2122 desarrollado por NuEra Genetics\u2122 ofrece al productor gen\u00e9tica de carne probada y confiable para maximizar calidad y eficiencia para la cadena de carne. MAS RENTABILIDAD A TRAV\u00c9S DEL USO DE CARNE EN LECHE Gen\u00e9tica de carne personalizada para los establos Los toros de Beef InFocus se cr\u00edan espec\u00edficamente para vacas lecheras, con esto [&hellip;]<\/p>\n\t\t\t\t\t\t\t\t\n\t\t\t\t\t\t\t\t<a href=\"https:\/\/www-dev.absglobal.com\/cl\/services\/beef-infocus\/\" class=\"card-section-button button\">Aprender m\u00e1s<\/a>\n\t\t\t\t\t\t\t<\/div>\n\t\t\t\t\t\t<\/div>\n\t\t\t\t\t\t\t\t\t<\/div>\n\t\t<\/section>\n\t\t\n\n\n\t<section id=\"repFinder\" class=\"alignfull rep-finder\" data-magellan-target=\"repFinder\">\n\t\t<div class=\"section-wrapper\">\n\t\t\t\t\t\t\t<h2 class=\"section-title\">Encuentre a su vendedor local<\/h2>\n\t\t\t\n\t\t\t<div class=\"grid-x grid-margin-x align-justify rep-finder-inner\">\n\t\t\t\t<div class=\"cell medium-large-6\">\n\t\t\t\t\t<button class=\"button rep-finder-cta\" id=\"selectRep\" data-open=\"repFinderModal\">Seleccione su Representante<\/button>\n\t\t\t\t\t<div class=\"rep-finder-selected-rep\" id=\"selectedRep\"><\/div>\n\t\t\t\t<\/div>\n\n\t\t\t\t\t\t\t\t\t<div class=\"cell medium-large-6\">\n\t\t\t\t\t\t<h4>Preguntas Generales<\/h4>\n\t\t\t\t\t\t<hr class=\"rep-finder-divider\">\n\t\t\t\t\t\t\t\t\t\t\t\t\t<ul class=\"rep-finder-details\">\n\t\t\t\t\t\t\t\t\t\t\t\t\t\t\t\t\t<li><a href=\"tel:(02) 757-5500\"><h5><img decoding=\"async\" src=\"https:\/\/www-dev.absglobal.com\/cl\/wp-content\/themes\/abs\/dist\/assets\/img\/icons\/phone-icon.svg\" alt=\"Phone icon\"> (02) 757-5500<\/h5><\/a><\/li>\n\t\t\t\t\t\t\t\t\t\t\t\t\t\t\t\t\t\t<li><a href=\"mailto:alejandro.luco@genusplc.com\"><h5><img decoding=\"async\" src=\"https:\/\/www-dev.absglobal.com\/cl\/wp-content\/themes\/abs\/dist\/assets\/img\/icons\/email-icon.svg\" alt=\"Email icon\"> alejandro.luco@genusplc.com<\/h5><\/a><\/li>\n\t\t\t\t\t\t\t\t\t\t\t\t\t\t\t<\/ul>\n\t\t\t\t\t\t\t\t\t\t\t<\/div>\n\t\t\t\t\t\t\t<\/div>\n\t\t<\/div>\n\t<\/section>\n\t","protected":false},"excerpt":{"rendered":"<p>La eficiencia reproductiva en un reba\u00f1o est\u00e1 relacionada con la capacidad de conseguir que las vacas se pre\u00f1en a tiempo. La reproducci\u00f3n es clave para el \u00e9xito en una granja lechera y est\u00e1 altamente asociada con la rentabilidad. La relaci\u00f3n entre la reproducci\u00f3n y la rentabilidad puede entenderse f\u00e1cilmente. Una granja lechera que no consigue [&hellip;]<\/p>\n","protected":false},"author":289,"featured_media":0,"parent":0,"menu_order":0,"comment_status":"closed","ping_status":"closed","template":"","meta":{"_acf_changed":false,"content-type":"","footnotes":""},"class_list":["post-1757","page","type-page","status-publish","hentry"],"acf":[],"yoast_head":"<!-- This site is optimized with the Yoast SEO Premium plugin v22.1 (Yoast SEO v25.3) - https:\/\/yoast.com\/wordpress\/plugins\/seo\/ -->\n<title>Fertilidad del reba\u00f1o - ABS Global Chile<\/title>\n<meta name=\"robots\" content=\"index, follow, max-snippet:-1, max-image-preview:large, max-video-preview:-1\" \/>\n<link rel=\"canonical\" href=\"https:\/\/www-dev.absglobal.com\/cl\/fertilidad-del-rebano\/\" \/>\n<meta property=\"og:locale\" content=\"es_MX\" \/>\n<meta property=\"og:type\" content=\"article\" \/>\n<meta property=\"og:title\" content=\"Fertilidad del reba\u00f1o\" \/>\n<meta property=\"og:description\" content=\"La eficiencia reproductiva en un reba\u00f1o est\u00e1 relacionada con la capacidad de conseguir que las vacas se pre\u00f1en a tiempo. La reproducci\u00f3n es clave para el \u00e9xito en una granja lechera y est\u00e1 altamente asociada con la rentabilidad. La relaci\u00f3n entre la reproducci\u00f3n y la rentabilidad puede entenderse f\u00e1cilmente. Una granja lechera que no consigue [&hellip;]\" \/>\n<meta property=\"og:url\" content=\"https:\/\/www-dev.absglobal.com\/cl\/fertilidad-del-rebano\/\" \/>\n<meta property=\"og:site_name\" content=\"ABS Global Chile\" \/>\n<meta property=\"article:modified_time\" content=\"2020-03-31T18:51:00+00:00\" \/>\n<meta name=\"twitter:card\" content=\"summary_large_image\" \/>\n<meta name=\"twitter:label1\" content=\"Est. reading time\" \/>\n\t<meta name=\"twitter:data1\" content=\"1 minuto\" \/>\n<script type=\"application\/ld+json\" class=\"yoast-schema-graph\">{\"@context\":\"https:\/\/schema.org\",\"@graph\":[{\"@type\":\"WebPage\",\"@id\":\"https:\/\/www-dev.absglobal.com\/cl\/fertilidad-del-rebano\/\",\"url\":\"https:\/\/www-dev.absglobal.com\/cl\/fertilidad-del-rebano\/\",\"name\":\"Fertilidad del reba\u00f1o - ABS Global Chile\",\"isPartOf\":{\"@id\":\"https:\/\/www-dev.absglobal.com\/cl\/#website\"},\"datePublished\":\"2020-02-24T15:47:23+00:00\",\"dateModified\":\"2020-03-31T18:51:00+00:00\",\"breadcrumb\":{\"@id\":\"https:\/\/www-dev.absglobal.com\/cl\/fertilidad-del-rebano\/#breadcrumb\"},\"inLanguage\":\"es-MX\",\"potentialAction\":[{\"@type\":\"ReadAction\",\"target\":[\"https:\/\/www-dev.absglobal.com\/cl\/fertilidad-del-rebano\/\"]}]},{\"@type\":\"BreadcrumbList\",\"@id\":\"https:\/\/www-dev.absglobal.com\/cl\/fertilidad-del-rebano\/#breadcrumb\",\"itemListElement\":[{\"@type\":\"ListItem\",\"position\":1,\"name\":\"Home\",\"item\":\"https:\/\/www-dev.absglobal.com\/cl\/\"},{\"@type\":\"ListItem\",\"position\":2,\"name\":\"Fertilidad del reba\u00f1o\"}]},{\"@type\":\"WebSite\",\"@id\":\"https:\/\/www-dev.absglobal.com\/cl\/#website\",\"url\":\"https:\/\/www-dev.absglobal.com\/cl\/\",\"name\":\"ABS Global Chile\",\"description\":\"\",\"publisher\":{\"@id\":\"https:\/\/www-dev.absglobal.com\/cl\/#organization\"},\"potentialAction\":[{\"@type\":\"SearchAction\",\"target\":{\"@type\":\"EntryPoint\",\"urlTemplate\":\"https:\/\/www-dev.absglobal.com\/cl\/?s={search_term_string}\"},\"query-input\":{\"@type\":\"PropertyValueSpecification\",\"valueRequired\":true,\"valueName\":\"search_term_string\"}}],\"inLanguage\":\"es-MX\"},{\"@type\":\"Organization\",\"@id\":\"https:\/\/www-dev.absglobal.com\/cl\/#organization\",\"name\":\"ABS Global Chile\",\"url\":\"https:\/\/www-dev.absglobal.com\/cl\/\",\"logo\":{\"@type\":\"ImageObject\",\"inLanguage\":\"es-MX\",\"@id\":\"https:\/\/www-dev.absglobal.com\/cl\/#\/schema\/logo\/image\/\",\"url\":\"https:\/\/www-dev.absglobal.com\/cl\/wp-content\/uploads\/sites\/15\/2020\/03\/LogoRGB.png\",\"contentUrl\":\"https:\/\/www-dev.absglobal.com\/cl\/wp-content\/uploads\/sites\/15\/2020\/03\/LogoRGB.png\",\"width\":872,\"height\":1080,\"caption\":\"ABS Global Chile\"},\"image\":{\"@id\":\"https:\/\/www-dev.absglobal.com\/cl\/#\/schema\/logo\/image\/\"}}]}<\/script>\n<!-- \/ Yoast SEO Premium plugin. -->","yoast_head_json":{"title":"Fertilidad del reba\u00f1o - ABS Global Chile","robots":{"index":"index","follow":"follow","max-snippet":"max-snippet:-1","max-image-preview":"max-image-preview:large","max-video-preview":"max-video-preview:-1"},"canonical":"https:\/\/www-dev.absglobal.com\/cl\/fertilidad-del-rebano\/","og_locale":"es_MX","og_type":"article","og_title":"Fertilidad del reba\u00f1o","og_description":"La eficiencia reproductiva en un reba\u00f1o est\u00e1 relacionada con la capacidad de conseguir que las vacas se pre\u00f1en a tiempo. La reproducci\u00f3n es clave para el \u00e9xito en una granja lechera y est\u00e1 altamente asociada con la rentabilidad. La relaci\u00f3n entre la reproducci\u00f3n y la rentabilidad puede entenderse f\u00e1cilmente. Una granja lechera que no consigue [&hellip;]","og_url":"https:\/\/www-dev.absglobal.com\/cl\/fertilidad-del-rebano\/","og_site_name":"ABS Global Chile","article_modified_time":"2020-03-31T18:51:00+00:00","twitter_card":"summary_large_image","twitter_misc":{"Est. reading time":"1 minuto"},"schema":{"@context":"https:\/\/schema.org","@graph":[{"@type":"WebPage","@id":"https:\/\/www-dev.absglobal.com\/cl\/fertilidad-del-rebano\/","url":"https:\/\/www-dev.absglobal.com\/cl\/fertilidad-del-rebano\/","name":"Fertilidad del reba\u00f1o - ABS Global Chile","isPartOf":{"@id":"https:\/\/www-dev.absglobal.com\/cl\/#website"},"datePublished":"2020-02-24T15:47:23+00:00","dateModified":"2020-03-31T18:51:00+00:00","breadcrumb":{"@id":"https:\/\/www-dev.absglobal.com\/cl\/fertilidad-del-rebano\/#breadcrumb"},"inLanguage":"es-MX","potentialAction":[{"@type":"ReadAction","target":["https:\/\/www-dev.absglobal.com\/cl\/fertilidad-del-rebano\/"]}]},{"@type":"BreadcrumbList","@id":"https:\/\/www-dev.absglobal.com\/cl\/fertilidad-del-rebano\/#breadcrumb","itemListElement":[{"@type":"ListItem","position":1,"name":"Home","item":"https:\/\/www-dev.absglobal.com\/cl\/"},{"@type":"ListItem","position":2,"name":"Fertilidad del reba\u00f1o"}]},{"@type":"WebSite","@id":"https:\/\/www-dev.absglobal.com\/cl\/#website","url":"https:\/\/www-dev.absglobal.com\/cl\/","name":"ABS Global Chile","description":"","publisher":{"@id":"https:\/\/www-dev.absglobal.com\/cl\/#organization"},"potentialAction":[{"@type":"SearchAction","target":{"@type":"EntryPoint","urlTemplate":"https:\/\/www-dev.absglobal.com\/cl\/?s={search_term_string}"},"query-input":{"@type":"PropertyValueSpecification","valueRequired":true,"valueName":"search_term_string"}}],"inLanguage":"es-MX"},{"@type":"Organization","@id":"https:\/\/www-dev.absglobal.com\/cl\/#organization","name":"ABS Global Chile","url":"https:\/\/www-dev.absglobal.com\/cl\/","logo":{"@type":"ImageObject","inLanguage":"es-MX","@id":"https:\/\/www-dev.absglobal.com\/cl\/#\/schema\/logo\/image\/","url":"https:\/\/www-dev.absglobal.com\/cl\/wp-content\/uploads\/sites\/15\/2020\/03\/LogoRGB.png","contentUrl":"https:\/\/www-dev.absglobal.com\/cl\/wp-content\/uploads\/sites\/15\/2020\/03\/LogoRGB.png","width":872,"height":1080,"caption":"ABS Global Chile"},"image":{"@id":"https:\/\/www-dev.absglobal.com\/cl\/#\/schema\/logo\/image\/"}}]}},"jetpack_sharing_enabled":true,"_links":{"self":[{"href":"https:\/\/www-dev.absglobal.com\/cl\/wp-json\/wp\/v2\/pages\/1757"}],"collection":[{"href":"https:\/\/www-dev.absglobal.com\/cl\/wp-json\/wp\/v2\/pages"}],"about":[{"href":"https:\/\/www-dev.absglobal.com\/cl\/wp-json\/wp\/v2\/types\/page"}],"author":[{"embeddable":true,"href":"https:\/\/www-dev.absglobal.com\/cl\/wp-json\/wp\/v2\/users\/289"}],"replies":[{"embeddable":true,"href":"https:\/\/www-dev.absglobal.com\/cl\/wp-json\/wp\/v2\/comments?post=1757"}],"version-history":[{"count":19,"href":"https:\/\/www-dev.absglobal.com\/cl\/wp-json\/wp\/v2\/pages\/1757\/revisions"}],"predecessor-version":[{"id":3022,"href":"https:\/\/www-dev.absglobal.com\/cl\/wp-json\/wp\/v2\/pages\/1757\/revisions\/3022"}],"wp:attachment":[{"href":"https:\/\/www-dev.absglobal.com\/cl\/wp-json\/wp\/v2\/media?parent=1757"}],"curies":[{"name":"wp","href":"https:\/\/api.w.org\/{rel}","templated":true}]}}