{"id":2096,"date":"2020-03-10T10:39:13","date_gmt":"2020-03-10T15:39:13","guid":{"rendered":"http:\/\/cms.genusplc.com\/absglobal\/?page_id=2096"},"modified":"2020-10-01T08:38:06","modified_gmt":"2020-10-01T13:38:06","slug":"carne-en-leche","status":"publish","type":"page","link":"https:\/\/www-dev.absglobal.com\/cl\/carne-en-leche\/","title":{"rendered":"Carne en Leche"},"content":{"rendered":"\n<p>La idea de cruzar vacas lecheras de baja gen\u00e9tica\/productivas con semen de vacuno se ha convertido en una pr\u00e1ctica cada vez mayor en las lecher\u00edas. La raz\u00f3n principal para el crecimiento es el mayor valor de la descendencia en comparaci\u00f3n con el tradicional ternero macho lechero.<\/p>\n\n\n\n<p>Si bien el valor del ternero es un beneficio real, hay a\u00fan m\u00e1s ventajas. El uso de semen sexado en la parte superior del reba\u00f1o para crear vaquillas de reemplazo tambi\u00e9n aumenta la intensidad de la selecci\u00f3n y acelera el progreso gen\u00e9tico. Adem\u00e1s, la gesti\u00f3n proactiva del inventario de vaquillas evitar\u00e1 los reemplazos excesivos y reducir\u00e1 los gastos de cr\u00eda.<\/p>\n\n\n\n<div style=\"height:50px\" aria-hidden=\"true\" class=\"wp-block-spacer\"><\/div>\n\n\n\n<figure class=\"wp-block-embed-youtube wp-block-embed is-type-video is-provider-youtube wp-embed-aspect-16-9 wp-has-aspect-ratio\"><div class=\"wp-block-embed__wrapper\">\n<iframe title=\"Progreso Gen\u00e9tico\" width=\"500\" height=\"281\" src=\"https:\/\/www.youtube.com\/embed\/AT2dhwL5iCg?feature=oembed\" frameborder=\"0\" allow=\"accelerometer; autoplay; clipboard-write; encrypted-media; gyroscope; picture-in-picture; web-share\" referrerpolicy=\"strict-origin-when-cross-origin\" allowfullscreen><\/iframe>\n<\/div><\/figure>\n\n\n\n<div style=\"height:49px\" aria-hidden=\"true\" class=\"wp-block-spacer\"><\/div>\n\n\n\n<p>M\u00e1s efectivo para terneros cruzados de carne, mejor gen\u00e9tica para hembras de reemplazo y optimizaci\u00f3n de costos es ideal, pero puede estar en riesgo si no se tiene cuidado al seleccionar la gen\u00e9tica de carne.<\/p>\n\n\n\n<p>El primer paso en este proceso es asegurar que la gen\u00e9tica de la carne funcione bien en el embarazo de las vacas y luego demostrar el rendimiento del parto. Adem\u00e1s, producir un ternero sano y eficiente que crear\u00e1 valor para toda la cadena de suministro de carne.<\/p>\n\n\n\n<h2 class=\"wp-block-heading\">ABS tiene m\u00faltiples formas de ayudar a los productores de l\u00e1cteos a establecer un plan de carne vacuna en l\u00e1cteos, a continuaci\u00f3n hay varios recursos para comenzar el proceso.<\/h2>\n\n\n\t\t<section id=\"\" class=\"alignwide section-wrapper section-wrapper-small-fluid block-product-slider\" data-magellan-target=\"\">\n\t\t\t<div class=\"carousel-card-section owl-carousel owl-theme\">\n\t\t\t\t\t\t\t\t\t\t<div class=\"card\">\n\t\t\t\t\t\t\t\t\t\t\t\t\t\t\t<img decoding=\"async\" class=\"card-img\" src=\"https:\/\/www-dev.absglobal.com\/cl\/wp-content\/uploads\/sites\/15\/2020\/02\/beef-infocus-product-page2.jpg?w=1000&#038;resize=375,250\" alt=\"Image of medical devices\">\n\t\t\t\t\t\t\t\t\t\t\t\t\t\t<div class=\"card-section\">\n\t\t\t\t\t\t\t\t<h3 class=\"card-title\">Beef InFocus\u2122<\/h3>\n\t\t\t\t\t\t\t\t\t\t\t\t\t\t\t\t\t\t\t\t\t\t\t\t\t<p class=\"card-description\">Beef InFocus\u2122 desarrollado por NuEra Genetics\u2122 ofrece al productor gen\u00e9tica de carne probada y confiable para maximizar calidad y eficiencia para la cadena de carne. MAS RENTABILIDAD A TRAV\u00c9S DEL USO DE CARNE EN LECHE Gen\u00e9tica de carne personalizada para los establos Los toros de Beef InFocus se cr\u00edan espec\u00edficamente para vacas lecheras, con esto [&hellip;]<\/p>\n\t\t\t\t\t\t\t\t\n\t\t\t\t\t\t\t\t<a href=\"https:\/\/www-dev.absglobal.com\/cl\/services\/beef-infocus\/\" class=\"card-section-button button\">Aprender m\u00e1s<\/a>\n\t\t\t\t\t\t\t<\/div>\n\t\t\t\t\t\t<\/div>\n\t\t\t\t\t\t\t\t\t\t\t\t<div class=\"card\">\n\t\t\t\t\t\t\t\t\t\t\t\t\t\t\t<img decoding=\"async\" class=\"card-img\" src=\"https:\/\/www-dev.absglobal.com\/cl\/wp-content\/uploads\/sites\/15\/2020\/03\/product-sexcel-2.jpg?w=1000&#038;resize=375,250\" alt=\"Image of medical devices\">\n\t\t\t\t\t\t\t\t\t\t\t\t\t\t<div class=\"card-section\">\n\t\t\t\t\t\t\t\t<h3 class=\"card-title\">Sexcel \u00ae<\/h3>\n\t\t\t\t\t\t\t\t\t\t\t\t\t\t\t\t\t\t\t\t\t\t\t\t\t<p class=\"card-description\">Gen\u00e9tica Sexada Sexcel\u00ae- haga el remplazo de sus vaquillas desde sus mejores vacas Una unidad de semen no aporta un valor real a un productor lechero a menos que resulte en una vaca pre\u00f1ada con una cr\u00eda. Del mismo modo, es necesario que nazca una vaquilla sana y solo entonces se puede ver el progreso [&hellip;]<\/p>\n\t\t\t\t\t\t\t\t\n\t\t\t\t\t\t\t\t<a href=\"https:\/\/www-dev.absglobal.com\/cl\/services\/sexcel\/\" class=\"card-section-button button\">Aprender m\u00e1s<\/a>\n\t\t\t\t\t\t\t<\/div>\n\t\t\t\t\t\t<\/div>\n\t\t\t\t\t\t\t\t\t\t\t\t<div class=\"card\">\n\t\t\t\t\t\t\t\t\t\t\t\t\t\t\t<img decoding=\"async\" class=\"card-img\" src=\"https:\/\/www-dev.absglobal.com\/cl\/wp-content\/uploads\/sites\/15\/2020\/02\/nuera-product-page2.jpg?w=1024&#038;resize=375,250\" alt=\"Image of medical devices\">\n\t\t\t\t\t\t\t\t\t\t\t\t\t\t<div class=\"card-section\">\n\t\t\t\t\t\t\t\t<h3 class=\"card-title\">NuEra Genetics \u2122: Una nueva era en la mejora gen\u00e9tica de la carne de vacuno<\/h3>\n\t\t\t\t\t\t\t\t\t\t\t\t\t\t\t\t\t\t\t\t\t\t\t\t\t<p class=\"card-description\">La carne de res est\u00e1 llegando a las mesas de los consumidores con m\u00e1s frecuencia, entonces la demanda de carne de vacuno de alta calidad est\u00e1 creciendo en todo el mundo como fuente clave de prote\u00edna animal. Por ello, la cadena de suministro de carne de vacuno busca un suministro constante de animales sanos, predecibles [&hellip;]<\/p>\n\t\t\t\t\t\t\t\t\n\t\t\t\t\t\t\t\t<a href=\"https:\/\/www-dev.absglobal.com\/cl\/services\/nuera-genetics\/\" class=\"card-section-button button\">Aprender m\u00e1s<\/a>\n\t\t\t\t\t\t\t<\/div>\n\t\t\t\t\t\t<\/div>\n\t\t\t\t\t\t\t\t\t<\/div>\n\t\t<\/section>\n\t\t\n\n\n\t<section id=\"repFinder\" class=\"alignfull rep-finder\" data-magellan-target=\"repFinder\">\n\t\t<div class=\"section-wrapper\">\n\t\t\t\t\t\t\t<h2 class=\"section-title\">Encuentre a su vendedor local<\/h2>\n\t\t\t\n\t\t\t<div class=\"grid-x grid-margin-x align-justify rep-finder-inner\">\n\t\t\t\t<div class=\"cell medium-large-6\">\n\t\t\t\t\t<button class=\"button rep-finder-cta\" id=\"selectRep\" data-open=\"repFinderModal\">Seleccione su Representante<\/button>\n\t\t\t\t\t<div class=\"rep-finder-selected-rep\" id=\"selectedRep\"><\/div>\n\t\t\t\t<\/div>\n\n\t\t\t\t\t\t\t\t\t<div class=\"cell medium-large-6\">\n\t\t\t\t\t\t<h4>Preguntas Generales<\/h4>\n\t\t\t\t\t\t<hr class=\"rep-finder-divider\">\n\t\t\t\t\t\t\t\t\t\t\t\t\t<ul class=\"rep-finder-details\">\n\t\t\t\t\t\t\t\t\t\t\t\t\t\t\t\t\t<li><a href=\"tel:(02) 757-5500\"><h5><img decoding=\"async\" src=\"https:\/\/www-dev.absglobal.com\/cl\/wp-content\/themes\/abs\/dist\/assets\/img\/icons\/phone-icon.svg\" alt=\"Phone icon\"> (02) 757-5500<\/h5><\/a><\/li>\n\t\t\t\t\t\t\t\t\t\t\t\t\t\t\t\t\t\t<li><a href=\"mailto:alejandro.luco@genusplc.com\"><h5><img decoding=\"async\" src=\"https:\/\/www-dev.absglobal.com\/cl\/wp-content\/themes\/abs\/dist\/assets\/img\/icons\/email-icon.svg\" alt=\"Email icon\"> alejandro.luco@genusplc.com<\/h5><\/a><\/li>\n\t\t\t\t\t\t\t\t\t\t\t\t\t\t\t<\/ul>\n\t\t\t\t\t\t\t\t\t\t\t<\/div>\n\t\t\t\t\t\t\t<\/div>\n\t\t<\/div>\n\t<\/section>\n\t","protected":false},"excerpt":{"rendered":"<p>La idea de cruzar vacas lecheras de baja gen\u00e9tica\/productivas con semen de vacuno se ha convertido en una pr\u00e1ctica cada vez mayor en las lecher\u00edas. La raz\u00f3n principal para el crecimiento es el mayor valor de la descendencia en comparaci\u00f3n con el tradicional ternero macho lechero. Si bien el valor del ternero es un beneficio [&hellip;]<\/p>\n","protected":false},"author":289,"featured_media":0,"parent":0,"menu_order":0,"comment_status":"closed","ping_status":"closed","template":"","meta":{"_acf_changed":false,"content-type":"","footnotes":""},"class_list":["post-2096","page","type-page","status-publish","hentry"],"acf":[],"yoast_head":"<!-- This site is optimized with the Yoast SEO Premium plugin v22.1 (Yoast SEO v25.3) - https:\/\/yoast.com\/wordpress\/plugins\/seo\/ -->\n<title>Carne en Leche - ABS Global Chile<\/title>\n<meta name=\"robots\" content=\"index, follow, max-snippet:-1, max-image-preview:large, max-video-preview:-1\" \/>\n<link rel=\"canonical\" href=\"https:\/\/www-dev.absglobal.com\/cl\/carne-en-leche\/\" \/>\n<meta property=\"og:locale\" content=\"es_MX\" \/>\n<meta property=\"og:type\" content=\"article\" \/>\n<meta property=\"og:title\" content=\"Carne en Leche\" \/>\n<meta property=\"og:description\" content=\"La idea de cruzar vacas lecheras de baja gen\u00e9tica\/productivas con semen de vacuno se ha convertido en una pr\u00e1ctica cada vez mayor en las lecher\u00edas. La raz\u00f3n principal para el crecimiento es el mayor valor de la descendencia en comparaci\u00f3n con el tradicional ternero macho lechero. Si bien el valor del ternero es un beneficio [&hellip;]\" \/>\n<meta property=\"og:url\" content=\"https:\/\/www-dev.absglobal.com\/cl\/carne-en-leche\/\" \/>\n<meta property=\"og:site_name\" content=\"ABS Global Chile\" \/>\n<meta property=\"article:modified_time\" content=\"2020-10-01T13:38:06+00:00\" \/>\n<meta name=\"twitter:card\" content=\"summary_large_image\" \/>\n<meta name=\"twitter:label1\" content=\"Est. reading time\" \/>\n\t<meta name=\"twitter:data1\" content=\"1 minuto\" \/>\n<script type=\"application\/ld+json\" class=\"yoast-schema-graph\">{\"@context\":\"https:\/\/schema.org\",\"@graph\":[{\"@type\":\"WebPage\",\"@id\":\"https:\/\/www-dev.absglobal.com\/cl\/carne-en-leche\/\",\"url\":\"https:\/\/www-dev.absglobal.com\/cl\/carne-en-leche\/\",\"name\":\"Carne en Leche - ABS Global Chile\",\"isPartOf\":{\"@id\":\"https:\/\/www-dev.absglobal.com\/cl\/#website\"},\"datePublished\":\"2020-03-10T15:39:13+00:00\",\"dateModified\":\"2020-10-01T13:38:06+00:00\",\"breadcrumb\":{\"@id\":\"https:\/\/www-dev.absglobal.com\/cl\/carne-en-leche\/#breadcrumb\"},\"inLanguage\":\"es-MX\",\"potentialAction\":[{\"@type\":\"ReadAction\",\"target\":[\"https:\/\/www-dev.absglobal.com\/cl\/carne-en-leche\/\"]}]},{\"@type\":\"BreadcrumbList\",\"@id\":\"https:\/\/www-dev.absglobal.com\/cl\/carne-en-leche\/#breadcrumb\",\"itemListElement\":[{\"@type\":\"ListItem\",\"position\":1,\"name\":\"Home\",\"item\":\"https:\/\/www-dev.absglobal.com\/cl\/\"},{\"@type\":\"ListItem\",\"position\":2,\"name\":\"Carne en Leche\"}]},{\"@type\":\"WebSite\",\"@id\":\"https:\/\/www-dev.absglobal.com\/cl\/#website\",\"url\":\"https:\/\/www-dev.absglobal.com\/cl\/\",\"name\":\"ABS Global Chile\",\"description\":\"\",\"publisher\":{\"@id\":\"https:\/\/www-dev.absglobal.com\/cl\/#organization\"},\"potentialAction\":[{\"@type\":\"SearchAction\",\"target\":{\"@type\":\"EntryPoint\",\"urlTemplate\":\"https:\/\/www-dev.absglobal.com\/cl\/?s={search_term_string}\"},\"query-input\":{\"@type\":\"PropertyValueSpecification\",\"valueRequired\":true,\"valueName\":\"search_term_string\"}}],\"inLanguage\":\"es-MX\"},{\"@type\":\"Organization\",\"@id\":\"https:\/\/www-dev.absglobal.com\/cl\/#organization\",\"name\":\"ABS Global Chile\",\"url\":\"https:\/\/www-dev.absglobal.com\/cl\/\",\"logo\":{\"@type\":\"ImageObject\",\"inLanguage\":\"es-MX\",\"@id\":\"https:\/\/www-dev.absglobal.com\/cl\/#\/schema\/logo\/image\/\",\"url\":\"https:\/\/www-dev.absglobal.com\/cl\/wp-content\/uploads\/sites\/15\/2020\/03\/LogoRGB.png\",\"contentUrl\":\"https:\/\/www-dev.absglobal.com\/cl\/wp-content\/uploads\/sites\/15\/2020\/03\/LogoRGB.png\",\"width\":872,\"height\":1080,\"caption\":\"ABS Global Chile\"},\"image\":{\"@id\":\"https:\/\/www-dev.absglobal.com\/cl\/#\/schema\/logo\/image\/\"}}]}<\/script>\n<!-- \/ Yoast SEO Premium plugin. -->","yoast_head_json":{"title":"Carne en Leche - ABS Global Chile","robots":{"index":"index","follow":"follow","max-snippet":"max-snippet:-1","max-image-preview":"max-image-preview:large","max-video-preview":"max-video-preview:-1"},"canonical":"https:\/\/www-dev.absglobal.com\/cl\/carne-en-leche\/","og_locale":"es_MX","og_type":"article","og_title":"Carne en Leche","og_description":"La idea de cruzar vacas lecheras de baja gen\u00e9tica\/productivas con semen de vacuno se ha convertido en una pr\u00e1ctica cada vez mayor en las lecher\u00edas. La raz\u00f3n principal para el crecimiento es el mayor valor de la descendencia en comparaci\u00f3n con el tradicional ternero macho lechero. Si bien el valor del ternero es un beneficio [&hellip;]","og_url":"https:\/\/www-dev.absglobal.com\/cl\/carne-en-leche\/","og_site_name":"ABS Global Chile","article_modified_time":"2020-10-01T13:38:06+00:00","twitter_card":"summary_large_image","twitter_misc":{"Est. reading time":"1 minuto"},"schema":{"@context":"https:\/\/schema.org","@graph":[{"@type":"WebPage","@id":"https:\/\/www-dev.absglobal.com\/cl\/carne-en-leche\/","url":"https:\/\/www-dev.absglobal.com\/cl\/carne-en-leche\/","name":"Carne en Leche - ABS Global Chile","isPartOf":{"@id":"https:\/\/www-dev.absglobal.com\/cl\/#website"},"datePublished":"2020-03-10T15:39:13+00:00","dateModified":"2020-10-01T13:38:06+00:00","breadcrumb":{"@id":"https:\/\/www-dev.absglobal.com\/cl\/carne-en-leche\/#breadcrumb"},"inLanguage":"es-MX","potentialAction":[{"@type":"ReadAction","target":["https:\/\/www-dev.absglobal.com\/cl\/carne-en-leche\/"]}]},{"@type":"BreadcrumbList","@id":"https:\/\/www-dev.absglobal.com\/cl\/carne-en-leche\/#breadcrumb","itemListElement":[{"@type":"ListItem","position":1,"name":"Home","item":"https:\/\/www-dev.absglobal.com\/cl\/"},{"@type":"ListItem","position":2,"name":"Carne en Leche"}]},{"@type":"WebSite","@id":"https:\/\/www-dev.absglobal.com\/cl\/#website","url":"https:\/\/www-dev.absglobal.com\/cl\/","name":"ABS Global Chile","description":"","publisher":{"@id":"https:\/\/www-dev.absglobal.com\/cl\/#organization"},"potentialAction":[{"@type":"SearchAction","target":{"@type":"EntryPoint","urlTemplate":"https:\/\/www-dev.absglobal.com\/cl\/?s={search_term_string}"},"query-input":{"@type":"PropertyValueSpecification","valueRequired":true,"valueName":"search_term_string"}}],"inLanguage":"es-MX"},{"@type":"Organization","@id":"https:\/\/www-dev.absglobal.com\/cl\/#organization","name":"ABS Global Chile","url":"https:\/\/www-dev.absglobal.com\/cl\/","logo":{"@type":"ImageObject","inLanguage":"es-MX","@id":"https:\/\/www-dev.absglobal.com\/cl\/#\/schema\/logo\/image\/","url":"https:\/\/www-dev.absglobal.com\/cl\/wp-content\/uploads\/sites\/15\/2020\/03\/LogoRGB.png","contentUrl":"https:\/\/www-dev.absglobal.com\/cl\/wp-content\/uploads\/sites\/15\/2020\/03\/LogoRGB.png","width":872,"height":1080,"caption":"ABS Global Chile"},"image":{"@id":"https:\/\/www-dev.absglobal.com\/cl\/#\/schema\/logo\/image\/"}}]}},"jetpack_sharing_enabled":true,"_links":{"self":[{"href":"https:\/\/www-dev.absglobal.com\/cl\/wp-json\/wp\/v2\/pages\/2096"}],"collection":[{"href":"https:\/\/www-dev.absglobal.com\/cl\/wp-json\/wp\/v2\/pages"}],"about":[{"href":"https:\/\/www-dev.absglobal.com\/cl\/wp-json\/wp\/v2\/types\/page"}],"author":[{"embeddable":true,"href":"https:\/\/www-dev.absglobal.com\/cl\/wp-json\/wp\/v2\/users\/289"}],"replies":[{"embeddable":true,"href":"https:\/\/www-dev.absglobal.com\/cl\/wp-json\/wp\/v2\/comments?post=2096"}],"version-history":[{"count":17,"href":"https:\/\/www-dev.absglobal.com\/cl\/wp-json\/wp\/v2\/pages\/2096\/revisions"}],"predecessor-version":[{"id":3324,"href":"https:\/\/www-dev.absglobal.com\/cl\/wp-json\/wp\/v2\/pages\/2096\/revisions\/3324"}],"wp:attachment":[{"href":"https:\/\/www-dev.absglobal.com\/cl\/wp-json\/wp\/v2\/media?parent=2096"}],"curies":[{"name":"wp","href":"https:\/\/api.w.org\/{rel}","templated":true}]}}