{"id":2105,"date":"2020-03-10T11:25:40","date_gmt":"2020-03-10T16:25:40","guid":{"rendered":"http:\/\/cms.genusplc.com\/absglobal\/?page_id=2105"},"modified":"2020-04-07T10:31:07","modified_gmt":"2020-04-07T15:31:07","slug":"cadena-de-suministro","status":"publish","type":"page","link":"https:\/\/www-dev.absglobal.com\/cl\/cadena-de-suministro\/","title":{"rendered":"Cadena de suministro"},"content":{"rendered":"\n<p>Desde el parto hasta la cr\u00eda, el recorrido de la cadena de suministro de carne se basa en tres componentes principales: eficiencia, salud y gen\u00e9tica.<\/p>\n\n\n\n<p>La distribuci\u00f3n de trabajo entre los productores, corrales de engorda y empacadores es un aspecto fundamental para garantizar la eficiencia ya que cada actor puede concentrarse en lo que mejor hacen. Las eficiencias obtenidas de esta especializaci\u00f3n pueden tener un gran impacto en los componentes de alimentaci\u00f3n y salud, mientras que la gen\u00e9tica solo puede abordarse al comienzo del proceso en la etapa de mejoramiento, viendo beneficios en toda la cadena de suministro.<\/p>\n\n\n\n<p>Al conocer el impacto de la gen\u00e9tica en la eficiencia, el canal y la calidad de la carne, los empacadores y los corrales de engorde ahora est\u00e1n analizando la gen\u00e9tica como una forma de aumentar la sostenibilidad y la rentabilidad en toda la cadena de suministro de carne de vacuno.<\/p>\n\n\n\n<h2 class=\"wp-block-heading\">ABS ha desarrollado soluciones de cruce industrial teniendo en cuenta toda la cadena de suministro de carne de vacuno:<\/h2>\n\n\n\t\t<section id=\"\" class=\"section-wrapper article-cards-block alignwide \" data-magellan-target=\"\">\n\t\t\t<div class=\"article-blocks\">\n\t\t\t\t\t\t\t\t\t<a href=\"https:\/\/www.absglobal.com\/cl\/services\/beef-infocus\/\" class=\"article-block\">\n\t\t\t\t\t\t\t\t\t\t\t\t\t<figure>\n\t\t\t\t\t\t\t\t<img decoding=\"async\" class=\"article-block-img\" src=\"https:\/\/www-dev.absglobal.com\/cl\/wp-content\/uploads\/sites\/15\/2020\/02\/beef-infocus-product-page2.jpg\" alt=\"Beef on Dairy\">\n\t\t\t\t\t\t\t<\/figure>\n\t\t\t\t\t\t\t\t\t\t\t\t<div class=\"article-block-description\">\n\t\t\t\t\t\t\t\t\t\t\t\t\t\t\t<h3 class=\"article-block-title\">Beef InFocus\u2122<\/h3>\n\t\t\t\t\t\t\t\t\t\t\t\t\t\t\t\t\t\t\t\t\t\t<span>Beef InFocus\u2122 de ABS, potenciado por NuEra Genetics\u2122, ofrece gen\u00e9tica de carne probada y confiable para que los productores lecheros maximicen el valor de la cosecha de cr\u00edas al tiempo que impulsan la eficiencia de la cadena de suministro de carne.<\/span>\n\t\t\t\t\t\t\t\t\t\t\t\t\t\t<img decoding=\"async\" class=\"article-block-arrow\" inject-svg src=\"https:\/\/www-dev.absglobal.com\/cl\/wp-content\/themes\/abs\/dist\/assets\/img\/icons\/caret-right-icon.svg\" alt=\"Arrow icon\">\n\t\t\t\t\t\t<\/div>\n\t\t\t\t\t<\/a>\n\t\t\t\t\t\t\t\t\t<a href=\"https:\/\/www.absglobal.com\/cl\/services\/nuera-genetics\/\" class=\"article-block\">\n\t\t\t\t\t\t\t\t\t\t\t\t\t<figure>\n\t\t\t\t\t\t\t\t<img decoding=\"async\" class=\"article-block-img\" src=\"https:\/\/www-dev.absglobal.com\/cl\/wp-content\/uploads\/sites\/15\/2020\/02\/nuera-product-page2.jpg\" alt=\"\">\n\t\t\t\t\t\t\t<\/figure>\n\t\t\t\t\t\t\t\t\t\t\t\t<div class=\"article-block-description\">\n\t\t\t\t\t\t\t\t\t\t\t\t\t\t\t<h3 class=\"article-block-title\">NuEra Genetics\u2122<\/h3>\n\t\t\t\t\t\t\t\t\t\t\t\t\t\t\t\t\t\t\t\t\t\t<span>NuEra Genetics\u2122 de ABS Global abarca todos los programas de cr\u00eda de carne de vacuno de propiedad de ABS, evaluaciones e \u00edndices.<\/span>\n\t\t\t\t\t\t\t\t\t\t\t\t\t\t<img decoding=\"async\" class=\"article-block-arrow\" inject-svg src=\"https:\/\/www-dev.absglobal.com\/cl\/wp-content\/themes\/abs\/dist\/assets\/img\/icons\/caret-right-icon.svg\" alt=\"Arrow icon\">\n\t\t\t\t\t\t<\/div>\n\t\t\t\t\t<\/a>\n\t\t\t\t\t\t\t<\/div>\n\t\t<\/section>\n\t\t\n\n\n\t<section id=\"repFinder\" class=\"alignfull rep-finder\" data-magellan-target=\"repFinder\">\n\t\t<div class=\"section-wrapper\">\n\t\t\t\t\t\t\t<h2 class=\"section-title\">Encuentre a su vendedor local<\/h2>\n\t\t\t\n\t\t\t<div class=\"grid-x grid-margin-x align-justify rep-finder-inner\">\n\t\t\t\t<div class=\"cell medium-large-6\">\n\t\t\t\t\t<button class=\"button rep-finder-cta\" id=\"selectRep\" data-open=\"repFinderModal\">Seleccione su Representante<\/button>\n\t\t\t\t\t<div class=\"rep-finder-selected-rep\" id=\"selectedRep\"><\/div>\n\t\t\t\t<\/div>\n\n\t\t\t\t\t\t\t\t\t<div class=\"cell medium-large-6\">\n\t\t\t\t\t\t<h4>Preguntas Generales<\/h4>\n\t\t\t\t\t\t<hr class=\"rep-finder-divider\">\n\t\t\t\t\t\t\t\t\t\t\t\t\t<ul class=\"rep-finder-details\">\n\t\t\t\t\t\t\t\t\t\t\t\t\t\t\t\t\t<li><a href=\"tel:(02) 757-5500\"><h5><img decoding=\"async\" src=\"https:\/\/www-dev.absglobal.com\/cl\/wp-content\/themes\/abs\/dist\/assets\/img\/icons\/phone-icon.svg\" alt=\"Phone icon\"> (02) 757-5500<\/h5><\/a><\/li>\n\t\t\t\t\t\t\t\t\t\t\t\t\t\t\t\t\t\t<li><a href=\"mailto:alejandro.luco@genusplc.com\"><h5><img decoding=\"async\" src=\"https:\/\/www-dev.absglobal.com\/cl\/wp-content\/themes\/abs\/dist\/assets\/img\/icons\/email-icon.svg\" alt=\"Email icon\"> alejandro.luco@genusplc.com<\/h5><\/a><\/li>\n\t\t\t\t\t\t\t\t\t\t\t\t\t\t\t<\/ul>\n\t\t\t\t\t\t\t\t\t\t\t<\/div>\n\t\t\t\t\t\t\t<\/div>\n\t\t<\/div>\n\t<\/section>\n\t","protected":false},"excerpt":{"rendered":"<p>Desde el parto hasta la cr\u00eda, el recorrido de la cadena de suministro de carne se basa en tres componentes principales: eficiencia, salud y gen\u00e9tica. La distribuci\u00f3n de trabajo entre los productores, corrales de engorda y empacadores es un aspecto fundamental para garantizar la eficiencia ya que cada actor puede concentrarse en lo que mejor [&hellip;]<\/p>\n","protected":false},"author":289,"featured_media":0,"parent":0,"menu_order":0,"comment_status":"closed","ping_status":"closed","template":"","meta":{"_acf_changed":false,"content-type":"","footnotes":""},"class_list":["post-2105","page","type-page","status-publish","hentry"],"acf":[],"yoast_head":"<!-- This site is optimized with the Yoast SEO Premium plugin v22.1 (Yoast SEO v25.3) - https:\/\/yoast.com\/wordpress\/plugins\/seo\/ -->\n<title>Cadena de suministro - ABS Global Chile<\/title>\n<meta name=\"robots\" content=\"index, follow, max-snippet:-1, max-image-preview:large, max-video-preview:-1\" \/>\n<link rel=\"canonical\" href=\"https:\/\/www-dev.absglobal.com\/cl\/cadena-de-suministro\/\" \/>\n<meta property=\"og:locale\" content=\"es_MX\" \/>\n<meta property=\"og:type\" content=\"article\" \/>\n<meta property=\"og:title\" content=\"Cadena de suministro\" \/>\n<meta property=\"og:description\" content=\"Desde el parto hasta la cr\u00eda, el recorrido de la cadena de suministro de carne se basa en tres componentes principales: eficiencia, salud y gen\u00e9tica. La distribuci\u00f3n de trabajo entre los productores, corrales de engorda y empacadores es un aspecto fundamental para garantizar la eficiencia ya que cada actor puede concentrarse en lo que mejor [&hellip;]\" \/>\n<meta property=\"og:url\" content=\"https:\/\/www-dev.absglobal.com\/cl\/cadena-de-suministro\/\" \/>\n<meta property=\"og:site_name\" content=\"ABS Global Chile\" \/>\n<meta property=\"article:modified_time\" content=\"2020-04-07T15:31:07+00:00\" \/>\n<meta name=\"twitter:card\" content=\"summary_large_image\" \/>\n<meta name=\"twitter:label1\" content=\"Est. reading time\" \/>\n\t<meta name=\"twitter:data1\" content=\"1 minuto\" \/>\n<script type=\"application\/ld+json\" class=\"yoast-schema-graph\">{\"@context\":\"https:\/\/schema.org\",\"@graph\":[{\"@type\":\"WebPage\",\"@id\":\"https:\/\/www-dev.absglobal.com\/cl\/cadena-de-suministro\/\",\"url\":\"https:\/\/www-dev.absglobal.com\/cl\/cadena-de-suministro\/\",\"name\":\"Cadena de suministro - ABS Global Chile\",\"isPartOf\":{\"@id\":\"https:\/\/www-dev.absglobal.com\/cl\/#website\"},\"datePublished\":\"2020-03-10T16:25:40+00:00\",\"dateModified\":\"2020-04-07T15:31:07+00:00\",\"breadcrumb\":{\"@id\":\"https:\/\/www-dev.absglobal.com\/cl\/cadena-de-suministro\/#breadcrumb\"},\"inLanguage\":\"es-MX\",\"potentialAction\":[{\"@type\":\"ReadAction\",\"target\":[\"https:\/\/www-dev.absglobal.com\/cl\/cadena-de-suministro\/\"]}]},{\"@type\":\"BreadcrumbList\",\"@id\":\"https:\/\/www-dev.absglobal.com\/cl\/cadena-de-suministro\/#breadcrumb\",\"itemListElement\":[{\"@type\":\"ListItem\",\"position\":1,\"name\":\"Home\",\"item\":\"https:\/\/www-dev.absglobal.com\/cl\/\"},{\"@type\":\"ListItem\",\"position\":2,\"name\":\"Cadena de suministro\"}]},{\"@type\":\"WebSite\",\"@id\":\"https:\/\/www-dev.absglobal.com\/cl\/#website\",\"url\":\"https:\/\/www-dev.absglobal.com\/cl\/\",\"name\":\"ABS Global Chile\",\"description\":\"\",\"publisher\":{\"@id\":\"https:\/\/www-dev.absglobal.com\/cl\/#organization\"},\"potentialAction\":[{\"@type\":\"SearchAction\",\"target\":{\"@type\":\"EntryPoint\",\"urlTemplate\":\"https:\/\/www-dev.absglobal.com\/cl\/?s={search_term_string}\"},\"query-input\":{\"@type\":\"PropertyValueSpecification\",\"valueRequired\":true,\"valueName\":\"search_term_string\"}}],\"inLanguage\":\"es-MX\"},{\"@type\":\"Organization\",\"@id\":\"https:\/\/www-dev.absglobal.com\/cl\/#organization\",\"name\":\"ABS Global Chile\",\"url\":\"https:\/\/www-dev.absglobal.com\/cl\/\",\"logo\":{\"@type\":\"ImageObject\",\"inLanguage\":\"es-MX\",\"@id\":\"https:\/\/www-dev.absglobal.com\/cl\/#\/schema\/logo\/image\/\",\"url\":\"https:\/\/www-dev.absglobal.com\/cl\/wp-content\/uploads\/sites\/15\/2020\/03\/LogoRGB.png\",\"contentUrl\":\"https:\/\/www-dev.absglobal.com\/cl\/wp-content\/uploads\/sites\/15\/2020\/03\/LogoRGB.png\",\"width\":872,\"height\":1080,\"caption\":\"ABS Global Chile\"},\"image\":{\"@id\":\"https:\/\/www-dev.absglobal.com\/cl\/#\/schema\/logo\/image\/\"}}]}<\/script>\n<!-- \/ Yoast SEO Premium plugin. -->","yoast_head_json":{"title":"Cadena de suministro - ABS Global Chile","robots":{"index":"index","follow":"follow","max-snippet":"max-snippet:-1","max-image-preview":"max-image-preview:large","max-video-preview":"max-video-preview:-1"},"canonical":"https:\/\/www-dev.absglobal.com\/cl\/cadena-de-suministro\/","og_locale":"es_MX","og_type":"article","og_title":"Cadena de suministro","og_description":"Desde el parto hasta la cr\u00eda, el recorrido de la cadena de suministro de carne se basa en tres componentes principales: eficiencia, salud y gen\u00e9tica. La distribuci\u00f3n de trabajo entre los productores, corrales de engorda y empacadores es un aspecto fundamental para garantizar la eficiencia ya que cada actor puede concentrarse en lo que mejor [&hellip;]","og_url":"https:\/\/www-dev.absglobal.com\/cl\/cadena-de-suministro\/","og_site_name":"ABS Global Chile","article_modified_time":"2020-04-07T15:31:07+00:00","twitter_card":"summary_large_image","twitter_misc":{"Est. reading time":"1 minuto"},"schema":{"@context":"https:\/\/schema.org","@graph":[{"@type":"WebPage","@id":"https:\/\/www-dev.absglobal.com\/cl\/cadena-de-suministro\/","url":"https:\/\/www-dev.absglobal.com\/cl\/cadena-de-suministro\/","name":"Cadena de suministro - ABS Global Chile","isPartOf":{"@id":"https:\/\/www-dev.absglobal.com\/cl\/#website"},"datePublished":"2020-03-10T16:25:40+00:00","dateModified":"2020-04-07T15:31:07+00:00","breadcrumb":{"@id":"https:\/\/www-dev.absglobal.com\/cl\/cadena-de-suministro\/#breadcrumb"},"inLanguage":"es-MX","potentialAction":[{"@type":"ReadAction","target":["https:\/\/www-dev.absglobal.com\/cl\/cadena-de-suministro\/"]}]},{"@type":"BreadcrumbList","@id":"https:\/\/www-dev.absglobal.com\/cl\/cadena-de-suministro\/#breadcrumb","itemListElement":[{"@type":"ListItem","position":1,"name":"Home","item":"https:\/\/www-dev.absglobal.com\/cl\/"},{"@type":"ListItem","position":2,"name":"Cadena de suministro"}]},{"@type":"WebSite","@id":"https:\/\/www-dev.absglobal.com\/cl\/#website","url":"https:\/\/www-dev.absglobal.com\/cl\/","name":"ABS Global Chile","description":"","publisher":{"@id":"https:\/\/www-dev.absglobal.com\/cl\/#organization"},"potentialAction":[{"@type":"SearchAction","target":{"@type":"EntryPoint","urlTemplate":"https:\/\/www-dev.absglobal.com\/cl\/?s={search_term_string}"},"query-input":{"@type":"PropertyValueSpecification","valueRequired":true,"valueName":"search_term_string"}}],"inLanguage":"es-MX"},{"@type":"Organization","@id":"https:\/\/www-dev.absglobal.com\/cl\/#organization","name":"ABS Global Chile","url":"https:\/\/www-dev.absglobal.com\/cl\/","logo":{"@type":"ImageObject","inLanguage":"es-MX","@id":"https:\/\/www-dev.absglobal.com\/cl\/#\/schema\/logo\/image\/","url":"https:\/\/www-dev.absglobal.com\/cl\/wp-content\/uploads\/sites\/15\/2020\/03\/LogoRGB.png","contentUrl":"https:\/\/www-dev.absglobal.com\/cl\/wp-content\/uploads\/sites\/15\/2020\/03\/LogoRGB.png","width":872,"height":1080,"caption":"ABS Global Chile"},"image":{"@id":"https:\/\/www-dev.absglobal.com\/cl\/#\/schema\/logo\/image\/"}}]}},"jetpack_sharing_enabled":true,"_links":{"self":[{"href":"https:\/\/www-dev.absglobal.com\/cl\/wp-json\/wp\/v2\/pages\/2105"}],"collection":[{"href":"https:\/\/www-dev.absglobal.com\/cl\/wp-json\/wp\/v2\/pages"}],"about":[{"href":"https:\/\/www-dev.absglobal.com\/cl\/wp-json\/wp\/v2\/types\/page"}],"author":[{"embeddable":true,"href":"https:\/\/www-dev.absglobal.com\/cl\/wp-json\/wp\/v2\/users\/289"}],"replies":[{"embeddable":true,"href":"https:\/\/www-dev.absglobal.com\/cl\/wp-json\/wp\/v2\/comments?post=2105"}],"version-history":[{"count":18,"href":"https:\/\/www-dev.absglobal.com\/cl\/wp-json\/wp\/v2\/pages\/2105\/revisions"}],"predecessor-version":[{"id":3179,"href":"https:\/\/www-dev.absglobal.com\/cl\/wp-json\/wp\/v2\/pages\/2105\/revisions\/3179"}],"wp:attachment":[{"href":"https:\/\/www-dev.absglobal.com\/cl\/wp-json\/wp\/v2\/media?parent=2105"}],"curies":[{"name":"wp","href":"https:\/\/api.w.org\/{rel}","templated":true}]}}