{"id":3026,"date":"2020-03-31T14:07:32","date_gmt":"2020-03-31T19:07:32","guid":{"rendered":"http:\/\/www-dev.absglobal.com\/cl\/?page_id=3026"},"modified":"2024-07-04T15:38:21","modified_gmt":"2024-07-04T20:38:21","slug":"catalogos","status":"publish","type":"page","link":"https:\/\/www-dev.absglobal.com\/cl\/catalogos\/","title":{"rendered":"Cat\u00e1logos"},"content":{"rendered":"\n<h2 class=\"is-style-underline wp-block-heading\" id=\"carne\">Carne<\/h2>\n\n\n\n<div class=\"wp-block-media-text alignwide\" style=\"grid-template-columns:25% auto\"><figure class=\"wp-block-media-text__media\"><img fetchpriority=\"high\" decoding=\"async\" width=\"906\" height=\"795\" src=\"https:\/\/www-dev.absglobal.com\/cl\/wp-content\/uploads\/sites\/15\/2024\/07\/catalogocarnechile.png\" alt=\"\" class=\"wp-image-3974 size-full\" srcset=\"https:\/\/www-dev.absglobal.com\/cl\/wp-content\/uploads\/sites\/15\/2024\/07\/catalogocarnechile.png 906w, https:\/\/www-dev.absglobal.com\/cl\/wp-content\/uploads\/sites\/15\/2024\/07\/catalogocarnechile.png?resize=300,263 300w, https:\/\/www-dev.absglobal.com\/cl\/wp-content\/uploads\/sites\/15\/2024\/07\/catalogocarnechile.png?resize=768,674 768w\" sizes=\"(max-width: 906px) 100vw, 906px\" \/><\/figure><div class=\"wp-block-media-text__content\">\n<h3 class=\"wp-block-heading\">Nuevo cat\u00e1logo de Carne<\/h3>\n\n\n\n<p>2024-2025<\/p>\n\n\n\n<div class=\"wp-block-button\"><a class=\"wp-block-button__link wp-element-button\" href=\"https:\/\/share-eu1.hsforms.com\/1KbiPvxv8QfeFk4Gjo2esXAf5urk\">Download PDF<\/a><\/div>\n\n\n\n<p><\/p>\n<\/div><\/div>\n\n\n\n<div class=\"wp-block-media-text alignwide\" style=\"grid-template-columns:25% auto\"><figure class=\"wp-block-media-text__media\"><img decoding=\"async\" width=\"891\" height=\"787\" src=\"https:\/\/www-dev.absglobal.com\/cl\/wp-content\/uploads\/sites\/15\/2023\/07\/MicrosoftTeams-image-128.png\" alt=\"nuevo cat\u00e1logo de carne\" class=\"wp-image-3851 size-full\" srcset=\"https:\/\/www-dev.absglobal.com\/cl\/wp-content\/uploads\/sites\/15\/2023\/07\/MicrosoftTeams-image-128.png 891w, https:\/\/www-dev.absglobal.com\/cl\/wp-content\/uploads\/sites\/15\/2023\/07\/MicrosoftTeams-image-128.png?resize=300,265 300w, https:\/\/www-dev.absglobal.com\/cl\/wp-content\/uploads\/sites\/15\/2023\/07\/MicrosoftTeams-image-128.png?resize=768,678 768w\" sizes=\"(max-width: 891px) 100vw, 891px\" \/><\/figure><div class=\"wp-block-media-text__content\">\n<h3 class=\"wp-block-heading\">Nuevo cat\u00e1logo de Carne<\/h3>\n\n\n\n<p>2023-2024<\/p>\n\n\n\n<div class=\"wp-block-button\"><a class=\"wp-block-button__link wp-element-button\" href=\"https:\/\/share-eu1.hsforms.com\/1fiGaaEOxQ4iAakkfFSjaSwf5urk\">Download PDF<\/a><\/div>\n\n\n\n<p><\/p>\n<\/div><\/div>\n\n\n\n<h2 class=\"is-style-underline wp-block-heading\" id=\"leche\">Leche<\/h2>\n\n\n\n<div class=\"wp-block-media-text alignwide\" style=\"grid-template-columns:25% auto\"><figure class=\"wp-block-media-text__media\"><img decoding=\"async\" width=\"750\" height=\"1000\" src=\"https:\/\/www-dev.absglobal.com\/cl\/wp-content\/uploads\/sites\/15\/2020\/03\/directory-chile-dairy-2.jpeg\" alt=\"\" class=\"wp-image-3027 size-full\" srcset=\"https:\/\/www-dev.absglobal.com\/cl\/wp-content\/uploads\/sites\/15\/2020\/03\/directory-chile-dairy-2.jpeg 750w, https:\/\/www-dev.absglobal.com\/cl\/wp-content\/uploads\/sites\/15\/2020\/03\/directory-chile-dairy-2.jpeg?resize=225,300 225w\" sizes=\"(max-width: 750px) 100vw, 750px\" \/><\/figure><div class=\"wp-block-media-text__content\">\n<h3 class=\"wp-block-heading\">Especial Toros de Pastoreo<\/h3>\n\n\n\n<p>Oto\u00f1o Invierno 2019<\/p>\n\n\n\n<div class=\"wp-block-button\"><a class=\"wp-block-button__link wp-element-button\" href=\"https:\/\/www-dev.absglobal.com\/cl\/wp-content\/uploads\/sites\/15\/2020\/03\/CHILE-LEITE-OUTONO-INVERNO-2019-1.pdf\">Download PDF<\/a><\/div>\n<\/div><\/div>\n\n\n\n<div class=\"wp-block-media-text alignwide\" style=\"grid-template-columns:25% auto\"><figure class=\"wp-block-media-text__media\"><img loading=\"lazy\" decoding=\"async\" width=\"1000\" height=\"750\" src=\"https:\/\/www-dev.absglobal.com\/cl\/wp-content\/uploads\/sites\/15\/2020\/03\/directory-chile-dairy-3.jpeg\" alt=\"\" class=\"wp-image-3035 size-full\" srcset=\"https:\/\/www-dev.absglobal.com\/cl\/wp-content\/uploads\/sites\/15\/2020\/03\/directory-chile-dairy-3.jpeg 1000w, https:\/\/www-dev.absglobal.com\/cl\/wp-content\/uploads\/sites\/15\/2020\/03\/directory-chile-dairy-3.jpeg?resize=300,225 300w, https:\/\/www-dev.absglobal.com\/cl\/wp-content\/uploads\/sites\/15\/2020\/03\/directory-chile-dairy-3.jpeg?resize=768,576 768w\" sizes=\"(max-width: 1000px) 100vw, 1000px\" \/><\/figure><div class=\"wp-block-media-text__content\">\n<h3 class=\"wp-block-heading\">Cat\u00e1logo de Toros<\/h3>\n\n\n\n<p>2017<\/p>\n\n\n\n<div class=\"wp-block-button\"><a class=\"wp-block-button__link wp-element-button\" href=\"https:\/\/www-dev.absglobal.com\/cl\/wp-content\/uploads\/sites\/15\/2020\/03\/abslic2017.pdf\">Download PDF<\/a><\/div>\n<\/div><\/div>\n","protected":false},"excerpt":{"rendered":"<p>Carne Leche<\/p>\n","protected":false},"author":289,"featured_media":0,"parent":0,"menu_order":0,"comment_status":"closed","ping_status":"closed","template":"","meta":{"_acf_changed":false,"content-type":"","footnotes":""},"class_list":["post-3026","page","type-page","status-publish","hentry"],"acf":[],"yoast_head":"<!-- This site is optimized with the Yoast SEO Premium plugin v22.1 (Yoast SEO v25.3) - https:\/\/yoast.com\/wordpress\/plugins\/seo\/ -->\n<title>Cat\u00e1logos - ABS Global Chile<\/title>\n<meta name=\"description\" content=\"Revisa nuestros cat\u00e1logos con los productos que tenemos disponibles, de la mejor gen\u00e9tica de carne y leche del mercado\" \/>\n<meta name=\"robots\" content=\"index, follow, max-snippet:-1, max-image-preview:large, max-video-preview:-1\" \/>\n<link rel=\"canonical\" href=\"https:\/\/www-dev.absglobal.com\/cl\/catalogos\/\" \/>\n<meta property=\"og:locale\" content=\"es_MX\" \/>\n<meta property=\"og:type\" content=\"article\" \/>\n<meta property=\"og:title\" content=\"Cat\u00e1logos\" \/>\n<meta property=\"og:description\" content=\"Revisa nuestros cat\u00e1logos con los productos que tenemos disponibles, de la mejor gen\u00e9tica de carne y leche del mercado\" \/>\n<meta property=\"og:url\" content=\"https:\/\/www-dev.absglobal.com\/cl\/catalogos\/\" \/>\n<meta property=\"og:site_name\" content=\"ABS Global Chile\" \/>\n<meta property=\"article:modified_time\" content=\"2024-07-04T20:38:21+00:00\" \/>\n<meta property=\"og:image\" content=\"https:\/\/www-dev.absglobal.com\/cl\/wp-content\/uploads\/sites\/15\/2024\/07\/catalogocarnechile.png\" \/>\n<meta name=\"twitter:card\" content=\"summary_large_image\" \/>\n<meta name=\"twitter:label1\" content=\"Est. reading time\" \/>\n\t<meta name=\"twitter:data1\" content=\"1 minuto\" \/>\n<script type=\"application\/ld+json\" class=\"yoast-schema-graph\">{\"@context\":\"https:\/\/schema.org\",\"@graph\":[{\"@type\":\"WebPage\",\"@id\":\"https:\/\/www-dev.absglobal.com\/cl\/catalogos\/\",\"url\":\"https:\/\/www-dev.absglobal.com\/cl\/catalogos\/\",\"name\":\"Cat\u00e1logos - ABS Global Chile\",\"isPartOf\":{\"@id\":\"https:\/\/www-dev.absglobal.com\/cl\/#website\"},\"primaryImageOfPage\":{\"@id\":\"https:\/\/www-dev.absglobal.com\/cl\/catalogos\/#primaryimage\"},\"image\":{\"@id\":\"https:\/\/www-dev.absglobal.com\/cl\/catalogos\/#primaryimage\"},\"thumbnailUrl\":\"https:\/\/www-dev.absglobal.com\/cl\/wp-content\/uploads\/sites\/15\/2024\/07\/catalogocarnechile.png\",\"datePublished\":\"2020-03-31T19:07:32+00:00\",\"dateModified\":\"2024-07-04T20:38:21+00:00\",\"description\":\"Revisa nuestros cat\u00e1logos con los productos que tenemos disponibles, de la mejor gen\u00e9tica de carne y leche del mercado\",\"breadcrumb\":{\"@id\":\"https:\/\/www-dev.absglobal.com\/cl\/catalogos\/#breadcrumb\"},\"inLanguage\":\"es-MX\",\"potentialAction\":[{\"@type\":\"ReadAction\",\"target\":[\"https:\/\/www-dev.absglobal.com\/cl\/catalogos\/\"]}]},{\"@type\":\"ImageObject\",\"inLanguage\":\"es-MX\",\"@id\":\"https:\/\/www-dev.absglobal.com\/cl\/catalogos\/#primaryimage\",\"url\":\"https:\/\/www-dev.absglobal.com\/cl\/wp-content\/uploads\/sites\/15\/2024\/07\/catalogocarnechile.png\",\"contentUrl\":\"https:\/\/www-dev.absglobal.com\/cl\/wp-content\/uploads\/sites\/15\/2024\/07\/catalogocarnechile.png\",\"width\":906,\"height\":795},{\"@type\":\"BreadcrumbList\",\"@id\":\"https:\/\/www-dev.absglobal.com\/cl\/catalogos\/#breadcrumb\",\"itemListElement\":[{\"@type\":\"ListItem\",\"position\":1,\"name\":\"Home\",\"item\":\"https:\/\/www-dev.absglobal.com\/cl\/\"},{\"@type\":\"ListItem\",\"position\":2,\"name\":\"Cat\u00e1logos\"}]},{\"@type\":\"WebSite\",\"@id\":\"https:\/\/www-dev.absglobal.com\/cl\/#website\",\"url\":\"https:\/\/www-dev.absglobal.com\/cl\/\",\"name\":\"ABS Global Chile\",\"description\":\"\",\"publisher\":{\"@id\":\"https:\/\/www-dev.absglobal.com\/cl\/#organization\"},\"potentialAction\":[{\"@type\":\"SearchAction\",\"target\":{\"@type\":\"EntryPoint\",\"urlTemplate\":\"https:\/\/www-dev.absglobal.com\/cl\/?s={search_term_string}\"},\"query-input\":{\"@type\":\"PropertyValueSpecification\",\"valueRequired\":true,\"valueName\":\"search_term_string\"}}],\"inLanguage\":\"es-MX\"},{\"@type\":\"Organization\",\"@id\":\"https:\/\/www-dev.absglobal.com\/cl\/#organization\",\"name\":\"ABS Global Chile\",\"url\":\"https:\/\/www-dev.absglobal.com\/cl\/\",\"logo\":{\"@type\":\"ImageObject\",\"inLanguage\":\"es-MX\",\"@id\":\"https:\/\/www-dev.absglobal.com\/cl\/#\/schema\/logo\/image\/\",\"url\":\"https:\/\/www-dev.absglobal.com\/cl\/wp-content\/uploads\/sites\/15\/2020\/03\/LogoRGB.png\",\"contentUrl\":\"https:\/\/www-dev.absglobal.com\/cl\/wp-content\/uploads\/sites\/15\/2020\/03\/LogoRGB.png\",\"width\":872,\"height\":1080,\"caption\":\"ABS Global Chile\"},\"image\":{\"@id\":\"https:\/\/www-dev.absglobal.com\/cl\/#\/schema\/logo\/image\/\"}}]}<\/script>\n<!-- \/ Yoast SEO Premium plugin. -->","yoast_head_json":{"title":"Cat\u00e1logos - ABS Global Chile","description":"Revisa nuestros cat\u00e1logos con los productos que tenemos disponibles, de la mejor gen\u00e9tica de carne y leche del mercado","robots":{"index":"index","follow":"follow","max-snippet":"max-snippet:-1","max-image-preview":"max-image-preview:large","max-video-preview":"max-video-preview:-1"},"canonical":"https:\/\/www-dev.absglobal.com\/cl\/catalogos\/","og_locale":"es_MX","og_type":"article","og_title":"Cat\u00e1logos","og_description":"Revisa nuestros cat\u00e1logos con los productos que tenemos disponibles, de la mejor gen\u00e9tica de carne y leche del mercado","og_url":"https:\/\/www-dev.absglobal.com\/cl\/catalogos\/","og_site_name":"ABS Global Chile","article_modified_time":"2024-07-04T20:38:21+00:00","og_image":[{"url":"https:\/\/www-dev.absglobal.com\/cl\/wp-content\/uploads\/sites\/15\/2024\/07\/catalogocarnechile.png","type":"","width":"","height":""}],"twitter_card":"summary_large_image","twitter_misc":{"Est. reading time":"1 minuto"},"schema":{"@context":"https:\/\/schema.org","@graph":[{"@type":"WebPage","@id":"https:\/\/www-dev.absglobal.com\/cl\/catalogos\/","url":"https:\/\/www-dev.absglobal.com\/cl\/catalogos\/","name":"Cat\u00e1logos - ABS Global Chile","isPartOf":{"@id":"https:\/\/www-dev.absglobal.com\/cl\/#website"},"primaryImageOfPage":{"@id":"https:\/\/www-dev.absglobal.com\/cl\/catalogos\/#primaryimage"},"image":{"@id":"https:\/\/www-dev.absglobal.com\/cl\/catalogos\/#primaryimage"},"thumbnailUrl":"https:\/\/www-dev.absglobal.com\/cl\/wp-content\/uploads\/sites\/15\/2024\/07\/catalogocarnechile.png","datePublished":"2020-03-31T19:07:32+00:00","dateModified":"2024-07-04T20:38:21+00:00","description":"Revisa nuestros cat\u00e1logos con los productos que tenemos disponibles, de la mejor gen\u00e9tica de carne y leche del mercado","breadcrumb":{"@id":"https:\/\/www-dev.absglobal.com\/cl\/catalogos\/#breadcrumb"},"inLanguage":"es-MX","potentialAction":[{"@type":"ReadAction","target":["https:\/\/www-dev.absglobal.com\/cl\/catalogos\/"]}]},{"@type":"ImageObject","inLanguage":"es-MX","@id":"https:\/\/www-dev.absglobal.com\/cl\/catalogos\/#primaryimage","url":"https:\/\/www-dev.absglobal.com\/cl\/wp-content\/uploads\/sites\/15\/2024\/07\/catalogocarnechile.png","contentUrl":"https:\/\/www-dev.absglobal.com\/cl\/wp-content\/uploads\/sites\/15\/2024\/07\/catalogocarnechile.png","width":906,"height":795},{"@type":"BreadcrumbList","@id":"https:\/\/www-dev.absglobal.com\/cl\/catalogos\/#breadcrumb","itemListElement":[{"@type":"ListItem","position":1,"name":"Home","item":"https:\/\/www-dev.absglobal.com\/cl\/"},{"@type":"ListItem","position":2,"name":"Cat\u00e1logos"}]},{"@type":"WebSite","@id":"https:\/\/www-dev.absglobal.com\/cl\/#website","url":"https:\/\/www-dev.absglobal.com\/cl\/","name":"ABS Global Chile","description":"","publisher":{"@id":"https:\/\/www-dev.absglobal.com\/cl\/#organization"},"potentialAction":[{"@type":"SearchAction","target":{"@type":"EntryPoint","urlTemplate":"https:\/\/www-dev.absglobal.com\/cl\/?s={search_term_string}"},"query-input":{"@type":"PropertyValueSpecification","valueRequired":true,"valueName":"search_term_string"}}],"inLanguage":"es-MX"},{"@type":"Organization","@id":"https:\/\/www-dev.absglobal.com\/cl\/#organization","name":"ABS Global Chile","url":"https:\/\/www-dev.absglobal.com\/cl\/","logo":{"@type":"ImageObject","inLanguage":"es-MX","@id":"https:\/\/www-dev.absglobal.com\/cl\/#\/schema\/logo\/image\/","url":"https:\/\/www-dev.absglobal.com\/cl\/wp-content\/uploads\/sites\/15\/2020\/03\/LogoRGB.png","contentUrl":"https:\/\/www-dev.absglobal.com\/cl\/wp-content\/uploads\/sites\/15\/2020\/03\/LogoRGB.png","width":872,"height":1080,"caption":"ABS Global Chile"},"image":{"@id":"https:\/\/www-dev.absglobal.com\/cl\/#\/schema\/logo\/image\/"}}]}},"jetpack_sharing_enabled":true,"_links":{"self":[{"href":"https:\/\/www-dev.absglobal.com\/cl\/wp-json\/wp\/v2\/pages\/3026"}],"collection":[{"href":"https:\/\/www-dev.absglobal.com\/cl\/wp-json\/wp\/v2\/pages"}],"about":[{"href":"https:\/\/www-dev.absglobal.com\/cl\/wp-json\/wp\/v2\/types\/page"}],"author":[{"embeddable":true,"href":"https:\/\/www-dev.absglobal.com\/cl\/wp-json\/wp\/v2\/users\/289"}],"replies":[{"embeddable":true,"href":"https:\/\/www-dev.absglobal.com\/cl\/wp-json\/wp\/v2\/comments?post=3026"}],"version-history":[{"count":10,"href":"https:\/\/www-dev.absglobal.com\/cl\/wp-json\/wp\/v2\/pages\/3026\/revisions"}],"predecessor-version":[{"id":3977,"href":"https:\/\/www-dev.absglobal.com\/cl\/wp-json\/wp\/v2\/pages\/3026\/revisions\/3977"}],"wp:attachment":[{"href":"https:\/\/www-dev.absglobal.com\/cl\/wp-json\/wp\/v2\/media?parent=3026"}],"curies":[{"name":"wp","href":"https:\/\/api.w.org\/{rel}","templated":true}]}}