{"id":1706,"date":"2020-02-22T18:20:01","date_gmt":"2020-02-22T23:20:01","guid":{"rendered":"http:\/\/cms.genusplc.com\/absglobal\/?page_id=1706"},"modified":"2020-07-01T10:54:38","modified_gmt":"2020-07-01T15:54:38","slug":"periodo-de-transicion","status":"publish","type":"page","link":"https:\/\/www-dev.absglobal.com\/co\/periodo-de-transicion\/","title":{"rendered":"Periodo de transici\u00f3n"},"content":{"rendered":"\n<p>El periodo de transici\u00f3n &#8211; las \u00faltimas semanas de gestaci\u00f3n de una vaca hasta varias semanas despu\u00e9s de iniciarse su lactaci\u00f3n &#8211; juega un papel integral tanto en la producci\u00f3n como en la reproducci\u00f3n en su reba\u00f1o. <\/p>\n\n\n\n<p>Ser eficiente durante el periodo de transici\u00f3n aumentar\u00e1 las probabilidades de \u00e9xito en la lactaci\u00f3n, la vida productiva y el intervalo entre partos de una vaca. Asimismo, las tres \u00faltimas semanas de gestaci\u00f3n son muy importantes para la salud de la descendencia y es fundamental para que el ternero alcance su potencial gen\u00e9tico. <\/p>\n\n\n\n<p>Sin duda alguna, la prevenci\u00f3n es la soluci\u00f3n m\u00e1s eficiente y menos costosa para afrontar el per\u00edodo de transici\u00f3n. Las tres \u00e1reas principales a explorar son los protocolos, el trabajo y la gen\u00e9tica.<\/p>\n\n\n\n<p>Los protocolos son cruciales para proporcionar la comodidad y la nutrici\u00f3n correctas para las vacas. A continuaci\u00f3n, tener un equipo informado y bien entrenado asegura que los protocolos puedan ser ejecutados. Finalmente, con la gen\u00e9tica, puede mejorar la salud de transici\u00f3n de su reba\u00f1o, haciendo a las vacas m\u00e1s resistentes gen\u00e9ticamente a trastornos como la mastitis, la metritis y la cetosis.<\/p>\n\n\n\n<div style=\"height:50px\" aria-hidden=\"true\" class=\"wp-block-spacer\"><\/div>\n\n\n\n<h2 class=\"is-style-underline wp-block-heading\">ABS Soluciones para el periodo de transici\u00f3n<\/h2>\n\n\n\t\t<section id=\"\" class=\"alignwide section-wrapper section-wrapper-small-fluid block-product-slider\" data-magellan-target=\"\">\n\t\t\t<div class=\"carousel-card-section owl-carousel owl-theme\">\n\t\t\t\t\t\t\t\t\t\t<div class=\"card\">\n\t\t\t\t\t\t\t\t\t\t\t\t\t\t\t<img decoding=\"async\" class=\"card-img\" src=\"https:\/\/www-dev.absglobal.com\/co\/wp-content\/uploads\/sites\/18\/2020\/03\/product-Transitionright-3.jpg?w=1000&#038;resize=375,250\" alt=\"Image of medical devices\">\n\t\t\t\t\t\t\t\t\t\t\t\t\t\t<div class=\"card-section\">\n\t\t\t\t\t\t\t\t<h3 class=\"card-title\">TransitionRight\u00ae<\/h3>\n\t\t\t\t\t\t\t\t\t\t\t\t\t\t\t\t\t\t\t\t\t\t\t\t\t<p class=\"card-description\">No reaccione. Prevenir a trav\u00e9s de la gen\u00e9tica. Los trastornos de salud de transici\u00f3n cobran un peaje en su tiempo, dinero y la productividad de su ganado. Hoy en d\u00eda, sin embargo, es posible reducir los riesgos con TransitionRight\u00ae de ABS Global. ABS Global, l\u00edder mundial en gen\u00e9tica bovina, servicios de reproducci\u00f3n y tecnolog\u00edas, utiliza [&hellip;]<\/p>\n\t\t\t\t\t\t\t\t\n\t\t\t\t\t\t\t\t<a href=\"https:\/\/www-dev.absglobal.com\/co\/services\/transitionright\/\" class=\"card-section-button button\">Aprender m\u00e1s<\/a>\n\t\t\t\t\t\t\t<\/div>\n\t\t\t\t\t\t<\/div>\n\t\t\t\t\t\t\t\t\t\t\t\t<div class=\"card\">\n\t\t\t\t\t\t\t\t\t\t\t\t\t\t\t<img decoding=\"async\" class=\"card-img\" src=\"https:\/\/www-dev.absglobal.com\/co\/wp-content\/uploads\/sites\/18\/2020\/02\/product-genetic-audit-1.jpg?w=1000&#038;resize=375,250\" alt=\"Image of medical devices\">\n\t\t\t\t\t\t\t\t\t\t\t\t\t\t<div class=\"card-section\">\n\t\t\t\t\t\t\t\t<h3 class=\"card-title\">Auditor\u00eda Gen\u00e9tica<\/h3>\n\t\t\t\t\t\t\t\t\t\t\t\t\t\t\t\t\t\t\t\t\t\t\t\t\t<p class=\"card-description\">La herramienta m\u00e1s nueva del portafolio de servicios gen\u00e9ticos, la auditor\u00eda gen\u00e9tica ABS, complementa perfectamente a GMS 2.0 para obtener el mayor retorno de su inversi\u00f3n gen\u00e9tica. &nbsp;Similar a una boleta de calificaciones, esta auditor\u00eda anual proporciona una visi\u00f3n general de la gen\u00e9tica de su reba\u00f1o. &nbsp;Con esta l\u00ednea base, puede hacer futuras comparaciones y [&hellip;]<\/p>\n\t\t\t\t\t\t\t\t\n\t\t\t\t\t\t\t\t<a href=\"https:\/\/www-dev.absglobal.com\/co\/services\/auditoria-genetica\/\" class=\"card-section-button button\">Aprender m\u00e1s<\/a>\n\t\t\t\t\t\t\t<\/div>\n\t\t\t\t\t\t<\/div>\n\t\t\t\t\t\t\t\t\t\t\t\t<div class=\"card\">\n\t\t\t\t\t\t\t\t\t\t\t\t\t\t\t<img decoding=\"async\" class=\"card-img\" src=\"https:\/\/www-dev.absglobal.com\/co\/wp-content\/uploads\/sites\/18\/2020\/02\/product-gms.jpg?w=1000&#038;resize=375,250\" alt=\"Image of medical devices\">\n\t\t\t\t\t\t\t\t\t\t\t\t\t\t<div class=\"card-section\">\n\t\t\t\t\t\t\t\t<h3 class=\"card-title\">GMS 2.0<\/h3>\n\t\t\t\t\t\t\t\t\t\t\t\t\t\t\t\t\t\t\t\t\t\t\t\t\t<p class=\"card-description\">La gen\u00e9tica est\u00e1 mejorando.Su programa de apareamiento deber\u00eda hacer lo mismo. Desde 1968, el Genetic Management System\u00ae (GMS\u00ae) ha proporcionado un sistema integral que optimiza el progreso gen\u00e9tico y simplifica el proceso de cr\u00eda. Desde el primer apareamiento hace cerca de 55 a\u00f1os, GMS ha procesado m\u00e1s de 160 millones de apareamiento recomendaciones, m\u00e1s que [&hellip;]<\/p>\n\t\t\t\t\t\t\t\t\n\t\t\t\t\t\t\t\t<a href=\"https:\/\/www-dev.absglobal.com\/co\/services\/gms\/\" class=\"card-section-button button\">Aprender m\u00e1s<\/a>\n\t\t\t\t\t\t\t<\/div>\n\t\t\t\t\t\t<\/div>\n\t\t\t\t\t\t\t\t\t<\/div>\n\t\t<\/section>\n\t\t\n\n\n\t<section id=\"repFinder\" class=\"alignfull rep-finder\" data-magellan-target=\"repFinder\">\n\t\t<div class=\"section-wrapper\">\n\t\t\t\t\t\t\t<h2 class=\"section-title\">Encuentre a su vendedor local<\/h2>\n\t\t\t\n\t\t\t<div class=\"grid-x grid-margin-x align-justify rep-finder-inner\">\n\t\t\t\t<div class=\"cell medium-large-6\">\n\t\t\t\t\t<button class=\"button rep-finder-cta\" id=\"selectRep\" data-open=\"repFinderModal\">Seleccione su Representante<\/button>\n\t\t\t\t\t<div class=\"rep-finder-selected-rep\" id=\"selectedRep\"><\/div>\n\t\t\t\t<\/div>\n\n\t\t\t\t\t\t\t\t\t<div class=\"cell medium-large-6\">\n\t\t\t\t\t\t<h4>Preguntas Generales<\/h4>\n\t\t\t\t\t\t<hr class=\"rep-finder-divider\">\n\t\t\t\t\t\t\t\t\t\t\t\t\t<ul class=\"rep-finder-details\">\n\t\t\t\t\t\t\t\t\t\t\t\t\t\t\t\t\t<li><a href=\"tel:+57 313 8214684\"><h5><img decoding=\"async\" src=\"https:\/\/www-dev.absglobal.com\/co\/wp-content\/themes\/abs\/dist\/assets\/img\/icons\/phone-icon.svg\" alt=\"Phone icon\"> +57 313 8214684<\/h5><\/a><\/li>\n\t\t\t\t\t\t\t\t\t\t\t\t\t\t\t\t\t\t<li><a href=\"mailto:info@abscolombia.com\"><h5><img decoding=\"async\" src=\"https:\/\/www-dev.absglobal.com\/co\/wp-content\/themes\/abs\/dist\/assets\/img\/icons\/email-icon.svg\" alt=\"Email icon\"> info@abscolombia.com<\/h5><\/a><\/li>\n\t\t\t\t\t\t\t\t\t\t\t\t\t\t\t<\/ul>\n\t\t\t\t\t\t\t\t\t\t\t<\/div>\n\t\t\t\t\t\t\t<\/div>\n\t\t<\/div>\n\t<\/section>\n\t","protected":false},"excerpt":{"rendered":"<p>El periodo de transici\u00f3n &#8211; las \u00faltimas semanas de gestaci\u00f3n de una vaca hasta varias semanas despu\u00e9s de iniciarse su lactaci\u00f3n &#8211; juega un papel integral tanto en la producci\u00f3n como en la reproducci\u00f3n en su reba\u00f1o. Ser eficiente durante el periodo de transici\u00f3n aumentar\u00e1 las probabilidades de \u00e9xito en la lactaci\u00f3n, la vida productiva [&hellip;]<\/p>\n","protected":false},"author":289,"featured_media":0,"parent":0,"menu_order":0,"comment_status":"closed","ping_status":"closed","template":"","meta":{"_acf_changed":false,"content-type":"","footnotes":""},"class_list":["post-1706","page","type-page","status-publish","hentry"],"acf":[],"yoast_head":"<!-- This site is optimized with the Yoast SEO Premium plugin v22.1 (Yoast SEO v25.3) - https:\/\/yoast.com\/wordpress\/plugins\/seo\/ -->\n<title>Periodo de transici\u00f3n - ABS Global Colombia<\/title>\n<meta name=\"robots\" content=\"index, follow, max-snippet:-1, max-image-preview:large, max-video-preview:-1\" \/>\n<link rel=\"canonical\" href=\"https:\/\/www-dev.absglobal.com\/co\/periodo-de-transicion\/\" \/>\n<meta property=\"og:locale\" content=\"es_ES\" \/>\n<meta property=\"og:type\" content=\"article\" \/>\n<meta property=\"og:title\" content=\"Periodo de transici\u00f3n\" \/>\n<meta property=\"og:description\" content=\"El periodo de transici\u00f3n &#8211; las \u00faltimas semanas de gestaci\u00f3n de una vaca hasta varias semanas despu\u00e9s de iniciarse su lactaci\u00f3n &#8211; juega un papel integral tanto en la producci\u00f3n como en la reproducci\u00f3n en su reba\u00f1o. Ser eficiente durante el periodo de transici\u00f3n aumentar\u00e1 las probabilidades de \u00e9xito en la lactaci\u00f3n, la vida productiva [&hellip;]\" \/>\n<meta property=\"og:url\" content=\"https:\/\/www-dev.absglobal.com\/co\/periodo-de-transicion\/\" \/>\n<meta property=\"og:site_name\" content=\"ABS Global Colombia\" \/>\n<meta property=\"article:modified_time\" content=\"2020-07-01T15:54:38+00:00\" \/>\n<meta name=\"twitter:card\" content=\"summary_large_image\" \/>\n<meta name=\"twitter:label1\" content=\"Est. reading time\" \/>\n\t<meta name=\"twitter:data1\" content=\"1 minuto\" \/>\n<script type=\"application\/ld+json\" class=\"yoast-schema-graph\">{\"@context\":\"https:\/\/schema.org\",\"@graph\":[{\"@type\":\"WebPage\",\"@id\":\"https:\/\/www-dev.absglobal.com\/co\/periodo-de-transicion\/\",\"url\":\"https:\/\/www-dev.absglobal.com\/co\/periodo-de-transicion\/\",\"name\":\"Periodo de transici\u00f3n - ABS Global Colombia\",\"isPartOf\":{\"@id\":\"https:\/\/www-dev.absglobal.com\/co\/#website\"},\"datePublished\":\"2020-02-22T23:20:01+00:00\",\"dateModified\":\"2020-07-01T15:54:38+00:00\",\"breadcrumb\":{\"@id\":\"https:\/\/www-dev.absglobal.com\/co\/periodo-de-transicion\/#breadcrumb\"},\"inLanguage\":\"es\",\"potentialAction\":[{\"@type\":\"ReadAction\",\"target\":[\"https:\/\/www-dev.absglobal.com\/co\/periodo-de-transicion\/\"]}]},{\"@type\":\"BreadcrumbList\",\"@id\":\"https:\/\/www-dev.absglobal.com\/co\/periodo-de-transicion\/#breadcrumb\",\"itemListElement\":[{\"@type\":\"ListItem\",\"position\":1,\"name\":\"Home\",\"item\":\"https:\/\/www-dev.absglobal.com\/co\/\"},{\"@type\":\"ListItem\",\"position\":2,\"name\":\"Periodo de transici\u00f3n\"}]},{\"@type\":\"WebSite\",\"@id\":\"https:\/\/www-dev.absglobal.com\/co\/#website\",\"url\":\"https:\/\/www-dev.absglobal.com\/co\/\",\"name\":\"ABS Global Colombia\",\"description\":\"\",\"publisher\":{\"@id\":\"https:\/\/www-dev.absglobal.com\/co\/#organization\"},\"potentialAction\":[{\"@type\":\"SearchAction\",\"target\":{\"@type\":\"EntryPoint\",\"urlTemplate\":\"https:\/\/www-dev.absglobal.com\/co\/?s={search_term_string}\"},\"query-input\":{\"@type\":\"PropertyValueSpecification\",\"valueRequired\":true,\"valueName\":\"search_term_string\"}}],\"inLanguage\":\"es\"},{\"@type\":\"Organization\",\"@id\":\"https:\/\/www-dev.absglobal.com\/co\/#organization\",\"name\":\"ABS Global Colombia\",\"url\":\"https:\/\/www-dev.absglobal.com\/co\/\",\"logo\":{\"@type\":\"ImageObject\",\"inLanguage\":\"es\",\"@id\":\"https:\/\/www-dev.absglobal.com\/co\/#\/schema\/logo\/image\/\",\"url\":\"https:\/\/www-dev.absglobal.com\/co\/wp-content\/uploads\/sites\/18\/2020\/03\/LogoRGB.png\",\"contentUrl\":\"https:\/\/www-dev.absglobal.com\/co\/wp-content\/uploads\/sites\/18\/2020\/03\/LogoRGB.png\",\"width\":872,\"height\":1080,\"caption\":\"ABS Global Colombia\"},\"image\":{\"@id\":\"https:\/\/www-dev.absglobal.com\/co\/#\/schema\/logo\/image\/\"}}]}<\/script>\n<!-- \/ Yoast SEO Premium plugin. -->","yoast_head_json":{"title":"Periodo de transici\u00f3n - ABS Global Colombia","robots":{"index":"index","follow":"follow","max-snippet":"max-snippet:-1","max-image-preview":"max-image-preview:large","max-video-preview":"max-video-preview:-1"},"canonical":"https:\/\/www-dev.absglobal.com\/co\/periodo-de-transicion\/","og_locale":"es_ES","og_type":"article","og_title":"Periodo de transici\u00f3n","og_description":"El periodo de transici\u00f3n &#8211; las \u00faltimas semanas de gestaci\u00f3n de una vaca hasta varias semanas despu\u00e9s de iniciarse su lactaci\u00f3n &#8211; juega un papel integral tanto en la producci\u00f3n como en la reproducci\u00f3n en su reba\u00f1o. Ser eficiente durante el periodo de transici\u00f3n aumentar\u00e1 las probabilidades de \u00e9xito en la lactaci\u00f3n, la vida productiva [&hellip;]","og_url":"https:\/\/www-dev.absglobal.com\/co\/periodo-de-transicion\/","og_site_name":"ABS Global Colombia","article_modified_time":"2020-07-01T15:54:38+00:00","twitter_card":"summary_large_image","twitter_misc":{"Est. reading time":"1 minuto"},"schema":{"@context":"https:\/\/schema.org","@graph":[{"@type":"WebPage","@id":"https:\/\/www-dev.absglobal.com\/co\/periodo-de-transicion\/","url":"https:\/\/www-dev.absglobal.com\/co\/periodo-de-transicion\/","name":"Periodo de transici\u00f3n - ABS Global Colombia","isPartOf":{"@id":"https:\/\/www-dev.absglobal.com\/co\/#website"},"datePublished":"2020-02-22T23:20:01+00:00","dateModified":"2020-07-01T15:54:38+00:00","breadcrumb":{"@id":"https:\/\/www-dev.absglobal.com\/co\/periodo-de-transicion\/#breadcrumb"},"inLanguage":"es","potentialAction":[{"@type":"ReadAction","target":["https:\/\/www-dev.absglobal.com\/co\/periodo-de-transicion\/"]}]},{"@type":"BreadcrumbList","@id":"https:\/\/www-dev.absglobal.com\/co\/periodo-de-transicion\/#breadcrumb","itemListElement":[{"@type":"ListItem","position":1,"name":"Home","item":"https:\/\/www-dev.absglobal.com\/co\/"},{"@type":"ListItem","position":2,"name":"Periodo de transici\u00f3n"}]},{"@type":"WebSite","@id":"https:\/\/www-dev.absglobal.com\/co\/#website","url":"https:\/\/www-dev.absglobal.com\/co\/","name":"ABS Global Colombia","description":"","publisher":{"@id":"https:\/\/www-dev.absglobal.com\/co\/#organization"},"potentialAction":[{"@type":"SearchAction","target":{"@type":"EntryPoint","urlTemplate":"https:\/\/www-dev.absglobal.com\/co\/?s={search_term_string}"},"query-input":{"@type":"PropertyValueSpecification","valueRequired":true,"valueName":"search_term_string"}}],"inLanguage":"es"},{"@type":"Organization","@id":"https:\/\/www-dev.absglobal.com\/co\/#organization","name":"ABS Global Colombia","url":"https:\/\/www-dev.absglobal.com\/co\/","logo":{"@type":"ImageObject","inLanguage":"es","@id":"https:\/\/www-dev.absglobal.com\/co\/#\/schema\/logo\/image\/","url":"https:\/\/www-dev.absglobal.com\/co\/wp-content\/uploads\/sites\/18\/2020\/03\/LogoRGB.png","contentUrl":"https:\/\/www-dev.absglobal.com\/co\/wp-content\/uploads\/sites\/18\/2020\/03\/LogoRGB.png","width":872,"height":1080,"caption":"ABS Global Colombia"},"image":{"@id":"https:\/\/www-dev.absglobal.com\/co\/#\/schema\/logo\/image\/"}}]}},"jetpack_sharing_enabled":true,"_links":{"self":[{"href":"https:\/\/www-dev.absglobal.com\/co\/wp-json\/wp\/v2\/pages\/1706"}],"collection":[{"href":"https:\/\/www-dev.absglobal.com\/co\/wp-json\/wp\/v2\/pages"}],"about":[{"href":"https:\/\/www-dev.absglobal.com\/co\/wp-json\/wp\/v2\/types\/page"}],"author":[{"embeddable":true,"href":"https:\/\/www-dev.absglobal.com\/co\/wp-json\/wp\/v2\/users\/289"}],"replies":[{"embeddable":true,"href":"https:\/\/www-dev.absglobal.com\/co\/wp-json\/wp\/v2\/comments?post=1706"}],"version-history":[{"count":26,"href":"https:\/\/www-dev.absglobal.com\/co\/wp-json\/wp\/v2\/pages\/1706\/revisions"}],"predecessor-version":[{"id":3312,"href":"https:\/\/www-dev.absglobal.com\/co\/wp-json\/wp\/v2\/pages\/1706\/revisions\/3312"}],"wp:attachment":[{"href":"https:\/\/www-dev.absglobal.com\/co\/wp-json\/wp\/v2\/media?parent=1706"}],"curies":[{"name":"wp","href":"https:\/\/api.w.org\/{rel}","templated":true}]}}