{"id":3493,"date":"2021-05-19T18:02:28","date_gmt":"2021-05-19T23:02:28","guid":{"rendered":"https:\/\/www-dev.absglobal.com\/co\/?page_id=3493"},"modified":"2021-05-19T18:02:28","modified_gmt":"2021-05-19T23:02:28","slug":"abs-celebra-su-aniversario-numero-80","status":"publish","type":"page","link":"https:\/\/www-dev.absglobal.com\/co\/abs-celebra-su-aniversario-numero-80\/","title":{"rendered":"ABS celebra su aniversario n\u00famero 80"},"content":{"rendered":"\n<p class=\"has-text-align-center has-large-font-size\">Pioneros en el progreso gen\u00e9tico: 80 a\u00f1os y contando<\/p>\n\n\n\n<p>Desde que Rockefeller Prentice fund\u00f3 ABS en 1941, la innovaci\u00f3n ha sido parte de nuestro ADN. Continuando con el desarrollo en-conjunto del primer termo de semen hasta el reciente \u00e9xito de Sexcel\u00ae y Beef InFocus \u2122, hemos dejado nuestra huella en la industria de la gen\u00e9tica bovina.<\/p>\n\n\n\n<p>Durante 80 a\u00f1os, las personas han sido la raz\u00f3n de nuestra existencia. Las necesidades de nuestros clientes han ayudado a construir lo que hoy somos, mientras que nuestros empleados y socios brindan diversas perspectivas e impulsan nuestro \u00e9xito.<\/p>\n\n\n\n<p>Mira nuestra historia hasta ahora &#8230;Gracias a los agricultores innovadores e impulsados \u200b\u200bpor la gen\u00e9tica que se asocian con nosotros para producir leche y carne de alta calidad.<\/p>\n\n\n\n<p class=\"has-text-align-center has-large-font-size\">Mira nuestra historia hasta ahora\u2026<\/p>\n\n\n\n<p><\/p>\n\n\n\n<figure class=\"wp-block-embed is-type-video is-provider-youtube wp-block-embed-youtube wp-embed-aspect-16-9 wp-has-aspect-ratio\"><div class=\"wp-block-embed__wrapper\">\n<iframe title=\"ABS 80th Anniversary - Spanish (Latin America)\" width=\"500\" height=\"281\" src=\"https:\/\/www.youtube.com\/embed\/ivyUQmsNDj4?feature=oembed\" frameborder=\"0\" allow=\"accelerometer; autoplay; clipboard-write; encrypted-media; gyroscope; picture-in-picture; web-share\" referrerpolicy=\"strict-origin-when-cross-origin\" allowfullscreen><\/iframe>\n<\/div><figcaption>Mira nuestra historia hasta ahora\u2026<\/figcaption><\/figure>\n\n\n\n<div class=\"wp-block-group alignwide\"><div class=\"wp-block-group__inner-container is-layout-flow wp-block-group-is-layout-flow\">\n\n\t<section id=\"\" class=\" section-wrapper section-wrapper-fluid section-wrapper-banner\" data-magellan-target=\"\">\n\t\t\t\t\t\t\t<div class=\"section-wrapper-overlay\"><\/div>\n\t\t\t\t<div class=\"section-wrapper-inner\">\n\t\t\t<article class=\"article\">\n\t\t\t\t\t\t\t\t\t<h2 class=\"section-title-main\">Historias de nuestros empleados<\/h2>\n\t\t\t\t\n\t\t\t\t<p>Lea las historias de nuestros empleados en sus propias palabras sobre sus trayectorias profesionales, personales, nuestra cultura, oportunidades de desarrollo y c\u00f3mo trabajamos juntos para impulsar la innovaci\u00f3n.<\/p>\n<p>Estas son nuestras historias.<\/p>\n\n\t\t\t\t\t\t\t\t\t<div class=\"card-button-grid grid-x grid-margin-x\">\n\t\t\t\t\t\t\t\t\t\t\t\t\t\t<a href=\"https:\/\/www.absglobal.com\/mx\/testimonials\/nuestras-historias-beth-ward\/\" class=\"cell small-12 medium-6 card-button\" target=\"_blank\">\n\t\t\t\t\t\t\t\t\t<div class=\"card-button-inner\">\n\t\t\t\t\t\t\t\t\t\t<span>Beth Ward &#8211; T\u00e9cnico RMS<\/span>\n\t\t\t\t\t\t\t\t\t\t<img decoding=\"async\" class=\"card-button-arrow\" src=\"https:\/\/www-dev.absglobal.com\/co\/wp-content\/themes\/abs\/dist\/assets\/img\/icons\/arrow-right-icon.svg\" aria-hidden=\"true\" alt=\"Arrow icon\">\n\t\t\t\t\t\t\t\t\t<\/div>\n\t\t\t\t\t\t\t\t<\/a>\n\t\t\t\t\t\t\t\t\t\t\t\t\t\t\t\t<a href=\"https:\/\/www.absglobal.com\/mx\/testimonials\/nuestras-historias-lynda-dooley\/\" class=\"cell small-12 medium-6 card-button\" target=\"_blank\">\n\t\t\t\t\t\t\t\t\t<div class=\"card-button-inner\">\n\t\t\t\t\t\t\t\t\t\t<span>Lynda Dooley &#8211; Asistente ejecutiva del equipo de marketing y estrategia &#8211; EMEA<\/span>\n\t\t\t\t\t\t\t\t\t\t<img decoding=\"async\" class=\"card-button-arrow\" src=\"https:\/\/www-dev.absglobal.com\/co\/wp-content\/themes\/abs\/dist\/assets\/img\/icons\/arrow-right-icon.svg\" aria-hidden=\"true\" alt=\"Arrow icon\">\n\t\t\t\t\t\t\t\t\t<\/div>\n\t\t\t\t\t\t\t\t<\/a>\n\t\t\t\t\t\t\t\t\t\t\t\t\t\t\t\t<a href=\"https:\/\/www.absglobal.com\/mx\/testimonials\/nuestras-historias-paul-nunn\/\" class=\"cell small-12 medium-6 card-button\" target=\"_blank\">\n\t\t\t\t\t\t\t\t\t<div class=\"card-button-inner\">\n\t\t\t\t\t\t\t\t\t\t<span>Paul Nunn &#8211; Gerente de Desarrollo Comercial de EMEA \u2013 Productos<\/span>\n\t\t\t\t\t\t\t\t\t\t<img decoding=\"async\" class=\"card-button-arrow\" src=\"https:\/\/www-dev.absglobal.com\/co\/wp-content\/themes\/abs\/dist\/assets\/img\/icons\/arrow-right-icon.svg\" aria-hidden=\"true\" alt=\"Arrow icon\">\n\t\t\t\t\t\t\t\t\t<\/div>\n\t\t\t\t\t\t\t\t<\/a>\n\t\t\t\t\t\t\t\t\t\t\t\t\t\t\t\t<a href=\"https:\/\/www.absglobal.com\/mx\/testimonials\/nuestras-historias-stephanie-doherty\/\" class=\"cell small-12 medium-6 card-button\" target=\"_blank\">\n\t\t\t\t\t\t\t\t\t<div class=\"card-button-inner\">\n\t\t\t\t\t\t\t\t\t\t<span>Stephanie Doherty &#8211; Director comercial regional<\/span>\n\t\t\t\t\t\t\t\t\t\t<img decoding=\"async\" class=\"card-button-arrow\" src=\"https:\/\/www-dev.absglobal.com\/co\/wp-content\/themes\/abs\/dist\/assets\/img\/icons\/arrow-right-icon.svg\" aria-hidden=\"true\" alt=\"Arrow icon\">\n\t\t\t\t\t\t\t\t\t<\/div>\n\t\t\t\t\t\t\t\t<\/a>\n\t\t\t\t\t\t\t\t\t\t\t\t\t\t\t\t<a href=\"https:\/\/www.absglobal.com\/mx\/testimonials\/nuestras-historias-bill-foster\/\" class=\"cell small-12 medium-6 card-button\" target=\"_blank\">\n\t\t\t\t\t\t\t\t\t<div class=\"card-button-inner\">\n\t\t\t\t\t\t\t\t\t\t<span>Bill Foster &#8211; Especialista en cr\u00eda de razas lecheras<\/span>\n\t\t\t\t\t\t\t\t\t\t<img decoding=\"async\" class=\"card-button-arrow\" src=\"https:\/\/www-dev.absglobal.com\/co\/wp-content\/themes\/abs\/dist\/assets\/img\/icons\/arrow-right-icon.svg\" aria-hidden=\"true\" alt=\"Arrow icon\">\n\t\t\t\t\t\t\t\t\t<\/div>\n\t\t\t\t\t\t\t\t<\/a>\n\t\t\t\t\t\t\t\t\t\t\t\t\t\t\t\t<a href=\"https:\/\/www.absglobal.com\/mx\/testimonials\/nuestras-historias-sian-jones\/\" class=\"cell small-12 medium-6 card-button\" target=\"_blank\">\n\t\t\t\t\t\t\t\t\t<div class=\"card-button-inner\">\n\t\t\t\t\t\t\t\t\t\t<span>Sian Jones &#8211; Directora del laboratorio convencional<\/span>\n\t\t\t\t\t\t\t\t\t\t<img decoding=\"async\" class=\"card-button-arrow\" src=\"https:\/\/www-dev.absglobal.com\/co\/wp-content\/themes\/abs\/dist\/assets\/img\/icons\/arrow-right-icon.svg\" aria-hidden=\"true\" alt=\"Arrow icon\">\n\t\t\t\t\t\t\t\t\t<\/div>\n\t\t\t\t\t\t\t\t<\/a>\n\t\t\t\t\t\t\t\t\t\t\t\t\t<\/div>\n\t\t\t\t\t\t\t<\/article>\n\t\t<\/div>\n\t<\/section>\n\t<\/div><\/div>\n","protected":false},"excerpt":{"rendered":"<p>Pioneros en el progreso gen\u00e9tico: 80 a\u00f1os y contando Desde que Rockefeller Prentice fund\u00f3 ABS en 1941, la innovaci\u00f3n ha sido parte de nuestro ADN. Continuando con el desarrollo en-conjunto del primer termo de semen hasta el reciente \u00e9xito de Sexcel\u00ae y Beef InFocus \u2122, hemos dejado nuestra huella en la industria de la gen\u00e9tica [&hellip;]<\/p>\n","protected":false},"author":437,"featured_media":0,"parent":0,"menu_order":0,"comment_status":"closed","ping_status":"closed","template":"","meta":{"_acf_changed":false,"content-type":"","footnotes":""},"class_list":["post-3493","page","type-page","status-publish","hentry"],"acf":[],"yoast_head":"<!-- This site is optimized with the Yoast SEO Premium plugin v22.1 (Yoast SEO v25.3) - https:\/\/yoast.com\/wordpress\/plugins\/seo\/ -->\n<title>ABS celebra su aniversario n\u00famero 80 - ABS Global Colombia<\/title>\n<meta name=\"robots\" content=\"index, follow, max-snippet:-1, max-image-preview:large, max-video-preview:-1\" \/>\n<link rel=\"canonical\" href=\"https:\/\/www-dev.absglobal.com\/co\/abs-celebra-su-aniversario-numero-80\/\" \/>\n<meta property=\"og:locale\" content=\"es_ES\" \/>\n<meta property=\"og:type\" content=\"article\" \/>\n<meta property=\"og:title\" content=\"ABS celebra su aniversario n\u00famero 80\" \/>\n<meta property=\"og:description\" content=\"Pioneros en el progreso gen\u00e9tico: 80 a\u00f1os y contando Desde que Rockefeller Prentice fund\u00f3 ABS en 1941, la innovaci\u00f3n ha sido parte de nuestro ADN. Continuando con el desarrollo en-conjunto del primer termo de semen hasta el reciente \u00e9xito de Sexcel\u00ae y Beef InFocus \u2122, hemos dejado nuestra huella en la industria de la gen\u00e9tica [&hellip;]\" \/>\n<meta property=\"og:url\" content=\"https:\/\/www-dev.absglobal.com\/co\/abs-celebra-su-aniversario-numero-80\/\" \/>\n<meta property=\"og:site_name\" content=\"ABS Global Colombia\" \/>\n<meta name=\"twitter:card\" content=\"summary_large_image\" \/>\n<meta name=\"twitter:label1\" content=\"Est. reading time\" \/>\n\t<meta name=\"twitter:data1\" content=\"1 minuto\" \/>\n<script type=\"application\/ld+json\" class=\"yoast-schema-graph\">{\"@context\":\"https:\/\/schema.org\",\"@graph\":[{\"@type\":\"WebPage\",\"@id\":\"https:\/\/www-dev.absglobal.com\/co\/abs-celebra-su-aniversario-numero-80\/\",\"url\":\"https:\/\/www-dev.absglobal.com\/co\/abs-celebra-su-aniversario-numero-80\/\",\"name\":\"ABS celebra su aniversario n\u00famero 80 - ABS Global Colombia\",\"isPartOf\":{\"@id\":\"https:\/\/www-dev.absglobal.com\/co\/#website\"},\"datePublished\":\"2021-05-19T23:02:28+00:00\",\"breadcrumb\":{\"@id\":\"https:\/\/www-dev.absglobal.com\/co\/abs-celebra-su-aniversario-numero-80\/#breadcrumb\"},\"inLanguage\":\"es\",\"potentialAction\":[{\"@type\":\"ReadAction\",\"target\":[\"https:\/\/www-dev.absglobal.com\/co\/abs-celebra-su-aniversario-numero-80\/\"]}]},{\"@type\":\"BreadcrumbList\",\"@id\":\"https:\/\/www-dev.absglobal.com\/co\/abs-celebra-su-aniversario-numero-80\/#breadcrumb\",\"itemListElement\":[{\"@type\":\"ListItem\",\"position\":1,\"name\":\"Home\",\"item\":\"https:\/\/www-dev.absglobal.com\/co\/\"},{\"@type\":\"ListItem\",\"position\":2,\"name\":\"ABS celebra su aniversario n\u00famero 80\"}]},{\"@type\":\"WebSite\",\"@id\":\"https:\/\/www-dev.absglobal.com\/co\/#website\",\"url\":\"https:\/\/www-dev.absglobal.com\/co\/\",\"name\":\"ABS Global Colombia\",\"description\":\"\",\"publisher\":{\"@id\":\"https:\/\/www-dev.absglobal.com\/co\/#organization\"},\"potentialAction\":[{\"@type\":\"SearchAction\",\"target\":{\"@type\":\"EntryPoint\",\"urlTemplate\":\"https:\/\/www-dev.absglobal.com\/co\/?s={search_term_string}\"},\"query-input\":{\"@type\":\"PropertyValueSpecification\",\"valueRequired\":true,\"valueName\":\"search_term_string\"}}],\"inLanguage\":\"es\"},{\"@type\":\"Organization\",\"@id\":\"https:\/\/www-dev.absglobal.com\/co\/#organization\",\"name\":\"ABS Global Colombia\",\"url\":\"https:\/\/www-dev.absglobal.com\/co\/\",\"logo\":{\"@type\":\"ImageObject\",\"inLanguage\":\"es\",\"@id\":\"https:\/\/www-dev.absglobal.com\/co\/#\/schema\/logo\/image\/\",\"url\":\"https:\/\/www-dev.absglobal.com\/co\/wp-content\/uploads\/sites\/18\/2020\/03\/LogoRGB.png\",\"contentUrl\":\"https:\/\/www-dev.absglobal.com\/co\/wp-content\/uploads\/sites\/18\/2020\/03\/LogoRGB.png\",\"width\":872,\"height\":1080,\"caption\":\"ABS Global Colombia\"},\"image\":{\"@id\":\"https:\/\/www-dev.absglobal.com\/co\/#\/schema\/logo\/image\/\"}}]}<\/script>\n<!-- \/ Yoast SEO Premium plugin. -->","yoast_head_json":{"title":"ABS celebra su aniversario n\u00famero 80 - ABS Global Colombia","robots":{"index":"index","follow":"follow","max-snippet":"max-snippet:-1","max-image-preview":"max-image-preview:large","max-video-preview":"max-video-preview:-1"},"canonical":"https:\/\/www-dev.absglobal.com\/co\/abs-celebra-su-aniversario-numero-80\/","og_locale":"es_ES","og_type":"article","og_title":"ABS celebra su aniversario n\u00famero 80","og_description":"Pioneros en el progreso gen\u00e9tico: 80 a\u00f1os y contando Desde que Rockefeller Prentice fund\u00f3 ABS en 1941, la innovaci\u00f3n ha sido parte de nuestro ADN. Continuando con el desarrollo en-conjunto del primer termo de semen hasta el reciente \u00e9xito de Sexcel\u00ae y Beef InFocus \u2122, hemos dejado nuestra huella en la industria de la gen\u00e9tica [&hellip;]","og_url":"https:\/\/www-dev.absglobal.com\/co\/abs-celebra-su-aniversario-numero-80\/","og_site_name":"ABS Global Colombia","twitter_card":"summary_large_image","twitter_misc":{"Est. reading time":"1 minuto"},"schema":{"@context":"https:\/\/schema.org","@graph":[{"@type":"WebPage","@id":"https:\/\/www-dev.absglobal.com\/co\/abs-celebra-su-aniversario-numero-80\/","url":"https:\/\/www-dev.absglobal.com\/co\/abs-celebra-su-aniversario-numero-80\/","name":"ABS celebra su aniversario n\u00famero 80 - ABS Global Colombia","isPartOf":{"@id":"https:\/\/www-dev.absglobal.com\/co\/#website"},"datePublished":"2021-05-19T23:02:28+00:00","breadcrumb":{"@id":"https:\/\/www-dev.absglobal.com\/co\/abs-celebra-su-aniversario-numero-80\/#breadcrumb"},"inLanguage":"es","potentialAction":[{"@type":"ReadAction","target":["https:\/\/www-dev.absglobal.com\/co\/abs-celebra-su-aniversario-numero-80\/"]}]},{"@type":"BreadcrumbList","@id":"https:\/\/www-dev.absglobal.com\/co\/abs-celebra-su-aniversario-numero-80\/#breadcrumb","itemListElement":[{"@type":"ListItem","position":1,"name":"Home","item":"https:\/\/www-dev.absglobal.com\/co\/"},{"@type":"ListItem","position":2,"name":"ABS celebra su aniversario n\u00famero 80"}]},{"@type":"WebSite","@id":"https:\/\/www-dev.absglobal.com\/co\/#website","url":"https:\/\/www-dev.absglobal.com\/co\/","name":"ABS Global Colombia","description":"","publisher":{"@id":"https:\/\/www-dev.absglobal.com\/co\/#organization"},"potentialAction":[{"@type":"SearchAction","target":{"@type":"EntryPoint","urlTemplate":"https:\/\/www-dev.absglobal.com\/co\/?s={search_term_string}"},"query-input":{"@type":"PropertyValueSpecification","valueRequired":true,"valueName":"search_term_string"}}],"inLanguage":"es"},{"@type":"Organization","@id":"https:\/\/www-dev.absglobal.com\/co\/#organization","name":"ABS Global Colombia","url":"https:\/\/www-dev.absglobal.com\/co\/","logo":{"@type":"ImageObject","inLanguage":"es","@id":"https:\/\/www-dev.absglobal.com\/co\/#\/schema\/logo\/image\/","url":"https:\/\/www-dev.absglobal.com\/co\/wp-content\/uploads\/sites\/18\/2020\/03\/LogoRGB.png","contentUrl":"https:\/\/www-dev.absglobal.com\/co\/wp-content\/uploads\/sites\/18\/2020\/03\/LogoRGB.png","width":872,"height":1080,"caption":"ABS Global Colombia"},"image":{"@id":"https:\/\/www-dev.absglobal.com\/co\/#\/schema\/logo\/image\/"}}]}},"jetpack_sharing_enabled":true,"_links":{"self":[{"href":"https:\/\/www-dev.absglobal.com\/co\/wp-json\/wp\/v2\/pages\/3493"}],"collection":[{"href":"https:\/\/www-dev.absglobal.com\/co\/wp-json\/wp\/v2\/pages"}],"about":[{"href":"https:\/\/www-dev.absglobal.com\/co\/wp-json\/wp\/v2\/types\/page"}],"author":[{"embeddable":true,"href":"https:\/\/www-dev.absglobal.com\/co\/wp-json\/wp\/v2\/users\/437"}],"replies":[{"embeddable":true,"href":"https:\/\/www-dev.absglobal.com\/co\/wp-json\/wp\/v2\/comments?post=3493"}],"version-history":[{"count":1,"href":"https:\/\/www-dev.absglobal.com\/co\/wp-json\/wp\/v2\/pages\/3493\/revisions"}],"predecessor-version":[{"id":3494,"href":"https:\/\/www-dev.absglobal.com\/co\/wp-json\/wp\/v2\/pages\/3493\/revisions\/3494"}],"wp:attachment":[{"href":"https:\/\/www-dev.absglobal.com\/co\/wp-json\/wp\/v2\/media?parent=3493"}],"curies":[{"name":"wp","href":"https:\/\/api.w.org\/{rel}","templated":true}]}}