{"id":1739,"date":"2020-02-24T10:35:58","date_gmt":"2020-02-24T15:35:58","guid":{"rendered":"http:\/\/cms.genusplc.com\/absglobal\/?page_id=1739"},"modified":"2020-05-05T15:42:31","modified_gmt":"2020-05-05T20:42:31","slug":"genetic-plan","status":"publish","type":"page","link":"https:\/\/www-dev.absglobal.com\/it\/genetic-plan\/","title":{"rendered":"Piano Genetico"},"content":{"rendered":"\n<p>Semplicit\u00e0 e facilit\u00e0 non sono la stessa cosa. Sviluppare una strategia genetica pu\u00f2 sembrare facile; ma in realt\u00e0 non viene fatto spesso, il che probabilmente sta a indicare che non \u00e8 poi cos\u00ec semplice.<\/p>\n\n\n\n<p>Molto spesso, vediamo allevatori che scelgono le loro strategie future sulla base di indici forniti dall&#8217;industria, oppure seguendo le strategie del loro vicino. Tuttavia, cos\u00ec facendo, possono non tener conto delle caratteristiche specifiche della loro attivit\u00e0, quelle che hanno un impatto significativo sulle performance dell&#8217;azienda.<\/p>\n\n\n\n<p>Il piano genetico ruota intorno al tipo di vacche che un allevatore produce e alle sue performance. Questo deve essere allineato con tutte le componenti specifiche della propria azienda: i piani di sviluppo aziendale, come viene pagato il latte, l&#8217;ambiente, le strutture, il management e molte altre variabili.<\/p>\n\n\n\n<p>Tenendo conto di tutte queste sfumature, ABS ha sviluppato diverse soluzioni per aiutare gli allevatori a rendere pi\u00f9 luminoso il futuro della loro attivit\u00e0.<\/p>\n\n\n\n<div style=\"height:50px\" aria-hidden=\"true\" class=\"wp-block-spacer\"><\/div>\n\n\n\n<h2 class=\"is-style-underline wp-block-heading\">Prodotti correlati<\/h2>\n\n\n\t\t<section id=\"\" class=\"alignwide section-wrapper section-wrapper-small-fluid block-product-slider\" data-magellan-target=\"\">\n\t\t\t<div class=\"carousel-card-section owl-carousel owl-theme\">\n\t\t\t\t\t\t\t\t\t\t<div class=\"card\">\n\t\t\t\t\t\t\t\t\t\t\t\t\t\t\t<img decoding=\"async\" class=\"card-img\" src=\"https:\/\/www-dev.absglobal.com\/it\/wp-content\/uploads\/sites\/26\/2020\/02\/product-gms-2.jpg?w=1000&#038;resize=375,250\" alt=\"Image of medical devices\">\n\t\t\t\t\t\t\t\t\t\t\t\t\t\t<div class=\"card-section\">\n\t\t\t\t\t\t\t\t<h3 class=\"card-title\">GMS 2.0<\/h3>\n\t\t\t\t\t\t\t\t\t\t\t\t\t\t\t\t\t\t\t\t\t\t\t\t\t<p class=\"card-description\">La genetica continua a migliorare e il vostro piano di accoppiamento dovrebbe fare altrettanto. Vi presentiamo Genetic Management System\u00ae (GMS\u00ae) 2.0 \u2013 un nuovo programma di accoppiamento innovativo, completamente riprogettato, costruito tenendo in considerazione esclusivamente i vostri obiettivi. Introdotto nel 2016, il GMS 2.0 continua ad offrire accoppiamenti corretti e imparziali, basati su caratteri morfologici, [&hellip;]<\/p>\n\t\t\t\t\t\t\t\t\n\t\t\t\t\t\t\t\t<a href=\"https:\/\/www-dev.absglobal.com\/it\/soluzioni\/gms\/\" class=\"card-section-button button\">Per saperne di pi\u00f9<\/a>\n\t\t\t\t\t\t\t<\/div>\n\t\t\t\t\t\t<\/div>\n\t\t\t\t\t\t\t\t\t\t\t\t<div class=\"card\">\n\t\t\t\t\t\t\t\t\t\t\t\t\t\t\t<img decoding=\"async\" class=\"card-img\" src=\"https:\/\/www-dev.absglobal.com\/it\/wp-content\/uploads\/sites\/26\/2020\/03\/product-sexcel-2.jpg?w=1000&#038;resize=375,250\" alt=\"Image of medical devices\">\n\t\t\t\t\t\t\t\t\t\t\t\t\t\t<div class=\"card-section\">\n\t\t\t\t\t\t\t\t<h3 class=\"card-title\">Sexcel\u00ae<\/h3>\n\t\t\t\t\t\t\t\t\t\t\t\t\t\t\t\t\t\t\t\t\t\t\t\t\t<p class=\"card-description\">Genetica Sexcel\u00ae \u2013 Creare la rimonta dalle vostre vacche migliori Una dose di seme non apporta un valore reale all&#8217;allevatore, a meno che dalla gravidanza non nasca una femmina. Solo producendo una manza sana sar\u00e0 possibile vedere il progresso genetico. \u00c8 qui che sta il valore. In un momento in cui l&#8217;efficienza \u00e8 fondamentale nelle [&hellip;]<\/p>\n\t\t\t\t\t\t\t\t\n\t\t\t\t\t\t\t\t<a href=\"https:\/\/www-dev.absglobal.com\/it\/soluzioni\/sexcel\/\" class=\"card-section-button button\">Per saperne di pi\u00f9<\/a>\n\t\t\t\t\t\t\t<\/div>\n\t\t\t\t\t\t<\/div>\n\t\t\t\t\t\t\t\t\t\t\t\t<div class=\"card\">\n\t\t\t\t\t\t\t\t\t\t\t\t\t\t\t<img decoding=\"async\" class=\"card-img\" src=\"https:\/\/www-dev.absglobal.com\/it\/wp-content\/uploads\/sites\/26\/2020\/02\/beef-infocus-product-page2.jpg?w=1000&#038;resize=375,250\" alt=\"Image of medical devices\">\n\t\t\t\t\t\t\t\t\t\t\t\t\t\t<div class=\"card-section\">\n\t\t\t\t\t\t\t\t<h3 class=\"card-title\">Beef InFocus\u2122<\/h3>\n\t\t\t\t\t\t\t\t\t\t\t\t\t\t\t\t\t\t\t\t\t\t\t\t\t<p class=\"card-description\">Beef on Dairy, ma non il solito prodotto.ABS Beef InFocus\u2122, powered by NuEra Genetics\u2122, offre agli allevatori da latte una genetica da carne provata e attendibile per massimizzare il valore del vitello e al tempo stesso migliorare l\u2019efficienza di tutta la catena produttiva. Genetica da carne specifica per le razze da Latte I tori Beef [&hellip;]<\/p>\n\t\t\t\t\t\t\t\t\n\t\t\t\t\t\t\t\t<a href=\"https:\/\/www-dev.absglobal.com\/it\/soluzioni\/beef-infocus\/\" class=\"card-section-button button\">Per saperne di pi\u00f9<\/a>\n\t\t\t\t\t\t\t<\/div>\n\t\t\t\t\t\t<\/div>\n\t\t\t\t\t\t\t\t\t<\/div>\n\t\t<\/section>\n\t\t\n\n","protected":false},"excerpt":{"rendered":"<p>Semplicit\u00e0 e facilit\u00e0 non sono la stessa cosa. Sviluppare una strategia genetica pu\u00f2 sembrare facile; ma in realt\u00e0 non viene fatto spesso, il che probabilmente sta a indicare che non \u00e8 poi cos\u00ec semplice. Molto spesso, vediamo allevatori che scelgono le loro strategie future sulla base di indici forniti dall&#8217;industria, oppure seguendo le strategie del [&hellip;]<\/p>\n","protected":false},"author":289,"featured_media":0,"parent":0,"menu_order":0,"comment_status":"closed","ping_status":"closed","template":"","meta":{"_acf_changed":false,"content-type":"","footnotes":""},"class_list":["post-1739","page","type-page","status-publish","hentry"],"acf":[],"yoast_head":"<!-- This site is optimized with the Yoast SEO Premium plugin v22.1 (Yoast SEO v25.3) - https:\/\/yoast.com\/wordpress\/plugins\/seo\/ -->\n<title>Piano Genetico - ABS Global Italia<\/title>\n<meta name=\"robots\" content=\"index, follow, max-snippet:-1, max-image-preview:large, max-video-preview:-1\" \/>\n<link rel=\"canonical\" href=\"https:\/\/www-dev.absglobal.com\/it\/genetic-plan\/\" \/>\n<meta property=\"og:locale\" content=\"it_IT\" \/>\n<meta property=\"og:type\" content=\"article\" \/>\n<meta property=\"og:title\" content=\"Piano Genetico\" \/>\n<meta property=\"og:description\" content=\"Semplicit\u00e0 e facilit\u00e0 non sono la stessa cosa. Sviluppare una strategia genetica pu\u00f2 sembrare facile; ma in realt\u00e0 non viene fatto spesso, il che probabilmente sta a indicare che non \u00e8 poi cos\u00ec semplice. Molto spesso, vediamo allevatori che scelgono le loro strategie future sulla base di indici forniti dall&#8217;industria, oppure seguendo le strategie del [&hellip;]\" \/>\n<meta property=\"og:url\" content=\"https:\/\/www-dev.absglobal.com\/it\/genetic-plan\/\" \/>\n<meta property=\"og:site_name\" content=\"ABS Global Italia\" \/>\n<meta property=\"article:modified_time\" content=\"2020-05-05T20:42:31+00:00\" \/>\n<meta name=\"twitter:card\" content=\"summary_large_image\" \/>\n<meta name=\"twitter:label1\" content=\"Est. reading time\" \/>\n\t<meta name=\"twitter:data1\" content=\"1 minuto\" \/>\n<script type=\"application\/ld+json\" class=\"yoast-schema-graph\">{\"@context\":\"https:\/\/schema.org\",\"@graph\":[{\"@type\":\"WebPage\",\"@id\":\"https:\/\/www-dev.absglobal.com\/it\/genetic-plan\/\",\"url\":\"https:\/\/www-dev.absglobal.com\/it\/genetic-plan\/\",\"name\":\"Piano Genetico - ABS Global Italia\",\"isPartOf\":{\"@id\":\"https:\/\/www-dev.absglobal.com\/it\/#website\"},\"datePublished\":\"2020-02-24T15:35:58+00:00\",\"dateModified\":\"2020-05-05T20:42:31+00:00\",\"breadcrumb\":{\"@id\":\"https:\/\/www-dev.absglobal.com\/it\/genetic-plan\/#breadcrumb\"},\"inLanguage\":\"it-IT\",\"potentialAction\":[{\"@type\":\"ReadAction\",\"target\":[\"https:\/\/www-dev.absglobal.com\/it\/genetic-plan\/\"]}]},{\"@type\":\"BreadcrumbList\",\"@id\":\"https:\/\/www-dev.absglobal.com\/it\/genetic-plan\/#breadcrumb\",\"itemListElement\":[{\"@type\":\"ListItem\",\"position\":1,\"name\":\"Home\",\"item\":\"https:\/\/www-dev.absglobal.com\/it\/\"},{\"@type\":\"ListItem\",\"position\":2,\"name\":\"Piano Genetico\"}]},{\"@type\":\"WebSite\",\"@id\":\"https:\/\/www-dev.absglobal.com\/it\/#website\",\"url\":\"https:\/\/www-dev.absglobal.com\/it\/\",\"name\":\"ABS Global Italia\",\"description\":\"\",\"publisher\":{\"@id\":\"https:\/\/www-dev.absglobal.com\/it\/#organization\"},\"potentialAction\":[{\"@type\":\"SearchAction\",\"target\":{\"@type\":\"EntryPoint\",\"urlTemplate\":\"https:\/\/www-dev.absglobal.com\/it\/?s={search_term_string}\"},\"query-input\":{\"@type\":\"PropertyValueSpecification\",\"valueRequired\":true,\"valueName\":\"search_term_string\"}}],\"inLanguage\":\"it-IT\"},{\"@type\":\"Organization\",\"@id\":\"https:\/\/www-dev.absglobal.com\/it\/#organization\",\"name\":\"ABS Global Italia\",\"url\":\"https:\/\/www-dev.absglobal.com\/it\/\",\"logo\":{\"@type\":\"ImageObject\",\"inLanguage\":\"it-IT\",\"@id\":\"https:\/\/www-dev.absglobal.com\/it\/#\/schema\/logo\/image\/\",\"url\":\"https:\/\/www-dev.absglobal.com\/it\/wp-content\/uploads\/sites\/26\/2020\/04\/LogoRGB.png\",\"contentUrl\":\"https:\/\/www-dev.absglobal.com\/it\/wp-content\/uploads\/sites\/26\/2020\/04\/LogoRGB.png\",\"width\":872,\"height\":1080,\"caption\":\"ABS Global Italia\"},\"image\":{\"@id\":\"https:\/\/www-dev.absglobal.com\/it\/#\/schema\/logo\/image\/\"}}]}<\/script>\n<!-- \/ Yoast SEO Premium plugin. -->","yoast_head_json":{"title":"Piano Genetico - ABS Global Italia","robots":{"index":"index","follow":"follow","max-snippet":"max-snippet:-1","max-image-preview":"max-image-preview:large","max-video-preview":"max-video-preview:-1"},"canonical":"https:\/\/www-dev.absglobal.com\/it\/genetic-plan\/","og_locale":"it_IT","og_type":"article","og_title":"Piano Genetico","og_description":"Semplicit\u00e0 e facilit\u00e0 non sono la stessa cosa. Sviluppare una strategia genetica pu\u00f2 sembrare facile; ma in realt\u00e0 non viene fatto spesso, il che probabilmente sta a indicare che non \u00e8 poi cos\u00ec semplice. Molto spesso, vediamo allevatori che scelgono le loro strategie future sulla base di indici forniti dall&#8217;industria, oppure seguendo le strategie del [&hellip;]","og_url":"https:\/\/www-dev.absglobal.com\/it\/genetic-plan\/","og_site_name":"ABS Global Italia","article_modified_time":"2020-05-05T20:42:31+00:00","twitter_card":"summary_large_image","twitter_misc":{"Est. reading time":"1 minuto"},"schema":{"@context":"https:\/\/schema.org","@graph":[{"@type":"WebPage","@id":"https:\/\/www-dev.absglobal.com\/it\/genetic-plan\/","url":"https:\/\/www-dev.absglobal.com\/it\/genetic-plan\/","name":"Piano Genetico - ABS Global Italia","isPartOf":{"@id":"https:\/\/www-dev.absglobal.com\/it\/#website"},"datePublished":"2020-02-24T15:35:58+00:00","dateModified":"2020-05-05T20:42:31+00:00","breadcrumb":{"@id":"https:\/\/www-dev.absglobal.com\/it\/genetic-plan\/#breadcrumb"},"inLanguage":"it-IT","potentialAction":[{"@type":"ReadAction","target":["https:\/\/www-dev.absglobal.com\/it\/genetic-plan\/"]}]},{"@type":"BreadcrumbList","@id":"https:\/\/www-dev.absglobal.com\/it\/genetic-plan\/#breadcrumb","itemListElement":[{"@type":"ListItem","position":1,"name":"Home","item":"https:\/\/www-dev.absglobal.com\/it\/"},{"@type":"ListItem","position":2,"name":"Piano Genetico"}]},{"@type":"WebSite","@id":"https:\/\/www-dev.absglobal.com\/it\/#website","url":"https:\/\/www-dev.absglobal.com\/it\/","name":"ABS Global Italia","description":"","publisher":{"@id":"https:\/\/www-dev.absglobal.com\/it\/#organization"},"potentialAction":[{"@type":"SearchAction","target":{"@type":"EntryPoint","urlTemplate":"https:\/\/www-dev.absglobal.com\/it\/?s={search_term_string}"},"query-input":{"@type":"PropertyValueSpecification","valueRequired":true,"valueName":"search_term_string"}}],"inLanguage":"it-IT"},{"@type":"Organization","@id":"https:\/\/www-dev.absglobal.com\/it\/#organization","name":"ABS Global Italia","url":"https:\/\/www-dev.absglobal.com\/it\/","logo":{"@type":"ImageObject","inLanguage":"it-IT","@id":"https:\/\/www-dev.absglobal.com\/it\/#\/schema\/logo\/image\/","url":"https:\/\/www-dev.absglobal.com\/it\/wp-content\/uploads\/sites\/26\/2020\/04\/LogoRGB.png","contentUrl":"https:\/\/www-dev.absglobal.com\/it\/wp-content\/uploads\/sites\/26\/2020\/04\/LogoRGB.png","width":872,"height":1080,"caption":"ABS Global Italia"},"image":{"@id":"https:\/\/www-dev.absglobal.com\/it\/#\/schema\/logo\/image\/"}}]}},"jetpack_sharing_enabled":true,"_links":{"self":[{"href":"https:\/\/www-dev.absglobal.com\/it\/wp-json\/wp\/v2\/pages\/1739"}],"collection":[{"href":"https:\/\/www-dev.absglobal.com\/it\/wp-json\/wp\/v2\/pages"}],"about":[{"href":"https:\/\/www-dev.absglobal.com\/it\/wp-json\/wp\/v2\/types\/page"}],"author":[{"embeddable":true,"href":"https:\/\/www-dev.absglobal.com\/it\/wp-json\/wp\/v2\/users\/289"}],"replies":[{"embeddable":true,"href":"https:\/\/www-dev.absglobal.com\/it\/wp-json\/wp\/v2\/comments?post=1739"}],"version-history":[{"count":18,"href":"https:\/\/www-dev.absglobal.com\/it\/wp-json\/wp\/v2\/pages\/1739\/revisions"}],"predecessor-version":[{"id":3723,"href":"https:\/\/www-dev.absglobal.com\/it\/wp-json\/wp\/v2\/pages\/1739\/revisions\/3723"}],"wp:attachment":[{"href":"https:\/\/www-dev.absglobal.com\/it\/wp-json\/wp\/v2\/media?parent=1739"}],"curies":[{"name":"wp","href":"https:\/\/api.w.org\/{rel}","templated":true}]}}