{"id":1745,"date":"2020-02-24T10:43:15","date_gmt":"2020-02-24T15:43:15","guid":{"rendered":"http:\/\/cms.genusplc.com\/absglobal\/?page_id=1745"},"modified":"2020-08-24T14:15:08","modified_gmt":"2020-08-24T19:15:08","slug":"genetic-assessment","status":"publish","type":"page","link":"https:\/\/www-dev.absglobal.com\/it\/genetic-assessment\/","title":{"rendered":"Valutazione genetica"},"content":{"rendered":"\n<h2 class=\"wp-block-heading\">Valutazione genetica- validazione e orientamento per il progresso genetico<\/h2>\n\n\n\n<div style=\"height:50px\" aria-hidden=\"true\" class=\"wp-block-spacer\"><\/div>\n\n\n\n<p>Per quanto ci piacerebbe che fosse diversamente, il progresso genetico non pu\u00f2 essere visto dall&#8217;oggi al domani. Per questo motivo, pu\u00f2 essere difficile vedere il miglioramento della tua mandria su base giornaliera.<\/p>\n\n\n\n<p>La valutazione genetica \u00e8 un modo per convalidare che le scelte genetiche stanno portando nella giusta direzione. Questo processo \u00e8 fatto attraverso l&#8217;analisi del pedigree o le informazioni genomiche di un animale. Questo \u00e8 un modo per assicurarsi che la generazione successiva sia migliore della precedente quando si confrontano i caratteri determinati nel vostro piano genetico iniziale.<\/p>\n\n\n\n<p>Sapendo che non tutte le vacche sono uguali, questo ci permette di classificate gli animali dal migliore al peggiore. Questo pu\u00f2 aiutarvi a segmentare la mandria e a identificare quali femmine utilizzare per creare la vostra prossima generazione.&nbsp;<\/p>\n\n\n\n<p>Sia che stiate valutando la vostra mandria da soli o che vi affidiate a un consulente genetico, la valutazione genetica \u00e8 un passaggio cruciale per raggiungere i vostri obiettivi genetici.<\/p>\n\n\n\n<div style=\"height:50px\" aria-hidden=\"true\" class=\"wp-block-spacer\"><\/div>\n\n\n\n<h2 class=\"is-style-underline wp-block-heading\">Soluzioni ABS per la Valutazione Genetica<\/h2>\n\n\n\t\t<section id=\"\" class=\"alignwide section-wrapper section-wrapper-small-fluid block-product-slider\" data-magellan-target=\"\">\n\t\t\t<div class=\"carousel-card-section owl-carousel owl-theme\">\n\t\t\t\t\t\t\t\t\t\t<div class=\"card\">\n\t\t\t\t\t\t\t\t\t\t\t\t\t\t\t<img decoding=\"async\" class=\"card-img\" src=\"https:\/\/www-dev.absglobal.com\/it\/wp-content\/uploads\/sites\/26\/2020\/02\/product-gms-2.jpg?w=1000&#038;resize=375,250\" alt=\"Image of medical devices\">\n\t\t\t\t\t\t\t\t\t\t\t\t\t\t<div class=\"card-section\">\n\t\t\t\t\t\t\t\t<h3 class=\"card-title\">GMS 2.0<\/h3>\n\t\t\t\t\t\t\t\t\t\t\t\t\t\t\t\t\t\t\t\t\t\t\t\t\t<p class=\"card-description\">La genetica continua a migliorare e il vostro piano di accoppiamento dovrebbe fare altrettanto. Vi presentiamo Genetic Management System\u00ae (GMS\u00ae) 2.0 \u2013 un nuovo programma di accoppiamento innovativo, completamente riprogettato, costruito tenendo in considerazione esclusivamente i vostri obiettivi. Introdotto nel 2016, il GMS 2.0 continua ad offrire accoppiamenti corretti e imparziali, basati su caratteri morfologici, [&hellip;]<\/p>\n\t\t\t\t\t\t\t\t\n\t\t\t\t\t\t\t\t<a href=\"https:\/\/www-dev.absglobal.com\/it\/soluzioni\/gms\/\" class=\"card-section-button button\">Per saperne di pi\u00f9<\/a>\n\t\t\t\t\t\t\t<\/div>\n\t\t\t\t\t\t<\/div>\n\t\t\t\t\t\t\t\t\t\t\t\t<div class=\"card\">\n\t\t\t\t\t\t\t\t\t\t\t\t\t\t\t<img decoding=\"async\" class=\"card-img\" src=\"https:\/\/www-dev.absglobal.com\/it\/wp-content\/uploads\/sites\/26\/2020\/04\/product-AI-technician-service-1.jpg?w=1000&#038;resize=375,250\" alt=\"Image of medical devices\">\n\t\t\t\t\t\t\t\t\t\t\t\t\t\t<div class=\"card-section\">\n\t\t\t\t\t\t\t\t<h3 class=\"card-title\">Reproductive Management System<\/h3>\n\t\t\t\t\t\t\t\t\t\t\t\t\t\t\t\t\t\t\t\t\t\t\t\t\t<p class=\"card-description\">I problemi di fertilit\u00e0 nelle aziende da latte diventano sempre pi\u00f9 grandi e l&#8217;RMS pu\u00f2 aiutare ad affrontare queste sfide estremamente importanti per il futuro profitto aziendale. Attraverso la presenza di un tecnico specializzato, l&#8217;RMS fornisce un paio d&#8217;occhi in pi\u00f9 in stalla per aumentare l&#8217;identificazione dei calori, fecondare e individuare qualsiasi anomalia negli animali, [&hellip;]<\/p>\n\t\t\t\t\t\t\t\t\n\t\t\t\t\t\t\t\t<a href=\"https:\/\/www-dev.absglobal.com\/it\/soluzioni\/reproductive-management-system\/\" class=\"card-section-button button\">Per saperne di pi\u00f9<\/a>\n\t\t\t\t\t\t\t<\/div>\n\t\t\t\t\t\t<\/div>\n\t\t\t\t\t\t\t\t\t\t\t\t<div class=\"card\">\n\t\t\t\t\t\t\t\t\t\t\t\t\t\t\t<img decoding=\"async\" class=\"card-img\" src=\"https:\/\/www-dev.absglobal.com\/it\/wp-content\/uploads\/sites\/26\/2020\/02\/Breeder-tag-system-uk.jpg?w=1000&#038;resize=375,250\" alt=\"Image of medical devices\">\n\t\t\t\t\t\t\t\t\t\t\t\t\t\t<div class=\"card-section\">\n\t\t\t\t\t\t\t\t<h3 class=\"card-title\">Breeder Tag<\/h3>\n\t\t\t\t\t\t\t\t\t\t\t\t\t\t\t\t\t\t\t\t\t\t\t\t\t<p class=\"card-description\">Dalla ricerca ABS e da anni di esperienza sul campo nasce il SISTEMA ABS BREEDER TAG, un nuovo approccio verso l&#8217;efficienza riproduttiva che Ti aiuter\u00e0 ad aumentare le prestazioni del TUO allevamento: migliorando il rilevamento dei calori per produrre pi\u00f9 gravidanze &#8211; incrementando il TUO progresso genetico con il GMS &#8211; aiutandoTi ad analizzare i [&hellip;]<\/p>\n\t\t\t\t\t\t\t\t\n\t\t\t\t\t\t\t\t<a href=\"https:\/\/www-dev.absglobal.com\/it\/soluzioni\/breeder-tag\/\" class=\"card-section-button button\">Per saperne di pi\u00f9<\/a>\n\t\t\t\t\t\t\t<\/div>\n\t\t\t\t\t\t<\/div>\n\t\t\t\t\t\t\t\t\t<\/div>\n\t\t<\/section>\n\t\t\n\n","protected":false},"excerpt":{"rendered":"<p>Valutazione genetica- validazione e orientamento per il progresso genetico Per quanto ci piacerebbe che fosse diversamente, il progresso genetico non pu\u00f2 essere visto dall&#8217;oggi al domani. Per questo motivo, pu\u00f2 essere difficile vedere il miglioramento della tua mandria su base giornaliera. La valutazione genetica \u00e8 un modo per convalidare che le scelte genetiche stanno portando [&hellip;]<\/p>\n","protected":false},"author":289,"featured_media":0,"parent":0,"menu_order":0,"comment_status":"closed","ping_status":"closed","template":"","meta":{"_acf_changed":false,"content-type":"","footnotes":""},"class_list":["post-1745","page","type-page","status-publish","hentry"],"acf":[],"yoast_head":"<!-- This site is optimized with the Yoast SEO Premium plugin v22.1 (Yoast SEO v25.3) - https:\/\/yoast.com\/wordpress\/plugins\/seo\/ -->\n<title>Valutazione genetica - ABS Global Italia<\/title>\n<meta name=\"robots\" content=\"index, follow, max-snippet:-1, max-image-preview:large, max-video-preview:-1\" \/>\n<link rel=\"canonical\" href=\"https:\/\/www-dev.absglobal.com\/it\/genetic-assessment\/\" \/>\n<meta property=\"og:locale\" content=\"it_IT\" \/>\n<meta property=\"og:type\" content=\"article\" \/>\n<meta property=\"og:title\" content=\"Valutazione genetica\" \/>\n<meta property=\"og:description\" content=\"Valutazione genetica- validazione e orientamento per il progresso genetico Per quanto ci piacerebbe che fosse diversamente, il progresso genetico non pu\u00f2 essere visto dall&#8217;oggi al domani. Per questo motivo, pu\u00f2 essere difficile vedere il miglioramento della tua mandria su base giornaliera. La valutazione genetica \u00e8 un modo per convalidare che le scelte genetiche stanno portando [&hellip;]\" \/>\n<meta property=\"og:url\" content=\"https:\/\/www-dev.absglobal.com\/it\/genetic-assessment\/\" \/>\n<meta property=\"og:site_name\" content=\"ABS Global Italia\" \/>\n<meta property=\"article:modified_time\" content=\"2020-08-24T19:15:08+00:00\" \/>\n<meta name=\"twitter:card\" content=\"summary_large_image\" \/>\n<meta name=\"twitter:label1\" content=\"Est. reading time\" \/>\n\t<meta name=\"twitter:data1\" content=\"1 minuto\" \/>\n<script type=\"application\/ld+json\" class=\"yoast-schema-graph\">{\"@context\":\"https:\/\/schema.org\",\"@graph\":[{\"@type\":\"WebPage\",\"@id\":\"https:\/\/www-dev.absglobal.com\/it\/genetic-assessment\/\",\"url\":\"https:\/\/www-dev.absglobal.com\/it\/genetic-assessment\/\",\"name\":\"Valutazione genetica - ABS Global Italia\",\"isPartOf\":{\"@id\":\"https:\/\/www-dev.absglobal.com\/it\/#website\"},\"datePublished\":\"2020-02-24T15:43:15+00:00\",\"dateModified\":\"2020-08-24T19:15:08+00:00\",\"breadcrumb\":{\"@id\":\"https:\/\/www-dev.absglobal.com\/it\/genetic-assessment\/#breadcrumb\"},\"inLanguage\":\"it-IT\",\"potentialAction\":[{\"@type\":\"ReadAction\",\"target\":[\"https:\/\/www-dev.absglobal.com\/it\/genetic-assessment\/\"]}]},{\"@type\":\"BreadcrumbList\",\"@id\":\"https:\/\/www-dev.absglobal.com\/it\/genetic-assessment\/#breadcrumb\",\"itemListElement\":[{\"@type\":\"ListItem\",\"position\":1,\"name\":\"Home\",\"item\":\"https:\/\/www-dev.absglobal.com\/it\/\"},{\"@type\":\"ListItem\",\"position\":2,\"name\":\"Valutazione genetica\"}]},{\"@type\":\"WebSite\",\"@id\":\"https:\/\/www-dev.absglobal.com\/it\/#website\",\"url\":\"https:\/\/www-dev.absglobal.com\/it\/\",\"name\":\"ABS Global Italia\",\"description\":\"\",\"publisher\":{\"@id\":\"https:\/\/www-dev.absglobal.com\/it\/#organization\"},\"potentialAction\":[{\"@type\":\"SearchAction\",\"target\":{\"@type\":\"EntryPoint\",\"urlTemplate\":\"https:\/\/www-dev.absglobal.com\/it\/?s={search_term_string}\"},\"query-input\":{\"@type\":\"PropertyValueSpecification\",\"valueRequired\":true,\"valueName\":\"search_term_string\"}}],\"inLanguage\":\"it-IT\"},{\"@type\":\"Organization\",\"@id\":\"https:\/\/www-dev.absglobal.com\/it\/#organization\",\"name\":\"ABS Global Italia\",\"url\":\"https:\/\/www-dev.absglobal.com\/it\/\",\"logo\":{\"@type\":\"ImageObject\",\"inLanguage\":\"it-IT\",\"@id\":\"https:\/\/www-dev.absglobal.com\/it\/#\/schema\/logo\/image\/\",\"url\":\"https:\/\/www-dev.absglobal.com\/it\/wp-content\/uploads\/sites\/26\/2020\/04\/LogoRGB.png\",\"contentUrl\":\"https:\/\/www-dev.absglobal.com\/it\/wp-content\/uploads\/sites\/26\/2020\/04\/LogoRGB.png\",\"width\":872,\"height\":1080,\"caption\":\"ABS Global Italia\"},\"image\":{\"@id\":\"https:\/\/www-dev.absglobal.com\/it\/#\/schema\/logo\/image\/\"}}]}<\/script>\n<!-- \/ Yoast SEO Premium plugin. -->","yoast_head_json":{"title":"Valutazione genetica - ABS Global Italia","robots":{"index":"index","follow":"follow","max-snippet":"max-snippet:-1","max-image-preview":"max-image-preview:large","max-video-preview":"max-video-preview:-1"},"canonical":"https:\/\/www-dev.absglobal.com\/it\/genetic-assessment\/","og_locale":"it_IT","og_type":"article","og_title":"Valutazione genetica","og_description":"Valutazione genetica- validazione e orientamento per il progresso genetico Per quanto ci piacerebbe che fosse diversamente, il progresso genetico non pu\u00f2 essere visto dall&#8217;oggi al domani. Per questo motivo, pu\u00f2 essere difficile vedere il miglioramento della tua mandria su base giornaliera. La valutazione genetica \u00e8 un modo per convalidare che le scelte genetiche stanno portando [&hellip;]","og_url":"https:\/\/www-dev.absglobal.com\/it\/genetic-assessment\/","og_site_name":"ABS Global Italia","article_modified_time":"2020-08-24T19:15:08+00:00","twitter_card":"summary_large_image","twitter_misc":{"Est. reading time":"1 minuto"},"schema":{"@context":"https:\/\/schema.org","@graph":[{"@type":"WebPage","@id":"https:\/\/www-dev.absglobal.com\/it\/genetic-assessment\/","url":"https:\/\/www-dev.absglobal.com\/it\/genetic-assessment\/","name":"Valutazione genetica - ABS Global Italia","isPartOf":{"@id":"https:\/\/www-dev.absglobal.com\/it\/#website"},"datePublished":"2020-02-24T15:43:15+00:00","dateModified":"2020-08-24T19:15:08+00:00","breadcrumb":{"@id":"https:\/\/www-dev.absglobal.com\/it\/genetic-assessment\/#breadcrumb"},"inLanguage":"it-IT","potentialAction":[{"@type":"ReadAction","target":["https:\/\/www-dev.absglobal.com\/it\/genetic-assessment\/"]}]},{"@type":"BreadcrumbList","@id":"https:\/\/www-dev.absglobal.com\/it\/genetic-assessment\/#breadcrumb","itemListElement":[{"@type":"ListItem","position":1,"name":"Home","item":"https:\/\/www-dev.absglobal.com\/it\/"},{"@type":"ListItem","position":2,"name":"Valutazione genetica"}]},{"@type":"WebSite","@id":"https:\/\/www-dev.absglobal.com\/it\/#website","url":"https:\/\/www-dev.absglobal.com\/it\/","name":"ABS Global Italia","description":"","publisher":{"@id":"https:\/\/www-dev.absglobal.com\/it\/#organization"},"potentialAction":[{"@type":"SearchAction","target":{"@type":"EntryPoint","urlTemplate":"https:\/\/www-dev.absglobal.com\/it\/?s={search_term_string}"},"query-input":{"@type":"PropertyValueSpecification","valueRequired":true,"valueName":"search_term_string"}}],"inLanguage":"it-IT"},{"@type":"Organization","@id":"https:\/\/www-dev.absglobal.com\/it\/#organization","name":"ABS Global Italia","url":"https:\/\/www-dev.absglobal.com\/it\/","logo":{"@type":"ImageObject","inLanguage":"it-IT","@id":"https:\/\/www-dev.absglobal.com\/it\/#\/schema\/logo\/image\/","url":"https:\/\/www-dev.absglobal.com\/it\/wp-content\/uploads\/sites\/26\/2020\/04\/LogoRGB.png","contentUrl":"https:\/\/www-dev.absglobal.com\/it\/wp-content\/uploads\/sites\/26\/2020\/04\/LogoRGB.png","width":872,"height":1080,"caption":"ABS Global Italia"},"image":{"@id":"https:\/\/www-dev.absglobal.com\/it\/#\/schema\/logo\/image\/"}}]}},"jetpack_sharing_enabled":true,"_links":{"self":[{"href":"https:\/\/www-dev.absglobal.com\/it\/wp-json\/wp\/v2\/pages\/1745"}],"collection":[{"href":"https:\/\/www-dev.absglobal.com\/it\/wp-json\/wp\/v2\/pages"}],"about":[{"href":"https:\/\/www-dev.absglobal.com\/it\/wp-json\/wp\/v2\/types\/page"}],"author":[{"embeddable":true,"href":"https:\/\/www-dev.absglobal.com\/it\/wp-json\/wp\/v2\/users\/289"}],"replies":[{"embeddable":true,"href":"https:\/\/www-dev.absglobal.com\/it\/wp-json\/wp\/v2\/comments?post=1745"}],"version-history":[{"count":33,"href":"https:\/\/www-dev.absglobal.com\/it\/wp-json\/wp\/v2\/pages\/1745\/revisions"}],"predecessor-version":[{"id":3928,"href":"https:\/\/www-dev.absglobal.com\/it\/wp-json\/wp\/v2\/pages\/1745\/revisions\/3928"}],"wp:attachment":[{"href":"https:\/\/www-dev.absglobal.com\/it\/wp-json\/wp\/v2\/media?parent=1745"}],"curies":[{"name":"wp","href":"https:\/\/api.w.org\/{rel}","templated":true}]}}