{"id":2096,"date":"2020-03-10T10:39:13","date_gmt":"2020-03-10T15:39:13","guid":{"rendered":"http:\/\/cms.genusplc.com\/absglobal\/?page_id=2096"},"modified":"2021-05-20T09:07:16","modified_gmt":"2021-05-20T14:07:16","slug":"beef-on-dairy","status":"publish","type":"page","link":"https:\/\/www-dev.absglobal.com\/it\/beef-on-dairy\/","title":{"rendered":"Beef on Dairy"},"content":{"rendered":"\n<p>L&#8217;utilizzo di seme da carne su bovine da latte a basso valore genetico\/produttivo sta diventando una pratica sempre pi\u00f9 frequente. Il motivo principale di questo incremento \u00e8 dovuto al maggior valore economico dei vitelli ottenuti con seme da carne rispetto ai tradizionali vitelli da latte.<\/p>\n\n\n\n<p>Oltre al valore economico dei vitelli da carne, ci sono altri vantaggi. L&#8217;uso di seme sessato sugli animali migliori della mandria per ottenere le manze necessarie alla rimonta della stalla incrementa anche l&#8217;indice di selezione e accelera il progresso genetico. Inoltre, gestendo in maniera proattiva il numero delle manze consentir\u00e0 una riduzione della riforma, riducendo i costi di allevamento.<\/p>\n\n\n\n<p>Pi\u00f9 soldi con i vitelli da carne, una migliore genetica per la rimonta e un&#8217;ottimizzazione dei costi sono aspetti ideali, ma possono essere rischiosi se non viene eseguita un&#8217;accurata selezione genetica del seme da carne.<\/p>\n\n\n\n<p>Il primo passo in questo processo consiste nel garantire una genetica da carne che abbia buoni dati riproduttivi e nel dimostrare i risultati al parto. Produrre, inoltre, un vitello sano ed efficiente che aggiunga valore per tutta la filiera da carne.<\/p>\n\n\n\n<div style=\"height:50px\" aria-hidden=\"true\" class=\"wp-block-spacer\"><\/div>\n\n\n\n<h2 class=\"is-style-underline wp-block-heading\">Soluzioni ABS per il Beef on Dairy<\/h2>\n\n\n\t\t<section id=\"\" class=\"alignwide section-wrapper section-wrapper-small-fluid block-product-slider\" data-magellan-target=\"\">\n\t\t\t<div class=\"carousel-card-section owl-carousel owl-theme\">\n\t\t\t\t\t\t\t\t\t\t<div class=\"card\">\n\t\t\t\t\t\t\t\t\t\t\t\t\t\t\t<img decoding=\"async\" class=\"card-img\" src=\"https:\/\/www-dev.absglobal.com\/it\/wp-content\/uploads\/sites\/26\/2020\/02\/beef-infocus-product-page2.jpg?w=1000&#038;resize=375,250\" alt=\"Image of medical devices\">\n\t\t\t\t\t\t\t\t\t\t\t\t\t\t<div class=\"card-section\">\n\t\t\t\t\t\t\t\t<h3 class=\"card-title\">Beef InFocus\u2122<\/h3>\n\t\t\t\t\t\t\t\t\t\t\t\t\t\t\t\t\t\t\t\t\t\t\t\t\t<p class=\"card-description\">Beef on Dairy, ma non il solito prodotto.ABS Beef InFocus\u2122, powered by NuEra Genetics\u2122, offre agli allevatori da latte una genetica da carne provata e attendibile per massimizzare il valore del vitello e al tempo stesso migliorare l\u2019efficienza di tutta la catena produttiva. Genetica da carne specifica per le razze da Latte I tori Beef [&hellip;]<\/p>\n\t\t\t\t\t\t\t\t\n\t\t\t\t\t\t\t\t<a href=\"https:\/\/www-dev.absglobal.com\/it\/soluzioni\/beef-infocus\/\" class=\"card-section-button button\">Per saperne di pi\u00f9<\/a>\n\t\t\t\t\t\t\t<\/div>\n\t\t\t\t\t\t<\/div>\n\t\t\t\t\t\t\t\t\t\t\t\t<div class=\"card\">\n\t\t\t\t\t\t\t\t\t\t\t\t\t\t\t<img decoding=\"async\" class=\"card-img\" src=\"https:\/\/www-dev.absglobal.com\/it\/wp-content\/uploads\/sites\/26\/2020\/03\/product-sexcel-2.jpg?w=1000&#038;resize=375,250\" alt=\"Image of medical devices\">\n\t\t\t\t\t\t\t\t\t\t\t\t\t\t<div class=\"card-section\">\n\t\t\t\t\t\t\t\t<h3 class=\"card-title\">Sexcel\u00ae<\/h3>\n\t\t\t\t\t\t\t\t\t\t\t\t\t\t\t\t\t\t\t\t\t\t\t\t\t<p class=\"card-description\">Genetica Sexcel\u00ae \u2013 Creare la rimonta dalle vostre vacche migliori Una dose di seme non apporta un valore reale all&#8217;allevatore, a meno che dalla gravidanza non nasca una femmina. Solo producendo una manza sana sar\u00e0 possibile vedere il progresso genetico. \u00c8 qui che sta il valore. In un momento in cui l&#8217;efficienza \u00e8 fondamentale nelle [&hellip;]<\/p>\n\t\t\t\t\t\t\t\t\n\t\t\t\t\t\t\t\t<a href=\"https:\/\/www-dev.absglobal.com\/it\/soluzioni\/sexcel\/\" class=\"card-section-button button\">Per saperne di pi\u00f9<\/a>\n\t\t\t\t\t\t\t<\/div>\n\t\t\t\t\t\t<\/div>\n\t\t\t\t\t\t\t\t\t\t\t\t<div class=\"card\">\n\t\t\t\t\t\t\t\t\t\t\t\t\t\t\t<img decoding=\"async\" class=\"card-img\" src=\"https:\/\/www-dev.absglobal.com\/it\/wp-content\/uploads\/sites\/26\/2020\/03\/product-nuera-2.jpg?w=1000&#038;resize=375,250\" alt=\"Image of medical devices\">\n\t\t\t\t\t\t\t\t\t\t\t\t\t\t<div class=\"card-section\">\n\t\t\t\t\t\t\t\t<h3 class=\"card-title\">NuEra Genetics\u2122<\/h3>\n\t\t\t\t\t\t\t\t\t\t\t\t\t\t\t\t\t\t\t\t\t\t\t\t\t<p class=\"card-description\">NuEra Genetics\u2122 \u00e8 il nuovo marchio ABS Global che comprende tutti i programmi genetici da carne, le valutazioni e gli indici di propriet\u00e0 ABS. Lanciato nel luglio del 2017, NuEra Genetics fornisce una genetica da carne unica e superiore per la reddittivit\u00e0 della catena di approvvigionamento di carne bovina. NuEra Genetics segna il prossimo capitolo [&hellip;]<\/p>\n\t\t\t\t\t\t\t\t\n\t\t\t\t\t\t\t\t<a href=\"https:\/\/www-dev.absglobal.com\/it\/soluzioni\/nuera-genetics\/\" class=\"card-section-button button\">Per saperne di pi\u00f9<\/a>\n\t\t\t\t\t\t\t<\/div>\n\t\t\t\t\t\t<\/div>\n\t\t\t\t\t\t\t\t\t\t\t\t<div class=\"card\">\n\t\t\t\t\t\t\t\t\t\t\t\t\t\t\t<img decoding=\"async\" class=\"card-img\" src=\"https:\/\/www-dev.absglobal.com\/it\/wp-content\/uploads\/sites\/26\/2020\/02\/product-gms-2.jpg?w=1000&#038;resize=375,250\" alt=\"Image of medical devices\">\n\t\t\t\t\t\t\t\t\t\t\t\t\t\t<div class=\"card-section\">\n\t\t\t\t\t\t\t\t<h3 class=\"card-title\">GMS 2.0<\/h3>\n\t\t\t\t\t\t\t\t\t\t\t\t\t\t\t\t\t\t\t\t\t\t\t\t\t<p class=\"card-description\">La genetica continua a migliorare e il vostro piano di accoppiamento dovrebbe fare altrettanto. Vi presentiamo Genetic Management System\u00ae (GMS\u00ae) 2.0 \u2013 un nuovo programma di accoppiamento innovativo, completamente riprogettato, costruito tenendo in considerazione esclusivamente i vostri obiettivi. Introdotto nel 2016, il GMS 2.0 continua ad offrire accoppiamenti corretti e imparziali, basati su caratteri morfologici, [&hellip;]<\/p>\n\t\t\t\t\t\t\t\t\n\t\t\t\t\t\t\t\t<a href=\"https:\/\/www-dev.absglobal.com\/it\/soluzioni\/gms\/\" class=\"card-section-button button\">Per saperne di pi\u00f9<\/a>\n\t\t\t\t\t\t\t<\/div>\n\t\t\t\t\t\t<\/div>\n\t\t\t\t\t\t\t\t\t<\/div>\n\t\t<\/section>\n\t\t\n\n","protected":false},"excerpt":{"rendered":"<p>L&#8217;utilizzo di seme da carne su bovine da latte a basso valore genetico\/produttivo sta diventando una pratica sempre pi\u00f9 frequente. Il motivo principale di questo incremento \u00e8 dovuto al maggior valore economico dei vitelli ottenuti con seme da carne rispetto ai tradizionali vitelli da latte. Oltre al valore economico dei vitelli da carne, ci sono [&hellip;]<\/p>\n","protected":false},"author":289,"featured_media":0,"parent":0,"menu_order":0,"comment_status":"closed","ping_status":"closed","template":"","meta":{"_acf_changed":false,"content-type":"","footnotes":""},"class_list":["post-2096","page","type-page","status-publish","hentry"],"acf":[],"yoast_head":"<!-- This site is optimized with the Yoast SEO Premium plugin v22.1 (Yoast SEO v25.3) - https:\/\/yoast.com\/wordpress\/plugins\/seo\/ -->\n<title>Beef on Dairy - ABS Global Italia<\/title>\n<meta name=\"robots\" content=\"index, follow, max-snippet:-1, max-image-preview:large, max-video-preview:-1\" \/>\n<link rel=\"canonical\" href=\"https:\/\/www-dev.absglobal.com\/it\/beef-on-dairy\/\" \/>\n<meta property=\"og:locale\" content=\"it_IT\" \/>\n<meta property=\"og:type\" content=\"article\" \/>\n<meta property=\"og:title\" content=\"Beef on Dairy\" \/>\n<meta property=\"og:description\" content=\"L&#8217;utilizzo di seme da carne su bovine da latte a basso valore genetico\/produttivo sta diventando una pratica sempre pi\u00f9 frequente. Il motivo principale di questo incremento \u00e8 dovuto al maggior valore economico dei vitelli ottenuti con seme da carne rispetto ai tradizionali vitelli da latte. Oltre al valore economico dei vitelli da carne, ci sono [&hellip;]\" \/>\n<meta property=\"og:url\" content=\"https:\/\/www-dev.absglobal.com\/it\/beef-on-dairy\/\" \/>\n<meta property=\"og:site_name\" content=\"ABS Global Italia\" \/>\n<meta property=\"article:modified_time\" content=\"2021-05-20T14:07:16+00:00\" \/>\n<meta name=\"twitter:card\" content=\"summary_large_image\" \/>\n<meta name=\"twitter:label1\" content=\"Est. reading time\" \/>\n\t<meta name=\"twitter:data1\" content=\"1 minuto\" \/>\n<script type=\"application\/ld+json\" class=\"yoast-schema-graph\">{\"@context\":\"https:\/\/schema.org\",\"@graph\":[{\"@type\":\"WebPage\",\"@id\":\"https:\/\/www-dev.absglobal.com\/it\/beef-on-dairy\/\",\"url\":\"https:\/\/www-dev.absglobal.com\/it\/beef-on-dairy\/\",\"name\":\"Beef on Dairy - ABS Global Italia\",\"isPartOf\":{\"@id\":\"https:\/\/www-dev.absglobal.com\/it\/#website\"},\"datePublished\":\"2020-03-10T15:39:13+00:00\",\"dateModified\":\"2021-05-20T14:07:16+00:00\",\"breadcrumb\":{\"@id\":\"https:\/\/www-dev.absglobal.com\/it\/beef-on-dairy\/#breadcrumb\"},\"inLanguage\":\"it-IT\",\"potentialAction\":[{\"@type\":\"ReadAction\",\"target\":[\"https:\/\/www-dev.absglobal.com\/it\/beef-on-dairy\/\"]}]},{\"@type\":\"BreadcrumbList\",\"@id\":\"https:\/\/www-dev.absglobal.com\/it\/beef-on-dairy\/#breadcrumb\",\"itemListElement\":[{\"@type\":\"ListItem\",\"position\":1,\"name\":\"Home\",\"item\":\"https:\/\/www-dev.absglobal.com\/it\/\"},{\"@type\":\"ListItem\",\"position\":2,\"name\":\"Beef on Dairy\"}]},{\"@type\":\"WebSite\",\"@id\":\"https:\/\/www-dev.absglobal.com\/it\/#website\",\"url\":\"https:\/\/www-dev.absglobal.com\/it\/\",\"name\":\"ABS Global Italia\",\"description\":\"\",\"publisher\":{\"@id\":\"https:\/\/www-dev.absglobal.com\/it\/#organization\"},\"potentialAction\":[{\"@type\":\"SearchAction\",\"target\":{\"@type\":\"EntryPoint\",\"urlTemplate\":\"https:\/\/www-dev.absglobal.com\/it\/?s={search_term_string}\"},\"query-input\":{\"@type\":\"PropertyValueSpecification\",\"valueRequired\":true,\"valueName\":\"search_term_string\"}}],\"inLanguage\":\"it-IT\"},{\"@type\":\"Organization\",\"@id\":\"https:\/\/www-dev.absglobal.com\/it\/#organization\",\"name\":\"ABS Global Italia\",\"url\":\"https:\/\/www-dev.absglobal.com\/it\/\",\"logo\":{\"@type\":\"ImageObject\",\"inLanguage\":\"it-IT\",\"@id\":\"https:\/\/www-dev.absglobal.com\/it\/#\/schema\/logo\/image\/\",\"url\":\"https:\/\/www-dev.absglobal.com\/it\/wp-content\/uploads\/sites\/26\/2020\/04\/LogoRGB.png\",\"contentUrl\":\"https:\/\/www-dev.absglobal.com\/it\/wp-content\/uploads\/sites\/26\/2020\/04\/LogoRGB.png\",\"width\":872,\"height\":1080,\"caption\":\"ABS Global Italia\"},\"image\":{\"@id\":\"https:\/\/www-dev.absglobal.com\/it\/#\/schema\/logo\/image\/\"}}]}<\/script>\n<!-- \/ Yoast SEO Premium plugin. -->","yoast_head_json":{"title":"Beef on Dairy - ABS Global Italia","robots":{"index":"index","follow":"follow","max-snippet":"max-snippet:-1","max-image-preview":"max-image-preview:large","max-video-preview":"max-video-preview:-1"},"canonical":"https:\/\/www-dev.absglobal.com\/it\/beef-on-dairy\/","og_locale":"it_IT","og_type":"article","og_title":"Beef on Dairy","og_description":"L&#8217;utilizzo di seme da carne su bovine da latte a basso valore genetico\/produttivo sta diventando una pratica sempre pi\u00f9 frequente. Il motivo principale di questo incremento \u00e8 dovuto al maggior valore economico dei vitelli ottenuti con seme da carne rispetto ai tradizionali vitelli da latte. Oltre al valore economico dei vitelli da carne, ci sono [&hellip;]","og_url":"https:\/\/www-dev.absglobal.com\/it\/beef-on-dairy\/","og_site_name":"ABS Global Italia","article_modified_time":"2021-05-20T14:07:16+00:00","twitter_card":"summary_large_image","twitter_misc":{"Est. reading time":"1 minuto"},"schema":{"@context":"https:\/\/schema.org","@graph":[{"@type":"WebPage","@id":"https:\/\/www-dev.absglobal.com\/it\/beef-on-dairy\/","url":"https:\/\/www-dev.absglobal.com\/it\/beef-on-dairy\/","name":"Beef on Dairy - ABS Global Italia","isPartOf":{"@id":"https:\/\/www-dev.absglobal.com\/it\/#website"},"datePublished":"2020-03-10T15:39:13+00:00","dateModified":"2021-05-20T14:07:16+00:00","breadcrumb":{"@id":"https:\/\/www-dev.absglobal.com\/it\/beef-on-dairy\/#breadcrumb"},"inLanguage":"it-IT","potentialAction":[{"@type":"ReadAction","target":["https:\/\/www-dev.absglobal.com\/it\/beef-on-dairy\/"]}]},{"@type":"BreadcrumbList","@id":"https:\/\/www-dev.absglobal.com\/it\/beef-on-dairy\/#breadcrumb","itemListElement":[{"@type":"ListItem","position":1,"name":"Home","item":"https:\/\/www-dev.absglobal.com\/it\/"},{"@type":"ListItem","position":2,"name":"Beef on Dairy"}]},{"@type":"WebSite","@id":"https:\/\/www-dev.absglobal.com\/it\/#website","url":"https:\/\/www-dev.absglobal.com\/it\/","name":"ABS Global Italia","description":"","publisher":{"@id":"https:\/\/www-dev.absglobal.com\/it\/#organization"},"potentialAction":[{"@type":"SearchAction","target":{"@type":"EntryPoint","urlTemplate":"https:\/\/www-dev.absglobal.com\/it\/?s={search_term_string}"},"query-input":{"@type":"PropertyValueSpecification","valueRequired":true,"valueName":"search_term_string"}}],"inLanguage":"it-IT"},{"@type":"Organization","@id":"https:\/\/www-dev.absglobal.com\/it\/#organization","name":"ABS Global Italia","url":"https:\/\/www-dev.absglobal.com\/it\/","logo":{"@type":"ImageObject","inLanguage":"it-IT","@id":"https:\/\/www-dev.absglobal.com\/it\/#\/schema\/logo\/image\/","url":"https:\/\/www-dev.absglobal.com\/it\/wp-content\/uploads\/sites\/26\/2020\/04\/LogoRGB.png","contentUrl":"https:\/\/www-dev.absglobal.com\/it\/wp-content\/uploads\/sites\/26\/2020\/04\/LogoRGB.png","width":872,"height":1080,"caption":"ABS Global Italia"},"image":{"@id":"https:\/\/www-dev.absglobal.com\/it\/#\/schema\/logo\/image\/"}}]}},"jetpack_sharing_enabled":true,"_links":{"self":[{"href":"https:\/\/www-dev.absglobal.com\/it\/wp-json\/wp\/v2\/pages\/2096"}],"collection":[{"href":"https:\/\/www-dev.absglobal.com\/it\/wp-json\/wp\/v2\/pages"}],"about":[{"href":"https:\/\/www-dev.absglobal.com\/it\/wp-json\/wp\/v2\/types\/page"}],"author":[{"embeddable":true,"href":"https:\/\/www-dev.absglobal.com\/it\/wp-json\/wp\/v2\/users\/289"}],"replies":[{"embeddable":true,"href":"https:\/\/www-dev.absglobal.com\/it\/wp-json\/wp\/v2\/comments?post=2096"}],"version-history":[{"count":34,"href":"https:\/\/www-dev.absglobal.com\/it\/wp-json\/wp\/v2\/pages\/2096\/revisions"}],"predecessor-version":[{"id":5119,"href":"https:\/\/www-dev.absglobal.com\/it\/wp-json\/wp\/v2\/pages\/2096\/revisions\/5119"}],"wp:attachment":[{"href":"https:\/\/www-dev.absglobal.com\/it\/wp-json\/wp\/v2\/media?parent=2096"}],"curies":[{"name":"wp","href":"https:\/\/api.w.org\/{rel}","templated":true}]}}