{"id":3237,"date":"2020-04-05T21:54:34","date_gmt":"2020-04-06T02:54:34","guid":{"rendered":"http:\/\/www-dev.absglobal.com\/uk\/?page_id=3237"},"modified":"2020-08-24T11:47:02","modified_gmt":"2020-08-24T16:47:02","slug":"option-terms","status":"publish","type":"page","link":"https:\/\/www-dev.absglobal.com\/it\/option-terms\/","title":{"rendered":"Termini dell\u2019opzione"},"content":{"rendered":"\n<p>Oltre ai \u00a0<a href=\"https:\/\/www-dev.absglobal.com\/it\/termini-e-condizioni\/\" data-type=\"page\" data-id=\"1255\">Termini e condizioni standard ABS<\/a>, sono validi i seguenti termini per qualsiasi acquisto e utilizzo del germoplasma Icon Sire\u2122 di ABS e per l\u2019uso di esemplari di progenie di prima generazione prodotti da germoplasma Icon Sire (di seguito \u201c<strong>la Progenie<\/strong>\u201d).\u00a0 Niente di quanto \u00e8 presente nei presenti termini richiede al cliente di acquistare o utilizzare germoplasma Icon Sire di ABS.<\/p>\n\n\n\n<h2 class=\"wp-block-heading\">Uso<\/h2>\n\n\n\n<p>L\u2019Acquirente si impegna a utilizzare esclusivamente germoplasma Icon Sire (in tutto o in parte) in animali di propriet\u00e0 o noleggiati dall\u2019Acquirente nel normale corso dell\u2019attivit\u00e0. L\u2019Acquirente non \u00e8 autorizzato, senza il previo consenso scritto di ABS, prima o dopo il Periodo di opzione, direttamente o indirettamente, a:<\/p>\n\n\n\n<ul class=\"wp-block-list\"><li>Raccogliere il liquido seminale della Progenie maschio;<\/li><li>Vendere, commercializzare, noleggiare o cedere in altro modo la Progenie (nata o che deve nascere) a terzi;<\/li><li>Raccogliere, commercializzare o fornire in altro modo liquido seminale, ovociti o embrioni della Progenie a terzi.<\/li><\/ul>\n\n\n\n<p>Per chiarezza, qualsiasi embrione prodotto dal germoplasma Icon Sire \u00e8 esclusivamente per uso interno dell\u2019Acquirente e non pu\u00f2 essere venduto, ceduto o utilizzato con terzi in qualsiasi momento salvo laddove diversamente concordato per iscritto da ABS. A scanso di equivoci, si specifica che niente nei presenti termini limita l\u2019uso della Progenie da parte dell\u2019Acquirente per gli accoppiamenti naturali nell\u2019ambito della mandria o la sua capacit\u00e0 di vendere la Progenie per la macellazione.<\/p>\n\n\n\n<h2 class=\"wp-block-heading\"><strong>Opzione<\/strong><\/h2>\n\n\n\n<p>L\u2019Acquirente concede ad ABS (o alla sua affiliata designata) un\u2019opzione esclusiva e irrevocabile all\u2019acquisto (A) della Progenie maschile e (B) delle femmine che rende o intende rendere disponibile alla vendita alle seguenti condizioni:<\/p>\n\n\n\n<ul class=\"wp-block-list\"><li>Se (i) il riproduttore dell\u2019esemplare di Progenie \u00e8 presente nell\u2019elenco del sito web Icon Sires e (ii) soddisfa i requisiti genetici minimi presenti nell\u2019elenco nel sito web Icon Sires, l\u2019Acquirente \u00e8 tenuto a notificarlo ad ABS per iscritto entro 3 giorni lavorativi dalla ricezione della prima valutazione genomica su qualsiasi maschio di Progenie o immediatamente, se si desidera vendere un\u2019esemplare di Progenie femmina, compilando il Modulo di notifica di opzione sulla progenie Icon Sires. L\u2019Acquirente concorda che \u00e8 sua responsabilit\u00e0 verificare il sito web Icon Sires prima di mettere in vendita la Progenie e nella misura ragionevolmente necessaria per adempiere ai propri obblighi ai sensi dei presenti termini.<\/li><li>\u2022 ABS avr\u00e0 a disposizione 15 giorni lavorativi dalla data in cui riceve la notifica scritta (il \u201cPeriodo di opzione\u201d) per esercitare la propria opzione per tale Progenie secondo le matrici di prezzo e i termini di pagamento presenti nell\u2019elenco alla pagina web (http:\/\/www-dev.absglobal.com\/option-terms), e relativi aggiornamenti regolari, e secondo altri termini abituali dei contratti di acquisto di animali nel settore della genetica bovina. Se ABS esercita la propria opzione ai sensi della presente sezione, l\u2019Acquirente e ABS si impegnano a stipulare il contratto standard ABS di vendita di tori o di femmine in vigore in quel momento (il \u201cContratto di acquisto\u201d) per la Progenie pertinente.<\/li><li>\u2022 Se (i) il riproduttore non \u00e8 pi\u00f9 presente nell\u2019elenco sul sito web Icon Sires, (ii) l\u2019esemplare di Progenie non soddisfa i requisiti genetici riportati nel sito web Icon Sires o (iii) ABS non esercita la propria opzione entro il Periodo di opzione, o notifica altrimenti all\u2019Acquirente per iscritto la propria intenzione di non acquistare l\u2019esemplare di Progenie, l\u2019Acquirente sar\u00e0 libero di vendere o disporre dell\u2019esemplare di Progenie a propria discrezione, in conformit\u00e0 ai Termini e condizioni ABS.<\/li><\/ul>\n\n\n\n<p>L\u2019Acquirente concorda che \u00e8 sua responsabilit\u00e0 verificare il\u00a0sito web Icon Sire\u00a0prima di mettere in vendita la Progenie e nella misura ragionevolmente necessaria per adempiere ai propri obblighi ai sensi dei presenti termini.<\/p>\n\n\n\n<h2 class=\"wp-block-heading\">Disposizioni generali<\/h2>\n\n\n\n<p>I presenti termini sono validi per l\u2019uso da parte dell\u2019Acquirente del germoplasma Icon Sire, a prescindere da come questi ne sia entrato in possesso. L\u2019Acquirente si impegna a non cedere i propri diritti od obblighi ai sensi dei presenti termini senza il consenso scritto di ABS. Qualsiasi incarico o delega non autorizzati ai presenti termini o a qualsiasi Progenie saranno nulli in partenza. Tali termini sono vincolanti e sono in vigore a beneficio delle parti e dei rispettivi successori e assegnatari autorizzati.<\/p>\n\n\n\n<p>Alla richiesta di ABS, l\u2019Acquirente si impegna a fornire ad ABS prove documentali (ragionevolmente accettabili per ABS) dei suoi acquisti di liquido seminale e i dati di accoppiamento necessari al monitoraggio dell\u2019adempimento degli obblighi dell\u2019Acquirente ai sensi del presente Contratto.<\/p>\n\n\n\n<p>L\u2019Acquirente riconosce e concorda che qualsiasi violazione dei propri obblighi ai sensi dei presenti termini causerebbe danni e conseguenze irreparabili ad ABS, il cui valore economico potrebbe essere difficile da determinare e ABS ha il diritto di richiedere un decreto ingiuntivo per garantire il rispetto di tali obblighi, oltre ad eventuali diritti e rimedi di cui potrebbe disporre.<\/p>\n\n\n\n<p>L\u2019Acquirente riconosce che ABS o una delle sue affiliate sono, e resteranno sempre, il titolare di qualsiasi propriet\u00e0 intellettuale esistente o creata, generata o scoperta in relazione al Materiale genetico (secondo la definizione fornita nei Termini e condizioni ABS) contenuta in un germoplasma Icon Sire.<\/p>\n\n\n\n<p>Tali termini, insieme ai Termini e condizioni ABS e a qualsiasi altra documentazione qui incorporata tramite riferimento, costituiscono il Contratto completo tra l\u2019Acquirente e ABS in merito alla Progenie e al germoplasma Icon Sire, sostituiscono qualsiasi discussione e accordo precedenti relativi allo stesso oggetto e possono essere modificati esclusivamente per iscritto e con la firma di entrambe le parti. Se l\u2019Acquirente dispone di un contratto mandria per lo sviluppo del prodotto o di un accordo di prerelease depositato presso ABS, nella misura in cui i rispettivi termini sono in conflitto con il presente Contratto, i termini di quest\u2019ultimo avranno la priorit\u00e0.<\/p>\n\n\n\n<p>Le parti concordano che il presente Contratto e i documenti incorporati tramite riferimento vengano redatti esclusivamente in lingua inglese. Les Parties aux pr\u00e9sentes ont convenu que cette entente et les documents s\u2019y rattachant soient r\u00e9dig\u00e9s en langue anglaise seulement.<\/p>\n\n\n\n<h2 class=\"wp-block-heading\" id=\"prezzo-di-opzione\">Prezzo di opzione<\/h2>\n\n\n\n<p>Se ABS esercita la propria opzione ai sensi della Sezione 3 del Contratto di opzione Icon Sires o della sezione \u201cOpzione\u201d dei presenti termini, sar\u00e0 tenuta a corrispondere all\u2019Acquirente i seguenti importi (in USD) sulla base della classificazione della Progenie e in conformit\u00e0 alle condizioni stabilite di seguito e nel Contratto di acquisto:<\/p>\n\n\n\n<div class=\"wp-block-columns alignwide is-layout-flex wp-container-core-columns-is-layout-1 wp-block-columns-is-layout-flex\">\n<div class=\"wp-block-column is-layout-flow wp-block-column-is-layout-flow\">\n<h4 class=\"has-text-align-center wp-block-heading\">Esemplare di progenie di sesso femminile &#8211; HOLSTEIN<\/h4>\n\n\n\n<figure class=\"wp-block-table\"><table class=\"has-fixed-layout\"><thead><tr><th><strong>Classificazione*<\/strong><\/th><th><strong>Prezzo di acquisto<\/strong><\/th><\/tr><\/thead><tbody><tr><td>1-25<\/td><td>USD 100.000<\/td><\/tr><tr><td>26+<\/td><td>USD 40.000<\/td><\/tr><\/tbody><\/table><\/figure>\n\n\n\n<p class=\"has-small-font-size\">*<em>La classificazione si basa sulla posizione in classifica nell\u2019indice TPI dell\u2019esemplare di Progenie di sesso femminile rispetto a femmine della stessa et\u00e0 dell\u2019esemplare di Progenie o pi\u00f9 vecchie nel file CDBC di riepilogo dei tori pubblicato pi\u00f9 di recente.<\/em><\/p>\n<\/div>\n\n\n\n<div class=\"wp-block-column is-layout-flow wp-block-column-is-layout-flow\">\n<h4 class=\"has-text-align-center wp-block-heading\">Esemplare di progenie di sesso maschile &#8211; HOLSTEIN<\/h4>\n\n\n\n<figure class=\"wp-block-table\"><table class=\"has-fixed-layout\"><thead><tr><th><strong>Classificazione*<\/strong><\/th><th><strong>Prezzo di acquisto<\/strong><\/th><\/tr><\/thead><tbody><tr><td>1-10    <\/td><td>USD 100.000<\/td><\/tr><tr><td>11-30<\/td><td>USD 50.000<\/td><\/tr><tr><td>31-100<\/td><td>USD 20.000<\/td><\/tr><tr><td>101+<\/td><td>USD 10.000<\/td><\/tr><\/tbody><\/table><\/figure>\n\n\n\n<p class=\"has-small-font-size\">*<em>La classificazione si basa sulla posizione in classifica nell\u2019indice TPI dell\u2019esemplare di Progenie di sesso maschile rispetto a tori della stessa et\u00e0 dell\u2019esemplare di Progenie o pi\u00f9 vecchi nel file CDBC di riepilogo dei tori pubblicato pi\u00f9 di recente.<\/em><\/p>\n<\/div>\n<\/div>\n\n\n\n<hr class=\"wp-block-separator is-style-wide\" \/>\n\n\n\n<div class=\"wp-block-columns alignwide is-layout-flex wp-container-core-columns-is-layout-2 wp-block-columns-is-layout-flex\">\n<div class=\"wp-block-column is-layout-flow wp-block-column-is-layout-flow\">\n<h4 class=\"has-text-align-center wp-block-heading\">Esemplare di progenie di sesso femminile &#8211; HOLSTEIN POLLED\/ROSSO<\/h4>\n\n\n\n<p class=\"has-text-align-center has-small-font-size\">(PO; PP; portatore rosso; dominante rosso)<\/p>\n\n\n\n<figure class=\"wp-block-table\"><table class=\"has-fixed-layout\"><thead><tr><th><strong>Classificazione*<\/strong><\/th><th><strong>Prezzo di acquisto<\/strong><\/th><\/tr><\/thead><tbody><tr><td>1-3<\/td><td>USD 30.000<\/td><\/tr><tr><td>4+<\/td><td>USD 20.000<\/td><\/tr><\/tbody><\/table><\/figure>\n\n\n\n<p class=\"has-small-font-size\">*<em>La classificazione si basa sulla posizione in classifica nell\u2019indice TPI polled (Po o PP) dell\u2019esemplare di Progenie di sesso femminile rispetto a femmine della stessa et\u00e0 dell\u2019esemplare di Progenie o pi\u00f9 vecchie nel file CDBC di riepilogo dei tori pubblicato pi\u00f9 di recente. Se l\u2019esemplare di Progenie posseduto \u00e8 classificato sia nell\u2019indice Holstein generale sia in uno degli indici polled, riceverete il prezzo d\u2019acquisto pertinente alla sua posizione in classifica in ciascuna matrice di prezzo. ABS potr\u00e0 scegliere di confermare lo stato polled tramite un test genetico a proprie spese e, se cos\u00ec decide, il Periodo di opzione sar\u00e0 prolungato di altri 10 giorni lavorativi<\/em>.<\/p>\n<\/div>\n\n\n\n<div class=\"wp-block-column is-layout-flow wp-block-column-is-layout-flow\">\n<h4 class=\"has-text-align-center wp-block-heading\">Esemplare di progenie di sesso maschile &#8211; HOLSTEIN POLLED\/ROSSO<\/h4>\n\n\n\n<p class=\"has-text-align-center has-small-font-size\">(PO; PP; portatore rosso; dominante rosso)<\/p>\n\n\n\n<figure class=\"wp-block-table\"><table class=\"has-fixed-layout\"><thead><tr><th><strong>Classificazione*<\/strong><\/th><th><strong>Prezzo di acquisto<\/strong><\/th><\/tr><\/thead><tbody><tr><td>1<\/td><td>USD 30.000<\/td><\/tr><tr><td>2<\/td><td>USD 20.000<\/td><\/tr><tr><td>3-5<\/td><td>USD 15.000<\/td><\/tr><tr><td>6+<\/td><td>USD 10.000<\/td><\/tr><\/tbody><\/table><\/figure>\n\n\n\n<p class=\"has-small-font-size\">*<em>La classificazione si basa sulla posizione in classifica nell\u2019indice TPI dell\u2019esemplare di Progenie di sesso maschile polled (PO o PP) rispetto a tori della stessa et\u00e0 dell\u2019esemplare di Progenie o pi\u00f9 vecchi nel file CDBC di riepilogo dei tori pubblicato pi\u00f9 di recente. Se l\u2019esemplare di Progenie posseduto \u00e8 classificato sia nell\u2019indice Holstein generale sia in uno degli indici polled, riceverete il prezzo d\u2019acquisto pertinente alla sua posizione in classifica in ciascuna matrice di prezzo. ABS potr\u00e0 scegliere di confermare lo stato polled tramite un test genetico a proprie spese e, se cos\u00ec decide, il Periodo di opzione sar\u00e0 prolungato di altri 10 giorni lavorativi.<\/em><\/p>\n<\/div>\n<\/div>\n\n\n\n<hr class=\"wp-block-separator is-style-wide\" \/>\n\n\n\n<div class=\"wp-block-columns alignwide is-layout-flex wp-container-core-columns-is-layout-3 wp-block-columns-is-layout-flex\">\n<div class=\"wp-block-column is-layout-flow wp-block-column-is-layout-flow\">\n<h4 class=\"has-text-align-center wp-block-heading\">Esemplare di progenie di sesso femminile &#8211; JERSEY<\/h4>\n\n\n\n<figure class=\"wp-block-table\"><table class=\"has-fixed-layout\"><thead><tr><th><strong>Classificazione*<\/strong><\/th><th><strong>Prezzo di acquisto<\/strong><\/th><\/tr><\/thead><tbody><tr><td>1-25<\/td><td>USD 30.000<\/td><\/tr><tr><td>26+<\/td><td>USD 15.000<\/td><\/tr><\/tbody><\/table><\/figure>\n\n\n\n<p class=\"has-small-font-size\"><em><em>* La classificazione si basa sulla posizione in classifica nell\u2019indice JPI dell\u2019esemplare di Progenie di sesso femminile rispetto a femmine della stessa et\u00e0 dell\u2019esemplare di Progenie o pi\u00f9 vecchie nel file CDBC di riepilogo dei tori pubblicato pi\u00f9 di recente.<\/em><\/em><\/p>\n<\/div>\n\n\n\n<div class=\"wp-block-column is-layout-flow wp-block-column-is-layout-flow\">\n<h4 class=\"has-text-align-center wp-block-heading\">Esemplare di progenie di sesso maschile &#8211; JERSEY<\/h4>\n\n\n\n<figure class=\"wp-block-table\"><table class=\"has-fixed-layout\"><thead><tr><th><strong>Classificazione*<\/strong><\/th><th><strong>Prezzo di acquisto<\/strong><\/th><\/tr><\/thead><tbody><tr><td>1-10<\/td><td>USD 30.000<\/td><\/tr><tr><td>11-30<\/td><td>USD 20.000<\/td><\/tr><tr><td>31+<\/td><td>USD 10.000<\/td><\/tr><\/tbody><\/table><\/figure>\n\n\n\n<p class=\"has-small-font-size\"><em><em>* La classificazione si basa sulla posizione in classifica nell\u2019indice JPI dell\u2019esemplare di Progenie di sesso maschile rispetto a tori della stessa et\u00e0 dell\u2019esemplare di Progenie o pi\u00f9 vecchi nel file CDBC di riepilogo dei tori pubblicato pi\u00f9 di recente.<\/em><\/em><\/p>\n<\/div>\n<\/div>\n\n\n\n<hr class=\"wp-block-separator is-style-wide\" \/>\n\n\n\n<h2 class=\"wp-block-heading\">Condizioni di acquisto.<\/h2>\n\n\n\n<p>ABS <\/p>\n\n\n\n<p>ABS si impegna a corrispondere il prezzo di acquisto alle seguenti condizioni:<\/p>\n\n\n\n<ol class=\"wp-block-list\"><li><strong>Esemplare di progenie di sesso maschile<\/strong> \u2013 Il prezzo di acquisto sar\u00e0 corrisposto soltanto se e dopo che l\u2019esemplare:<br><br>\u2022 supera l\u2019ispezione veterinaria standard ABS e i test sanitari e di produzione di seme ABS (come descritto dettagliatamente nel Contratto di acquisto);<br>\u2022 ha prodotto almeno 2.000 unit\u00e0 di seme.<br><\/li><li><strong>Esemplare di progenie di sesso femminile<\/strong> \u2013 Il prezzo di acquisto sar\u00e0 corrisposto soltanto se e dopo che l\u2019esemplare:<br><br>\u2022 supera l\u2019ispezione veterinaria standard ABS e i test sanitari (come descritto dettagliatamente nel Contratto di acquisto);<br>\u2022 \u00e8 sana dal punto di vista riproduttivo, secondo quanto stabilito a ragionevole discrezione dal personale veterinario di ABS.<br><\/li><li>Tutti gli altri termini pertinenti del Contratto di acquisto pertinente vengono soddisfatti.<br>Di quando in quando, ABS potr\u00e0 aggiungere o modificare matrici di prezzo e termini di pagamento, compresi (a titolo indicativo), prezzo di acquisto, livelli, indice, file di valutazione genetica, razze. I termini relativi ai prezzi in vigore al momento in cui si d\u00e0 notifica ad ABS ai sensi della Sezione 3(a) del Contratto disciplineranno l\u2019acquisto della Progenie.<\/li><\/ol>\n","protected":false},"excerpt":{"rendered":"<p>Oltre ai \u00a0Termini e condizioni standard ABS, sono validi i seguenti termini per qualsiasi acquisto e utilizzo del germoplasma Icon Sire\u2122 di ABS e per l\u2019uso di esemplari di progenie di prima generazione prodotti da germoplasma Icon Sire (di seguito \u201cla Progenie\u201d).\u00a0 Niente di quanto \u00e8 presente nei presenti termini richiede al cliente di acquistare [&hellip;]<\/p>\n","protected":false},"author":20,"featured_media":0,"parent":0,"menu_order":0,"comment_status":"closed","ping_status":"closed","template":"","meta":{"_acf_changed":false,"content-type":"","footnotes":""},"class_list":["post-3237","page","type-page","status-publish","hentry"],"acf":[],"yoast_head":"<!-- This site is optimized with the Yoast SEO Premium plugin v22.1 (Yoast SEO v25.3) - https:\/\/yoast.com\/wordpress\/plugins\/seo\/ -->\n<title>Termini dell\u2019opzione - ABS Global Italia<\/title>\n<meta name=\"robots\" content=\"index, follow, max-snippet:-1, max-image-preview:large, max-video-preview:-1\" \/>\n<link rel=\"canonical\" href=\"https:\/\/www-dev.absglobal.com\/it\/option-terms\/\" \/>\n<meta property=\"og:locale\" content=\"it_IT\" \/>\n<meta property=\"og:type\" content=\"article\" \/>\n<meta property=\"og:title\" content=\"Termini dell\u2019opzione\" \/>\n<meta property=\"og:description\" content=\"Oltre ai \u00a0Termini e condizioni standard ABS, sono validi i seguenti termini per qualsiasi acquisto e utilizzo del germoplasma Icon Sire\u2122 di ABS e per l\u2019uso di esemplari di progenie di prima generazione prodotti da germoplasma Icon Sire (di seguito \u201cla Progenie\u201d).\u00a0 Niente di quanto \u00e8 presente nei presenti termini richiede al cliente di acquistare [&hellip;]\" \/>\n<meta property=\"og:url\" content=\"https:\/\/www-dev.absglobal.com\/it\/option-terms\/\" \/>\n<meta property=\"og:site_name\" content=\"ABS Global Italia\" \/>\n<meta property=\"article:modified_time\" content=\"2020-08-24T16:47:02+00:00\" \/>\n<meta name=\"twitter:card\" content=\"summary_large_image\" \/>\n<meta name=\"twitter:label1\" content=\"Est. reading time\" \/>\n\t<meta name=\"twitter:data1\" content=\"9 minuti\" \/>\n<script type=\"application\/ld+json\" class=\"yoast-schema-graph\">{\"@context\":\"https:\/\/schema.org\",\"@graph\":[{\"@type\":\"WebPage\",\"@id\":\"https:\/\/www-dev.absglobal.com\/it\/option-terms\/\",\"url\":\"https:\/\/www-dev.absglobal.com\/it\/option-terms\/\",\"name\":\"Termini dell\u2019opzione - ABS Global Italia\",\"isPartOf\":{\"@id\":\"https:\/\/www-dev.absglobal.com\/it\/#website\"},\"datePublished\":\"2020-04-06T02:54:34+00:00\",\"dateModified\":\"2020-08-24T16:47:02+00:00\",\"breadcrumb\":{\"@id\":\"https:\/\/www-dev.absglobal.com\/it\/option-terms\/#breadcrumb\"},\"inLanguage\":\"it-IT\",\"potentialAction\":[{\"@type\":\"ReadAction\",\"target\":[\"https:\/\/www-dev.absglobal.com\/it\/option-terms\/\"]}]},{\"@type\":\"BreadcrumbList\",\"@id\":\"https:\/\/www-dev.absglobal.com\/it\/option-terms\/#breadcrumb\",\"itemListElement\":[{\"@type\":\"ListItem\",\"position\":1,\"name\":\"Home\",\"item\":\"https:\/\/www-dev.absglobal.com\/it\/\"},{\"@type\":\"ListItem\",\"position\":2,\"name\":\"Termini dell\u2019opzione\"}]},{\"@type\":\"WebSite\",\"@id\":\"https:\/\/www-dev.absglobal.com\/it\/#website\",\"url\":\"https:\/\/www-dev.absglobal.com\/it\/\",\"name\":\"ABS Global Italia\",\"description\":\"\",\"publisher\":{\"@id\":\"https:\/\/www-dev.absglobal.com\/it\/#organization\"},\"potentialAction\":[{\"@type\":\"SearchAction\",\"target\":{\"@type\":\"EntryPoint\",\"urlTemplate\":\"https:\/\/www-dev.absglobal.com\/it\/?s={search_term_string}\"},\"query-input\":{\"@type\":\"PropertyValueSpecification\",\"valueRequired\":true,\"valueName\":\"search_term_string\"}}],\"inLanguage\":\"it-IT\"},{\"@type\":\"Organization\",\"@id\":\"https:\/\/www-dev.absglobal.com\/it\/#organization\",\"name\":\"ABS Global Italia\",\"url\":\"https:\/\/www-dev.absglobal.com\/it\/\",\"logo\":{\"@type\":\"ImageObject\",\"inLanguage\":\"it-IT\",\"@id\":\"https:\/\/www-dev.absglobal.com\/it\/#\/schema\/logo\/image\/\",\"url\":\"https:\/\/www-dev.absglobal.com\/it\/wp-content\/uploads\/sites\/26\/2020\/04\/LogoRGB.png\",\"contentUrl\":\"https:\/\/www-dev.absglobal.com\/it\/wp-content\/uploads\/sites\/26\/2020\/04\/LogoRGB.png\",\"width\":872,\"height\":1080,\"caption\":\"ABS Global Italia\"},\"image\":{\"@id\":\"https:\/\/www-dev.absglobal.com\/it\/#\/schema\/logo\/image\/\"}}]}<\/script>\n<!-- \/ Yoast SEO Premium plugin. -->","yoast_head_json":{"title":"Termini dell\u2019opzione - ABS Global Italia","robots":{"index":"index","follow":"follow","max-snippet":"max-snippet:-1","max-image-preview":"max-image-preview:large","max-video-preview":"max-video-preview:-1"},"canonical":"https:\/\/www-dev.absglobal.com\/it\/option-terms\/","og_locale":"it_IT","og_type":"article","og_title":"Termini dell\u2019opzione","og_description":"Oltre ai \u00a0Termini e condizioni standard ABS, sono validi i seguenti termini per qualsiasi acquisto e utilizzo del germoplasma Icon Sire\u2122 di ABS e per l\u2019uso di esemplari di progenie di prima generazione prodotti da germoplasma Icon Sire (di seguito \u201cla Progenie\u201d).\u00a0 Niente di quanto \u00e8 presente nei presenti termini richiede al cliente di acquistare [&hellip;]","og_url":"https:\/\/www-dev.absglobal.com\/it\/option-terms\/","og_site_name":"ABS Global Italia","article_modified_time":"2020-08-24T16:47:02+00:00","twitter_card":"summary_large_image","twitter_misc":{"Est. reading time":"9 minuti"},"schema":{"@context":"https:\/\/schema.org","@graph":[{"@type":"WebPage","@id":"https:\/\/www-dev.absglobal.com\/it\/option-terms\/","url":"https:\/\/www-dev.absglobal.com\/it\/option-terms\/","name":"Termini dell\u2019opzione - ABS Global Italia","isPartOf":{"@id":"https:\/\/www-dev.absglobal.com\/it\/#website"},"datePublished":"2020-04-06T02:54:34+00:00","dateModified":"2020-08-24T16:47:02+00:00","breadcrumb":{"@id":"https:\/\/www-dev.absglobal.com\/it\/option-terms\/#breadcrumb"},"inLanguage":"it-IT","potentialAction":[{"@type":"ReadAction","target":["https:\/\/www-dev.absglobal.com\/it\/option-terms\/"]}]},{"@type":"BreadcrumbList","@id":"https:\/\/www-dev.absglobal.com\/it\/option-terms\/#breadcrumb","itemListElement":[{"@type":"ListItem","position":1,"name":"Home","item":"https:\/\/www-dev.absglobal.com\/it\/"},{"@type":"ListItem","position":2,"name":"Termini dell\u2019opzione"}]},{"@type":"WebSite","@id":"https:\/\/www-dev.absglobal.com\/it\/#website","url":"https:\/\/www-dev.absglobal.com\/it\/","name":"ABS Global Italia","description":"","publisher":{"@id":"https:\/\/www-dev.absglobal.com\/it\/#organization"},"potentialAction":[{"@type":"SearchAction","target":{"@type":"EntryPoint","urlTemplate":"https:\/\/www-dev.absglobal.com\/it\/?s={search_term_string}"},"query-input":{"@type":"PropertyValueSpecification","valueRequired":true,"valueName":"search_term_string"}}],"inLanguage":"it-IT"},{"@type":"Organization","@id":"https:\/\/www-dev.absglobal.com\/it\/#organization","name":"ABS Global Italia","url":"https:\/\/www-dev.absglobal.com\/it\/","logo":{"@type":"ImageObject","inLanguage":"it-IT","@id":"https:\/\/www-dev.absglobal.com\/it\/#\/schema\/logo\/image\/","url":"https:\/\/www-dev.absglobal.com\/it\/wp-content\/uploads\/sites\/26\/2020\/04\/LogoRGB.png","contentUrl":"https:\/\/www-dev.absglobal.com\/it\/wp-content\/uploads\/sites\/26\/2020\/04\/LogoRGB.png","width":872,"height":1080,"caption":"ABS Global Italia"},"image":{"@id":"https:\/\/www-dev.absglobal.com\/it\/#\/schema\/logo\/image\/"}}]}},"jetpack_sharing_enabled":true,"_links":{"self":[{"href":"https:\/\/www-dev.absglobal.com\/it\/wp-json\/wp\/v2\/pages\/3237"}],"collection":[{"href":"https:\/\/www-dev.absglobal.com\/it\/wp-json\/wp\/v2\/pages"}],"about":[{"href":"https:\/\/www-dev.absglobal.com\/it\/wp-json\/wp\/v2\/types\/page"}],"author":[{"embeddable":true,"href":"https:\/\/www-dev.absglobal.com\/it\/wp-json\/wp\/v2\/users\/20"}],"replies":[{"embeddable":true,"href":"https:\/\/www-dev.absglobal.com\/it\/wp-json\/wp\/v2\/comments?post=3237"}],"version-history":[{"count":11,"href":"https:\/\/www-dev.absglobal.com\/it\/wp-json\/wp\/v2\/pages\/3237\/revisions"}],"predecessor-version":[{"id":3923,"href":"https:\/\/www-dev.absglobal.com\/it\/wp-json\/wp\/v2\/pages\/3237\/revisions\/3923"}],"wp:attachment":[{"href":"https:\/\/www-dev.absglobal.com\/it\/wp-json\/wp\/v2\/media?parent=3237"}],"curies":[{"name":"wp","href":"https:\/\/api.w.org\/{rel}","templated":true}]}}