{"id":10,"date":"2019-08-23T20:02:59","date_gmt":"2019-08-23T20:02:59","guid":{"rendered":"https:\/\/cms.genusplc.com\/absglobal\/?page_id=10"},"modified":"2020-09-01T19:21:44","modified_gmt":"2020-09-02T00:21:44","slug":"empleos","status":"publish","type":"page","link":"https:\/\/www-dev.absglobal.com\/mx\/empleos\/","title":{"rendered":"Trabaje con nosotros"},"content":{"rendered":"\n\n\n<h2 class=\"has-text-align-center is-style-underline wp-block-heading\" id=\"por-que-trabajar-en-abs\">\u00bfPor qu\u00e9 trabajar en ABS?<\/h2>\n\n\n\n<div class=\"wp-block-columns alignwide has-2-columns align-middle reverse is-layout-flex wp-container-core-columns-is-layout-1 wp-block-columns-is-layout-flex\">\n<div class=\"wp-block-column is-layout-flow wp-block-column-is-layout-flow\">\n<p>Como parte de Genus plc, la compa\u00f1\u00eda de biotecnolog\u00eda y gen\u00e9tica animal m\u00e1s importante del mundo, ABS Global ayuda a sus clientes a introducir, y aprovechar al m\u00e1ximo, la mejora gen\u00e9tica en sus reba\u00f1os para mejorar la rentabilidad y aumentar el suministro de prote\u00ednas animales para alimentar al mundo.<\/p>\n<\/div>\n\n\n\n<div class=\"wp-block-column is-layout-flow wp-block-column-is-layout-flow\">\n<figure class=\"wp-block-image size-full\"><img decoding=\"async\" src=\"https:\/\/cms.genusplc.com\/absglobal\/wp-content\/uploads\/sites\/27\/2020\/02\/Careers-05.jpg\" alt=\"\" class=\"wp-image-1184\"\/><\/figure>\n<\/div>\n<\/div>\n\n\n\n<div class=\"wp-block-columns alignwide has-2-columns align-middle is-layout-flex wp-container-core-columns-is-layout-2 wp-block-columns-is-layout-flex\">\n<div class=\"wp-block-column is-layout-flow wp-block-column-is-layout-flow\">\n<figure class=\"wp-block-image size-full\"><img decoding=\"async\" src=\"https:\/\/cms.genusplc.com\/absglobal\/wp-content\/uploads\/sites\/27\/2020\/02\/Careers-03-1.jpg\" alt=\"\" class=\"wp-image-1185\"\/><\/figure>\n<\/div>\n\n\n\n<div class=\"wp-block-column is-layout-flow wp-block-column-is-layout-flow\">\n<p>Construimos a partir de Investigaci\u00f3n y Desarrollo de clase mundial, aprovechando t\u00e9cnicas y tecnolog\u00eda de vanguardia para acelerar la mejora gen\u00e9tica y ofrecer una gama cada vez mayor de productos, herramientas y servicios gen\u00e9ticos para nuestros clientes.<\/p>\n<\/div>\n<\/div>\n\n\n\n<div class=\"wp-block-columns alignwide has-2-columns align-middle reverse is-layout-flex wp-container-core-columns-is-layout-3 wp-block-columns-is-layout-flex\">\n<div class=\"wp-block-column is-layout-flow wp-block-column-is-layout-flow\">\n<p>Nuestro equipo diverso abarca desde cient\u00edficos hasta vendedores, y desde personal de producci\u00f3n hasta personal de servicio al cliente. Todos juegan un papel importante para ayudar a nuestros clientes a beneficiarse del progreso gen\u00e9tico.<\/p>\n<\/div>\n\n\n\n<div class=\"wp-block-column is-layout-flow wp-block-column-is-layout-flow\">\n<figure class=\"wp-block-image size-full\"><img decoding=\"async\" src=\"https:\/\/cms.genusplc.com\/absglobal\/wp-content\/uploads\/sites\/27\/2020\/02\/Careers-04.jpg\" alt=\"\" class=\"wp-image-1186\"\/><\/figure>\n<\/div>\n<\/div>\n\n\n\t<section id=\"nuestra-oferta\" class=\"alignfull section-wrapper section-wrapper-fluid section-wrapper-banner\" data-magellan-target=\"nuestra-oferta\">\n\t\t\t\t\t<div class=\"section-wrapper-background\" style=\"background-image: url('https:\/\/www-dev.absglobal.com\/mx\/wp-content\/uploads\/sites\/19\/2020\/03\/Careers-02.jpg');\"><\/div>\n\t\t\t\t\t\t\t<div class=\"section-wrapper-overlay\"><\/div>\n\t\t\t\t<div class=\"section-wrapper-inner\">\n\t\t\t<article class=\"article\">\n\t\t\t\t\t\t\t\t\t<h2 class=\"section-title-main\">Nuestra oferta<\/h2>\n\t\t\t\t\n\t\t\t\t<p>Si bien los detalles espec\u00edficos de una oferta individual variar\u00e1n naturalmente de un puesto a otro y de un pa\u00eds a otro, s\u00ed asumimos varios compromisos importantes con cada empleado. Sea cual sea su rol y donde sea que trabaje, puede contar con:<\/p>\n<p><strong>Desarrollo profesional<\/strong>: Puedes construir la carrera que quieras en ABS. Trabajaremos contigo para comprender tus aspiraciones, luego te ayudaremos a encontrar el camino que deseas y progresar\u00e1s en lo que necesites.<\/p>\n<p><strong>Aprendizaje y desarrollo<\/strong>: discutiremos y dise\u00f1aremos un plan personal de aprendizaje y desarrollo. Desde la ayuda con estudios profesionales hasta la tutor\u00eda y el entrenamiento en el trabajo, trabajaremos contigo para identificar y aprovechar el apoyo que necesites para prosperar.<\/p>\n<p><strong>Gesti\u00f3n del talento: <\/strong>Nuestro programa desarrolla a aquellos que demuestran un alto potencial para moverse a trav\u00e9s de la organizaci\u00f3n y\/o convertirse en un experto en su campo. Les ayuda a obtener las oportunidades, los desaf\u00edos y el apoyo que necesitan para alcanzar ese potencial.<\/p>\n<p><strong>Gesti\u00f3n del desempe\u00f1o: <\/strong>cada empleado, en todos los niveles de la empresa, tiene objetivos anuales claros y medibles con revisiones de progreso de mitad y a\u00f1o completo. Estas discusiones en profundidad y de alta calidad con su gerente ayudan a medir el progreso y aclarar las aspiraciones.<\/p>\n<p><strong>Pagos y beneficios: <\/strong>ofrecemos pagos y beneficios competitivos en todas las \u00e1reas de la empresa. Los planes de bonificaci\u00f3n est\u00e1n disponibles para muchos roles con paquetes adaptados al mercado laboral en cada pa\u00eds.<\/p>\n<p><strong>Tecnolog\u00eda y herramientas: <\/strong>Somos una empresa que adopta la tecnolog\u00eda para que pueda contar con todas las herramientas y el soporte que necesita para tener \u00e9xito.<\/p>\n<p><strong>Equilibrio entre el trabajo y la vida: <\/strong>reconocemos que las personas tienen vidas fuera del trabajo y alentamos a cada uno de nuestros empleados a lograr ese equilibrio apropiado, al mismo tiempo que apoyamos a otros en sus esfuerzos por hacer lo mismo.<\/p>\n\n\t\t\t\t\t\t\t<\/article>\n\t\t<\/div>\n\t<\/section>\n\t\n\n\n<h2 class=\"is-style-underline wp-block-heading\" id=\"nuestra-cultura\">Nuestra Cultura<\/h2>\n\n\n\n<p class=\"has-text-align-left\">Como la \u00fanica compa\u00f1\u00eda de gen\u00e9tica animal con un alcance verdaderamente mundial y una mentalidad claramente global, hacemos m\u00e1s que solo alentar la colaboraci\u00f3n diaria entre colegas en diferentes negocios, pa\u00edses y roles.<br><br>Nosotros prosperamos en eso<br><br>Cuando te unas a ABS Global y al equipo Genus, ayudar\u00e1s a avanzar en nuestra visi\u00f3n a trav\u00e9s de un compromiso compartido entre nosotros y nuestros clientes.<br><\/p>\n\n\n\n<p class=\"has-text-align-left\">Dentro de esta cultura de respeto, apertura y equidad, puedes ser t\u00fa mismo y ser parte de un equipo global en crecimiento. Independientemente de t\u00fa experiencia, funci\u00f3n o \u00e1rea de trabajo, tendr\u00e1s la oportunidad de prosperar en un entorno que inspire, desaf\u00ede y respalde su \u00e9xito.<\/p>\n\n\n\n<div style=\"height:100px\" aria-hidden=\"true\" class=\"wp-block-spacer\"><\/div>\n\n\n\n<figure class=\"wp-block-image alignfull size-full is-style-default\"><img decoding=\"async\" src=\"https:\/\/cms.genusplc.com\/absglobal-cl\/wp-content\/uploads\/sites\/32\/2020\/03\/Careers-01.jpeg\" alt=\"\" class=\"wp-image-2742\"\/><\/figure>\n\n\n\n<div style=\"height:100px\" aria-hidden=\"true\" class=\"wp-block-spacer\"><\/div>\n\n\n\n<h2 class=\"has-text-align-center is-style-underline wp-block-heading\" id=\"nuestros-valores\">Nuestros valores<\/h2>\n\n\n\n<p>Nuestros valores gu\u00edan la forma en que trabajamos con nuestros colaboradores, clientes, comunidades y los animales que cuidamos. Fueron desarrollados con el aporte de colegas de todo el mundo y act\u00faan como nuestra br\u00fajula moral, todos los d\u00edas.<\/p>\n\n\n\n\t\t<section id=\"\" class=\"alignwide section-wrapper section-wrapper block-rows \" data-magellan-target=\"\">\n\t\t\t\t\t\t\t\t<div class=\"media-block media-block-small\">\n\t\t\t\t\t\t\t\t\t\t\t\t\t<img decoding=\"async\" class=\"media-block-img\" src=\"https:\/\/www-dev.absglobal.com\/mx\/wp-content\/uploads\/sites\/19\/2020\/03\/Careers-06.jpeg\" alt=\"\">\n\t\t\t\t\t\t\t\t\t\t\t\t<div class=\"media-block-content\">\n\t\t\t\t\t\t\t<h4>Centrado en el cliente<\/h4>\n<p>Somos un equipo, dedicado a ayudar a los clientes a prosperar. Nos anticipamos a sus necesidades y les ayudamos a aprovechar las oportunidades, actuando como compa\u00f1eros para mejorar la eficiencia, calidad y producci\u00f3n del hato. Si no hemos estado agregando valor a nuestros clientes, paramos y pensamos nuevamente.<\/p>\n\t\t\t\t\t\t<\/div>\n\t\t\t\t\t<\/div>\n\t\t\t\t\t\t\t\t\t\t<div class=\"media-block media-block-small\">\n\t\t\t\t\t\t\t\t\t\t\t\t\t<img decoding=\"async\" class=\"media-block-img\" src=\"https:\/\/www-dev.absglobal.com\/mx\/wp-content\/uploads\/sites\/19\/2020\/03\/Careers-07.jpg\" alt=\"\">\n\t\t\t\t\t\t\t\t\t\t\t\t<div class=\"media-block-content\">\n\t\t\t\t\t\t\t<h4>Enfocado en resultados<\/h4>\n<p>Somos proactivos, determinados en ser mejores en lo que podemos y excedemos las expectativas. Nosotros redefinimos los est\u00e1ndares, nuestros clientes y nuestra industria. Cada uno de nosotros tiene orgullo en ofrecer el m\u00e1s alto nivel de desempe\u00f1o. Si hay algo que puede ser mejorado, encontramos una manera m\u00e1s sencilla y mejor para hacerlo.<\/p>\n\t\t\t\t\t\t<\/div>\n\t\t\t\t\t<\/div>\n\t\t\t\t\t\t\t\t\t\t<div class=\"media-block media-block-small\">\n\t\t\t\t\t\t\t\t\t\t\t\t\t<img decoding=\"async\" class=\"media-block-img\" src=\"https:\/\/www-dev.absglobal.com\/mx\/wp-content\/uploads\/sites\/19\/2020\/03\/Careers-9.jpg\" alt=\"\">\n\t\t\t\t\t\t\t\t\t\t\t\t<div class=\"media-block-content\">\n\t\t\t\t\t\t\t<h4>Innovaci\u00f3n<\/h4>\n<p>Somos una empresa innovadora y con visi\u00f3n de futuro. Tenemos coraje y confianza para explorar nuevas ideas, as\u00ed como energ\u00eda y entusiasmo para ejecutarlas. Somos creativos, obstinados e ingeniosos en todas las \u00e1reas de nuestro trabajo.<\/p>\n\t\t\t\t\t\t<\/div>\n\t\t\t\t\t<\/div>\n\t\t\t\t\t\t\t\t\t\t<div class=\"media-block media-block-small\">\n\t\t\t\t\t\t\t\t\t\t\t\t\t<img decoding=\"async\" class=\"media-block-img\" src=\"https:\/\/www-dev.absglobal.com\/mx\/wp-content\/uploads\/sites\/19\/2020\/03\/Careers-10.jpg\" alt=\"\">\n\t\t\t\t\t\t\t\t\t\t\t\t<div class=\"media-block-content\">\n\t\t\t\t\t\t\t<h4>Enfocado en personas<\/h4>\n<p>Somos una empresa basada en la ciencia, pero construida y enfocada a las personas. Nosotros inspiramos, desafiamos y apoyamos a todos para que se realicen, desarrollen y crezcan. Nosotros tratamos a los otros con respeto e incentivamos puntos de vista y feedback para ayudar a mejorar.<\/p>\n\t\t\t\t\t\t<\/div>\n\t\t\t\t\t<\/div>\n\t\t\t\t\t\t\t\t\t\t<div class=\"media-block media-block-small\">\n\t\t\t\t\t\t\t\t\t\t\t\t\t<img decoding=\"async\" class=\"media-block-img\" src=\"https:\/\/www-dev.absglobal.com\/mx\/wp-content\/uploads\/sites\/19\/2020\/03\/Careers-08.jpg\" alt=\"\">\n\t\t\t\t\t\t\t\t\t\t\t\t<div class=\"media-block-content\">\n\t\t\t\t\t\t\t<h4>Somos Responsables<\/h4>\n<p>Somos \u00e9ticos en todas las \u00e1reas. Creemos que tenemos una grande responsabilidad con nuestro clientes, colegas, animales, comunidades y accionistas. Somos honestos, seguros y confiables. Hablamos con seriedad y honramos nuestra palabra.<\/p>\n\t\t\t\t\t\t<\/div>\n\t\t\t\t\t<\/div>\n\t\t\t\t\t\t\t<\/section>\n\n\t\t","protected":false},"excerpt":{"rendered":"<p>\u00bfPor qu\u00e9 trabajar en ABS? Como parte de Genus plc, la compa\u00f1\u00eda de biotecnolog\u00eda y gen\u00e9tica animal m\u00e1s importante del mundo, ABS Global ayuda a sus clientes a introducir, y aprovechar al m\u00e1ximo, la mejora gen\u00e9tica en sus reba\u00f1os para mejorar la rentabilidad y aumentar el suministro de prote\u00ednas animales para alimentar al mundo. Construimos [&hellip;]<\/p>\n","protected":false},"author":10,"featured_media":0,"parent":0,"menu_order":0,"comment_status":"closed","ping_status":"closed","template":"","meta":{"_acf_changed":false,"content-type":"","footnotes":""},"class_list":["post-10","page","type-page","status-publish","hentry"],"acf":[],"yoast_head":"<!-- This site is optimized with the Yoast SEO Premium plugin v22.1 (Yoast SEO v25.3) - https:\/\/yoast.com\/wordpress\/plugins\/seo\/ -->\n<title>Trabaje con nosotros - ABS Global M\u00e9xico<\/title>\n<meta name=\"robots\" content=\"index, follow, max-snippet:-1, max-image-preview:large, max-video-preview:-1\" \/>\n<link rel=\"canonical\" href=\"https:\/\/www-dev.absglobal.com\/mx\/empleos\/\" \/>\n<meta property=\"og:locale\" content=\"es_ES\" \/>\n<meta property=\"og:type\" content=\"article\" \/>\n<meta property=\"og:title\" content=\"Trabaje con nosotros\" \/>\n<meta property=\"og:description\" content=\"\u00bfPor qu\u00e9 trabajar en ABS? Como parte de Genus plc, la compa\u00f1\u00eda de biotecnolog\u00eda y gen\u00e9tica animal m\u00e1s importante del mundo, ABS Global ayuda a sus clientes a introducir, y aprovechar al m\u00e1ximo, la mejora gen\u00e9tica en sus reba\u00f1os para mejorar la rentabilidad y aumentar el suministro de prote\u00ednas animales para alimentar al mundo. Construimos [&hellip;]\" \/>\n<meta property=\"og:url\" content=\"https:\/\/www-dev.absglobal.com\/mx\/empleos\/\" \/>\n<meta property=\"og:site_name\" content=\"ABS Global M\u00e9xico\" \/>\n<meta property=\"article:modified_time\" content=\"2020-09-02T00:21:44+00:00\" \/>\n<meta property=\"og:image\" content=\"https:\/\/cms.genusplc.com\/absglobal\/wp-content\/uploads\/sites\/27\/2020\/02\/Careers-05.jpg\" \/>\n<meta name=\"twitter:card\" content=\"summary_large_image\" \/>\n<meta name=\"twitter:label1\" content=\"Est. reading time\" \/>\n\t<meta name=\"twitter:data1\" content=\"2 minutos\" \/>\n<script type=\"application\/ld+json\" class=\"yoast-schema-graph\">{\"@context\":\"https:\/\/schema.org\",\"@graph\":[{\"@type\":\"WebPage\",\"@id\":\"https:\/\/www-dev.absglobal.com\/mx\/empleos\/\",\"url\":\"https:\/\/www-dev.absglobal.com\/mx\/empleos\/\",\"name\":\"Trabaje con nosotros - ABS Global M\u00e9xico\",\"isPartOf\":{\"@id\":\"https:\/\/www-dev.absglobal.com\/mx\/#website\"},\"primaryImageOfPage\":{\"@id\":\"https:\/\/www-dev.absglobal.com\/mx\/empleos\/#primaryimage\"},\"image\":{\"@id\":\"https:\/\/www-dev.absglobal.com\/mx\/empleos\/#primaryimage\"},\"thumbnailUrl\":\"https:\/\/cms.genusplc.com\/absglobal\/wp-content\/uploads\/sites\/27\/2020\/02\/Careers-05.jpg\",\"datePublished\":\"2019-08-23T20:02:59+00:00\",\"dateModified\":\"2020-09-02T00:21:44+00:00\",\"breadcrumb\":{\"@id\":\"https:\/\/www-dev.absglobal.com\/mx\/empleos\/#breadcrumb\"},\"inLanguage\":\"es\",\"potentialAction\":[{\"@type\":\"ReadAction\",\"target\":[\"https:\/\/www-dev.absglobal.com\/mx\/empleos\/\"]}]},{\"@type\":\"ImageObject\",\"inLanguage\":\"es\",\"@id\":\"https:\/\/www-dev.absglobal.com\/mx\/empleos\/#primaryimage\",\"url\":\"https:\/\/cms.genusplc.com\/absglobal\/wp-content\/uploads\/sites\/27\/2020\/02\/Careers-05.jpg\",\"contentUrl\":\"https:\/\/cms.genusplc.com\/absglobal\/wp-content\/uploads\/sites\/27\/2020\/02\/Careers-05.jpg\"},{\"@type\":\"BreadcrumbList\",\"@id\":\"https:\/\/www-dev.absglobal.com\/mx\/empleos\/#breadcrumb\",\"itemListElement\":[{\"@type\":\"ListItem\",\"position\":1,\"name\":\"Home\",\"item\":\"https:\/\/www-dev.absglobal.com\/mx\/\"},{\"@type\":\"ListItem\",\"position\":2,\"name\":\"Trabaje con nosotros\"}]},{\"@type\":\"WebSite\",\"@id\":\"https:\/\/www-dev.absglobal.com\/mx\/#website\",\"url\":\"https:\/\/www-dev.absglobal.com\/mx\/\",\"name\":\"ABS Global M\u00e9xico\",\"description\":\"\",\"publisher\":{\"@id\":\"https:\/\/www-dev.absglobal.com\/mx\/#organization\"},\"potentialAction\":[{\"@type\":\"SearchAction\",\"target\":{\"@type\":\"EntryPoint\",\"urlTemplate\":\"https:\/\/www-dev.absglobal.com\/mx\/?s={search_term_string}\"},\"query-input\":{\"@type\":\"PropertyValueSpecification\",\"valueRequired\":true,\"valueName\":\"search_term_string\"}}],\"inLanguage\":\"es\"},{\"@type\":\"Organization\",\"@id\":\"https:\/\/www-dev.absglobal.com\/mx\/#organization\",\"name\":\"ABS Global M\u00e9xico\",\"url\":\"https:\/\/www-dev.absglobal.com\/mx\/\",\"logo\":{\"@type\":\"ImageObject\",\"inLanguage\":\"es\",\"@id\":\"https:\/\/www-dev.absglobal.com\/mx\/#\/schema\/logo\/image\/\",\"url\":\"https:\/\/www-dev.absglobal.com\/mx\/wp-content\/uploads\/sites\/19\/2020\/04\/LogoRGB.png\",\"contentUrl\":\"https:\/\/www-dev.absglobal.com\/mx\/wp-content\/uploads\/sites\/19\/2020\/04\/LogoRGB.png\",\"width\":872,\"height\":1080,\"caption\":\"ABS Global M\u00e9xico\"},\"image\":{\"@id\":\"https:\/\/www-dev.absglobal.com\/mx\/#\/schema\/logo\/image\/\"}}]}<\/script>\n<!-- \/ Yoast SEO Premium plugin. -->","yoast_head_json":{"title":"Trabaje con nosotros - ABS Global M\u00e9xico","robots":{"index":"index","follow":"follow","max-snippet":"max-snippet:-1","max-image-preview":"max-image-preview:large","max-video-preview":"max-video-preview:-1"},"canonical":"https:\/\/www-dev.absglobal.com\/mx\/empleos\/","og_locale":"es_ES","og_type":"article","og_title":"Trabaje con nosotros","og_description":"\u00bfPor qu\u00e9 trabajar en ABS? Como parte de Genus plc, la compa\u00f1\u00eda de biotecnolog\u00eda y gen\u00e9tica animal m\u00e1s importante del mundo, ABS Global ayuda a sus clientes a introducir, y aprovechar al m\u00e1ximo, la mejora gen\u00e9tica en sus reba\u00f1os para mejorar la rentabilidad y aumentar el suministro de prote\u00ednas animales para alimentar al mundo. Construimos [&hellip;]","og_url":"https:\/\/www-dev.absglobal.com\/mx\/empleos\/","og_site_name":"ABS Global M\u00e9xico","article_modified_time":"2020-09-02T00:21:44+00:00","og_image":[{"url":"https:\/\/cms.genusplc.com\/absglobal\/wp-content\/uploads\/sites\/27\/2020\/02\/Careers-05.jpg","type":"","width":"","height":""}],"twitter_card":"summary_large_image","twitter_misc":{"Est. reading time":"2 minutos"},"schema":{"@context":"https:\/\/schema.org","@graph":[{"@type":"WebPage","@id":"https:\/\/www-dev.absglobal.com\/mx\/empleos\/","url":"https:\/\/www-dev.absglobal.com\/mx\/empleos\/","name":"Trabaje con nosotros - ABS Global M\u00e9xico","isPartOf":{"@id":"https:\/\/www-dev.absglobal.com\/mx\/#website"},"primaryImageOfPage":{"@id":"https:\/\/www-dev.absglobal.com\/mx\/empleos\/#primaryimage"},"image":{"@id":"https:\/\/www-dev.absglobal.com\/mx\/empleos\/#primaryimage"},"thumbnailUrl":"https:\/\/cms.genusplc.com\/absglobal\/wp-content\/uploads\/sites\/27\/2020\/02\/Careers-05.jpg","datePublished":"2019-08-23T20:02:59+00:00","dateModified":"2020-09-02T00:21:44+00:00","breadcrumb":{"@id":"https:\/\/www-dev.absglobal.com\/mx\/empleos\/#breadcrumb"},"inLanguage":"es","potentialAction":[{"@type":"ReadAction","target":["https:\/\/www-dev.absglobal.com\/mx\/empleos\/"]}]},{"@type":"ImageObject","inLanguage":"es","@id":"https:\/\/www-dev.absglobal.com\/mx\/empleos\/#primaryimage","url":"https:\/\/cms.genusplc.com\/absglobal\/wp-content\/uploads\/sites\/27\/2020\/02\/Careers-05.jpg","contentUrl":"https:\/\/cms.genusplc.com\/absglobal\/wp-content\/uploads\/sites\/27\/2020\/02\/Careers-05.jpg"},{"@type":"BreadcrumbList","@id":"https:\/\/www-dev.absglobal.com\/mx\/empleos\/#breadcrumb","itemListElement":[{"@type":"ListItem","position":1,"name":"Home","item":"https:\/\/www-dev.absglobal.com\/mx\/"},{"@type":"ListItem","position":2,"name":"Trabaje con nosotros"}]},{"@type":"WebSite","@id":"https:\/\/www-dev.absglobal.com\/mx\/#website","url":"https:\/\/www-dev.absglobal.com\/mx\/","name":"ABS Global M\u00e9xico","description":"","publisher":{"@id":"https:\/\/www-dev.absglobal.com\/mx\/#organization"},"potentialAction":[{"@type":"SearchAction","target":{"@type":"EntryPoint","urlTemplate":"https:\/\/www-dev.absglobal.com\/mx\/?s={search_term_string}"},"query-input":{"@type":"PropertyValueSpecification","valueRequired":true,"valueName":"search_term_string"}}],"inLanguage":"es"},{"@type":"Organization","@id":"https:\/\/www-dev.absglobal.com\/mx\/#organization","name":"ABS Global M\u00e9xico","url":"https:\/\/www-dev.absglobal.com\/mx\/","logo":{"@type":"ImageObject","inLanguage":"es","@id":"https:\/\/www-dev.absglobal.com\/mx\/#\/schema\/logo\/image\/","url":"https:\/\/www-dev.absglobal.com\/mx\/wp-content\/uploads\/sites\/19\/2020\/04\/LogoRGB.png","contentUrl":"https:\/\/www-dev.absglobal.com\/mx\/wp-content\/uploads\/sites\/19\/2020\/04\/LogoRGB.png","width":872,"height":1080,"caption":"ABS Global M\u00e9xico"},"image":{"@id":"https:\/\/www-dev.absglobal.com\/mx\/#\/schema\/logo\/image\/"}}]}},"jetpack_sharing_enabled":true,"_links":{"self":[{"href":"https:\/\/www-dev.absglobal.com\/mx\/wp-json\/wp\/v2\/pages\/10"}],"collection":[{"href":"https:\/\/www-dev.absglobal.com\/mx\/wp-json\/wp\/v2\/pages"}],"about":[{"href":"https:\/\/www-dev.absglobal.com\/mx\/wp-json\/wp\/v2\/types\/page"}],"author":[{"embeddable":true,"href":"https:\/\/www-dev.absglobal.com\/mx\/wp-json\/wp\/v2\/users\/10"}],"replies":[{"embeddable":true,"href":"https:\/\/www-dev.absglobal.com\/mx\/wp-json\/wp\/v2\/comments?post=10"}],"version-history":[{"count":212,"href":"https:\/\/www-dev.absglobal.com\/mx\/wp-json\/wp\/v2\/pages\/10\/revisions"}],"predecessor-version":[{"id":3488,"href":"https:\/\/www-dev.absglobal.com\/mx\/wp-json\/wp\/v2\/pages\/10\/revisions\/3488"}],"wp:attachment":[{"href":"https:\/\/www-dev.absglobal.com\/mx\/wp-json\/wp\/v2\/media?parent=10"}],"curies":[{"name":"wp","href":"https:\/\/api.w.org\/{rel}","templated":true}]}}