{"id":1270,"date":"2020-02-18T15:55:07","date_gmt":"2020-02-18T20:55:07","guid":{"rendered":"http:\/\/cms.genusplc.com\/absglobal\/?page_id=1270"},"modified":"2020-03-18T09:52:41","modified_gmt":"2020-03-18T14:52:41","slug":"cookies","status":"publish","type":"page","link":"https:\/\/www-dev.absglobal.com\/mx\/cookies\/","title":{"rendered":"Cookies"},"content":{"rendered":"\n<h2 class=\"wp-block-heading\">Cookies Servicios<\/h2>\n\n\n\n<p>Una cookie es un peque\u00f1o archivo de texto que su navegador almacena en su dispositivo. Las cookies se transfieren al almacenamiento permanente de su dispositivo cuando visita nuestro sitio web para permitir que el sitio lo reconozca cuando vuelva a visitarlo y para permitirnos mejorar su uso del mismo.<br><br>Las cookies pueden ser temporales (o de &#8220;sesi\u00f3n&#8221;), que s\u00f3lo se utilizan mientras visita nuestro sitio web y se eliminan cuando cierra el navegador, o permanentes, que se mantienen en el almacenamiento permanente de su dispositivo despu\u00e9s de salir de nuestro sitio web hasta que las elimina manualmente o su navegador las borra despu\u00e9s de un per\u00edodo de tiempo.<br><br>Es posible que utilicemos cookies temporales para recordarle mientras utiliza nuestro sitio web, pero tambi\u00e9n permitimos que terceros (por ejemplo, Google) utilicen cookies anal\u00edticas (tanto temporales como permanentes) en nuestro sitio web para recopilar informaci\u00f3n agregada sobre las \u00e1reas de nuestro sitio web que se visitan con m\u00e1s frecuencia.<br><br>La mayor\u00eda de las configuraciones de los navegadores web est\u00e1n establecidas para que usted acepte tanto nuestras propias cookies como las de terceros. Sin embargo, puede ajustar esas configuraciones (en relaci\u00f3n con nuestras propias cookies y las de terceros) para aceptar las cookies, para pedirle que acepte o rechace una cookie cada vez que se env\u00eda una, o para rechazar todas las cookies de inmediato. Recomendamos que, para la m\u00e1s alta funcionalidad del sitio web, acepte tanto nuestras propias cookies como las de terceros. La configuraci\u00f3n del navegador se puede cambiar en la barra de herramientas.<br><br>Por defecto, las cookies est\u00e1n habilitadas. Si desea rechazar nuestras propias cookies, puede configurar su navegador para hacerlo, pero tenga en cuenta que si lo hace, es posible que ciertas funciones del sitio web no est\u00e9n disponibles y que, por lo tanto, su uso del sitio web se vea disminuido.<br><br>Nombre:<br>Prop\u00f3sito:<br>Fecha de expiraci\u00f3n:<\/p>\n","protected":false},"excerpt":{"rendered":"<p>Cookies Servicios Una cookie es un peque\u00f1o archivo de texto que su navegador almacena en su dispositivo. Las cookies se transfieren al almacenamiento permanente de su dispositivo cuando visita nuestro sitio web para permitir que el sitio lo reconozca cuando vuelva a visitarlo y para permitirnos mejorar su uso del mismo. Las cookies pueden ser [&hellip;]<\/p>\n","protected":false},"author":289,"featured_media":0,"parent":0,"menu_order":0,"comment_status":"closed","ping_status":"closed","template":"","meta":{"_acf_changed":false,"content-type":"","footnotes":""},"class_list":["post-1270","page","type-page","status-publish","hentry"],"acf":[],"yoast_head":"<!-- This site is optimized with the Yoast SEO Premium plugin v22.1 (Yoast SEO v25.3) - https:\/\/yoast.com\/wordpress\/plugins\/seo\/ -->\n<title>Cookies - ABS Global M\u00e9xico<\/title>\n<meta name=\"robots\" content=\"index, follow, max-snippet:-1, max-image-preview:large, max-video-preview:-1\" \/>\n<link rel=\"canonical\" href=\"https:\/\/www-dev.absglobal.com\/mx\/cookies\/\" \/>\n<meta property=\"og:locale\" content=\"es_ES\" \/>\n<meta property=\"og:type\" content=\"article\" \/>\n<meta property=\"og:title\" content=\"Cookies\" \/>\n<meta property=\"og:description\" content=\"Cookies Servicios Una cookie es un peque\u00f1o archivo de texto que su navegador almacena en su dispositivo. Las cookies se transfieren al almacenamiento permanente de su dispositivo cuando visita nuestro sitio web para permitir que el sitio lo reconozca cuando vuelva a visitarlo y para permitirnos mejorar su uso del mismo. Las cookies pueden ser [&hellip;]\" \/>\n<meta property=\"og:url\" content=\"https:\/\/www-dev.absglobal.com\/mx\/cookies\/\" \/>\n<meta property=\"og:site_name\" content=\"ABS Global M\u00e9xico\" \/>\n<meta property=\"article:modified_time\" content=\"2020-03-18T14:52:41+00:00\" \/>\n<meta name=\"twitter:card\" content=\"summary_large_image\" \/>\n<meta name=\"twitter:label1\" content=\"Est. reading time\" \/>\n\t<meta name=\"twitter:data1\" content=\"2 minutos\" \/>\n<script type=\"application\/ld+json\" class=\"yoast-schema-graph\">{\"@context\":\"https:\/\/schema.org\",\"@graph\":[{\"@type\":\"WebPage\",\"@id\":\"https:\/\/www-dev.absglobal.com\/mx\/cookies\/\",\"url\":\"https:\/\/www-dev.absglobal.com\/mx\/cookies\/\",\"name\":\"Cookies - ABS Global M\u00e9xico\",\"isPartOf\":{\"@id\":\"https:\/\/www-dev.absglobal.com\/mx\/#website\"},\"datePublished\":\"2020-02-18T20:55:07+00:00\",\"dateModified\":\"2020-03-18T14:52:41+00:00\",\"breadcrumb\":{\"@id\":\"https:\/\/www-dev.absglobal.com\/mx\/cookies\/#breadcrumb\"},\"inLanguage\":\"es\",\"potentialAction\":[{\"@type\":\"ReadAction\",\"target\":[\"https:\/\/www-dev.absglobal.com\/mx\/cookies\/\"]}]},{\"@type\":\"BreadcrumbList\",\"@id\":\"https:\/\/www-dev.absglobal.com\/mx\/cookies\/#breadcrumb\",\"itemListElement\":[{\"@type\":\"ListItem\",\"position\":1,\"name\":\"Home\",\"item\":\"https:\/\/www-dev.absglobal.com\/mx\/\"},{\"@type\":\"ListItem\",\"position\":2,\"name\":\"Cookies\"}]},{\"@type\":\"WebSite\",\"@id\":\"https:\/\/www-dev.absglobal.com\/mx\/#website\",\"url\":\"https:\/\/www-dev.absglobal.com\/mx\/\",\"name\":\"ABS Global M\u00e9xico\",\"description\":\"\",\"publisher\":{\"@id\":\"https:\/\/www-dev.absglobal.com\/mx\/#organization\"},\"potentialAction\":[{\"@type\":\"SearchAction\",\"target\":{\"@type\":\"EntryPoint\",\"urlTemplate\":\"https:\/\/www-dev.absglobal.com\/mx\/?s={search_term_string}\"},\"query-input\":{\"@type\":\"PropertyValueSpecification\",\"valueRequired\":true,\"valueName\":\"search_term_string\"}}],\"inLanguage\":\"es\"},{\"@type\":\"Organization\",\"@id\":\"https:\/\/www-dev.absglobal.com\/mx\/#organization\",\"name\":\"ABS Global M\u00e9xico\",\"url\":\"https:\/\/www-dev.absglobal.com\/mx\/\",\"logo\":{\"@type\":\"ImageObject\",\"inLanguage\":\"es\",\"@id\":\"https:\/\/www-dev.absglobal.com\/mx\/#\/schema\/logo\/image\/\",\"url\":\"https:\/\/www-dev.absglobal.com\/mx\/wp-content\/uploads\/sites\/19\/2020\/04\/LogoRGB.png\",\"contentUrl\":\"https:\/\/www-dev.absglobal.com\/mx\/wp-content\/uploads\/sites\/19\/2020\/04\/LogoRGB.png\",\"width\":872,\"height\":1080,\"caption\":\"ABS Global M\u00e9xico\"},\"image\":{\"@id\":\"https:\/\/www-dev.absglobal.com\/mx\/#\/schema\/logo\/image\/\"}}]}<\/script>\n<!-- \/ Yoast SEO Premium plugin. -->","yoast_head_json":{"title":"Cookies - ABS Global M\u00e9xico","robots":{"index":"index","follow":"follow","max-snippet":"max-snippet:-1","max-image-preview":"max-image-preview:large","max-video-preview":"max-video-preview:-1"},"canonical":"https:\/\/www-dev.absglobal.com\/mx\/cookies\/","og_locale":"es_ES","og_type":"article","og_title":"Cookies","og_description":"Cookies Servicios Una cookie es un peque\u00f1o archivo de texto que su navegador almacena en su dispositivo. Las cookies se transfieren al almacenamiento permanente de su dispositivo cuando visita nuestro sitio web para permitir que el sitio lo reconozca cuando vuelva a visitarlo y para permitirnos mejorar su uso del mismo. Las cookies pueden ser [&hellip;]","og_url":"https:\/\/www-dev.absglobal.com\/mx\/cookies\/","og_site_name":"ABS Global M\u00e9xico","article_modified_time":"2020-03-18T14:52:41+00:00","twitter_card":"summary_large_image","twitter_misc":{"Est. reading time":"2 minutos"},"schema":{"@context":"https:\/\/schema.org","@graph":[{"@type":"WebPage","@id":"https:\/\/www-dev.absglobal.com\/mx\/cookies\/","url":"https:\/\/www-dev.absglobal.com\/mx\/cookies\/","name":"Cookies - ABS Global M\u00e9xico","isPartOf":{"@id":"https:\/\/www-dev.absglobal.com\/mx\/#website"},"datePublished":"2020-02-18T20:55:07+00:00","dateModified":"2020-03-18T14:52:41+00:00","breadcrumb":{"@id":"https:\/\/www-dev.absglobal.com\/mx\/cookies\/#breadcrumb"},"inLanguage":"es","potentialAction":[{"@type":"ReadAction","target":["https:\/\/www-dev.absglobal.com\/mx\/cookies\/"]}]},{"@type":"BreadcrumbList","@id":"https:\/\/www-dev.absglobal.com\/mx\/cookies\/#breadcrumb","itemListElement":[{"@type":"ListItem","position":1,"name":"Home","item":"https:\/\/www-dev.absglobal.com\/mx\/"},{"@type":"ListItem","position":2,"name":"Cookies"}]},{"@type":"WebSite","@id":"https:\/\/www-dev.absglobal.com\/mx\/#website","url":"https:\/\/www-dev.absglobal.com\/mx\/","name":"ABS Global M\u00e9xico","description":"","publisher":{"@id":"https:\/\/www-dev.absglobal.com\/mx\/#organization"},"potentialAction":[{"@type":"SearchAction","target":{"@type":"EntryPoint","urlTemplate":"https:\/\/www-dev.absglobal.com\/mx\/?s={search_term_string}"},"query-input":{"@type":"PropertyValueSpecification","valueRequired":true,"valueName":"search_term_string"}}],"inLanguage":"es"},{"@type":"Organization","@id":"https:\/\/www-dev.absglobal.com\/mx\/#organization","name":"ABS Global M\u00e9xico","url":"https:\/\/www-dev.absglobal.com\/mx\/","logo":{"@type":"ImageObject","inLanguage":"es","@id":"https:\/\/www-dev.absglobal.com\/mx\/#\/schema\/logo\/image\/","url":"https:\/\/www-dev.absglobal.com\/mx\/wp-content\/uploads\/sites\/19\/2020\/04\/LogoRGB.png","contentUrl":"https:\/\/www-dev.absglobal.com\/mx\/wp-content\/uploads\/sites\/19\/2020\/04\/LogoRGB.png","width":872,"height":1080,"caption":"ABS Global M\u00e9xico"},"image":{"@id":"https:\/\/www-dev.absglobal.com\/mx\/#\/schema\/logo\/image\/"}}]}},"jetpack_sharing_enabled":true,"_links":{"self":[{"href":"https:\/\/www-dev.absglobal.com\/mx\/wp-json\/wp\/v2\/pages\/1270"}],"collection":[{"href":"https:\/\/www-dev.absglobal.com\/mx\/wp-json\/wp\/v2\/pages"}],"about":[{"href":"https:\/\/www-dev.absglobal.com\/mx\/wp-json\/wp\/v2\/types\/page"}],"author":[{"embeddable":true,"href":"https:\/\/www-dev.absglobal.com\/mx\/wp-json\/wp\/v2\/users\/289"}],"replies":[{"embeddable":true,"href":"https:\/\/www-dev.absglobal.com\/mx\/wp-json\/wp\/v2\/comments?post=1270"}],"version-history":[{"count":3,"href":"https:\/\/www-dev.absglobal.com\/mx\/wp-json\/wp\/v2\/pages\/1270\/revisions"}],"predecessor-version":[{"id":2652,"href":"https:\/\/www-dev.absglobal.com\/mx\/wp-json\/wp\/v2\/pages\/1270\/revisions\/2652"}],"wp:attachment":[{"href":"https:\/\/www-dev.absglobal.com\/mx\/wp-json\/wp\/v2\/media?parent=1270"}],"curies":[{"name":"wp","href":"https:\/\/api.w.org\/{rel}","templated":true}]}}