{"id":1706,"date":"2020-02-22T18:20:01","date_gmt":"2020-02-22T23:20:01","guid":{"rendered":"http:\/\/cms.genusplc.com\/absglobal\/?page_id=1706"},"modified":"2020-04-01T09:46:51","modified_gmt":"2020-04-01T14:46:51","slug":"periodo-de-transicion","status":"publish","type":"page","link":"https:\/\/www-dev.absglobal.com\/mx\/periodo-de-transicion\/","title":{"rendered":"Per\u00edodo de transici\u00f3n"},"content":{"rendered":"\n<p>El per\u00edodo de transici\u00f3n &#8211; las \u00faltimas semanas de gestaci\u00f3n de una vaca hasta varias semanas despu\u00e9s de iniciarse su lactaci\u00f3n &#8211; juega un papel integral tanto en la producci\u00f3n como en la reproducci\u00f3n en su reba\u00f1o. <\/p>\n\n\n\n<p>Ser eficiente durante el per\u00edodo de transici\u00f3n aumentar\u00e1 las probabilidades de \u00e9xito en la lactaci\u00f3n, la vida productiva y el intervalo entre partos de una vaca. Asimismo, las tres \u00faltimas semanas de gestaci\u00f3n son muy importantes para la salud de la descendencia y es fundamental para que el ternero alcance su potencial gen\u00e9tico. <\/p>\n\n\n\n<p>Sin duda alguna, la prevenci\u00f3n es la soluci\u00f3n m\u00e1s eficiente y menos costosa para afrontar el per\u00edodo de transici\u00f3n. Las tres \u00e1reas principales a explorar son los protocolos, el trabajo y la gen\u00e9tica.<\/p>\n\n\n\n<p>Los protocolos son cruciales para proporcionar la comodidad y la nutrici\u00f3n correctas para las vacas. A continuaci\u00f3n, tener un equipo informado y bien entrenado asegura que los protocolos puedan ser ejecutados. Finalmente, con la gen\u00e9tica, puede mejorar la salud de transici\u00f3n de su reba\u00f1o, haciendo a las vacas m\u00e1s resistentes gen\u00e9ticamente a trastornos como la mastitis, la metritis y la cetosis.<\/p>\n\n\n\n<div style=\"height:50px\" aria-hidden=\"true\" class=\"wp-block-spacer\"><\/div>\n\n\n\n<h2 class=\"is-style-underline wp-block-heading\">ABS solutions for Transition Period<\/h2>\n\n\n\t\t<section id=\"\" class=\"alignwide section-wrapper section-wrapper-small-fluid block-product-slider\" data-magellan-target=\"\">\n\t\t\t<div class=\"carousel-card-section owl-carousel owl-theme\">\n\t\t\t\t\t\t\t\t\t\t<div class=\"card\">\n\t\t\t\t\t\t\t\t\t\t\t\t\t\t\t<img decoding=\"async\" class=\"card-img\" src=\"https:\/\/www-dev.absglobal.com\/mx\/wp-content\/uploads\/sites\/19\/2020\/03\/product-Transitionright-3.jpg?w=1000&#038;resize=375,250\" alt=\"Image of medical devices\">\n\t\t\t\t\t\t\t\t\t\t\t\t\t\t<div class=\"card-section\">\n\t\t\t\t\t\t\t\t<h3 class=\"card-title\">TransitionRight\u00ae<\/h3>\n\t\t\t\t\t\t\t\t\t\t\t\t\t\t\t\t\t\t\t\t\t\t\t\t\t<p class=\"card-description\">No reaccione. Prevenir a trav\u00e9s de la gen\u00e9tica. Los trastornos de salud de transici\u00f3n cobran un peaje en su tiempo, dinero y la productividad de su ganado. Hoy en d\u00eda, sin embargo, es posible reducir los riesgos con TransitionRight\u00ae de ABS Global. ABS Global, l\u00edder mundial en gen\u00e9tica bovina, servicios de reproducci\u00f3n y tecnolog\u00edas, utiliza [&hellip;]<\/p>\n\t\t\t\t\t\t\t\t\n\t\t\t\t\t\t\t\t<a href=\"https:\/\/www-dev.absglobal.com\/mx\/services\/transitionright\/\" class=\"card-section-button button\">Aprender m\u00e1s<\/a>\n\t\t\t\t\t\t\t<\/div>\n\t\t\t\t\t\t<\/div>\n\t\t\t\t\t\t\t\t\t\t\t\t<div class=\"card\">\n\t\t\t\t\t\t\t\t\t\t\t\t\t\t\t<img decoding=\"async\" class=\"card-img\" src=\"https:\/\/www-dev.absglobal.com\/mx\/wp-content\/uploads\/sites\/19\/2020\/03\/product-monitor.jpg?w=1000&#038;resize=375,250\" alt=\"Image of medical devices\">\n\t\t\t\t\t\t\t\t\t\t\t\t\t\t<div class=\"card-section\">\n\t\t\t\t\t\t\t\t<h3 class=\"card-title\">ABS Monitor<\/h3>\n\t\t\t\t\t\t\t\t\t\t\t\t\t\t\t\t\t\t\t\t\t\t\t\t\t<p class=\"card-description\">Facilidad y velocidad del control reproductivo en hatos lecheros ABS Monitor es un sistema de monitoreo reproductivo para hatos lecheros, desarrollado por ABS con el objetivo de maximizar la producci\u00f3n de embarazos. El sistema ayuda a los productores de leche de todo el mundo a gestionar y analizar los \u00edndices reproductivos del reba\u00f1o de forma [&hellip;]<\/p>\n\t\t\t\t\t\t\t\t\n\t\t\t\t\t\t\t\t<a href=\"https:\/\/www-dev.absglobal.com\/mx\/services\/abs-monitor\/\" class=\"card-section-button button\">Aprender m\u00e1s<\/a>\n\t\t\t\t\t\t\t<\/div>\n\t\t\t\t\t\t<\/div>\n\t\t\t\t\t\t\t\t\t\t\t\t<div class=\"card\">\n\t\t\t\t\t\t\t\t\t\t\t\t\t\t\t<img decoding=\"async\" class=\"card-img\" src=\"https:\/\/www-dev.absglobal.com\/mx\/wp-content\/uploads\/sites\/19\/2020\/03\/product-gms.jpg?w=1000&#038;resize=375,250\" alt=\"Image of medical devices\">\n\t\t\t\t\t\t\t\t\t\t\t\t\t\t<div class=\"card-section\">\n\t\t\t\t\t\t\t\t<h3 class=\"card-title\">GMS 2.0<\/h3>\n\t\t\t\t\t\t\t\t\t\t\t\t\t\t\t\t\t\t\t\t\t\t\t\t\t<p class=\"card-description\">La gen\u00e9tica est\u00e1 mejorando.Su programa de apareamiento deber\u00eda hacer lo mismo. Desde 1968, el Genetic Management System\u00ae (GMS\u00ae) ha proporcionado un sistema integral que optimiza el progreso gen\u00e9tico y simplifica el proceso de cr\u00eda. Desde el primer apareamiento hace cerca de 55 a\u00f1os, GMS ha procesado m\u00e1s de 160 millones de apareamiento recomendaciones, m\u00e1s que [&hellip;]<\/p>\n\t\t\t\t\t\t\t\t\n\t\t\t\t\t\t\t\t<a href=\"https:\/\/www-dev.absglobal.com\/mx\/services\/gms\/\" class=\"card-section-button button\">Aprender m\u00e1s<\/a>\n\t\t\t\t\t\t\t<\/div>\n\t\t\t\t\t\t<\/div>\n\t\t\t\t\t\t\t\t\t<\/div>\n\t\t<\/section>\n\t\t\n\n\n\t<section id=\"repFinder\" class=\"alignfull rep-finder\" data-magellan-target=\"repFinder\">\n\t\t<div class=\"section-wrapper\">\n\t\t\t\t\t\t\t<h2 class=\"section-title\">Encuentre a su vendedor local<\/h2>\n\t\t\t\n\t\t\t<div class=\"grid-x grid-margin-x align-justify rep-finder-inner\">\n\t\t\t\t<div class=\"cell medium-large-6\">\n\t\t\t\t\t<button class=\"button rep-finder-cta\" id=\"selectRep\" data-open=\"repFinderModal\">Seleccione su Representante<\/button>\n\t\t\t\t\t<div class=\"rep-finder-selected-rep\" id=\"selectedRep\"><\/div>\n\t\t\t\t<\/div>\n\n\t\t\t\t\t\t\t\t\t<div class=\"cell medium-large-6\">\n\t\t\t\t\t\t<h4>Preguntas Generales<\/h4>\n\t\t\t\t\t\t<hr class=\"rep-finder-divider\">\n\t\t\t\t\t\t\t\t\t\t\t\t\t<ul class=\"rep-finder-details\">\n\t\t\t\t\t\t\t\t\t\t\t\t\t\t\t\t\t<li><a href=\"tel:+52 614 410 6565\"><h5><img decoding=\"async\" src=\"https:\/\/www-dev.absglobal.com\/mx\/wp-content\/themes\/abs\/dist\/assets\/img\/icons\/phone-icon.svg\" alt=\"Phone icon\"> +52 614 410 6565<\/h5><\/a><\/li>\n\t\t\t\t\t\t\t\t\t\t\t\t\t\t\t\t<\/ul>\n\t\t\t\t\t\t\t\t\t\t\t<\/div>\n\t\t\t\t\t\t\t<\/div>\n\t\t<\/div>\n\t<\/section>\n\t","protected":false},"excerpt":{"rendered":"<p>El per\u00edodo de transici\u00f3n &#8211; las \u00faltimas semanas de gestaci\u00f3n de una vaca hasta varias semanas despu\u00e9s de iniciarse su lactaci\u00f3n &#8211; juega un papel integral tanto en la producci\u00f3n como en la reproducci\u00f3n en su reba\u00f1o. Ser eficiente durante el per\u00edodo de transici\u00f3n aumentar\u00e1 las probabilidades de \u00e9xito en la lactaci\u00f3n, la vida productiva [&hellip;]<\/p>\n","protected":false},"author":289,"featured_media":0,"parent":0,"menu_order":0,"comment_status":"closed","ping_status":"closed","template":"","meta":{"_acf_changed":false,"content-type":"","footnotes":""},"class_list":["post-1706","page","type-page","status-publish","hentry"],"acf":[],"yoast_head":"<!-- This site is optimized with the Yoast SEO Premium plugin v22.1 (Yoast SEO v25.3) - https:\/\/yoast.com\/wordpress\/plugins\/seo\/ -->\n<title>Per\u00edodo de transici\u00f3n - ABS Global M\u00e9xico<\/title>\n<meta name=\"robots\" content=\"index, follow, max-snippet:-1, max-image-preview:large, max-video-preview:-1\" \/>\n<link rel=\"canonical\" href=\"https:\/\/www-dev.absglobal.com\/mx\/periodo-de-transicion\/\" \/>\n<meta property=\"og:locale\" content=\"es_ES\" \/>\n<meta property=\"og:type\" content=\"article\" \/>\n<meta property=\"og:title\" content=\"Per\u00edodo de transici\u00f3n\" \/>\n<meta property=\"og:description\" content=\"El per\u00edodo de transici\u00f3n &#8211; las \u00faltimas semanas de gestaci\u00f3n de una vaca hasta varias semanas despu\u00e9s de iniciarse su lactaci\u00f3n &#8211; juega un papel integral tanto en la producci\u00f3n como en la reproducci\u00f3n en su reba\u00f1o. Ser eficiente durante el per\u00edodo de transici\u00f3n aumentar\u00e1 las probabilidades de \u00e9xito en la lactaci\u00f3n, la vida productiva [&hellip;]\" \/>\n<meta property=\"og:url\" content=\"https:\/\/www-dev.absglobal.com\/mx\/periodo-de-transicion\/\" \/>\n<meta property=\"og:site_name\" content=\"ABS Global M\u00e9xico\" \/>\n<meta property=\"article:modified_time\" content=\"2020-04-01T14:46:51+00:00\" \/>\n<meta name=\"twitter:card\" content=\"summary_large_image\" \/>\n<meta name=\"twitter:label1\" content=\"Est. reading time\" \/>\n\t<meta name=\"twitter:data1\" content=\"1 minuto\" \/>\n<script type=\"application\/ld+json\" class=\"yoast-schema-graph\">{\"@context\":\"https:\/\/schema.org\",\"@graph\":[{\"@type\":\"WebPage\",\"@id\":\"https:\/\/www-dev.absglobal.com\/mx\/periodo-de-transicion\/\",\"url\":\"https:\/\/www-dev.absglobal.com\/mx\/periodo-de-transicion\/\",\"name\":\"Per\u00edodo de transici\u00f3n - ABS Global M\u00e9xico\",\"isPartOf\":{\"@id\":\"https:\/\/www-dev.absglobal.com\/mx\/#website\"},\"datePublished\":\"2020-02-22T23:20:01+00:00\",\"dateModified\":\"2020-04-01T14:46:51+00:00\",\"breadcrumb\":{\"@id\":\"https:\/\/www-dev.absglobal.com\/mx\/periodo-de-transicion\/#breadcrumb\"},\"inLanguage\":\"es\",\"potentialAction\":[{\"@type\":\"ReadAction\",\"target\":[\"https:\/\/www-dev.absglobal.com\/mx\/periodo-de-transicion\/\"]}]},{\"@type\":\"BreadcrumbList\",\"@id\":\"https:\/\/www-dev.absglobal.com\/mx\/periodo-de-transicion\/#breadcrumb\",\"itemListElement\":[{\"@type\":\"ListItem\",\"position\":1,\"name\":\"Home\",\"item\":\"https:\/\/www-dev.absglobal.com\/mx\/\"},{\"@type\":\"ListItem\",\"position\":2,\"name\":\"Per\u00edodo de transici\u00f3n\"}]},{\"@type\":\"WebSite\",\"@id\":\"https:\/\/www-dev.absglobal.com\/mx\/#website\",\"url\":\"https:\/\/www-dev.absglobal.com\/mx\/\",\"name\":\"ABS Global M\u00e9xico\",\"description\":\"\",\"publisher\":{\"@id\":\"https:\/\/www-dev.absglobal.com\/mx\/#organization\"},\"potentialAction\":[{\"@type\":\"SearchAction\",\"target\":{\"@type\":\"EntryPoint\",\"urlTemplate\":\"https:\/\/www-dev.absglobal.com\/mx\/?s={search_term_string}\"},\"query-input\":{\"@type\":\"PropertyValueSpecification\",\"valueRequired\":true,\"valueName\":\"search_term_string\"}}],\"inLanguage\":\"es\"},{\"@type\":\"Organization\",\"@id\":\"https:\/\/www-dev.absglobal.com\/mx\/#organization\",\"name\":\"ABS Global M\u00e9xico\",\"url\":\"https:\/\/www-dev.absglobal.com\/mx\/\",\"logo\":{\"@type\":\"ImageObject\",\"inLanguage\":\"es\",\"@id\":\"https:\/\/www-dev.absglobal.com\/mx\/#\/schema\/logo\/image\/\",\"url\":\"https:\/\/www-dev.absglobal.com\/mx\/wp-content\/uploads\/sites\/19\/2020\/04\/LogoRGB.png\",\"contentUrl\":\"https:\/\/www-dev.absglobal.com\/mx\/wp-content\/uploads\/sites\/19\/2020\/04\/LogoRGB.png\",\"width\":872,\"height\":1080,\"caption\":\"ABS Global M\u00e9xico\"},\"image\":{\"@id\":\"https:\/\/www-dev.absglobal.com\/mx\/#\/schema\/logo\/image\/\"}}]}<\/script>\n<!-- \/ Yoast SEO Premium plugin. -->","yoast_head_json":{"title":"Per\u00edodo de transici\u00f3n - ABS Global M\u00e9xico","robots":{"index":"index","follow":"follow","max-snippet":"max-snippet:-1","max-image-preview":"max-image-preview:large","max-video-preview":"max-video-preview:-1"},"canonical":"https:\/\/www-dev.absglobal.com\/mx\/periodo-de-transicion\/","og_locale":"es_ES","og_type":"article","og_title":"Per\u00edodo de transici\u00f3n","og_description":"El per\u00edodo de transici\u00f3n &#8211; las \u00faltimas semanas de gestaci\u00f3n de una vaca hasta varias semanas despu\u00e9s de iniciarse su lactaci\u00f3n &#8211; juega un papel integral tanto en la producci\u00f3n como en la reproducci\u00f3n en su reba\u00f1o. Ser eficiente durante el per\u00edodo de transici\u00f3n aumentar\u00e1 las probabilidades de \u00e9xito en la lactaci\u00f3n, la vida productiva [&hellip;]","og_url":"https:\/\/www-dev.absglobal.com\/mx\/periodo-de-transicion\/","og_site_name":"ABS Global M\u00e9xico","article_modified_time":"2020-04-01T14:46:51+00:00","twitter_card":"summary_large_image","twitter_misc":{"Est. reading time":"1 minuto"},"schema":{"@context":"https:\/\/schema.org","@graph":[{"@type":"WebPage","@id":"https:\/\/www-dev.absglobal.com\/mx\/periodo-de-transicion\/","url":"https:\/\/www-dev.absglobal.com\/mx\/periodo-de-transicion\/","name":"Per\u00edodo de transici\u00f3n - ABS Global M\u00e9xico","isPartOf":{"@id":"https:\/\/www-dev.absglobal.com\/mx\/#website"},"datePublished":"2020-02-22T23:20:01+00:00","dateModified":"2020-04-01T14:46:51+00:00","breadcrumb":{"@id":"https:\/\/www-dev.absglobal.com\/mx\/periodo-de-transicion\/#breadcrumb"},"inLanguage":"es","potentialAction":[{"@type":"ReadAction","target":["https:\/\/www-dev.absglobal.com\/mx\/periodo-de-transicion\/"]}]},{"@type":"BreadcrumbList","@id":"https:\/\/www-dev.absglobal.com\/mx\/periodo-de-transicion\/#breadcrumb","itemListElement":[{"@type":"ListItem","position":1,"name":"Home","item":"https:\/\/www-dev.absglobal.com\/mx\/"},{"@type":"ListItem","position":2,"name":"Per\u00edodo de transici\u00f3n"}]},{"@type":"WebSite","@id":"https:\/\/www-dev.absglobal.com\/mx\/#website","url":"https:\/\/www-dev.absglobal.com\/mx\/","name":"ABS Global M\u00e9xico","description":"","publisher":{"@id":"https:\/\/www-dev.absglobal.com\/mx\/#organization"},"potentialAction":[{"@type":"SearchAction","target":{"@type":"EntryPoint","urlTemplate":"https:\/\/www-dev.absglobal.com\/mx\/?s={search_term_string}"},"query-input":{"@type":"PropertyValueSpecification","valueRequired":true,"valueName":"search_term_string"}}],"inLanguage":"es"},{"@type":"Organization","@id":"https:\/\/www-dev.absglobal.com\/mx\/#organization","name":"ABS Global M\u00e9xico","url":"https:\/\/www-dev.absglobal.com\/mx\/","logo":{"@type":"ImageObject","inLanguage":"es","@id":"https:\/\/www-dev.absglobal.com\/mx\/#\/schema\/logo\/image\/","url":"https:\/\/www-dev.absglobal.com\/mx\/wp-content\/uploads\/sites\/19\/2020\/04\/LogoRGB.png","contentUrl":"https:\/\/www-dev.absglobal.com\/mx\/wp-content\/uploads\/sites\/19\/2020\/04\/LogoRGB.png","width":872,"height":1080,"caption":"ABS Global M\u00e9xico"},"image":{"@id":"https:\/\/www-dev.absglobal.com\/mx\/#\/schema\/logo\/image\/"}}]}},"jetpack_sharing_enabled":true,"_links":{"self":[{"href":"https:\/\/www-dev.absglobal.com\/mx\/wp-json\/wp\/v2\/pages\/1706"}],"collection":[{"href":"https:\/\/www-dev.absglobal.com\/mx\/wp-json\/wp\/v2\/pages"}],"about":[{"href":"https:\/\/www-dev.absglobal.com\/mx\/wp-json\/wp\/v2\/types\/page"}],"author":[{"embeddable":true,"href":"https:\/\/www-dev.absglobal.com\/mx\/wp-json\/wp\/v2\/users\/289"}],"replies":[{"embeddable":true,"href":"https:\/\/www-dev.absglobal.com\/mx\/wp-json\/wp\/v2\/comments?post=1706"}],"version-history":[{"count":21,"href":"https:\/\/www-dev.absglobal.com\/mx\/wp-json\/wp\/v2\/pages\/1706\/revisions"}],"predecessor-version":[{"id":3201,"href":"https:\/\/www-dev.absglobal.com\/mx\/wp-json\/wp\/v2\/pages\/1706\/revisions\/3201"}],"wp:attachment":[{"href":"https:\/\/www-dev.absglobal.com\/mx\/wp-json\/wp\/v2\/media?parent=1706"}],"curies":[{"name":"wp","href":"https:\/\/api.w.org\/{rel}","templated":true}]}}