{"id":1739,"date":"2020-02-24T10:35:58","date_gmt":"2020-02-24T15:35:58","guid":{"rendered":"http:\/\/cms.genusplc.com\/absglobal\/?page_id=1739"},"modified":"2020-04-01T09:47:48","modified_gmt":"2020-04-01T14:47:48","slug":"genetic-plan","status":"publish","type":"page","link":"https:\/\/www-dev.absglobal.com\/mx\/genetic-plan\/","title":{"rendered":"Plan Gen\u00e9tico"},"content":{"rendered":"\n<p>Simple y f\u00e1cil no es lo mismo. Desarrollar una estrategia gen\u00e9tica puede parecer simple; sin embargo, en realidad, esto no se hace a menudo, lo que probablemente significa que no es tan f\u00e1cil.<\/p>\n\n\n\n<p>Muy a menudo, vemos a los agricultores impulsando el futuro de su explotaci\u00f3n en base a los \u00edndices de la industria, o incluso siguiendo la estrategia de su vecino como principal punto de referencia. Sin embargo, al hacerlo, pueden no tener en cuenta las caracter\u00edsticas espec\u00edficas de su negocio, las que tienen un impacto significativo en el \u00e9xito.<\/p>\n\n\n\n<p>Tu plan gen\u00e9tico gira en torno al tipo de vacas que va a hacer y c\u00f3mo se supone que cada vaca debe rendir. Debe alinearse con todas las cosas que son espec\u00edficas de su explotaci\u00f3n como: su plan de negocios, c\u00f3mo se le paga por su leche, el medio ambiente, las instalaciones, el estilo de gesti\u00f3n y muchas otras variables.<\/p>\n\n\n\n<p>Entendiendo estos aspectos, ABS ha desarrollado diferentes soluciones en torno a la planificaci\u00f3n estrat\u00e9gica para ayudar a los ganaderos a encontrar un futuro m\u00e1s brillante para su explotaci\u00f3n.<\/p>\n\n\n\n<div style=\"height:50px\" aria-hidden=\"true\" class=\"wp-block-spacer\"><\/div>\n\n\n\n<h2 class=\"is-style-underline wp-block-heading\">Productos Relacionados<\/h2>\n\n\n\t\t<section id=\"\" class=\"alignwide section-wrapper section-wrapper-small-fluid block-product-slider\" data-magellan-target=\"\">\n\t\t\t<div class=\"carousel-card-section owl-carousel owl-theme\">\n\t\t\t\t\t\t\t\t\t\t<div class=\"card\">\n\t\t\t\t\t\t\t\t\t\t\t\t\t\t\t<img decoding=\"async\" class=\"card-img\" src=\"https:\/\/www-dev.absglobal.com\/mx\/wp-content\/uploads\/sites\/19\/2020\/03\/product-gms.jpg?w=1000&#038;resize=375,250\" alt=\"Image of medical devices\">\n\t\t\t\t\t\t\t\t\t\t\t\t\t\t<div class=\"card-section\">\n\t\t\t\t\t\t\t\t<h3 class=\"card-title\">GMS 2.0<\/h3>\n\t\t\t\t\t\t\t\t\t\t\t\t\t\t\t\t\t\t\t\t\t\t\t\t\t<p class=\"card-description\">La gen\u00e9tica est\u00e1 mejorando.Su programa de apareamiento deber\u00eda hacer lo mismo. Desde 1968, el Genetic Management System\u00ae (GMS\u00ae) ha proporcionado un sistema integral que optimiza el progreso gen\u00e9tico y simplifica el proceso de cr\u00eda. Desde el primer apareamiento hace cerca de 55 a\u00f1os, GMS ha procesado m\u00e1s de 160 millones de apareamiento recomendaciones, m\u00e1s que [&hellip;]<\/p>\n\t\t\t\t\t\t\t\t\n\t\t\t\t\t\t\t\t<a href=\"https:\/\/www-dev.absglobal.com\/mx\/services\/gms\/\" class=\"card-section-button button\">Aprender m\u00e1s<\/a>\n\t\t\t\t\t\t\t<\/div>\n\t\t\t\t\t\t<\/div>\n\t\t\t\t\t\t\t\t\t\t\t\t<div class=\"card\">\n\t\t\t\t\t\t\t\t\t\t\t\t\t\t\t<img decoding=\"async\" class=\"card-img\" src=\"https:\/\/www-dev.absglobal.com\/mx\/wp-content\/uploads\/sites\/19\/2020\/03\/product-sexcel-2.jpg?w=1000&#038;resize=375,250\" alt=\"Image of medical devices\">\n\t\t\t\t\t\t\t\t\t\t\t\t\t\t<div class=\"card-section\">\n\t\t\t\t\t\t\t\t<h3 class=\"card-title\">Sexcel\u00ae<\/h3>\n\t\t\t\t\t\t\t\t\t\t\t\t\t\t\t\t\t\t\t\t\t\t\t\t\t<p class=\"card-description\">Gen\u00e9tica Sexada Sexcel\u00ae &#8211; haga el remplazo de sus vaquillas desde sus mejores vacas Una unidad de semen no aporta un valor real a un productor lechero a menos que resulte en una vaca pre\u00f1ada con una cr\u00eda. Del mismo modo, es necesario que nazca una vaquilla sana y solo entonces se puede ver el [&hellip;]<\/p>\n\t\t\t\t\t\t\t\t\n\t\t\t\t\t\t\t\t<a href=\"https:\/\/www-dev.absglobal.com\/mx\/services\/sexcel\/\" class=\"card-section-button button\">Aprender m\u00e1s<\/a>\n\t\t\t\t\t\t\t<\/div>\n\t\t\t\t\t\t<\/div>\n\t\t\t\t\t\t\t\t\t\t\t\t<div class=\"card\">\n\t\t\t\t\t\t\t\t\t\t\t\t\t\t\t<img decoding=\"async\" class=\"card-img\" src=\"https:\/\/www-dev.absglobal.com\/mx\/wp-content\/uploads\/sites\/19\/2020\/03\/product-beef-infocus.jpg?w=1000&#038;resize=375,250\" alt=\"Image of medical devices\">\n\t\t\t\t\t\t\t\t\t\t\t\t\t\t<div class=\"card-section\">\n\t\t\t\t\t\t\t\t<h3 class=\"card-title\">Beef InFocus\u2122<\/h3>\n\t\t\t\t\t\t\t\t\t\t\t\t\t\t\t\t\t\t\t\t\t\t\t\t\t<p class=\"card-description\">Beef InFocus\u2122 desarrollado por NuEra Genetics\u2122 ofrece al productor gen\u00e9tica de carne probada y confiable para maximizar calidad y eficiencia para la cadena de carne. MAS RENTABILIDAD A TRAV\u00c9S DEL USO DE CARNE EN LECHE Gen\u00e9tica de carne personalizada para los establos Los toros de Beef InFocus se cr\u00edan espec\u00edficamente para vacas lecheras, con esto [&hellip;]<\/p>\n\t\t\t\t\t\t\t\t\n\t\t\t\t\t\t\t\t<a href=\"https:\/\/www-dev.absglobal.com\/mx\/services\/beef-infocus\/\" class=\"card-section-button button\">Aprender m\u00e1s<\/a>\n\t\t\t\t\t\t\t<\/div>\n\t\t\t\t\t\t<\/div>\n\t\t\t\t\t\t\t\t\t\t\t\t<div class=\"card\">\n\t\t\t\t\t\t\t\t\t\t\t\t\t\t\t<img decoding=\"async\" class=\"card-img\" src=\"https:\/\/www-dev.absglobal.com\/mx\/wp-content\/uploads\/sites\/19\/2020\/03\/product-genetic-audit-1.jpg?w=1000&#038;resize=375,250\" alt=\"Image of medical devices\">\n\t\t\t\t\t\t\t\t\t\t\t\t\t\t<div class=\"card-section\">\n\t\t\t\t\t\t\t\t<h3 class=\"card-title\">Auditor\u00eda Gen\u00e9tica<\/h3>\n\t\t\t\t\t\t\t\t\t\t\t\t\t\t\t\t\t\t\t\t\t\t\t\t\t<p class=\"card-description\">La herramienta m\u00e1s nueva del portafolio de servicios gen\u00e9ticos, la auditor\u00eda gen\u00e9tica ABS, complementa perfectamente a GMS 2.0 para obtener el mayor retorno de su inversi\u00f3n gen\u00e9tica. &nbsp;Similar a una boleta de calificaciones, esta auditor\u00eda anual proporciona una visi\u00f3n general de la gen\u00e9tica de su reba\u00f1o. &nbsp;Con esta l\u00ednea base, puede hacer futuras comparaciones y [&hellip;]<\/p>\n\t\t\t\t\t\t\t\t\n\t\t\t\t\t\t\t\t<a href=\"https:\/\/www-dev.absglobal.com\/mx\/services\/genetic-audit\/\" class=\"card-section-button button\">Aprender m\u00e1s<\/a>\n\t\t\t\t\t\t\t<\/div>\n\t\t\t\t\t\t<\/div>\n\t\t\t\t\t\t\t\t\t<\/div>\n\t\t<\/section>\n\t\t\n\n\n\t<section id=\"repFinder\" class=\"alignfull rep-finder\" data-magellan-target=\"repFinder\">\n\t\t<div class=\"section-wrapper\">\n\t\t\t\t\t\t\t<h2 class=\"section-title\">Encuentre a su vendedor local<\/h2>\n\t\t\t\n\t\t\t<div class=\"grid-x grid-margin-x align-justify rep-finder-inner\">\n\t\t\t\t<div class=\"cell medium-large-6\">\n\t\t\t\t\t<button class=\"button rep-finder-cta\" id=\"selectRep\" data-open=\"repFinderModal\">Seleccione su Representante<\/button>\n\t\t\t\t\t<div class=\"rep-finder-selected-rep\" id=\"selectedRep\"><\/div>\n\t\t\t\t<\/div>\n\n\t\t\t\t\t\t\t\t\t<div class=\"cell medium-large-6\">\n\t\t\t\t\t\t<h4>Preguntas Generales<\/h4>\n\t\t\t\t\t\t<hr class=\"rep-finder-divider\">\n\t\t\t\t\t\t\t\t\t\t\t\t\t<ul class=\"rep-finder-details\">\n\t\t\t\t\t\t\t\t\t\t\t\t\t\t\t\t\t<li><a href=\"tel:+52 614 410 6565\"><h5><img decoding=\"async\" src=\"https:\/\/www-dev.absglobal.com\/mx\/wp-content\/themes\/abs\/dist\/assets\/img\/icons\/phone-icon.svg\" alt=\"Phone icon\"> +52 614 410 6565<\/h5><\/a><\/li>\n\t\t\t\t\t\t\t\t\t\t\t\t\t\t\t\t<\/ul>\n\t\t\t\t\t\t\t\t\t\t\t<\/div>\n\t\t\t\t\t\t\t<\/div>\n\t\t<\/div>\n\t<\/section>\n\t","protected":false},"excerpt":{"rendered":"<p>Simple y f\u00e1cil no es lo mismo. Desarrollar una estrategia gen\u00e9tica puede parecer simple; sin embargo, en realidad, esto no se hace a menudo, lo que probablemente significa que no es tan f\u00e1cil. Muy a menudo, vemos a los agricultores impulsando el futuro de su explotaci\u00f3n en base a los \u00edndices de la industria, o [&hellip;]<\/p>\n","protected":false},"author":289,"featured_media":0,"parent":0,"menu_order":0,"comment_status":"closed","ping_status":"closed","template":"","meta":{"_acf_changed":false,"content-type":"","footnotes":""},"class_list":["post-1739","page","type-page","status-publish","hentry"],"acf":[],"yoast_head":"<!-- This site is optimized with the Yoast SEO Premium plugin v22.1 (Yoast SEO v25.3) - https:\/\/yoast.com\/wordpress\/plugins\/seo\/ -->\n<title>Plan Gen\u00e9tico - ABS Global M\u00e9xico<\/title>\n<meta name=\"robots\" content=\"index, follow, max-snippet:-1, max-image-preview:large, max-video-preview:-1\" \/>\n<link rel=\"canonical\" href=\"https:\/\/www-dev.absglobal.com\/mx\/genetic-plan\/\" \/>\n<meta property=\"og:locale\" content=\"es_ES\" \/>\n<meta property=\"og:type\" content=\"article\" \/>\n<meta property=\"og:title\" content=\"Plan Gen\u00e9tico\" \/>\n<meta property=\"og:description\" content=\"Simple y f\u00e1cil no es lo mismo. Desarrollar una estrategia gen\u00e9tica puede parecer simple; sin embargo, en realidad, esto no se hace a menudo, lo que probablemente significa que no es tan f\u00e1cil. Muy a menudo, vemos a los agricultores impulsando el futuro de su explotaci\u00f3n en base a los \u00edndices de la industria, o [&hellip;]\" \/>\n<meta property=\"og:url\" content=\"https:\/\/www-dev.absglobal.com\/mx\/genetic-plan\/\" \/>\n<meta property=\"og:site_name\" content=\"ABS Global M\u00e9xico\" \/>\n<meta property=\"article:modified_time\" content=\"2020-04-01T14:47:48+00:00\" \/>\n<meta name=\"twitter:card\" content=\"summary_large_image\" \/>\n<meta name=\"twitter:label1\" content=\"Est. reading time\" \/>\n\t<meta name=\"twitter:data1\" content=\"1 minuto\" \/>\n<script type=\"application\/ld+json\" class=\"yoast-schema-graph\">{\"@context\":\"https:\/\/schema.org\",\"@graph\":[{\"@type\":\"WebPage\",\"@id\":\"https:\/\/www-dev.absglobal.com\/mx\/genetic-plan\/\",\"url\":\"https:\/\/www-dev.absglobal.com\/mx\/genetic-plan\/\",\"name\":\"Plan Gen\u00e9tico - ABS Global M\u00e9xico\",\"isPartOf\":{\"@id\":\"https:\/\/www-dev.absglobal.com\/mx\/#website\"},\"datePublished\":\"2020-02-24T15:35:58+00:00\",\"dateModified\":\"2020-04-01T14:47:48+00:00\",\"breadcrumb\":{\"@id\":\"https:\/\/www-dev.absglobal.com\/mx\/genetic-plan\/#breadcrumb\"},\"inLanguage\":\"es\",\"potentialAction\":[{\"@type\":\"ReadAction\",\"target\":[\"https:\/\/www-dev.absglobal.com\/mx\/genetic-plan\/\"]}]},{\"@type\":\"BreadcrumbList\",\"@id\":\"https:\/\/www-dev.absglobal.com\/mx\/genetic-plan\/#breadcrumb\",\"itemListElement\":[{\"@type\":\"ListItem\",\"position\":1,\"name\":\"Home\",\"item\":\"https:\/\/www-dev.absglobal.com\/mx\/\"},{\"@type\":\"ListItem\",\"position\":2,\"name\":\"Plan Gen\u00e9tico\"}]},{\"@type\":\"WebSite\",\"@id\":\"https:\/\/www-dev.absglobal.com\/mx\/#website\",\"url\":\"https:\/\/www-dev.absglobal.com\/mx\/\",\"name\":\"ABS Global M\u00e9xico\",\"description\":\"\",\"publisher\":{\"@id\":\"https:\/\/www-dev.absglobal.com\/mx\/#organization\"},\"potentialAction\":[{\"@type\":\"SearchAction\",\"target\":{\"@type\":\"EntryPoint\",\"urlTemplate\":\"https:\/\/www-dev.absglobal.com\/mx\/?s={search_term_string}\"},\"query-input\":{\"@type\":\"PropertyValueSpecification\",\"valueRequired\":true,\"valueName\":\"search_term_string\"}}],\"inLanguage\":\"es\"},{\"@type\":\"Organization\",\"@id\":\"https:\/\/www-dev.absglobal.com\/mx\/#organization\",\"name\":\"ABS Global M\u00e9xico\",\"url\":\"https:\/\/www-dev.absglobal.com\/mx\/\",\"logo\":{\"@type\":\"ImageObject\",\"inLanguage\":\"es\",\"@id\":\"https:\/\/www-dev.absglobal.com\/mx\/#\/schema\/logo\/image\/\",\"url\":\"https:\/\/www-dev.absglobal.com\/mx\/wp-content\/uploads\/sites\/19\/2020\/04\/LogoRGB.png\",\"contentUrl\":\"https:\/\/www-dev.absglobal.com\/mx\/wp-content\/uploads\/sites\/19\/2020\/04\/LogoRGB.png\",\"width\":872,\"height\":1080,\"caption\":\"ABS Global M\u00e9xico\"},\"image\":{\"@id\":\"https:\/\/www-dev.absglobal.com\/mx\/#\/schema\/logo\/image\/\"}}]}<\/script>\n<!-- \/ Yoast SEO Premium plugin. -->","yoast_head_json":{"title":"Plan Gen\u00e9tico - ABS Global M\u00e9xico","robots":{"index":"index","follow":"follow","max-snippet":"max-snippet:-1","max-image-preview":"max-image-preview:large","max-video-preview":"max-video-preview:-1"},"canonical":"https:\/\/www-dev.absglobal.com\/mx\/genetic-plan\/","og_locale":"es_ES","og_type":"article","og_title":"Plan Gen\u00e9tico","og_description":"Simple y f\u00e1cil no es lo mismo. Desarrollar una estrategia gen\u00e9tica puede parecer simple; sin embargo, en realidad, esto no se hace a menudo, lo que probablemente significa que no es tan f\u00e1cil. Muy a menudo, vemos a los agricultores impulsando el futuro de su explotaci\u00f3n en base a los \u00edndices de la industria, o [&hellip;]","og_url":"https:\/\/www-dev.absglobal.com\/mx\/genetic-plan\/","og_site_name":"ABS Global M\u00e9xico","article_modified_time":"2020-04-01T14:47:48+00:00","twitter_card":"summary_large_image","twitter_misc":{"Est. reading time":"1 minuto"},"schema":{"@context":"https:\/\/schema.org","@graph":[{"@type":"WebPage","@id":"https:\/\/www-dev.absglobal.com\/mx\/genetic-plan\/","url":"https:\/\/www-dev.absglobal.com\/mx\/genetic-plan\/","name":"Plan Gen\u00e9tico - ABS Global M\u00e9xico","isPartOf":{"@id":"https:\/\/www-dev.absglobal.com\/mx\/#website"},"datePublished":"2020-02-24T15:35:58+00:00","dateModified":"2020-04-01T14:47:48+00:00","breadcrumb":{"@id":"https:\/\/www-dev.absglobal.com\/mx\/genetic-plan\/#breadcrumb"},"inLanguage":"es","potentialAction":[{"@type":"ReadAction","target":["https:\/\/www-dev.absglobal.com\/mx\/genetic-plan\/"]}]},{"@type":"BreadcrumbList","@id":"https:\/\/www-dev.absglobal.com\/mx\/genetic-plan\/#breadcrumb","itemListElement":[{"@type":"ListItem","position":1,"name":"Home","item":"https:\/\/www-dev.absglobal.com\/mx\/"},{"@type":"ListItem","position":2,"name":"Plan Gen\u00e9tico"}]},{"@type":"WebSite","@id":"https:\/\/www-dev.absglobal.com\/mx\/#website","url":"https:\/\/www-dev.absglobal.com\/mx\/","name":"ABS Global M\u00e9xico","description":"","publisher":{"@id":"https:\/\/www-dev.absglobal.com\/mx\/#organization"},"potentialAction":[{"@type":"SearchAction","target":{"@type":"EntryPoint","urlTemplate":"https:\/\/www-dev.absglobal.com\/mx\/?s={search_term_string}"},"query-input":{"@type":"PropertyValueSpecification","valueRequired":true,"valueName":"search_term_string"}}],"inLanguage":"es"},{"@type":"Organization","@id":"https:\/\/www-dev.absglobal.com\/mx\/#organization","name":"ABS Global M\u00e9xico","url":"https:\/\/www-dev.absglobal.com\/mx\/","logo":{"@type":"ImageObject","inLanguage":"es","@id":"https:\/\/www-dev.absglobal.com\/mx\/#\/schema\/logo\/image\/","url":"https:\/\/www-dev.absglobal.com\/mx\/wp-content\/uploads\/sites\/19\/2020\/04\/LogoRGB.png","contentUrl":"https:\/\/www-dev.absglobal.com\/mx\/wp-content\/uploads\/sites\/19\/2020\/04\/LogoRGB.png","width":872,"height":1080,"caption":"ABS Global M\u00e9xico"},"image":{"@id":"https:\/\/www-dev.absglobal.com\/mx\/#\/schema\/logo\/image\/"}}]}},"jetpack_sharing_enabled":true,"_links":{"self":[{"href":"https:\/\/www-dev.absglobal.com\/mx\/wp-json\/wp\/v2\/pages\/1739"}],"collection":[{"href":"https:\/\/www-dev.absglobal.com\/mx\/wp-json\/wp\/v2\/pages"}],"about":[{"href":"https:\/\/www-dev.absglobal.com\/mx\/wp-json\/wp\/v2\/types\/page"}],"author":[{"embeddable":true,"href":"https:\/\/www-dev.absglobal.com\/mx\/wp-json\/wp\/v2\/users\/289"}],"replies":[{"embeddable":true,"href":"https:\/\/www-dev.absglobal.com\/mx\/wp-json\/wp\/v2\/comments?post=1739"}],"version-history":[{"count":15,"href":"https:\/\/www-dev.absglobal.com\/mx\/wp-json\/wp\/v2\/pages\/1739\/revisions"}],"predecessor-version":[{"id":3204,"href":"https:\/\/www-dev.absglobal.com\/mx\/wp-json\/wp\/v2\/pages\/1739\/revisions\/3204"}],"wp:attachment":[{"href":"https:\/\/www-dev.absglobal.com\/mx\/wp-json\/wp\/v2\/media?parent=1739"}],"curies":[{"name":"wp","href":"https:\/\/api.w.org\/{rel}","templated":true}]}}