{"id":3242,"date":"2020-04-05T22:23:11","date_gmt":"2020-04-06T03:23:11","guid":{"rendered":"http:\/\/www-dev.absglobal.com\/mx\/?page_id=3242"},"modified":"2020-05-07T15:22:15","modified_gmt":"2020-05-07T20:22:15","slug":"terminos-de-opcion","status":"publish","type":"page","link":"https:\/\/www-dev.absglobal.com\/mx\/terminos-de-opcion\/","title":{"rendered":"T\u00e9rminos de Opci\u00f3n"},"content":{"rendered":"\n<p>Adem\u00e1s de los&nbsp;<a href=\"#\">T\u00e9rminos y condiciones est\u00e1ndares de ABS<\/a> (ABS Standard Terms and Conditions) los siguientes t\u00e9rminos regir\u00e1n la compra y el uso de germoplasma Icon Sire\u2122 de ABS y el uso de la descendencia de  primera generaci\u00f3n producido por germoplasma Icon Sire (\u201c<strong>Descendencia<\/strong>\u201d). Ninguno de estos t\u00e9rminos requiere que usted compre o utilice germoplasma Icon Sire de ABS.<\/p>\n\n\n\n<h2 class=\"wp-block-heading\">Uso<\/h2>\n\n\n\n<p>Usted acepta utilizar solo germoplasma Icon Sire (en todo o en parte) en animales de su propiedad o arrendados por usted en el curso normal del negocio. Sin previo consentimiento escrito de ABS, usted no podr\u00e1 realizar las siguientes acciones antes o durante el Per\u00edodo de opci\u00f3n, directa o indirectamente:<\/p>\n\n\n\n<ul class=\"wp-block-list\"><li>Recoger semen de la Descendencia macho.<\/li><li>Vender, comercializar o ceder de cualquier otro modo la Descendencia (nacida o no nacida) a terceros.<\/li><li>Cobrar por, comercializar, vender o suministrar de alguna otra forma ovocitos o embriones a terceros.<\/li><\/ul>\n\n\n\n<p>A modo de aclaraci\u00f3n, los embriones que usted produzca a partir del germoplasma Icon Sire son exclusivamente para el uso interno y no podr\u00e1n venderse, cederse ni utilizarse con terceros en ning\u00fan momento, salvo otro acuerdo escrito emitido por ABS. Con el fin de evitar dudas, ninguno de estos t\u00e9rminos restringe el uso de la Descendencia para el apareamiento natural dentro de su ganado ni la venta de una Descendencia al matadero.<\/p>\n\n\n\n<h2 class=\"wp-block-heading\">Opci\u00f3n<\/h2>\n\n\n\n<p>Usted otorga a ABS (o a su afiliado propuesto) una opci\u00f3n exclusiva e irrevocable de compra (A) de cualquier Descendencia macho y (B) cualquier hembra que ponga o tenga la intenci\u00f3n de poner a la venta seg\u00fan los siguientes t\u00e9rminos:<\/p>\n\n\n\n<ul class=\"wp-block-list\"><li>Si (i) el semental de la Descendencia se encuentra en la lista incluida en el sitio web de Icon Sires y (ii) re\u00fane los requisitos gen\u00e9ticos m\u00ednimos de la lista del sitio web de Icon Sires, usted deber\u00e1 notificar a ABS por escrito completando el Formulario de presentaci\u00f3n de opci\u00f3n de descendencia de Icon Sires, dentro de los 3 d\u00edas laborales de recibir la primera evaluaci\u00f3n gen\u00f3mica sobre cualquier Descendencia macho o de inmediato si desea vender cualquier Descendencia hembra. Usted acepta que es su responsabilidad comprobar el sitio web de Icon Sires antes de ofrecer una Descendencia a la venta o cuando, de alg\u00fan otro modo, sea necesaria tal comprobaci\u00f3n para cumplir con sus obligaciones emanadas de estos t\u00e9rminos.<\/li><li>ABS tendr\u00e1 15&nbsp;d\u00edas laborales a partir de la fecha en que reciba el aviso escrito (\u201c<strong>Per\u00edodo de opci\u00f3n<\/strong>\u201d) para ejercer su opci\u00f3n sobre tal Descendencia seg\u00fan las matrices de precio y los t\u00e9rminos de pago cuya lista figura en la p\u00e1gina web (<a href=\"https:\/\/www-dev.absglobal.com\/mx\/terminos-de-opcion\/\">https:\/\/cms.genusplc.com\/absglobal\/mx\/terminos-de-opcion<\/a>), seg\u00fan se actualicen oportunamente y conforme a otros t\u00e9rminos habituales en los acuerdos de compra de animales en la industria gen\u00e9tica bovina. Si ABS ejerce su opci\u00f3n en virtud de esta secci\u00f3n, usted y ABS celebrar\u00e1n un acuerdo est\u00e1ndar de compra de toro o hembra que entrar\u00e1 en vigor (\u201c<strong>Acuerdo de compra<\/strong>\u201d) para la Descendencia que corresponda.<\/li><li>Si (i) el semental ya no est\u00e1 en la lista del sitio web de Icon Sires, (ii) la Descendencia no cumple con los requisitos gen\u00e9ticos que figuran en la lista del sitio web de Icon Sires, o (iii) ABS no ejerce su opci\u00f3n dentro del Per\u00edodo de opci\u00f3n, o de otro modo le notifica por escrito la intenci\u00f3n de no comprar la Descendencia, usted podr\u00e1 vender libremente o disponer de la Descendencia seg\u00fan su criterio, conforme a los T\u00e9rminos y condiciones de ABS (ABS T&amp;Cs).<\/li><\/ul>\n\n\n\n<p>Usted acepta que es su responsabilidad comprobar el <a href=\"https:\/\/cms.genusplc.com\/absglobal-co\/services\/icon-sires\/\">sitio web de Icon Sire<\/a> antes de ofrecer una Descendencia a la venta o cuando de alg\u00fan otro modo sea razonablemente necesaria tal comprobaci\u00f3n para cumplir con sus obligaciones emanadas de estos t\u00e9rminos.<\/p>\n\n\n\n<h2 class=\"wp-block-heading\">Disposiciones generales<\/h2>\n\n\n\n<p>Estos t\u00e9rminos se aplican al uso de su parte de cualquier germoplasma Icon Sire, independientemente de c\u00f3mo haya llegado a poseerlo. Usted no podr\u00e1 asignar ninguno de esos derechos ni obligaciones bajo estos t\u00e9rminos sin obtener el consentimiento escrito de ABS. Toda asignaci\u00f3n o delegaci\u00f3n no autorizada de estos t\u00e9rminos o de cualquier Descendencia ser\u00e1 nula de nulidad absoluta. Estos t\u00e9rminos son vinculantes y redundan en beneficio de las partes, sus sucesores y cesionarios respectivos.<\/p>\n\n\n\n<p>A solicitud de ABS, usted deber\u00e1 proporcionar a ABS la prueba documental (razonablemente aceptable para ABS) de sus compras de semen y registros de reproducci\u00f3n necesarios para la supervisi\u00f3n de sus obligaciones conforme a este Acuerdo.<\/p>\n\n\n\n<p>Tambi\u00e9n manifiesta y acepta que todo incumplimiento de sus obligaciones seg\u00fan estos t\u00e9rminos podr\u00eda ocasionar da\u00f1os y perjuicios irreparables para ABS, cuyo valor monetario puede ser dif\u00edcil de determinar, y ABS tiene el derecho de presentar medidas cautelares para hacer cumplir las obligaciones, adem\u00e1s de todo otro derecho y recurso que pueda tener.<\/p>\n\n\n\n<p>Usted acepta que ABS o uno de sus afiliados es, y ser\u00e1, en todo momento, el propietario de la propiedad intelectual existente o creada, generada o descubierta a partir de los Materiales gen\u00e9ticos (seg\u00fan se define en los T\u00e9rminos y condiciones de ABS) contenidos en el germoplasma Icon Sire.<\/p>\n\n\n\n<p>Estos t\u00e9rminos, junto con los T\u00e9rminos y condiciones de ABS y dem\u00e1s documentos incorporados al presente por referencia, constituyen el Acuerdo completo entre usted y ABS en relaci\u00f3n con la Descendencia y el germoplasma Icon Sire, sustituyen todas las conversaciones y los acuerdos previos que contemplen el tema, y solo podr\u00e1n ser modificados por escrito y deber\u00e1n ser firmados por ambas partes. Si posee un acuerdo de ganado de desarrollo de producto o un acuerdo preliminar archivado con ABS, en la medida en que estos t\u00e9rminos entren en conflicto con este Acuerdo, sus t\u00e9rminos prevalecer\u00e1n.<\/p>\n\n\n\n<p>Las partes aceptan que este Acuerdo y los documentos incorporados por referencia sean redactados solo en idioma ingl\u00e9s. Les Parties aux pr\u00e9sentes ont convenu que cette entente et les documents s&#8217;y rattachant soient r\u00e9dig\u00e9s en langue anglaise seulement.<\/p>\n\n\n\n<h2 class=\"wp-block-heading\" id=\"precio-de-opcion\">Precio de opci\u00f3n<\/h2>\n\n\n\n<p>Si ABS ejerce su opci\u00f3n seg\u00fan la Secci\u00f3n 3 del Acuerdo de opci\u00f3n de Icon Sires o la secci\u00f3n &#8220;Opci\u00f3n&#8221; de estos t\u00e9rminos, ABS le pagar\u00e1 a usted las siguientes sumas (en d\u00f3lares estadounidenses) dependiendo del rango de la Descendencia y de las condiciones estipuladas a continuaci\u00f3n en el Acuerdo de compra:<\/p>\n\n\n\n<div class=\"wp-block-columns alignwide is-layout-flex wp-container-core-columns-is-layout-1 wp-block-columns-is-layout-flex\">\n<div class=\"wp-block-column is-layout-flow wp-block-column-is-layout-flow\">\n<h4 class=\"has-text-align-center wp-block-heading\">Descendencia hembra &#8211; HOLSTEIN<\/h4>\n\n\n\n<figure class=\"wp-block-table\"><table class=\"has-fixed-layout\"><thead><tr><th>Clasificaci\u00f3n*<\/th><th><strong>Precio de compra<\/strong><\/th><\/tr><\/thead><tbody><tr><td>1-25<\/td><td>$100,000<\/td><\/tr><tr><td>26+<\/td><td>$40,000<\/td><\/tr><\/tbody><\/table><figcaption>*<em>La clasificaci\u00f3n est\u00e1 basada en el rango del &#8220;\u00cdndice&#8221; de Desempe\u00f1o Total (TPI, por su sigla en ingl\u00e9s) de la Descendencia hembra en comparaci\u00f3n con hembras de la edad de la Descendencia o mayores incluidas en el Resumen de sementales del CDCB de publicaci\u00f3n m\u00e1s reciente.<\/em><\/figcaption><\/figure>\n<\/div>\n\n\n\n<div class=\"wp-block-column is-layout-flow wp-block-column-is-layout-flow\">\n<h4 class=\"has-text-align-center wp-block-heading\">Descendencia macho &#8211; HOLSTEIN<\/h4>\n\n\n\n<figure class=\"wp-block-table\"><table class=\"has-fixed-layout\"><thead><tr><th><strong>Clasificaci\u00f3n*<\/strong><\/th><th><strong>Precio de compra<\/strong><\/th><\/tr><\/thead><tbody><tr><td>1-10    <\/td><td>$100,000<\/td><\/tr><tr><td>11-30<\/td><td>$50,000<\/td><\/tr><tr><td>31-100<\/td><td>$20,000<\/td><\/tr><tr><td>101+<\/td><td>$10,000<\/td><\/tr><\/tbody><\/table><figcaption><em>*La clasificaci\u00f3n est\u00e1 basada en el rango del &#8220;\u00cdndice&#8221; de Desempe\u00f1o Total (TPI, por su sigla en ingl\u00e9s) de la Descendencia macho en comparaci\u00f3n con toros de la edad de la Descendencia o mayores incluidos en el Resumen de sementales del CDCB de publicaci\u00f3n m\u00e1s reciente.<\/em><\/figcaption><\/figure>\n<\/div>\n<\/div>\n\n\n\n<hr class=\"wp-block-separator is-style-wide\" \/>\n\n\n\n<div class=\"wp-block-columns alignwide is-layout-flex wp-container-core-columns-is-layout-2 wp-block-columns-is-layout-flex\">\n<div class=\"wp-block-column is-layout-flow wp-block-column-is-layout-flow\">\n<h4 class=\"has-text-align-center wp-block-heading\">Descendencia hembra \u2013 HOLSTEIN DESCORNADO\/ROJO<\/h4>\n\n\n\n<p class=\"has-text-align-center has-small-font-size\">(PO; PP; Portador rojo; o Rojo dominante)<\/p>\n\n\n\n<figure class=\"wp-block-table\"><table class=\"has-fixed-layout\"><thead><tr><th><font style=\"vertical-align: inherit\"><font style=\"vertical-align: inherit\">Clasificaci\u00f3n*<\/font><\/font><\/th><th><strong><strong><font style=\"vertical-align: inherit\"><font style=\"vertical-align: inherit\"><strong>Precio de compra<\/strong><\/font><\/font><\/strong><\/strong><\/th><\/tr><\/thead><tbody><tr><td>1-3<\/td><td>$30,000<\/td><\/tr><tr><td>4+<\/td><td>$20,000<\/td><\/tr><\/tbody><\/table><figcaption><em>*La clasificaci\u00f3n est\u00e1 basada en el rango del &#8220;\u00cdndice&#8221; de descornada (PO o PP) de Desempe\u00f1o Total (TPI, por su sigla en ingl\u00e9s) de la Descendencia hembra en comparaci\u00f3n con hembras de la edad de la Descendencia o mayores incluidas en el Resumen de sementales del CDCB de publicaci\u00f3n m\u00e1s reciente. Si la descendencia clasifica en ambos \u00edndices, el Holstein general y uno de descornado, recibir\u00e1 el precio de compra aplicable a su rango en cada matriz de precios. ABS puede optar por confirmar el estado de descornado mediante una evaluaci\u00f3n de genes con costos a su cargo y, si elige esto, el Per\u00edodo de opci\u00f3n se extender\u00e1 por 10 d\u00edas laborales adicionales.<\/em><\/figcaption><\/figure>\n<\/div>\n\n\n\n<div class=\"wp-block-column is-layout-flow wp-block-column-is-layout-flow\">\n<h4 class=\"has-text-align-center wp-block-heading\">Descendencia macho &#8211; HOLSTEIN DESCORNADO\/ROJO<\/h4>\n\n\n\n<p class=\"has-text-align-center has-small-font-size\">(PO; PP; Portador rojo; o Rojo dominante)<\/p>\n\n\n\n<figure class=\"wp-block-table\"><table class=\"has-fixed-layout\"><thead><tr><th><strong><strong><font style=\"vertical-align: inherit\"><font style=\"vertical-align: inherit\">Clasificaci\u00f3n*<\/font><\/font><\/strong><\/strong><\/th><th><strong>Precio de compra<\/strong><\/th><\/tr><\/thead><tbody><tr><td>1<\/td><td>$30,000<\/td><\/tr><tr><td>2<\/td><td>$20,000<\/td><\/tr><tr><td>3-5<\/td><td>$15,000<\/td><\/tr><tr><td>6+<\/td><td>$10,000<\/td><\/tr><\/tbody><\/table><figcaption><em>*La clasificaci\u00f3n est\u00e1 basada en el rango del &#8220;\u00cdndice&#8221; de descornado (PO o PP) de Desempe\u00f1o Total (TPI, por su sigla en ingl\u00e9s) de la Descendencia macho en comparaci\u00f3n con toros de la edad de la Descendencia o mayores incluidos en el Resumen de sementales del CDCB de publicaci\u00f3n m\u00e1s reciente. Si la descendencia clasifica en ambos \u00edndices, el Holstein general y uno de descornado, recibir\u00e1 el precio de compra aplicable a su rango en cada matriz de precios. ABS puede optar por confirmar el estado de descornado mediante una evaluaci\u00f3n de genes con costos a su cargo y, si elige esto, el Per\u00edodo de opci\u00f3n se extender\u00e1 por 10 d\u00edas laborales adicionales.<\/em><\/figcaption><\/figure>\n<\/div>\n<\/div>\n\n\n\n<hr class=\"wp-block-separator is-style-wide\" \/>\n\n\n\n<div class=\"wp-block-columns alignwide is-layout-flex wp-container-core-columns-is-layout-3 wp-block-columns-is-layout-flex\">\n<div class=\"wp-block-column is-layout-flow wp-block-column-is-layout-flow\">\n<h4 class=\"has-text-align-center wp-block-heading\">Descendencia hembra &#8211; JERSEY<\/h4>\n\n\n\n<figure class=\"wp-block-table\"><table class=\"has-fixed-layout\"><thead><tr><th>Clasificaci\u00f3n*<\/th><th><strong><strong>Precio de compra<\/strong><\/strong><\/th><\/tr><\/thead><tbody><tr><td>1-25<\/td><td>$30,000<\/td><\/tr><tr><td>26+<\/td><td>$15,000<\/td><\/tr><\/tbody><\/table><figcaption><em>*La clasificaci\u00f3n est\u00e1 basada en el rango del &#8220;\u00cdndice&#8221; de Desempe\u00f1o Jersey (JPI, por su sigla en ingl\u00e9s) de la Descendencia hembra en comparaci\u00f3n con hembras de la edad de la Descendencia o mayores incluidas en el Resumen de sementales del CDCB de publicaci\u00f3n m\u00e1s reciente.<\/em><\/figcaption><\/figure>\n<\/div>\n\n\n\n<div class=\"wp-block-column is-layout-flow wp-block-column-is-layout-flow\">\n<h4 class=\"has-text-align-center wp-block-heading\">Descendencia macho &#8211; JERSEY<\/h4>\n\n\n\n<figure class=\"wp-block-table\"><table class=\"has-fixed-layout\"><thead><tr><th><strong>Clasificaci\u00f3n*<\/strong><\/th><th><strong><strong>Precio de compra<\/strong><\/strong><\/th><\/tr><\/thead><tbody><tr><td>1-10<\/td><td>$30,000<\/td><\/tr><tr><td>11-30<\/td><td>$20,000<\/td><\/tr><tr><td>31+<\/td><td>$10,000<\/td><\/tr><\/tbody><\/table><figcaption>*<em>La clasificaci\u00f3n est\u00e1 basada en el rango del &#8220;\u00cdndice&#8221; de Desempe\u00f1o Jersey (JPI, por su sigla en ingl\u00e9s) de la Descendencia macho en comparaci\u00f3n con toros de la edad de la Descendencia o mayores incluidos en el Resumen de sementales del CDCB de publicaci\u00f3n m\u00e1s reciente.<\/em><\/figcaption><\/figure>\n<\/div>\n<\/div>\n\n\n\n<hr class=\"wp-block-separator is-style-wide\" \/>\n\n\n\n<h2 class=\"wp-block-heading\">Condiciones de compra.<\/h2>\n\n\n\n<p>ABS le pagar\u00e1 el precio de compra seg\u00fan las siguientes condiciones:<\/p>\n\n\n\n<p>1. <strong>Descendencia macho.<\/strong> El precio de compra se pagar\u00e1 \u00fanicamente si la Descendencia cumple y despu\u00e9s de que la Descendencia cumpla con los siguientes requisitos:<\/p>\n\n\n\n<ul class=\"wp-block-list\"><li>Aprobar la inspecci\u00f3n veterinaria y la evaluaci\u00f3n de producci\u00f3n de semen y estado de salud est\u00e1ndar de ABS (como se detalla en el Acuerdo de compra).<\/li><li>Haber producido al menos 2000&nbsp;unidades de semen.<\/li><\/ul>\n\n\n\n<p>2.&nbsp;<strong>Descendencia hembra. <\/strong>El precio de compra se pagar\u00e1 \u00fanicamente si la Descendencia cumple y despu\u00e9s de que la Descendencia cumpla con los siguientes requisitos:<\/p>\n\n\n\n<ul class=\"wp-block-list\"><li>Aprobar la inspecci\u00f3n veterinaria y la evaluaci\u00f3n de estado de salud est\u00e1ndar de ABS (como se detalla en el Acuerdo de compra).<\/li><li>Ser reproductivamente sana seg\u00fan la determinaci\u00f3n conforme al criterio razonable del personal veterinario de ABS.<\/li><\/ul>\n\n\n\n<p>3. Cumplir con todos los t\u00e9rminos aplicables del Acuerdo de compra correspondiente.<\/p>\n\n\n\n<p>De tanto en tanto, ABS puede agregar o modificar las matrices de precios y los t\u00e9rminos de pago, incluidos (sin limitaci\u00f3n) el precio de compra, los niveles, el \u00edndice, el archivo de evaluaci\u00f3n gen\u00e9tica, las razas. Los t\u00e9rminos de precios en vigencia al momento que usted notifique a ABS conforme a la Secci\u00f3n 3 (a) del Acuerdo regir\u00e1n la compra de la Descendencia.<\/p>\n","protected":false},"excerpt":{"rendered":"<p>Adem\u00e1s de los&nbsp;T\u00e9rminos y condiciones est\u00e1ndares de ABS (ABS Standard Terms and Conditions) los siguientes t\u00e9rminos regir\u00e1n la compra y el uso de germoplasma Icon Sire\u2122 de ABS y el uso de la descendencia de primera generaci\u00f3n producido por germoplasma Icon Sire (\u201cDescendencia\u201d). Ninguno de estos t\u00e9rminos requiere que usted compre o utilice germoplasma Icon [&hellip;]<\/p>\n","protected":false},"author":20,"featured_media":0,"parent":0,"menu_order":0,"comment_status":"closed","ping_status":"closed","template":"","meta":{"_acf_changed":false,"content-type":"","footnotes":""},"class_list":["post-3242","page","type-page","status-publish","hentry"],"acf":[],"yoast_head":"<!-- This site is optimized with the Yoast SEO Premium plugin v22.1 (Yoast SEO v25.3) - https:\/\/yoast.com\/wordpress\/plugins\/seo\/ -->\n<title>T\u00e9rminos de Opci\u00f3n - ABS Global M\u00e9xico<\/title>\n<meta name=\"robots\" content=\"index, follow, max-snippet:-1, max-image-preview:large, max-video-preview:-1\" \/>\n<link rel=\"canonical\" href=\"https:\/\/www-dev.absglobal.com\/mx\/terminos-de-opcion\/\" \/>\n<meta property=\"og:locale\" content=\"es_ES\" \/>\n<meta property=\"og:type\" content=\"article\" \/>\n<meta property=\"og:title\" content=\"T\u00e9rminos de Opci\u00f3n\" \/>\n<meta property=\"og:description\" content=\"Adem\u00e1s de los&nbsp;T\u00e9rminos y condiciones est\u00e1ndares de ABS (ABS Standard Terms and Conditions) los siguientes t\u00e9rminos regir\u00e1n la compra y el uso de germoplasma Icon Sire\u2122 de ABS y el uso de la descendencia de primera generaci\u00f3n producido por germoplasma Icon Sire (\u201cDescendencia\u201d). Ninguno de estos t\u00e9rminos requiere que usted compre o utilice germoplasma Icon [&hellip;]\" \/>\n<meta property=\"og:url\" content=\"https:\/\/www-dev.absglobal.com\/mx\/terminos-de-opcion\/\" \/>\n<meta property=\"og:site_name\" content=\"ABS Global M\u00e9xico\" \/>\n<meta property=\"article:modified_time\" content=\"2020-05-07T20:22:15+00:00\" \/>\n<meta name=\"twitter:card\" content=\"summary_large_image\" \/>\n<meta name=\"twitter:label1\" content=\"Est. reading time\" \/>\n\t<meta name=\"twitter:data1\" content=\"9 minutos\" \/>\n<script type=\"application\/ld+json\" class=\"yoast-schema-graph\">{\"@context\":\"https:\/\/schema.org\",\"@graph\":[{\"@type\":\"WebPage\",\"@id\":\"https:\/\/www-dev.absglobal.com\/mx\/terminos-de-opcion\/\",\"url\":\"https:\/\/www-dev.absglobal.com\/mx\/terminos-de-opcion\/\",\"name\":\"T\u00e9rminos de Opci\u00f3n - ABS Global M\u00e9xico\",\"isPartOf\":{\"@id\":\"https:\/\/www-dev.absglobal.com\/mx\/#website\"},\"datePublished\":\"2020-04-06T03:23:11+00:00\",\"dateModified\":\"2020-05-07T20:22:15+00:00\",\"breadcrumb\":{\"@id\":\"https:\/\/www-dev.absglobal.com\/mx\/terminos-de-opcion\/#breadcrumb\"},\"inLanguage\":\"es\",\"potentialAction\":[{\"@type\":\"ReadAction\",\"target\":[\"https:\/\/www-dev.absglobal.com\/mx\/terminos-de-opcion\/\"]}]},{\"@type\":\"BreadcrumbList\",\"@id\":\"https:\/\/www-dev.absglobal.com\/mx\/terminos-de-opcion\/#breadcrumb\",\"itemListElement\":[{\"@type\":\"ListItem\",\"position\":1,\"name\":\"Home\",\"item\":\"https:\/\/www-dev.absglobal.com\/mx\/\"},{\"@type\":\"ListItem\",\"position\":2,\"name\":\"T\u00e9rminos de Opci\u00f3n\"}]},{\"@type\":\"WebSite\",\"@id\":\"https:\/\/www-dev.absglobal.com\/mx\/#website\",\"url\":\"https:\/\/www-dev.absglobal.com\/mx\/\",\"name\":\"ABS Global M\u00e9xico\",\"description\":\"\",\"publisher\":{\"@id\":\"https:\/\/www-dev.absglobal.com\/mx\/#organization\"},\"potentialAction\":[{\"@type\":\"SearchAction\",\"target\":{\"@type\":\"EntryPoint\",\"urlTemplate\":\"https:\/\/www-dev.absglobal.com\/mx\/?s={search_term_string}\"},\"query-input\":{\"@type\":\"PropertyValueSpecification\",\"valueRequired\":true,\"valueName\":\"search_term_string\"}}],\"inLanguage\":\"es\"},{\"@type\":\"Organization\",\"@id\":\"https:\/\/www-dev.absglobal.com\/mx\/#organization\",\"name\":\"ABS Global M\u00e9xico\",\"url\":\"https:\/\/www-dev.absglobal.com\/mx\/\",\"logo\":{\"@type\":\"ImageObject\",\"inLanguage\":\"es\",\"@id\":\"https:\/\/www-dev.absglobal.com\/mx\/#\/schema\/logo\/image\/\",\"url\":\"https:\/\/www-dev.absglobal.com\/mx\/wp-content\/uploads\/sites\/19\/2020\/04\/LogoRGB.png\",\"contentUrl\":\"https:\/\/www-dev.absglobal.com\/mx\/wp-content\/uploads\/sites\/19\/2020\/04\/LogoRGB.png\",\"width\":872,\"height\":1080,\"caption\":\"ABS Global M\u00e9xico\"},\"image\":{\"@id\":\"https:\/\/www-dev.absglobal.com\/mx\/#\/schema\/logo\/image\/\"}}]}<\/script>\n<!-- \/ Yoast SEO Premium plugin. -->","yoast_head_json":{"title":"T\u00e9rminos de Opci\u00f3n - ABS Global M\u00e9xico","robots":{"index":"index","follow":"follow","max-snippet":"max-snippet:-1","max-image-preview":"max-image-preview:large","max-video-preview":"max-video-preview:-1"},"canonical":"https:\/\/www-dev.absglobal.com\/mx\/terminos-de-opcion\/","og_locale":"es_ES","og_type":"article","og_title":"T\u00e9rminos de Opci\u00f3n","og_description":"Adem\u00e1s de los&nbsp;T\u00e9rminos y condiciones est\u00e1ndares de ABS (ABS Standard Terms and Conditions) los siguientes t\u00e9rminos regir\u00e1n la compra y el uso de germoplasma Icon Sire\u2122 de ABS y el uso de la descendencia de primera generaci\u00f3n producido por germoplasma Icon Sire (\u201cDescendencia\u201d). Ninguno de estos t\u00e9rminos requiere que usted compre o utilice germoplasma Icon [&hellip;]","og_url":"https:\/\/www-dev.absglobal.com\/mx\/terminos-de-opcion\/","og_site_name":"ABS Global M\u00e9xico","article_modified_time":"2020-05-07T20:22:15+00:00","twitter_card":"summary_large_image","twitter_misc":{"Est. reading time":"9 minutos"},"schema":{"@context":"https:\/\/schema.org","@graph":[{"@type":"WebPage","@id":"https:\/\/www-dev.absglobal.com\/mx\/terminos-de-opcion\/","url":"https:\/\/www-dev.absglobal.com\/mx\/terminos-de-opcion\/","name":"T\u00e9rminos de Opci\u00f3n - ABS Global M\u00e9xico","isPartOf":{"@id":"https:\/\/www-dev.absglobal.com\/mx\/#website"},"datePublished":"2020-04-06T03:23:11+00:00","dateModified":"2020-05-07T20:22:15+00:00","breadcrumb":{"@id":"https:\/\/www-dev.absglobal.com\/mx\/terminos-de-opcion\/#breadcrumb"},"inLanguage":"es","potentialAction":[{"@type":"ReadAction","target":["https:\/\/www-dev.absglobal.com\/mx\/terminos-de-opcion\/"]}]},{"@type":"BreadcrumbList","@id":"https:\/\/www-dev.absglobal.com\/mx\/terminos-de-opcion\/#breadcrumb","itemListElement":[{"@type":"ListItem","position":1,"name":"Home","item":"https:\/\/www-dev.absglobal.com\/mx\/"},{"@type":"ListItem","position":2,"name":"T\u00e9rminos de Opci\u00f3n"}]},{"@type":"WebSite","@id":"https:\/\/www-dev.absglobal.com\/mx\/#website","url":"https:\/\/www-dev.absglobal.com\/mx\/","name":"ABS Global M\u00e9xico","description":"","publisher":{"@id":"https:\/\/www-dev.absglobal.com\/mx\/#organization"},"potentialAction":[{"@type":"SearchAction","target":{"@type":"EntryPoint","urlTemplate":"https:\/\/www-dev.absglobal.com\/mx\/?s={search_term_string}"},"query-input":{"@type":"PropertyValueSpecification","valueRequired":true,"valueName":"search_term_string"}}],"inLanguage":"es"},{"@type":"Organization","@id":"https:\/\/www-dev.absglobal.com\/mx\/#organization","name":"ABS Global M\u00e9xico","url":"https:\/\/www-dev.absglobal.com\/mx\/","logo":{"@type":"ImageObject","inLanguage":"es","@id":"https:\/\/www-dev.absglobal.com\/mx\/#\/schema\/logo\/image\/","url":"https:\/\/www-dev.absglobal.com\/mx\/wp-content\/uploads\/sites\/19\/2020\/04\/LogoRGB.png","contentUrl":"https:\/\/www-dev.absglobal.com\/mx\/wp-content\/uploads\/sites\/19\/2020\/04\/LogoRGB.png","width":872,"height":1080,"caption":"ABS Global M\u00e9xico"},"image":{"@id":"https:\/\/www-dev.absglobal.com\/mx\/#\/schema\/logo\/image\/"}}]}},"jetpack_sharing_enabled":true,"_links":{"self":[{"href":"https:\/\/www-dev.absglobal.com\/mx\/wp-json\/wp\/v2\/pages\/3242"}],"collection":[{"href":"https:\/\/www-dev.absglobal.com\/mx\/wp-json\/wp\/v2\/pages"}],"about":[{"href":"https:\/\/www-dev.absglobal.com\/mx\/wp-json\/wp\/v2\/types\/page"}],"author":[{"embeddable":true,"href":"https:\/\/www-dev.absglobal.com\/mx\/wp-json\/wp\/v2\/users\/20"}],"replies":[{"embeddable":true,"href":"https:\/\/www-dev.absglobal.com\/mx\/wp-json\/wp\/v2\/comments?post=3242"}],"version-history":[{"count":3,"href":"https:\/\/www-dev.absglobal.com\/mx\/wp-json\/wp\/v2\/pages\/3242\/revisions"}],"predecessor-version":[{"id":3376,"href":"https:\/\/www-dev.absglobal.com\/mx\/wp-json\/wp\/v2\/pages\/3242\/revisions\/3376"}],"wp:attachment":[{"href":"https:\/\/www-dev.absglobal.com\/mx\/wp-json\/wp\/v2\/media?parent=3242"}],"curies":[{"name":"wp","href":"https:\/\/api.w.org\/{rel}","templated":true}]}}