{"id":1706,"date":"2020-02-22T18:20:01","date_gmt":"2020-02-22T23:20:01","guid":{"rendered":"http:\/\/cms.genusplc.com\/absglobal\/?page_id=1706"},"modified":"2021-03-31T02:09:04","modified_gmt":"2021-03-31T07:09:04","slug":"transition-period","status":"publish","type":"page","link":"https:\/\/www-dev.absglobal.com\/pl\/transition-period\/","title":{"rendered":"Okres Przej\u015bciowy"},"content":{"rendered":"\n<p class=\"is-style-default\">Okres przej\u015bciowy- ostatnie tygodnie ci\u0105\u017cy i pierwsze tygodnie laktacji- odgrywa integraln\u0105 rol\u0119 je\u015bli chodzi o produkcj\u0119 i reprodukcj\u0119 w stadzie.<\/p>\n\n\n\n<p>Skuteczne dzia\u0142ania w okresie przej\u015bciowym daj\u0105 szanse na powodzenie laktacji, d\u0142ugowieczno\u015b\u0107 krowy i prawid\u0142ow\u0105 d\u0142ugo\u015b\u0107 okresu mi\u0119dzywycieleniowego. Ponadto ostatnie trzy tygodnie ci\u0105\u017cy s\u0105 bardzo wa\u017cne dla zdrowia ciel\u0119cia i maj\u0105 zasadnicze znaczenie dla realizacji jego potencja\u0142u genetycznego w przysz\u0142o\u015bci.<\/p>\n\n\n\n<p>Bez w\u0105tpienia, zapobieganie jest najskuteczniejszym rozwi\u0105zaniem na poradzenie sobie z okresem przej\u015bciowym. Trzy g\u0142\u00f3wne obszary, o kt\u00f3re nale\u017cy zadba\u0107 to protoko\u0142y, praca i genetyka.<\/p>\n\n\n\n<p>Proko\u0142y maj\u0105 kluczowe znaczenie dla zapewnienia krowom odpowiedniego komfortu i \u017cywienia. Ich wykonanie zale\u017cy od posiadania dobrze poinformowanego i wyszkolonego zespo\u0142u ludzi. Wreszcie gegentyka, kt\u00f3ra r\u00f3wnie\u017c ma wp\u0142yw na okres przej\u015bciowy, poniewa\u017c mo\u017ce czyni\u0107 krowy genetycznie bardziej odpornymi na choroby (ketoz\u0119, mastitis i zapalenie macicy).<\/p>\n\n\n\n<div style=\"height:50px\" aria-hidden=\"true\" class=\"wp-block-spacer\"><\/div>\n\n\n\n<h2 class=\"is-style-underline wp-block-heading\">Jeste\u015b zainteresowany rozwi\u0105zaniami ABS w okresie przej\u015bciowym u kr\u00f3w? Kliknij, aby uzyska\u0107 wi\u0119cej informacji.<\/h2>\n\n\n\t\t<section id=\"\" class=\"alignwide section-wrapper section-wrapper-small-fluid block-product-slider\" data-magellan-target=\"\">\n\t\t\t<div class=\"carousel-card-section owl-carousel owl-theme\">\n\t\t\t\t\t\t\t\t\t\t<div class=\"card\">\n\t\t\t\t\t\t\t\t\t\t\t\t\t\t\t<img decoding=\"async\" class=\"card-img\" src=\"https:\/\/www-dev.absglobal.com\/pl\/wp-content\/uploads\/sites\/29\/2020\/03\/product-Transitionright-3.jpg?w=1000&#038;resize=375,250\" alt=\"Obraz wyrob\u00f3w medycznych\">\n\t\t\t\t\t\t\t\t\t\t\t\t\t\t<div class=\"card-section\">\n\t\t\t\t\t\t\t\t<h3 class=\"card-title\">TransitionRight\u00ae<\/h3>\n\t\t\t\t\t\t\t\t\t\t\t\t\t\t\t\t\t\t\t\t\t\t\t\t\t<p class=\"card-description\">Zamiast Reagowa\u0107, Zapobiegaj Poprzez Genetyk\u0119. Choroby okresu przej\u015bciowego odbijaj\u0105 si\u0119 na Twoim czasie, pieni\u0105dzach i wydajno\u015bci stada. Dzi\u015b jednak mo\u017cliwe jest zmniejszenie ryzyka dzi\u0119ki ulepszonemu indeksowi TransitionRight\u00ae firmy ABS Global. ABS Global, \u015bwiatowy lider w dziedzinie genetyki byd\u0142a, us\u0142ug rozrodu i technologii, wykorzystuje udoskonalony program genetyczny, kt\u00f3ry ocenia zar\u00f3wno sprawdzone dane, jak i oceny genomiczne [&hellip;]<\/p>\n\t\t\t\t\t\t\t\t\n\t\t\t\t\t\t\t\t<a href=\"https:\/\/www-dev.absglobal.com\/pl\/Produkty\/transitionright\/\" class=\"card-section-button button\">Dowiedz si\u0119 wi\u0119cej<\/a>\n\t\t\t\t\t\t\t<\/div>\n\t\t\t\t\t\t<\/div>\n\t\t\t\t\t\t\t\t\t\t\t\t<div class=\"card\">\n\t\t\t\t\t\t\t\t\t\t\t\t\t\t\t<img decoding=\"async\" class=\"card-img\" src=\"https:\/\/www-dev.absglobal.com\/pl\/wp-content\/uploads\/sites\/29\/2020\/03\/product-sexcel-2.jpg?w=1000&#038;resize=375,250\" alt=\"Obraz wyrob\u00f3w medycznych\">\n\t\t\t\t\t\t\t\t\t\t\t\t\t\t<div class=\"card-section\">\n\t\t\t\t\t\t\t\t<h3 class=\"card-title\">Sexcel\u00ae<\/h3>\n\t\t\t\t\t\t\t\t\t\t\t\t\t\t\t\t\t\t\t\t\t\t\t\t\t<p class=\"card-description\">Sexcel\u00ae Sexed Genetics- Ja\u0142\u00f3wki na remont stada od Twoich najlepszych kr\u00f3w Samo nasienie nie wnosi \u017cadnej warto\u015bci dla hodowcy byd\u0142a mlecznego chyba, \u017ce ciel\u0119 b\u0119dzie p\u0142ci \u017ce\u0144skiej. Tylko zdrowa ja\u0142\u00f3wka jest gwarancj\u0105 uzyskania post\u0119pu genetycznego i w\u0142a\u015bnie w tym ukryta jest warto\u015b\u0107. W czasach, gdy wydajno\u015b\u0107 ma kluczowe znaczenie dla ferm mlecznych, producenci musz\u0105 zmniejsza\u0107 [&hellip;]<\/p>\n\t\t\t\t\t\t\t\t\n\t\t\t\t\t\t\t\t<a href=\"https:\/\/www-dev.absglobal.com\/pl\/Produkty\/sexcel\/\" class=\"card-section-button button\">Dowiedz si\u0119 wi\u0119cej<\/a>\n\t\t\t\t\t\t\t<\/div>\n\t\t\t\t\t\t<\/div>\n\t\t\t\t\t\t\t\t\t<\/div>\n\t\t<\/section>\n\t\t\n\n\n\n\n<p><\/p>\n","protected":false},"excerpt":{"rendered":"<p>Okres przej\u015bciowy- ostatnie tygodnie ci\u0105\u017cy i pierwsze tygodnie laktacji- odgrywa integraln\u0105 rol\u0119 je\u015bli chodzi o produkcj\u0119 i reprodukcj\u0119 w stadzie. Skuteczne dzia\u0142ania w okresie przej\u015bciowym daj\u0105 szanse na powodzenie laktacji, d\u0142ugowieczno\u015b\u0107 krowy i prawid\u0142ow\u0105 d\u0142ugo\u015b\u0107 okresu mi\u0119dzywycieleniowego. Ponadto ostatnie trzy tygodnie ci\u0105\u017cy s\u0105 bardzo wa\u017cne dla zdrowia ciel\u0119cia i maj\u0105 zasadnicze znaczenie dla realizacji jego [&hellip;]<\/p>\n","protected":false},"author":289,"featured_media":0,"parent":0,"menu_order":0,"comment_status":"closed","ping_status":"closed","template":"","meta":{"_acf_changed":false,"footnotes":""},"class_list":["post-1706","page","type-page","status-publish","hentry"],"acf":[],"yoast_head":"<!-- This site is optimized with the Yoast SEO Premium plugin v22.1 (Yoast SEO v25.3) - https:\/\/yoast.com\/wordpress\/plugins\/seo\/ -->\n<title>Okres Przej\u015bciowy - ABS Global Polska<\/title>\n<meta name=\"robots\" content=\"index, follow, max-snippet:-1, max-image-preview:large, max-video-preview:-1\" \/>\n<link rel=\"canonical\" href=\"https:\/\/www-dev.absglobal.com\/pl\/transition-period\/\" \/>\n<meta property=\"og:locale\" content=\"pl_PL\" \/>\n<meta property=\"og:type\" content=\"article\" \/>\n<meta property=\"og:title\" content=\"Okres Przej\u015bciowy\" \/>\n<meta property=\"og:description\" content=\"Okres przej\u015bciowy- ostatnie tygodnie ci\u0105\u017cy i pierwsze tygodnie laktacji- odgrywa integraln\u0105 rol\u0119 je\u015bli chodzi o produkcj\u0119 i reprodukcj\u0119 w stadzie. Skuteczne dzia\u0142ania w okresie przej\u015bciowym daj\u0105 szanse na powodzenie laktacji, d\u0142ugowieczno\u015b\u0107 krowy i prawid\u0142ow\u0105 d\u0142ugo\u015b\u0107 okresu mi\u0119dzywycieleniowego. Ponadto ostatnie trzy tygodnie ci\u0105\u017cy s\u0105 bardzo wa\u017cne dla zdrowia ciel\u0119cia i maj\u0105 zasadnicze znaczenie dla realizacji jego [&hellip;]\" \/>\n<meta property=\"og:url\" content=\"https:\/\/www-dev.absglobal.com\/pl\/transition-period\/\" \/>\n<meta property=\"og:site_name\" content=\"ABS Global Polska\" \/>\n<meta property=\"article:modified_time\" content=\"2021-03-31T07:09:04+00:00\" \/>\n<meta name=\"twitter:card\" content=\"summary_large_image\" \/>\n<meta name=\"twitter:label1\" content=\"Est. reading time\" \/>\n\t<meta name=\"twitter:data1\" content=\"1 minuta\" \/>\n<script type=\"application\/ld+json\" class=\"yoast-schema-graph\">{\"@context\":\"https:\/\/schema.org\",\"@graph\":[{\"@type\":\"WebPage\",\"@id\":\"https:\/\/www-dev.absglobal.com\/pl\/transition-period\/\",\"url\":\"https:\/\/www-dev.absglobal.com\/pl\/transition-period\/\",\"name\":\"Okres Przej\u015bciowy - ABS Global Polska\",\"isPartOf\":{\"@id\":\"https:\/\/www-dev.absglobal.com\/pl\/#website\"},\"datePublished\":\"2020-02-22T23:20:01+00:00\",\"dateModified\":\"2021-03-31T07:09:04+00:00\",\"breadcrumb\":{\"@id\":\"https:\/\/www-dev.absglobal.com\/pl\/transition-period\/#breadcrumb\"},\"inLanguage\":\"pl-PL\",\"potentialAction\":[{\"@type\":\"ReadAction\",\"target\":[\"https:\/\/www-dev.absglobal.com\/pl\/transition-period\/\"]}]},{\"@type\":\"BreadcrumbList\",\"@id\":\"https:\/\/www-dev.absglobal.com\/pl\/transition-period\/#breadcrumb\",\"itemListElement\":[{\"@type\":\"ListItem\",\"position\":1,\"name\":\"Home\",\"item\":\"https:\/\/www-dev.absglobal.com\/pl\/\"},{\"@type\":\"ListItem\",\"position\":2,\"name\":\"Okres Przej\u015bciowy\"}]},{\"@type\":\"WebSite\",\"@id\":\"https:\/\/www-dev.absglobal.com\/pl\/#website\",\"url\":\"https:\/\/www-dev.absglobal.com\/pl\/\",\"name\":\"ABS Global Polska\",\"description\":\"Profit From Genetic Progress\",\"publisher\":{\"@id\":\"https:\/\/www-dev.absglobal.com\/pl\/#organization\"},\"potentialAction\":[{\"@type\":\"SearchAction\",\"target\":{\"@type\":\"EntryPoint\",\"urlTemplate\":\"https:\/\/www-dev.absglobal.com\/pl\/?s={search_term_string}\"},\"query-input\":{\"@type\":\"PropertyValueSpecification\",\"valueRequired\":true,\"valueName\":\"search_term_string\"}}],\"inLanguage\":\"pl-PL\"},{\"@type\":\"Organization\",\"@id\":\"https:\/\/www-dev.absglobal.com\/pl\/#organization\",\"name\":\"ABS Global Polska\",\"url\":\"https:\/\/www-dev.absglobal.com\/pl\/\",\"logo\":{\"@type\":\"ImageObject\",\"inLanguage\":\"pl-PL\",\"@id\":\"https:\/\/www-dev.absglobal.com\/pl\/#\/schema\/logo\/image\/\",\"url\":\"https:\/\/www-dev.absglobal.com\/pl\/wp-content\/uploads\/sites\/29\/2020\/11\/cropped-ABS.png\",\"contentUrl\":\"https:\/\/www-dev.absglobal.com\/pl\/wp-content\/uploads\/sites\/29\/2020\/11\/cropped-ABS.png\",\"width\":405,\"height\":405,\"caption\":\"ABS  Global Polska\"},\"image\":{\"@id\":\"https:\/\/www-dev.absglobal.com\/pl\/#\/schema\/logo\/image\/\"}}]}<\/script>\n<!-- \/ Yoast SEO Premium plugin. -->","yoast_head_json":{"title":"Okres Przej\u015bciowy - ABS Global Polska","robots":{"index":"index","follow":"follow","max-snippet":"max-snippet:-1","max-image-preview":"max-image-preview:large","max-video-preview":"max-video-preview:-1"},"canonical":"https:\/\/www-dev.absglobal.com\/pl\/transition-period\/","og_locale":"pl_PL","og_type":"article","og_title":"Okres Przej\u015bciowy","og_description":"Okres przej\u015bciowy- ostatnie tygodnie ci\u0105\u017cy i pierwsze tygodnie laktacji- odgrywa integraln\u0105 rol\u0119 je\u015bli chodzi o produkcj\u0119 i reprodukcj\u0119 w stadzie. Skuteczne dzia\u0142ania w okresie przej\u015bciowym daj\u0105 szanse na powodzenie laktacji, d\u0142ugowieczno\u015b\u0107 krowy i prawid\u0142ow\u0105 d\u0142ugo\u015b\u0107 okresu mi\u0119dzywycieleniowego. Ponadto ostatnie trzy tygodnie ci\u0105\u017cy s\u0105 bardzo wa\u017cne dla zdrowia ciel\u0119cia i maj\u0105 zasadnicze znaczenie dla realizacji jego [&hellip;]","og_url":"https:\/\/www-dev.absglobal.com\/pl\/transition-period\/","og_site_name":"ABS Global Polska","article_modified_time":"2021-03-31T07:09:04+00:00","twitter_card":"summary_large_image","twitter_misc":{"Est. reading time":"1 minuta"},"schema":{"@context":"https:\/\/schema.org","@graph":[{"@type":"WebPage","@id":"https:\/\/www-dev.absglobal.com\/pl\/transition-period\/","url":"https:\/\/www-dev.absglobal.com\/pl\/transition-period\/","name":"Okres Przej\u015bciowy - ABS Global Polska","isPartOf":{"@id":"https:\/\/www-dev.absglobal.com\/pl\/#website"},"datePublished":"2020-02-22T23:20:01+00:00","dateModified":"2021-03-31T07:09:04+00:00","breadcrumb":{"@id":"https:\/\/www-dev.absglobal.com\/pl\/transition-period\/#breadcrumb"},"inLanguage":"pl-PL","potentialAction":[{"@type":"ReadAction","target":["https:\/\/www-dev.absglobal.com\/pl\/transition-period\/"]}]},{"@type":"BreadcrumbList","@id":"https:\/\/www-dev.absglobal.com\/pl\/transition-period\/#breadcrumb","itemListElement":[{"@type":"ListItem","position":1,"name":"Home","item":"https:\/\/www-dev.absglobal.com\/pl\/"},{"@type":"ListItem","position":2,"name":"Okres Przej\u015bciowy"}]},{"@type":"WebSite","@id":"https:\/\/www-dev.absglobal.com\/pl\/#website","url":"https:\/\/www-dev.absglobal.com\/pl\/","name":"ABS Global Polska","description":"Profit From Genetic Progress","publisher":{"@id":"https:\/\/www-dev.absglobal.com\/pl\/#organization"},"potentialAction":[{"@type":"SearchAction","target":{"@type":"EntryPoint","urlTemplate":"https:\/\/www-dev.absglobal.com\/pl\/?s={search_term_string}"},"query-input":{"@type":"PropertyValueSpecification","valueRequired":true,"valueName":"search_term_string"}}],"inLanguage":"pl-PL"},{"@type":"Organization","@id":"https:\/\/www-dev.absglobal.com\/pl\/#organization","name":"ABS Global Polska","url":"https:\/\/www-dev.absglobal.com\/pl\/","logo":{"@type":"ImageObject","inLanguage":"pl-PL","@id":"https:\/\/www-dev.absglobal.com\/pl\/#\/schema\/logo\/image\/","url":"https:\/\/www-dev.absglobal.com\/pl\/wp-content\/uploads\/sites\/29\/2020\/11\/cropped-ABS.png","contentUrl":"https:\/\/www-dev.absglobal.com\/pl\/wp-content\/uploads\/sites\/29\/2020\/11\/cropped-ABS.png","width":405,"height":405,"caption":"ABS  Global Polska"},"image":{"@id":"https:\/\/www-dev.absglobal.com\/pl\/#\/schema\/logo\/image\/"}}]}},"jetpack_sharing_enabled":true,"_links":{"self":[{"href":"https:\/\/www-dev.absglobal.com\/pl\/wp-json\/wp\/v2\/pages\/1706"}],"collection":[{"href":"https:\/\/www-dev.absglobal.com\/pl\/wp-json\/wp\/v2\/pages"}],"about":[{"href":"https:\/\/www-dev.absglobal.com\/pl\/wp-json\/wp\/v2\/types\/page"}],"author":[{"embeddable":true,"href":"https:\/\/www-dev.absglobal.com\/pl\/wp-json\/wp\/v2\/users\/289"}],"replies":[{"embeddable":true,"href":"https:\/\/www-dev.absglobal.com\/pl\/wp-json\/wp\/v2\/comments?post=1706"}],"version-history":[{"count":27,"href":"https:\/\/www-dev.absglobal.com\/pl\/wp-json\/wp\/v2\/pages\/1706\/revisions"}],"predecessor-version":[{"id":4550,"href":"https:\/\/www-dev.absglobal.com\/pl\/wp-json\/wp\/v2\/pages\/1706\/revisions\/4550"}],"wp:attachment":[{"href":"https:\/\/www-dev.absglobal.com\/pl\/wp-json\/wp\/v2\/media?parent=1706"}],"curies":[{"name":"wp","href":"https:\/\/api.w.org\/{rel}","templated":true}]}}