{"id":2096,"date":"2020-03-10T10:39:13","date_gmt":"2020-03-10T15:39:13","guid":{"rendered":"http:\/\/cms.genusplc.com\/absglobal\/?page_id=2096"},"modified":"2020-11-17T08:37:11","modified_gmt":"2020-11-17T13:37:11","slug":"beef-on-dairy","status":"publish","type":"page","link":"https:\/\/www-dev.absglobal.com\/pl\/beef-on-dairy\/","title":{"rendered":"Beff InFocus\u2122"},"content":{"rendered":"\n<p>Pomys\u0142 krzy\u017cowania kr\u00f3w mlecznych o niskiej warto\u015bci genetycznej lub niskiej wydajno\u015bci z buhajami ras mi\u0119snych, sta\u0142 si\u0119 coraz powszechniejsz\u0105 praktyk\u0105 w gospodarstwach mlecznych. G\u0142\u00f3wnym tego powodem jest wzrost warto\u015bci potomstwa uzyskanego z takiego krzy\u017cowania w por\u00f3wnaniu z ciel\u0119ciem p\u0142ci m\u0119skiej rasy mlecznej.<\/p>\n\n\n\n<p>Opr\u00f3cz samej warto\u015b\u0107 ciel\u0119cia pochodz\u0105cego z krzy\u017cowania towarowego, jest jeszcze wi\u0119cej zalet stosowania tego systemu. Wykorzystanie nasienia sexowanego w stadzie w celu uzyskania ja\u0142\u00f3wek przeznaczonych na remont stada, zwi\u0119ksza intensywno\u015b\u0107 selekcji i przyspiesza post\u0119p genetyczny. Ponadto aktywne zarz\u0105dzanie liczb\u0105 ja\u0142\u00f3wek w stadzie pozwala unikn\u0105\u0107 nadmiernej wymiany zwierz\u0105t i obni\u017ca koszty hodowli.<\/p>\n\n\n\n<p>Wi\u0119cej pieni\u0119dzy ze sprzeda\u017cy ciel\u0105t z krzy\u017cowania towarowego, ja\u0142\u00f3wki o wy\u017cszej warto\u015bci genetycznej przeznaczone na remont stada oraz optymalizacja koszt\u00f3w to rozwi\u0105zanie idealne, ale mo\u017ce ono zosta\u0107 zagro\u017cone poprzez nieodpowiedni dob\u00f3r genetyki buhaj\u00f3w ras mi\u0119snych u\u017cywanych w stadzie kr\u00f3w mlecznych..<\/p>\n\n\n\n<p>Pierwszym krokiem w tym procesie jest upewnienie si\u0119, \u017ce nasienie buhaj\u00f3w mi\u0119snych sprawdzi si\u0119 je\u017celi chodzi o wska\u017anik zaciele\u0144 kr\u00f3w oraz wska\u017aniki zwi\u0105zane z wycieleniem, daj\u0105c w efekcie zdrowe i wydajne ciel\u0119.<\/p>\n\n\n\t<section id=\"\" class=\"aligncenter section-wrapper section-wrapper-fluid section-wrapper-banner\" data-magellan-target=\"\">\n\t\t<div class=\"section-wrapper-background\" style=\"background-image: url('https:\/\/www-dev.absglobal.com\/pl\/wp-content\/uploads\/sites\/29\/2020\/06\/Library-Beef-0n-Dairy-article-UK.jpg');\"><\/div>\n\t\t<div class=\"section-wrapper-overlay\"><\/div>\n\t\t<div class=\"section-wrapper-inner\">\n\t\t\t\t\t\t\t\t\t\t\t\t<div class=\"grid-container\">\n\t\t\t\t\t\t<div class=\"grid-x align-center\">\n\t\t\t\t\t\t\t<div class=\"cell medium-7 text-center\">\n\t\t\t\t\t\t\t\t\t\t\t\t\t\t\t\t\t<div class=\"section-content\">\n\t\t\t\t\t\t\t\t\t\t<h3 style=\"text-align: center;color: #ffffff\">Could you be missing out on a \u201813th Milk Cheque\u2019?<\/h3>\n<p style=\"text-align: center\"><a href=\"http:\/\/www.absglobal.com\/uk\/could-you-be-missing-out-on-a-13th-milk-cheque\/\" class=\"button\">Learn More<\/a><\/p>\n\t\t\t\t\t\t\t\t\t<\/div>\n\t\t\t\t\t\t\t\t\t\t\t\t\t\t\t\t\t\t\t\t\t\t\t<\/div>\n\t\t\t\t\t\t<\/div>\n\t\t\t\t\t<\/div>\n\t\t\t\t\t\t\t\t\t<\/div>\n\t<\/section>\n\t\n\n\n<div style=\"height:50px\" aria-hidden=\"true\" class=\"wp-block-spacer\"><\/div>\n\n\n\n<h2 class=\"is-style-underline wp-block-heading\">ABS na wiele sposob\u00f3w wspiera hodowc\u00f3w byd\u0142a mlecznego w wyborze nasienia buhaj\u00f3w ras mi\u0119snych i stworzeniu planu kojarze\u0144. Poni\u017cej, kilka rozwi\u0105za\u0144, kt\u00f3re u\u0142atwi\u0105 rozpocz\u0119cie tego procesu:<\/h2>\n\n\n\t\t<section id=\"\" class=\"alignwide section-wrapper section-wrapper-small-fluid block-product-slider\" data-magellan-target=\"\">\n\t\t\t<div class=\"carousel-card-section owl-carousel owl-theme\">\n\t\t\t\t\t\t\t\t\t\t<div class=\"card\">\n\t\t\t\t\t\t\t\t\t\t\t\t\t\t\t<img decoding=\"async\" class=\"card-img\" src=\"https:\/\/www-dev.absglobal.com\/pl\/wp-content\/uploads\/sites\/29\/2020\/02\/beef-infocus-product-page2.jpg?w=1000&#038;resize=375,250\" alt=\"Obraz wyrob\u00f3w medycznych\">\n\t\t\t\t\t\t\t\t\t\t\t\t\t\t<div class=\"card-section\">\n\t\t\t\t\t\t\t\t<h3 class=\"card-title\">Beef InFocus\u2122<\/h3>\n\t\t\t\t\t\t\t\t\t\t\t\t\t\t\t\t\t\t\t\t\t\t\t\t\t<p class=\"card-description\">Beef InFocus\u2122 &#8211; nasienie buhaj\u00f3w ras mi\u0119snych w stadzie kr\u00f3w mlecznych Genetyka ras mi\u0119snych dedykowana rasom mlecznym Buhaje Beef InFocus\u2122 s\u0105 specjalnie tworzone lub wybierane dla kr\u00f3w mlecznych, aby zmaksymalizowa\u0107 op\u0142acalno\u015b\u0107 \u0142a\u0144cucha dostaw mleka i wo\u0142owiny. NuEra Genetics\u2122 to globalna marka ABS odpowiedzialna za Beef InFocus\u2122 i rozw\u00f3j \u017ar\u00f3d\u0142a elitarnych buhaj\u00f3w. Wszystkie buhaje, w tym [&hellip;]<\/p>\n\t\t\t\t\t\t\t\t\n\t\t\t\t\t\t\t\t<a href=\"https:\/\/www-dev.absglobal.com\/pl\/Produkty\/beef-infocus\/\" class=\"card-section-button button\">Dowiedz si\u0119 wi\u0119cej<\/a>\n\t\t\t\t\t\t\t<\/div>\n\t\t\t\t\t\t<\/div>\n\t\t\t\t\t\t\t\t\t\t\t\t<div class=\"card\">\n\t\t\t\t\t\t\t\t\t\t\t\t\t\t\t<img decoding=\"async\" class=\"card-img\" src=\"https:\/\/www-dev.absglobal.com\/pl\/wp-content\/uploads\/sites\/29\/2020\/03\/product-sexcel-2.jpg?w=1000&#038;resize=375,250\" alt=\"Obraz wyrob\u00f3w medycznych\">\n\t\t\t\t\t\t\t\t\t\t\t\t\t\t<div class=\"card-section\">\n\t\t\t\t\t\t\t\t<h3 class=\"card-title\">Sexcel\u00ae<\/h3>\n\t\t\t\t\t\t\t\t\t\t\t\t\t\t\t\t\t\t\t\t\t\t\t\t\t<p class=\"card-description\">Sexcel\u00ae Sexed Genetics- Ja\u0142\u00f3wki na remont stada od Twoich najlepszych kr\u00f3w Samo nasienie nie wnosi \u017cadnej warto\u015bci dla hodowcy byd\u0142a mlecznego chyba, \u017ce ciel\u0119 b\u0119dzie p\u0142ci \u017ce\u0144skiej. Tylko zdrowa ja\u0142\u00f3wka jest gwarancj\u0105 uzyskania post\u0119pu genetycznego i w\u0142a\u015bnie w tym ukryta jest warto\u015b\u0107. W czasach, gdy wydajno\u015b\u0107 ma kluczowe znaczenie dla ferm mlecznych, producenci musz\u0105 zmniejsza\u0107 [&hellip;]<\/p>\n\t\t\t\t\t\t\t\t\n\t\t\t\t\t\t\t\t<a href=\"https:\/\/www-dev.absglobal.com\/pl\/Produkty\/sexcel\/\" class=\"card-section-button button\">Dowiedz si\u0119 wi\u0119cej<\/a>\n\t\t\t\t\t\t\t<\/div>\n\t\t\t\t\t\t<\/div>\n\t\t\t\t\t\t\t\t\t\t\t\t<div class=\"card\">\n\t\t\t\t\t\t\t\t\t\t\t\t\t\t\t<img decoding=\"async\" class=\"card-img\" src=\"https:\/\/www-dev.absglobal.com\/pl\/wp-content\/uploads\/sites\/29\/2020\/02\/product-gms-2.jpg?w=1000&#038;resize=375,250\" alt=\"Obraz wyrob\u00f3w medycznych\">\n\t\t\t\t\t\t\t\t\t\t\t\t\t\t<div class=\"card-section\">\n\t\t\t\t\t\t\t\t<h3 class=\"card-title\">GMS 2.0<\/h3>\n\t\t\t\t\t\t\t\t\t\t\t\t\t\t\t\t\t\t\t\t\t\t\t\t\t<p class=\"card-description\">Genetyka wci\u0105\u017c &#8220;idzie&#8221; do przodu, wi\u0119c program do kojarze\u0144 r\u00f3wnie\u017c. Meet Genetic Management System\u00ae (GMS\u00ae) 2.0- innowacyjny, przeprojektowany program kojarze\u0144, zbudowany z my\u015bl\u0105 o Twoich unikalnych celach. Wprowadzony w 2016 r., program GMS 2.0 oferuje obiektywny dob\u00f3r zwierz\u0105t do kojarze\u0144, oparty na ekonomicznie wa\u017cnych cechach produkcyjnych, zdrowotnych i cechach pokroju. W rezultacie otrzymasz d\u0142ugowieczne, dochodowe [&hellip;]<\/p>\n\t\t\t\t\t\t\t\t\n\t\t\t\t\t\t\t\t<a href=\"https:\/\/www-dev.absglobal.com\/pl\/Produkty\/gms\/\" class=\"card-section-button button\">Dowiedz si\u0119 wi\u0119cej<\/a>\n\t\t\t\t\t\t\t<\/div>\n\t\t\t\t\t\t<\/div>\n\t\t\t\t\t\t\t\t\t\t\t\t<div class=\"card\">\n\t\t\t\t\t\t\t\t\t\t\t\t\t\t\t<img decoding=\"async\" class=\"card-img\" src=\"https:\/\/www-dev.absglobal.com\/pl\/wp-content\/uploads\/sites\/29\/2020\/03\/product-nuera-2.jpg?w=1000&#038;resize=375,250\" alt=\"Obraz wyrob\u00f3w medycznych\">\n\t\t\t\t\t\t\t\t\t\t\t\t\t\t<div class=\"card-section\">\n\t\t\t\t\t\t\t\t<h3 class=\"card-title\">NuEra Genetics\u2122<\/h3>\n\t\t\t\t\t\t\t\t\t\t\t\t\t\t\t\t\t\t\t\t\t\t\t\t\t<p class=\"card-description\">NuEra Genetics\u2122 firmy ABS Global obejmuje wszystkie zastrze\u017cone programy hodowli byd\u0142a ras mi\u0119snych, oceny oraz indeksy dla nich stworzone. Marka zosta\u0142a stworzona w 2017 roku i ma za zadanie dostarcza\u0107 doskona\u0142\u0105 zr\u00f3\u017cnicowan\u0105 genetyk\u0119 buhaj\u00f3w ras mi\u0119snych w celu poprawy rentowno\u015bci produkcji mlecznej i mi\u0119snej byd\u0142a. NuEra Genetics symbolizuje kolejny rozdzia\u0142 w historii genetyki buhaj\u00f3w ras [&hellip;]<\/p>\n\t\t\t\t\t\t\t\t\n\t\t\t\t\t\t\t\t<a href=\"https:\/\/www-dev.absglobal.com\/pl\/Produkty\/nuera-genetics\/\" class=\"card-section-button button\">Dowiedz si\u0119 wi\u0119cej<\/a>\n\t\t\t\t\t\t\t<\/div>\n\t\t\t\t\t\t<\/div>\n\t\t\t\t\t\t\t\t\t<\/div>\n\t\t<\/section>\n\t\t\n\n","protected":false},"excerpt":{"rendered":"<p>Pomys\u0142 krzy\u017cowania kr\u00f3w mlecznych o niskiej warto\u015bci genetycznej lub niskiej wydajno\u015bci z buhajami ras mi\u0119snych, sta\u0142 si\u0119 coraz powszechniejsz\u0105 praktyk\u0105 w gospodarstwach mlecznych. G\u0142\u00f3wnym tego powodem jest wzrost warto\u015bci potomstwa uzyskanego z takiego krzy\u017cowania w por\u00f3wnaniu z ciel\u0119ciem p\u0142ci m\u0119skiej rasy mlecznej. Opr\u00f3cz samej warto\u015b\u0107 ciel\u0119cia pochodz\u0105cego z krzy\u017cowania towarowego, jest jeszcze wi\u0119cej zalet stosowania [&hellip;]<\/p>\n","protected":false},"author":289,"featured_media":0,"parent":0,"menu_order":0,"comment_status":"closed","ping_status":"closed","template":"","meta":{"_acf_changed":false,"footnotes":""},"class_list":["post-2096","page","type-page","status-publish","hentry"],"acf":[],"yoast_head":"<!-- This site is optimized with the Yoast SEO Premium plugin v22.1 (Yoast SEO v25.3) - https:\/\/yoast.com\/wordpress\/plugins\/seo\/ -->\n<title>Beff InFocus\u2122 - ABS Global Polska<\/title>\n<meta name=\"robots\" content=\"index, follow, max-snippet:-1, max-image-preview:large, max-video-preview:-1\" \/>\n<link rel=\"canonical\" href=\"https:\/\/www-dev.absglobal.com\/pl\/beef-on-dairy\/\" \/>\n<meta property=\"og:locale\" content=\"pl_PL\" \/>\n<meta property=\"og:type\" content=\"article\" \/>\n<meta property=\"og:title\" content=\"Beff InFocus\u2122\" \/>\n<meta property=\"og:description\" content=\"Pomys\u0142 krzy\u017cowania kr\u00f3w mlecznych o niskiej warto\u015bci genetycznej lub niskiej wydajno\u015bci z buhajami ras mi\u0119snych, sta\u0142 si\u0119 coraz powszechniejsz\u0105 praktyk\u0105 w gospodarstwach mlecznych. G\u0142\u00f3wnym tego powodem jest wzrost warto\u015bci potomstwa uzyskanego z takiego krzy\u017cowania w por\u00f3wnaniu z ciel\u0119ciem p\u0142ci m\u0119skiej rasy mlecznej. Opr\u00f3cz samej warto\u015b\u0107 ciel\u0119cia pochodz\u0105cego z krzy\u017cowania towarowego, jest jeszcze wi\u0119cej zalet stosowania [&hellip;]\" \/>\n<meta property=\"og:url\" content=\"https:\/\/www-dev.absglobal.com\/pl\/beef-on-dairy\/\" \/>\n<meta property=\"og:site_name\" content=\"ABS Global Polska\" \/>\n<meta property=\"article:modified_time\" content=\"2020-11-17T13:37:11+00:00\" \/>\n<meta name=\"twitter:card\" content=\"summary_large_image\" \/>\n<meta name=\"twitter:label1\" content=\"Est. reading time\" \/>\n\t<meta name=\"twitter:data1\" content=\"1 minuta\" \/>\n<script type=\"application\/ld+json\" class=\"yoast-schema-graph\">{\"@context\":\"https:\/\/schema.org\",\"@graph\":[{\"@type\":\"WebPage\",\"@id\":\"https:\/\/www-dev.absglobal.com\/pl\/beef-on-dairy\/\",\"url\":\"https:\/\/www-dev.absglobal.com\/pl\/beef-on-dairy\/\",\"name\":\"Beff InFocus\u2122 - ABS Global Polska\",\"isPartOf\":{\"@id\":\"https:\/\/www-dev.absglobal.com\/pl\/#website\"},\"datePublished\":\"2020-03-10T15:39:13+00:00\",\"dateModified\":\"2020-11-17T13:37:11+00:00\",\"breadcrumb\":{\"@id\":\"https:\/\/www-dev.absglobal.com\/pl\/beef-on-dairy\/#breadcrumb\"},\"inLanguage\":\"pl-PL\",\"potentialAction\":[{\"@type\":\"ReadAction\",\"target\":[\"https:\/\/www-dev.absglobal.com\/pl\/beef-on-dairy\/\"]}]},{\"@type\":\"BreadcrumbList\",\"@id\":\"https:\/\/www-dev.absglobal.com\/pl\/beef-on-dairy\/#breadcrumb\",\"itemListElement\":[{\"@type\":\"ListItem\",\"position\":1,\"name\":\"Home\",\"item\":\"https:\/\/www-dev.absglobal.com\/pl\/\"},{\"@type\":\"ListItem\",\"position\":2,\"name\":\"Beff InFocus\u2122\"}]},{\"@type\":\"WebSite\",\"@id\":\"https:\/\/www-dev.absglobal.com\/pl\/#website\",\"url\":\"https:\/\/www-dev.absglobal.com\/pl\/\",\"name\":\"ABS Global Polska\",\"description\":\"Profit From Genetic Progress\",\"publisher\":{\"@id\":\"https:\/\/www-dev.absglobal.com\/pl\/#organization\"},\"potentialAction\":[{\"@type\":\"SearchAction\",\"target\":{\"@type\":\"EntryPoint\",\"urlTemplate\":\"https:\/\/www-dev.absglobal.com\/pl\/?s={search_term_string}\"},\"query-input\":{\"@type\":\"PropertyValueSpecification\",\"valueRequired\":true,\"valueName\":\"search_term_string\"}}],\"inLanguage\":\"pl-PL\"},{\"@type\":\"Organization\",\"@id\":\"https:\/\/www-dev.absglobal.com\/pl\/#organization\",\"name\":\"ABS Global Polska\",\"url\":\"https:\/\/www-dev.absglobal.com\/pl\/\",\"logo\":{\"@type\":\"ImageObject\",\"inLanguage\":\"pl-PL\",\"@id\":\"https:\/\/www-dev.absglobal.com\/pl\/#\/schema\/logo\/image\/\",\"url\":\"https:\/\/www-dev.absglobal.com\/pl\/wp-content\/uploads\/sites\/29\/2020\/11\/cropped-ABS.png\",\"contentUrl\":\"https:\/\/www-dev.absglobal.com\/pl\/wp-content\/uploads\/sites\/29\/2020\/11\/cropped-ABS.png\",\"width\":405,\"height\":405,\"caption\":\"ABS  Global Polska\"},\"image\":{\"@id\":\"https:\/\/www-dev.absglobal.com\/pl\/#\/schema\/logo\/image\/\"}}]}<\/script>\n<!-- \/ Yoast SEO Premium plugin. -->","yoast_head_json":{"title":"Beff InFocus\u2122 - ABS Global Polska","robots":{"index":"index","follow":"follow","max-snippet":"max-snippet:-1","max-image-preview":"max-image-preview:large","max-video-preview":"max-video-preview:-1"},"canonical":"https:\/\/www-dev.absglobal.com\/pl\/beef-on-dairy\/","og_locale":"pl_PL","og_type":"article","og_title":"Beff InFocus\u2122","og_description":"Pomys\u0142 krzy\u017cowania kr\u00f3w mlecznych o niskiej warto\u015bci genetycznej lub niskiej wydajno\u015bci z buhajami ras mi\u0119snych, sta\u0142 si\u0119 coraz powszechniejsz\u0105 praktyk\u0105 w gospodarstwach mlecznych. G\u0142\u00f3wnym tego powodem jest wzrost warto\u015bci potomstwa uzyskanego z takiego krzy\u017cowania w por\u00f3wnaniu z ciel\u0119ciem p\u0142ci m\u0119skiej rasy mlecznej. Opr\u00f3cz samej warto\u015b\u0107 ciel\u0119cia pochodz\u0105cego z krzy\u017cowania towarowego, jest jeszcze wi\u0119cej zalet stosowania [&hellip;]","og_url":"https:\/\/www-dev.absglobal.com\/pl\/beef-on-dairy\/","og_site_name":"ABS Global Polska","article_modified_time":"2020-11-17T13:37:11+00:00","twitter_card":"summary_large_image","twitter_misc":{"Est. reading time":"1 minuta"},"schema":{"@context":"https:\/\/schema.org","@graph":[{"@type":"WebPage","@id":"https:\/\/www-dev.absglobal.com\/pl\/beef-on-dairy\/","url":"https:\/\/www-dev.absglobal.com\/pl\/beef-on-dairy\/","name":"Beff InFocus\u2122 - ABS Global Polska","isPartOf":{"@id":"https:\/\/www-dev.absglobal.com\/pl\/#website"},"datePublished":"2020-03-10T15:39:13+00:00","dateModified":"2020-11-17T13:37:11+00:00","breadcrumb":{"@id":"https:\/\/www-dev.absglobal.com\/pl\/beef-on-dairy\/#breadcrumb"},"inLanguage":"pl-PL","potentialAction":[{"@type":"ReadAction","target":["https:\/\/www-dev.absglobal.com\/pl\/beef-on-dairy\/"]}]},{"@type":"BreadcrumbList","@id":"https:\/\/www-dev.absglobal.com\/pl\/beef-on-dairy\/#breadcrumb","itemListElement":[{"@type":"ListItem","position":1,"name":"Home","item":"https:\/\/www-dev.absglobal.com\/pl\/"},{"@type":"ListItem","position":2,"name":"Beff InFocus\u2122"}]},{"@type":"WebSite","@id":"https:\/\/www-dev.absglobal.com\/pl\/#website","url":"https:\/\/www-dev.absglobal.com\/pl\/","name":"ABS Global Polska","description":"Profit From Genetic Progress","publisher":{"@id":"https:\/\/www-dev.absglobal.com\/pl\/#organization"},"potentialAction":[{"@type":"SearchAction","target":{"@type":"EntryPoint","urlTemplate":"https:\/\/www-dev.absglobal.com\/pl\/?s={search_term_string}"},"query-input":{"@type":"PropertyValueSpecification","valueRequired":true,"valueName":"search_term_string"}}],"inLanguage":"pl-PL"},{"@type":"Organization","@id":"https:\/\/www-dev.absglobal.com\/pl\/#organization","name":"ABS Global Polska","url":"https:\/\/www-dev.absglobal.com\/pl\/","logo":{"@type":"ImageObject","inLanguage":"pl-PL","@id":"https:\/\/www-dev.absglobal.com\/pl\/#\/schema\/logo\/image\/","url":"https:\/\/www-dev.absglobal.com\/pl\/wp-content\/uploads\/sites\/29\/2020\/11\/cropped-ABS.png","contentUrl":"https:\/\/www-dev.absglobal.com\/pl\/wp-content\/uploads\/sites\/29\/2020\/11\/cropped-ABS.png","width":405,"height":405,"caption":"ABS  Global Polska"},"image":{"@id":"https:\/\/www-dev.absglobal.com\/pl\/#\/schema\/logo\/image\/"}}]}},"jetpack_sharing_enabled":true,"_links":{"self":[{"href":"https:\/\/www-dev.absglobal.com\/pl\/wp-json\/wp\/v2\/pages\/2096"}],"collection":[{"href":"https:\/\/www-dev.absglobal.com\/pl\/wp-json\/wp\/v2\/pages"}],"about":[{"href":"https:\/\/www-dev.absglobal.com\/pl\/wp-json\/wp\/v2\/types\/page"}],"author":[{"embeddable":true,"href":"https:\/\/www-dev.absglobal.com\/pl\/wp-json\/wp\/v2\/users\/289"}],"replies":[{"embeddable":true,"href":"https:\/\/www-dev.absglobal.com\/pl\/wp-json\/wp\/v2\/comments?post=2096"}],"version-history":[{"count":100,"href":"https:\/\/www-dev.absglobal.com\/pl\/wp-json\/wp\/v2\/pages\/2096\/revisions"}],"predecessor-version":[{"id":4371,"href":"https:\/\/www-dev.absglobal.com\/pl\/wp-json\/wp\/v2\/pages\/2096\/revisions\/4371"}],"wp:attachment":[{"href":"https:\/\/www-dev.absglobal.com\/pl\/wp-json\/wp\/v2\/media?parent=2096"}],"curies":[{"name":"wp","href":"https:\/\/api.w.org\/{rel}","templated":true}]}}