{"id":524,"date":"2019-09-23T20:01:24","date_gmt":"2019-09-24T01:01:24","guid":{"rendered":"https:\/\/cms.genusplc.com\/absglobal\/?page_id=524"},"modified":"2024-03-08T07:00:50","modified_gmt":"2024-03-08T12:00:50","slug":"genetic-solutions","status":"publish","type":"page","link":"https:\/\/www-dev.absglobal.com\/pl\/genetic-solutions\/","title":{"rendered":"Narz\u0119dzia Genetyczne"},"content":{"rendered":"\n<h2 class=\"has-text-align-center is-style-underline wp-block-heading\">Jak to dzia\u0142a?<\/h2>\n\n\n\n\t<section id=\"\" class=\"section-wrapper step-cards-block alignfull \" data-magellan-target=\"\">\n\t\t<h4 class=\"headline\">Zacznij od Audytu Genetycznego ABS<\/h4>\n<p>&nbsp;<\/p>\n\n\t\t\t\t\t<div class=\"steps-block-wrapper\">\n\t\t\t\t\t\t\t\t\t<button class=\"steps-block\">\n\t\t\t\t\t\t<div class=\"steps-block-inner\">\n\t\t\t\t\t\t\t\t\t\t\t\t\t<\/div>\n\t\t\t\t\t\t\t\t\t\t\t\t\t<h4 class=\"steps-block-label\">Step name here<\/h4>\n\t\t\t\t\t\t\t\t\t\t\t<\/button>\n\t\t\t\t\t\t\t\t\t\t\t<img decoding=\"async\" class=\"steps-block-divider-icon\" src=\"https:\/\/www-dev.absglobal.com\/pl\/wp-content\/themes\/abs\/dist\/assets\/img\/icons\/steps-divider-icon.svg\" inject-svg alt=\"Separator etapu procesu\">\n\t\t\t\t\t\t\t\t\t\t\t\t\t\t<button class=\"steps-block\">\n\t\t\t\t\t\t<div class=\"steps-block-inner\">\n\t\t\t\t\t\t\t\t\t\t\t\t\t<\/div>\n\t\t\t\t\t\t\t\t\t\t\t\t\t<h4 class=\"steps-block-label\">Step name here<\/h4>\n\t\t\t\t\t\t\t\t\t\t\t<\/button>\n\t\t\t\t\t\t\t\t\t\t\t<img decoding=\"async\" class=\"steps-block-divider-icon\" src=\"https:\/\/www-dev.absglobal.com\/pl\/wp-content\/themes\/abs\/dist\/assets\/img\/icons\/steps-divider-icon.svg\" inject-svg alt=\"Separator etapu procesu\">\n\t\t\t\t\t\t\t\t\t\t\t\t\t\t<button class=\"steps-block\">\n\t\t\t\t\t\t<div class=\"steps-block-inner\">\n\t\t\t\t\t\t\t\t\t\t\t\t\t<\/div>\n\t\t\t\t\t\t\t\t\t\t\t\t\t<h4 class=\"steps-block-label\">Step name here<\/h4>\n\t\t\t\t\t\t\t\t\t\t\t<\/button>\n\t\t\t\t\t\t\t\t\t\t\t\t<\/div>\n\t\t\t<\/section>\n\t\n\n\n<h2 class=\"has-text-align-center is-style-underline wp-block-heading\">Why Genomics with GMS2.0<\/h2>\n\n\n\t\t<section id=\"\" class=\"section-wrapper section-wrapper-narrow alignfull \" data-magellan-target=\"\">\n\t\t\t<article class=\"article\">\n\t\t\t\t<div class=\"selection-blocks grid-x grid-margin-x\">\n\t\t\t\t\t\t\t\t\t\t\t<a href=\"#\" class=\"cell small-12 medium-auto selection-block-card\">\n\t\t\t\t\t\t\t\n\t\t\t\t\t\t\t\t\t\t\t\t\t\t\t\t\t\t\t\t\t\t\t\t<div class=\"selection-block-card-content\">\n\t\t\t\t\t\t\t\t\t\t<h3 class=\"selection-block-title\">Benefit Title goes here<\/h3>\n\t\t\t\t\t\t\t\t\t\t<p class=\"selection-block-name\">short description goes here Lorem Ipsum is simply dummy text of the<\/p>\n\t\t\t\t\t\t\t\t\t<\/div>\n\t\t\t\t\t\t\t\t\t\t\t\t\t\t\t\t\t\t\t\t\t\t<\/a>\n\t\t\t\t\t\t\t\t\t\t\t<a href=\"#\" class=\"cell small-12 medium-auto selection-block-card\">\n\t\t\t\t\t\t\t\n\t\t\t\t\t\t\t\t\t\t\t\t\t\t\t\t\t\t\t\t\t\t\t\t<div class=\"selection-block-card-content\">\n\t\t\t\t\t\t\t\t\t\t<h3 class=\"selection-block-title\">Benefit Title goes here<\/h3>\n\t\t\t\t\t\t\t\t\t\t<p class=\"selection-block-name\">short description goes here Lorem Ipsum is simply dummy text of the<\/p>\n\t\t\t\t\t\t\t\t\t<\/div>\n\t\t\t\t\t\t\t\t\t\t\t\t\t\t\t\t\t\t\t\t\t\t<\/a>\n\t\t\t\t\t\t\t\t\t<\/div>\n\t\t\t<\/article>\n\t\t<\/section>\n\t\t\n\n\n\t<div id=\"\" class=\"section-wrapper background-light feature-cards-block alignfull \" data-magellan-target=\"\">\n\t\t<section class=\"section-wrapper\">\n\t\t\t\t\t\t\t<h2 class=\"section-title-main\">Farmer Benefits<\/h2>\n\t\t\t\t\t\t\t\t\t\t<div class=\"grid-x cards-section grid-margin-x small-up-1 medium-large-up-2\">\n\t\t\t\t\t\t\t\t\t\t\t<a href=\"# \" class=\"cell card card-feature\">\n\t\t\t\t\t\t\t\t\t\t\t\t\t\t<div class=\"card-section\">\n\t\t\t\t\t\t\t\t\t\t\t\t\t\t\t\t\t<h3 class=\"card-title\">Animals genomic values never become outdated<\/h3>\n\t\t\t\t\t\t\t\t\t\t\t\t\t\t\t\t\t\t\t\t\t\t\t\t\t<p class=\"card-description\">A New ABS Brand Encompassing All Proprietary Beef Breeding Long description goes here Lorem Ipsum is simply dummy text of the printing.<\/p>\n\t\t\t\t\t\t\t\t\t\t\t\t\t\t\t<\/div>\n\t\t\t\t\t\t<\/a>\n\t\t\t\t\t\t\t\t\t\t\t<a href=\"# \" class=\"cell card card-feature\">\n\t\t\t\t\t\t\t\t\t\t\t\t\t\t<div class=\"card-section\">\n\t\t\t\t\t\t\t\t\t\t\t\t\t\t\t\t\t<h3 class=\"card-title\">Genetics Strategy<\/h3>\n\t\t\t\t\t\t\t\t\t\t\t\t\t\t\t\t\t\t\t\t\t\t\t\t\t<p class=\"card-description\">A New ABS Brand Encompassing All Proprietary Beef Breeding Long description goes here Lorem Ipsum is simply dummy text of the printing.<\/p>\n\t\t\t\t\t\t\t\t\t\t\t\t\t\t\t<\/div>\n\t\t\t\t\t\t<\/a>\n\t\t\t\t\t\t\t\t\t<\/div>\n\t\t\t\t\t<\/section>\n\t<\/div>\n\n\t\n\n\n\t\t\t<section class=\"section-wrapper section-wrapper-narrow\">\n\t\t\t<article class=\"article\">\n\t\n\t\t\t<h2 class=\"section-title-main\">How We Measure Success<\/h2>\n\t\n\t\t\t\t\t<div class=\"grid-x  chart-grid\">\n\t\t\t\t\t\t<div class=\"cell small-12 medium-large-3 chart-grid-item \">\n\t\t\t\t\t\t\t\t\t\t\t\t\t<figcaption><h3>Reporting on Genetic progress<\/h3><\/figcaption>\n\t\t\t\t\t\t\t<\/div>\n\t\t\t\n\t\t\t\t\t\t<div class=\"cell small-12 medium-large-3 chart-grid-item \">\n\t\t\t\t\t\t\t\t\t\t\t\t\t<figcaption><h3>Semen Inventory<\/h3><\/figcaption>\n\t\t\t\t\t\t\t<\/div>\n\t\t\t\t\t\t\t<\/div>\n\t\t\t\n\t\t\t\t\t\t\t<div class=\"grid-x  chart-grid\">\n\t\t\t\t\t\t<div class=\"cell small-12 medium-large-3 chart-grid-item \">\n\t\t\t\t\t\t\t\t\t\t\t\t\t<figcaption><h3>Monitiring Inbreeding<\/h3><\/figcaption>\n\t\t\t\t\t\t\t<\/div>\n\t\t\t\n\t\t\t\t\t\t<div class=\"cell small-12 medium-large-3 chart-grid-item \">\n\t\t\t\t\t\t\t\t\t\t\t\t\t<figcaption><h3>Health &amp; Type Traits<\/h3><\/figcaption>\n\t\t\t\t\t\t\t<\/div>\n\t\t\t\t\t\t\t<\/div>\n\t\t\t\n\t\t\t\n\t\t\t\t<\/section>\n\t\t<\/article>\n\t\t\n\n\n\t\t\t<div class=\"section-wrapper background-light\">\n\t\t\t<section class=\"section-wrapper\">\n\t\n\t\t\t<h2 class=\"section-title-main\">GMS Metrics compared to others<\/h2>\n\t\n\t\t\t\t\t<div class=\"grid-x grid-margin-x chart-grid\">\n\t\t\t\t\t\t<div class=\"cell small-12 medium-large-6 card-chart\">\n\t\t\t\t\t\t\t\t\t\t\t\t\t<figcaption><h3>Reporting on Genetic progress<\/h3><\/figcaption>\n\t\t\t\t\t\t\t<\/div>\n\t\t\t\n\t\t\t\t\t\t<div class=\"cell small-12 medium-large-6 card-chart\">\n\t\t\t\t\t\t\t\t\t\t\t\t\t<figcaption><h3>Semen Inventory<\/h3><\/figcaption>\n\t\t\t\t\t\t\t<\/div>\n\t\t\t\t\t\t\t<\/div>\n\t\t\t\n\t\t\t\n\t\t\t\t<\/section>\n\t\t<\/div>\n\t\t\n\n\n<h2 class=\"has-text-align-center is-style-underline wp-block-heading\">Bull Search<\/h2>\n\n\n\t\t<section id=\"\" class=\"section-wrapper section-wrapper-narrow  \" data-magellan-target=\"\">\n\t\t\t<article class=\"article\">\n\t\t\t\t<div class=\"selection-blocks grid-x grid-margin-x\">\n\t\t\t\t\t\t\t\t\t\t\t<a href=\"#\" class=\"cell auto selection-block-item\">\n\t\t\t\t\t\t\t\n\t\t\t\t\t\t\t\t\t\t\t\t\t\t\t\t\t\t\t\t\t\t\t\t\t<h3 class=\"selection-block-name\">Dairy<\/h3>\n\t\t\t\t\t\t\t\t\t\t\t\t\t\t\t\t\t\t\t\t\t\t<\/a>\n\t\t\t\t\t\t\t\t\t\t\t<a href=\"#\" class=\"cell auto selection-block-item\">\n\t\t\t\t\t\t\t\n\t\t\t\t\t\t\t\t\t\t\t\t\t\t\t\t\t\t\t\t\t\t\t\t\t<h3 class=\"selection-block-name\">Beef<\/h3>\n\t\t\t\t\t\t\t\t\t\t\t\t\t\t\t\t\t\t\t\t\t\t<\/a>\n\t\t\t\t\t\t\t\t\t<\/div>\n\t\t\t<\/article>\n\t\t<\/section>\n\t\t\n\n\n<h2 class=\"has-text-align-center is-style-underline wp-block-heading\">Products<\/h2>\n\n\n\t\t<section id=\"\" class=\"alignfull section-wrapper section-wrapper-small-fluid block-product-slider\" data-magellan-target=\"\">\n\t\t\t<div class=\"carousel-card-section owl-carousel owl-theme\">\n\t\t\t\t\t\t\t\t\t\t<div class=\"card\">\n\t\t\t\t\t\t\t\t\t\t\t\t\t\t\t<img decoding=\"async\" class=\"card-img\" src=\"https:\/\/www-dev.absglobal.com\/pl\/wp-content\/uploads\/sites\/29\/2024\/03\/logo-GA.png?w=1024&#038;resize=375,250\" alt=\"Obraz wyrob\u00f3w medycznych\">\n\t\t\t\t\t\t\t\t\t\t\t\t\t\t<div class=\"card-section\">\n\t\t\t\t\t\t\t\t<h3 class=\"card-title\">GENEadvance\u00ae<\/h3>\n\t\t\t\t\t\t\t\t\t\t\t\t\t\t\t\t\t<p class=\"card-category\"><a href=\"https:\/\/www-dev.absglobal.com\/pl\/category\/genetics\/\">Genetyka<\/a><\/p>\n\t\t\t\t\t\t\t\t\t\t\t\t\t\t\t\t\t\t\t\t\t\t\t\t\t<p class=\"card-description\">Przyspiesz post\u0119p genetyczny stada Nasz\u0105 misj\u0105 w ABS jest pomoc w czerpaniu korzy\u015bci z post\u0119pu genetycznego. Dzi\u0119ki GENEadvance\u00ae mo\u017cesz spodziewa\u0107 si\u0119 poprawy genetycznej szybciej ni\u017c kiedykolwiek wcze\u015bniej. Czym jest GENEadvance\u00ae GENEadvance\u00ae przyspieszy popraw\u0119 genetyczn\u0105 w stadzie, aby zapewni\u0107 lepsz\u0105 wydajno\u015b\u0107 stada w przysz\u0142o\u015bci. Nasza us\u0142uga \u0142\u0105czy nasze do\u015bwiadczenie z najnowsz\u0105 technologi\u0105 genomiczn\u0105 i wiod\u0105c\u0105 na [&hellip;]<\/p>\n\t\t\t\t\t\t\t\t\n\t\t\t\t\t\t\t\t<a href=\"https:\/\/www-dev.absglobal.com\/pl\/Produkty\/geneadvance\/\" class=\"card-section-button button\">Dowiedz si\u0119 wi\u0119cej<\/a>\n\t\t\t\t\t\t\t<\/div>\n\t\t\t\t\t\t<\/div>\n\t\t\t\t\t\t\t\t\t\t\t\t<div class=\"card\">\n\t\t\t\t\t\t\t\t\t\t\t\t\t\t<div class=\"card-section\">\n\t\t\t\t\t\t\t\t<h3 class=\"card-title\">Icon Sires\u2122<\/h3>\n\t\t\t\t\t\t\t\t\t\t\t\t\t\t\t\t\t\t\t\t\t\t\t\t\t<p class=\"card-description\">Celem firmy ABS Global, Inc. (ABS) jest oferowanie klientom wyj\u0105tkowej jako\u015bci materia\u0142u genetycznego byd\u0142a, by umo\u017cliwi\u0107 im bardziej efektywn\u0105 produkcj\u0119 przydanego bia\u0142ka pochodzenia zwierz\u0119cego, w postaci mi\u0119sa i mleka. Chcemy inwestowa\u0107 znaczne \u015brodki w identyfikacj\u0119 genomiczn\u0105, rozw\u00f3j i marketing buhaj\u00f3w, kt\u00f3re naszym zdaniem s\u0105 w stanie przyczyni\u0107 si\u0119 do post\u0119pu genetycznego w Pa\u0144stwa stadzie. Chcemy [&hellip;]<\/p>\n\t\t\t\t\t\t\t\t\n\t\t\t\t\t\t\t\t<a href=\"https:\/\/www-dev.absglobal.com\/pl\/Produkty\/icon-sires\/\" class=\"card-section-button button\">Dowiedz si\u0119 wi\u0119cej<\/a>\n\t\t\t\t\t\t\t<\/div>\n\t\t\t\t\t\t<\/div>\n\t\t\t\t\t\t\t\t\t\t\t\t<div class=\"card\">\n\t\t\t\t\t\t\t\t\t\t\t\t\t\t\t<img decoding=\"async\" class=\"card-img\" src=\"https:\/\/www-dev.absglobal.com\/pl\/wp-content\/uploads\/sites\/29\/2020\/03\/product-nuera-2.jpg?w=1000&#038;resize=375,250\" alt=\"Obraz wyrob\u00f3w medycznych\">\n\t\t\t\t\t\t\t\t\t\t\t\t\t\t<div class=\"card-section\">\n\t\t\t\t\t\t\t\t<h3 class=\"card-title\">NuEra Genetics\u2122<\/h3>\n\t\t\t\t\t\t\t\t\t\t\t\t\t\t\t\t\t\t\t\t\t\t\t\t\t<p class=\"card-description\">NuEra Genetics\u2122 firmy ABS Global obejmuje wszystkie zastrze\u017cone programy hodowli byd\u0142a ras mi\u0119snych, oceny oraz indeksy dla nich stworzone. Marka zosta\u0142a stworzona w 2017 roku i ma za zadanie dostarcza\u0107 doskona\u0142\u0105 zr\u00f3\u017cnicowan\u0105 genetyk\u0119 buhaj\u00f3w ras mi\u0119snych w celu poprawy rentowno\u015bci produkcji mlecznej i mi\u0119snej byd\u0142a. NuEra Genetics symbolizuje kolejny rozdzia\u0142 w historii genetyki buhaj\u00f3w ras [&hellip;]<\/p>\n\t\t\t\t\t\t\t\t\n\t\t\t\t\t\t\t\t<a href=\"https:\/\/www-dev.absglobal.com\/pl\/Produkty\/nuera-genetics\/\" class=\"card-section-button button\">Dowiedz si\u0119 wi\u0119cej<\/a>\n\t\t\t\t\t\t\t<\/div>\n\t\t\t\t\t\t<\/div>\n\t\t\t\t\t\t\t\t\t\t\t\t<div class=\"card\">\n\t\t\t\t\t\t\t\t\t\t\t\t\t\t\t<img decoding=\"async\" class=\"card-img\" src=\"https:\/\/www-dev.absglobal.com\/pl\/wp-content\/uploads\/sites\/29\/2020\/03\/product-sexcel-2.jpg?w=1000&#038;resize=375,250\" alt=\"Obraz wyrob\u00f3w medycznych\">\n\t\t\t\t\t\t\t\t\t\t\t\t\t\t<div class=\"card-section\">\n\t\t\t\t\t\t\t\t<h3 class=\"card-title\">Sexcel\u00ae<\/h3>\n\t\t\t\t\t\t\t\t\t\t\t\t\t\t\t\t\t\t\t\t\t\t\t\t\t<p class=\"card-description\">Sexcel\u00ae Sexed Genetics- Ja\u0142\u00f3wki na remont stada od Twoich najlepszych kr\u00f3w Samo nasienie nie wnosi \u017cadnej warto\u015bci dla hodowcy byd\u0142a mlecznego chyba, \u017ce ciel\u0119 b\u0119dzie p\u0142ci \u017ce\u0144skiej. Tylko zdrowa ja\u0142\u00f3wka jest gwarancj\u0105 uzyskania post\u0119pu genetycznego i w\u0142a\u015bnie w tym ukryta jest warto\u015b\u0107. W czasach, gdy wydajno\u015b\u0107 ma kluczowe znaczenie dla ferm mlecznych, producenci musz\u0105 zmniejsza\u0107 [&hellip;]<\/p>\n\t\t\t\t\t\t\t\t\n\t\t\t\t\t\t\t\t<a href=\"https:\/\/www-dev.absglobal.com\/pl\/Produkty\/sexcel\/\" class=\"card-section-button button\">Dowiedz si\u0119 wi\u0119cej<\/a>\n\t\t\t\t\t\t\t<\/div>\n\t\t\t\t\t\t<\/div>\n\t\t\t\t\t\t\t\t\t\t\t\t<div class=\"card\">\n\t\t\t\t\t\t\t\t\t\t\t\t\t\t\t<img decoding=\"async\" class=\"card-img\" src=\"https:\/\/www-dev.absglobal.com\/pl\/wp-content\/uploads\/sites\/29\/2020\/02\/beef-infocus-product-page2.jpg?w=1000&#038;resize=375,250\" alt=\"Obraz wyrob\u00f3w medycznych\">\n\t\t\t\t\t\t\t\t\t\t\t\t\t\t<div class=\"card-section\">\n\t\t\t\t\t\t\t\t<h3 class=\"card-title\">Beef InFocus\u2122<\/h3>\n\t\t\t\t\t\t\t\t\t\t\t\t\t\t\t\t\t\t\t\t\t\t\t\t\t<p class=\"card-description\">Beef InFocus\u2122 &#8211; nasienie buhaj\u00f3w ras mi\u0119snych w stadzie kr\u00f3w mlecznych Genetyka ras mi\u0119snych dedykowana rasom mlecznym Buhaje Beef InFocus\u2122 s\u0105 specjalnie tworzone lub wybierane dla kr\u00f3w mlecznych, aby zmaksymalizowa\u0107 op\u0142acalno\u015b\u0107 \u0142a\u0144cucha dostaw mleka i wo\u0142owiny. NuEra Genetics\u2122 to globalna marka ABS odpowiedzialna za Beef InFocus\u2122 i rozw\u00f3j \u017ar\u00f3d\u0142a elitarnych buhaj\u00f3w. Wszystkie buhaje, w tym [&hellip;]<\/p>\n\t\t\t\t\t\t\t\t\n\t\t\t\t\t\t\t\t<a href=\"https:\/\/www-dev.absglobal.com\/pl\/Produkty\/beef-infocus\/\" class=\"card-section-button button\">Dowiedz si\u0119 wi\u0119cej<\/a>\n\t\t\t\t\t\t\t<\/div>\n\t\t\t\t\t\t<\/div>\n\t\t\t\t\t\t\t\t\t\t\t\t<div class=\"card\">\n\t\t\t\t\t\t\t\t\t\t\t\t\t\t\t<img decoding=\"async\" class=\"card-img\" src=\"https:\/\/www-dev.absglobal.com\/pl\/wp-content\/uploads\/sites\/29\/2020\/02\/product-de-novo.jpg?w=1000&#038;resize=375,250\" alt=\"Obraz wyrob\u00f3w medycznych\">\n\t\t\t\t\t\t\t\t\t\t\t\t\t\t<div class=\"card-section\">\n\t\t\t\t\t\t\t\t<h3 class=\"card-title\">De Novo Genetics<\/h3>\n\t\t\t\t\t\t\t\t\t\t\t\t\t\t\t\t\t\t\t\t\t\t\t\t\t<p class=\"card-description\">Zwi\u0119kszenie Produktywno\u015bci Stada i Zysk\u00f3w Klient\u00f3w De Novo Genetics ma jasn\u0105 misj\u0119: rozwija\u0107 elitarn\u0105 i zr\u00f3\u017cnicowan\u0105 genetyk\u0119 Holsztyna dla klient\u00f3w ABS na ca\u0142ym \u015bwiecie. Pocz\u0105wszy od 2016 roku, ABS Global stworzy\u0142 t\u0105 sp\u00f3\u0142k\u0119 z De-Su Holsteins, kt\u00f3ry jest wiod\u0105cym niezale\u017cnym hodowc\u0105 w Ameryce P\u00f3\u0142nocnej, producentem buhaj\u00f3w z wysokim indeksem NM$ i TPI. Zesp\u00f3\u0142 De Novo [&hellip;]<\/p>\n\t\t\t\t\t\t\t\t\n\t\t\t\t\t\t\t\t<a href=\"https:\/\/www-dev.absglobal.com\/pl\/Produkty\/de-novo-genetics\/\" class=\"card-section-button button\">Dowiedz si\u0119 wi\u0119cej<\/a>\n\t\t\t\t\t\t\t<\/div>\n\t\t\t\t\t\t<\/div>\n\t\t\t\t\t\t\t\t\t\t\t\t<div class=\"card\">\n\t\t\t\t\t\t\t\t\t\t\t\t\t\t\t<img decoding=\"async\" class=\"card-img\" src=\"https:\/\/www-dev.absglobal.com\/pl\/wp-content\/uploads\/sites\/29\/2020\/03\/product-Transitionright-3.jpg?w=1000&#038;resize=375,250\" alt=\"Obraz wyrob\u00f3w medycznych\">\n\t\t\t\t\t\t\t\t\t\t\t\t\t\t<div class=\"card-section\">\n\t\t\t\t\t\t\t\t<h3 class=\"card-title\">TransitionRight\u00ae<\/h3>\n\t\t\t\t\t\t\t\t\t\t\t\t\t\t\t\t\t\t\t\t\t\t\t\t\t<p class=\"card-description\">Zamiast Reagowa\u0107, Zapobiegaj Poprzez Genetyk\u0119. Choroby okresu przej\u015bciowego odbijaj\u0105 si\u0119 na Twoim czasie, pieni\u0105dzach i wydajno\u015bci stada. Dzi\u015b jednak mo\u017cliwe jest zmniejszenie ryzyka dzi\u0119ki ulepszonemu indeksowi TransitionRight\u00ae firmy ABS Global. ABS Global, \u015bwiatowy lider w dziedzinie genetyki byd\u0142a, us\u0142ug rozrodu i technologii, wykorzystuje udoskonalony program genetyczny, kt\u00f3ry ocenia zar\u00f3wno sprawdzone dane, jak i oceny genomiczne [&hellip;]<\/p>\n\t\t\t\t\t\t\t\t\n\t\t\t\t\t\t\t\t<a href=\"https:\/\/www-dev.absglobal.com\/pl\/Produkty\/transitionright\/\" class=\"card-section-button button\">Dowiedz si\u0119 wi\u0119cej<\/a>\n\t\t\t\t\t\t\t<\/div>\n\t\t\t\t\t\t<\/div>\n\t\t\t\t\t\t\t\t\t\t\t\t<div class=\"card\">\n\t\t\t\t\t\t\t\t\t\t\t\t\t\t\t<img decoding=\"async\" class=\"card-img\" src=\"https:\/\/www-dev.absglobal.com\/pl\/wp-content\/uploads\/sites\/29\/2020\/02\/product-gms-2.jpg?w=1000&#038;resize=375,250\" alt=\"Obraz wyrob\u00f3w medycznych\">\n\t\t\t\t\t\t\t\t\t\t\t\t\t\t<div class=\"card-section\">\n\t\t\t\t\t\t\t\t<h3 class=\"card-title\">GMS 2.0<\/h3>\n\t\t\t\t\t\t\t\t\t\t\t\t\t\t\t\t\t\t\t\t\t\t\t\t\t<p class=\"card-description\">Genetyka wci\u0105\u017c &#8220;idzie&#8221; do przodu, wi\u0119c program do kojarze\u0144 r\u00f3wnie\u017c. Meet Genetic Management System\u00ae (GMS\u00ae) 2.0- innowacyjny, przeprojektowany program kojarze\u0144, zbudowany z my\u015bl\u0105 o Twoich unikalnych celach. Wprowadzony w 2016 r., program GMS 2.0 oferuje obiektywny dob\u00f3r zwierz\u0105t do kojarze\u0144, oparty na ekonomicznie wa\u017cnych cechach produkcyjnych, zdrowotnych i cechach pokroju. W rezultacie otrzymasz d\u0142ugowieczne, dochodowe [&hellip;]<\/p>\n\t\t\t\t\t\t\t\t\n\t\t\t\t\t\t\t\t<a href=\"https:\/\/www-dev.absglobal.com\/pl\/Produkty\/gms\/\" class=\"card-section-button button\">Dowiedz si\u0119 wi\u0119cej<\/a>\n\t\t\t\t\t\t\t<\/div>\n\t\t\t\t\t\t<\/div>\n\t\t\t\t\t\t\t\t\t\t\t\t<div class=\"card\">\n\t\t\t\t\t\t\t\t\t\t\t\t\t\t\t<img decoding=\"async\" class=\"card-img\" src=\"https:\/\/www-dev.absglobal.com\/pl\/wp-content\/uploads\/sites\/29\/2020\/02\/product-genetic-audit-1.jpg?w=1000&#038;resize=375,250\" alt=\"Obraz wyrob\u00f3w medycznych\">\n\t\t\t\t\t\t\t\t\t\t\t\t\t\t<div class=\"card-section\">\n\t\t\t\t\t\t\t\t<h3 class=\"card-title\">Audyt Genetyczny<\/h3>\n\t\t\t\t\t\t\t\t\t\t\t\t\t\t\t\t\t\t\t\t\t\t\t\t\t<p class=\"card-description\">Najnowsze narz\u0119dzie w portfolio us\u0142ug genetycznych- audyt genetyczny ABS- doskonale uzupe\u0142nia program kojarze\u0144 GMS 2.0, aby uzyska\u0107 jak najlepsze wyniki z dokonanych inwestycji genetycznych. Coroczny audyt zapewnia dok\u0142adny przegl\u0105d genetyki stada i potencja\u0142u stada. Dzi\u0119ki znajomo\u015bci poziomu bazowego, mo\u017cesz dokonywa\u0107 przysz\u0142ych por\u00f3wna\u0144 i zobaczy\u0107 genetyk\u0119 &#8220;w akcji&#8221;, jak nigdy wcze\u015bniej. Jak to dzia\u0142a? Nasz audyt [&hellip;]<\/p>\n\t\t\t\t\t\t\t\t\n\t\t\t\t\t\t\t\t<a href=\"https:\/\/www-dev.absglobal.com\/pl\/Produkty\/genetic-review\/\" class=\"card-section-button button\">Dowiedz si\u0119 wi\u0119cej<\/a>\n\t\t\t\t\t\t\t<\/div>\n\t\t\t\t\t\t<\/div>\n\t\t\t\t\t\t\t\t\t<\/div>\n\t\t<\/section>\n\t\t","protected":false},"excerpt":{"rendered":"<p>Jak to dzia\u0142a? Why Genomics with GMS2.0 Bull Search Products<\/p>\n","protected":false},"author":10,"featured_media":0,"parent":0,"menu_order":0,"comment_status":"closed","ping_status":"closed","template":"","meta":{"_acf_changed":false,"footnotes":""},"class_list":["post-524","page","type-page","status-publish","hentry"],"acf":[],"yoast_head":"<!-- This site is optimized with the Yoast SEO Premium plugin v22.1 (Yoast SEO v25.3) - https:\/\/yoast.com\/wordpress\/plugins\/seo\/ -->\n<title>Narz\u0119dzia Genetyczne - ABS Global Polska<\/title>\n<meta name=\"robots\" content=\"index, follow, max-snippet:-1, max-image-preview:large, max-video-preview:-1\" \/>\n<link rel=\"canonical\" href=\"https:\/\/www-dev.absglobal.com\/pl\/genetic-solutions\/\" \/>\n<meta property=\"og:locale\" content=\"pl_PL\" \/>\n<meta property=\"og:type\" content=\"article\" \/>\n<meta property=\"og:title\" content=\"Narz\u0119dzia Genetyczne\" \/>\n<meta property=\"og:description\" content=\"Jak to dzia\u0142a? Why Genomics with GMS2.0 Bull Search Products\" \/>\n<meta property=\"og:url\" content=\"https:\/\/www-dev.absglobal.com\/pl\/genetic-solutions\/\" \/>\n<meta property=\"og:site_name\" content=\"ABS Global Polska\" \/>\n<meta property=\"article:modified_time\" content=\"2024-03-08T12:00:50+00:00\" \/>\n<meta name=\"twitter:card\" content=\"summary_large_image\" \/>\n<meta name=\"twitter:label1\" content=\"Est. reading time\" \/>\n\t<meta name=\"twitter:data1\" content=\"1 minuta\" \/>\n<script type=\"application\/ld+json\" class=\"yoast-schema-graph\">{\"@context\":\"https:\/\/schema.org\",\"@graph\":[{\"@type\":\"WebPage\",\"@id\":\"https:\/\/www-dev.absglobal.com\/pl\/genetic-solutions\/\",\"url\":\"https:\/\/www-dev.absglobal.com\/pl\/genetic-solutions\/\",\"name\":\"Narz\u0119dzia Genetyczne - ABS Global Polska\",\"isPartOf\":{\"@id\":\"https:\/\/www-dev.absglobal.com\/pl\/#website\"},\"datePublished\":\"2019-09-24T01:01:24+00:00\",\"dateModified\":\"2024-03-08T12:00:50+00:00\",\"breadcrumb\":{\"@id\":\"https:\/\/www-dev.absglobal.com\/pl\/genetic-solutions\/#breadcrumb\"},\"inLanguage\":\"pl-PL\",\"potentialAction\":[{\"@type\":\"ReadAction\",\"target\":[\"https:\/\/www-dev.absglobal.com\/pl\/genetic-solutions\/\"]}]},{\"@type\":\"BreadcrumbList\",\"@id\":\"https:\/\/www-dev.absglobal.com\/pl\/genetic-solutions\/#breadcrumb\",\"itemListElement\":[{\"@type\":\"ListItem\",\"position\":1,\"name\":\"Home\",\"item\":\"https:\/\/www-dev.absglobal.com\/pl\/\"},{\"@type\":\"ListItem\",\"position\":2,\"name\":\"Narz\u0119dzia Genetyczne\"}]},{\"@type\":\"WebSite\",\"@id\":\"https:\/\/www-dev.absglobal.com\/pl\/#website\",\"url\":\"https:\/\/www-dev.absglobal.com\/pl\/\",\"name\":\"ABS Global Polska\",\"description\":\"Profit From Genetic Progress\",\"publisher\":{\"@id\":\"https:\/\/www-dev.absglobal.com\/pl\/#organization\"},\"potentialAction\":[{\"@type\":\"SearchAction\",\"target\":{\"@type\":\"EntryPoint\",\"urlTemplate\":\"https:\/\/www-dev.absglobal.com\/pl\/?s={search_term_string}\"},\"query-input\":{\"@type\":\"PropertyValueSpecification\",\"valueRequired\":true,\"valueName\":\"search_term_string\"}}],\"inLanguage\":\"pl-PL\"},{\"@type\":\"Organization\",\"@id\":\"https:\/\/www-dev.absglobal.com\/pl\/#organization\",\"name\":\"ABS Global Polska\",\"url\":\"https:\/\/www-dev.absglobal.com\/pl\/\",\"logo\":{\"@type\":\"ImageObject\",\"inLanguage\":\"pl-PL\",\"@id\":\"https:\/\/www-dev.absglobal.com\/pl\/#\/schema\/logo\/image\/\",\"url\":\"https:\/\/www-dev.absglobal.com\/pl\/wp-content\/uploads\/sites\/29\/2020\/11\/cropped-ABS.png\",\"contentUrl\":\"https:\/\/www-dev.absglobal.com\/pl\/wp-content\/uploads\/sites\/29\/2020\/11\/cropped-ABS.png\",\"width\":405,\"height\":405,\"caption\":\"ABS  Global Polska\"},\"image\":{\"@id\":\"https:\/\/www-dev.absglobal.com\/pl\/#\/schema\/logo\/image\/\"}}]}<\/script>\n<!-- \/ Yoast SEO Premium plugin. -->","yoast_head_json":{"title":"Narz\u0119dzia Genetyczne - ABS Global Polska","robots":{"index":"index","follow":"follow","max-snippet":"max-snippet:-1","max-image-preview":"max-image-preview:large","max-video-preview":"max-video-preview:-1"},"canonical":"https:\/\/www-dev.absglobal.com\/pl\/genetic-solutions\/","og_locale":"pl_PL","og_type":"article","og_title":"Narz\u0119dzia Genetyczne","og_description":"Jak to dzia\u0142a? Why Genomics with GMS2.0 Bull Search Products","og_url":"https:\/\/www-dev.absglobal.com\/pl\/genetic-solutions\/","og_site_name":"ABS Global Polska","article_modified_time":"2024-03-08T12:00:50+00:00","twitter_card":"summary_large_image","twitter_misc":{"Est. reading time":"1 minuta"},"schema":{"@context":"https:\/\/schema.org","@graph":[{"@type":"WebPage","@id":"https:\/\/www-dev.absglobal.com\/pl\/genetic-solutions\/","url":"https:\/\/www-dev.absglobal.com\/pl\/genetic-solutions\/","name":"Narz\u0119dzia Genetyczne - ABS Global Polska","isPartOf":{"@id":"https:\/\/www-dev.absglobal.com\/pl\/#website"},"datePublished":"2019-09-24T01:01:24+00:00","dateModified":"2024-03-08T12:00:50+00:00","breadcrumb":{"@id":"https:\/\/www-dev.absglobal.com\/pl\/genetic-solutions\/#breadcrumb"},"inLanguage":"pl-PL","potentialAction":[{"@type":"ReadAction","target":["https:\/\/www-dev.absglobal.com\/pl\/genetic-solutions\/"]}]},{"@type":"BreadcrumbList","@id":"https:\/\/www-dev.absglobal.com\/pl\/genetic-solutions\/#breadcrumb","itemListElement":[{"@type":"ListItem","position":1,"name":"Home","item":"https:\/\/www-dev.absglobal.com\/pl\/"},{"@type":"ListItem","position":2,"name":"Narz\u0119dzia Genetyczne"}]},{"@type":"WebSite","@id":"https:\/\/www-dev.absglobal.com\/pl\/#website","url":"https:\/\/www-dev.absglobal.com\/pl\/","name":"ABS Global Polska","description":"Profit From Genetic Progress","publisher":{"@id":"https:\/\/www-dev.absglobal.com\/pl\/#organization"},"potentialAction":[{"@type":"SearchAction","target":{"@type":"EntryPoint","urlTemplate":"https:\/\/www-dev.absglobal.com\/pl\/?s={search_term_string}"},"query-input":{"@type":"PropertyValueSpecification","valueRequired":true,"valueName":"search_term_string"}}],"inLanguage":"pl-PL"},{"@type":"Organization","@id":"https:\/\/www-dev.absglobal.com\/pl\/#organization","name":"ABS Global Polska","url":"https:\/\/www-dev.absglobal.com\/pl\/","logo":{"@type":"ImageObject","inLanguage":"pl-PL","@id":"https:\/\/www-dev.absglobal.com\/pl\/#\/schema\/logo\/image\/","url":"https:\/\/www-dev.absglobal.com\/pl\/wp-content\/uploads\/sites\/29\/2020\/11\/cropped-ABS.png","contentUrl":"https:\/\/www-dev.absglobal.com\/pl\/wp-content\/uploads\/sites\/29\/2020\/11\/cropped-ABS.png","width":405,"height":405,"caption":"ABS  Global Polska"},"image":{"@id":"https:\/\/www-dev.absglobal.com\/pl\/#\/schema\/logo\/image\/"}}]}},"jetpack_sharing_enabled":true,"_links":{"self":[{"href":"https:\/\/www-dev.absglobal.com\/pl\/wp-json\/wp\/v2\/pages\/524"}],"collection":[{"href":"https:\/\/www-dev.absglobal.com\/pl\/wp-json\/wp\/v2\/pages"}],"about":[{"href":"https:\/\/www-dev.absglobal.com\/pl\/wp-json\/wp\/v2\/types\/page"}],"author":[{"embeddable":true,"href":"https:\/\/www-dev.absglobal.com\/pl\/wp-json\/wp\/v2\/users\/10"}],"replies":[{"embeddable":true,"href":"https:\/\/www-dev.absglobal.com\/pl\/wp-json\/wp\/v2\/comments?post=524"}],"version-history":[{"count":37,"href":"https:\/\/www-dev.absglobal.com\/pl\/wp-json\/wp\/v2\/pages\/524\/revisions"}],"predecessor-version":[{"id":4855,"href":"https:\/\/www-dev.absglobal.com\/pl\/wp-json\/wp\/v2\/pages\/524\/revisions\/4855"}],"wp:attachment":[{"href":"https:\/\/www-dev.absglobal.com\/pl\/wp-json\/wp\/v2\/media?parent=524"}],"curies":[{"name":"wp","href":"https:\/\/api.w.org\/{rel}","templated":true}]}}